{"id":73742,"date":"2025-05-15T07:07:52","date_gmt":"2025-05-15T11:07:52","guid":{"rendered":"https:\/\/druidebio.com\/?post_type=product&#038;p=73742"},"modified":"2025-05-15T07:09:39","modified_gmt":"2025-05-15T11:09:39","slug":"lensemble-randonneur-ecotrail","status":"publish","type":"product","link":"https:\/\/druidebio.com\/fr\/produit\/lensemble-randonneur-ecotrail\/","title":{"rendered":"L\u2019Ensemble Randonneur EcoTrail"},"content":{"rendered":"<h2>Voyagez L\u00e9ger, Explorez Libre : Le Kit Randonneur EcoTrail pour l\u2019Aventure<\/h2>\n<p>Id\u00e9ale pour les randonn\u00e9es d&rsquo;une journ\u00e9e, les escapades de fin de semaine ou les festivals en plein air, L\u2019Ensemble Randonneur EcoTrail vous offre la libert\u00e9 d&rsquo;explorer en toute tranquillit\u00e9. Riche en ingr\u00e9dients purs et compactes, cette trousse est con\u00e7ue pour vous offrir une performance maximale pour la vie en plein air. Les articles inclus dans cette trousse ont \u00e9t\u00e9 soigneusement s\u00e9lectionn\u00e9s pour les amateurs de plein air qui recherchent le confort et la protection tout en respectant l&rsquo;environnement.<\/p>\n<p><strong>Articles inclus :<\/strong><\/p>\n<ul>\n<li class=\"bullet-arrow\"><a href=\"https:\/\/druidebio.com\/fr\/produit\/chasse-insectes-ecotrail\/\">Chasse-Insectes \u00c9cotrail<\/a><\/li>\n<li class=\"bullet-arrow\"><a href=\"https:\/\/druidebio.com\/fr\/produit\/anti-sudorifique-bio-ecotrail\/\">Anti-Sudorifique Bio \u00c9cotrail<\/a><\/li>\n<li class=\"bullet-arrow\"><a href=\"https:\/\/druidebio.com\/fr\/produit\/savon-multi-usages-ecotrail-60ml\/\">Savon Multi-Usages \u00c9cotrail (60ml)<\/a><\/li>\n<li class=\"bullet-arrow\"><a href=\"https:\/\/druidebio.com\/fr\/produit\/soin-apres-piqures-ecotrail\/\">Soin Apr\u00e8s-Piq\u00fbres \u00c9cotrail<\/a><\/li>\n<\/ul>\n","protected":false},"excerpt":{"rendered":"<p>Restez frais et prot\u00e9g\u00e9 lors de tous vos voyages gr\u00e2ce \u00e0 la trousse Ecotrail Hiker des Laboratoires Druide. Cette trousse l\u00e9g\u00e8re et pratique est con\u00e7ue pour vous garder frais, confortable et \u00e0 l&rsquo;abri des piq\u00fbres, peu importe o\u00f9 la nature vous m\u00e8ne.<\/p>\n","protected":false},"featured_media":77798,"comment_status":"open","ping_status":"closed","template":"","meta":[],"product_brand":[],"product_cat":[124,102,97,123],"product_tag":[],"giftcard-category":[],"class_list":{"0":"post-73742","1":"product","2":"type-product","3":"status-publish","4":"has-post-thumbnail","6":"product_cat-chasse-insectes","7":"product_cat-druide-ecotrail-fr","8":"product_cat-plein-air","9":"product_cat-ventes-offres","11":"first","12":"instock","13":"taxable","14":"shipping-taxable","15":"purchasable","16":"product-type-simple"},"yoast_head":"<!-- This site is optimized with the Yoast SEO plugin v27.1.1 - https:\/\/yoast.com\/product\/yoast-seo-wordpress\/ -->\n<title>L\u2019Ensemble Randonneur EcoTrail | Laboratoires Druide\u00ae | Bio For Life<\/title>\n<meta name=\"description\" content=\"Trousse de soins \u00e9cologiques pour l&#039;ext\u00e9rieur contenant un insectifuge naturel, un antisudorifique sans aluminium et un savon tout usage pour la randonn\u00e9e, le camping et les voyages.\" \/>\n<meta name=\"robots\" content=\"index, follow, max-snippet:-1, max-image-preview:large, max-video-preview:-1\" \/>\n<link rel=\"canonical\" href=\"https:\/\/druidebio.com\/fr\/produit\/lensemble-randonneur-ecotrail\/\" \/>\n<meta property=\"og:locale\" content=\"fr_FR\" \/>\n<meta property=\"og:type\" content=\"article\" \/>\n<meta property=\"og:title\" content=\"L\u2019Ensemble Randonneur EcoTrail | Laboratoires Druide\u00ae | Bio For Life\" \/>\n<meta property=\"og:description\" content=\"Trousse de soins \u00e9cologiques pour l&#039;ext\u00e9rieur contenant un insectifuge naturel, un antisudorifique sans aluminium et un savon tout usage pour la randonn\u00e9e, le camping et les voyages.\" \/>\n<meta property=\"og:url\" content=\"https:\/\/druidebio.com\/fr\/produit\/lensemble-randonneur-ecotrail\/\" \/>\n<meta property=\"og:site_name\" content=\"Laboratoires Druide\u00ae | Bio For Life\" \/>\n<meta property=\"article:publisher\" content=\"https:\/\/www.facebook.com\/infodruide\" \/>\n<meta property=\"article:modified_time\" content=\"2025-05-15T11:09:39+00:00\" \/>\n<meta property=\"og:image\" content=\"https:\/\/druidebio.com\/wp-content\/uploads\/2025\/05\/D-46454_Hiker-kit.jpg\" \/>\n\t<meta property=\"og:image:width\" content=\"1200\" \/>\n\t<meta property=\"og:image:height\" content=\"1200\" \/>\n\t<meta property=\"og:image:type\" content=\"image\/jpeg\" \/>\n<meta name=\"twitter:card\" content=\"summary_large_image\" \/>\n<script type=\"application\/ld+json\" class=\"yoast-schema-graph\">{\"@context\":\"https:\/\/schema.org\",\"@graph\":[{\"@type\":[\"WebPage\",\"ItemPage\"],\"@id\":\"https:\/\/druidebio.com\/fr\/produit\/lensemble-randonneur-ecotrail\/\",\"url\":\"https:\/\/druidebio.com\/fr\/produit\/lensemble-randonneur-ecotrail\/\",\"name\":\"L\u2019Ensemble Randonneur EcoTrail | Laboratoires Druide\u00ae | Bio For Life\",\"isPartOf\":{\"@id\":\"https:\/\/druidebio.com\/fr\/#website\"},\"primaryImageOfPage\":{\"@id\":\"https:\/\/druidebio.com\/fr\/produit\/lensemble-randonneur-ecotrail\/#primaryimage\"},\"image\":{\"@id\":\"https:\/\/druidebio.com\/fr\/produit\/lensemble-randonneur-ecotrail\/#primaryimage\"},\"thumbnailUrl\":\"https:\/\/druidebio.com\/wp-content\/uploads\/2025\/05\/The-Ecotrail-Hiker-Kit.jpg\",\"datePublished\":\"2025-05-15T11:07:52+00:00\",\"dateModified\":\"2025-05-15T11:09:39+00:00\",\"description\":\"Trousse de soins \u00e9cologiques pour l'ext\u00e9rieur contenant un insectifuge naturel, un antisudorifique sans aluminium et un savon tout usage pour la randonn\u00e9e, le camping et les voyages.\",\"breadcrumb\":{\"@id\":\"https:\/\/druidebio.com\/fr\/produit\/lensemble-randonneur-ecotrail\/#breadcrumb\"},\"inLanguage\":\"fr-FR\",\"potentialAction\":[{\"@type\":\"ReadAction\",\"target\":[\"https:\/\/druidebio.com\/fr\/produit\/lensemble-randonneur-ecotrail\/\"]}]},{\"@type\":\"ImageObject\",\"inLanguage\":\"fr-FR\",\"@id\":\"https:\/\/druidebio.com\/fr\/produit\/lensemble-randonneur-ecotrail\/#primaryimage\",\"url\":\"https:\/\/druidebio.com\/wp-content\/uploads\/2025\/05\/The-Ecotrail-Hiker-Kit.jpg\",\"contentUrl\":\"https:\/\/druidebio.com\/wp-content\/uploads\/2025\/05\/The-Ecotrail-Hiker-Kit.jpg\",\"width\":1200,\"height\":1200,\"caption\":\"L\u2019Ensemble Randonneur EcoTrail\"},{\"@type\":\"BreadcrumbList\",\"@id\":\"https:\/\/druidebio.com\/fr\/produit\/lensemble-randonneur-ecotrail\/#breadcrumb\",\"itemListElement\":[{\"@type\":\"ListItem\",\"position\":1,\"name\":\"Home\",\"item\":\"https:\/\/druidebio.com\/fr\/\"},{\"@type\":\"ListItem\",\"position\":2,\"name\":\"Boutique\",\"item\":\"https:\/\/druidebio.com\/fr\/boutique\/\"},{\"@type\":\"ListItem\",\"position\":3,\"name\":\"L\u2019Ensemble Randonneur EcoTrail\"}]},{\"@type\":\"WebSite\",\"@id\":\"https:\/\/druidebio.com\/fr\/#website\",\"url\":\"https:\/\/druidebio.com\/fr\/\",\"name\":\"Laboratoires Druide\u00ae | Bio For Life\",\"description\":\"Natural and Organic Products. ECOCERT\u00ae Certified.\",\"publisher\":{\"@id\":\"https:\/\/druidebio.com\/fr\/#organization\"},\"alternateName\":\"Druide\",\"potentialAction\":[{\"@type\":\"SearchAction\",\"target\":{\"@type\":\"EntryPoint\",\"urlTemplate\":\"https:\/\/druidebio.com\/fr\/?s={search_term_string}\"},\"query-input\":{\"@type\":\"PropertyValueSpecification\",\"valueRequired\":true,\"valueName\":\"search_term_string\"}}],\"inLanguage\":\"fr-FR\"},{\"@type\":\"Organization\",\"@id\":\"https:\/\/druidebio.com\/fr\/#organization\",\"name\":\"Druide\",\"alternateName\":\"Laboratoires Druide\",\"url\":\"https:\/\/druidebio.com\/fr\/\",\"logo\":{\"@type\":\"ImageObject\",\"inLanguage\":\"fr-FR\",\"@id\":\"https:\/\/druidebio.com\/fr\/#\/schema\/logo\/image\/\",\"url\":\"https:\/\/druidebio.com\/wp-content\/uploads\/2022\/08\/logo-fav.png\",\"contentUrl\":\"https:\/\/druidebio.com\/wp-content\/uploads\/2022\/08\/logo-fav.png\",\"width\":512,\"height\":512,\"caption\":\"Druide\"},\"image\":{\"@id\":\"https:\/\/druidebio.com\/fr\/#\/schema\/logo\/image\/\"},\"sameAs\":[\"https:\/\/www.facebook.com\/infodruide\",\"https:\/\/www.instagram.com\/druidebio\/\",\"https:\/\/www.pinterest.ca\/DruideBioCanada\/\",\"https:\/\/www.youtube.com\/user\/DRUIDECANADA\"]}]}<\/script>\n<!-- \/ Yoast SEO plugin. -->","yoast_head_json":{"title":"L\u2019Ensemble Randonneur EcoTrail | Laboratoires Druide\u00ae | Bio For Life","description":"Trousse de soins \u00e9cologiques pour l'ext\u00e9rieur contenant un insectifuge naturel, un antisudorifique sans aluminium et un savon tout usage pour la randonn\u00e9e, le camping et les voyages.","robots":{"index":"index","follow":"follow","max-snippet":"max-snippet:-1","max-image-preview":"max-image-preview:large","max-video-preview":"max-video-preview:-1"},"canonical":"https:\/\/druidebio.com\/fr\/produit\/lensemble-randonneur-ecotrail\/","og_locale":"fr_FR","og_type":"article","og_title":"L\u2019Ensemble Randonneur EcoTrail | Laboratoires Druide\u00ae | Bio For Life","og_description":"Trousse de soins \u00e9cologiques pour l'ext\u00e9rieur contenant un insectifuge naturel, un antisudorifique sans aluminium et un savon tout usage pour la randonn\u00e9e, le camping et les voyages.","og_url":"https:\/\/druidebio.com\/fr\/produit\/lensemble-randonneur-ecotrail\/","og_site_name":"Laboratoires Druide\u00ae | Bio For Life","article_publisher":"https:\/\/www.facebook.com\/infodruide","article_modified_time":"2025-05-15T11:09:39+00:00","og_image":[{"width":1200,"height":1200,"url":"https:\/\/druidebio.com\/wp-content\/uploads\/2025\/05\/D-46454_Hiker-kit.jpg","type":"image\/jpeg"}],"twitter_card":"summary_large_image","schema":{"@context":"https:\/\/schema.org","@graph":[{"@type":["WebPage","ItemPage"],"@id":"https:\/\/druidebio.com\/fr\/produit\/lensemble-randonneur-ecotrail\/","url":"https:\/\/druidebio.com\/fr\/produit\/lensemble-randonneur-ecotrail\/","name":"L\u2019Ensemble Randonneur EcoTrail | Laboratoires Druide\u00ae | Bio For Life","isPartOf":{"@id":"https:\/\/druidebio.com\/fr\/#website"},"primaryImageOfPage":{"@id":"https:\/\/druidebio.com\/fr\/produit\/lensemble-randonneur-ecotrail\/#primaryimage"},"image":{"@id":"https:\/\/druidebio.com\/fr\/produit\/lensemble-randonneur-ecotrail\/#primaryimage"},"thumbnailUrl":"https:\/\/druidebio.com\/wp-content\/uploads\/2025\/05\/The-Ecotrail-Hiker-Kit.jpg","datePublished":"2025-05-15T11:07:52+00:00","dateModified":"2025-05-15T11:09:39+00:00","description":"Trousse de soins \u00e9cologiques pour l'ext\u00e9rieur contenant un insectifuge naturel, un antisudorifique sans aluminium et un savon tout usage pour la randonn\u00e9e, le camping et les voyages.","breadcrumb":{"@id":"https:\/\/druidebio.com\/fr\/produit\/lensemble-randonneur-ecotrail\/#breadcrumb"},"inLanguage":"fr-FR","potentialAction":[{"@type":"ReadAction","target":["https:\/\/druidebio.com\/fr\/produit\/lensemble-randonneur-ecotrail\/"]}]},{"@type":"ImageObject","inLanguage":"fr-FR","@id":"https:\/\/druidebio.com\/fr\/produit\/lensemble-randonneur-ecotrail\/#primaryimage","url":"https:\/\/druidebio.com\/wp-content\/uploads\/2025\/05\/The-Ecotrail-Hiker-Kit.jpg","contentUrl":"https:\/\/druidebio.com\/wp-content\/uploads\/2025\/05\/The-Ecotrail-Hiker-Kit.jpg","width":1200,"height":1200,"caption":"L\u2019Ensemble Randonneur EcoTrail"},{"@type":"BreadcrumbList","@id":"https:\/\/druidebio.com\/fr\/produit\/lensemble-randonneur-ecotrail\/#breadcrumb","itemListElement":[{"@type":"ListItem","position":1,"name":"Home","item":"https:\/\/druidebio.com\/fr\/"},{"@type":"ListItem","position":2,"name":"Boutique","item":"https:\/\/druidebio.com\/fr\/boutique\/"},{"@type":"ListItem","position":3,"name":"L\u2019Ensemble Randonneur EcoTrail"}]},{"@type":"WebSite","@id":"https:\/\/druidebio.com\/fr\/#website","url":"https:\/\/druidebio.com\/fr\/","name":"Laboratoires Druide\u00ae | Bio For Life","description":"Natural and Organic Products. ECOCERT\u00ae Certified.","publisher":{"@id":"https:\/\/druidebio.com\/fr\/#organization"},"alternateName":"Druide","potentialAction":[{"@type":"SearchAction","target":{"@type":"EntryPoint","urlTemplate":"https:\/\/druidebio.com\/fr\/?s={search_term_string}"},"query-input":{"@type":"PropertyValueSpecification","valueRequired":true,"valueName":"search_term_string"}}],"inLanguage":"fr-FR"},{"@type":"Organization","@id":"https:\/\/druidebio.com\/fr\/#organization","name":"Druide","alternateName":"Laboratoires Druide","url":"https:\/\/druidebio.com\/fr\/","logo":{"@type":"ImageObject","inLanguage":"fr-FR","@id":"https:\/\/druidebio.com\/fr\/#\/schema\/logo\/image\/","url":"https:\/\/druidebio.com\/wp-content\/uploads\/2022\/08\/logo-fav.png","contentUrl":"https:\/\/druidebio.com\/wp-content\/uploads\/2022\/08\/logo-fav.png","width":512,"height":512,"caption":"Druide"},"image":{"@id":"https:\/\/druidebio.com\/fr\/#\/schema\/logo\/image\/"},"sameAs":["https:\/\/www.facebook.com\/infodruide","https:\/\/www.instagram.com\/druidebio\/","https:\/\/www.pinterest.ca\/DruideBioCanada\/","https:\/\/www.youtube.com\/user\/DRUIDECANADA"]}]}},"_links":{"self":[{"href":"https:\/\/druidebio.com\/fr\/wp-json\/wp\/v2\/product\/73742","targetHints":{"allow":["GET"]}}],"collection":[{"href":"https:\/\/druidebio.com\/fr\/wp-json\/wp\/v2\/product"}],"about":[{"href":"https:\/\/druidebio.com\/fr\/wp-json\/wp\/v2\/types\/product"}],"replies":[{"embeddable":true,"href":"https:\/\/druidebio.com\/fr\/wp-json\/wp\/v2\/comments?post=73742"}],"wp:featuredmedia":[{"embeddable":true,"href":"https:\/\/druidebio.com\/fr\/wp-json\/wp\/v2\/media\/77798"}],"wp:attachment":[{"href":"https:\/\/druidebio.com\/fr\/wp-json\/wp\/v2\/media?parent=73742"}],"wp:term":[{"taxonomy":"product_brand","embeddable":true,"href":"https:\/\/druidebio.com\/fr\/wp-json\/wp\/v2\/product_brand?post=73742"},{"taxonomy":"product_cat","embeddable":true,"href":"https:\/\/druidebio.com\/fr\/wp-json\/wp\/v2\/product_cat?post=73742"},{"taxonomy":"product_tag","embeddable":true,"href":"https:\/\/druidebio.com\/fr\/wp-json\/wp\/v2\/product_tag?post=73742"},{"taxonomy":"giftcard-category","embeddable":true,"href":"https:\/\/druidebio.com\/fr\/wp-json\/wp\/v2\/giftcard-category?post=73742"}],"curies":[{"name":"wp","href":"https:\/\/api.w.org\/{rel}","templated":true}]}}