{"id":73735,"date":"2025-05-15T06:53:09","date_gmt":"2025-05-15T10:53:09","guid":{"rendered":"https:\/\/druidebio.com\/?post_type=product&#038;p=73735"},"modified":"2026-04-15T08:36:00","modified_gmt":"2026-04-15T12:36:00","slug":"trousse-aventurier-ecotrail","status":"publish","type":"product","link":"https:\/\/druidebio.com\/fr\/produit\/trousse-aventurier-ecotrail\/","title":{"rendered":"Trousse Aventurier Ecotrail"},"content":{"rendered":"<h2>Amoureux de la nature, pr\u00eats pour l\u2019aventure<\/h2>\n<p>Con\u00e7u pour les amoureux de la nature, l\u2019ensemble Aventurier Ecotrail des Laboratoires Druide est plus qu&rsquo;un simple ensemble de voyage ; c&rsquo;est une d\u00e9fense fiable contre les \u00e9l\u00e9ments naturels. Que vous parcouriez des sentiers accident\u00e9s, installiez votre campement au c\u0153ur de la for\u00eat ou profitiez d&rsquo;une escapade paisible au bord d&rsquo;un lac, cette trousse vous offre une protection et des soins naturels o\u00f9 que vous soyez.<\/p>\n<p>Chaque article de cette trousse l\u00e9g\u00e8re et \u00e9cologique est 100 % biod\u00e9gradable et fabriqu\u00e9 \u00e0 partir d&rsquo;ingr\u00e9dients v\u00e9g\u00e9taux sans danger pour la peau, afin que votre peau reste fraiche, apais\u00e9e et soign\u00e9e, m\u00eame en pleine nature.<\/p>\n<p><strong>Articles inclus :<\/strong><\/p>\n<ul>\n<li class=\"bullet-arrow\"><a href=\"https:\/\/druidebio.com\/fr\/produit\/shampoing-gel-douche-citronnelle\/\">Shampoing et Gel Douche Citronnelle<\/a><\/li>\n<li class=\"bullet-arrow\"><a href=\"https:\/\/druidebio.com\/fr\/produit\/savon-en-barre-a-la-citronnelle-ecotrail\/\">Savon en Barre \u00e0 la Citronnelle \u00c9cotrail<\/a><\/li>\n<li class=\"bullet-arrow\"><a href=\"https:\/\/druidebio.com\/fr\/produit\/chasse-insectes-eucalyptus-citronne-130ml\/\">Chasse-Insectes Eucalyptus Citronn\u00e9 (130 ml)<\/a><\/li>\n<\/ul>\n","protected":false},"excerpt":{"rendered":"<p>L\u2019ensemble Aventurier Ecotrail des Laboratoires Druide est votre compagnon id\u00e9al pour toutes vos activit\u00e9s de plein air, que vous fassiez de la randonn\u00e9e en montagne, du camping en for\u00eat ou que vous vous d\u00e9tendiez au bord d&rsquo;un lac. Cette trousse l\u00e9g\u00e8re et \u00e9cologique contient des produits essentiels 100 % biod\u00e9gradables et sans danger pour la peau, con\u00e7us pour vous accompagner partout.<\/p>\n","protected":false},"featured_media":77796,"comment_status":"open","ping_status":"closed","template":"","meta":[],"product_brand":[],"product_cat":[124,102,97,123],"product_tag":[],"giftcard-category":[],"class_list":{"0":"post-73735","1":"product","2":"type-product","3":"status-publish","4":"has-post-thumbnail","6":"product_cat-chasse-insectes","7":"product_cat-druide-ecotrail-fr","8":"product_cat-plein-air","9":"product_cat-ventes-offres","11":"first","12":"instock","13":"taxable","14":"shipping-taxable","15":"purchasable","16":"product-type-simple"},"yoast_head":"<!-- This site is optimized with the Yoast SEO plugin v27.1.1 - https:\/\/yoast.com\/product\/yoast-seo-wordpress\/ -->\n<title>Trousse Aventurier Ecotrail | Laboratoires Druide\u00ae | Bio For Life<\/title>\n<meta name=\"description\" content=\"Restez au frais et prot\u00e9g\u00e9 \u00e0 l&#039;ext\u00e9rieur gr\u00e2ce \u00e0 l\u2019ensemble Aventurier Ecotrail de Druide, que ce soit sur les sentiers de randonn\u00e9e, dans les campings en for\u00eat, lors d&#039;escapades en montagne ou d&#039;aventures au bord d&#039;un lac.\" \/>\n<meta name=\"robots\" content=\"index, follow, max-snippet:-1, max-image-preview:large, max-video-preview:-1\" \/>\n<link rel=\"canonical\" href=\"https:\/\/druidebio.com\/fr\/produit\/trousse-aventurier-ecotrail\/\" \/>\n<meta property=\"og:locale\" content=\"fr_FR\" \/>\n<meta property=\"og:type\" content=\"article\" \/>\n<meta property=\"og:title\" content=\"Trousse Aventurier Ecotrail | Laboratoires Druide\u00ae | Bio For Life\" \/>\n<meta property=\"og:description\" content=\"Restez au frais et prot\u00e9g\u00e9 \u00e0 l&#039;ext\u00e9rieur gr\u00e2ce \u00e0 l\u2019ensemble Aventurier Ecotrail de Druide, que ce soit sur les sentiers de randonn\u00e9e, dans les campings en for\u00eat, lors d&#039;escapades en montagne ou d&#039;aventures au bord d&#039;un lac.\" \/>\n<meta property=\"og:url\" content=\"https:\/\/druidebio.com\/fr\/produit\/trousse-aventurier-ecotrail\/\" \/>\n<meta property=\"og:site_name\" content=\"Laboratoires Druide\u00ae | Bio For Life\" \/>\n<meta property=\"article:publisher\" content=\"https:\/\/www.facebook.com\/infodruide\" \/>\n<meta property=\"article:modified_time\" content=\"2026-04-15T12:36:00+00:00\" \/>\n<meta property=\"og:image\" content=\"https:\/\/druidebio.com\/wp-content\/uploads\/2025\/05\/The-EcoTrail-Adventure-Kit.jpg\" \/>\n\t<meta property=\"og:image:width\" content=\"1200\" \/>\n\t<meta property=\"og:image:height\" content=\"1200\" \/>\n\t<meta property=\"og:image:type\" content=\"image\/jpeg\" \/>\n<meta name=\"twitter:card\" content=\"summary_large_image\" \/>\n<script type=\"application\/ld+json\" class=\"yoast-schema-graph\">{\"@context\":\"https:\/\/schema.org\",\"@graph\":[{\"@type\":[\"WebPage\",\"ItemPage\"],\"@id\":\"https:\/\/druidebio.com\/fr\/produit\/trousse-aventurier-ecotrail\/\",\"url\":\"https:\/\/druidebio.com\/fr\/produit\/trousse-aventurier-ecotrail\/\",\"name\":\"Trousse Aventurier Ecotrail | Laboratoires Druide\u00ae | Bio For Life\",\"isPartOf\":{\"@id\":\"https:\/\/druidebio.com\/fr\/#website\"},\"primaryImageOfPage\":{\"@id\":\"https:\/\/druidebio.com\/fr\/produit\/trousse-aventurier-ecotrail\/#primaryimage\"},\"image\":{\"@id\":\"https:\/\/druidebio.com\/fr\/produit\/trousse-aventurier-ecotrail\/#primaryimage\"},\"thumbnailUrl\":\"https:\/\/druidebio.com\/wp-content\/uploads\/2025\/05\/The-EcoTrail-Adventure-Kit.jpg\",\"datePublished\":\"2025-05-15T10:53:09+00:00\",\"dateModified\":\"2026-04-15T12:36:00+00:00\",\"description\":\"Restez au frais et prot\u00e9g\u00e9 \u00e0 l'ext\u00e9rieur gr\u00e2ce \u00e0 l\u2019ensemble Aventurier Ecotrail de Druide, que ce soit sur les sentiers de randonn\u00e9e, dans les campings en for\u00eat, lors d'escapades en montagne ou d'aventures au bord d'un lac.\",\"breadcrumb\":{\"@id\":\"https:\/\/druidebio.com\/fr\/produit\/trousse-aventurier-ecotrail\/#breadcrumb\"},\"inLanguage\":\"fr-FR\",\"potentialAction\":[{\"@type\":\"ReadAction\",\"target\":[\"https:\/\/druidebio.com\/fr\/produit\/trousse-aventurier-ecotrail\/\"]}]},{\"@type\":\"ImageObject\",\"inLanguage\":\"fr-FR\",\"@id\":\"https:\/\/druidebio.com\/fr\/produit\/trousse-aventurier-ecotrail\/#primaryimage\",\"url\":\"https:\/\/druidebio.com\/wp-content\/uploads\/2025\/05\/The-EcoTrail-Adventure-Kit.jpg\",\"contentUrl\":\"https:\/\/druidebio.com\/wp-content\/uploads\/2025\/05\/The-EcoTrail-Adventure-Kit.jpg\",\"width\":1200,\"height\":1200,\"caption\":\"Trousse Aventurier Ecotrail\"},{\"@type\":\"BreadcrumbList\",\"@id\":\"https:\/\/druidebio.com\/fr\/produit\/trousse-aventurier-ecotrail\/#breadcrumb\",\"itemListElement\":[{\"@type\":\"ListItem\",\"position\":1,\"name\":\"Home\",\"item\":\"https:\/\/druidebio.com\/fr\/\"},{\"@type\":\"ListItem\",\"position\":2,\"name\":\"Boutique\",\"item\":\"https:\/\/druidebio.com\/fr\/boutique\/\"},{\"@type\":\"ListItem\",\"position\":3,\"name\":\"Trousse Aventurier Ecotrail\"}]},{\"@type\":\"WebSite\",\"@id\":\"https:\/\/druidebio.com\/fr\/#website\",\"url\":\"https:\/\/druidebio.com\/fr\/\",\"name\":\"Laboratoires Druide\u00ae | Bio For Life\",\"description\":\"Natural and Organic Products. ECOCERT\u00ae Certified.\",\"publisher\":{\"@id\":\"https:\/\/druidebio.com\/fr\/#organization\"},\"alternateName\":\"Druide\",\"potentialAction\":[{\"@type\":\"SearchAction\",\"target\":{\"@type\":\"EntryPoint\",\"urlTemplate\":\"https:\/\/druidebio.com\/fr\/?s={search_term_string}\"},\"query-input\":{\"@type\":\"PropertyValueSpecification\",\"valueRequired\":true,\"valueName\":\"search_term_string\"}}],\"inLanguage\":\"fr-FR\"},{\"@type\":\"Organization\",\"@id\":\"https:\/\/druidebio.com\/fr\/#organization\",\"name\":\"Druide\",\"alternateName\":\"Laboratoires Druide\",\"url\":\"https:\/\/druidebio.com\/fr\/\",\"logo\":{\"@type\":\"ImageObject\",\"inLanguage\":\"fr-FR\",\"@id\":\"https:\/\/druidebio.com\/fr\/#\/schema\/logo\/image\/\",\"url\":\"https:\/\/druidebio.com\/wp-content\/uploads\/2022\/08\/logo-fav.png\",\"contentUrl\":\"https:\/\/druidebio.com\/wp-content\/uploads\/2022\/08\/logo-fav.png\",\"width\":512,\"height\":512,\"caption\":\"Druide\"},\"image\":{\"@id\":\"https:\/\/druidebio.com\/fr\/#\/schema\/logo\/image\/\"},\"sameAs\":[\"https:\/\/www.facebook.com\/infodruide\",\"https:\/\/www.instagram.com\/druidebio\/\",\"https:\/\/www.pinterest.ca\/DruideBioCanada\/\",\"https:\/\/www.youtube.com\/user\/DRUIDECANADA\"]}]}<\/script>\n<!-- \/ Yoast SEO plugin. -->","yoast_head_json":{"title":"Trousse Aventurier Ecotrail | Laboratoires Druide\u00ae | Bio For Life","description":"Restez au frais et prot\u00e9g\u00e9 \u00e0 l'ext\u00e9rieur gr\u00e2ce \u00e0 l\u2019ensemble Aventurier Ecotrail de Druide, que ce soit sur les sentiers de randonn\u00e9e, dans les campings en for\u00eat, lors d'escapades en montagne ou d'aventures au bord d'un lac.","robots":{"index":"index","follow":"follow","max-snippet":"max-snippet:-1","max-image-preview":"max-image-preview:large","max-video-preview":"max-video-preview:-1"},"canonical":"https:\/\/druidebio.com\/fr\/produit\/trousse-aventurier-ecotrail\/","og_locale":"fr_FR","og_type":"article","og_title":"Trousse Aventurier Ecotrail | Laboratoires Druide\u00ae | Bio For Life","og_description":"Restez au frais et prot\u00e9g\u00e9 \u00e0 l'ext\u00e9rieur gr\u00e2ce \u00e0 l\u2019ensemble Aventurier Ecotrail de Druide, que ce soit sur les sentiers de randonn\u00e9e, dans les campings en for\u00eat, lors d'escapades en montagne ou d'aventures au bord d'un lac.","og_url":"https:\/\/druidebio.com\/fr\/produit\/trousse-aventurier-ecotrail\/","og_site_name":"Laboratoires Druide\u00ae | Bio For Life","article_publisher":"https:\/\/www.facebook.com\/infodruide","article_modified_time":"2026-04-15T12:36:00+00:00","og_image":[{"width":1200,"height":1200,"url":"https:\/\/druidebio.com\/wp-content\/uploads\/2025\/05\/The-EcoTrail-Adventure-Kit.jpg","type":"image\/jpeg"}],"twitter_card":"summary_large_image","schema":{"@context":"https:\/\/schema.org","@graph":[{"@type":["WebPage","ItemPage"],"@id":"https:\/\/druidebio.com\/fr\/produit\/trousse-aventurier-ecotrail\/","url":"https:\/\/druidebio.com\/fr\/produit\/trousse-aventurier-ecotrail\/","name":"Trousse Aventurier Ecotrail | Laboratoires Druide\u00ae | Bio For Life","isPartOf":{"@id":"https:\/\/druidebio.com\/fr\/#website"},"primaryImageOfPage":{"@id":"https:\/\/druidebio.com\/fr\/produit\/trousse-aventurier-ecotrail\/#primaryimage"},"image":{"@id":"https:\/\/druidebio.com\/fr\/produit\/trousse-aventurier-ecotrail\/#primaryimage"},"thumbnailUrl":"https:\/\/druidebio.com\/wp-content\/uploads\/2025\/05\/The-EcoTrail-Adventure-Kit.jpg","datePublished":"2025-05-15T10:53:09+00:00","dateModified":"2026-04-15T12:36:00+00:00","description":"Restez au frais et prot\u00e9g\u00e9 \u00e0 l'ext\u00e9rieur gr\u00e2ce \u00e0 l\u2019ensemble Aventurier Ecotrail de Druide, que ce soit sur les sentiers de randonn\u00e9e, dans les campings en for\u00eat, lors d'escapades en montagne ou d'aventures au bord d'un lac.","breadcrumb":{"@id":"https:\/\/druidebio.com\/fr\/produit\/trousse-aventurier-ecotrail\/#breadcrumb"},"inLanguage":"fr-FR","potentialAction":[{"@type":"ReadAction","target":["https:\/\/druidebio.com\/fr\/produit\/trousse-aventurier-ecotrail\/"]}]},{"@type":"ImageObject","inLanguage":"fr-FR","@id":"https:\/\/druidebio.com\/fr\/produit\/trousse-aventurier-ecotrail\/#primaryimage","url":"https:\/\/druidebio.com\/wp-content\/uploads\/2025\/05\/The-EcoTrail-Adventure-Kit.jpg","contentUrl":"https:\/\/druidebio.com\/wp-content\/uploads\/2025\/05\/The-EcoTrail-Adventure-Kit.jpg","width":1200,"height":1200,"caption":"Trousse Aventurier Ecotrail"},{"@type":"BreadcrumbList","@id":"https:\/\/druidebio.com\/fr\/produit\/trousse-aventurier-ecotrail\/#breadcrumb","itemListElement":[{"@type":"ListItem","position":1,"name":"Home","item":"https:\/\/druidebio.com\/fr\/"},{"@type":"ListItem","position":2,"name":"Boutique","item":"https:\/\/druidebio.com\/fr\/boutique\/"},{"@type":"ListItem","position":3,"name":"Trousse Aventurier Ecotrail"}]},{"@type":"WebSite","@id":"https:\/\/druidebio.com\/fr\/#website","url":"https:\/\/druidebio.com\/fr\/","name":"Laboratoires Druide\u00ae | Bio For Life","description":"Natural and Organic Products. ECOCERT\u00ae Certified.","publisher":{"@id":"https:\/\/druidebio.com\/fr\/#organization"},"alternateName":"Druide","potentialAction":[{"@type":"SearchAction","target":{"@type":"EntryPoint","urlTemplate":"https:\/\/druidebio.com\/fr\/?s={search_term_string}"},"query-input":{"@type":"PropertyValueSpecification","valueRequired":true,"valueName":"search_term_string"}}],"inLanguage":"fr-FR"},{"@type":"Organization","@id":"https:\/\/druidebio.com\/fr\/#organization","name":"Druide","alternateName":"Laboratoires Druide","url":"https:\/\/druidebio.com\/fr\/","logo":{"@type":"ImageObject","inLanguage":"fr-FR","@id":"https:\/\/druidebio.com\/fr\/#\/schema\/logo\/image\/","url":"https:\/\/druidebio.com\/wp-content\/uploads\/2022\/08\/logo-fav.png","contentUrl":"https:\/\/druidebio.com\/wp-content\/uploads\/2022\/08\/logo-fav.png","width":512,"height":512,"caption":"Druide"},"image":{"@id":"https:\/\/druidebio.com\/fr\/#\/schema\/logo\/image\/"},"sameAs":["https:\/\/www.facebook.com\/infodruide","https:\/\/www.instagram.com\/druidebio\/","https:\/\/www.pinterest.ca\/DruideBioCanada\/","https:\/\/www.youtube.com\/user\/DRUIDECANADA"]}]}},"_links":{"self":[{"href":"https:\/\/druidebio.com\/fr\/wp-json\/wp\/v2\/product\/73735","targetHints":{"allow":["GET"]}}],"collection":[{"href":"https:\/\/druidebio.com\/fr\/wp-json\/wp\/v2\/product"}],"about":[{"href":"https:\/\/druidebio.com\/fr\/wp-json\/wp\/v2\/types\/product"}],"replies":[{"embeddable":true,"href":"https:\/\/druidebio.com\/fr\/wp-json\/wp\/v2\/comments?post=73735"}],"wp:featuredmedia":[{"embeddable":true,"href":"https:\/\/druidebio.com\/fr\/wp-json\/wp\/v2\/media\/77796"}],"wp:attachment":[{"href":"https:\/\/druidebio.com\/fr\/wp-json\/wp\/v2\/media?parent=73735"}],"wp:term":[{"taxonomy":"product_brand","embeddable":true,"href":"https:\/\/druidebio.com\/fr\/wp-json\/wp\/v2\/product_brand?post=73735"},{"taxonomy":"product_cat","embeddable":true,"href":"https:\/\/druidebio.com\/fr\/wp-json\/wp\/v2\/product_cat?post=73735"},{"taxonomy":"product_tag","embeddable":true,"href":"https:\/\/druidebio.com\/fr\/wp-json\/wp\/v2\/product_tag?post=73735"},{"taxonomy":"giftcard-category","embeddable":true,"href":"https:\/\/druidebio.com\/fr\/wp-json\/wp\/v2\/giftcard-category?post=73735"}],"curies":[{"name":"wp","href":"https:\/\/api.w.org\/{rel}","templated":true}]}}