{"id":70467,"date":"2024-07-31T11:57:59","date_gmt":"2024-07-31T15:57:59","guid":{"rendered":"https:\/\/druidebio.com\/?post_type=product&#038;p=70467"},"modified":"2026-03-19T22:00:03","modified_gmt":"2026-03-20T02:00:03","slug":"savon-multi-usages-ecotrail-60ml","status":"publish","type":"product","link":"https:\/\/druidebio.com\/fr\/produit\/savon-multi-usages-ecotrail-60ml\/","title":{"rendered":"Savon Multi-Usages \u00c9cotrail (60ml)"},"content":{"rendered":"<h2>Savon multi-usages \u00e9cologique, l\u2019indispensable nettoyant de tous les campeurs<\/h2>\n<p>D\u00e9couvrez les nombreux atouts de notre Savon Liquide Multi-usages pour chaque aventure en plein air !<\/p>\n<p>Ce savon sert \u00e0 tout : nettoie la peau (main, corps, visage), les cheveux, mais aussi les v\u00eatements et la vaisselle, le rendant indispensable pour les s\u00e9jours en camping, les excursions et autres activit\u00e9s en ext\u00e9rieur. Il apporte aussi un soulagement contre les piq\u00fbres d\u2019insectes, assurant votre confort o\u00f9 que vous alliez.<\/p>\n<p>Sa formule concentr\u00e9e et biod\u00e9gradable respecte l&rsquo;environnement et remplace plusieurs produits, r\u00e9duisant ainsi le besoin de transporter divers articles d&rsquo;hygi\u00e8ne et de nettoyage lors de vos d\u00e9placements. Ce savon polyvalent est aussi \u00e9conomique, puisqu\u2019une seule bouteille sert \u00e0 plusieurs usages, rendant vos loisirs non seulement plus pratiques mais aussi plus respectueuses de l&rsquo;environnement.<\/p>\n<p>Nous nous engageons \u00e0 vous offrir un produit qui respecte votre peau et l&rsquo;environnement c\u2019est pourquoi sa formule et sans produits chimiques n\u00e9fastes \u00e0 notre \u00e9cosyst\u00e8me il est \u00e9cologique, certifi\u00e9 biologique par ECOCERT et enti\u00e8rement biod\u00e9gradable. Il est formul\u00e9 sans silicone, sans gluten, sans parab\u00e8ne, sans PEG, sans alcool, sans OGM, sans perturbateurs endocriniens, sans goudron, sans quaternium, sans parfum, sans colorant et n\u2019est pas test\u00e9 sur les animaux.<\/p>\n","protected":false},"excerpt":{"rendered":"<p>D\u00e9couvrez le Savon Multi-usages Ecotrail, l\u2019ultime nettoyant \u00e9cologique qui condense plusieurs produits en un seul, pour une solution multifonctionnelle ! Pratique, il simplifie votre quotidien pendant vos aventures en rempla\u00e7ant shampooing, gel douche, lessive, produit \u00e0 vaisselle\u2026, tout en respectant l&rsquo;environnement qui vous accueille.<\/p>\n<ul>\n<li class=\"bullet-arrow\"><strong>Texture <\/strong>: Gel liquide concentr\u00e9<\/li>\n<li class=\"bullet-arrow\"><strong>Odeur <\/strong>: Eucalyptus citronn\u00e9<\/li>\n<li class=\"bullet-arrow\"><strong>Format <\/strong>: 60 ml \u2013 2.0 US Fl.oz.<\/li>\n<\/ul>\n<div class=\"row row-full-width align-equal\"  id=\"row-2075113248\">\n\t<div id=\"col-675460161\" class=\"col small-12 large-12\"  >\n\t\t\t\t<div class=\"col-inner\"  >\n\t\t\t\n\t\t\t\n\n  \n    <div class=\"row large-columns-8 medium-columns-8 small-columns-8 row-xsmall\" >\n  <div class=\"gallery-col col\" >\n          <div class=\"col-inner\">\n                        <div class=\"box has-hover gallery-box box-none\">\n              <div class=\"box-image\" >\n                <img width=\"1\" height=\"1\" src=\"https:\/\/druidebio.com\/wp-content\/uploads\/2023\/07\/EcoCert.svg\" class=\"attachment-medium size-medium\" alt=\"\" ids=\"861,864,863,865,862\" style=\"none\" lightbox=\"false\" col_spacing=\"xsmall\" columns=\"8\" columns__sm=\"8\" columns__md=\"8\" decoding=\"async\" loading=\"lazy\" \/>                                                              <\/div>\n              <div class=\"box-text text-left\" >\n                 <p><\/p>\n              <\/div>\n            <\/div>\n                      <\/div>\n         <\/div><div class=\"gallery-col col\" >\n          <div class=\"col-inner\">\n                        <div class=\"box has-hover gallery-box box-none\">\n              <div class=\"box-image\" >\n                <img width=\"1\" height=\"1\" src=\"https:\/\/druidebio.com\/wp-content\/uploads\/2023\/07\/Not_Tested_Animals.svg\" class=\"attachment-medium size-medium\" alt=\"\" ids=\"861,864,863,865,862\" style=\"none\" lightbox=\"false\" col_spacing=\"xsmall\" columns=\"8\" columns__sm=\"8\" columns__md=\"8\" decoding=\"async\" loading=\"lazy\" \/>                                                              <\/div>\n              <div class=\"box-text text-left\" >\n                 <p><\/p>\n              <\/div>\n            <\/div>\n                      <\/div>\n         <\/div><div class=\"gallery-col col\" >\n          <div class=\"col-inner\">\n                        <div class=\"box has-hover gallery-box box-none\">\n              <div class=\"box-image\" >\n                <img width=\"1\" height=\"1\" src=\"https:\/\/druidebio.com\/wp-content\/uploads\/2023\/07\/NoGMO.svg\" class=\"attachment-medium size-medium\" alt=\"\" ids=\"861,864,863,865,862\" style=\"none\" lightbox=\"false\" col_spacing=\"xsmall\" columns=\"8\" columns__sm=\"8\" columns__md=\"8\" decoding=\"async\" loading=\"lazy\" \/>                                                              <\/div>\n              <div class=\"box-text text-left\" >\n                 <p><\/p>\n              <\/div>\n            <\/div>\n                      <\/div>\n         <\/div><div class=\"gallery-col col\" >\n          <div class=\"col-inner\">\n                        <div class=\"box has-hover gallery-box box-none\">\n              <div class=\"box-image\" >\n                <img width=\"1\" height=\"1\" src=\"https:\/\/druidebio.com\/wp-content\/uploads\/2023\/07\/Recyclable.svg\" class=\"attachment-medium size-medium\" alt=\"\" ids=\"861,864,863,865,862\" style=\"none\" lightbox=\"false\" col_spacing=\"xsmall\" columns=\"8\" columns__sm=\"8\" columns__md=\"8\" decoding=\"async\" loading=\"lazy\" \/>                                                              <\/div>\n              <div class=\"box-text text-left\" >\n                 <p><\/p>\n              <\/div>\n            <\/div>\n                      <\/div>\n         <\/div><div class=\"gallery-col col\" >\n          <div class=\"col-inner\">\n                        <div class=\"box has-hover gallery-box box-none\">\n              <div class=\"box-image\" >\n                <img width=\"1\" height=\"1\" src=\"https:\/\/druidebio.com\/wp-content\/uploads\/2023\/07\/Gluten_Free.svg\" class=\"attachment-medium size-medium\" alt=\"\" ids=\"861,864,863,865,862\" style=\"none\" lightbox=\"false\" col_spacing=\"xsmall\" columns=\"8\" columns__sm=\"8\" columns__md=\"8\" decoding=\"async\" loading=\"lazy\" \/>                                                              <\/div>\n              <div class=\"box-text text-left\" >\n                 <p><\/p>\n              <\/div>\n            <\/div>\n                      <\/div>\n         <\/div><\/div>\n\t\t<\/div>\n\t\t\t\t\t<\/div>\n\n\t<\/div>\n","protected":false},"featured_media":70470,"comment_status":"open","ping_status":"closed","template":"","meta":[],"product_brand":[],"product_cat":[102,97,116,93],"product_tag":[],"giftcard-category":[],"class_list":{"0":"post-70467","1":"product","2":"type-product","3":"status-publish","4":"has-post-thumbnail","6":"product_cat-druide-ecotrail-fr","7":"product_cat-plein-air","8":"product_cat-savons","9":"product_cat-soins-corps","11":"first","12":"instock","13":"taxable","14":"shipping-taxable","15":"purchasable","16":"product-type-simple"},"yoast_head":"<!-- This site is optimized with the Yoast SEO plugin v27.1.1 - https:\/\/yoast.com\/product\/yoast-seo-wordpress\/ -->\n<title>Savon Multi-Usages \u00c9cotrail (60ml) | Laboratoires Druide\u00ae | Bio For Life<\/title>\n<meta name=\"description\" content=\"D\u00e9couvrez le Savon Multi-usages Ecotrail, l\u2019ultime nettoyant \u00e9cologique qui condense plusieurs produits en un seul, pour une solution multifonctionnelle ! Pratique, il simplifie votre quotidien pendant vos aventures en rempla\u00e7ant shampooing, gel douche, lessive, produit \u00e0 vaisselle\u2026, tout en respectant l&#039;environnement qui vous accueille.\" \/>\n<meta name=\"robots\" content=\"index, follow, max-snippet:-1, max-image-preview:large, max-video-preview:-1\" \/>\n<link rel=\"canonical\" href=\"https:\/\/druidebio.com\/fr\/produit\/savon-multi-usages-ecotrail-60ml\/\" \/>\n<meta property=\"og:locale\" content=\"fr_FR\" \/>\n<meta property=\"og:type\" content=\"article\" \/>\n<meta property=\"og:title\" content=\"Savon Multi-Usages \u00c9cotrail (60ml) | Laboratoires Druide\u00ae | Bio For Life\" \/>\n<meta property=\"og:description\" content=\"D\u00e9couvrez le Savon Multi-usages Ecotrail, l\u2019ultime nettoyant \u00e9cologique qui condense plusieurs produits en un seul, pour une solution multifonctionnelle ! Pratique, il simplifie votre quotidien pendant vos aventures en rempla\u00e7ant shampooing, gel douche, lessive, produit \u00e0 vaisselle\u2026, tout en respectant l&#039;environnement qui vous accueille.\" \/>\n<meta property=\"og:url\" content=\"https:\/\/druidebio.com\/fr\/produit\/savon-multi-usages-ecotrail-60ml\/\" \/>\n<meta property=\"og:site_name\" content=\"Laboratoires Druide\u00ae | Bio For Life\" \/>\n<meta property=\"article:publisher\" content=\"https:\/\/www.facebook.com\/infodruide\" \/>\n<meta property=\"article:modified_time\" content=\"2026-03-20T02:00:03+00:00\" \/>\n<meta property=\"og:image\" content=\"https:\/\/druidebio.com\/wp-content\/uploads\/2024\/07\/Ecotrail-Multi-Purpose-Soap-60ml.jpg\" \/>\n\t<meta property=\"og:image:width\" content=\"1200\" \/>\n\t<meta property=\"og:image:height\" content=\"1200\" \/>\n\t<meta property=\"og:image:type\" content=\"image\/jpeg\" \/>\n<meta name=\"twitter:card\" content=\"summary_large_image\" \/>\n<script type=\"application\/ld+json\" class=\"yoast-schema-graph\">{\"@context\":\"https:\/\/schema.org\",\"@graph\":[{\"@type\":[\"WebPage\",\"ItemPage\"],\"@id\":\"https:\/\/druidebio.com\/fr\/produit\/savon-multi-usages-ecotrail-60ml\/\",\"url\":\"https:\/\/druidebio.com\/fr\/produit\/savon-multi-usages-ecotrail-60ml\/\",\"name\":\"Savon Multi-Usages \u00c9cotrail (60ml) | Laboratoires Druide\u00ae | Bio For Life\",\"isPartOf\":{\"@id\":\"https:\/\/druidebio.com\/fr\/#website\"},\"primaryImageOfPage\":{\"@id\":\"https:\/\/druidebio.com\/fr\/produit\/savon-multi-usages-ecotrail-60ml\/#primaryimage\"},\"image\":{\"@id\":\"https:\/\/druidebio.com\/fr\/produit\/savon-multi-usages-ecotrail-60ml\/#primaryimage\"},\"thumbnailUrl\":\"https:\/\/druidebio.com\/wp-content\/uploads\/2024\/07\/Ecotrail-Multi-Purpose-Soap-60ml.jpg\",\"datePublished\":\"2024-07-31T15:57:59+00:00\",\"dateModified\":\"2026-03-20T02:00:03+00:00\",\"description\":\"D\u00e9couvrez le Savon Multi-usages Ecotrail, l\u2019ultime nettoyant \u00e9cologique qui condense plusieurs produits en un seul, pour une solution multifonctionnelle ! Pratique, il simplifie votre quotidien pendant vos aventures en rempla\u00e7ant shampooing, gel douche, lessive, produit \u00e0 vaisselle\u2026, tout en respectant l'environnement qui vous accueille.\",\"breadcrumb\":{\"@id\":\"https:\/\/druidebio.com\/fr\/produit\/savon-multi-usages-ecotrail-60ml\/#breadcrumb\"},\"inLanguage\":\"fr-FR\",\"potentialAction\":[{\"@type\":\"ReadAction\",\"target\":[\"https:\/\/druidebio.com\/fr\/produit\/savon-multi-usages-ecotrail-60ml\/\"]}]},{\"@type\":\"ImageObject\",\"inLanguage\":\"fr-FR\",\"@id\":\"https:\/\/druidebio.com\/fr\/produit\/savon-multi-usages-ecotrail-60ml\/#primaryimage\",\"url\":\"https:\/\/druidebio.com\/wp-content\/uploads\/2024\/07\/Ecotrail-Multi-Purpose-Soap-60ml.jpg\",\"contentUrl\":\"https:\/\/druidebio.com\/wp-content\/uploads\/2024\/07\/Ecotrail-Multi-Purpose-Soap-60ml.jpg\",\"width\":1200,\"height\":1200,\"caption\":\"Savon Multi-Usages \u00c9cotrail\"},{\"@type\":\"BreadcrumbList\",\"@id\":\"https:\/\/druidebio.com\/fr\/produit\/savon-multi-usages-ecotrail-60ml\/#breadcrumb\",\"itemListElement\":[{\"@type\":\"ListItem\",\"position\":1,\"name\":\"Home\",\"item\":\"https:\/\/druidebio.com\/fr\/\"},{\"@type\":\"ListItem\",\"position\":2,\"name\":\"Boutique\",\"item\":\"https:\/\/druidebio.com\/fr\/boutique\/\"},{\"@type\":\"ListItem\",\"position\":3,\"name\":\"Savon Multi-Usages \u00c9cotrail (60ml)\"}]},{\"@type\":\"WebSite\",\"@id\":\"https:\/\/druidebio.com\/fr\/#website\",\"url\":\"https:\/\/druidebio.com\/fr\/\",\"name\":\"Laboratoires Druide\u00ae | Bio For Life\",\"description\":\"Natural and Organic Products. ECOCERT\u00ae Certified.\",\"publisher\":{\"@id\":\"https:\/\/druidebio.com\/fr\/#organization\"},\"alternateName\":\"Druide\",\"potentialAction\":[{\"@type\":\"SearchAction\",\"target\":{\"@type\":\"EntryPoint\",\"urlTemplate\":\"https:\/\/druidebio.com\/fr\/?s={search_term_string}\"},\"query-input\":{\"@type\":\"PropertyValueSpecification\",\"valueRequired\":true,\"valueName\":\"search_term_string\"}}],\"inLanguage\":\"fr-FR\"},{\"@type\":\"Organization\",\"@id\":\"https:\/\/druidebio.com\/fr\/#organization\",\"name\":\"Druide\",\"alternateName\":\"Laboratoires Druide\",\"url\":\"https:\/\/druidebio.com\/fr\/\",\"logo\":{\"@type\":\"ImageObject\",\"inLanguage\":\"fr-FR\",\"@id\":\"https:\/\/druidebio.com\/fr\/#\/schema\/logo\/image\/\",\"url\":\"https:\/\/druidebio.com\/wp-content\/uploads\/2022\/08\/logo-fav.png\",\"contentUrl\":\"https:\/\/druidebio.com\/wp-content\/uploads\/2022\/08\/logo-fav.png\",\"width\":512,\"height\":512,\"caption\":\"Druide\"},\"image\":{\"@id\":\"https:\/\/druidebio.com\/fr\/#\/schema\/logo\/image\/\"},\"sameAs\":[\"https:\/\/www.facebook.com\/infodruide\",\"https:\/\/www.instagram.com\/druidebio\/\",\"https:\/\/www.pinterest.ca\/DruideBioCanada\/\",\"https:\/\/www.youtube.com\/user\/DRUIDECANADA\"]}]}<\/script>\n<!-- \/ Yoast SEO plugin. -->","yoast_head_json":{"title":"Savon Multi-Usages \u00c9cotrail (60ml) | Laboratoires Druide\u00ae | Bio For Life","description":"D\u00e9couvrez le Savon Multi-usages Ecotrail, l\u2019ultime nettoyant \u00e9cologique qui condense plusieurs produits en un seul, pour une solution multifonctionnelle ! Pratique, il simplifie votre quotidien pendant vos aventures en rempla\u00e7ant shampooing, gel douche, lessive, produit \u00e0 vaisselle\u2026, tout en respectant l'environnement qui vous accueille.","robots":{"index":"index","follow":"follow","max-snippet":"max-snippet:-1","max-image-preview":"max-image-preview:large","max-video-preview":"max-video-preview:-1"},"canonical":"https:\/\/druidebio.com\/fr\/produit\/savon-multi-usages-ecotrail-60ml\/","og_locale":"fr_FR","og_type":"article","og_title":"Savon Multi-Usages \u00c9cotrail (60ml) | Laboratoires Druide\u00ae | Bio For Life","og_description":"D\u00e9couvrez le Savon Multi-usages Ecotrail, l\u2019ultime nettoyant \u00e9cologique qui condense plusieurs produits en un seul, pour une solution multifonctionnelle ! Pratique, il simplifie votre quotidien pendant vos aventures en rempla\u00e7ant shampooing, gel douche, lessive, produit \u00e0 vaisselle\u2026, tout en respectant l'environnement qui vous accueille.","og_url":"https:\/\/druidebio.com\/fr\/produit\/savon-multi-usages-ecotrail-60ml\/","og_site_name":"Laboratoires Druide\u00ae | Bio For Life","article_publisher":"https:\/\/www.facebook.com\/infodruide","article_modified_time":"2026-03-20T02:00:03+00:00","og_image":[{"width":1200,"height":1200,"url":"https:\/\/druidebio.com\/wp-content\/uploads\/2024\/07\/Ecotrail-Multi-Purpose-Soap-60ml.jpg","type":"image\/jpeg"}],"twitter_card":"summary_large_image","schema":{"@context":"https:\/\/schema.org","@graph":[{"@type":["WebPage","ItemPage"],"@id":"https:\/\/druidebio.com\/fr\/produit\/savon-multi-usages-ecotrail-60ml\/","url":"https:\/\/druidebio.com\/fr\/produit\/savon-multi-usages-ecotrail-60ml\/","name":"Savon Multi-Usages \u00c9cotrail (60ml) | Laboratoires Druide\u00ae | Bio For Life","isPartOf":{"@id":"https:\/\/druidebio.com\/fr\/#website"},"primaryImageOfPage":{"@id":"https:\/\/druidebio.com\/fr\/produit\/savon-multi-usages-ecotrail-60ml\/#primaryimage"},"image":{"@id":"https:\/\/druidebio.com\/fr\/produit\/savon-multi-usages-ecotrail-60ml\/#primaryimage"},"thumbnailUrl":"https:\/\/druidebio.com\/wp-content\/uploads\/2024\/07\/Ecotrail-Multi-Purpose-Soap-60ml.jpg","datePublished":"2024-07-31T15:57:59+00:00","dateModified":"2026-03-20T02:00:03+00:00","description":"D\u00e9couvrez le Savon Multi-usages Ecotrail, l\u2019ultime nettoyant \u00e9cologique qui condense plusieurs produits en un seul, pour une solution multifonctionnelle ! Pratique, il simplifie votre quotidien pendant vos aventures en rempla\u00e7ant shampooing, gel douche, lessive, produit \u00e0 vaisselle\u2026, tout en respectant l'environnement qui vous accueille.","breadcrumb":{"@id":"https:\/\/druidebio.com\/fr\/produit\/savon-multi-usages-ecotrail-60ml\/#breadcrumb"},"inLanguage":"fr-FR","potentialAction":[{"@type":"ReadAction","target":["https:\/\/druidebio.com\/fr\/produit\/savon-multi-usages-ecotrail-60ml\/"]}]},{"@type":"ImageObject","inLanguage":"fr-FR","@id":"https:\/\/druidebio.com\/fr\/produit\/savon-multi-usages-ecotrail-60ml\/#primaryimage","url":"https:\/\/druidebio.com\/wp-content\/uploads\/2024\/07\/Ecotrail-Multi-Purpose-Soap-60ml.jpg","contentUrl":"https:\/\/druidebio.com\/wp-content\/uploads\/2024\/07\/Ecotrail-Multi-Purpose-Soap-60ml.jpg","width":1200,"height":1200,"caption":"Savon Multi-Usages \u00c9cotrail"},{"@type":"BreadcrumbList","@id":"https:\/\/druidebio.com\/fr\/produit\/savon-multi-usages-ecotrail-60ml\/#breadcrumb","itemListElement":[{"@type":"ListItem","position":1,"name":"Home","item":"https:\/\/druidebio.com\/fr\/"},{"@type":"ListItem","position":2,"name":"Boutique","item":"https:\/\/druidebio.com\/fr\/boutique\/"},{"@type":"ListItem","position":3,"name":"Savon Multi-Usages \u00c9cotrail (60ml)"}]},{"@type":"WebSite","@id":"https:\/\/druidebio.com\/fr\/#website","url":"https:\/\/druidebio.com\/fr\/","name":"Laboratoires Druide\u00ae | Bio For Life","description":"Natural and Organic Products. ECOCERT\u00ae Certified.","publisher":{"@id":"https:\/\/druidebio.com\/fr\/#organization"},"alternateName":"Druide","potentialAction":[{"@type":"SearchAction","target":{"@type":"EntryPoint","urlTemplate":"https:\/\/druidebio.com\/fr\/?s={search_term_string}"},"query-input":{"@type":"PropertyValueSpecification","valueRequired":true,"valueName":"search_term_string"}}],"inLanguage":"fr-FR"},{"@type":"Organization","@id":"https:\/\/druidebio.com\/fr\/#organization","name":"Druide","alternateName":"Laboratoires Druide","url":"https:\/\/druidebio.com\/fr\/","logo":{"@type":"ImageObject","inLanguage":"fr-FR","@id":"https:\/\/druidebio.com\/fr\/#\/schema\/logo\/image\/","url":"https:\/\/druidebio.com\/wp-content\/uploads\/2022\/08\/logo-fav.png","contentUrl":"https:\/\/druidebio.com\/wp-content\/uploads\/2022\/08\/logo-fav.png","width":512,"height":512,"caption":"Druide"},"image":{"@id":"https:\/\/druidebio.com\/fr\/#\/schema\/logo\/image\/"},"sameAs":["https:\/\/www.facebook.com\/infodruide","https:\/\/www.instagram.com\/druidebio\/","https:\/\/www.pinterest.ca\/DruideBioCanada\/","https:\/\/www.youtube.com\/user\/DRUIDECANADA"]}]}},"_links":{"self":[{"href":"https:\/\/druidebio.com\/fr\/wp-json\/wp\/v2\/product\/70467","targetHints":{"allow":["GET"]}}],"collection":[{"href":"https:\/\/druidebio.com\/fr\/wp-json\/wp\/v2\/product"}],"about":[{"href":"https:\/\/druidebio.com\/fr\/wp-json\/wp\/v2\/types\/product"}],"replies":[{"embeddable":true,"href":"https:\/\/druidebio.com\/fr\/wp-json\/wp\/v2\/comments?post=70467"}],"wp:featuredmedia":[{"embeddable":true,"href":"https:\/\/druidebio.com\/fr\/wp-json\/wp\/v2\/media\/70470"}],"wp:attachment":[{"href":"https:\/\/druidebio.com\/fr\/wp-json\/wp\/v2\/media?parent=70467"}],"wp:term":[{"taxonomy":"product_brand","embeddable":true,"href":"https:\/\/druidebio.com\/fr\/wp-json\/wp\/v2\/product_brand?post=70467"},{"taxonomy":"product_cat","embeddable":true,"href":"https:\/\/druidebio.com\/fr\/wp-json\/wp\/v2\/product_cat?post=70467"},{"taxonomy":"product_tag","embeddable":true,"href":"https:\/\/druidebio.com\/fr\/wp-json\/wp\/v2\/product_tag?post=70467"},{"taxonomy":"giftcard-category","embeddable":true,"href":"https:\/\/druidebio.com\/fr\/wp-json\/wp\/v2\/giftcard-category?post=70467"}],"curies":[{"name":"wp","href":"https:\/\/api.w.org\/{rel}","templated":true}]}}