{"id":70438,"date":"2024-07-30T13:12:58","date_gmt":"2024-07-30T17:12:58","guid":{"rendered":"https:\/\/druidebio.com\/product\/ecotrail-natural-anti-perspirant\/"},"modified":"2026-04-07T20:59:16","modified_gmt":"2026-04-08T00:59:16","slug":"anti-sudorifique-bio-ecotrail","status":"publish","type":"product","link":"https:\/\/druidebio.com\/fr\/produit\/anti-sudorifique-bio-ecotrail\/","title":{"rendered":"Anti-Sudorifique Bio \u00c9cotrail"},"content":{"rendered":"<h2>Bonjour Protection longue dur\u00e9e. Aurevoir la sueur lors de vos exp\u00e9ditions en nature<\/h2>\n<p>Dites adieu aux produits chimiques agressifs et bonjour \u00e0 la fra\u00eecheur naturelle gr\u00e2ce \u00e0 notre Antisudorifique r\u00e9volutionnaire sans aluminium. Con\u00e7u sp\u00e9cialement pour les amateurs de plein air.<\/p>\n<p>Ce produit exceptionnel incorpore les meilleurs ingr\u00e9dients naturels, offrant un contr\u00f4le durable des odeurs tout en \u00e9tant doux pour la peau.<\/p>\n<p>Notre formule sans aluminium est tr\u00e8s douce pour la peau, ce qui garantit l&rsquo;absence d&rsquo;irritation et de taches, en plus de son efficacit\u00e9 pendant 24 heures. Sans aluminium, bicarbonate ni alcool, elle est id\u00e9ale pour les peaux sensibles et vous permet de rester frais et confortable pendant toutes vos activit\u00e9s de plein air.<\/p>\n<p>B\u00e9n\u00e9ficiant du pouvoir de la nature, l&rsquo;antisudorifique Bio contient des ingr\u00e9dients naturels qui neutralisent les odeurs tout en nourrissant et en apaisant votre peau, la laissant douce et lisse tout au long de la journ\u00e9e.<\/p>\n<p>Gr\u00e2ce \u00e0 notre formule anti-odeurs avanc\u00e9e, vous pouvez profiter d&rsquo;un contr\u00f4le imbattable des odeurs. Que vous fassiez de la randonn\u00e9e, du camping ou que vous participiez \u00e0 une aventure en plein air, notre antisudorifique vous permet de vous sentir frais et confiant, en bloquant les odeurs et en vous assurant de sentir bon tout au long de vos activit\u00e9s.<\/p>\n","protected":false},"excerpt":{"rendered":"<p>D\u00e9couvrez la puissance de notre Antisudorifique naturel sans aluminium ! Riche en ingr\u00e9dients naturels, cette formule sans alcool vous offre un contr\u00f4le imbattable des odeurs tout en gardant votre peau fra\u00eeche et saine pendant 24 heures.<\/p>\n<ul>\n<li class=\"bullet-arrow\"><strong>Texture <\/strong>: B\u00e2ton<\/li>\n<li class=\"bullet-arrow\"><strong>Odeur <\/strong>: Eucalyptus Citronn\u00e9<\/li>\n<li class=\"bullet-arrow\"><strong>Format <\/strong>: 60 g \u2013 2.1 US oz.<\/li>\n<\/ul>\n<div class=\"row row-full-width align-equal\"  id=\"row-2046807377\">\n\t<div id=\"col-627438571\" class=\"col small-12 large-12\"  >\n\t\t\t\t<div class=\"col-inner\"  >\n\t\t\t\n\t\t\t\n\n  \n    <div class=\"row large-columns-8 medium-columns-8 small-columns-8 row-xsmall\" >\n  <div class=\"gallery-col col\" >\n          <div class=\"col-inner\">\n                        <div class=\"box has-hover gallery-box box-none\">\n              <div class=\"box-image\" >\n                <img width=\"1\" height=\"1\" src=\"https:\/\/druidebio.com\/wp-content\/uploads\/2023\/07\/EcoCert.svg\" class=\"attachment-medium size-medium\" alt=\"\" ids=\"861,864,863,865,862\" style=\"none\" lightbox=\"false\" col_spacing=\"xsmall\" columns=\"8\" columns__sm=\"8\" columns__md=\"8\" decoding=\"async\" loading=\"lazy\" \/>                                                              <\/div>\n              <div class=\"box-text text-left\" >\n                 <p><\/p>\n              <\/div>\n            <\/div>\n                      <\/div>\n         <\/div><div class=\"gallery-col col\" >\n          <div class=\"col-inner\">\n                        <div class=\"box has-hover gallery-box box-none\">\n              <div class=\"box-image\" >\n                <img width=\"1\" height=\"1\" src=\"https:\/\/druidebio.com\/wp-content\/uploads\/2023\/07\/Not_Tested_Animals.svg\" class=\"attachment-medium size-medium\" alt=\"\" ids=\"861,864,863,865,862\" style=\"none\" lightbox=\"false\" col_spacing=\"xsmall\" columns=\"8\" columns__sm=\"8\" columns__md=\"8\" decoding=\"async\" loading=\"lazy\" \/>                                                              <\/div>\n              <div class=\"box-text text-left\" >\n                 <p><\/p>\n              <\/div>\n            <\/div>\n                      <\/div>\n         <\/div><div class=\"gallery-col col\" >\n          <div class=\"col-inner\">\n                        <div class=\"box has-hover gallery-box box-none\">\n              <div class=\"box-image\" >\n                <img width=\"1\" height=\"1\" src=\"https:\/\/druidebio.com\/wp-content\/uploads\/2023\/07\/NoGMO.svg\" class=\"attachment-medium size-medium\" alt=\"\" ids=\"861,864,863,865,862\" style=\"none\" lightbox=\"false\" col_spacing=\"xsmall\" columns=\"8\" columns__sm=\"8\" columns__md=\"8\" decoding=\"async\" loading=\"lazy\" \/>                                                              <\/div>\n              <div class=\"box-text text-left\" >\n                 <p><\/p>\n              <\/div>\n            <\/div>\n                      <\/div>\n         <\/div><div class=\"gallery-col col\" >\n          <div class=\"col-inner\">\n                        <div class=\"box has-hover gallery-box box-none\">\n              <div class=\"box-image\" >\n                <img width=\"1\" height=\"1\" src=\"https:\/\/druidebio.com\/wp-content\/uploads\/2023\/07\/Recyclable.svg\" class=\"attachment-medium size-medium\" alt=\"\" ids=\"861,864,863,865,862\" style=\"none\" lightbox=\"false\" col_spacing=\"xsmall\" columns=\"8\" columns__sm=\"8\" columns__md=\"8\" decoding=\"async\" loading=\"lazy\" \/>                                                              <\/div>\n              <div class=\"box-text text-left\" >\n                 <p><\/p>\n              <\/div>\n            <\/div>\n                      <\/div>\n         <\/div><div class=\"gallery-col col\" >\n          <div class=\"col-inner\">\n                        <div class=\"box has-hover gallery-box box-none\">\n              <div class=\"box-image\" >\n                <img width=\"1\" height=\"1\" src=\"https:\/\/druidebio.com\/wp-content\/uploads\/2023\/07\/Gluten_Free.svg\" class=\"attachment-medium size-medium\" alt=\"\" ids=\"861,864,863,865,862\" style=\"none\" lightbox=\"false\" col_spacing=\"xsmall\" columns=\"8\" columns__sm=\"8\" columns__md=\"8\" decoding=\"async\" loading=\"lazy\" \/>                                                              <\/div>\n              <div class=\"box-text text-left\" >\n                 <p><\/p>\n              <\/div>\n            <\/div>\n                      <\/div>\n         <\/div><\/div>\n\t\t<\/div>\n\t\t\t\t\t<\/div>\n\n\t<\/div>\n","protected":false},"featured_media":70437,"comment_status":"open","ping_status":"closed","template":"","meta":[],"product_brand":[],"product_cat":[107,102,93],"product_tag":[],"giftcard-category":[],"class_list":{"0":"post-70438","1":"product","2":"type-product","3":"status-publish","4":"has-post-thumbnail","6":"product_cat-deodorants-fr","7":"product_cat-druide-ecotrail-fr","8":"product_cat-soins-corps","10":"first","11":"instock","12":"taxable","13":"shipping-taxable","14":"purchasable","15":"product-type-simple"},"yoast_head":"<!-- This site is optimized with the Yoast SEO plugin v27.1.1 - https:\/\/yoast.com\/product\/yoast-seo-wordpress\/ -->\n<title>Anti-Sudorifique Bio \u00c9cotrail | Laboratoires Druide\u00ae | Bio For Life<\/title>\n<meta name=\"description\" content=\"D\u00e9couvrez notre Antisudorifique naturel sans aluminium qui vous offre un contr\u00f4le imbattable des odeurs gr\u00e2ce \u00e0 sa formule unique sans alcool.\" \/>\n<meta name=\"robots\" content=\"index, follow, max-snippet:-1, max-image-preview:large, max-video-preview:-1\" \/>\n<link rel=\"canonical\" href=\"https:\/\/druidebio.com\/fr\/produit\/anti-sudorifique-bio-ecotrail\/\" \/>\n<meta property=\"og:locale\" content=\"fr_FR\" \/>\n<meta property=\"og:type\" content=\"article\" \/>\n<meta property=\"og:title\" content=\"Anti-Sudorifique Bio \u00c9cotrail | Laboratoires Druide\u00ae | Bio For Life\" \/>\n<meta property=\"og:description\" content=\"D\u00e9couvrez notre Antisudorifique naturel sans aluminium qui vous offre un contr\u00f4le imbattable des odeurs gr\u00e2ce \u00e0 sa formule unique sans alcool.\" \/>\n<meta property=\"og:url\" content=\"https:\/\/druidebio.com\/fr\/produit\/anti-sudorifique-bio-ecotrail\/\" \/>\n<meta property=\"og:site_name\" content=\"Laboratoires Druide\u00ae | Bio For Life\" \/>\n<meta property=\"article:publisher\" content=\"https:\/\/www.facebook.com\/infodruide\" \/>\n<meta property=\"article:modified_time\" content=\"2026-04-08T00:59:16+00:00\" \/>\n<meta property=\"og:image\" content=\"https:\/\/druidebio.com\/wp-content\/uploads\/2024\/07\/Ecotrail-Natural-Anti-Perspirant.jpg\" \/>\n\t<meta property=\"og:image:width\" content=\"1200\" \/>\n\t<meta property=\"og:image:height\" content=\"1200\" \/>\n\t<meta property=\"og:image:type\" content=\"image\/jpeg\" \/>\n<meta name=\"twitter:card\" content=\"summary_large_image\" \/>\n<script type=\"application\/ld+json\" class=\"yoast-schema-graph\">{\"@context\":\"https:\/\/schema.org\",\"@graph\":[{\"@type\":[\"WebPage\",\"ItemPage\"],\"@id\":\"https:\/\/druidebio.com\/fr\/produit\/anti-sudorifique-bio-ecotrail\/\",\"url\":\"https:\/\/druidebio.com\/fr\/produit\/anti-sudorifique-bio-ecotrail\/\",\"name\":\"Anti-Sudorifique Bio \u00c9cotrail | Laboratoires Druide\u00ae | Bio For Life\",\"isPartOf\":{\"@id\":\"https:\/\/druidebio.com\/fr\/#website\"},\"primaryImageOfPage\":{\"@id\":\"https:\/\/druidebio.com\/fr\/produit\/anti-sudorifique-bio-ecotrail\/#primaryimage\"},\"image\":{\"@id\":\"https:\/\/druidebio.com\/fr\/produit\/anti-sudorifique-bio-ecotrail\/#primaryimage\"},\"thumbnailUrl\":\"https:\/\/druidebio.com\/wp-content\/uploads\/2024\/07\/Ecotrail-Natural-Anti-Perspirant.jpg\",\"datePublished\":\"2024-07-30T17:12:58+00:00\",\"dateModified\":\"2026-04-08T00:59:16+00:00\",\"description\":\"D\u00e9couvrez notre Antisudorifique naturel sans aluminium qui vous offre un contr\u00f4le imbattable des odeurs gr\u00e2ce \u00e0 sa formule unique sans alcool.\",\"breadcrumb\":{\"@id\":\"https:\/\/druidebio.com\/fr\/produit\/anti-sudorifique-bio-ecotrail\/#breadcrumb\"},\"inLanguage\":\"fr-FR\",\"potentialAction\":[{\"@type\":\"ReadAction\",\"target\":[\"https:\/\/druidebio.com\/fr\/produit\/anti-sudorifique-bio-ecotrail\/\"]}]},{\"@type\":\"ImageObject\",\"inLanguage\":\"fr-FR\",\"@id\":\"https:\/\/druidebio.com\/fr\/produit\/anti-sudorifique-bio-ecotrail\/#primaryimage\",\"url\":\"https:\/\/druidebio.com\/wp-content\/uploads\/2024\/07\/Ecotrail-Natural-Anti-Perspirant.jpg\",\"contentUrl\":\"https:\/\/druidebio.com\/wp-content\/uploads\/2024\/07\/Ecotrail-Natural-Anti-Perspirant.jpg\",\"width\":1200,\"height\":1200,\"caption\":\"Anti-Sudorifique Bio \u00c9cotrail\"},{\"@type\":\"BreadcrumbList\",\"@id\":\"https:\/\/druidebio.com\/fr\/produit\/anti-sudorifique-bio-ecotrail\/#breadcrumb\",\"itemListElement\":[{\"@type\":\"ListItem\",\"position\":1,\"name\":\"Home\",\"item\":\"https:\/\/druidebio.com\/fr\/\"},{\"@type\":\"ListItem\",\"position\":2,\"name\":\"Boutique\",\"item\":\"https:\/\/druidebio.com\/fr\/boutique\/\"},{\"@type\":\"ListItem\",\"position\":3,\"name\":\"Anti-Sudorifique Bio \u00c9cotrail\"}]},{\"@type\":\"WebSite\",\"@id\":\"https:\/\/druidebio.com\/fr\/#website\",\"url\":\"https:\/\/druidebio.com\/fr\/\",\"name\":\"Laboratoires Druide\u00ae | Bio For Life\",\"description\":\"Natural and Organic Products. ECOCERT\u00ae Certified.\",\"publisher\":{\"@id\":\"https:\/\/druidebio.com\/fr\/#organization\"},\"alternateName\":\"Druide\",\"potentialAction\":[{\"@type\":\"SearchAction\",\"target\":{\"@type\":\"EntryPoint\",\"urlTemplate\":\"https:\/\/druidebio.com\/fr\/?s={search_term_string}\"},\"query-input\":{\"@type\":\"PropertyValueSpecification\",\"valueRequired\":true,\"valueName\":\"search_term_string\"}}],\"inLanguage\":\"fr-FR\"},{\"@type\":\"Organization\",\"@id\":\"https:\/\/druidebio.com\/fr\/#organization\",\"name\":\"Druide\",\"alternateName\":\"Laboratoires Druide\",\"url\":\"https:\/\/druidebio.com\/fr\/\",\"logo\":{\"@type\":\"ImageObject\",\"inLanguage\":\"fr-FR\",\"@id\":\"https:\/\/druidebio.com\/fr\/#\/schema\/logo\/image\/\",\"url\":\"https:\/\/druidebio.com\/wp-content\/uploads\/2022\/08\/logo-fav.png\",\"contentUrl\":\"https:\/\/druidebio.com\/wp-content\/uploads\/2022\/08\/logo-fav.png\",\"width\":512,\"height\":512,\"caption\":\"Druide\"},\"image\":{\"@id\":\"https:\/\/druidebio.com\/fr\/#\/schema\/logo\/image\/\"},\"sameAs\":[\"https:\/\/www.facebook.com\/infodruide\",\"https:\/\/www.instagram.com\/druidebio\/\",\"https:\/\/www.pinterest.ca\/DruideBioCanada\/\",\"https:\/\/www.youtube.com\/user\/DRUIDECANADA\"]}]}<\/script>\n<!-- \/ Yoast SEO plugin. -->","yoast_head_json":{"title":"Anti-Sudorifique Bio \u00c9cotrail | Laboratoires Druide\u00ae | Bio For Life","description":"D\u00e9couvrez notre Antisudorifique naturel sans aluminium qui vous offre un contr\u00f4le imbattable des odeurs gr\u00e2ce \u00e0 sa formule unique sans alcool.","robots":{"index":"index","follow":"follow","max-snippet":"max-snippet:-1","max-image-preview":"max-image-preview:large","max-video-preview":"max-video-preview:-1"},"canonical":"https:\/\/druidebio.com\/fr\/produit\/anti-sudorifique-bio-ecotrail\/","og_locale":"fr_FR","og_type":"article","og_title":"Anti-Sudorifique Bio \u00c9cotrail | Laboratoires Druide\u00ae | Bio For Life","og_description":"D\u00e9couvrez notre Antisudorifique naturel sans aluminium qui vous offre un contr\u00f4le imbattable des odeurs gr\u00e2ce \u00e0 sa formule unique sans alcool.","og_url":"https:\/\/druidebio.com\/fr\/produit\/anti-sudorifique-bio-ecotrail\/","og_site_name":"Laboratoires Druide\u00ae | Bio For Life","article_publisher":"https:\/\/www.facebook.com\/infodruide","article_modified_time":"2026-04-08T00:59:16+00:00","og_image":[{"width":1200,"height":1200,"url":"https:\/\/druidebio.com\/wp-content\/uploads\/2024\/07\/Ecotrail-Natural-Anti-Perspirant.jpg","type":"image\/jpeg"}],"twitter_card":"summary_large_image","schema":{"@context":"https:\/\/schema.org","@graph":[{"@type":["WebPage","ItemPage"],"@id":"https:\/\/druidebio.com\/fr\/produit\/anti-sudorifique-bio-ecotrail\/","url":"https:\/\/druidebio.com\/fr\/produit\/anti-sudorifique-bio-ecotrail\/","name":"Anti-Sudorifique Bio \u00c9cotrail | Laboratoires Druide\u00ae | Bio For Life","isPartOf":{"@id":"https:\/\/druidebio.com\/fr\/#website"},"primaryImageOfPage":{"@id":"https:\/\/druidebio.com\/fr\/produit\/anti-sudorifique-bio-ecotrail\/#primaryimage"},"image":{"@id":"https:\/\/druidebio.com\/fr\/produit\/anti-sudorifique-bio-ecotrail\/#primaryimage"},"thumbnailUrl":"https:\/\/druidebio.com\/wp-content\/uploads\/2024\/07\/Ecotrail-Natural-Anti-Perspirant.jpg","datePublished":"2024-07-30T17:12:58+00:00","dateModified":"2026-04-08T00:59:16+00:00","description":"D\u00e9couvrez notre Antisudorifique naturel sans aluminium qui vous offre un contr\u00f4le imbattable des odeurs gr\u00e2ce \u00e0 sa formule unique sans alcool.","breadcrumb":{"@id":"https:\/\/druidebio.com\/fr\/produit\/anti-sudorifique-bio-ecotrail\/#breadcrumb"},"inLanguage":"fr-FR","potentialAction":[{"@type":"ReadAction","target":["https:\/\/druidebio.com\/fr\/produit\/anti-sudorifique-bio-ecotrail\/"]}]},{"@type":"ImageObject","inLanguage":"fr-FR","@id":"https:\/\/druidebio.com\/fr\/produit\/anti-sudorifique-bio-ecotrail\/#primaryimage","url":"https:\/\/druidebio.com\/wp-content\/uploads\/2024\/07\/Ecotrail-Natural-Anti-Perspirant.jpg","contentUrl":"https:\/\/druidebio.com\/wp-content\/uploads\/2024\/07\/Ecotrail-Natural-Anti-Perspirant.jpg","width":1200,"height":1200,"caption":"Anti-Sudorifique Bio \u00c9cotrail"},{"@type":"BreadcrumbList","@id":"https:\/\/druidebio.com\/fr\/produit\/anti-sudorifique-bio-ecotrail\/#breadcrumb","itemListElement":[{"@type":"ListItem","position":1,"name":"Home","item":"https:\/\/druidebio.com\/fr\/"},{"@type":"ListItem","position":2,"name":"Boutique","item":"https:\/\/druidebio.com\/fr\/boutique\/"},{"@type":"ListItem","position":3,"name":"Anti-Sudorifique Bio \u00c9cotrail"}]},{"@type":"WebSite","@id":"https:\/\/druidebio.com\/fr\/#website","url":"https:\/\/druidebio.com\/fr\/","name":"Laboratoires Druide\u00ae | Bio For Life","description":"Natural and Organic Products. ECOCERT\u00ae Certified.","publisher":{"@id":"https:\/\/druidebio.com\/fr\/#organization"},"alternateName":"Druide","potentialAction":[{"@type":"SearchAction","target":{"@type":"EntryPoint","urlTemplate":"https:\/\/druidebio.com\/fr\/?s={search_term_string}"},"query-input":{"@type":"PropertyValueSpecification","valueRequired":true,"valueName":"search_term_string"}}],"inLanguage":"fr-FR"},{"@type":"Organization","@id":"https:\/\/druidebio.com\/fr\/#organization","name":"Druide","alternateName":"Laboratoires Druide","url":"https:\/\/druidebio.com\/fr\/","logo":{"@type":"ImageObject","inLanguage":"fr-FR","@id":"https:\/\/druidebio.com\/fr\/#\/schema\/logo\/image\/","url":"https:\/\/druidebio.com\/wp-content\/uploads\/2022\/08\/logo-fav.png","contentUrl":"https:\/\/druidebio.com\/wp-content\/uploads\/2022\/08\/logo-fav.png","width":512,"height":512,"caption":"Druide"},"image":{"@id":"https:\/\/druidebio.com\/fr\/#\/schema\/logo\/image\/"},"sameAs":["https:\/\/www.facebook.com\/infodruide","https:\/\/www.instagram.com\/druidebio\/","https:\/\/www.pinterest.ca\/DruideBioCanada\/","https:\/\/www.youtube.com\/user\/DRUIDECANADA"]}]}},"_links":{"self":[{"href":"https:\/\/druidebio.com\/fr\/wp-json\/wp\/v2\/product\/70438","targetHints":{"allow":["GET"]}}],"collection":[{"href":"https:\/\/druidebio.com\/fr\/wp-json\/wp\/v2\/product"}],"about":[{"href":"https:\/\/druidebio.com\/fr\/wp-json\/wp\/v2\/types\/product"}],"replies":[{"embeddable":true,"href":"https:\/\/druidebio.com\/fr\/wp-json\/wp\/v2\/comments?post=70438"}],"wp:featuredmedia":[{"embeddable":true,"href":"https:\/\/druidebio.com\/fr\/wp-json\/wp\/v2\/media\/70437"}],"wp:attachment":[{"href":"https:\/\/druidebio.com\/fr\/wp-json\/wp\/v2\/media?parent=70438"}],"wp:term":[{"taxonomy":"product_brand","embeddable":true,"href":"https:\/\/druidebio.com\/fr\/wp-json\/wp\/v2\/product_brand?post=70438"},{"taxonomy":"product_cat","embeddable":true,"href":"https:\/\/druidebio.com\/fr\/wp-json\/wp\/v2\/product_cat?post=70438"},{"taxonomy":"product_tag","embeddable":true,"href":"https:\/\/druidebio.com\/fr\/wp-json\/wp\/v2\/product_tag?post=70438"},{"taxonomy":"giftcard-category","embeddable":true,"href":"https:\/\/druidebio.com\/fr\/wp-json\/wp\/v2\/giftcard-category?post=70438"}],"curies":[{"name":"wp","href":"https:\/\/api.w.org\/{rel}","templated":true}]}}