{"id":70433,"date":"2024-07-30T12:49:03","date_gmt":"2024-07-30T16:49:03","guid":{"rendered":"https:\/\/druidebio.com\/product\/ecotrail-solid-toothpaste-tablets\/"},"modified":"2026-04-27T09:59:23","modified_gmt":"2026-04-27T13:59:23","slug":"dentifrice-solide-ecotrail","status":"publish","type":"product","link":"https:\/\/druidebio.com\/fr\/produit\/dentifrice-solide-ecotrail\/","title":{"rendered":"Dentifrice Solide \u00c9cotrail"},"content":{"rendered":"<h2>Des dents fra\u00eeches et prot\u00e9g\u00e9es pour un mode de vie actif<\/h2>\n<p>Voici notre dentifrice \u00e0 la menthe solide, con\u00e7u pour les amateurs de plein air qui accordent de l&rsquo;importance aux soins dentaires naturels et biologiques. Fabriqu\u00e9 avec les meilleurs ingr\u00e9dients enti\u00e8rement naturels, ce dentifrice assure une hygi\u00e8ne buccale exceptionnelle lors de toutes vos aventures.<\/p>\n<p>Ce dentifrice \u00e0 la menthe solide offre un go\u00fbt de menthe rafra\u00eechissant tout en \u00e9tant exempt de produits chimiques nocifs et d&rsquo;additifs artificiels. Il est parfait pour ceux qui accordent la priorit\u00e9 \u00e0 leur sant\u00e9 et \u00e0 la protection de l&rsquo;environnement. Pratique et facile \u00e0 transporter, ce produit est id\u00e9al pour le camping, la randonn\u00e9e et toutes les activit\u00e9s en d\u00e9placement.<\/p>\n<p>Gardez votre bouche fra\u00eeche et propre avec notre dentifrice \u00e9cologique de premi\u00e8re qualit\u00e9, con\u00e7u pour une exp\u00e9rience de brossage saine et revigorante, o\u00f9 que vous soyez.<\/p>\n","protected":false},"excerpt":{"rendered":"<p>Gardez vos dents fra\u00eeches et propres o\u00f9 que vous alliez avec le dentifrice \u00e0 la menthe solide de Druide pendant vos activit\u00e9s de plein air. Formul\u00e9 \u00e0 partir d&rsquo;ingr\u00e9dients 100% biologiques, le dentifrice Druide est con\u00e7u pour assurer une hygi\u00e8ne bucco-dentaire durable pour toutes vos activit\u00e9s de plein air.<\/p>\n<ul>\n<li class=\"bullet-arrow\"><strong>Texture <\/strong>: Solid<\/li>\n<li class=\"bullet-arrow\"><strong>Odeur <\/strong>: Menthe<\/li>\n<li class=\"bullet-arrow\"><strong>Format<\/strong>: 40 g \u2013 1.4 US oz. (70 Tablets)<\/li>\n<\/ul>\n<div class=\"row row-full-width align-equal\"  id=\"row-1372344273\">\n\t<div id=\"col-1043275173\" class=\"col small-12 large-12\"  >\n\t\t\t\t<div class=\"col-inner\"  >\n\t\t\t\n\t\t\t\n\n  \n    <div class=\"row large-columns-8 medium-columns-8 small-columns-8 row-xsmall\" >\n  <div class=\"gallery-col col\" >\n          <div class=\"col-inner\">\n                        <div class=\"box has-hover gallery-box box-none\">\n              <div class=\"box-image\" >\n                <img width=\"1\" height=\"1\" src=\"https:\/\/druidebio.com\/wp-content\/uploads\/2023\/07\/EcoCert.svg\" class=\"attachment-medium size-medium\" alt=\"\" ids=\"861,864,863,865,862\" style=\"none\" lightbox=\"false\" col_spacing=\"xsmall\" columns=\"8\" columns__sm=\"8\" columns__md=\"8\" decoding=\"async\" loading=\"lazy\" \/>                                                              <\/div>\n              <div class=\"box-text text-left\" >\n                 <p><\/p>\n              <\/div>\n            <\/div>\n                      <\/div>\n         <\/div><div class=\"gallery-col col\" >\n          <div class=\"col-inner\">\n                        <div class=\"box has-hover gallery-box box-none\">\n              <div class=\"box-image\" >\n                <img width=\"1\" height=\"1\" src=\"https:\/\/druidebio.com\/wp-content\/uploads\/2023\/07\/Not_Tested_Animals.svg\" class=\"attachment-medium size-medium\" alt=\"\" ids=\"861,864,863,865,862\" style=\"none\" lightbox=\"false\" col_spacing=\"xsmall\" columns=\"8\" columns__sm=\"8\" columns__md=\"8\" decoding=\"async\" loading=\"lazy\" \/>                                                              <\/div>\n              <div class=\"box-text text-left\" >\n                 <p><\/p>\n              <\/div>\n            <\/div>\n                      <\/div>\n         <\/div><div class=\"gallery-col col\" >\n          <div class=\"col-inner\">\n                        <div class=\"box has-hover gallery-box box-none\">\n              <div class=\"box-image\" >\n                <img width=\"1\" height=\"1\" src=\"https:\/\/druidebio.com\/wp-content\/uploads\/2023\/07\/NoGMO.svg\" class=\"attachment-medium size-medium\" alt=\"\" ids=\"861,864,863,865,862\" style=\"none\" lightbox=\"false\" col_spacing=\"xsmall\" columns=\"8\" columns__sm=\"8\" columns__md=\"8\" decoding=\"async\" loading=\"lazy\" \/>                                                              <\/div>\n              <div class=\"box-text text-left\" >\n                 <p><\/p>\n              <\/div>\n            <\/div>\n                      <\/div>\n         <\/div><div class=\"gallery-col col\" >\n          <div class=\"col-inner\">\n                        <div class=\"box has-hover gallery-box box-none\">\n              <div class=\"box-image\" >\n                <img width=\"1\" height=\"1\" src=\"https:\/\/druidebio.com\/wp-content\/uploads\/2023\/07\/Recyclable.svg\" class=\"attachment-medium size-medium\" alt=\"\" ids=\"861,864,863,865,862\" style=\"none\" lightbox=\"false\" col_spacing=\"xsmall\" columns=\"8\" columns__sm=\"8\" columns__md=\"8\" decoding=\"async\" loading=\"lazy\" \/>                                                              <\/div>\n              <div class=\"box-text text-left\" >\n                 <p><\/p>\n              <\/div>\n            <\/div>\n                      <\/div>\n         <\/div><div class=\"gallery-col col\" >\n          <div class=\"col-inner\">\n                        <div class=\"box has-hover gallery-box box-none\">\n              <div class=\"box-image\" >\n                <img width=\"1\" height=\"1\" src=\"https:\/\/druidebio.com\/wp-content\/uploads\/2023\/07\/Gluten_Free.svg\" class=\"attachment-medium size-medium\" alt=\"\" ids=\"861,864,863,865,862\" style=\"none\" lightbox=\"false\" col_spacing=\"xsmall\" columns=\"8\" columns__sm=\"8\" columns__md=\"8\" decoding=\"async\" loading=\"lazy\" \/>                                                              <\/div>\n              <div class=\"box-text text-left\" >\n                 <p><\/p>\n              <\/div>\n            <\/div>\n                      <\/div>\n         <\/div><\/div>\n\t\t<\/div>\n\t\t\t\t\t<\/div>\n\n\t<\/div>\n","protected":false},"featured_media":70432,"comment_status":"open","ping_status":"closed","template":"","meta":[],"product_brand":[],"product_cat":[118,102,96],"product_tag":[],"giftcard-category":[],"class_list":{"0":"post-70433","1":"product","2":"type-product","3":"status-publish","4":"has-post-thumbnail","6":"product_cat-dentifrices","7":"product_cat-druide-ecotrail-fr","8":"product_cat-hygiene-fr","10":"first","11":"outofstock","12":"taxable","13":"shipping-taxable","14":"purchasable","15":"product-type-simple"},"yoast_head":"<!-- This site is optimized with the Yoast SEO plugin v27.1.1 - https:\/\/yoast.com\/product\/yoast-seo-wordpress\/ -->\n<title>Dentifrice Solide \u00c9cotrail | Laboratoires Druide\u00ae | Bio For Life<\/title>\n<meta name=\"description\" content=\"Profitez d&#039;une hygi\u00e8ne bucco-dentaire de premier ordre avec notre dentifrice enti\u00e8rement naturel, con\u00e7u pour une exp\u00e9rience saine et rafra\u00eechissante gr\u00e2ce \u00e0 ses ingr\u00e9dients 100 % biologiques.\" \/>\n<meta name=\"robots\" content=\"index, follow, max-snippet:-1, max-image-preview:large, max-video-preview:-1\" \/>\n<link rel=\"canonical\" href=\"https:\/\/druidebio.com\/fr\/produit\/dentifrice-solide-ecotrail\/\" \/>\n<meta property=\"og:locale\" content=\"fr_FR\" \/>\n<meta property=\"og:type\" content=\"article\" \/>\n<meta property=\"og:title\" content=\"Dentifrice Solide \u00c9cotrail | Laboratoires Druide\u00ae | Bio For Life\" \/>\n<meta property=\"og:description\" content=\"Profitez d&#039;une hygi\u00e8ne bucco-dentaire de premier ordre avec notre dentifrice enti\u00e8rement naturel, con\u00e7u pour une exp\u00e9rience saine et rafra\u00eechissante gr\u00e2ce \u00e0 ses ingr\u00e9dients 100 % biologiques.\" \/>\n<meta property=\"og:url\" content=\"https:\/\/druidebio.com\/fr\/produit\/dentifrice-solide-ecotrail\/\" \/>\n<meta property=\"og:site_name\" content=\"Laboratoires Druide\u00ae | Bio For Life\" \/>\n<meta property=\"article:publisher\" content=\"https:\/\/www.facebook.com\/infodruide\" \/>\n<meta property=\"article:modified_time\" content=\"2026-04-27T13:59:23+00:00\" \/>\n<meta property=\"og:image\" content=\"https:\/\/druidebio.com\/wp-content\/uploads\/2024\/07\/Ecotrail-Solid-Toothpaste.jpg\" \/>\n\t<meta property=\"og:image:width\" content=\"1200\" \/>\n\t<meta property=\"og:image:height\" content=\"1200\" \/>\n\t<meta property=\"og:image:type\" content=\"image\/jpeg\" \/>\n<meta name=\"twitter:card\" content=\"summary_large_image\" \/>\n<script type=\"application\/ld+json\" class=\"yoast-schema-graph\">{\"@context\":\"https:\/\/schema.org\",\"@graph\":[{\"@type\":[\"WebPage\",\"ItemPage\"],\"@id\":\"https:\/\/druidebio.com\/fr\/produit\/dentifrice-solide-ecotrail\/\",\"url\":\"https:\/\/druidebio.com\/fr\/produit\/dentifrice-solide-ecotrail\/\",\"name\":\"Dentifrice Solide \u00c9cotrail | Laboratoires Druide\u00ae | Bio For Life\",\"isPartOf\":{\"@id\":\"https:\/\/druidebio.com\/fr\/#website\"},\"primaryImageOfPage\":{\"@id\":\"https:\/\/druidebio.com\/fr\/produit\/dentifrice-solide-ecotrail\/#primaryimage\"},\"image\":{\"@id\":\"https:\/\/druidebio.com\/fr\/produit\/dentifrice-solide-ecotrail\/#primaryimage\"},\"thumbnailUrl\":\"https:\/\/druidebio.com\/wp-content\/uploads\/2024\/07\/Ecotrail-Solid-Toothpaste.jpg\",\"datePublished\":\"2024-07-30T16:49:03+00:00\",\"dateModified\":\"2026-04-27T13:59:23+00:00\",\"description\":\"Profitez d'une hygi\u00e8ne bucco-dentaire de premier ordre avec notre dentifrice enti\u00e8rement naturel, con\u00e7u pour une exp\u00e9rience saine et rafra\u00eechissante gr\u00e2ce \u00e0 ses ingr\u00e9dients 100 % biologiques.\",\"breadcrumb\":{\"@id\":\"https:\/\/druidebio.com\/fr\/produit\/dentifrice-solide-ecotrail\/#breadcrumb\"},\"inLanguage\":\"fr-FR\",\"potentialAction\":[{\"@type\":\"ReadAction\",\"target\":[\"https:\/\/druidebio.com\/fr\/produit\/dentifrice-solide-ecotrail\/\"]}]},{\"@type\":\"ImageObject\",\"inLanguage\":\"fr-FR\",\"@id\":\"https:\/\/druidebio.com\/fr\/produit\/dentifrice-solide-ecotrail\/#primaryimage\",\"url\":\"https:\/\/druidebio.com\/wp-content\/uploads\/2024\/07\/Ecotrail-Solid-Toothpaste.jpg\",\"contentUrl\":\"https:\/\/druidebio.com\/wp-content\/uploads\/2024\/07\/Ecotrail-Solid-Toothpaste.jpg\",\"width\":1200,\"height\":1200,\"caption\":\"Dentifrice Solide \u00c9cotrail\"},{\"@type\":\"BreadcrumbList\",\"@id\":\"https:\/\/druidebio.com\/fr\/produit\/dentifrice-solide-ecotrail\/#breadcrumb\",\"itemListElement\":[{\"@type\":\"ListItem\",\"position\":1,\"name\":\"Home\",\"item\":\"https:\/\/druidebio.com\/fr\/\"},{\"@type\":\"ListItem\",\"position\":2,\"name\":\"Boutique\",\"item\":\"https:\/\/druidebio.com\/fr\/boutique\/\"},{\"@type\":\"ListItem\",\"position\":3,\"name\":\"Dentifrice Solide \u00c9cotrail\"}]},{\"@type\":\"WebSite\",\"@id\":\"https:\/\/druidebio.com\/fr\/#website\",\"url\":\"https:\/\/druidebio.com\/fr\/\",\"name\":\"Laboratoires Druide\u00ae | Bio For Life\",\"description\":\"Natural and Organic Products. ECOCERT\u00ae Certified.\",\"publisher\":{\"@id\":\"https:\/\/druidebio.com\/fr\/#organization\"},\"alternateName\":\"Druide\",\"potentialAction\":[{\"@type\":\"SearchAction\",\"target\":{\"@type\":\"EntryPoint\",\"urlTemplate\":\"https:\/\/druidebio.com\/fr\/?s={search_term_string}\"},\"query-input\":{\"@type\":\"PropertyValueSpecification\",\"valueRequired\":true,\"valueName\":\"search_term_string\"}}],\"inLanguage\":\"fr-FR\"},{\"@type\":\"Organization\",\"@id\":\"https:\/\/druidebio.com\/fr\/#organization\",\"name\":\"Druide\",\"alternateName\":\"Laboratoires Druide\",\"url\":\"https:\/\/druidebio.com\/fr\/\",\"logo\":{\"@type\":\"ImageObject\",\"inLanguage\":\"fr-FR\",\"@id\":\"https:\/\/druidebio.com\/fr\/#\/schema\/logo\/image\/\",\"url\":\"https:\/\/druidebio.com\/wp-content\/uploads\/2022\/08\/logo-fav.png\",\"contentUrl\":\"https:\/\/druidebio.com\/wp-content\/uploads\/2022\/08\/logo-fav.png\",\"width\":512,\"height\":512,\"caption\":\"Druide\"},\"image\":{\"@id\":\"https:\/\/druidebio.com\/fr\/#\/schema\/logo\/image\/\"},\"sameAs\":[\"https:\/\/www.facebook.com\/infodruide\",\"https:\/\/www.instagram.com\/druidebio\/\",\"https:\/\/www.pinterest.ca\/DruideBioCanada\/\",\"https:\/\/www.youtube.com\/user\/DRUIDECANADA\"]}]}<\/script>\n<!-- \/ Yoast SEO plugin. -->","yoast_head_json":{"title":"Dentifrice Solide \u00c9cotrail | Laboratoires Druide\u00ae | Bio For Life","description":"Profitez d'une hygi\u00e8ne bucco-dentaire de premier ordre avec notre dentifrice enti\u00e8rement naturel, con\u00e7u pour une exp\u00e9rience saine et rafra\u00eechissante gr\u00e2ce \u00e0 ses ingr\u00e9dients 100 % biologiques.","robots":{"index":"index","follow":"follow","max-snippet":"max-snippet:-1","max-image-preview":"max-image-preview:large","max-video-preview":"max-video-preview:-1"},"canonical":"https:\/\/druidebio.com\/fr\/produit\/dentifrice-solide-ecotrail\/","og_locale":"fr_FR","og_type":"article","og_title":"Dentifrice Solide \u00c9cotrail | Laboratoires Druide\u00ae | Bio For Life","og_description":"Profitez d'une hygi\u00e8ne bucco-dentaire de premier ordre avec notre dentifrice enti\u00e8rement naturel, con\u00e7u pour une exp\u00e9rience saine et rafra\u00eechissante gr\u00e2ce \u00e0 ses ingr\u00e9dients 100 % biologiques.","og_url":"https:\/\/druidebio.com\/fr\/produit\/dentifrice-solide-ecotrail\/","og_site_name":"Laboratoires Druide\u00ae | Bio For Life","article_publisher":"https:\/\/www.facebook.com\/infodruide","article_modified_time":"2026-04-27T13:59:23+00:00","og_image":[{"width":1200,"height":1200,"url":"https:\/\/druidebio.com\/wp-content\/uploads\/2024\/07\/Ecotrail-Solid-Toothpaste.jpg","type":"image\/jpeg"}],"twitter_card":"summary_large_image","schema":{"@context":"https:\/\/schema.org","@graph":[{"@type":["WebPage","ItemPage"],"@id":"https:\/\/druidebio.com\/fr\/produit\/dentifrice-solide-ecotrail\/","url":"https:\/\/druidebio.com\/fr\/produit\/dentifrice-solide-ecotrail\/","name":"Dentifrice Solide \u00c9cotrail | Laboratoires Druide\u00ae | Bio For Life","isPartOf":{"@id":"https:\/\/druidebio.com\/fr\/#website"},"primaryImageOfPage":{"@id":"https:\/\/druidebio.com\/fr\/produit\/dentifrice-solide-ecotrail\/#primaryimage"},"image":{"@id":"https:\/\/druidebio.com\/fr\/produit\/dentifrice-solide-ecotrail\/#primaryimage"},"thumbnailUrl":"https:\/\/druidebio.com\/wp-content\/uploads\/2024\/07\/Ecotrail-Solid-Toothpaste.jpg","datePublished":"2024-07-30T16:49:03+00:00","dateModified":"2026-04-27T13:59:23+00:00","description":"Profitez d'une hygi\u00e8ne bucco-dentaire de premier ordre avec notre dentifrice enti\u00e8rement naturel, con\u00e7u pour une exp\u00e9rience saine et rafra\u00eechissante gr\u00e2ce \u00e0 ses ingr\u00e9dients 100 % biologiques.","breadcrumb":{"@id":"https:\/\/druidebio.com\/fr\/produit\/dentifrice-solide-ecotrail\/#breadcrumb"},"inLanguage":"fr-FR","potentialAction":[{"@type":"ReadAction","target":["https:\/\/druidebio.com\/fr\/produit\/dentifrice-solide-ecotrail\/"]}]},{"@type":"ImageObject","inLanguage":"fr-FR","@id":"https:\/\/druidebio.com\/fr\/produit\/dentifrice-solide-ecotrail\/#primaryimage","url":"https:\/\/druidebio.com\/wp-content\/uploads\/2024\/07\/Ecotrail-Solid-Toothpaste.jpg","contentUrl":"https:\/\/druidebio.com\/wp-content\/uploads\/2024\/07\/Ecotrail-Solid-Toothpaste.jpg","width":1200,"height":1200,"caption":"Dentifrice Solide \u00c9cotrail"},{"@type":"BreadcrumbList","@id":"https:\/\/druidebio.com\/fr\/produit\/dentifrice-solide-ecotrail\/#breadcrumb","itemListElement":[{"@type":"ListItem","position":1,"name":"Home","item":"https:\/\/druidebio.com\/fr\/"},{"@type":"ListItem","position":2,"name":"Boutique","item":"https:\/\/druidebio.com\/fr\/boutique\/"},{"@type":"ListItem","position":3,"name":"Dentifrice Solide \u00c9cotrail"}]},{"@type":"WebSite","@id":"https:\/\/druidebio.com\/fr\/#website","url":"https:\/\/druidebio.com\/fr\/","name":"Laboratoires Druide\u00ae | Bio For Life","description":"Natural and Organic Products. ECOCERT\u00ae Certified.","publisher":{"@id":"https:\/\/druidebio.com\/fr\/#organization"},"alternateName":"Druide","potentialAction":[{"@type":"SearchAction","target":{"@type":"EntryPoint","urlTemplate":"https:\/\/druidebio.com\/fr\/?s={search_term_string}"},"query-input":{"@type":"PropertyValueSpecification","valueRequired":true,"valueName":"search_term_string"}}],"inLanguage":"fr-FR"},{"@type":"Organization","@id":"https:\/\/druidebio.com\/fr\/#organization","name":"Druide","alternateName":"Laboratoires Druide","url":"https:\/\/druidebio.com\/fr\/","logo":{"@type":"ImageObject","inLanguage":"fr-FR","@id":"https:\/\/druidebio.com\/fr\/#\/schema\/logo\/image\/","url":"https:\/\/druidebio.com\/wp-content\/uploads\/2022\/08\/logo-fav.png","contentUrl":"https:\/\/druidebio.com\/wp-content\/uploads\/2022\/08\/logo-fav.png","width":512,"height":512,"caption":"Druide"},"image":{"@id":"https:\/\/druidebio.com\/fr\/#\/schema\/logo\/image\/"},"sameAs":["https:\/\/www.facebook.com\/infodruide","https:\/\/www.instagram.com\/druidebio\/","https:\/\/www.pinterest.ca\/DruideBioCanada\/","https:\/\/www.youtube.com\/user\/DRUIDECANADA"]}]}},"_links":{"self":[{"href":"https:\/\/druidebio.com\/fr\/wp-json\/wp\/v2\/product\/70433","targetHints":{"allow":["GET"]}}],"collection":[{"href":"https:\/\/druidebio.com\/fr\/wp-json\/wp\/v2\/product"}],"about":[{"href":"https:\/\/druidebio.com\/fr\/wp-json\/wp\/v2\/types\/product"}],"replies":[{"embeddable":true,"href":"https:\/\/druidebio.com\/fr\/wp-json\/wp\/v2\/comments?post=70433"}],"wp:featuredmedia":[{"embeddable":true,"href":"https:\/\/druidebio.com\/fr\/wp-json\/wp\/v2\/media\/70432"}],"wp:attachment":[{"href":"https:\/\/druidebio.com\/fr\/wp-json\/wp\/v2\/media?parent=70433"}],"wp:term":[{"taxonomy":"product_brand","embeddable":true,"href":"https:\/\/druidebio.com\/fr\/wp-json\/wp\/v2\/product_brand?post=70433"},{"taxonomy":"product_cat","embeddable":true,"href":"https:\/\/druidebio.com\/fr\/wp-json\/wp\/v2\/product_cat?post=70433"},{"taxonomy":"product_tag","embeddable":true,"href":"https:\/\/druidebio.com\/fr\/wp-json\/wp\/v2\/product_tag?post=70433"},{"taxonomy":"giftcard-category","embeddable":true,"href":"https:\/\/druidebio.com\/fr\/wp-json\/wp\/v2\/giftcard-category?post=70433"}],"curies":[{"name":"wp","href":"https:\/\/api.w.org\/{rel}","templated":true}]}}