{"id":2376,"date":"2022-08-26T11:48:26","date_gmt":"2022-08-26T15:48:26","guid":{"rendered":"https:\/\/druide.wpengine.com\/product\/alaska-disinfectant-70-ethyl-alcohol-250ml\/"},"modified":"2026-04-02T00:45:26","modified_gmt":"2026-04-02T04:45:26","slug":"desinfectant-70-alcool-ethylique-alaska-250ml","status":"publish","type":"product","link":"https:\/\/druidebio.com\/fr\/produit\/desinfectant-70-alcool-ethylique-alaska-250ml\/","title":{"rendered":"D\u00e9sinfectant 70% Alcool \u00c9thylique Alaska\u00ae (250 ml)"},"content":{"rendered":"","protected":false},"excerpt":{"rendered":"<p>D\u00e9sinfectant d\u2019alcool \u00c9thylique, efficace pour d\u00e9truire les bact\u00e9ries (nocives) et procurer un nettoyage antiseptique.<\/p>\n<ul>\n<li class=\"bullet-arrow\"><strong>Texture <\/strong>: Liquide<\/li>\n<li class=\"bullet-arrow\"><strong>Odeur <\/strong>: Sans odeur<\/li>\n<li class=\"bullet-arrow\"><strong>Format <\/strong>: 250 ml \u2013 8.45 US fl.oz.<\/li>\n<\/ul>\n","protected":false},"featured_media":1769,"comment_status":"open","ping_status":"closed","template":"","meta":[],"product_brand":[],"product_cat":[90,109],"product_tag":[],"giftcard-category":[],"class_list":{"0":"post-2376","1":"product","2":"type-product","3":"status-publish","4":"has-post-thumbnail","6":"product_cat-alaska-fr","7":"product_cat-desinfectants","9":"first","10":"instock","11":"sale","12":"taxable","13":"shipping-taxable","14":"purchasable","15":"product-type-simple"},"yoast_head":"<!-- This site is optimized with the Yoast SEO plugin v27.1.1 - https:\/\/yoast.com\/product\/yoast-seo-wordpress\/ -->\n<title>D\u00e9sinfectant 70% Alcool \u00c9thylique Alaska\u00ae (250 ml) | Laboratoires Druide\u00ae | Bio For Life<\/title>\n<meta name=\"description\" content=\"D\u00e9sinfectant d\u2019alcool \u00c9thylique, efficace pour d\u00e9truire les bact\u00e9ries (nocives) et procurer un nettoyage antiseptique.\" \/>\n<meta name=\"robots\" content=\"index, follow, max-snippet:-1, max-image-preview:large, max-video-preview:-1\" \/>\n<link rel=\"canonical\" href=\"https:\/\/druidebio.com\/fr\/produit\/desinfectant-70-alcool-ethylique-alaska-250ml\/\" \/>\n<meta property=\"og:locale\" content=\"fr_FR\" \/>\n<meta property=\"og:type\" content=\"article\" \/>\n<meta property=\"og:title\" content=\"D\u00e9sinfectant 70% Alcool \u00c9thylique Alaska\u00ae (250 ml) | Laboratoires Druide\u00ae | Bio For Life\" \/>\n<meta property=\"og:description\" content=\"D\u00e9sinfectant d\u2019alcool \u00c9thylique, efficace pour d\u00e9truire les bact\u00e9ries (nocives) et procurer un nettoyage antiseptique.\" \/>\n<meta property=\"og:url\" content=\"https:\/\/druidebio.com\/fr\/produit\/desinfectant-70-alcool-ethylique-alaska-250ml\/\" \/>\n<meta property=\"og:site_name\" content=\"Laboratoires Druide\u00ae | Bio For Life\" \/>\n<meta property=\"article:publisher\" content=\"https:\/\/www.facebook.com\/infodruide\" \/>\n<meta property=\"article:modified_time\" content=\"2026-04-02T04:45:26+00:00\" \/>\n<meta property=\"og:image\" content=\"https:\/\/druidebio.com\/wp-content\/uploads\/2022\/08\/Alaska-Alcohol.jpg\" \/>\n\t<meta property=\"og:image:width\" content=\"774\" \/>\n\t<meta property=\"og:image:height\" content=\"774\" \/>\n\t<meta property=\"og:image:type\" content=\"image\/jpeg\" \/>\n<meta name=\"twitter:card\" content=\"summary_large_image\" \/>\n<script type=\"application\/ld+json\" class=\"yoast-schema-graph\">{\"@context\":\"https:\/\/schema.org\",\"@graph\":[{\"@type\":[\"WebPage\",\"ItemPage\"],\"@id\":\"https:\/\/druidebio.com\/fr\/produit\/desinfectant-70-alcool-ethylique-alaska-250ml\/\",\"url\":\"https:\/\/druidebio.com\/fr\/produit\/desinfectant-70-alcool-ethylique-alaska-250ml\/\",\"name\":\"D\u00e9sinfectant 70% Alcool \u00c9thylique Alaska\u00ae (250 ml) | Laboratoires Druide\u00ae | Bio For Life\",\"isPartOf\":{\"@id\":\"https:\/\/druidebio.com\/fr\/#website\"},\"primaryImageOfPage\":{\"@id\":\"https:\/\/druidebio.com\/fr\/produit\/desinfectant-70-alcool-ethylique-alaska-250ml\/#primaryimage\"},\"image\":{\"@id\":\"https:\/\/druidebio.com\/fr\/produit\/desinfectant-70-alcool-ethylique-alaska-250ml\/#primaryimage\"},\"thumbnailUrl\":\"https:\/\/druidebio.com\/wp-content\/uploads\/2022\/08\/Alaska-Alcohol.jpg\",\"datePublished\":\"2022-08-26T15:48:26+00:00\",\"dateModified\":\"2026-04-02T04:45:26+00:00\",\"description\":\"D\u00e9sinfectant d\u2019alcool \u00c9thylique, efficace pour d\u00e9truire les bact\u00e9ries (nocives) et procurer un nettoyage antiseptique.\",\"breadcrumb\":{\"@id\":\"https:\/\/druidebio.com\/fr\/produit\/desinfectant-70-alcool-ethylique-alaska-250ml\/#breadcrumb\"},\"inLanguage\":\"fr-FR\",\"potentialAction\":[{\"@type\":\"ReadAction\",\"target\":[\"https:\/\/druidebio.com\/fr\/produit\/desinfectant-70-alcool-ethylique-alaska-250ml\/\"]}]},{\"@type\":\"ImageObject\",\"inLanguage\":\"fr-FR\",\"@id\":\"https:\/\/druidebio.com\/fr\/produit\/desinfectant-70-alcool-ethylique-alaska-250ml\/#primaryimage\",\"url\":\"https:\/\/druidebio.com\/wp-content\/uploads\/2022\/08\/Alaska-Alcohol.jpg\",\"contentUrl\":\"https:\/\/druidebio.com\/wp-content\/uploads\/2022\/08\/Alaska-Alcohol.jpg\",\"width\":774,\"height\":774,\"caption\":\"D\u00e9sinfectant 70% Alcool \u00c9thylique Alaska\u00ae\"},{\"@type\":\"BreadcrumbList\",\"@id\":\"https:\/\/druidebio.com\/fr\/produit\/desinfectant-70-alcool-ethylique-alaska-250ml\/#breadcrumb\",\"itemListElement\":[{\"@type\":\"ListItem\",\"position\":1,\"name\":\"Home\",\"item\":\"https:\/\/druidebio.com\/fr\/\"},{\"@type\":\"ListItem\",\"position\":2,\"name\":\"Boutique\",\"item\":\"https:\/\/druidebio.com\/fr\/boutique\/\"},{\"@type\":\"ListItem\",\"position\":3,\"name\":\"D\u00e9sinfectant 70% Alcool \u00c9thylique Alaska\u00ae (250 ml)\"}]},{\"@type\":\"WebSite\",\"@id\":\"https:\/\/druidebio.com\/fr\/#website\",\"url\":\"https:\/\/druidebio.com\/fr\/\",\"name\":\"Laboratoires Druide\u00ae | Bio For Life\",\"description\":\"Natural and Organic Products. ECOCERT\u00ae Certified.\",\"publisher\":{\"@id\":\"https:\/\/druidebio.com\/fr\/#organization\"},\"alternateName\":\"Druide\",\"potentialAction\":[{\"@type\":\"SearchAction\",\"target\":{\"@type\":\"EntryPoint\",\"urlTemplate\":\"https:\/\/druidebio.com\/fr\/?s={search_term_string}\"},\"query-input\":{\"@type\":\"PropertyValueSpecification\",\"valueRequired\":true,\"valueName\":\"search_term_string\"}}],\"inLanguage\":\"fr-FR\"},{\"@type\":\"Organization\",\"@id\":\"https:\/\/druidebio.com\/fr\/#organization\",\"name\":\"Druide\",\"alternateName\":\"Laboratoires Druide\",\"url\":\"https:\/\/druidebio.com\/fr\/\",\"logo\":{\"@type\":\"ImageObject\",\"inLanguage\":\"fr-FR\",\"@id\":\"https:\/\/druidebio.com\/fr\/#\/schema\/logo\/image\/\",\"url\":\"https:\/\/druidebio.com\/wp-content\/uploads\/2022\/08\/logo-fav.png\",\"contentUrl\":\"https:\/\/druidebio.com\/wp-content\/uploads\/2022\/08\/logo-fav.png\",\"width\":512,\"height\":512,\"caption\":\"Druide\"},\"image\":{\"@id\":\"https:\/\/druidebio.com\/fr\/#\/schema\/logo\/image\/\"},\"sameAs\":[\"https:\/\/www.facebook.com\/infodruide\",\"https:\/\/www.instagram.com\/druidebio\/\",\"https:\/\/www.pinterest.ca\/DruideBioCanada\/\",\"https:\/\/www.youtube.com\/user\/DRUIDECANADA\"]}]}<\/script>\n<!-- \/ Yoast SEO plugin. -->","yoast_head_json":{"title":"D\u00e9sinfectant 70% Alcool \u00c9thylique Alaska\u00ae (250 ml) | Laboratoires Druide\u00ae | Bio For Life","description":"D\u00e9sinfectant d\u2019alcool \u00c9thylique, efficace pour d\u00e9truire les bact\u00e9ries (nocives) et procurer un nettoyage antiseptique.","robots":{"index":"index","follow":"follow","max-snippet":"max-snippet:-1","max-image-preview":"max-image-preview:large","max-video-preview":"max-video-preview:-1"},"canonical":"https:\/\/druidebio.com\/fr\/produit\/desinfectant-70-alcool-ethylique-alaska-250ml\/","og_locale":"fr_FR","og_type":"article","og_title":"D\u00e9sinfectant 70% Alcool \u00c9thylique Alaska\u00ae (250 ml) | Laboratoires Druide\u00ae | Bio For Life","og_description":"D\u00e9sinfectant d\u2019alcool \u00c9thylique, efficace pour d\u00e9truire les bact\u00e9ries (nocives) et procurer un nettoyage antiseptique.","og_url":"https:\/\/druidebio.com\/fr\/produit\/desinfectant-70-alcool-ethylique-alaska-250ml\/","og_site_name":"Laboratoires Druide\u00ae | Bio For Life","article_publisher":"https:\/\/www.facebook.com\/infodruide","article_modified_time":"2026-04-02T04:45:26+00:00","og_image":[{"width":774,"height":774,"url":"https:\/\/druidebio.com\/wp-content\/uploads\/2022\/08\/Alaska-Alcohol.jpg","type":"image\/jpeg"}],"twitter_card":"summary_large_image","schema":{"@context":"https:\/\/schema.org","@graph":[{"@type":["WebPage","ItemPage"],"@id":"https:\/\/druidebio.com\/fr\/produit\/desinfectant-70-alcool-ethylique-alaska-250ml\/","url":"https:\/\/druidebio.com\/fr\/produit\/desinfectant-70-alcool-ethylique-alaska-250ml\/","name":"D\u00e9sinfectant 70% Alcool \u00c9thylique Alaska\u00ae (250 ml) | Laboratoires Druide\u00ae | Bio For Life","isPartOf":{"@id":"https:\/\/druidebio.com\/fr\/#website"},"primaryImageOfPage":{"@id":"https:\/\/druidebio.com\/fr\/produit\/desinfectant-70-alcool-ethylique-alaska-250ml\/#primaryimage"},"image":{"@id":"https:\/\/druidebio.com\/fr\/produit\/desinfectant-70-alcool-ethylique-alaska-250ml\/#primaryimage"},"thumbnailUrl":"https:\/\/druidebio.com\/wp-content\/uploads\/2022\/08\/Alaska-Alcohol.jpg","datePublished":"2022-08-26T15:48:26+00:00","dateModified":"2026-04-02T04:45:26+00:00","description":"D\u00e9sinfectant d\u2019alcool \u00c9thylique, efficace pour d\u00e9truire les bact\u00e9ries (nocives) et procurer un nettoyage antiseptique.","breadcrumb":{"@id":"https:\/\/druidebio.com\/fr\/produit\/desinfectant-70-alcool-ethylique-alaska-250ml\/#breadcrumb"},"inLanguage":"fr-FR","potentialAction":[{"@type":"ReadAction","target":["https:\/\/druidebio.com\/fr\/produit\/desinfectant-70-alcool-ethylique-alaska-250ml\/"]}]},{"@type":"ImageObject","inLanguage":"fr-FR","@id":"https:\/\/druidebio.com\/fr\/produit\/desinfectant-70-alcool-ethylique-alaska-250ml\/#primaryimage","url":"https:\/\/druidebio.com\/wp-content\/uploads\/2022\/08\/Alaska-Alcohol.jpg","contentUrl":"https:\/\/druidebio.com\/wp-content\/uploads\/2022\/08\/Alaska-Alcohol.jpg","width":774,"height":774,"caption":"D\u00e9sinfectant 70% Alcool \u00c9thylique Alaska\u00ae"},{"@type":"BreadcrumbList","@id":"https:\/\/druidebio.com\/fr\/produit\/desinfectant-70-alcool-ethylique-alaska-250ml\/#breadcrumb","itemListElement":[{"@type":"ListItem","position":1,"name":"Home","item":"https:\/\/druidebio.com\/fr\/"},{"@type":"ListItem","position":2,"name":"Boutique","item":"https:\/\/druidebio.com\/fr\/boutique\/"},{"@type":"ListItem","position":3,"name":"D\u00e9sinfectant 70% Alcool \u00c9thylique Alaska\u00ae (250 ml)"}]},{"@type":"WebSite","@id":"https:\/\/druidebio.com\/fr\/#website","url":"https:\/\/druidebio.com\/fr\/","name":"Laboratoires Druide\u00ae | Bio For Life","description":"Natural and Organic Products. ECOCERT\u00ae Certified.","publisher":{"@id":"https:\/\/druidebio.com\/fr\/#organization"},"alternateName":"Druide","potentialAction":[{"@type":"SearchAction","target":{"@type":"EntryPoint","urlTemplate":"https:\/\/druidebio.com\/fr\/?s={search_term_string}"},"query-input":{"@type":"PropertyValueSpecification","valueRequired":true,"valueName":"search_term_string"}}],"inLanguage":"fr-FR"},{"@type":"Organization","@id":"https:\/\/druidebio.com\/fr\/#organization","name":"Druide","alternateName":"Laboratoires Druide","url":"https:\/\/druidebio.com\/fr\/","logo":{"@type":"ImageObject","inLanguage":"fr-FR","@id":"https:\/\/druidebio.com\/fr\/#\/schema\/logo\/image\/","url":"https:\/\/druidebio.com\/wp-content\/uploads\/2022\/08\/logo-fav.png","contentUrl":"https:\/\/druidebio.com\/wp-content\/uploads\/2022\/08\/logo-fav.png","width":512,"height":512,"caption":"Druide"},"image":{"@id":"https:\/\/druidebio.com\/fr\/#\/schema\/logo\/image\/"},"sameAs":["https:\/\/www.facebook.com\/infodruide","https:\/\/www.instagram.com\/druidebio\/","https:\/\/www.pinterest.ca\/DruideBioCanada\/","https:\/\/www.youtube.com\/user\/DRUIDECANADA"]}]}},"_links":{"self":[{"href":"https:\/\/druidebio.com\/fr\/wp-json\/wp\/v2\/product\/2376","targetHints":{"allow":["GET"]}}],"collection":[{"href":"https:\/\/druidebio.com\/fr\/wp-json\/wp\/v2\/product"}],"about":[{"href":"https:\/\/druidebio.com\/fr\/wp-json\/wp\/v2\/types\/product"}],"replies":[{"embeddable":true,"href":"https:\/\/druidebio.com\/fr\/wp-json\/wp\/v2\/comments?post=2376"}],"wp:featuredmedia":[{"embeddable":true,"href":"https:\/\/druidebio.com\/fr\/wp-json\/wp\/v2\/media\/1769"}],"wp:attachment":[{"href":"https:\/\/druidebio.com\/fr\/wp-json\/wp\/v2\/media?parent=2376"}],"wp:term":[{"taxonomy":"product_brand","embeddable":true,"href":"https:\/\/druidebio.com\/fr\/wp-json\/wp\/v2\/product_brand?post=2376"},{"taxonomy":"product_cat","embeddable":true,"href":"https:\/\/druidebio.com\/fr\/wp-json\/wp\/v2\/product_cat?post=2376"},{"taxonomy":"product_tag","embeddable":true,"href":"https:\/\/druidebio.com\/fr\/wp-json\/wp\/v2\/product_tag?post=2376"},{"taxonomy":"giftcard-category","embeddable":true,"href":"https:\/\/druidebio.com\/fr\/wp-json\/wp\/v2\/giftcard-category?post=2376"}],"curies":[{"name":"wp","href":"https:\/\/api.w.org\/{rel}","templated":true}]}}