{"id":2338,"date":"2022-08-26T11:48:32","date_gmt":"2022-08-26T15:48:32","guid":{"rendered":"https:\/\/druide.wpengine.com\/product\/tea-infuser-bottle-thermosflask\/"},"modified":"2026-04-29T13:12:00","modified_gmt":"2026-04-29T17:12:00","slug":"tea-infuser-bottle-thermosflask","status":"publish","type":"product","link":"https:\/\/druidebio.com\/fr\/produit\/tea-infuser-bottle-thermosflask\/","title":{"rendered":"Bouteille Thermos Avec Infuseur \u00e0 Th\u00e9"},"content":{"rendered":"<h2>Emportez votre th\u00e9 pr\u00e9f\u00e9r\u00e9 partout avec notre bouteille Thermos<\/h2>\n<p>La bouteille Thermos avec infuseur \u00e0 th\u00e9 de Druide vous permet de savourer votre th\u00e9 pr\u00e9f\u00e9r\u00e9, ou votre boisson fra\u00eeche o\u00f9 que vous soyez. Con\u00e7ue pour \u00eatre pratique, sa qualit\u00e9 permet de garder votre boisson chaude ou froide pendant plusieurs heures.<\/p>\n","protected":false},"excerpt":{"rendered":"<p>D\u00e9couvrez la bouteille Thermos avec son infuseur \u00e0 th\u00e9, id\u00e9ale pour savourer votre boisson pr\u00e9f\u00e9r\u00e9e partout o\u00f9 vous allez.<\/p>\n<ul>\n<li class=\"bullet-arrow\"><strong>Material <\/strong>: Acier inoxydable 304<\/li>\n<li class=\"bullet-arrow\"><strong>Format <\/strong>: 17 Fl.oz.<\/li>\n<\/ul>\n","protected":false},"featured_media":1750,"comment_status":"open","ping_status":"closed","template":"","meta":[],"product_brand":[],"product_cat":[97],"product_tag":[],"giftcard-category":[],"class_list":{"0":"post-2338","1":"product","2":"type-product","3":"status-publish","4":"has-post-thumbnail","6":"product_cat-plein-air","8":"first","9":"instock","10":"taxable","11":"shipping-taxable","12":"purchasable","13":"product-type-simple"},"yoast_head":"<!-- This site is optimized with the Yoast SEO plugin v27.1.1 - https:\/\/yoast.com\/product\/yoast-seo-wordpress\/ -->\n<title>Bouteille Thermos Avec Infuseur \u00e0 Th\u00e9 | Laboratoires Druide\u00ae | Bio For Life<\/title>\n<meta name=\"description\" content=\"D\u00e9couvrez la bouteille Thermos avec son infuseur \u00e0 th\u00e9, id\u00e9ale pour savourer votre boisson pr\u00e9f\u00e9r\u00e9e partout o\u00f9 vous allez.\" \/>\n<meta name=\"robots\" content=\"index, follow, max-snippet:-1, max-image-preview:large, max-video-preview:-1\" \/>\n<link rel=\"canonical\" href=\"https:\/\/druidebio.com\/fr\/produit\/tea-infuser-bottle-thermosflask\/\" \/>\n<meta property=\"og:locale\" content=\"fr_FR\" \/>\n<meta property=\"og:type\" content=\"article\" \/>\n<meta property=\"og:title\" content=\"Bouteille Thermos Avec Infuseur \u00e0 Th\u00e9 | Laboratoires Druide\u00ae | Bio For Life\" \/>\n<meta property=\"og:description\" content=\"D\u00e9couvrez la bouteille Thermos avec son infuseur \u00e0 th\u00e9, id\u00e9ale pour savourer votre boisson pr\u00e9f\u00e9r\u00e9e partout o\u00f9 vous allez.\" \/>\n<meta property=\"og:url\" content=\"https:\/\/druidebio.com\/fr\/produit\/tea-infuser-bottle-thermosflask\/\" \/>\n<meta property=\"og:site_name\" content=\"Laboratoires Druide\u00ae | Bio For Life\" \/>\n<meta property=\"article:publisher\" content=\"https:\/\/www.facebook.com\/infodruide\" \/>\n<meta property=\"article:modified_time\" content=\"2026-04-29T17:12:00+00:00\" \/>\n<meta property=\"og:image\" content=\"https:\/\/druidebio.com\/wp-content\/uploads\/2022\/08\/druide-water-bottle-tea-infuser-304-stainless-steel-17oz-product-face.jpg\" \/>\n\t<meta property=\"og:image:width\" content=\"1200\" \/>\n\t<meta property=\"og:image:height\" content=\"1200\" \/>\n\t<meta property=\"og:image:type\" content=\"image\/jpeg\" \/>\n<meta name=\"twitter:card\" content=\"summary_large_image\" \/>\n<script type=\"application\/ld+json\" class=\"yoast-schema-graph\">{\"@context\":\"https:\/\/schema.org\",\"@graph\":[{\"@type\":[\"WebPage\",\"ItemPage\"],\"@id\":\"https:\/\/druidebio.com\/fr\/produit\/tea-infuser-bottle-thermosflask\/\",\"url\":\"https:\/\/druidebio.com\/fr\/produit\/tea-infuser-bottle-thermosflask\/\",\"name\":\"Bouteille Thermos Avec Infuseur \u00e0 Th\u00e9 | Laboratoires Druide\u00ae | Bio For Life\",\"isPartOf\":{\"@id\":\"https:\/\/druidebio.com\/fr\/#website\"},\"primaryImageOfPage\":{\"@id\":\"https:\/\/druidebio.com\/fr\/produit\/tea-infuser-bottle-thermosflask\/#primaryimage\"},\"image\":{\"@id\":\"https:\/\/druidebio.com\/fr\/produit\/tea-infuser-bottle-thermosflask\/#primaryimage\"},\"thumbnailUrl\":\"https:\/\/druidebio.com\/wp-content\/uploads\/2022\/08\/druide-water-bottle-tea-infuser-304-stainless-steel-17oz-product-face.jpg\",\"datePublished\":\"2022-08-26T15:48:32+00:00\",\"dateModified\":\"2026-04-29T17:12:00+00:00\",\"description\":\"D\u00e9couvrez la bouteille Thermos avec son infuseur \u00e0 th\u00e9, id\u00e9ale pour savourer votre boisson pr\u00e9f\u00e9r\u00e9e partout o\u00f9 vous allez.\",\"breadcrumb\":{\"@id\":\"https:\/\/druidebio.com\/fr\/produit\/tea-infuser-bottle-thermosflask\/#breadcrumb\"},\"inLanguage\":\"fr-FR\",\"potentialAction\":[{\"@type\":\"ReadAction\",\"target\":[\"https:\/\/druidebio.com\/fr\/produit\/tea-infuser-bottle-thermosflask\/\"]}]},{\"@type\":\"ImageObject\",\"inLanguage\":\"fr-FR\",\"@id\":\"https:\/\/druidebio.com\/fr\/produit\/tea-infuser-bottle-thermosflask\/#primaryimage\",\"url\":\"https:\/\/druidebio.com\/wp-content\/uploads\/2022\/08\/druide-water-bottle-tea-infuser-304-stainless-steel-17oz-product-face.jpg\",\"contentUrl\":\"https:\/\/druidebio.com\/wp-content\/uploads\/2022\/08\/druide-water-bottle-tea-infuser-304-stainless-steel-17oz-product-face.jpg\",\"width\":1200,\"height\":1200,\"caption\":\"Bouteille Thermos Avec Infuseur \u00e0 Th\u00e9\"},{\"@type\":\"BreadcrumbList\",\"@id\":\"https:\/\/druidebio.com\/fr\/produit\/tea-infuser-bottle-thermosflask\/#breadcrumb\",\"itemListElement\":[{\"@type\":\"ListItem\",\"position\":1,\"name\":\"Home\",\"item\":\"https:\/\/druidebio.com\/fr\/\"},{\"@type\":\"ListItem\",\"position\":2,\"name\":\"Boutique\",\"item\":\"https:\/\/druidebio.com\/fr\/boutique\/\"},{\"@type\":\"ListItem\",\"position\":3,\"name\":\"Bouteille Thermos Avec Infuseur \u00e0 Th\u00e9\"}]},{\"@type\":\"WebSite\",\"@id\":\"https:\/\/druidebio.com\/fr\/#website\",\"url\":\"https:\/\/druidebio.com\/fr\/\",\"name\":\"Laboratoires Druide\u00ae | Bio For Life\",\"description\":\"Natural and Organic Products. ECOCERT\u00ae Certified.\",\"publisher\":{\"@id\":\"https:\/\/druidebio.com\/fr\/#organization\"},\"alternateName\":\"Druide\",\"potentialAction\":[{\"@type\":\"SearchAction\",\"target\":{\"@type\":\"EntryPoint\",\"urlTemplate\":\"https:\/\/druidebio.com\/fr\/?s={search_term_string}\"},\"query-input\":{\"@type\":\"PropertyValueSpecification\",\"valueRequired\":true,\"valueName\":\"search_term_string\"}}],\"inLanguage\":\"fr-FR\"},{\"@type\":\"Organization\",\"@id\":\"https:\/\/druidebio.com\/fr\/#organization\",\"name\":\"Druide\",\"alternateName\":\"Laboratoires Druide\",\"url\":\"https:\/\/druidebio.com\/fr\/\",\"logo\":{\"@type\":\"ImageObject\",\"inLanguage\":\"fr-FR\",\"@id\":\"https:\/\/druidebio.com\/fr\/#\/schema\/logo\/image\/\",\"url\":\"https:\/\/druidebio.com\/wp-content\/uploads\/2022\/08\/logo-fav.png\",\"contentUrl\":\"https:\/\/druidebio.com\/wp-content\/uploads\/2022\/08\/logo-fav.png\",\"width\":512,\"height\":512,\"caption\":\"Druide\"},\"image\":{\"@id\":\"https:\/\/druidebio.com\/fr\/#\/schema\/logo\/image\/\"},\"sameAs\":[\"https:\/\/www.facebook.com\/infodruide\",\"https:\/\/www.instagram.com\/druidebio\/\",\"https:\/\/www.pinterest.ca\/DruideBioCanada\/\",\"https:\/\/www.youtube.com\/user\/DRUIDECANADA\"]}]}<\/script>\n<!-- \/ Yoast SEO plugin. -->","yoast_head_json":{"title":"Bouteille Thermos Avec Infuseur \u00e0 Th\u00e9 | Laboratoires Druide\u00ae | Bio For Life","description":"D\u00e9couvrez la bouteille Thermos avec son infuseur \u00e0 th\u00e9, id\u00e9ale pour savourer votre boisson pr\u00e9f\u00e9r\u00e9e partout o\u00f9 vous allez.","robots":{"index":"index","follow":"follow","max-snippet":"max-snippet:-1","max-image-preview":"max-image-preview:large","max-video-preview":"max-video-preview:-1"},"canonical":"https:\/\/druidebio.com\/fr\/produit\/tea-infuser-bottle-thermosflask\/","og_locale":"fr_FR","og_type":"article","og_title":"Bouteille Thermos Avec Infuseur \u00e0 Th\u00e9 | Laboratoires Druide\u00ae | Bio For Life","og_description":"D\u00e9couvrez la bouteille Thermos avec son infuseur \u00e0 th\u00e9, id\u00e9ale pour savourer votre boisson pr\u00e9f\u00e9r\u00e9e partout o\u00f9 vous allez.","og_url":"https:\/\/druidebio.com\/fr\/produit\/tea-infuser-bottle-thermosflask\/","og_site_name":"Laboratoires Druide\u00ae | Bio For Life","article_publisher":"https:\/\/www.facebook.com\/infodruide","article_modified_time":"2026-04-29T17:12:00+00:00","og_image":[{"width":1200,"height":1200,"url":"https:\/\/druidebio.com\/wp-content\/uploads\/2022\/08\/druide-water-bottle-tea-infuser-304-stainless-steel-17oz-product-face.jpg","type":"image\/jpeg"}],"twitter_card":"summary_large_image","schema":{"@context":"https:\/\/schema.org","@graph":[{"@type":["WebPage","ItemPage"],"@id":"https:\/\/druidebio.com\/fr\/produit\/tea-infuser-bottle-thermosflask\/","url":"https:\/\/druidebio.com\/fr\/produit\/tea-infuser-bottle-thermosflask\/","name":"Bouteille Thermos Avec Infuseur \u00e0 Th\u00e9 | Laboratoires Druide\u00ae | Bio For Life","isPartOf":{"@id":"https:\/\/druidebio.com\/fr\/#website"},"primaryImageOfPage":{"@id":"https:\/\/druidebio.com\/fr\/produit\/tea-infuser-bottle-thermosflask\/#primaryimage"},"image":{"@id":"https:\/\/druidebio.com\/fr\/produit\/tea-infuser-bottle-thermosflask\/#primaryimage"},"thumbnailUrl":"https:\/\/druidebio.com\/wp-content\/uploads\/2022\/08\/druide-water-bottle-tea-infuser-304-stainless-steel-17oz-product-face.jpg","datePublished":"2022-08-26T15:48:32+00:00","dateModified":"2026-04-29T17:12:00+00:00","description":"D\u00e9couvrez la bouteille Thermos avec son infuseur \u00e0 th\u00e9, id\u00e9ale pour savourer votre boisson pr\u00e9f\u00e9r\u00e9e partout o\u00f9 vous allez.","breadcrumb":{"@id":"https:\/\/druidebio.com\/fr\/produit\/tea-infuser-bottle-thermosflask\/#breadcrumb"},"inLanguage":"fr-FR","potentialAction":[{"@type":"ReadAction","target":["https:\/\/druidebio.com\/fr\/produit\/tea-infuser-bottle-thermosflask\/"]}]},{"@type":"ImageObject","inLanguage":"fr-FR","@id":"https:\/\/druidebio.com\/fr\/produit\/tea-infuser-bottle-thermosflask\/#primaryimage","url":"https:\/\/druidebio.com\/wp-content\/uploads\/2022\/08\/druide-water-bottle-tea-infuser-304-stainless-steel-17oz-product-face.jpg","contentUrl":"https:\/\/druidebio.com\/wp-content\/uploads\/2022\/08\/druide-water-bottle-tea-infuser-304-stainless-steel-17oz-product-face.jpg","width":1200,"height":1200,"caption":"Bouteille Thermos Avec Infuseur \u00e0 Th\u00e9"},{"@type":"BreadcrumbList","@id":"https:\/\/druidebio.com\/fr\/produit\/tea-infuser-bottle-thermosflask\/#breadcrumb","itemListElement":[{"@type":"ListItem","position":1,"name":"Home","item":"https:\/\/druidebio.com\/fr\/"},{"@type":"ListItem","position":2,"name":"Boutique","item":"https:\/\/druidebio.com\/fr\/boutique\/"},{"@type":"ListItem","position":3,"name":"Bouteille Thermos Avec Infuseur \u00e0 Th\u00e9"}]},{"@type":"WebSite","@id":"https:\/\/druidebio.com\/fr\/#website","url":"https:\/\/druidebio.com\/fr\/","name":"Laboratoires Druide\u00ae | Bio For Life","description":"Natural and Organic Products. ECOCERT\u00ae Certified.","publisher":{"@id":"https:\/\/druidebio.com\/fr\/#organization"},"alternateName":"Druide","potentialAction":[{"@type":"SearchAction","target":{"@type":"EntryPoint","urlTemplate":"https:\/\/druidebio.com\/fr\/?s={search_term_string}"},"query-input":{"@type":"PropertyValueSpecification","valueRequired":true,"valueName":"search_term_string"}}],"inLanguage":"fr-FR"},{"@type":"Organization","@id":"https:\/\/druidebio.com\/fr\/#organization","name":"Druide","alternateName":"Laboratoires Druide","url":"https:\/\/druidebio.com\/fr\/","logo":{"@type":"ImageObject","inLanguage":"fr-FR","@id":"https:\/\/druidebio.com\/fr\/#\/schema\/logo\/image\/","url":"https:\/\/druidebio.com\/wp-content\/uploads\/2022\/08\/logo-fav.png","contentUrl":"https:\/\/druidebio.com\/wp-content\/uploads\/2022\/08\/logo-fav.png","width":512,"height":512,"caption":"Druide"},"image":{"@id":"https:\/\/druidebio.com\/fr\/#\/schema\/logo\/image\/"},"sameAs":["https:\/\/www.facebook.com\/infodruide","https:\/\/www.instagram.com\/druidebio\/","https:\/\/www.pinterest.ca\/DruideBioCanada\/","https:\/\/www.youtube.com\/user\/DRUIDECANADA"]}]}},"_links":{"self":[{"href":"https:\/\/druidebio.com\/fr\/wp-json\/wp\/v2\/product\/2338","targetHints":{"allow":["GET"]}}],"collection":[{"href":"https:\/\/druidebio.com\/fr\/wp-json\/wp\/v2\/product"}],"about":[{"href":"https:\/\/druidebio.com\/fr\/wp-json\/wp\/v2\/types\/product"}],"replies":[{"embeddable":true,"href":"https:\/\/druidebio.com\/fr\/wp-json\/wp\/v2\/comments?post=2338"}],"wp:featuredmedia":[{"embeddable":true,"href":"https:\/\/druidebio.com\/fr\/wp-json\/wp\/v2\/media\/1750"}],"wp:attachment":[{"href":"https:\/\/druidebio.com\/fr\/wp-json\/wp\/v2\/media?parent=2338"}],"wp:term":[{"taxonomy":"product_brand","embeddable":true,"href":"https:\/\/druidebio.com\/fr\/wp-json\/wp\/v2\/product_brand?post=2338"},{"taxonomy":"product_cat","embeddable":true,"href":"https:\/\/druidebio.com\/fr\/wp-json\/wp\/v2\/product_cat?post=2338"},{"taxonomy":"product_tag","embeddable":true,"href":"https:\/\/druidebio.com\/fr\/wp-json\/wp\/v2\/product_tag?post=2338"},{"taxonomy":"giftcard-category","embeddable":true,"href":"https:\/\/druidebio.com\/fr\/wp-json\/wp\/v2\/giftcard-category?post=2338"}],"curies":[{"name":"wp","href":"https:\/\/api.w.org\/{rel}","templated":true}]}}