{"id":2334,"date":"2022-08-26T11:48:09","date_gmt":"2022-08-26T15:48:09","guid":{"rendered":"https:\/\/druide.wpengine.com\/product\/karite-vivifying-soap\/"},"modified":"2026-04-19T15:27:04","modified_gmt":"2026-04-19T19:27:04","slug":"savon-vivifiant-karite","status":"publish","type":"product","link":"https:\/\/druidebio.com\/fr\/produit\/savon-vivifiant-karite\/","title":{"rendered":"Savon Vivifiant Karit\u00e9"},"content":{"rendered":"<h2>Nettoyage en profondeur et \u00e9clat naturel avec le savon corporel vivifiant<\/h2>\n<p>Plongez dans une exp\u00e9rience unique avec notre Savon Corporel Vivifiant. Ce savon solide est le compagnon id\u00e9al pour un nettoyage doux et une exfoliation d\u00e9licate, adapt\u00e9 au visage comme au corps. Il r\u00e9pond aux besoins des peaux les plus s\u00e8ches gr\u00e2ce \u00e0 sa formule nourrissante.<\/p>\n<p>Ses ingr\u00e9dients minutieusement s\u00e9lectionn\u00e9s offrent un nettoyage en profondeur tout en pr\u00e9servant la douceur de la peau. Son action exfoliante aide \u00e0 renouveler la surface cutan\u00e9e, faisant dispara\u00eetre cellules mortes et impuret\u00e9s pour laisser place \u00e0 une peau \u00e9clatante.<\/p>\n<p>Le beurre de karit\u00e9 enrichit le savon de ses propri\u00e9t\u00e9s nutritives intenses, procurant souplesse et douceur \u00e0 la peau. L&rsquo;extrait de citron, quant \u00e0 lui, tonifie et clarifie la peau. Le parfum rafra\u00eechissant d&rsquo;agrumes ajoute une touche d&rsquo;\u00e9veil sensoriel, transformant votre routine de nettoyage en un moment de d\u00e9tente. La peau est lumineuse et \u00e9clatante \u00e0 chaque utilisation.<\/p>\n<p>Nous nous engageons \u00e0 vous offrir un produit qui respecte votre peau et l&rsquo;environnement. C&rsquo;est pourquoi notre savon solide est certifi\u00e9 biologique par \u00c9cocert, 100 % v\u00e9g\u00e9tal (vegan), biod\u00e9gradable et sans sulfates, silicones, parab\u00e8nes, alcool, PEG, gluten, OGM, perturbateurs endocriniens, goudron, quaterniums, parfums et colorants. Ce savon solide est pratique et \u00e9conomique. De plus, nos produits ne sont pas test\u00e9s sur les animaux, car nous soutenons l&rsquo;\u00e9thique animale.<\/p>\n","protected":false},"excerpt":{"rendered":"<p>D\u00e9couvrez notre Savon Corporel Vivifiant, parfait pour un nettoyage doux et une exfoliation d\u00e9licate. Transformez votre routine avec sa mousse onctueuse et son parfum d&rsquo;agrumes.<\/p>\n<ul>\n<li class=\"bullet-arrow\"><strong>Texture <\/strong>: Barre de savon<\/li>\n<li class=\"bullet-arrow\"><strong>Odeur <\/strong>: Agrumes<\/li>\n<li class=\"bullet-arrow\"><strong>Format <\/strong>: 100 g \u2013 3.5 oz.<\/li>\n<\/ul>\n<div class=\"row row-full-width align-equal\"  id=\"row-1513660307\">\n\t<div id=\"col-1514363116\" class=\"col small-12 large-12\"  >\n\t\t\t\t<div class=\"col-inner\"  >\n\t\t\t\n\t\t\t\n\n  \n    <div class=\"row large-columns-8 medium-columns-8 small-columns-8 row-xsmall\" >\n  <div class=\"gallery-col col\" >\n          <div class=\"col-inner\">\n                        <div class=\"box has-hover gallery-box box-none\">\n              <div class=\"box-image\" >\n                <img width=\"1\" height=\"1\" src=\"https:\/\/druidebio.com\/wp-content\/uploads\/2023\/07\/EcoCert.svg\" class=\"attachment-medium size-medium\" alt=\"\" ids=\"861,868,864,863,865,862\" style=\"none\" lightbox=\"false\" col_spacing=\"xsmall\" columns=\"8\" columns__sm=\"8\" columns__md=\"8\" decoding=\"async\" loading=\"lazy\" \/>                                                              <\/div>\n              <div class=\"box-text text-left\" >\n                 <p><\/p>\n              <\/div>\n            <\/div>\n                      <\/div>\n         <\/div><div class=\"gallery-col col\" >\n          <div class=\"col-inner\">\n                        <div class=\"box has-hover gallery-box box-none\">\n              <div class=\"box-image\" >\n                <img width=\"1\" height=\"1\" src=\"https:\/\/druidebio.com\/wp-content\/uploads\/2023\/07\/Vegan.svg\" class=\"attachment-medium size-medium\" alt=\"\" ids=\"861,868,864,863,865,862\" style=\"none\" lightbox=\"false\" col_spacing=\"xsmall\" columns=\"8\" columns__sm=\"8\" columns__md=\"8\" decoding=\"async\" loading=\"lazy\" \/>                                                              <\/div>\n              <div class=\"box-text text-left\" >\n                 <p><\/p>\n              <\/div>\n            <\/div>\n                      <\/div>\n         <\/div><div class=\"gallery-col col\" >\n          <div class=\"col-inner\">\n                        <div class=\"box has-hover gallery-box box-none\">\n              <div class=\"box-image\" >\n                <img width=\"1\" height=\"1\" src=\"https:\/\/druidebio.com\/wp-content\/uploads\/2023\/07\/Not_Tested_Animals.svg\" class=\"attachment-medium size-medium\" alt=\"\" ids=\"861,868,864,863,865,862\" style=\"none\" lightbox=\"false\" col_spacing=\"xsmall\" columns=\"8\" columns__sm=\"8\" columns__md=\"8\" decoding=\"async\" loading=\"lazy\" \/>                                                              <\/div>\n              <div class=\"box-text text-left\" >\n                 <p><\/p>\n              <\/div>\n            <\/div>\n                      <\/div>\n         <\/div><div class=\"gallery-col col\" >\n          <div class=\"col-inner\">\n                        <div class=\"box has-hover gallery-box box-none\">\n              <div class=\"box-image\" >\n                <img width=\"1\" height=\"1\" src=\"https:\/\/druidebio.com\/wp-content\/uploads\/2023\/07\/NoGMO.svg\" class=\"attachment-medium size-medium\" alt=\"\" ids=\"861,868,864,863,865,862\" style=\"none\" lightbox=\"false\" col_spacing=\"xsmall\" columns=\"8\" columns__sm=\"8\" columns__md=\"8\" decoding=\"async\" loading=\"lazy\" \/>                                                              <\/div>\n              <div class=\"box-text text-left\" >\n                 <p><\/p>\n              <\/div>\n            <\/div>\n                      <\/div>\n         <\/div><div class=\"gallery-col col\" >\n          <div class=\"col-inner\">\n                        <div class=\"box has-hover gallery-box box-none\">\n              <div class=\"box-image\" >\n                <img width=\"1\" height=\"1\" src=\"https:\/\/druidebio.com\/wp-content\/uploads\/2023\/07\/Recyclable.svg\" class=\"attachment-medium size-medium\" alt=\"\" ids=\"861,868,864,863,865,862\" style=\"none\" lightbox=\"false\" col_spacing=\"xsmall\" columns=\"8\" columns__sm=\"8\" columns__md=\"8\" decoding=\"async\" loading=\"lazy\" \/>                                                              <\/div>\n              <div class=\"box-text text-left\" >\n                 <p><\/p>\n              <\/div>\n            <\/div>\n                      <\/div>\n         <\/div><div class=\"gallery-col col\" >\n          <div class=\"col-inner\">\n                        <div class=\"box has-hover gallery-box box-none\">\n              <div class=\"box-image\" >\n                <img width=\"1\" height=\"1\" src=\"https:\/\/druidebio.com\/wp-content\/uploads\/2023\/07\/Gluten_Free.svg\" class=\"attachment-medium size-medium\" alt=\"\" ids=\"861,868,864,863,865,862\" style=\"none\" lightbox=\"false\" col_spacing=\"xsmall\" columns=\"8\" columns__sm=\"8\" columns__md=\"8\" decoding=\"async\" loading=\"lazy\" \/>                                                              <\/div>\n              <div class=\"box-text text-left\" >\n                 <p><\/p>\n              <\/div>\n            <\/div>\n                      <\/div>\n         <\/div><\/div>\n\t\t<\/div>\n\t\t\t\t\t<\/div>\n\n\t<\/div>\n","protected":false},"featured_media":1746,"comment_status":"open","ping_status":"closed","template":"","meta":[],"product_brand":[],"product_cat":[103,116,93,94],"product_tag":[],"giftcard-category":[],"class_list":{"0":"post-2334","1":"product","2":"type-product","3":"status-publish","4":"has-post-thumbnail","6":"product_cat-druide-essentielle","7":"product_cat-savons","8":"product_cat-soins-corps","9":"product_cat-soins-visage","11":"first","12":"instock","13":"taxable","14":"shipping-taxable","15":"purchasable","16":"product-type-simple"},"yoast_head":"<!-- This site is optimized with the Yoast SEO plugin v27.1.1 - https:\/\/yoast.com\/product\/yoast-seo-wordpress\/ -->\n<title>Savon Vivifiant Karit\u00e9 | Laboratoires Druide\u00ae | Bio For Life<\/title>\n<meta name=\"description\" content=\"D\u00e9couvrez notre Savon Corporel Vivifiant, parfait pour un nettoyage doux et une exfoliation d\u00e9licate. Transformez votre routine avec sa mousse onctueuse et son parfum d&#039;agrumes.\" \/>\n<meta name=\"robots\" content=\"index, follow, max-snippet:-1, max-image-preview:large, max-video-preview:-1\" \/>\n<link rel=\"canonical\" href=\"https:\/\/druidebio.com\/fr\/produit\/savon-vivifiant-karite\/\" \/>\n<meta property=\"og:locale\" content=\"fr_FR\" \/>\n<meta property=\"og:type\" content=\"article\" \/>\n<meta property=\"og:title\" content=\"Savon Vivifiant Karit\u00e9 | Laboratoires Druide\u00ae | Bio For Life\" \/>\n<meta property=\"og:description\" content=\"D\u00e9couvrez notre Savon Corporel Vivifiant, parfait pour un nettoyage doux et une exfoliation d\u00e9licate. Transformez votre routine avec sa mousse onctueuse et son parfum d&#039;agrumes.\" \/>\n<meta property=\"og:url\" content=\"https:\/\/druidebio.com\/fr\/produit\/savon-vivifiant-karite\/\" \/>\n<meta property=\"og:site_name\" content=\"Laboratoires Druide\u00ae | Bio For Life\" \/>\n<meta property=\"article:publisher\" content=\"https:\/\/www.facebook.com\/infodruide\" \/>\n<meta property=\"article:modified_time\" content=\"2026-04-19T19:27:04+00:00\" \/>\n<meta property=\"og:image\" content=\"https:\/\/druidebio.com\/wp-content\/uploads\/2022\/08\/druide-face-body-care-soap-bar-handmade-vivifying-shea-butter-citrusdry-skin-exfoliant-100g.jpg\" \/>\n\t<meta property=\"og:image:width\" content=\"1200\" \/>\n\t<meta property=\"og:image:height\" content=\"1200\" \/>\n\t<meta property=\"og:image:type\" content=\"image\/jpeg\" \/>\n<meta name=\"twitter:card\" content=\"summary_large_image\" \/>\n<script type=\"application\/ld+json\" class=\"yoast-schema-graph\">{\"@context\":\"https:\/\/schema.org\",\"@graph\":[{\"@type\":[\"WebPage\",\"ItemPage\"],\"@id\":\"https:\/\/druidebio.com\/fr\/produit\/savon-vivifiant-karite\/\",\"url\":\"https:\/\/druidebio.com\/fr\/produit\/savon-vivifiant-karite\/\",\"name\":\"Savon Vivifiant Karit\u00e9 | Laboratoires Druide\u00ae | Bio For Life\",\"isPartOf\":{\"@id\":\"https:\/\/druidebio.com\/fr\/#website\"},\"primaryImageOfPage\":{\"@id\":\"https:\/\/druidebio.com\/fr\/produit\/savon-vivifiant-karite\/#primaryimage\"},\"image\":{\"@id\":\"https:\/\/druidebio.com\/fr\/produit\/savon-vivifiant-karite\/#primaryimage\"},\"thumbnailUrl\":\"https:\/\/druidebio.com\/wp-content\/uploads\/2022\/08\/druide-face-body-care-soap-bar-handmade-vivifying-shea-butter-citrusdry-skin-exfoliant-100g.jpg\",\"datePublished\":\"2022-08-26T15:48:09+00:00\",\"dateModified\":\"2026-04-19T19:27:04+00:00\",\"description\":\"D\u00e9couvrez notre Savon Corporel Vivifiant, parfait pour un nettoyage doux et une exfoliation d\u00e9licate. Transformez votre routine avec sa mousse onctueuse et son parfum d'agrumes.\",\"breadcrumb\":{\"@id\":\"https:\/\/druidebio.com\/fr\/produit\/savon-vivifiant-karite\/#breadcrumb\"},\"inLanguage\":\"fr-FR\",\"potentialAction\":[{\"@type\":\"ReadAction\",\"target\":[\"https:\/\/druidebio.com\/fr\/produit\/savon-vivifiant-karite\/\"]}]},{\"@type\":\"ImageObject\",\"inLanguage\":\"fr-FR\",\"@id\":\"https:\/\/druidebio.com\/fr\/produit\/savon-vivifiant-karite\/#primaryimage\",\"url\":\"https:\/\/druidebio.com\/wp-content\/uploads\/2022\/08\/druide-face-body-care-soap-bar-handmade-vivifying-shea-butter-citrusdry-skin-exfoliant-100g.jpg\",\"contentUrl\":\"https:\/\/druidebio.com\/wp-content\/uploads\/2022\/08\/druide-face-body-care-soap-bar-handmade-vivifying-shea-butter-citrusdry-skin-exfoliant-100g.jpg\",\"width\":1200,\"height\":1200,\"caption\":\"Savon Vivifiant Karit\u00e9\"},{\"@type\":\"BreadcrumbList\",\"@id\":\"https:\/\/druidebio.com\/fr\/produit\/savon-vivifiant-karite\/#breadcrumb\",\"itemListElement\":[{\"@type\":\"ListItem\",\"position\":1,\"name\":\"Home\",\"item\":\"https:\/\/druidebio.com\/fr\/\"},{\"@type\":\"ListItem\",\"position\":2,\"name\":\"Boutique\",\"item\":\"https:\/\/druidebio.com\/fr\/boutique\/\"},{\"@type\":\"ListItem\",\"position\":3,\"name\":\"Savon Vivifiant Karit\u00e9\"}]},{\"@type\":\"WebSite\",\"@id\":\"https:\/\/druidebio.com\/fr\/#website\",\"url\":\"https:\/\/druidebio.com\/fr\/\",\"name\":\"Laboratoires Druide\u00ae | Bio For Life\",\"description\":\"Natural and Organic Products. ECOCERT\u00ae Certified.\",\"publisher\":{\"@id\":\"https:\/\/druidebio.com\/fr\/#organization\"},\"alternateName\":\"Druide\",\"potentialAction\":[{\"@type\":\"SearchAction\",\"target\":{\"@type\":\"EntryPoint\",\"urlTemplate\":\"https:\/\/druidebio.com\/fr\/?s={search_term_string}\"},\"query-input\":{\"@type\":\"PropertyValueSpecification\",\"valueRequired\":true,\"valueName\":\"search_term_string\"}}],\"inLanguage\":\"fr-FR\"},{\"@type\":\"Organization\",\"@id\":\"https:\/\/druidebio.com\/fr\/#organization\",\"name\":\"Druide\",\"alternateName\":\"Laboratoires Druide\",\"url\":\"https:\/\/druidebio.com\/fr\/\",\"logo\":{\"@type\":\"ImageObject\",\"inLanguage\":\"fr-FR\",\"@id\":\"https:\/\/druidebio.com\/fr\/#\/schema\/logo\/image\/\",\"url\":\"https:\/\/druidebio.com\/wp-content\/uploads\/2022\/08\/logo-fav.png\",\"contentUrl\":\"https:\/\/druidebio.com\/wp-content\/uploads\/2022\/08\/logo-fav.png\",\"width\":512,\"height\":512,\"caption\":\"Druide\"},\"image\":{\"@id\":\"https:\/\/druidebio.com\/fr\/#\/schema\/logo\/image\/\"},\"sameAs\":[\"https:\/\/www.facebook.com\/infodruide\",\"https:\/\/www.instagram.com\/druidebio\/\",\"https:\/\/www.pinterest.ca\/DruideBioCanada\/\",\"https:\/\/www.youtube.com\/user\/DRUIDECANADA\"]}]}<\/script>\n<!-- \/ Yoast SEO plugin. -->","yoast_head_json":{"title":"Savon Vivifiant Karit\u00e9 | Laboratoires Druide\u00ae | Bio For Life","description":"D\u00e9couvrez notre Savon Corporel Vivifiant, parfait pour un nettoyage doux et une exfoliation d\u00e9licate. Transformez votre routine avec sa mousse onctueuse et son parfum d'agrumes.","robots":{"index":"index","follow":"follow","max-snippet":"max-snippet:-1","max-image-preview":"max-image-preview:large","max-video-preview":"max-video-preview:-1"},"canonical":"https:\/\/druidebio.com\/fr\/produit\/savon-vivifiant-karite\/","og_locale":"fr_FR","og_type":"article","og_title":"Savon Vivifiant Karit\u00e9 | Laboratoires Druide\u00ae | Bio For Life","og_description":"D\u00e9couvrez notre Savon Corporel Vivifiant, parfait pour un nettoyage doux et une exfoliation d\u00e9licate. Transformez votre routine avec sa mousse onctueuse et son parfum d'agrumes.","og_url":"https:\/\/druidebio.com\/fr\/produit\/savon-vivifiant-karite\/","og_site_name":"Laboratoires Druide\u00ae | Bio For Life","article_publisher":"https:\/\/www.facebook.com\/infodruide","article_modified_time":"2026-04-19T19:27:04+00:00","og_image":[{"width":1200,"height":1200,"url":"https:\/\/druidebio.com\/wp-content\/uploads\/2022\/08\/druide-face-body-care-soap-bar-handmade-vivifying-shea-butter-citrusdry-skin-exfoliant-100g.jpg","type":"image\/jpeg"}],"twitter_card":"summary_large_image","schema":{"@context":"https:\/\/schema.org","@graph":[{"@type":["WebPage","ItemPage"],"@id":"https:\/\/druidebio.com\/fr\/produit\/savon-vivifiant-karite\/","url":"https:\/\/druidebio.com\/fr\/produit\/savon-vivifiant-karite\/","name":"Savon Vivifiant Karit\u00e9 | Laboratoires Druide\u00ae | Bio For Life","isPartOf":{"@id":"https:\/\/druidebio.com\/fr\/#website"},"primaryImageOfPage":{"@id":"https:\/\/druidebio.com\/fr\/produit\/savon-vivifiant-karite\/#primaryimage"},"image":{"@id":"https:\/\/druidebio.com\/fr\/produit\/savon-vivifiant-karite\/#primaryimage"},"thumbnailUrl":"https:\/\/druidebio.com\/wp-content\/uploads\/2022\/08\/druide-face-body-care-soap-bar-handmade-vivifying-shea-butter-citrusdry-skin-exfoliant-100g.jpg","datePublished":"2022-08-26T15:48:09+00:00","dateModified":"2026-04-19T19:27:04+00:00","description":"D\u00e9couvrez notre Savon Corporel Vivifiant, parfait pour un nettoyage doux et une exfoliation d\u00e9licate. Transformez votre routine avec sa mousse onctueuse et son parfum d'agrumes.","breadcrumb":{"@id":"https:\/\/druidebio.com\/fr\/produit\/savon-vivifiant-karite\/#breadcrumb"},"inLanguage":"fr-FR","potentialAction":[{"@type":"ReadAction","target":["https:\/\/druidebio.com\/fr\/produit\/savon-vivifiant-karite\/"]}]},{"@type":"ImageObject","inLanguage":"fr-FR","@id":"https:\/\/druidebio.com\/fr\/produit\/savon-vivifiant-karite\/#primaryimage","url":"https:\/\/druidebio.com\/wp-content\/uploads\/2022\/08\/druide-face-body-care-soap-bar-handmade-vivifying-shea-butter-citrusdry-skin-exfoliant-100g.jpg","contentUrl":"https:\/\/druidebio.com\/wp-content\/uploads\/2022\/08\/druide-face-body-care-soap-bar-handmade-vivifying-shea-butter-citrusdry-skin-exfoliant-100g.jpg","width":1200,"height":1200,"caption":"Savon Vivifiant Karit\u00e9"},{"@type":"BreadcrumbList","@id":"https:\/\/druidebio.com\/fr\/produit\/savon-vivifiant-karite\/#breadcrumb","itemListElement":[{"@type":"ListItem","position":1,"name":"Home","item":"https:\/\/druidebio.com\/fr\/"},{"@type":"ListItem","position":2,"name":"Boutique","item":"https:\/\/druidebio.com\/fr\/boutique\/"},{"@type":"ListItem","position":3,"name":"Savon Vivifiant Karit\u00e9"}]},{"@type":"WebSite","@id":"https:\/\/druidebio.com\/fr\/#website","url":"https:\/\/druidebio.com\/fr\/","name":"Laboratoires Druide\u00ae | Bio For Life","description":"Natural and Organic Products. ECOCERT\u00ae Certified.","publisher":{"@id":"https:\/\/druidebio.com\/fr\/#organization"},"alternateName":"Druide","potentialAction":[{"@type":"SearchAction","target":{"@type":"EntryPoint","urlTemplate":"https:\/\/druidebio.com\/fr\/?s={search_term_string}"},"query-input":{"@type":"PropertyValueSpecification","valueRequired":true,"valueName":"search_term_string"}}],"inLanguage":"fr-FR"},{"@type":"Organization","@id":"https:\/\/druidebio.com\/fr\/#organization","name":"Druide","alternateName":"Laboratoires Druide","url":"https:\/\/druidebio.com\/fr\/","logo":{"@type":"ImageObject","inLanguage":"fr-FR","@id":"https:\/\/druidebio.com\/fr\/#\/schema\/logo\/image\/","url":"https:\/\/druidebio.com\/wp-content\/uploads\/2022\/08\/logo-fav.png","contentUrl":"https:\/\/druidebio.com\/wp-content\/uploads\/2022\/08\/logo-fav.png","width":512,"height":512,"caption":"Druide"},"image":{"@id":"https:\/\/druidebio.com\/fr\/#\/schema\/logo\/image\/"},"sameAs":["https:\/\/www.facebook.com\/infodruide","https:\/\/www.instagram.com\/druidebio\/","https:\/\/www.pinterest.ca\/DruideBioCanada\/","https:\/\/www.youtube.com\/user\/DRUIDECANADA"]}]}},"_links":{"self":[{"href":"https:\/\/druidebio.com\/fr\/wp-json\/wp\/v2\/product\/2334","targetHints":{"allow":["GET"]}}],"collection":[{"href":"https:\/\/druidebio.com\/fr\/wp-json\/wp\/v2\/product"}],"about":[{"href":"https:\/\/druidebio.com\/fr\/wp-json\/wp\/v2\/types\/product"}],"replies":[{"embeddable":true,"href":"https:\/\/druidebio.com\/fr\/wp-json\/wp\/v2\/comments?post=2334"}],"wp:featuredmedia":[{"embeddable":true,"href":"https:\/\/druidebio.com\/fr\/wp-json\/wp\/v2\/media\/1746"}],"wp:attachment":[{"href":"https:\/\/druidebio.com\/fr\/wp-json\/wp\/v2\/media?parent=2334"}],"wp:term":[{"taxonomy":"product_brand","embeddable":true,"href":"https:\/\/druidebio.com\/fr\/wp-json\/wp\/v2\/product_brand?post=2334"},{"taxonomy":"product_cat","embeddable":true,"href":"https:\/\/druidebio.com\/fr\/wp-json\/wp\/v2\/product_cat?post=2334"},{"taxonomy":"product_tag","embeddable":true,"href":"https:\/\/druidebio.com\/fr\/wp-json\/wp\/v2\/product_tag?post=2334"},{"taxonomy":"giftcard-category","embeddable":true,"href":"https:\/\/druidebio.com\/fr\/wp-json\/wp\/v2\/giftcard-category?post=2334"}],"curies":[{"name":"wp","href":"https:\/\/api.w.org\/{rel}","templated":true}]}}