{"id":2332,"date":"2022-08-26T11:48:19","date_gmt":"2022-08-26T15:48:19","guid":{"rendered":"https:\/\/druide.wpengine.com\/product\/deep-cleansing-liquid-body-soap-family-size\/"},"modified":"2026-03-31T22:14:54","modified_gmt":"2026-04-01T02:14:54","slug":"savon-corporel-liquide-assainissant-format-familial","status":"publish","type":"product","link":"https:\/\/druidebio.com\/fr\/produit\/savon-corporel-liquide-assainissant-format-familial\/","title":{"rendered":"Savon Corporel Liquide Assainissant (Format Familial)"},"content":{"rendered":"<h2>Savon douceur pour une peau assainie sans tiraillement<\/h2>\n<p>Plongez dans une exp\u00e9rience de nettoyage doux avec notre Savon Corporel Assainissant. Con\u00e7u pour le visage et le corps, il allie douceur et efficacit\u00e9, assurant une peau purifi\u00e9e sans compromettre son film hydrolipidique. R\u00e9sultat : une peau assainie, douce et sans sensation de tiraillement apr\u00e8s chaque utilisation.<\/p>\n<p>La magie r\u00e9side dans ses ingr\u00e9dients bio : en plus de ses propri\u00e9t\u00e9s purifiantes, tonifiantes et vivifiantes, sa texture riche offre fra\u00eecheur et vitalit\u00e9 \u00e0 chaque lavage. Profitez de la g\u00e9n\u00e9reuse mousse qui respecte le pH cutan\u00e9, id\u00e9ale m\u00eame pour les peaux d\u00e9licates. L&rsquo;extrait d\u2019aub\u00e9pin, reconnu pour ses vertus apaisantes, s&rsquo;associe \u00e0 l&rsquo;extrait de lavande pour une relaxation profonde de la peau. Quant \u00e0 l&rsquo;odeur d&rsquo;arbre \u00e0 th\u00e9, elle ajoute une touche rafra\u00eechissante pour un bien-\u00eatre complet. Une invitation \u00e0 une routine saine pour toutes les peaux.<\/p>\n<p>Nous mettons un point d&rsquo;honneur \u00e0 vous offrir un produit respectueux de votre peau et de l&rsquo;environnement. C\u2019est pourquoi ce savon corporel est \u00e9galement certifi\u00e9 \u00c9cocert, garantissant qu&rsquo;il est 100 % v\u00e9g\u00e9tal (vegan), biod\u00e9gradable et respectueux de l&rsquo;environnement. Nous avons \u00e9limin\u00e9 de notre formule les sulfates, les silicones, les parab\u00e8nes, l&rsquo;alcool, les PEG, le gluten, les OGM, les perturbateurs endocriniens, le goudron, les quaterniums, les parfums et nos produits ne sont pas test\u00e9s sur les animaux.<\/p>\n","protected":false},"excerpt":{"rendered":"<p>Optez pour notre Savon Corporel Assainissant, con\u00e7u pour visage et corps. Il garantit un nettoyage doux, laissant votre peau purifi\u00e9e et confortable.<\/p>\n<ul>\n<li class=\"bullet-arrow\"><strong>Texture <\/strong>: Gel riche<\/li>\n<li class=\"bullet-arrow\"><strong>Odeur <\/strong>: Arbre \u00e0 th\u00e9<\/li>\n<li class=\"bullet-arrow\"><strong>Format <\/strong>: 1 L \u2013 33.8 US Fl.oz.<\/li>\n<\/ul>\n<div class=\"row row-full-width align-equal\"  id=\"row-323511221\">\n\t<div id=\"col-1352899620\" class=\"col small-12 large-12\"  >\n\t\t\t\t<div class=\"col-inner\"  >\n\t\t\t\n\t\t\t\n\n  \n    <div class=\"row large-columns-8 medium-columns-8 small-columns-8 row-xsmall\" >\n  <div class=\"gallery-col col\" >\n          <div class=\"col-inner\">\n                        <div class=\"box has-hover gallery-box box-none\">\n              <div class=\"box-image\" >\n                <img width=\"1\" height=\"1\" src=\"https:\/\/druidebio.com\/wp-content\/uploads\/2023\/07\/EcoCert.svg\" class=\"attachment-medium size-medium\" alt=\"\" ids=\"861,868,864,863,865,862\" style=\"none\" lightbox=\"false\" col_spacing=\"xsmall\" columns=\"8\" columns__sm=\"8\" columns__md=\"8\" decoding=\"async\" loading=\"lazy\" \/>                                                              <\/div>\n              <div class=\"box-text text-left\" >\n                 <p><\/p>\n              <\/div>\n            <\/div>\n                      <\/div>\n         <\/div><div class=\"gallery-col col\" >\n          <div class=\"col-inner\">\n                        <div class=\"box has-hover gallery-box box-none\">\n              <div class=\"box-image\" >\n                <img width=\"1\" height=\"1\" src=\"https:\/\/druidebio.com\/wp-content\/uploads\/2023\/07\/Vegan.svg\" class=\"attachment-medium size-medium\" alt=\"\" ids=\"861,868,864,863,865,862\" style=\"none\" lightbox=\"false\" col_spacing=\"xsmall\" columns=\"8\" columns__sm=\"8\" columns__md=\"8\" decoding=\"async\" loading=\"lazy\" \/>                                                              <\/div>\n              <div class=\"box-text text-left\" >\n                 <p><\/p>\n              <\/div>\n            <\/div>\n                      <\/div>\n         <\/div><div class=\"gallery-col col\" >\n          <div class=\"col-inner\">\n                        <div class=\"box has-hover gallery-box box-none\">\n              <div class=\"box-image\" >\n                <img width=\"1\" height=\"1\" src=\"https:\/\/druidebio.com\/wp-content\/uploads\/2023\/07\/Not_Tested_Animals.svg\" class=\"attachment-medium size-medium\" alt=\"\" ids=\"861,868,864,863,865,862\" style=\"none\" lightbox=\"false\" col_spacing=\"xsmall\" columns=\"8\" columns__sm=\"8\" columns__md=\"8\" decoding=\"async\" loading=\"lazy\" \/>                                                              <\/div>\n              <div class=\"box-text text-left\" >\n                 <p><\/p>\n              <\/div>\n            <\/div>\n                      <\/div>\n         <\/div><div class=\"gallery-col col\" >\n          <div class=\"col-inner\">\n                        <div class=\"box has-hover gallery-box box-none\">\n              <div class=\"box-image\" >\n                <img width=\"1\" height=\"1\" src=\"https:\/\/druidebio.com\/wp-content\/uploads\/2023\/07\/NoGMO.svg\" class=\"attachment-medium size-medium\" alt=\"\" ids=\"861,868,864,863,865,862\" style=\"none\" lightbox=\"false\" col_spacing=\"xsmall\" columns=\"8\" columns__sm=\"8\" columns__md=\"8\" decoding=\"async\" loading=\"lazy\" \/>                                                              <\/div>\n              <div class=\"box-text text-left\" >\n                 <p><\/p>\n              <\/div>\n            <\/div>\n                      <\/div>\n         <\/div><div class=\"gallery-col col\" >\n          <div class=\"col-inner\">\n                        <div class=\"box has-hover gallery-box box-none\">\n              <div class=\"box-image\" >\n                <img width=\"1\" height=\"1\" src=\"https:\/\/druidebio.com\/wp-content\/uploads\/2023\/07\/Recyclable.svg\" class=\"attachment-medium size-medium\" alt=\"\" ids=\"861,868,864,863,865,862\" style=\"none\" lightbox=\"false\" col_spacing=\"xsmall\" columns=\"8\" columns__sm=\"8\" columns__md=\"8\" decoding=\"async\" loading=\"lazy\" \/>                                                              <\/div>\n              <div class=\"box-text text-left\" >\n                 <p><\/p>\n              <\/div>\n            <\/div>\n                      <\/div>\n         <\/div><div class=\"gallery-col col\" >\n          <div class=\"col-inner\">\n                        <div class=\"box has-hover gallery-box box-none\">\n              <div class=\"box-image\" >\n                <img width=\"1\" height=\"1\" src=\"https:\/\/druidebio.com\/wp-content\/uploads\/2023\/07\/Gluten_Free.svg\" class=\"attachment-medium size-medium\" alt=\"\" ids=\"861,868,864,863,865,862\" style=\"none\" lightbox=\"false\" col_spacing=\"xsmall\" columns=\"8\" columns__sm=\"8\" columns__md=\"8\" decoding=\"async\" loading=\"lazy\" \/>                                                              <\/div>\n              <div class=\"box-text text-left\" >\n                 <p><\/p>\n              <\/div>\n            <\/div>\n                      <\/div>\n         <\/div><\/div>\n\t\t<\/div>\n\t\t\t\t\t<\/div>\n\n\t<\/div>\n","protected":false},"featured_media":1682,"comment_status":"open","ping_status":"closed","template":"","meta":[],"product_brand":[],"product_cat":[103,142,116,93],"product_tag":[],"giftcard-category":[],"class_list":{"0":"post-2332","1":"product","2":"type-product","3":"status-publish","4":"has-post-thumbnail","6":"product_cat-druide-essentielle","7":"product_cat-format-familial","8":"product_cat-savons","9":"product_cat-soins-corps","11":"first","12":"instock","13":"taxable","14":"shipping-taxable","15":"purchasable","16":"product-type-simple"},"yoast_head":"<!-- This site is optimized with the Yoast SEO plugin v27.1.1 - https:\/\/yoast.com\/product\/yoast-seo-wordpress\/ -->\n<title>Savon Corporel Liquide Assainissant (Format Familial) | Laboratoires Druide\u00ae | Bio For Life<\/title>\n<meta name=\"description\" content=\"Optez pour notre Savon Corporel Assainissant, con\u00e7u pour visage et corps. Il garantit un nettoyage doux, laissant votre peau purifi\u00e9e et confortable.\" \/>\n<meta name=\"robots\" content=\"index, follow, max-snippet:-1, max-image-preview:large, max-video-preview:-1\" \/>\n<link rel=\"canonical\" href=\"https:\/\/druidebio.com\/fr\/produit\/savon-corporel-liquide-assainissant-format-familial\/\" \/>\n<meta property=\"og:locale\" content=\"fr_FR\" \/>\n<meta property=\"og:type\" content=\"article\" \/>\n<meta property=\"og:title\" content=\"Savon Corporel Liquide Assainissant (Format Familial) | Laboratoires Druide\u00ae | Bio For Life\" \/>\n<meta property=\"og:description\" content=\"Optez pour notre Savon Corporel Assainissant, con\u00e7u pour visage et corps. Il garantit un nettoyage doux, laissant votre peau purifi\u00e9e et confortable.\" \/>\n<meta property=\"og:url\" content=\"https:\/\/druidebio.com\/fr\/produit\/savon-corporel-liquide-assainissant-format-familial\/\" \/>\n<meta property=\"og:site_name\" content=\"Laboratoires Druide\u00ae | Bio For Life\" \/>\n<meta property=\"article:publisher\" content=\"https:\/\/www.facebook.com\/infodruide\" \/>\n<meta property=\"article:modified_time\" content=\"2026-04-01T02:14:54+00:00\" \/>\n<meta property=\"og:image\" content=\"https:\/\/druidebio.com\/wp-content\/uploads\/2022\/08\/druide-body-care-liquid-soap-deep-cleansing-teat-tree-oil-peppermint-thym-1l-bottle.jpg\" \/>\n\t<meta property=\"og:image:width\" content=\"1200\" \/>\n\t<meta property=\"og:image:height\" content=\"1200\" \/>\n\t<meta property=\"og:image:type\" content=\"image\/jpeg\" \/>\n<meta name=\"twitter:card\" content=\"summary_large_image\" \/>\n<script type=\"application\/ld+json\" class=\"yoast-schema-graph\">{\"@context\":\"https:\/\/schema.org\",\"@graph\":[{\"@type\":[\"WebPage\",\"ItemPage\"],\"@id\":\"https:\/\/druidebio.com\/fr\/produit\/savon-corporel-liquide-assainissant-format-familial\/\",\"url\":\"https:\/\/druidebio.com\/fr\/produit\/savon-corporel-liquide-assainissant-format-familial\/\",\"name\":\"Savon Corporel Liquide Assainissant (Format Familial) | Laboratoires Druide\u00ae | Bio For Life\",\"isPartOf\":{\"@id\":\"https:\/\/druidebio.com\/fr\/#website\"},\"primaryImageOfPage\":{\"@id\":\"https:\/\/druidebio.com\/fr\/produit\/savon-corporel-liquide-assainissant-format-familial\/#primaryimage\"},\"image\":{\"@id\":\"https:\/\/druidebio.com\/fr\/produit\/savon-corporel-liquide-assainissant-format-familial\/#primaryimage\"},\"thumbnailUrl\":\"https:\/\/druidebio.com\/wp-content\/uploads\/2022\/08\/druide-body-care-liquid-soap-deep-cleansing-teat-tree-oil-peppermint-thym-1l-bottle.jpg\",\"datePublished\":\"2022-08-26T15:48:19+00:00\",\"dateModified\":\"2026-04-01T02:14:54+00:00\",\"description\":\"Optez pour notre Savon Corporel Assainissant, con\u00e7u pour visage et corps. Il garantit un nettoyage doux, laissant votre peau purifi\u00e9e et confortable.\",\"breadcrumb\":{\"@id\":\"https:\/\/druidebio.com\/fr\/produit\/savon-corporel-liquide-assainissant-format-familial\/#breadcrumb\"},\"inLanguage\":\"fr-FR\",\"potentialAction\":[{\"@type\":\"ReadAction\",\"target\":[\"https:\/\/druidebio.com\/fr\/produit\/savon-corporel-liquide-assainissant-format-familial\/\"]}]},{\"@type\":\"ImageObject\",\"inLanguage\":\"fr-FR\",\"@id\":\"https:\/\/druidebio.com\/fr\/produit\/savon-corporel-liquide-assainissant-format-familial\/#primaryimage\",\"url\":\"https:\/\/druidebio.com\/wp-content\/uploads\/2022\/08\/druide-body-care-liquid-soap-deep-cleansing-teat-tree-oil-peppermint-thym-1l-bottle.jpg\",\"contentUrl\":\"https:\/\/druidebio.com\/wp-content\/uploads\/2022\/08\/druide-body-care-liquid-soap-deep-cleansing-teat-tree-oil-peppermint-thym-1l-bottle.jpg\",\"width\":1200,\"height\":1200,\"caption\":\"Savon Corporel Liquide Assainissant\"},{\"@type\":\"BreadcrumbList\",\"@id\":\"https:\/\/druidebio.com\/fr\/produit\/savon-corporel-liquide-assainissant-format-familial\/#breadcrumb\",\"itemListElement\":[{\"@type\":\"ListItem\",\"position\":1,\"name\":\"Home\",\"item\":\"https:\/\/druidebio.com\/fr\/\"},{\"@type\":\"ListItem\",\"position\":2,\"name\":\"Boutique\",\"item\":\"https:\/\/druidebio.com\/fr\/boutique\/\"},{\"@type\":\"ListItem\",\"position\":3,\"name\":\"Savon Corporel Liquide Assainissant (Format Familial)\"}]},{\"@type\":\"WebSite\",\"@id\":\"https:\/\/druidebio.com\/fr\/#website\",\"url\":\"https:\/\/druidebio.com\/fr\/\",\"name\":\"Laboratoires Druide\u00ae | Bio For Life\",\"description\":\"Natural and Organic Products. ECOCERT\u00ae Certified.\",\"publisher\":{\"@id\":\"https:\/\/druidebio.com\/fr\/#organization\"},\"alternateName\":\"Druide\",\"potentialAction\":[{\"@type\":\"SearchAction\",\"target\":{\"@type\":\"EntryPoint\",\"urlTemplate\":\"https:\/\/druidebio.com\/fr\/?s={search_term_string}\"},\"query-input\":{\"@type\":\"PropertyValueSpecification\",\"valueRequired\":true,\"valueName\":\"search_term_string\"}}],\"inLanguage\":\"fr-FR\"},{\"@type\":\"Organization\",\"@id\":\"https:\/\/druidebio.com\/fr\/#organization\",\"name\":\"Druide\",\"alternateName\":\"Laboratoires Druide\",\"url\":\"https:\/\/druidebio.com\/fr\/\",\"logo\":{\"@type\":\"ImageObject\",\"inLanguage\":\"fr-FR\",\"@id\":\"https:\/\/druidebio.com\/fr\/#\/schema\/logo\/image\/\",\"url\":\"https:\/\/druidebio.com\/wp-content\/uploads\/2022\/08\/logo-fav.png\",\"contentUrl\":\"https:\/\/druidebio.com\/wp-content\/uploads\/2022\/08\/logo-fav.png\",\"width\":512,\"height\":512,\"caption\":\"Druide\"},\"image\":{\"@id\":\"https:\/\/druidebio.com\/fr\/#\/schema\/logo\/image\/\"},\"sameAs\":[\"https:\/\/www.facebook.com\/infodruide\",\"https:\/\/www.instagram.com\/druidebio\/\",\"https:\/\/www.pinterest.ca\/DruideBioCanada\/\",\"https:\/\/www.youtube.com\/user\/DRUIDECANADA\"]}]}<\/script>\n<!-- \/ Yoast SEO plugin. -->","yoast_head_json":{"title":"Savon Corporel Liquide Assainissant (Format Familial) | Laboratoires Druide\u00ae | Bio For Life","description":"Optez pour notre Savon Corporel Assainissant, con\u00e7u pour visage et corps. Il garantit un nettoyage doux, laissant votre peau purifi\u00e9e et confortable.","robots":{"index":"index","follow":"follow","max-snippet":"max-snippet:-1","max-image-preview":"max-image-preview:large","max-video-preview":"max-video-preview:-1"},"canonical":"https:\/\/druidebio.com\/fr\/produit\/savon-corporel-liquide-assainissant-format-familial\/","og_locale":"fr_FR","og_type":"article","og_title":"Savon Corporel Liquide Assainissant (Format Familial) | Laboratoires Druide\u00ae | Bio For Life","og_description":"Optez pour notre Savon Corporel Assainissant, con\u00e7u pour visage et corps. Il garantit un nettoyage doux, laissant votre peau purifi\u00e9e et confortable.","og_url":"https:\/\/druidebio.com\/fr\/produit\/savon-corporel-liquide-assainissant-format-familial\/","og_site_name":"Laboratoires Druide\u00ae | Bio For Life","article_publisher":"https:\/\/www.facebook.com\/infodruide","article_modified_time":"2026-04-01T02:14:54+00:00","og_image":[{"width":1200,"height":1200,"url":"https:\/\/druidebio.com\/wp-content\/uploads\/2022\/08\/druide-body-care-liquid-soap-deep-cleansing-teat-tree-oil-peppermint-thym-1l-bottle.jpg","type":"image\/jpeg"}],"twitter_card":"summary_large_image","schema":{"@context":"https:\/\/schema.org","@graph":[{"@type":["WebPage","ItemPage"],"@id":"https:\/\/druidebio.com\/fr\/produit\/savon-corporel-liquide-assainissant-format-familial\/","url":"https:\/\/druidebio.com\/fr\/produit\/savon-corporel-liquide-assainissant-format-familial\/","name":"Savon Corporel Liquide Assainissant (Format Familial) | Laboratoires Druide\u00ae | Bio For Life","isPartOf":{"@id":"https:\/\/druidebio.com\/fr\/#website"},"primaryImageOfPage":{"@id":"https:\/\/druidebio.com\/fr\/produit\/savon-corporel-liquide-assainissant-format-familial\/#primaryimage"},"image":{"@id":"https:\/\/druidebio.com\/fr\/produit\/savon-corporel-liquide-assainissant-format-familial\/#primaryimage"},"thumbnailUrl":"https:\/\/druidebio.com\/wp-content\/uploads\/2022\/08\/druide-body-care-liquid-soap-deep-cleansing-teat-tree-oil-peppermint-thym-1l-bottle.jpg","datePublished":"2022-08-26T15:48:19+00:00","dateModified":"2026-04-01T02:14:54+00:00","description":"Optez pour notre Savon Corporel Assainissant, con\u00e7u pour visage et corps. Il garantit un nettoyage doux, laissant votre peau purifi\u00e9e et confortable.","breadcrumb":{"@id":"https:\/\/druidebio.com\/fr\/produit\/savon-corporel-liquide-assainissant-format-familial\/#breadcrumb"},"inLanguage":"fr-FR","potentialAction":[{"@type":"ReadAction","target":["https:\/\/druidebio.com\/fr\/produit\/savon-corporel-liquide-assainissant-format-familial\/"]}]},{"@type":"ImageObject","inLanguage":"fr-FR","@id":"https:\/\/druidebio.com\/fr\/produit\/savon-corporel-liquide-assainissant-format-familial\/#primaryimage","url":"https:\/\/druidebio.com\/wp-content\/uploads\/2022\/08\/druide-body-care-liquid-soap-deep-cleansing-teat-tree-oil-peppermint-thym-1l-bottle.jpg","contentUrl":"https:\/\/druidebio.com\/wp-content\/uploads\/2022\/08\/druide-body-care-liquid-soap-deep-cleansing-teat-tree-oil-peppermint-thym-1l-bottle.jpg","width":1200,"height":1200,"caption":"Savon Corporel Liquide Assainissant"},{"@type":"BreadcrumbList","@id":"https:\/\/druidebio.com\/fr\/produit\/savon-corporel-liquide-assainissant-format-familial\/#breadcrumb","itemListElement":[{"@type":"ListItem","position":1,"name":"Home","item":"https:\/\/druidebio.com\/fr\/"},{"@type":"ListItem","position":2,"name":"Boutique","item":"https:\/\/druidebio.com\/fr\/boutique\/"},{"@type":"ListItem","position":3,"name":"Savon Corporel Liquide Assainissant (Format Familial)"}]},{"@type":"WebSite","@id":"https:\/\/druidebio.com\/fr\/#website","url":"https:\/\/druidebio.com\/fr\/","name":"Laboratoires Druide\u00ae | Bio For Life","description":"Natural and Organic Products. ECOCERT\u00ae Certified.","publisher":{"@id":"https:\/\/druidebio.com\/fr\/#organization"},"alternateName":"Druide","potentialAction":[{"@type":"SearchAction","target":{"@type":"EntryPoint","urlTemplate":"https:\/\/druidebio.com\/fr\/?s={search_term_string}"},"query-input":{"@type":"PropertyValueSpecification","valueRequired":true,"valueName":"search_term_string"}}],"inLanguage":"fr-FR"},{"@type":"Organization","@id":"https:\/\/druidebio.com\/fr\/#organization","name":"Druide","alternateName":"Laboratoires Druide","url":"https:\/\/druidebio.com\/fr\/","logo":{"@type":"ImageObject","inLanguage":"fr-FR","@id":"https:\/\/druidebio.com\/fr\/#\/schema\/logo\/image\/","url":"https:\/\/druidebio.com\/wp-content\/uploads\/2022\/08\/logo-fav.png","contentUrl":"https:\/\/druidebio.com\/wp-content\/uploads\/2022\/08\/logo-fav.png","width":512,"height":512,"caption":"Druide"},"image":{"@id":"https:\/\/druidebio.com\/fr\/#\/schema\/logo\/image\/"},"sameAs":["https:\/\/www.facebook.com\/infodruide","https:\/\/www.instagram.com\/druidebio\/","https:\/\/www.pinterest.ca\/DruideBioCanada\/","https:\/\/www.youtube.com\/user\/DRUIDECANADA"]}]}},"_links":{"self":[{"href":"https:\/\/druidebio.com\/fr\/wp-json\/wp\/v2\/product\/2332","targetHints":{"allow":["GET"]}}],"collection":[{"href":"https:\/\/druidebio.com\/fr\/wp-json\/wp\/v2\/product"}],"about":[{"href":"https:\/\/druidebio.com\/fr\/wp-json\/wp\/v2\/types\/product"}],"replies":[{"embeddable":true,"href":"https:\/\/druidebio.com\/fr\/wp-json\/wp\/v2\/comments?post=2332"}],"wp:featuredmedia":[{"embeddable":true,"href":"https:\/\/druidebio.com\/fr\/wp-json\/wp\/v2\/media\/1682"}],"wp:attachment":[{"href":"https:\/\/druidebio.com\/fr\/wp-json\/wp\/v2\/media?parent=2332"}],"wp:term":[{"taxonomy":"product_brand","embeddable":true,"href":"https:\/\/druidebio.com\/fr\/wp-json\/wp\/v2\/product_brand?post=2332"},{"taxonomy":"product_cat","embeddable":true,"href":"https:\/\/druidebio.com\/fr\/wp-json\/wp\/v2\/product_cat?post=2332"},{"taxonomy":"product_tag","embeddable":true,"href":"https:\/\/druidebio.com\/fr\/wp-json\/wp\/v2\/product_tag?post=2332"},{"taxonomy":"giftcard-category","embeddable":true,"href":"https:\/\/druidebio.com\/fr\/wp-json\/wp\/v2\/giftcard-category?post=2332"}],"curies":[{"name":"wp","href":"https:\/\/api.w.org\/{rel}","templated":true}]}}