{"id":2328,"date":"2022-08-26T11:48:20","date_gmt":"2022-08-26T15:48:20","guid":{"rendered":"https:\/\/druide.wpengine.com\/product\/soothing-liquid-body-soap-family-size\/"},"modified":"2026-03-27T10:55:11","modified_gmt":"2026-03-27T14:55:11","slug":"savon-corporel-liquide-adoucissant-format-familial","status":"publish","type":"product","link":"https:\/\/druidebio.com\/fr\/produit\/savon-corporel-liquide-adoucissant-format-familial\/","title":{"rendered":"Savon Corporel Liquide Adoucissant (Format Familial)"},"content":{"rendered":"<h2>Savon adoucissant pour peaux s\u00e8ches et sensibles<\/h2>\n<p>Le Savon Corporel Adoucissant, d\u00e9licatement parfum\u00e9 \u00e0 l&rsquo;amande, est une invitation \u00e0 chouchouter votre peau au quotidien. Sa composition soigneusement \u00e9labor\u00e9e int\u00e8gre une vari\u00e9t\u00e9 d&rsquo;ingr\u00e9dients s\u00e9lectionn\u00e9s pour leurs propri\u00e9t\u00e9s apaisantes, purifiantes et tonifiantes. Ainsi, l\u2019onctuosit\u00e9 qu&rsquo;il forme lors de son utilisation enveloppe la peau, la laissant douce et confortable. La formule est pens\u00e9e pour \u00eatre universelle, adapt\u00e9e \u00e0 tous, mais elle prend sp\u00e9cialement soin des peaux s\u00e8ches et sensibles. L&rsquo;extrait de lavande est incorpor\u00e9 pour profiter de ses propri\u00e9t\u00e9s relaxantes, aidant \u00e0 apaiser les tensions cutan\u00e9es. De plus, le chardon marie, riche en antioxydants, travaille \u00e0 revitaliser et prot\u00e9ger la peau des agressions ext\u00e9rieures. C&rsquo;est un soin quotidien qui allie efficacit\u00e9 et douceur pour r\u00e9pondre aux besoins des peaux exigeantes.<\/p>\n<p>Nous mettons un point d&rsquo;honneur \u00e0 vous offrir un produit respectueux de votre peau et de l&rsquo;environnement. C\u2019est pourquoi ce savon corporel est certifi\u00e9 \u00c9cocert, 100 % v\u00e9g\u00e9tal (vegan), biod\u00e9gradable, sans sulfates, sans silicones, sans parab\u00e8nes, sans alcool, sans PEG, sans gluten, sans OGM, sans perturbateurs endocriniens, sans goudron, sans quaterniums, sans parfum et non test\u00e9 sur les animaux.<\/p>\n","protected":false},"excerpt":{"rendered":"<p>Savon Corporel Adoucissant pour peaux s\u00e8ches et sensibles. Il nettoie, revitalise et apaise la peau.<\/p>\n<ul>\n<li class=\"bullet-arrow\"><strong>Texture <\/strong>: Gel riche<\/li>\n<li class=\"bullet-arrow\"><strong>Odeur <\/strong>: Amande<\/li>\n<li class=\"bullet-arrow\"><strong>Format <\/strong>: 1 L \u2013 33.8 US Fl.oz.<\/li>\n<\/ul>\n<div class=\"row row-full-width align-equal\"  id=\"row-1332972591\">\n\t<div id=\"col-1949966931\" class=\"col small-12 large-12\"  >\n\t\t\t\t<div class=\"col-inner\"  >\n\t\t\t\n\t\t\t\n\n  \n    <div class=\"row large-columns-8 medium-columns-8 small-columns-8 row-xsmall\" >\n  <div class=\"gallery-col col\" >\n          <div class=\"col-inner\">\n                        <div class=\"box has-hover gallery-box box-none\">\n              <div class=\"box-image\" >\n                <img width=\"1\" height=\"1\" src=\"https:\/\/druidebio.com\/wp-content\/uploads\/2023\/07\/EcoCert.svg\" class=\"attachment-medium size-medium\" alt=\"\" ids=\"861,868,864,863,865,862\" style=\"none\" lightbox=\"false\" col_spacing=\"xsmall\" columns=\"8\" columns__sm=\"8\" columns__md=\"8\" decoding=\"async\" loading=\"lazy\" \/>                                                              <\/div>\n              <div class=\"box-text text-left\" >\n                 <p><\/p>\n              <\/div>\n            <\/div>\n                      <\/div>\n         <\/div><div class=\"gallery-col col\" >\n          <div class=\"col-inner\">\n                        <div class=\"box has-hover gallery-box box-none\">\n              <div class=\"box-image\" >\n                <img width=\"1\" height=\"1\" src=\"https:\/\/druidebio.com\/wp-content\/uploads\/2023\/07\/Vegan.svg\" class=\"attachment-medium size-medium\" alt=\"\" ids=\"861,868,864,863,865,862\" style=\"none\" lightbox=\"false\" col_spacing=\"xsmall\" columns=\"8\" columns__sm=\"8\" columns__md=\"8\" decoding=\"async\" loading=\"lazy\" \/>                                                              <\/div>\n              <div class=\"box-text text-left\" >\n                 <p><\/p>\n              <\/div>\n            <\/div>\n                      <\/div>\n         <\/div><div class=\"gallery-col col\" >\n          <div class=\"col-inner\">\n                        <div class=\"box has-hover gallery-box box-none\">\n              <div class=\"box-image\" >\n                <img width=\"1\" height=\"1\" src=\"https:\/\/druidebio.com\/wp-content\/uploads\/2023\/07\/Not_Tested_Animals.svg\" class=\"attachment-medium size-medium\" alt=\"\" ids=\"861,868,864,863,865,862\" style=\"none\" lightbox=\"false\" col_spacing=\"xsmall\" columns=\"8\" columns__sm=\"8\" columns__md=\"8\" decoding=\"async\" loading=\"lazy\" \/>                                                              <\/div>\n              <div class=\"box-text text-left\" >\n                 <p><\/p>\n              <\/div>\n            <\/div>\n                      <\/div>\n         <\/div><div class=\"gallery-col col\" >\n          <div class=\"col-inner\">\n                        <div class=\"box has-hover gallery-box box-none\">\n              <div class=\"box-image\" >\n                <img width=\"1\" height=\"1\" src=\"https:\/\/druidebio.com\/wp-content\/uploads\/2023\/07\/NoGMO.svg\" class=\"attachment-medium size-medium\" alt=\"\" ids=\"861,868,864,863,865,862\" style=\"none\" lightbox=\"false\" col_spacing=\"xsmall\" columns=\"8\" columns__sm=\"8\" columns__md=\"8\" decoding=\"async\" loading=\"lazy\" \/>                                                              <\/div>\n              <div class=\"box-text text-left\" >\n                 <p><\/p>\n              <\/div>\n            <\/div>\n                      <\/div>\n         <\/div><div class=\"gallery-col col\" >\n          <div class=\"col-inner\">\n                        <div class=\"box has-hover gallery-box box-none\">\n              <div class=\"box-image\" >\n                <img width=\"1\" height=\"1\" src=\"https:\/\/druidebio.com\/wp-content\/uploads\/2023\/07\/Recyclable.svg\" class=\"attachment-medium size-medium\" alt=\"\" ids=\"861,868,864,863,865,862\" style=\"none\" lightbox=\"false\" col_spacing=\"xsmall\" columns=\"8\" columns__sm=\"8\" columns__md=\"8\" decoding=\"async\" loading=\"lazy\" \/>                                                              <\/div>\n              <div class=\"box-text text-left\" >\n                 <p><\/p>\n              <\/div>\n            <\/div>\n                      <\/div>\n         <\/div><div class=\"gallery-col col\" >\n          <div class=\"col-inner\">\n                        <div class=\"box has-hover gallery-box box-none\">\n              <div class=\"box-image\" >\n                <img width=\"1\" height=\"1\" src=\"https:\/\/druidebio.com\/wp-content\/uploads\/2023\/07\/Gluten_Free.svg\" class=\"attachment-medium size-medium\" alt=\"\" ids=\"861,868,864,863,865,862\" style=\"none\" lightbox=\"false\" col_spacing=\"xsmall\" columns=\"8\" columns__sm=\"8\" columns__md=\"8\" decoding=\"async\" loading=\"lazy\" \/>                                                              <\/div>\n              <div class=\"box-text text-left\" >\n                 <p><\/p>\n              <\/div>\n            <\/div>\n                      <\/div>\n         <\/div><\/div>\n\t\t<\/div>\n\t\t\t\t\t<\/div>\n\n\t<\/div>\n","protected":false},"featured_media":1680,"comment_status":"open","ping_status":"closed","template":"","meta":[],"product_brand":[],"product_cat":[103,142,116,93],"product_tag":[],"giftcard-category":[],"class_list":{"0":"post-2328","1":"product","2":"type-product","3":"status-publish","4":"has-post-thumbnail","6":"product_cat-druide-essentielle","7":"product_cat-format-familial","8":"product_cat-savons","9":"product_cat-soins-corps","11":"first","12":"instock","13":"taxable","14":"shipping-taxable","15":"purchasable","16":"product-type-simple"},"yoast_head":"<!-- This site is optimized with the Yoast SEO plugin v27.1.1 - https:\/\/yoast.com\/product\/yoast-seo-wordpress\/ -->\n<title>Savon Corporel Liquide Adoucissant (Format Familial) | Laboratoires Druide\u00ae | Bio For Life<\/title>\n<meta name=\"description\" content=\"Savon Corporel Adoucissant pour peaux s\u00e8ches et sensibles. Il nettoie, revitalise et apaise la peau.\" \/>\n<meta name=\"robots\" content=\"index, follow, max-snippet:-1, max-image-preview:large, max-video-preview:-1\" \/>\n<link rel=\"canonical\" href=\"https:\/\/druidebio.com\/fr\/produit\/savon-corporel-liquide-adoucissant-format-familial\/\" \/>\n<meta property=\"og:locale\" content=\"fr_FR\" \/>\n<meta property=\"og:type\" content=\"article\" \/>\n<meta property=\"og:title\" content=\"Savon Corporel Liquide Adoucissant (Format Familial) | Laboratoires Druide\u00ae | Bio For Life\" \/>\n<meta property=\"og:description\" content=\"Savon Corporel Adoucissant pour peaux s\u00e8ches et sensibles. Il nettoie, revitalise et apaise la peau.\" \/>\n<meta property=\"og:url\" content=\"https:\/\/druidebio.com\/fr\/produit\/savon-corporel-liquide-adoucissant-format-familial\/\" \/>\n<meta property=\"og:site_name\" content=\"Laboratoires Druide\u00ae | Bio For Life\" \/>\n<meta property=\"article:publisher\" content=\"https:\/\/www.facebook.com\/infodruide\" \/>\n<meta property=\"article:modified_time\" content=\"2026-03-27T14:55:11+00:00\" \/>\n<meta property=\"og:image\" content=\"https:\/\/druidebio.com\/wp-content\/uploads\/2022\/08\/druide-body-care-liquid-soap-soothing-almond-sandalwood-1l-bottle.jpg\" \/>\n\t<meta property=\"og:image:width\" content=\"1200\" \/>\n\t<meta property=\"og:image:height\" content=\"1200\" \/>\n\t<meta property=\"og:image:type\" content=\"image\/jpeg\" \/>\n<meta name=\"twitter:card\" content=\"summary_large_image\" \/>\n<script type=\"application\/ld+json\" class=\"yoast-schema-graph\">{\"@context\":\"https:\/\/schema.org\",\"@graph\":[{\"@type\":[\"WebPage\",\"ItemPage\"],\"@id\":\"https:\/\/druidebio.com\/fr\/produit\/savon-corporel-liquide-adoucissant-format-familial\/\",\"url\":\"https:\/\/druidebio.com\/fr\/produit\/savon-corporel-liquide-adoucissant-format-familial\/\",\"name\":\"Savon Corporel Liquide Adoucissant (Format Familial) | Laboratoires Druide\u00ae | Bio For Life\",\"isPartOf\":{\"@id\":\"https:\/\/druidebio.com\/fr\/#website\"},\"primaryImageOfPage\":{\"@id\":\"https:\/\/druidebio.com\/fr\/produit\/savon-corporel-liquide-adoucissant-format-familial\/#primaryimage\"},\"image\":{\"@id\":\"https:\/\/druidebio.com\/fr\/produit\/savon-corporel-liquide-adoucissant-format-familial\/#primaryimage\"},\"thumbnailUrl\":\"https:\/\/druidebio.com\/wp-content\/uploads\/2022\/08\/druide-body-care-liquid-soap-soothing-almond-sandalwood-1l-bottle.jpg\",\"datePublished\":\"2022-08-26T15:48:20+00:00\",\"dateModified\":\"2026-03-27T14:55:11+00:00\",\"description\":\"Savon Corporel Adoucissant pour peaux s\u00e8ches et sensibles. Il nettoie, revitalise et apaise la peau.\",\"breadcrumb\":{\"@id\":\"https:\/\/druidebio.com\/fr\/produit\/savon-corporel-liquide-adoucissant-format-familial\/#breadcrumb\"},\"inLanguage\":\"fr-FR\",\"potentialAction\":[{\"@type\":\"ReadAction\",\"target\":[\"https:\/\/druidebio.com\/fr\/produit\/savon-corporel-liquide-adoucissant-format-familial\/\"]}]},{\"@type\":\"ImageObject\",\"inLanguage\":\"fr-FR\",\"@id\":\"https:\/\/druidebio.com\/fr\/produit\/savon-corporel-liquide-adoucissant-format-familial\/#primaryimage\",\"url\":\"https:\/\/druidebio.com\/wp-content\/uploads\/2022\/08\/druide-body-care-liquid-soap-soothing-almond-sandalwood-1l-bottle.jpg\",\"contentUrl\":\"https:\/\/druidebio.com\/wp-content\/uploads\/2022\/08\/druide-body-care-liquid-soap-soothing-almond-sandalwood-1l-bottle.jpg\",\"width\":1200,\"height\":1200,\"caption\":\"Savon Corporel Liquide Adoucissant\"},{\"@type\":\"BreadcrumbList\",\"@id\":\"https:\/\/druidebio.com\/fr\/produit\/savon-corporel-liquide-adoucissant-format-familial\/#breadcrumb\",\"itemListElement\":[{\"@type\":\"ListItem\",\"position\":1,\"name\":\"Home\",\"item\":\"https:\/\/druidebio.com\/fr\/\"},{\"@type\":\"ListItem\",\"position\":2,\"name\":\"Boutique\",\"item\":\"https:\/\/druidebio.com\/fr\/boutique\/\"},{\"@type\":\"ListItem\",\"position\":3,\"name\":\"Savon Corporel Liquide Adoucissant (Format Familial)\"}]},{\"@type\":\"WebSite\",\"@id\":\"https:\/\/druidebio.com\/fr\/#website\",\"url\":\"https:\/\/druidebio.com\/fr\/\",\"name\":\"Laboratoires Druide\u00ae | Bio For Life\",\"description\":\"Natural and Organic Products. ECOCERT\u00ae Certified.\",\"publisher\":{\"@id\":\"https:\/\/druidebio.com\/fr\/#organization\"},\"alternateName\":\"Druide\",\"potentialAction\":[{\"@type\":\"SearchAction\",\"target\":{\"@type\":\"EntryPoint\",\"urlTemplate\":\"https:\/\/druidebio.com\/fr\/?s={search_term_string}\"},\"query-input\":{\"@type\":\"PropertyValueSpecification\",\"valueRequired\":true,\"valueName\":\"search_term_string\"}}],\"inLanguage\":\"fr-FR\"},{\"@type\":\"Organization\",\"@id\":\"https:\/\/druidebio.com\/fr\/#organization\",\"name\":\"Druide\",\"alternateName\":\"Laboratoires Druide\",\"url\":\"https:\/\/druidebio.com\/fr\/\",\"logo\":{\"@type\":\"ImageObject\",\"inLanguage\":\"fr-FR\",\"@id\":\"https:\/\/druidebio.com\/fr\/#\/schema\/logo\/image\/\",\"url\":\"https:\/\/druidebio.com\/wp-content\/uploads\/2022\/08\/logo-fav.png\",\"contentUrl\":\"https:\/\/druidebio.com\/wp-content\/uploads\/2022\/08\/logo-fav.png\",\"width\":512,\"height\":512,\"caption\":\"Druide\"},\"image\":{\"@id\":\"https:\/\/druidebio.com\/fr\/#\/schema\/logo\/image\/\"},\"sameAs\":[\"https:\/\/www.facebook.com\/infodruide\",\"https:\/\/www.instagram.com\/druidebio\/\",\"https:\/\/www.pinterest.ca\/DruideBioCanada\/\",\"https:\/\/www.youtube.com\/user\/DRUIDECANADA\"]}]}<\/script>\n<!-- \/ Yoast SEO plugin. -->","yoast_head_json":{"title":"Savon Corporel Liquide Adoucissant (Format Familial) | Laboratoires Druide\u00ae | Bio For Life","description":"Savon Corporel Adoucissant pour peaux s\u00e8ches et sensibles. Il nettoie, revitalise et apaise la peau.","robots":{"index":"index","follow":"follow","max-snippet":"max-snippet:-1","max-image-preview":"max-image-preview:large","max-video-preview":"max-video-preview:-1"},"canonical":"https:\/\/druidebio.com\/fr\/produit\/savon-corporel-liquide-adoucissant-format-familial\/","og_locale":"fr_FR","og_type":"article","og_title":"Savon Corporel Liquide Adoucissant (Format Familial) | Laboratoires Druide\u00ae | Bio For Life","og_description":"Savon Corporel Adoucissant pour peaux s\u00e8ches et sensibles. Il nettoie, revitalise et apaise la peau.","og_url":"https:\/\/druidebio.com\/fr\/produit\/savon-corporel-liquide-adoucissant-format-familial\/","og_site_name":"Laboratoires Druide\u00ae | Bio For Life","article_publisher":"https:\/\/www.facebook.com\/infodruide","article_modified_time":"2026-03-27T14:55:11+00:00","og_image":[{"width":1200,"height":1200,"url":"https:\/\/druidebio.com\/wp-content\/uploads\/2022\/08\/druide-body-care-liquid-soap-soothing-almond-sandalwood-1l-bottle.jpg","type":"image\/jpeg"}],"twitter_card":"summary_large_image","schema":{"@context":"https:\/\/schema.org","@graph":[{"@type":["WebPage","ItemPage"],"@id":"https:\/\/druidebio.com\/fr\/produit\/savon-corporel-liquide-adoucissant-format-familial\/","url":"https:\/\/druidebio.com\/fr\/produit\/savon-corporel-liquide-adoucissant-format-familial\/","name":"Savon Corporel Liquide Adoucissant (Format Familial) | Laboratoires Druide\u00ae | Bio For Life","isPartOf":{"@id":"https:\/\/druidebio.com\/fr\/#website"},"primaryImageOfPage":{"@id":"https:\/\/druidebio.com\/fr\/produit\/savon-corporel-liquide-adoucissant-format-familial\/#primaryimage"},"image":{"@id":"https:\/\/druidebio.com\/fr\/produit\/savon-corporel-liquide-adoucissant-format-familial\/#primaryimage"},"thumbnailUrl":"https:\/\/druidebio.com\/wp-content\/uploads\/2022\/08\/druide-body-care-liquid-soap-soothing-almond-sandalwood-1l-bottle.jpg","datePublished":"2022-08-26T15:48:20+00:00","dateModified":"2026-03-27T14:55:11+00:00","description":"Savon Corporel Adoucissant pour peaux s\u00e8ches et sensibles. Il nettoie, revitalise et apaise la peau.","breadcrumb":{"@id":"https:\/\/druidebio.com\/fr\/produit\/savon-corporel-liquide-adoucissant-format-familial\/#breadcrumb"},"inLanguage":"fr-FR","potentialAction":[{"@type":"ReadAction","target":["https:\/\/druidebio.com\/fr\/produit\/savon-corporel-liquide-adoucissant-format-familial\/"]}]},{"@type":"ImageObject","inLanguage":"fr-FR","@id":"https:\/\/druidebio.com\/fr\/produit\/savon-corporel-liquide-adoucissant-format-familial\/#primaryimage","url":"https:\/\/druidebio.com\/wp-content\/uploads\/2022\/08\/druide-body-care-liquid-soap-soothing-almond-sandalwood-1l-bottle.jpg","contentUrl":"https:\/\/druidebio.com\/wp-content\/uploads\/2022\/08\/druide-body-care-liquid-soap-soothing-almond-sandalwood-1l-bottle.jpg","width":1200,"height":1200,"caption":"Savon Corporel Liquide Adoucissant"},{"@type":"BreadcrumbList","@id":"https:\/\/druidebio.com\/fr\/produit\/savon-corporel-liquide-adoucissant-format-familial\/#breadcrumb","itemListElement":[{"@type":"ListItem","position":1,"name":"Home","item":"https:\/\/druidebio.com\/fr\/"},{"@type":"ListItem","position":2,"name":"Boutique","item":"https:\/\/druidebio.com\/fr\/boutique\/"},{"@type":"ListItem","position":3,"name":"Savon Corporel Liquide Adoucissant (Format Familial)"}]},{"@type":"WebSite","@id":"https:\/\/druidebio.com\/fr\/#website","url":"https:\/\/druidebio.com\/fr\/","name":"Laboratoires Druide\u00ae | Bio For Life","description":"Natural and Organic Products. ECOCERT\u00ae Certified.","publisher":{"@id":"https:\/\/druidebio.com\/fr\/#organization"},"alternateName":"Druide","potentialAction":[{"@type":"SearchAction","target":{"@type":"EntryPoint","urlTemplate":"https:\/\/druidebio.com\/fr\/?s={search_term_string}"},"query-input":{"@type":"PropertyValueSpecification","valueRequired":true,"valueName":"search_term_string"}}],"inLanguage":"fr-FR"},{"@type":"Organization","@id":"https:\/\/druidebio.com\/fr\/#organization","name":"Druide","alternateName":"Laboratoires Druide","url":"https:\/\/druidebio.com\/fr\/","logo":{"@type":"ImageObject","inLanguage":"fr-FR","@id":"https:\/\/druidebio.com\/fr\/#\/schema\/logo\/image\/","url":"https:\/\/druidebio.com\/wp-content\/uploads\/2022\/08\/logo-fav.png","contentUrl":"https:\/\/druidebio.com\/wp-content\/uploads\/2022\/08\/logo-fav.png","width":512,"height":512,"caption":"Druide"},"image":{"@id":"https:\/\/druidebio.com\/fr\/#\/schema\/logo\/image\/"},"sameAs":["https:\/\/www.facebook.com\/infodruide","https:\/\/www.instagram.com\/druidebio\/","https:\/\/www.pinterest.ca\/DruideBioCanada\/","https:\/\/www.youtube.com\/user\/DRUIDECANADA"]}]}},"_links":{"self":[{"href":"https:\/\/druidebio.com\/fr\/wp-json\/wp\/v2\/product\/2328","targetHints":{"allow":["GET"]}}],"collection":[{"href":"https:\/\/druidebio.com\/fr\/wp-json\/wp\/v2\/product"}],"about":[{"href":"https:\/\/druidebio.com\/fr\/wp-json\/wp\/v2\/types\/product"}],"replies":[{"embeddable":true,"href":"https:\/\/druidebio.com\/fr\/wp-json\/wp\/v2\/comments?post=2328"}],"wp:featuredmedia":[{"embeddable":true,"href":"https:\/\/druidebio.com\/fr\/wp-json\/wp\/v2\/media\/1680"}],"wp:attachment":[{"href":"https:\/\/druidebio.com\/fr\/wp-json\/wp\/v2\/media?parent=2328"}],"wp:term":[{"taxonomy":"product_brand","embeddable":true,"href":"https:\/\/druidebio.com\/fr\/wp-json\/wp\/v2\/product_brand?post=2328"},{"taxonomy":"product_cat","embeddable":true,"href":"https:\/\/druidebio.com\/fr\/wp-json\/wp\/v2\/product_cat?post=2328"},{"taxonomy":"product_tag","embeddable":true,"href":"https:\/\/druidebio.com\/fr\/wp-json\/wp\/v2\/product_tag?post=2328"},{"taxonomy":"giftcard-category","embeddable":true,"href":"https:\/\/druidebio.com\/fr\/wp-json\/wp\/v2\/giftcard-category?post=2328"}],"curies":[{"name":"wp","href":"https:\/\/api.w.org\/{rel}","templated":true}]}}