{"id":2314,"date":"2022-08-26T11:48:09","date_gmt":"2022-08-26T15:48:09","guid":{"rendered":"https:\/\/druide.wpengine.com\/product\/vitalizing-soap\/"},"modified":"2026-03-19T12:51:44","modified_gmt":"2026-03-19T16:51:44","slug":"savon-revitalisant","status":"publish","type":"product","link":"https:\/\/druidebio.com\/fr\/produit\/savon-revitalisant\/","title":{"rendered":"Savon Revitalisant"},"content":{"rendered":"<h2>Savon solide revitalisant pour peaux s\u00e8ches et matures<\/h2>\n<p>D\u00e9couvrez les bienfaits de notre savon corporel revitalisant, un choix id\u00e9al pour ceux qui recherchent un soin d\u00e9licat et une douceur exceptionnelle pour la peau !<\/p>\n<p>Ce savon solide, harmonieusement parfum\u00e9 d&rsquo;une essence florale, est sp\u00e9cifiquement formul\u00e9 pour convenir aux peaux s\u00e8ches et matures, tout en \u00e9tant adapt\u00e9 \u00e0 tous les types de peau.<\/p>\n<p>Sa composition, enrichie en extrait d&rsquo;ortie, conf\u00e8re des propri\u00e9t\u00e9s apaisantes et r\u00e9g\u00e9n\u00e9rantes, assurant un nettoyage en douceur du visage et du corps. L&rsquo;ortie, reconnue pour ses vertus purifiantes, s\u2019allie aux autres ingr\u00e9dients naturels pour assainir et revitaliser la peau, la laissant tonifi\u00e9e et hydrat\u00e9e.<\/p>\n<p>Lors de chaque utilisation, une mousse l\u00e9g\u00e8re et onctueuse enveloppe la peau, garantissant une propret\u00e9 impeccable et diffusant un parfum floral d\u00e9licat qui ravira vos sens. Il laisse la peau purifi\u00e9e, hydrat\u00e9e et d\u00e9licatement parfum\u00e9e, offrant une sensation de fra\u00eecheur et de renouveau tout au long de la journ\u00e9e.<\/p>\n<p>Ce savon est \u00e9galement un alli\u00e9 pour l&rsquo;environnement, il est \u00e9conomique et \u00e9cologique, formul\u00e9 avec des ingr\u00e9dients biologiques et durables, r\u00e9duisant ainsi la consommation de savons liquides en plastique.<\/p>\n<p>Nous mettons un point d&rsquo;honneur \u00e0 vous offrir un produit qui respecte votre peau et l&rsquo;environnement. C&rsquo;est pourquoi notre savon solide est certifi\u00e9 par \u00c9cocert, garantissant une formule enti\u00e8rement biologique. Il est \u00e9galement 100 % v\u00e9g\u00e9tal (vegan), biod\u00e9gradable et respectueux de l&rsquo;\u00e9thique animale, car nos produits ne sont pas test\u00e9s sur les animaux. Nous avons soigneusement s\u00e9lectionn\u00e9 nos ingr\u00e9dients pour vous offrir une formule sans sulfates, sans silicones, sans parab\u00e8nes, sans alcool, sans gluten, sans PEG, sans OGM, sans perturbateurs endocriniens, sans goudron, sans quaterniums, sans parfums et sans colorants.<\/p>\n","protected":false},"excerpt":{"rendered":"<p>D\u00e9couvrez le bien-\u00eatre et la douceur avec notre Savon Corporel Revitalisant bio, sp\u00e9cialement formul\u00e9 pour les peaux s\u00e8ches et matures. Ce savon floral doux purifie, hydrate et revitalise, laissant votre peau fra\u00eeche et d\u00e9licatement parfum\u00e9e tout en \u00e9tant respectueux de l&rsquo;environnement.<\/p>\n<ul>\n<li class=\"bullet-arrow\"><strong>Texture<\/strong>: Barre de savon<\/li>\n<li class=\"bullet-arrow\"><strong>Odor<\/strong>: Floral<\/li>\n<li class=\"bullet-arrow\"><strong>Format<\/strong>: 100 g \u2013 3.5 oz.<\/li>\n<\/ul>\n<div class=\"row row-full-width align-equal\"  id=\"row-1685119553\">\n\t<div id=\"col-961871653\" class=\"col small-12 large-12\"  >\n\t\t\t\t<div class=\"col-inner\"  >\n\t\t\t\n\t\t\t\n\n  \n    <div class=\"row large-columns-8 medium-columns-8 small-columns-8 row-xsmall\" >\n  <div class=\"gallery-col col\" >\n          <div class=\"col-inner\">\n                        <div class=\"box has-hover gallery-box box-none\">\n              <div class=\"box-image\" >\n                <img width=\"1\" height=\"1\" src=\"https:\/\/druidebio.com\/wp-content\/uploads\/2023\/07\/EcoCert.svg\" class=\"attachment-medium size-medium\" alt=\"\" ids=\"861,868,864,863,865,862\" style=\"none\" lightbox=\"false\" col_spacing=\"xsmall\" columns=\"8\" columns__sm=\"8\" columns__md=\"8\" decoding=\"async\" loading=\"lazy\" \/>                                                              <\/div>\n              <div class=\"box-text text-left\" >\n                 <p><\/p>\n              <\/div>\n            <\/div>\n                      <\/div>\n         <\/div><div class=\"gallery-col col\" >\n          <div class=\"col-inner\">\n                        <div class=\"box has-hover gallery-box box-none\">\n              <div class=\"box-image\" >\n                <img width=\"1\" height=\"1\" src=\"https:\/\/druidebio.com\/wp-content\/uploads\/2023\/07\/Vegan.svg\" class=\"attachment-medium size-medium\" alt=\"\" ids=\"861,868,864,863,865,862\" style=\"none\" lightbox=\"false\" col_spacing=\"xsmall\" columns=\"8\" columns__sm=\"8\" columns__md=\"8\" decoding=\"async\" loading=\"lazy\" \/>                                                              <\/div>\n              <div class=\"box-text text-left\" >\n                 <p><\/p>\n              <\/div>\n            <\/div>\n                      <\/div>\n         <\/div><div class=\"gallery-col col\" >\n          <div class=\"col-inner\">\n                        <div class=\"box has-hover gallery-box box-none\">\n              <div class=\"box-image\" >\n                <img width=\"1\" height=\"1\" src=\"https:\/\/druidebio.com\/wp-content\/uploads\/2023\/07\/Not_Tested_Animals.svg\" class=\"attachment-medium size-medium\" alt=\"\" ids=\"861,868,864,863,865,862\" style=\"none\" lightbox=\"false\" col_spacing=\"xsmall\" columns=\"8\" columns__sm=\"8\" columns__md=\"8\" decoding=\"async\" loading=\"lazy\" \/>                                                              <\/div>\n              <div class=\"box-text text-left\" >\n                 <p><\/p>\n              <\/div>\n            <\/div>\n                      <\/div>\n         <\/div><div class=\"gallery-col col\" >\n          <div class=\"col-inner\">\n                        <div class=\"box has-hover gallery-box box-none\">\n              <div class=\"box-image\" >\n                <img width=\"1\" height=\"1\" src=\"https:\/\/druidebio.com\/wp-content\/uploads\/2023\/07\/NoGMO.svg\" class=\"attachment-medium size-medium\" alt=\"\" ids=\"861,868,864,863,865,862\" style=\"none\" lightbox=\"false\" col_spacing=\"xsmall\" columns=\"8\" columns__sm=\"8\" columns__md=\"8\" decoding=\"async\" loading=\"lazy\" \/>                                                              <\/div>\n              <div class=\"box-text text-left\" >\n                 <p><\/p>\n              <\/div>\n            <\/div>\n                      <\/div>\n         <\/div><div class=\"gallery-col col\" >\n          <div class=\"col-inner\">\n                        <div class=\"box has-hover gallery-box box-none\">\n              <div class=\"box-image\" >\n                <img width=\"1\" height=\"1\" src=\"https:\/\/druidebio.com\/wp-content\/uploads\/2023\/07\/Recyclable.svg\" class=\"attachment-medium size-medium\" alt=\"\" ids=\"861,868,864,863,865,862\" style=\"none\" lightbox=\"false\" col_spacing=\"xsmall\" columns=\"8\" columns__sm=\"8\" columns__md=\"8\" decoding=\"async\" loading=\"lazy\" \/>                                                              <\/div>\n              <div class=\"box-text text-left\" >\n                 <p><\/p>\n              <\/div>\n            <\/div>\n                      <\/div>\n         <\/div><div class=\"gallery-col col\" >\n          <div class=\"col-inner\">\n                        <div class=\"box has-hover gallery-box box-none\">\n              <div class=\"box-image\" >\n                <img width=\"1\" height=\"1\" src=\"https:\/\/druidebio.com\/wp-content\/uploads\/2023\/07\/Gluten_Free.svg\" class=\"attachment-medium size-medium\" alt=\"\" ids=\"861,868,864,863,865,862\" style=\"none\" lightbox=\"false\" col_spacing=\"xsmall\" columns=\"8\" columns__sm=\"8\" columns__md=\"8\" decoding=\"async\" loading=\"lazy\" \/>                                                              <\/div>\n              <div class=\"box-text text-left\" >\n                 <p><\/p>\n              <\/div>\n            <\/div>\n                      <\/div>\n         <\/div><\/div>\n\t\t<\/div>\n\t\t\t\t\t<\/div>\n\n\t<\/div>\n","protected":false},"featured_media":1740,"comment_status":"open","ping_status":"closed","template":"","meta":[],"product_brand":[],"product_cat":[103,116,93,94],"product_tag":[],"giftcard-category":[],"class_list":{"0":"post-2314","1":"product","2":"type-product","3":"status-publish","4":"has-post-thumbnail","6":"product_cat-druide-essentielle","7":"product_cat-savons","8":"product_cat-soins-corps","9":"product_cat-soins-visage","11":"first","12":"instock","13":"taxable","14":"shipping-taxable","15":"purchasable","16":"product-type-simple"},"yoast_head":"<!-- This site is optimized with the Yoast SEO plugin v27.1.1 - https:\/\/yoast.com\/product\/yoast-seo-wordpress\/ -->\n<title>Savon Revitalisant | Laboratoires Druide\u00ae | Bio For Life<\/title>\n<meta name=\"description\" content=\"D\u00e9couvrez le bien-\u00eatre et la douceur avec notre Savon Corporel Revitalisant bio, sp\u00e9cialement formul\u00e9 pour les peaux s\u00e8ches et matures. Ce savon floral doux purifie, hydrate et revitalise, laissant votre peau fra\u00eeche et d\u00e9licatement parfum\u00e9e tout en \u00e9tant respectueux de l&#039;environnement.\" \/>\n<meta name=\"robots\" content=\"index, follow, max-snippet:-1, max-image-preview:large, max-video-preview:-1\" \/>\n<link rel=\"canonical\" href=\"https:\/\/druidebio.com\/fr\/produit\/savon-revitalisant\/\" \/>\n<meta property=\"og:locale\" content=\"fr_FR\" \/>\n<meta property=\"og:type\" content=\"article\" \/>\n<meta property=\"og:title\" content=\"Savon Revitalisant | Laboratoires Druide\u00ae | Bio For Life\" \/>\n<meta property=\"og:description\" content=\"D\u00e9couvrez le bien-\u00eatre et la douceur avec notre Savon Corporel Revitalisant bio, sp\u00e9cialement formul\u00e9 pour les peaux s\u00e8ches et matures. Ce savon floral doux purifie, hydrate et revitalise, laissant votre peau fra\u00eeche et d\u00e9licatement parfum\u00e9e tout en \u00e9tant respectueux de l&#039;environnement.\" \/>\n<meta property=\"og:url\" content=\"https:\/\/druidebio.com\/fr\/produit\/savon-revitalisant\/\" \/>\n<meta property=\"og:site_name\" content=\"Laboratoires Druide\u00ae | Bio For Life\" \/>\n<meta property=\"article:publisher\" content=\"https:\/\/www.facebook.com\/infodruide\" \/>\n<meta property=\"article:modified_time\" content=\"2026-03-19T16:51:44+00:00\" \/>\n<meta property=\"og:image\" content=\"https:\/\/druidebio.com\/wp-content\/uploads\/2022\/08\/druide-face-body-care-soap-bar-handmade-vitalizing-ginseng-rose-dehydrated-devitalized-skin-100g.jpg\" \/>\n\t<meta property=\"og:image:width\" content=\"1200\" \/>\n\t<meta property=\"og:image:height\" content=\"1200\" \/>\n\t<meta property=\"og:image:type\" content=\"image\/jpeg\" \/>\n<meta name=\"twitter:card\" content=\"summary_large_image\" \/>\n<script type=\"application\/ld+json\" class=\"yoast-schema-graph\">{\"@context\":\"https:\/\/schema.org\",\"@graph\":[{\"@type\":[\"WebPage\",\"ItemPage\"],\"@id\":\"https:\/\/druidebio.com\/fr\/produit\/savon-revitalisant\/\",\"url\":\"https:\/\/druidebio.com\/fr\/produit\/savon-revitalisant\/\",\"name\":\"Savon Revitalisant | Laboratoires Druide\u00ae | Bio For Life\",\"isPartOf\":{\"@id\":\"https:\/\/druidebio.com\/fr\/#website\"},\"primaryImageOfPage\":{\"@id\":\"https:\/\/druidebio.com\/fr\/produit\/savon-revitalisant\/#primaryimage\"},\"image\":{\"@id\":\"https:\/\/druidebio.com\/fr\/produit\/savon-revitalisant\/#primaryimage\"},\"thumbnailUrl\":\"https:\/\/druidebio.com\/wp-content\/uploads\/2022\/08\/druide-face-body-care-soap-bar-handmade-vitalizing-ginseng-rose-dehydrated-devitalized-skin-100g.jpg\",\"datePublished\":\"2022-08-26T15:48:09+00:00\",\"dateModified\":\"2026-03-19T16:51:44+00:00\",\"description\":\"D\u00e9couvrez le bien-\u00eatre et la douceur avec notre Savon Corporel Revitalisant bio, sp\u00e9cialement formul\u00e9 pour les peaux s\u00e8ches et matures. Ce savon floral doux purifie, hydrate et revitalise, laissant votre peau fra\u00eeche et d\u00e9licatement parfum\u00e9e tout en \u00e9tant respectueux de l'environnement.\",\"breadcrumb\":{\"@id\":\"https:\/\/druidebio.com\/fr\/produit\/savon-revitalisant\/#breadcrumb\"},\"inLanguage\":\"fr-FR\",\"potentialAction\":[{\"@type\":\"ReadAction\",\"target\":[\"https:\/\/druidebio.com\/fr\/produit\/savon-revitalisant\/\"]}]},{\"@type\":\"ImageObject\",\"inLanguage\":\"fr-FR\",\"@id\":\"https:\/\/druidebio.com\/fr\/produit\/savon-revitalisant\/#primaryimage\",\"url\":\"https:\/\/druidebio.com\/wp-content\/uploads\/2022\/08\/druide-face-body-care-soap-bar-handmade-vitalizing-ginseng-rose-dehydrated-devitalized-skin-100g.jpg\",\"contentUrl\":\"https:\/\/druidebio.com\/wp-content\/uploads\/2022\/08\/druide-face-body-care-soap-bar-handmade-vitalizing-ginseng-rose-dehydrated-devitalized-skin-100g.jpg\",\"width\":1200,\"height\":1200,\"caption\":\"Savon Revitalisant\"},{\"@type\":\"BreadcrumbList\",\"@id\":\"https:\/\/druidebio.com\/fr\/produit\/savon-revitalisant\/#breadcrumb\",\"itemListElement\":[{\"@type\":\"ListItem\",\"position\":1,\"name\":\"Home\",\"item\":\"https:\/\/druidebio.com\/fr\/\"},{\"@type\":\"ListItem\",\"position\":2,\"name\":\"Boutique\",\"item\":\"https:\/\/druidebio.com\/fr\/boutique\/\"},{\"@type\":\"ListItem\",\"position\":3,\"name\":\"Savon Revitalisant\"}]},{\"@type\":\"WebSite\",\"@id\":\"https:\/\/druidebio.com\/fr\/#website\",\"url\":\"https:\/\/druidebio.com\/fr\/\",\"name\":\"Laboratoires Druide\u00ae | Bio For Life\",\"description\":\"Natural and Organic Products. ECOCERT\u00ae Certified.\",\"publisher\":{\"@id\":\"https:\/\/druidebio.com\/fr\/#organization\"},\"alternateName\":\"Druide\",\"potentialAction\":[{\"@type\":\"SearchAction\",\"target\":{\"@type\":\"EntryPoint\",\"urlTemplate\":\"https:\/\/druidebio.com\/fr\/?s={search_term_string}\"},\"query-input\":{\"@type\":\"PropertyValueSpecification\",\"valueRequired\":true,\"valueName\":\"search_term_string\"}}],\"inLanguage\":\"fr-FR\"},{\"@type\":\"Organization\",\"@id\":\"https:\/\/druidebio.com\/fr\/#organization\",\"name\":\"Druide\",\"alternateName\":\"Laboratoires Druide\",\"url\":\"https:\/\/druidebio.com\/fr\/\",\"logo\":{\"@type\":\"ImageObject\",\"inLanguage\":\"fr-FR\",\"@id\":\"https:\/\/druidebio.com\/fr\/#\/schema\/logo\/image\/\",\"url\":\"https:\/\/druidebio.com\/wp-content\/uploads\/2022\/08\/logo-fav.png\",\"contentUrl\":\"https:\/\/druidebio.com\/wp-content\/uploads\/2022\/08\/logo-fav.png\",\"width\":512,\"height\":512,\"caption\":\"Druide\"},\"image\":{\"@id\":\"https:\/\/druidebio.com\/fr\/#\/schema\/logo\/image\/\"},\"sameAs\":[\"https:\/\/www.facebook.com\/infodruide\",\"https:\/\/www.instagram.com\/druidebio\/\",\"https:\/\/www.pinterest.ca\/DruideBioCanada\/\",\"https:\/\/www.youtube.com\/user\/DRUIDECANADA\"]}]}<\/script>\n<!-- \/ Yoast SEO plugin. -->","yoast_head_json":{"title":"Savon Revitalisant | Laboratoires Druide\u00ae | Bio For Life","description":"D\u00e9couvrez le bien-\u00eatre et la douceur avec notre Savon Corporel Revitalisant bio, sp\u00e9cialement formul\u00e9 pour les peaux s\u00e8ches et matures. Ce savon floral doux purifie, hydrate et revitalise, laissant votre peau fra\u00eeche et d\u00e9licatement parfum\u00e9e tout en \u00e9tant respectueux de l'environnement.","robots":{"index":"index","follow":"follow","max-snippet":"max-snippet:-1","max-image-preview":"max-image-preview:large","max-video-preview":"max-video-preview:-1"},"canonical":"https:\/\/druidebio.com\/fr\/produit\/savon-revitalisant\/","og_locale":"fr_FR","og_type":"article","og_title":"Savon Revitalisant | Laboratoires Druide\u00ae | Bio For Life","og_description":"D\u00e9couvrez le bien-\u00eatre et la douceur avec notre Savon Corporel Revitalisant bio, sp\u00e9cialement formul\u00e9 pour les peaux s\u00e8ches et matures. Ce savon floral doux purifie, hydrate et revitalise, laissant votre peau fra\u00eeche et d\u00e9licatement parfum\u00e9e tout en \u00e9tant respectueux de l'environnement.","og_url":"https:\/\/druidebio.com\/fr\/produit\/savon-revitalisant\/","og_site_name":"Laboratoires Druide\u00ae | Bio For Life","article_publisher":"https:\/\/www.facebook.com\/infodruide","article_modified_time":"2026-03-19T16:51:44+00:00","og_image":[{"width":1200,"height":1200,"url":"https:\/\/druidebio.com\/wp-content\/uploads\/2022\/08\/druide-face-body-care-soap-bar-handmade-vitalizing-ginseng-rose-dehydrated-devitalized-skin-100g.jpg","type":"image\/jpeg"}],"twitter_card":"summary_large_image","schema":{"@context":"https:\/\/schema.org","@graph":[{"@type":["WebPage","ItemPage"],"@id":"https:\/\/druidebio.com\/fr\/produit\/savon-revitalisant\/","url":"https:\/\/druidebio.com\/fr\/produit\/savon-revitalisant\/","name":"Savon Revitalisant | Laboratoires Druide\u00ae | Bio For Life","isPartOf":{"@id":"https:\/\/druidebio.com\/fr\/#website"},"primaryImageOfPage":{"@id":"https:\/\/druidebio.com\/fr\/produit\/savon-revitalisant\/#primaryimage"},"image":{"@id":"https:\/\/druidebio.com\/fr\/produit\/savon-revitalisant\/#primaryimage"},"thumbnailUrl":"https:\/\/druidebio.com\/wp-content\/uploads\/2022\/08\/druide-face-body-care-soap-bar-handmade-vitalizing-ginseng-rose-dehydrated-devitalized-skin-100g.jpg","datePublished":"2022-08-26T15:48:09+00:00","dateModified":"2026-03-19T16:51:44+00:00","description":"D\u00e9couvrez le bien-\u00eatre et la douceur avec notre Savon Corporel Revitalisant bio, sp\u00e9cialement formul\u00e9 pour les peaux s\u00e8ches et matures. Ce savon floral doux purifie, hydrate et revitalise, laissant votre peau fra\u00eeche et d\u00e9licatement parfum\u00e9e tout en \u00e9tant respectueux de l'environnement.","breadcrumb":{"@id":"https:\/\/druidebio.com\/fr\/produit\/savon-revitalisant\/#breadcrumb"},"inLanguage":"fr-FR","potentialAction":[{"@type":"ReadAction","target":["https:\/\/druidebio.com\/fr\/produit\/savon-revitalisant\/"]}]},{"@type":"ImageObject","inLanguage":"fr-FR","@id":"https:\/\/druidebio.com\/fr\/produit\/savon-revitalisant\/#primaryimage","url":"https:\/\/druidebio.com\/wp-content\/uploads\/2022\/08\/druide-face-body-care-soap-bar-handmade-vitalizing-ginseng-rose-dehydrated-devitalized-skin-100g.jpg","contentUrl":"https:\/\/druidebio.com\/wp-content\/uploads\/2022\/08\/druide-face-body-care-soap-bar-handmade-vitalizing-ginseng-rose-dehydrated-devitalized-skin-100g.jpg","width":1200,"height":1200,"caption":"Savon Revitalisant"},{"@type":"BreadcrumbList","@id":"https:\/\/druidebio.com\/fr\/produit\/savon-revitalisant\/#breadcrumb","itemListElement":[{"@type":"ListItem","position":1,"name":"Home","item":"https:\/\/druidebio.com\/fr\/"},{"@type":"ListItem","position":2,"name":"Boutique","item":"https:\/\/druidebio.com\/fr\/boutique\/"},{"@type":"ListItem","position":3,"name":"Savon Revitalisant"}]},{"@type":"WebSite","@id":"https:\/\/druidebio.com\/fr\/#website","url":"https:\/\/druidebio.com\/fr\/","name":"Laboratoires Druide\u00ae | Bio For Life","description":"Natural and Organic Products. ECOCERT\u00ae Certified.","publisher":{"@id":"https:\/\/druidebio.com\/fr\/#organization"},"alternateName":"Druide","potentialAction":[{"@type":"SearchAction","target":{"@type":"EntryPoint","urlTemplate":"https:\/\/druidebio.com\/fr\/?s={search_term_string}"},"query-input":{"@type":"PropertyValueSpecification","valueRequired":true,"valueName":"search_term_string"}}],"inLanguage":"fr-FR"},{"@type":"Organization","@id":"https:\/\/druidebio.com\/fr\/#organization","name":"Druide","alternateName":"Laboratoires Druide","url":"https:\/\/druidebio.com\/fr\/","logo":{"@type":"ImageObject","inLanguage":"fr-FR","@id":"https:\/\/druidebio.com\/fr\/#\/schema\/logo\/image\/","url":"https:\/\/druidebio.com\/wp-content\/uploads\/2022\/08\/logo-fav.png","contentUrl":"https:\/\/druidebio.com\/wp-content\/uploads\/2022\/08\/logo-fav.png","width":512,"height":512,"caption":"Druide"},"image":{"@id":"https:\/\/druidebio.com\/fr\/#\/schema\/logo\/image\/"},"sameAs":["https:\/\/www.facebook.com\/infodruide","https:\/\/www.instagram.com\/druidebio\/","https:\/\/www.pinterest.ca\/DruideBioCanada\/","https:\/\/www.youtube.com\/user\/DRUIDECANADA"]}]}},"_links":{"self":[{"href":"https:\/\/druidebio.com\/fr\/wp-json\/wp\/v2\/product\/2314","targetHints":{"allow":["GET"]}}],"collection":[{"href":"https:\/\/druidebio.com\/fr\/wp-json\/wp\/v2\/product"}],"about":[{"href":"https:\/\/druidebio.com\/fr\/wp-json\/wp\/v2\/types\/product"}],"replies":[{"embeddable":true,"href":"https:\/\/druidebio.com\/fr\/wp-json\/wp\/v2\/comments?post=2314"}],"wp:featuredmedia":[{"embeddable":true,"href":"https:\/\/druidebio.com\/fr\/wp-json\/wp\/v2\/media\/1740"}],"wp:attachment":[{"href":"https:\/\/druidebio.com\/fr\/wp-json\/wp\/v2\/media?parent=2314"}],"wp:term":[{"taxonomy":"product_brand","embeddable":true,"href":"https:\/\/druidebio.com\/fr\/wp-json\/wp\/v2\/product_brand?post=2314"},{"taxonomy":"product_cat","embeddable":true,"href":"https:\/\/druidebio.com\/fr\/wp-json\/wp\/v2\/product_cat?post=2314"},{"taxonomy":"product_tag","embeddable":true,"href":"https:\/\/druidebio.com\/fr\/wp-json\/wp\/v2\/product_tag?post=2314"},{"taxonomy":"giftcard-category","embeddable":true,"href":"https:\/\/druidebio.com\/fr\/wp-json\/wp\/v2\/giftcard-category?post=2314"}],"curies":[{"name":"wp","href":"https:\/\/api.w.org\/{rel}","templated":true}]}}