{"id":2305,"date":"2022-08-26T11:48:19","date_gmt":"2022-08-26T15:48:19","guid":{"rendered":"https:\/\/druide.wpengine.com\/product\/detox-foaming-bath-family-size\/"},"modified":"2026-03-14T20:14:17","modified_gmt":"2026-03-15T00:14:17","slug":"bain-moussant-detox-format-familial","status":"publish","type":"product","link":"https:\/\/druidebio.com\/fr\/produit\/bain-moussant-detox-format-familial\/","title":{"rendered":"Bain Moussant Detox (Format Familial)"},"content":{"rendered":"<h2>Le bonheur d\u2019un bain d\u00e9toxifiant et apaisant<\/h2>\n<p>Le Bain Moussant D\u00e9tox est un soin revitalisant qui purifie la peau tout en procurant une sensation de fra\u00eecheur et de d\u00e9tente.<\/p>\n<p>Succombez au bienfait de l&rsquo;huile essentielle de sauge sclar\u00e9e pr\u00e9sente dans notre Bain Moussant Detox. R\u00e9put\u00e9e pour ses propri\u00e9t\u00e9s r\u00e9\u00e9quilibrantes et apaisantes, elle favorise une relaxation mentale tout en aidant \u00e0 tonifier et \u00e0 clarifier la peau. En outre, l&rsquo;extrait de chardon Marie, un puissant antioxydant, vient renforcer la formule. Il aide \u00e0 d\u00e9toxifier la peau, la prot\u00e9geant des agressions ext\u00e9rieures et des radicaux libres, tout en soutenant le renouvellement cellulaire.<\/p>\n<p>Ensemble, ces ingr\u00e9dients naturels pr\u00e9cieux transforment votre rituel de bain en un v\u00e9ritable soin, laissant la peau douce, purifi\u00e9e et \u00e9clatante. Profitez de cette parenth\u00e8se de s\u00e9r\u00e9nit\u00e9 tout en nourrissant votre peau gr\u00e2ce \u00e0 une synergie parfaite entre nature et science.<\/p>\n<p>Certifi\u00e9 COSMOS par \u00c9cocert, notre bain moussant est 100 % v\u00e9g\u00e9tal (vegan), biod\u00e9gradable et respectueux de l&rsquo;environnement. Nous avons soigneusement \u00e9limin\u00e9 de notre formule les sulfates, les silicones, les parab\u00e8nes, l&rsquo;alcool, les PEG, le gluten, les OGM, les perturbateurs endocriniens, le goudron, les quaternium et les parfums. Nos produits ne sont \u00e9videmment pas test\u00e9s sur les animaux.<\/p>\n","protected":false},"excerpt":{"rendered":"<p>Plongez dans une relaxation profonde avec notre Bain Moussant Detox, con\u00e7u pour d\u00e9toxifier et prot\u00e9ger la peau. Transformez votre rituel de bain en un soin revitalisant pour une peau \u00e9clatante.<\/p>\n<ul>\n<li class=\"bullet-arrow\"><strong>Texture <\/strong>: Gel riche avec mousse cr\u00e9meuse<\/li>\n<li class=\"bullet-arrow\"><strong>Odeur <\/strong>: Herbac\u00e9 et floral<\/li>\n<li class=\"bullet-arrow\"><strong>Format <\/strong>: 1 L \u2013 33.8 US Fl.oz.<\/li>\n<\/ul>\n<div class=\"row row-full-width align-equal\"  id=\"row-946235237\">\n\t<div id=\"col-825020293\" class=\"col small-12 large-12\"  >\n\t\t\t\t<div class=\"col-inner\"  >\n\t\t\t\n\t\t\t\n\n  \n    <div class=\"row large-columns-8 medium-columns-8 small-columns-8 row-xsmall\" >\n  <div class=\"gallery-col col\" >\n          <div class=\"col-inner\">\n                        <div class=\"box has-hover gallery-box box-none\">\n              <div class=\"box-image\" >\n                <img width=\"1\" height=\"1\" src=\"https:\/\/druidebio.com\/wp-content\/uploads\/2023\/07\/EcoCert.svg\" class=\"attachment-medium size-medium\" alt=\"\" ids=\"861,868,864,863,865,862\" style=\"none\" lightbox=\"false\" col_spacing=\"xsmall\" columns=\"8\" columns__sm=\"8\" columns__md=\"8\" decoding=\"async\" loading=\"lazy\" \/>                                                              <\/div>\n              <div class=\"box-text text-left\" >\n                 <p><\/p>\n              <\/div>\n            <\/div>\n                      <\/div>\n         <\/div><div class=\"gallery-col col\" >\n          <div class=\"col-inner\">\n                        <div class=\"box has-hover gallery-box box-none\">\n              <div class=\"box-image\" >\n                <img width=\"1\" height=\"1\" src=\"https:\/\/druidebio.com\/wp-content\/uploads\/2023\/07\/Vegan.svg\" class=\"attachment-medium size-medium\" alt=\"\" ids=\"861,868,864,863,865,862\" style=\"none\" lightbox=\"false\" col_spacing=\"xsmall\" columns=\"8\" columns__sm=\"8\" columns__md=\"8\" decoding=\"async\" loading=\"lazy\" \/>                                                              <\/div>\n              <div class=\"box-text text-left\" >\n                 <p><\/p>\n              <\/div>\n            <\/div>\n                      <\/div>\n         <\/div><div class=\"gallery-col col\" >\n          <div class=\"col-inner\">\n                        <div class=\"box has-hover gallery-box box-none\">\n              <div class=\"box-image\" >\n                <img width=\"1\" height=\"1\" src=\"https:\/\/druidebio.com\/wp-content\/uploads\/2023\/07\/Not_Tested_Animals.svg\" class=\"attachment-medium size-medium\" alt=\"\" ids=\"861,868,864,863,865,862\" style=\"none\" lightbox=\"false\" col_spacing=\"xsmall\" columns=\"8\" columns__sm=\"8\" columns__md=\"8\" decoding=\"async\" loading=\"lazy\" \/>                                                              <\/div>\n              <div class=\"box-text text-left\" >\n                 <p><\/p>\n              <\/div>\n            <\/div>\n                      <\/div>\n         <\/div><div class=\"gallery-col col\" >\n          <div class=\"col-inner\">\n                        <div class=\"box has-hover gallery-box box-none\">\n              <div class=\"box-image\" >\n                <img width=\"1\" height=\"1\" src=\"https:\/\/druidebio.com\/wp-content\/uploads\/2023\/07\/NoGMO.svg\" class=\"attachment-medium size-medium\" alt=\"\" ids=\"861,868,864,863,865,862\" style=\"none\" lightbox=\"false\" col_spacing=\"xsmall\" columns=\"8\" columns__sm=\"8\" columns__md=\"8\" decoding=\"async\" loading=\"lazy\" \/>                                                              <\/div>\n              <div class=\"box-text text-left\" >\n                 <p><\/p>\n              <\/div>\n            <\/div>\n                      <\/div>\n         <\/div><div class=\"gallery-col col\" >\n          <div class=\"col-inner\">\n                        <div class=\"box has-hover gallery-box box-none\">\n              <div class=\"box-image\" >\n                <img width=\"1\" height=\"1\" src=\"https:\/\/druidebio.com\/wp-content\/uploads\/2023\/07\/Recyclable.svg\" class=\"attachment-medium size-medium\" alt=\"\" ids=\"861,868,864,863,865,862\" style=\"none\" lightbox=\"false\" col_spacing=\"xsmall\" columns=\"8\" columns__sm=\"8\" columns__md=\"8\" decoding=\"async\" loading=\"lazy\" \/>                                                              <\/div>\n              <div class=\"box-text text-left\" >\n                 <p><\/p>\n              <\/div>\n            <\/div>\n                      <\/div>\n         <\/div><div class=\"gallery-col col\" >\n          <div class=\"col-inner\">\n                        <div class=\"box has-hover gallery-box box-none\">\n              <div class=\"box-image\" >\n                <img width=\"1\" height=\"1\" src=\"https:\/\/druidebio.com\/wp-content\/uploads\/2023\/07\/Gluten_Free.svg\" class=\"attachment-medium size-medium\" alt=\"\" ids=\"861,868,864,863,865,862\" style=\"none\" lightbox=\"false\" col_spacing=\"xsmall\" columns=\"8\" columns__sm=\"8\" columns__md=\"8\" decoding=\"async\" loading=\"lazy\" \/>                                                              <\/div>\n              <div class=\"box-text text-left\" >\n                 <p><\/p>\n              <\/div>\n            <\/div>\n                      <\/div>\n         <\/div><\/div>\n\t\t<\/div>\n\t\t\t\t\t<\/div>\n\n\t<\/div>\n","protected":false},"featured_media":1668,"comment_status":"open","ping_status":"closed","template":"","meta":[],"product_brand":[],"product_cat":[112,103,142,93],"product_tag":[],"giftcard-category":[],"class_list":{"0":"post-2305","1":"product","2":"type-product","3":"status-publish","4":"has-post-thumbnail","6":"product_cat-bains-moussants","7":"product_cat-druide-essentielle","8":"product_cat-format-familial","9":"product_cat-soins-corps","11":"first","12":"instock","13":"taxable","14":"shipping-taxable","15":"purchasable","16":"product-type-simple"},"yoast_head":"<!-- This site is optimized with the Yoast SEO plugin v27.1.1 - https:\/\/yoast.com\/product\/yoast-seo-wordpress\/ -->\n<title>Bain Moussant Detox (Format Familial) | Laboratoires Druide\u00ae | Bio For Life<\/title>\n<meta name=\"description\" content=\"Plongez dans une relaxation profonde avec notre Bain Moussant Detox, con\u00e7u pour d\u00e9toxifier et prot\u00e9ger la peau. Transformez votre rituel de bain en un soin revitalisant pour une peau \u00e9clatante.\" \/>\n<meta name=\"robots\" content=\"index, follow, max-snippet:-1, max-image-preview:large, max-video-preview:-1\" \/>\n<link rel=\"canonical\" href=\"https:\/\/druidebio.com\/fr\/produit\/bain-moussant-detox-format-familial\/\" \/>\n<meta property=\"og:locale\" content=\"fr_FR\" \/>\n<meta property=\"og:type\" content=\"article\" \/>\n<meta property=\"og:title\" content=\"Bain Moussant Detox (Format Familial) | Laboratoires Druide\u00ae | Bio For Life\" \/>\n<meta property=\"og:description\" content=\"Plongez dans une relaxation profonde avec notre Bain Moussant Detox, con\u00e7u pour d\u00e9toxifier et prot\u00e9ger la peau. Transformez votre rituel de bain en un soin revitalisant pour une peau \u00e9clatante.\" \/>\n<meta property=\"og:url\" content=\"https:\/\/druidebio.com\/fr\/produit\/bain-moussant-detox-format-familial\/\" \/>\n<meta property=\"og:site_name\" content=\"Laboratoires Druide\u00ae | Bio For Life\" \/>\n<meta property=\"article:publisher\" content=\"https:\/\/www.facebook.com\/infodruide\" \/>\n<meta property=\"article:modified_time\" content=\"2026-03-15T00:14:17+00:00\" \/>\n<meta property=\"og:image\" content=\"https:\/\/druidebio.com\/wp-content\/uploads\/2022\/08\/druide-body-care-foaming-bath-detox-rosemary-clary-sage-juniper-1l-33.8oz-bottle.jpg\" \/>\n\t<meta property=\"og:image:width\" content=\"1200\" \/>\n\t<meta property=\"og:image:height\" content=\"1200\" \/>\n\t<meta property=\"og:image:type\" content=\"image\/jpeg\" \/>\n<meta name=\"twitter:card\" content=\"summary_large_image\" \/>\n<script type=\"application\/ld+json\" class=\"yoast-schema-graph\">{\"@context\":\"https:\/\/schema.org\",\"@graph\":[{\"@type\":[\"WebPage\",\"ItemPage\"],\"@id\":\"https:\/\/druidebio.com\/fr\/produit\/bain-moussant-detox-format-familial\/\",\"url\":\"https:\/\/druidebio.com\/fr\/produit\/bain-moussant-detox-format-familial\/\",\"name\":\"Bain Moussant Detox (Format Familial) | Laboratoires Druide\u00ae | Bio For Life\",\"isPartOf\":{\"@id\":\"https:\/\/druidebio.com\/fr\/#website\"},\"primaryImageOfPage\":{\"@id\":\"https:\/\/druidebio.com\/fr\/produit\/bain-moussant-detox-format-familial\/#primaryimage\"},\"image\":{\"@id\":\"https:\/\/druidebio.com\/fr\/produit\/bain-moussant-detox-format-familial\/#primaryimage\"},\"thumbnailUrl\":\"https:\/\/druidebio.com\/wp-content\/uploads\/2022\/08\/druide-body-care-foaming-bath-detox-rosemary-clary-sage-juniper-1l-33.8oz-bottle.jpg\",\"datePublished\":\"2022-08-26T15:48:19+00:00\",\"dateModified\":\"2026-03-15T00:14:17+00:00\",\"description\":\"Plongez dans une relaxation profonde avec notre Bain Moussant Detox, con\u00e7u pour d\u00e9toxifier et prot\u00e9ger la peau. Transformez votre rituel de bain en un soin revitalisant pour une peau \u00e9clatante.\",\"breadcrumb\":{\"@id\":\"https:\/\/druidebio.com\/fr\/produit\/bain-moussant-detox-format-familial\/#breadcrumb\"},\"inLanguage\":\"fr-FR\",\"potentialAction\":[{\"@type\":\"ReadAction\",\"target\":[\"https:\/\/druidebio.com\/fr\/produit\/bain-moussant-detox-format-familial\/\"]}]},{\"@type\":\"ImageObject\",\"inLanguage\":\"fr-FR\",\"@id\":\"https:\/\/druidebio.com\/fr\/produit\/bain-moussant-detox-format-familial\/#primaryimage\",\"url\":\"https:\/\/druidebio.com\/wp-content\/uploads\/2022\/08\/druide-body-care-foaming-bath-detox-rosemary-clary-sage-juniper-1l-33.8oz-bottle.jpg\",\"contentUrl\":\"https:\/\/druidebio.com\/wp-content\/uploads\/2022\/08\/druide-body-care-foaming-bath-detox-rosemary-clary-sage-juniper-1l-33.8oz-bottle.jpg\",\"width\":1200,\"height\":1200,\"caption\":\"Bain Moussant Detox\"},{\"@type\":\"BreadcrumbList\",\"@id\":\"https:\/\/druidebio.com\/fr\/produit\/bain-moussant-detox-format-familial\/#breadcrumb\",\"itemListElement\":[{\"@type\":\"ListItem\",\"position\":1,\"name\":\"Home\",\"item\":\"https:\/\/druidebio.com\/fr\/\"},{\"@type\":\"ListItem\",\"position\":2,\"name\":\"Boutique\",\"item\":\"https:\/\/druidebio.com\/fr\/boutique\/\"},{\"@type\":\"ListItem\",\"position\":3,\"name\":\"Bain Moussant Detox (Format Familial)\"}]},{\"@type\":\"WebSite\",\"@id\":\"https:\/\/druidebio.com\/fr\/#website\",\"url\":\"https:\/\/druidebio.com\/fr\/\",\"name\":\"Laboratoires Druide\u00ae | Bio For Life\",\"description\":\"Natural and Organic Products. ECOCERT\u00ae Certified.\",\"publisher\":{\"@id\":\"https:\/\/druidebio.com\/fr\/#organization\"},\"alternateName\":\"Druide\",\"potentialAction\":[{\"@type\":\"SearchAction\",\"target\":{\"@type\":\"EntryPoint\",\"urlTemplate\":\"https:\/\/druidebio.com\/fr\/?s={search_term_string}\"},\"query-input\":{\"@type\":\"PropertyValueSpecification\",\"valueRequired\":true,\"valueName\":\"search_term_string\"}}],\"inLanguage\":\"fr-FR\"},{\"@type\":\"Organization\",\"@id\":\"https:\/\/druidebio.com\/fr\/#organization\",\"name\":\"Druide\",\"alternateName\":\"Laboratoires Druide\",\"url\":\"https:\/\/druidebio.com\/fr\/\",\"logo\":{\"@type\":\"ImageObject\",\"inLanguage\":\"fr-FR\",\"@id\":\"https:\/\/druidebio.com\/fr\/#\/schema\/logo\/image\/\",\"url\":\"https:\/\/druidebio.com\/wp-content\/uploads\/2022\/08\/logo-fav.png\",\"contentUrl\":\"https:\/\/druidebio.com\/wp-content\/uploads\/2022\/08\/logo-fav.png\",\"width\":512,\"height\":512,\"caption\":\"Druide\"},\"image\":{\"@id\":\"https:\/\/druidebio.com\/fr\/#\/schema\/logo\/image\/\"},\"sameAs\":[\"https:\/\/www.facebook.com\/infodruide\",\"https:\/\/www.instagram.com\/druidebio\/\",\"https:\/\/www.pinterest.ca\/DruideBioCanada\/\",\"https:\/\/www.youtube.com\/user\/DRUIDECANADA\"]}]}<\/script>\n<!-- \/ Yoast SEO plugin. -->","yoast_head_json":{"title":"Bain Moussant Detox (Format Familial) | Laboratoires Druide\u00ae | Bio For Life","description":"Plongez dans une relaxation profonde avec notre Bain Moussant Detox, con\u00e7u pour d\u00e9toxifier et prot\u00e9ger la peau. Transformez votre rituel de bain en un soin revitalisant pour une peau \u00e9clatante.","robots":{"index":"index","follow":"follow","max-snippet":"max-snippet:-1","max-image-preview":"max-image-preview:large","max-video-preview":"max-video-preview:-1"},"canonical":"https:\/\/druidebio.com\/fr\/produit\/bain-moussant-detox-format-familial\/","og_locale":"fr_FR","og_type":"article","og_title":"Bain Moussant Detox (Format Familial) | Laboratoires Druide\u00ae | Bio For Life","og_description":"Plongez dans une relaxation profonde avec notre Bain Moussant Detox, con\u00e7u pour d\u00e9toxifier et prot\u00e9ger la peau. Transformez votre rituel de bain en un soin revitalisant pour une peau \u00e9clatante.","og_url":"https:\/\/druidebio.com\/fr\/produit\/bain-moussant-detox-format-familial\/","og_site_name":"Laboratoires Druide\u00ae | Bio For Life","article_publisher":"https:\/\/www.facebook.com\/infodruide","article_modified_time":"2026-03-15T00:14:17+00:00","og_image":[{"width":1200,"height":1200,"url":"https:\/\/druidebio.com\/wp-content\/uploads\/2022\/08\/druide-body-care-foaming-bath-detox-rosemary-clary-sage-juniper-1l-33.8oz-bottle.jpg","type":"image\/jpeg"}],"twitter_card":"summary_large_image","schema":{"@context":"https:\/\/schema.org","@graph":[{"@type":["WebPage","ItemPage"],"@id":"https:\/\/druidebio.com\/fr\/produit\/bain-moussant-detox-format-familial\/","url":"https:\/\/druidebio.com\/fr\/produit\/bain-moussant-detox-format-familial\/","name":"Bain Moussant Detox (Format Familial) | Laboratoires Druide\u00ae | Bio For Life","isPartOf":{"@id":"https:\/\/druidebio.com\/fr\/#website"},"primaryImageOfPage":{"@id":"https:\/\/druidebio.com\/fr\/produit\/bain-moussant-detox-format-familial\/#primaryimage"},"image":{"@id":"https:\/\/druidebio.com\/fr\/produit\/bain-moussant-detox-format-familial\/#primaryimage"},"thumbnailUrl":"https:\/\/druidebio.com\/wp-content\/uploads\/2022\/08\/druide-body-care-foaming-bath-detox-rosemary-clary-sage-juniper-1l-33.8oz-bottle.jpg","datePublished":"2022-08-26T15:48:19+00:00","dateModified":"2026-03-15T00:14:17+00:00","description":"Plongez dans une relaxation profonde avec notre Bain Moussant Detox, con\u00e7u pour d\u00e9toxifier et prot\u00e9ger la peau. Transformez votre rituel de bain en un soin revitalisant pour une peau \u00e9clatante.","breadcrumb":{"@id":"https:\/\/druidebio.com\/fr\/produit\/bain-moussant-detox-format-familial\/#breadcrumb"},"inLanguage":"fr-FR","potentialAction":[{"@type":"ReadAction","target":["https:\/\/druidebio.com\/fr\/produit\/bain-moussant-detox-format-familial\/"]}]},{"@type":"ImageObject","inLanguage":"fr-FR","@id":"https:\/\/druidebio.com\/fr\/produit\/bain-moussant-detox-format-familial\/#primaryimage","url":"https:\/\/druidebio.com\/wp-content\/uploads\/2022\/08\/druide-body-care-foaming-bath-detox-rosemary-clary-sage-juniper-1l-33.8oz-bottle.jpg","contentUrl":"https:\/\/druidebio.com\/wp-content\/uploads\/2022\/08\/druide-body-care-foaming-bath-detox-rosemary-clary-sage-juniper-1l-33.8oz-bottle.jpg","width":1200,"height":1200,"caption":"Bain Moussant Detox"},{"@type":"BreadcrumbList","@id":"https:\/\/druidebio.com\/fr\/produit\/bain-moussant-detox-format-familial\/#breadcrumb","itemListElement":[{"@type":"ListItem","position":1,"name":"Home","item":"https:\/\/druidebio.com\/fr\/"},{"@type":"ListItem","position":2,"name":"Boutique","item":"https:\/\/druidebio.com\/fr\/boutique\/"},{"@type":"ListItem","position":3,"name":"Bain Moussant Detox (Format Familial)"}]},{"@type":"WebSite","@id":"https:\/\/druidebio.com\/fr\/#website","url":"https:\/\/druidebio.com\/fr\/","name":"Laboratoires Druide\u00ae | Bio For Life","description":"Natural and Organic Products. ECOCERT\u00ae Certified.","publisher":{"@id":"https:\/\/druidebio.com\/fr\/#organization"},"alternateName":"Druide","potentialAction":[{"@type":"SearchAction","target":{"@type":"EntryPoint","urlTemplate":"https:\/\/druidebio.com\/fr\/?s={search_term_string}"},"query-input":{"@type":"PropertyValueSpecification","valueRequired":true,"valueName":"search_term_string"}}],"inLanguage":"fr-FR"},{"@type":"Organization","@id":"https:\/\/druidebio.com\/fr\/#organization","name":"Druide","alternateName":"Laboratoires Druide","url":"https:\/\/druidebio.com\/fr\/","logo":{"@type":"ImageObject","inLanguage":"fr-FR","@id":"https:\/\/druidebio.com\/fr\/#\/schema\/logo\/image\/","url":"https:\/\/druidebio.com\/wp-content\/uploads\/2022\/08\/logo-fav.png","contentUrl":"https:\/\/druidebio.com\/wp-content\/uploads\/2022\/08\/logo-fav.png","width":512,"height":512,"caption":"Druide"},"image":{"@id":"https:\/\/druidebio.com\/fr\/#\/schema\/logo\/image\/"},"sameAs":["https:\/\/www.facebook.com\/infodruide","https:\/\/www.instagram.com\/druidebio\/","https:\/\/www.pinterest.ca\/DruideBioCanada\/","https:\/\/www.youtube.com\/user\/DRUIDECANADA"]}]}},"_links":{"self":[{"href":"https:\/\/druidebio.com\/fr\/wp-json\/wp\/v2\/product\/2305","targetHints":{"allow":["GET"]}}],"collection":[{"href":"https:\/\/druidebio.com\/fr\/wp-json\/wp\/v2\/product"}],"about":[{"href":"https:\/\/druidebio.com\/fr\/wp-json\/wp\/v2\/types\/product"}],"replies":[{"embeddable":true,"href":"https:\/\/druidebio.com\/fr\/wp-json\/wp\/v2\/comments?post=2305"}],"wp:featuredmedia":[{"embeddable":true,"href":"https:\/\/druidebio.com\/fr\/wp-json\/wp\/v2\/media\/1668"}],"wp:attachment":[{"href":"https:\/\/druidebio.com\/fr\/wp-json\/wp\/v2\/media?parent=2305"}],"wp:term":[{"taxonomy":"product_brand","embeddable":true,"href":"https:\/\/druidebio.com\/fr\/wp-json\/wp\/v2\/product_brand?post=2305"},{"taxonomy":"product_cat","embeddable":true,"href":"https:\/\/druidebio.com\/fr\/wp-json\/wp\/v2\/product_cat?post=2305"},{"taxonomy":"product_tag","embeddable":true,"href":"https:\/\/druidebio.com\/fr\/wp-json\/wp\/v2\/product_tag?post=2305"},{"taxonomy":"giftcard-category","embeddable":true,"href":"https:\/\/druidebio.com\/fr\/wp-json\/wp\/v2\/giftcard-category?post=2305"}],"curies":[{"name":"wp","href":"https:\/\/api.w.org\/{rel}","templated":true}]}}