{"id":2281,"date":"2022-08-26T11:48:08","date_gmt":"2022-08-26T15:48:08","guid":{"rendered":"https:\/\/druide.wpengine.com\/product\/sensualis-shower-gel\/"},"modified":"2026-01-12T15:59:27","modified_gmt":"2026-01-12T20:59:27","slug":"gel-douche-sensualis","status":"publish","type":"product","link":"https:\/\/druidebio.com\/fr\/produit\/gel-douche-sensualis\/","title":{"rendered":"Gel Douche Sensualis"},"content":{"rendered":"<h2>Savourez la relaxation avec le gel douche Sensualis, nettoyant doux pour corps et cheveux<\/h2>\n<p>Vivez un moment suspendu avec notre Gel Douche Sensualis 2-en-1. Sans sulfates, ce tr\u00e9sor de douceur vous enveloppe d&rsquo;une mousse onctueuse et d\u00e9licatement parfum\u00e9e, offrant un lavage doux et respectueux de votre peau et de vos cheveux.<\/p>\n<p>Ce gel douche ultra-nourrissant apaise les sensations d\u2019inconfort, laissant la peau souple, hydrat\u00e9e et sans tiraillement \u00e0 la sortie de la douche. Les cheveux, quant \u00e0 eux, retrouvent douceur et propret\u00e9.<\/p>\n<p>Impr\u00e9gn\u00e9 d&rsquo;extraits de cannelle et d&rsquo;hibiscus, ce gel douche vous fait vivre une exp\u00e9rience sensorielle unique, r\u00e9veillant vos sens avec son parfum envo\u00fbtant aux notes \u00e9pic\u00e9es et chaudes. La cannelle, connue pour ses propri\u00e9t\u00e9s r\u00e9confortantes et revigorantes, s&rsquo;associe \u00e0 l&rsquo;hibiscus pour apporter douceur et bien-\u00eatre \u00e0 chaque utilisation. Ces extraits naturels infusent la peau avec leurs bienfaits apaisants, rendant chaque douche un moment de d\u00e9tente absolue.<\/p>\n<p>Tr\u00e8s doux, le Gel Douche Sensualis convient \u00e0 tous les types de peau, m\u00eame les plus sensibles, apportant calme et r\u00e9confort \u00e0 chaque application. La texture onctueuse du gel, au contact de l&rsquo;eau, transforme votre douche en une oasis de plaisir, enveloppant votre corps de ses notes chaudes et \u00e9pic\u00e9es, pour un moment de sensualit\u00e9 et de d\u00e9tente sans \u00e9gal.<\/p>\n<p>Ce gel douche certifi\u00e9 Cosmos Organic par \u00c9cocert est 100 % v\u00e9g\u00e9tal (vegan), biod\u00e9gradable, sans sulfates, sans silicones, sans parab\u00e8nes, sans alcool, sans PEG, sans gluten, sans OGM, sans perturbateurs endocriniens, sans goudron, sans quaternium, sans colorant et non test\u00e9 sur les animaux.<\/p>\n","protected":false},"excerpt":{"rendered":"<p>Le Gel Douche Sensualis Druide corps et cheveux, offre un moment de relaxation intense gr\u00e2ce ses extraits de cannelle et d&rsquo;hibiscus, purifiant set hydratants. Adapt\u00e9 \u00e0 tous les types de peau, il respecte le microbiote cutan\u00e9 et le pH physiologique de la peau, promettant une exp\u00e9rience de douche unique et sensuelle.<\/p>\n<ul>\n<li class=\"bullet-arrow\"><strong>Texture <\/strong>: Gel riche<\/li>\n<li class=\"bullet-arrow\"><strong>Odor<\/strong>: \u00c9pic\u00e9<\/li>\n<li class=\"bullet-arrow\"><strong>Format <\/strong>: 350 ml \u2013 11.8 US Fl.oz.<\/li>\n<\/ul>\n<div class=\"row row-full-width align-equal\"  id=\"row-1761678752\">\n\t<div id=\"col-481334097\" class=\"col small-12 large-12\"  >\n\t\t\t\t<div class=\"col-inner\"  >\n\t\t\t\n\t\t\t\n\n  \n    <div class=\"row large-columns-8 medium-columns-8 small-columns-8 row-xsmall\" >\n  <div class=\"gallery-col col\" >\n          <div class=\"col-inner\">\n                        <div class=\"box has-hover gallery-box box-none\">\n              <div class=\"box-image\" >\n                <img width=\"1\" height=\"1\" src=\"https:\/\/druidebio.com\/wp-content\/uploads\/2023\/07\/EcoCert.svg\" class=\"attachment-medium size-medium\" alt=\"\" ids=\"861,868,864,863,865,862\" style=\"none\" lightbox=\"false\" col_spacing=\"xsmall\" columns=\"8\" columns__sm=\"8\" columns__md=\"8\" decoding=\"async\" loading=\"lazy\" \/>                                                              <\/div>\n              <div class=\"box-text text-left\" >\n                 <p><\/p>\n              <\/div>\n            <\/div>\n                      <\/div>\n         <\/div><div class=\"gallery-col col\" >\n          <div class=\"col-inner\">\n                        <div class=\"box has-hover gallery-box box-none\">\n              <div class=\"box-image\" >\n                <img width=\"1\" height=\"1\" src=\"https:\/\/druidebio.com\/wp-content\/uploads\/2023\/07\/Vegan.svg\" class=\"attachment-medium size-medium\" alt=\"\" ids=\"861,868,864,863,865,862\" style=\"none\" lightbox=\"false\" col_spacing=\"xsmall\" columns=\"8\" columns__sm=\"8\" columns__md=\"8\" decoding=\"async\" loading=\"lazy\" \/>                                                              <\/div>\n              <div class=\"box-text text-left\" >\n                 <p><\/p>\n              <\/div>\n            <\/div>\n                      <\/div>\n         <\/div><div class=\"gallery-col col\" >\n          <div class=\"col-inner\">\n                        <div class=\"box has-hover gallery-box box-none\">\n              <div class=\"box-image\" >\n                <img width=\"1\" height=\"1\" src=\"https:\/\/druidebio.com\/wp-content\/uploads\/2023\/07\/Not_Tested_Animals.svg\" class=\"attachment-medium size-medium\" alt=\"\" ids=\"861,868,864,863,865,862\" style=\"none\" lightbox=\"false\" col_spacing=\"xsmall\" columns=\"8\" columns__sm=\"8\" columns__md=\"8\" decoding=\"async\" loading=\"lazy\" \/>                                                              <\/div>\n              <div class=\"box-text text-left\" >\n                 <p><\/p>\n              <\/div>\n            <\/div>\n                      <\/div>\n         <\/div><div class=\"gallery-col col\" >\n          <div class=\"col-inner\">\n                        <div class=\"box has-hover gallery-box box-none\">\n              <div class=\"box-image\" >\n                <img width=\"1\" height=\"1\" src=\"https:\/\/druidebio.com\/wp-content\/uploads\/2023\/07\/NoGMO.svg\" class=\"attachment-medium size-medium\" alt=\"\" ids=\"861,868,864,863,865,862\" style=\"none\" lightbox=\"false\" col_spacing=\"xsmall\" columns=\"8\" columns__sm=\"8\" columns__md=\"8\" decoding=\"async\" loading=\"lazy\" \/>                                                              <\/div>\n              <div class=\"box-text text-left\" >\n                 <p><\/p>\n              <\/div>\n            <\/div>\n                      <\/div>\n         <\/div><div class=\"gallery-col col\" >\n          <div class=\"col-inner\">\n                        <div class=\"box has-hover gallery-box box-none\">\n              <div class=\"box-image\" >\n                <img width=\"1\" height=\"1\" src=\"https:\/\/druidebio.com\/wp-content\/uploads\/2023\/07\/Recyclable.svg\" class=\"attachment-medium size-medium\" alt=\"\" ids=\"861,868,864,863,865,862\" style=\"none\" lightbox=\"false\" col_spacing=\"xsmall\" columns=\"8\" columns__sm=\"8\" columns__md=\"8\" decoding=\"async\" loading=\"lazy\" \/>                                                              <\/div>\n              <div class=\"box-text text-left\" >\n                 <p><\/p>\n              <\/div>\n            <\/div>\n                      <\/div>\n         <\/div><div class=\"gallery-col col\" >\n          <div class=\"col-inner\">\n                        <div class=\"box has-hover gallery-box box-none\">\n              <div class=\"box-image\" >\n                <img width=\"1\" height=\"1\" src=\"https:\/\/druidebio.com\/wp-content\/uploads\/2023\/07\/Gluten_Free.svg\" class=\"attachment-medium size-medium\" alt=\"\" ids=\"861,868,864,863,865,862\" style=\"none\" lightbox=\"false\" col_spacing=\"xsmall\" columns=\"8\" columns__sm=\"8\" columns__md=\"8\" decoding=\"async\" loading=\"lazy\" \/>                                                              <\/div>\n              <div class=\"box-text text-left\" >\n                 <p><\/p>\n              <\/div>\n            <\/div>\n                      <\/div>\n         <\/div><\/div>\n\t\t<\/div>\n\t\t\t\t\t<\/div>\n\n\t<\/div>\n","protected":false},"featured_media":1689,"comment_status":"open","ping_status":"closed","template":"","meta":[],"product_brand":[],"product_cat":[103,119,95,93],"product_tag":[],"giftcard-category":[],"class_list":{"0":"post-2281","1":"product","2":"type-product","3":"status-publish","4":"has-post-thumbnail","6":"product_cat-druide-essentielle","7":"product_cat-gels-douche","8":"product_cat-soins-capillaires","9":"product_cat-soins-corps","11":"first","12":"instock","13":"taxable","14":"shipping-taxable","15":"purchasable","16":"product-type-simple"},"yoast_head":"<!-- This site is optimized with the Yoast SEO plugin v27.1.1 - https:\/\/yoast.com\/product\/yoast-seo-wordpress\/ -->\n<title>Gel Douche Sensualis | Laboratoires Druide\u00ae | Bio For Life<\/title>\n<meta name=\"description\" content=\"Le Gel Douche Sensualis Druide corps et cheveux, offre un moment de relaxation intense gr\u00e2ce ses extraits de cannelle et d&#039;hibiscus, purifiant set hydratants. Adapt\u00e9 \u00e0 tous les types de peau, il respecte le microbiote cutan\u00e9 et le pH physiologique de la peau, promettant une exp\u00e9rience de douche unique et sensuelle.\" \/>\n<meta name=\"robots\" content=\"index, follow, max-snippet:-1, max-image-preview:large, max-video-preview:-1\" \/>\n<link rel=\"canonical\" href=\"https:\/\/druidebio.com\/fr\/produit\/gel-douche-sensualis\/\" \/>\n<meta property=\"og:locale\" content=\"fr_FR\" \/>\n<meta property=\"og:type\" content=\"article\" \/>\n<meta property=\"og:title\" content=\"Gel Douche Sensualis | Laboratoires Druide\u00ae | Bio For Life\" \/>\n<meta property=\"og:description\" content=\"Le Gel Douche Sensualis Druide corps et cheveux, offre un moment de relaxation intense gr\u00e2ce ses extraits de cannelle et d&#039;hibiscus, purifiant set hydratants. Adapt\u00e9 \u00e0 tous les types de peau, il respecte le microbiote cutan\u00e9 et le pH physiologique de la peau, promettant une exp\u00e9rience de douche unique et sensuelle.\" \/>\n<meta property=\"og:url\" content=\"https:\/\/druidebio.com\/fr\/produit\/gel-douche-sensualis\/\" \/>\n<meta property=\"og:site_name\" content=\"Laboratoires Druide\u00ae | Bio For Life\" \/>\n<meta property=\"article:publisher\" content=\"https:\/\/www.facebook.com\/infodruide\" \/>\n<meta property=\"article:modified_time\" content=\"2026-01-12T20:59:27+00:00\" \/>\n<meta property=\"og:image\" content=\"https:\/\/druidebio.com\/wp-content\/uploads\/2022\/08\/druide-hair-body-care-sensualis-sandalwood-ylang-ylang-orange-shower-gel-350g-bottle.jpg\" \/>\n\t<meta property=\"og:image:width\" content=\"1200\" \/>\n\t<meta property=\"og:image:height\" content=\"1200\" \/>\n\t<meta property=\"og:image:type\" content=\"image\/jpeg\" \/>\n<meta name=\"twitter:card\" content=\"summary_large_image\" \/>\n<script type=\"application\/ld+json\" class=\"yoast-schema-graph\">{\"@context\":\"https:\/\/schema.org\",\"@graph\":[{\"@type\":[\"WebPage\",\"ItemPage\"],\"@id\":\"https:\/\/druidebio.com\/fr\/produit\/gel-douche-sensualis\/\",\"url\":\"https:\/\/druidebio.com\/fr\/produit\/gel-douche-sensualis\/\",\"name\":\"Gel Douche Sensualis | Laboratoires Druide\u00ae | Bio For Life\",\"isPartOf\":{\"@id\":\"https:\/\/druidebio.com\/fr\/#website\"},\"primaryImageOfPage\":{\"@id\":\"https:\/\/druidebio.com\/fr\/produit\/gel-douche-sensualis\/#primaryimage\"},\"image\":{\"@id\":\"https:\/\/druidebio.com\/fr\/produit\/gel-douche-sensualis\/#primaryimage\"},\"thumbnailUrl\":\"https:\/\/druidebio.com\/wp-content\/uploads\/2022\/08\/druide-hair-body-care-sensualis-sandalwood-ylang-ylang-orange-shower-gel-350g-bottle.jpg\",\"datePublished\":\"2022-08-26T15:48:08+00:00\",\"dateModified\":\"2026-01-12T20:59:27+00:00\",\"description\":\"Le Gel Douche Sensualis Druide corps et cheveux, offre un moment de relaxation intense gr\u00e2ce ses extraits de cannelle et d'hibiscus, purifiant set hydratants. Adapt\u00e9 \u00e0 tous les types de peau, il respecte le microbiote cutan\u00e9 et le pH physiologique de la peau, promettant une exp\u00e9rience de douche unique et sensuelle.\",\"breadcrumb\":{\"@id\":\"https:\/\/druidebio.com\/fr\/produit\/gel-douche-sensualis\/#breadcrumb\"},\"inLanguage\":\"fr-FR\",\"potentialAction\":[{\"@type\":\"ReadAction\",\"target\":[\"https:\/\/druidebio.com\/fr\/produit\/gel-douche-sensualis\/\"]}]},{\"@type\":\"ImageObject\",\"inLanguage\":\"fr-FR\",\"@id\":\"https:\/\/druidebio.com\/fr\/produit\/gel-douche-sensualis\/#primaryimage\",\"url\":\"https:\/\/druidebio.com\/wp-content\/uploads\/2022\/08\/druide-hair-body-care-sensualis-sandalwood-ylang-ylang-orange-shower-gel-350g-bottle.jpg\",\"contentUrl\":\"https:\/\/druidebio.com\/wp-content\/uploads\/2022\/08\/druide-hair-body-care-sensualis-sandalwood-ylang-ylang-orange-shower-gel-350g-bottle.jpg\",\"width\":1200,\"height\":1200,\"caption\":\"Gel Douche Sensualis\"},{\"@type\":\"BreadcrumbList\",\"@id\":\"https:\/\/druidebio.com\/fr\/produit\/gel-douche-sensualis\/#breadcrumb\",\"itemListElement\":[{\"@type\":\"ListItem\",\"position\":1,\"name\":\"Home\",\"item\":\"https:\/\/druidebio.com\/fr\/\"},{\"@type\":\"ListItem\",\"position\":2,\"name\":\"Boutique\",\"item\":\"https:\/\/druidebio.com\/fr\/boutique\/\"},{\"@type\":\"ListItem\",\"position\":3,\"name\":\"Gel Douche Sensualis\"}]},{\"@type\":\"WebSite\",\"@id\":\"https:\/\/druidebio.com\/fr\/#website\",\"url\":\"https:\/\/druidebio.com\/fr\/\",\"name\":\"Laboratoires Druide\u00ae | Bio For Life\",\"description\":\"Natural and Organic Products. ECOCERT\u00ae Certified.\",\"publisher\":{\"@id\":\"https:\/\/druidebio.com\/fr\/#organization\"},\"alternateName\":\"Druide\",\"potentialAction\":[{\"@type\":\"SearchAction\",\"target\":{\"@type\":\"EntryPoint\",\"urlTemplate\":\"https:\/\/druidebio.com\/fr\/?s={search_term_string}\"},\"query-input\":{\"@type\":\"PropertyValueSpecification\",\"valueRequired\":true,\"valueName\":\"search_term_string\"}}],\"inLanguage\":\"fr-FR\"},{\"@type\":\"Organization\",\"@id\":\"https:\/\/druidebio.com\/fr\/#organization\",\"name\":\"Druide\",\"alternateName\":\"Laboratoires Druide\",\"url\":\"https:\/\/druidebio.com\/fr\/\",\"logo\":{\"@type\":\"ImageObject\",\"inLanguage\":\"fr-FR\",\"@id\":\"https:\/\/druidebio.com\/fr\/#\/schema\/logo\/image\/\",\"url\":\"https:\/\/druidebio.com\/wp-content\/uploads\/2022\/08\/logo-fav.png\",\"contentUrl\":\"https:\/\/druidebio.com\/wp-content\/uploads\/2022\/08\/logo-fav.png\",\"width\":512,\"height\":512,\"caption\":\"Druide\"},\"image\":{\"@id\":\"https:\/\/druidebio.com\/fr\/#\/schema\/logo\/image\/\"},\"sameAs\":[\"https:\/\/www.facebook.com\/infodruide\",\"https:\/\/www.instagram.com\/druidebio\/\",\"https:\/\/www.pinterest.ca\/DruideBioCanada\/\",\"https:\/\/www.youtube.com\/user\/DRUIDECANADA\"]}]}<\/script>\n<!-- \/ Yoast SEO plugin. -->","yoast_head_json":{"title":"Gel Douche Sensualis | Laboratoires Druide\u00ae | Bio For Life","description":"Le Gel Douche Sensualis Druide corps et cheveux, offre un moment de relaxation intense gr\u00e2ce ses extraits de cannelle et d'hibiscus, purifiant set hydratants. Adapt\u00e9 \u00e0 tous les types de peau, il respecte le microbiote cutan\u00e9 et le pH physiologique de la peau, promettant une exp\u00e9rience de douche unique et sensuelle.","robots":{"index":"index","follow":"follow","max-snippet":"max-snippet:-1","max-image-preview":"max-image-preview:large","max-video-preview":"max-video-preview:-1"},"canonical":"https:\/\/druidebio.com\/fr\/produit\/gel-douche-sensualis\/","og_locale":"fr_FR","og_type":"article","og_title":"Gel Douche Sensualis | Laboratoires Druide\u00ae | Bio For Life","og_description":"Le Gel Douche Sensualis Druide corps et cheveux, offre un moment de relaxation intense gr\u00e2ce ses extraits de cannelle et d'hibiscus, purifiant set hydratants. Adapt\u00e9 \u00e0 tous les types de peau, il respecte le microbiote cutan\u00e9 et le pH physiologique de la peau, promettant une exp\u00e9rience de douche unique et sensuelle.","og_url":"https:\/\/druidebio.com\/fr\/produit\/gel-douche-sensualis\/","og_site_name":"Laboratoires Druide\u00ae | Bio For Life","article_publisher":"https:\/\/www.facebook.com\/infodruide","article_modified_time":"2026-01-12T20:59:27+00:00","og_image":[{"width":1200,"height":1200,"url":"https:\/\/druidebio.com\/wp-content\/uploads\/2022\/08\/druide-hair-body-care-sensualis-sandalwood-ylang-ylang-orange-shower-gel-350g-bottle.jpg","type":"image\/jpeg"}],"twitter_card":"summary_large_image","schema":{"@context":"https:\/\/schema.org","@graph":[{"@type":["WebPage","ItemPage"],"@id":"https:\/\/druidebio.com\/fr\/produit\/gel-douche-sensualis\/","url":"https:\/\/druidebio.com\/fr\/produit\/gel-douche-sensualis\/","name":"Gel Douche Sensualis | Laboratoires Druide\u00ae | Bio For Life","isPartOf":{"@id":"https:\/\/druidebio.com\/fr\/#website"},"primaryImageOfPage":{"@id":"https:\/\/druidebio.com\/fr\/produit\/gel-douche-sensualis\/#primaryimage"},"image":{"@id":"https:\/\/druidebio.com\/fr\/produit\/gel-douche-sensualis\/#primaryimage"},"thumbnailUrl":"https:\/\/druidebio.com\/wp-content\/uploads\/2022\/08\/druide-hair-body-care-sensualis-sandalwood-ylang-ylang-orange-shower-gel-350g-bottle.jpg","datePublished":"2022-08-26T15:48:08+00:00","dateModified":"2026-01-12T20:59:27+00:00","description":"Le Gel Douche Sensualis Druide corps et cheveux, offre un moment de relaxation intense gr\u00e2ce ses extraits de cannelle et d'hibiscus, purifiant set hydratants. Adapt\u00e9 \u00e0 tous les types de peau, il respecte le microbiote cutan\u00e9 et le pH physiologique de la peau, promettant une exp\u00e9rience de douche unique et sensuelle.","breadcrumb":{"@id":"https:\/\/druidebio.com\/fr\/produit\/gel-douche-sensualis\/#breadcrumb"},"inLanguage":"fr-FR","potentialAction":[{"@type":"ReadAction","target":["https:\/\/druidebio.com\/fr\/produit\/gel-douche-sensualis\/"]}]},{"@type":"ImageObject","inLanguage":"fr-FR","@id":"https:\/\/druidebio.com\/fr\/produit\/gel-douche-sensualis\/#primaryimage","url":"https:\/\/druidebio.com\/wp-content\/uploads\/2022\/08\/druide-hair-body-care-sensualis-sandalwood-ylang-ylang-orange-shower-gel-350g-bottle.jpg","contentUrl":"https:\/\/druidebio.com\/wp-content\/uploads\/2022\/08\/druide-hair-body-care-sensualis-sandalwood-ylang-ylang-orange-shower-gel-350g-bottle.jpg","width":1200,"height":1200,"caption":"Gel Douche Sensualis"},{"@type":"BreadcrumbList","@id":"https:\/\/druidebio.com\/fr\/produit\/gel-douche-sensualis\/#breadcrumb","itemListElement":[{"@type":"ListItem","position":1,"name":"Home","item":"https:\/\/druidebio.com\/fr\/"},{"@type":"ListItem","position":2,"name":"Boutique","item":"https:\/\/druidebio.com\/fr\/boutique\/"},{"@type":"ListItem","position":3,"name":"Gel Douche Sensualis"}]},{"@type":"WebSite","@id":"https:\/\/druidebio.com\/fr\/#website","url":"https:\/\/druidebio.com\/fr\/","name":"Laboratoires Druide\u00ae | Bio For Life","description":"Natural and Organic Products. ECOCERT\u00ae Certified.","publisher":{"@id":"https:\/\/druidebio.com\/fr\/#organization"},"alternateName":"Druide","potentialAction":[{"@type":"SearchAction","target":{"@type":"EntryPoint","urlTemplate":"https:\/\/druidebio.com\/fr\/?s={search_term_string}"},"query-input":{"@type":"PropertyValueSpecification","valueRequired":true,"valueName":"search_term_string"}}],"inLanguage":"fr-FR"},{"@type":"Organization","@id":"https:\/\/druidebio.com\/fr\/#organization","name":"Druide","alternateName":"Laboratoires Druide","url":"https:\/\/druidebio.com\/fr\/","logo":{"@type":"ImageObject","inLanguage":"fr-FR","@id":"https:\/\/druidebio.com\/fr\/#\/schema\/logo\/image\/","url":"https:\/\/druidebio.com\/wp-content\/uploads\/2022\/08\/logo-fav.png","contentUrl":"https:\/\/druidebio.com\/wp-content\/uploads\/2022\/08\/logo-fav.png","width":512,"height":512,"caption":"Druide"},"image":{"@id":"https:\/\/druidebio.com\/fr\/#\/schema\/logo\/image\/"},"sameAs":["https:\/\/www.facebook.com\/infodruide","https:\/\/www.instagram.com\/druidebio\/","https:\/\/www.pinterest.ca\/DruideBioCanada\/","https:\/\/www.youtube.com\/user\/DRUIDECANADA"]}]}},"_links":{"self":[{"href":"https:\/\/druidebio.com\/fr\/wp-json\/wp\/v2\/product\/2281","targetHints":{"allow":["GET"]}}],"collection":[{"href":"https:\/\/druidebio.com\/fr\/wp-json\/wp\/v2\/product"}],"about":[{"href":"https:\/\/druidebio.com\/fr\/wp-json\/wp\/v2\/types\/product"}],"replies":[{"embeddable":true,"href":"https:\/\/druidebio.com\/fr\/wp-json\/wp\/v2\/comments?post=2281"}],"wp:featuredmedia":[{"embeddable":true,"href":"https:\/\/druidebio.com\/fr\/wp-json\/wp\/v2\/media\/1689"}],"wp:attachment":[{"href":"https:\/\/druidebio.com\/fr\/wp-json\/wp\/v2\/media?parent=2281"}],"wp:term":[{"taxonomy":"product_brand","embeddable":true,"href":"https:\/\/druidebio.com\/fr\/wp-json\/wp\/v2\/product_brand?post=2281"},{"taxonomy":"product_cat","embeddable":true,"href":"https:\/\/druidebio.com\/fr\/wp-json\/wp\/v2\/product_cat?post=2281"},{"taxonomy":"product_tag","embeddable":true,"href":"https:\/\/druidebio.com\/fr\/wp-json\/wp\/v2\/product_tag?post=2281"},{"taxonomy":"giftcard-category","embeddable":true,"href":"https:\/\/druidebio.com\/fr\/wp-json\/wp\/v2\/giftcard-category?post=2281"}],"curies":[{"name":"wp","href":"https:\/\/api.w.org\/{rel}","templated":true}]}}