{"id":2277,"date":"2022-08-26T11:48:07","date_gmt":"2022-08-26T15:48:07","guid":{"rendered":"https:\/\/druide.wpengine.com\/product\/organic-pure-shea-butter\/"},"modified":"2026-04-01T09:41:47","modified_gmt":"2026-04-01T13:41:47","slug":"beurre-de-karite-pur-biologique","status":"publish","type":"product","link":"https:\/\/druidebio.com\/fr\/produit\/beurre-de-karite-pur-biologique\/","title":{"rendered":"Beurre de Karit\u00e9 Pur Biologique"},"content":{"rendered":"<h2>Beurre de karit\u00e9 pur : votre alli\u00e9 pour une peau, des cheveux et des ongles en pleine sant\u00e9<\/h2>\n<p>Le beurre de karit\u00e9 pur est bien plus qu&rsquo;un simple hydratant : c&rsquo;est un \u00e9lixir de beaut\u00e9 naturelle pour votre peau, vos cheveux et vos ongles. Enrichi en vitamine E, il nourrit intens\u00e9ment, prot\u00e8ge contre les agressions ext\u00e9rieures et offre une hydratation profonde. Que ce soit pour revitaliser les pointes s\u00e8ches de vos cheveux, adoucir les zones rugueuses comme les coudes et les genoux, ou encore nourrir les cuticules de vos ongles, ce beurre de karit\u00e9 est le soin incontournable \u00e0 introduire dans votre routine.<\/p>\n<p>Id\u00e9al pour les peaux sensibles et r\u00e9actives, sa composition riche en vitamine E et en acides gras essentiels renforce l&rsquo;\u00e9lasticit\u00e9 et la fermet\u00e9 de la peau. Mais ce n&rsquo;est pas tout : ce tr\u00e9sor naturel est \u00e9galement reconnu pour ses propri\u00e9t\u00e9s anti-inflammatoires, apaisant ainsi les irritations et les probl\u00e8mes de peau tels que l&rsquo;ecz\u00e9ma et le psoriasis. Il est aussi un excellent alli\u00e9 contre les effets du temps, att\u00e9nuant les rides et favorisant le renouvellement cellulaire. Sans oublier son r\u00f4le protecteur contre les rayons UV, faisant de lui un incontournable pour vos vacances au soleil.<\/p>\n<p>Offrez-vous une exp\u00e9rience de soin authentique et naturelle avec ce beurre de karit\u00e9 pur et assurez \u00e0 votre peau confort et protection au quotidien. Adoptez-le pour une routine beaut\u00e9 bio, \u00e9thique et efficace !<\/p>\n<p>Notre beurre de karit\u00e9 est certifi\u00e9 \u00c9cocert et se conforme \u00e0 des valeurs \u00e9thiques solides. 100 % v\u00e9g\u00e9tal (Vegan) et biod\u00e9gradable, il est d\u00e9pourvu de sulfates, d&rsquo;alcool, de silicones, de parab\u00e8nes, de PEG, de gluten, d&rsquo;OGM, de perturbateurs endocriniens, de goudron, de quaternium et de parfum. Et bien s\u00fbr, jamais test\u00e9 sur les animaux.<\/p>\n","protected":false},"excerpt":{"rendered":"<p>Le beurre de karit\u00e9 est un \u00e9lixir naturel qui nourrit et prot\u00e8ge la peau, les cheveux et les ongles. Id\u00e9al pour les peaux sensibles, il apaise les irritations et combat les signes du vieillissement.<\/p>\n<ul>\n<li class=\"bullet-arrow\"><strong>Texture <\/strong>: Beurre<\/li>\n<li class=\"bullet-arrow\"><strong>Odeur <\/strong>: Naturellement sucr\u00e9, l\u00e9g\u00e8rement noisette<\/li>\n<li class=\"bullet-arrow\"><strong>Format <\/strong>: 50 g \u2013 2 oz.<\/li>\n<\/ul>\n<div class=\"row row-full-width align-equal\"  id=\"row-456647798\">\n\t<div id=\"col-1328477885\" class=\"col small-12 large-12\"  >\n\t\t\t\t<div class=\"col-inner\"  >\n\t\t\t\n\t\t\t\n\n  \n    <div class=\"row large-columns-8 medium-columns-8 small-columns-8 row-xsmall\" >\n  <div class=\"gallery-col col\" >\n          <div class=\"col-inner\">\n                        <div class=\"box has-hover gallery-box box-none\">\n              <div class=\"box-image\" >\n                <img width=\"1\" height=\"1\" src=\"https:\/\/druidebio.com\/wp-content\/uploads\/2023\/07\/EcoCert.svg\" class=\"attachment-medium size-medium\" alt=\"\" ids=\"861,868,864,863,865,862\" style=\"none\" lightbox=\"false\" col_spacing=\"xsmall\" columns=\"8\" columns__sm=\"8\" columns__md=\"8\" decoding=\"async\" loading=\"lazy\" \/>                                                              <\/div>\n              <div class=\"box-text text-left\" >\n                 <p><\/p>\n              <\/div>\n            <\/div>\n                      <\/div>\n         <\/div><div class=\"gallery-col col\" >\n          <div class=\"col-inner\">\n                        <div class=\"box has-hover gallery-box box-none\">\n              <div class=\"box-image\" >\n                <img width=\"1\" height=\"1\" src=\"https:\/\/druidebio.com\/wp-content\/uploads\/2023\/07\/Vegan.svg\" class=\"attachment-medium size-medium\" alt=\"\" ids=\"861,868,864,863,865,862\" style=\"none\" lightbox=\"false\" col_spacing=\"xsmall\" columns=\"8\" columns__sm=\"8\" columns__md=\"8\" decoding=\"async\" loading=\"lazy\" \/>                                                              <\/div>\n              <div class=\"box-text text-left\" >\n                 <p><\/p>\n              <\/div>\n            <\/div>\n                      <\/div>\n         <\/div><div class=\"gallery-col col\" >\n          <div class=\"col-inner\">\n                        <div class=\"box has-hover gallery-box box-none\">\n              <div class=\"box-image\" >\n                <img width=\"1\" height=\"1\" src=\"https:\/\/druidebio.com\/wp-content\/uploads\/2023\/07\/Not_Tested_Animals.svg\" class=\"attachment-medium size-medium\" alt=\"\" ids=\"861,868,864,863,865,862\" style=\"none\" lightbox=\"false\" col_spacing=\"xsmall\" columns=\"8\" columns__sm=\"8\" columns__md=\"8\" decoding=\"async\" loading=\"lazy\" \/>                                                              <\/div>\n              <div class=\"box-text text-left\" >\n                 <p><\/p>\n              <\/div>\n            <\/div>\n                      <\/div>\n         <\/div><div class=\"gallery-col col\" >\n          <div class=\"col-inner\">\n                        <div class=\"box has-hover gallery-box box-none\">\n              <div class=\"box-image\" >\n                <img width=\"1\" height=\"1\" src=\"https:\/\/druidebio.com\/wp-content\/uploads\/2023\/07\/NoGMO.svg\" class=\"attachment-medium size-medium\" alt=\"\" ids=\"861,868,864,863,865,862\" style=\"none\" lightbox=\"false\" col_spacing=\"xsmall\" columns=\"8\" columns__sm=\"8\" columns__md=\"8\" decoding=\"async\" loading=\"lazy\" \/>                                                              <\/div>\n              <div class=\"box-text text-left\" >\n                 <p><\/p>\n              <\/div>\n            <\/div>\n                      <\/div>\n         <\/div><div class=\"gallery-col col\" >\n          <div class=\"col-inner\">\n                        <div class=\"box has-hover gallery-box box-none\">\n              <div class=\"box-image\" >\n                <img width=\"1\" height=\"1\" src=\"https:\/\/druidebio.com\/wp-content\/uploads\/2023\/07\/Recyclable.svg\" class=\"attachment-medium size-medium\" alt=\"\" ids=\"861,868,864,863,865,862\" style=\"none\" lightbox=\"false\" col_spacing=\"xsmall\" columns=\"8\" columns__sm=\"8\" columns__md=\"8\" decoding=\"async\" loading=\"lazy\" \/>                                                              <\/div>\n              <div class=\"box-text text-left\" >\n                 <p><\/p>\n              <\/div>\n            <\/div>\n                      <\/div>\n         <\/div><div class=\"gallery-col col\" >\n          <div class=\"col-inner\">\n                        <div class=\"box has-hover gallery-box box-none\">\n              <div class=\"box-image\" >\n                <img width=\"1\" height=\"1\" src=\"https:\/\/druidebio.com\/wp-content\/uploads\/2023\/07\/Gluten_Free.svg\" class=\"attachment-medium size-medium\" alt=\"\" ids=\"861,868,864,863,865,862\" style=\"none\" lightbox=\"false\" col_spacing=\"xsmall\" columns=\"8\" columns__sm=\"8\" columns__md=\"8\" decoding=\"async\" loading=\"lazy\" \/>                                                              <\/div>\n              <div class=\"box-text text-left\" >\n                 <p><\/p>\n              <\/div>\n            <\/div>\n                      <\/div>\n         <\/div><\/div>\n\t\t<\/div>\n\t\t\t\t\t<\/div>\n\n\t<\/div>\n","protected":false},"featured_media":1651,"comment_status":"open","ping_status":"closed","template":"","meta":[],"product_brand":[],"product_cat":[103,108,95,93,94],"product_tag":[],"giftcard-category":[],"class_list":{"0":"post-2277","1":"product","2":"type-product","3":"status-publish","4":"has-post-thumbnail","6":"product_cat-druide-essentielle","7":"product_cat-lotions-corps","8":"product_cat-soins-capillaires","9":"product_cat-soins-corps","10":"product_cat-soins-visage","12":"first","13":"instock","14":"taxable","15":"shipping-taxable","16":"purchasable","17":"product-type-simple"},"yoast_head":"<!-- This site is optimized with the Yoast SEO plugin v27.1.1 - https:\/\/yoast.com\/product\/yoast-seo-wordpress\/ -->\n<title>Beurre de Karit\u00e9 Pur Biologique | Laboratoires Druide\u00ae | Bio For Life<\/title>\n<meta name=\"description\" content=\"Le beurre de karit\u00e9 est un \u00e9lixir naturel qui nourrit et prot\u00e8ge la peau, les cheveux et les ongles. Id\u00e9al pour les peaux sensibles, il apaise les irritations et combat les signes du vieillissement.\" \/>\n<meta name=\"robots\" content=\"index, follow, max-snippet:-1, max-image-preview:large, max-video-preview:-1\" \/>\n<link rel=\"canonical\" href=\"https:\/\/druidebio.com\/fr\/produit\/beurre-de-karite-pur-biologique\/\" \/>\n<meta property=\"og:locale\" content=\"fr_FR\" \/>\n<meta property=\"og:type\" content=\"article\" \/>\n<meta property=\"og:title\" content=\"Beurre de Karit\u00e9 Pur Biologique | Laboratoires Druide\u00ae | Bio For Life\" \/>\n<meta property=\"og:description\" content=\"Le beurre de karit\u00e9 est un \u00e9lixir naturel qui nourrit et prot\u00e8ge la peau, les cheveux et les ongles. Id\u00e9al pour les peaux sensibles, il apaise les irritations et combat les signes du vieillissement.\" \/>\n<meta property=\"og:url\" content=\"https:\/\/druidebio.com\/fr\/produit\/beurre-de-karite-pur-biologique\/\" \/>\n<meta property=\"og:site_name\" content=\"Laboratoires Druide\u00ae | Bio For Life\" \/>\n<meta property=\"article:publisher\" content=\"https:\/\/www.facebook.com\/infodruide\" \/>\n<meta property=\"article:modified_time\" content=\"2026-04-01T13:41:47+00:00\" \/>\n<meta property=\"og:image\" content=\"https:\/\/druidebio.com\/wp-content\/uploads\/2022\/08\/druide-body-face-hair-care-pur-shea-butter-50g.jpg\" \/>\n\t<meta property=\"og:image:width\" content=\"1200\" \/>\n\t<meta property=\"og:image:height\" content=\"1200\" \/>\n\t<meta property=\"og:image:type\" content=\"image\/jpeg\" \/>\n<meta name=\"twitter:card\" content=\"summary_large_image\" \/>\n<script type=\"application\/ld+json\" class=\"yoast-schema-graph\">{\"@context\":\"https:\/\/schema.org\",\"@graph\":[{\"@type\":[\"WebPage\",\"ItemPage\"],\"@id\":\"https:\/\/druidebio.com\/fr\/produit\/beurre-de-karite-pur-biologique\/\",\"url\":\"https:\/\/druidebio.com\/fr\/produit\/beurre-de-karite-pur-biologique\/\",\"name\":\"Beurre de Karit\u00e9 Pur Biologique | Laboratoires Druide\u00ae | Bio For Life\",\"isPartOf\":{\"@id\":\"https:\/\/druidebio.com\/fr\/#website\"},\"primaryImageOfPage\":{\"@id\":\"https:\/\/druidebio.com\/fr\/produit\/beurre-de-karite-pur-biologique\/#primaryimage\"},\"image\":{\"@id\":\"https:\/\/druidebio.com\/fr\/produit\/beurre-de-karite-pur-biologique\/#primaryimage\"},\"thumbnailUrl\":\"https:\/\/druidebio.com\/wp-content\/uploads\/2022\/08\/druide-body-face-hair-care-pur-shea-butter-50g.jpg\",\"datePublished\":\"2022-08-26T15:48:07+00:00\",\"dateModified\":\"2026-04-01T13:41:47+00:00\",\"description\":\"Le beurre de karit\u00e9 est un \u00e9lixir naturel qui nourrit et prot\u00e8ge la peau, les cheveux et les ongles. Id\u00e9al pour les peaux sensibles, il apaise les irritations et combat les signes du vieillissement.\",\"breadcrumb\":{\"@id\":\"https:\/\/druidebio.com\/fr\/produit\/beurre-de-karite-pur-biologique\/#breadcrumb\"},\"inLanguage\":\"fr-FR\",\"potentialAction\":[{\"@type\":\"ReadAction\",\"target\":[\"https:\/\/druidebio.com\/fr\/produit\/beurre-de-karite-pur-biologique\/\"]}]},{\"@type\":\"ImageObject\",\"inLanguage\":\"fr-FR\",\"@id\":\"https:\/\/druidebio.com\/fr\/produit\/beurre-de-karite-pur-biologique\/#primaryimage\",\"url\":\"https:\/\/druidebio.com\/wp-content\/uploads\/2022\/08\/druide-body-face-hair-care-pur-shea-butter-50g.jpg\",\"contentUrl\":\"https:\/\/druidebio.com\/wp-content\/uploads\/2022\/08\/druide-body-face-hair-care-pur-shea-butter-50g.jpg\",\"width\":1200,\"height\":1200,\"caption\":\"Beurre de Karit\u00e9 Pur Biologique\"},{\"@type\":\"BreadcrumbList\",\"@id\":\"https:\/\/druidebio.com\/fr\/produit\/beurre-de-karite-pur-biologique\/#breadcrumb\",\"itemListElement\":[{\"@type\":\"ListItem\",\"position\":1,\"name\":\"Home\",\"item\":\"https:\/\/druidebio.com\/fr\/\"},{\"@type\":\"ListItem\",\"position\":2,\"name\":\"Boutique\",\"item\":\"https:\/\/druidebio.com\/fr\/boutique\/\"},{\"@type\":\"ListItem\",\"position\":3,\"name\":\"Beurre de Karit\u00e9 Pur Biologique\"}]},{\"@type\":\"WebSite\",\"@id\":\"https:\/\/druidebio.com\/fr\/#website\",\"url\":\"https:\/\/druidebio.com\/fr\/\",\"name\":\"Laboratoires Druide\u00ae | Bio For Life\",\"description\":\"Natural and Organic Products. ECOCERT\u00ae Certified.\",\"publisher\":{\"@id\":\"https:\/\/druidebio.com\/fr\/#organization\"},\"alternateName\":\"Druide\",\"potentialAction\":[{\"@type\":\"SearchAction\",\"target\":{\"@type\":\"EntryPoint\",\"urlTemplate\":\"https:\/\/druidebio.com\/fr\/?s={search_term_string}\"},\"query-input\":{\"@type\":\"PropertyValueSpecification\",\"valueRequired\":true,\"valueName\":\"search_term_string\"}}],\"inLanguage\":\"fr-FR\"},{\"@type\":\"Organization\",\"@id\":\"https:\/\/druidebio.com\/fr\/#organization\",\"name\":\"Druide\",\"alternateName\":\"Laboratoires Druide\",\"url\":\"https:\/\/druidebio.com\/fr\/\",\"logo\":{\"@type\":\"ImageObject\",\"inLanguage\":\"fr-FR\",\"@id\":\"https:\/\/druidebio.com\/fr\/#\/schema\/logo\/image\/\",\"url\":\"https:\/\/druidebio.com\/wp-content\/uploads\/2022\/08\/logo-fav.png\",\"contentUrl\":\"https:\/\/druidebio.com\/wp-content\/uploads\/2022\/08\/logo-fav.png\",\"width\":512,\"height\":512,\"caption\":\"Druide\"},\"image\":{\"@id\":\"https:\/\/druidebio.com\/fr\/#\/schema\/logo\/image\/\"},\"sameAs\":[\"https:\/\/www.facebook.com\/infodruide\",\"https:\/\/www.instagram.com\/druidebio\/\",\"https:\/\/www.pinterest.ca\/DruideBioCanada\/\",\"https:\/\/www.youtube.com\/user\/DRUIDECANADA\"]}]}<\/script>\n<!-- \/ Yoast SEO plugin. -->","yoast_head_json":{"title":"Beurre de Karit\u00e9 Pur Biologique | Laboratoires Druide\u00ae | Bio For Life","description":"Le beurre de karit\u00e9 est un \u00e9lixir naturel qui nourrit et prot\u00e8ge la peau, les cheveux et les ongles. Id\u00e9al pour les peaux sensibles, il apaise les irritations et combat les signes du vieillissement.","robots":{"index":"index","follow":"follow","max-snippet":"max-snippet:-1","max-image-preview":"max-image-preview:large","max-video-preview":"max-video-preview:-1"},"canonical":"https:\/\/druidebio.com\/fr\/produit\/beurre-de-karite-pur-biologique\/","og_locale":"fr_FR","og_type":"article","og_title":"Beurre de Karit\u00e9 Pur Biologique | Laboratoires Druide\u00ae | Bio For Life","og_description":"Le beurre de karit\u00e9 est un \u00e9lixir naturel qui nourrit et prot\u00e8ge la peau, les cheveux et les ongles. Id\u00e9al pour les peaux sensibles, il apaise les irritations et combat les signes du vieillissement.","og_url":"https:\/\/druidebio.com\/fr\/produit\/beurre-de-karite-pur-biologique\/","og_site_name":"Laboratoires Druide\u00ae | Bio For Life","article_publisher":"https:\/\/www.facebook.com\/infodruide","article_modified_time":"2026-04-01T13:41:47+00:00","og_image":[{"width":1200,"height":1200,"url":"https:\/\/druidebio.com\/wp-content\/uploads\/2022\/08\/druide-body-face-hair-care-pur-shea-butter-50g.jpg","type":"image\/jpeg"}],"twitter_card":"summary_large_image","schema":{"@context":"https:\/\/schema.org","@graph":[{"@type":["WebPage","ItemPage"],"@id":"https:\/\/druidebio.com\/fr\/produit\/beurre-de-karite-pur-biologique\/","url":"https:\/\/druidebio.com\/fr\/produit\/beurre-de-karite-pur-biologique\/","name":"Beurre de Karit\u00e9 Pur Biologique | Laboratoires Druide\u00ae | Bio For Life","isPartOf":{"@id":"https:\/\/druidebio.com\/fr\/#website"},"primaryImageOfPage":{"@id":"https:\/\/druidebio.com\/fr\/produit\/beurre-de-karite-pur-biologique\/#primaryimage"},"image":{"@id":"https:\/\/druidebio.com\/fr\/produit\/beurre-de-karite-pur-biologique\/#primaryimage"},"thumbnailUrl":"https:\/\/druidebio.com\/wp-content\/uploads\/2022\/08\/druide-body-face-hair-care-pur-shea-butter-50g.jpg","datePublished":"2022-08-26T15:48:07+00:00","dateModified":"2026-04-01T13:41:47+00:00","description":"Le beurre de karit\u00e9 est un \u00e9lixir naturel qui nourrit et prot\u00e8ge la peau, les cheveux et les ongles. Id\u00e9al pour les peaux sensibles, il apaise les irritations et combat les signes du vieillissement.","breadcrumb":{"@id":"https:\/\/druidebio.com\/fr\/produit\/beurre-de-karite-pur-biologique\/#breadcrumb"},"inLanguage":"fr-FR","potentialAction":[{"@type":"ReadAction","target":["https:\/\/druidebio.com\/fr\/produit\/beurre-de-karite-pur-biologique\/"]}]},{"@type":"ImageObject","inLanguage":"fr-FR","@id":"https:\/\/druidebio.com\/fr\/produit\/beurre-de-karite-pur-biologique\/#primaryimage","url":"https:\/\/druidebio.com\/wp-content\/uploads\/2022\/08\/druide-body-face-hair-care-pur-shea-butter-50g.jpg","contentUrl":"https:\/\/druidebio.com\/wp-content\/uploads\/2022\/08\/druide-body-face-hair-care-pur-shea-butter-50g.jpg","width":1200,"height":1200,"caption":"Beurre de Karit\u00e9 Pur Biologique"},{"@type":"BreadcrumbList","@id":"https:\/\/druidebio.com\/fr\/produit\/beurre-de-karite-pur-biologique\/#breadcrumb","itemListElement":[{"@type":"ListItem","position":1,"name":"Home","item":"https:\/\/druidebio.com\/fr\/"},{"@type":"ListItem","position":2,"name":"Boutique","item":"https:\/\/druidebio.com\/fr\/boutique\/"},{"@type":"ListItem","position":3,"name":"Beurre de Karit\u00e9 Pur Biologique"}]},{"@type":"WebSite","@id":"https:\/\/druidebio.com\/fr\/#website","url":"https:\/\/druidebio.com\/fr\/","name":"Laboratoires Druide\u00ae | Bio For Life","description":"Natural and Organic Products. ECOCERT\u00ae Certified.","publisher":{"@id":"https:\/\/druidebio.com\/fr\/#organization"},"alternateName":"Druide","potentialAction":[{"@type":"SearchAction","target":{"@type":"EntryPoint","urlTemplate":"https:\/\/druidebio.com\/fr\/?s={search_term_string}"},"query-input":{"@type":"PropertyValueSpecification","valueRequired":true,"valueName":"search_term_string"}}],"inLanguage":"fr-FR"},{"@type":"Organization","@id":"https:\/\/druidebio.com\/fr\/#organization","name":"Druide","alternateName":"Laboratoires Druide","url":"https:\/\/druidebio.com\/fr\/","logo":{"@type":"ImageObject","inLanguage":"fr-FR","@id":"https:\/\/druidebio.com\/fr\/#\/schema\/logo\/image\/","url":"https:\/\/druidebio.com\/wp-content\/uploads\/2022\/08\/logo-fav.png","contentUrl":"https:\/\/druidebio.com\/wp-content\/uploads\/2022\/08\/logo-fav.png","width":512,"height":512,"caption":"Druide"},"image":{"@id":"https:\/\/druidebio.com\/fr\/#\/schema\/logo\/image\/"},"sameAs":["https:\/\/www.facebook.com\/infodruide","https:\/\/www.instagram.com\/druidebio\/","https:\/\/www.pinterest.ca\/DruideBioCanada\/","https:\/\/www.youtube.com\/user\/DRUIDECANADA"]}]}},"_links":{"self":[{"href":"https:\/\/druidebio.com\/fr\/wp-json\/wp\/v2\/product\/2277","targetHints":{"allow":["GET"]}}],"collection":[{"href":"https:\/\/druidebio.com\/fr\/wp-json\/wp\/v2\/product"}],"about":[{"href":"https:\/\/druidebio.com\/fr\/wp-json\/wp\/v2\/types\/product"}],"replies":[{"embeddable":true,"href":"https:\/\/druidebio.com\/fr\/wp-json\/wp\/v2\/comments?post=2277"}],"wp:featuredmedia":[{"embeddable":true,"href":"https:\/\/druidebio.com\/fr\/wp-json\/wp\/v2\/media\/1651"}],"wp:attachment":[{"href":"https:\/\/druidebio.com\/fr\/wp-json\/wp\/v2\/media?parent=2277"}],"wp:term":[{"taxonomy":"product_brand","embeddable":true,"href":"https:\/\/druidebio.com\/fr\/wp-json\/wp\/v2\/product_brand?post=2277"},{"taxonomy":"product_cat","embeddable":true,"href":"https:\/\/druidebio.com\/fr\/wp-json\/wp\/v2\/product_cat?post=2277"},{"taxonomy":"product_tag","embeddable":true,"href":"https:\/\/druidebio.com\/fr\/wp-json\/wp\/v2\/product_tag?post=2277"},{"taxonomy":"giftcard-category","embeddable":true,"href":"https:\/\/druidebio.com\/fr\/wp-json\/wp\/v2\/giftcard-category?post=2277"}],"curies":[{"name":"wp","href":"https:\/\/api.w.org\/{rel}","templated":true}]}}