{"id":2275,"date":"2022-08-26T11:48:07","date_gmt":"2022-08-26T15:48:07","guid":{"rendered":"https:\/\/druide.wpengine.com\/product\/pure-shea-butter-argan-oil\/"},"modified":"2026-05-03T13:40:07","modified_gmt":"2026-05-03T17:40:07","slug":"beurre-de-karite-et-huile-dargan","status":"publish","type":"product","link":"https:\/\/druidebio.com\/fr\/produit\/beurre-de-karite-et-huile-dargan\/","title":{"rendered":"Beurre de Karit\u00e9 et Huile d\u2019Argan"},"content":{"rendered":"<h2>Soins profonds avec notre baume hydratant tout-en-un<\/h2>\n<p>Profitez de la polyvalence de notre baume multi-usage, une formule innovante enrichie en vitamine E, sp\u00e9cialement con\u00e7ue pour r\u00e9pondre \u00e0 un besoin d\u2019hydratation de la peau en profondeur, mais aussi des cheveux et des ongles. Ce baume est particuli\u00e8rement efficace pour les zones souvent n\u00e9glig\u00e9es et sujettes \u00e0 la s\u00e9cheresse, notamment les pointes des cheveux, les coudes, les genoux ou encore les cuticules.<\/p>\n<p>La vitamine E, associ\u00e9e \u00e0 une riche concentration d&rsquo;acides gras, assure une hydratation durable et am\u00e9liore consid\u00e9rablement la souplesse et l&rsquo;\u00e9lasticit\u00e9 de votre peau. Cette formule est un v\u00e9ritable bouclier pour les peaux sensibles et r\u00e9actives, apportant un confort imm\u00e9diat tout en renfor\u00e7ant la barri\u00e8re naturelle de la peau.<\/p>\n<p>Notre choix d&rsquo;ingr\u00e9dients refl\u00e8te notre d\u00e9vouement \u00e0 une beaut\u00e9 pure et naturelle. Les extraits de plantes de g\u00e9ranium et d\u2019ylang-ylang ont \u00e9t\u00e9 soigneusement int\u00e9gr\u00e9s pour donner \u00e0 ce baume non seulement des propri\u00e9t\u00e9s b\u00e9n\u00e9fiques pour la peau, mais aussi un parfum relaxant qui enchante les sens \u00e0 chaque application. Son odeur fleurie et bois\u00e9e vous transportera dans une ambiance apaisante et raffin\u00e9e \u00e0 chaque utilisation.<\/p>\n<p>Notre baume multi-usage est certifi\u00e9 \u00c9cocert, garantissant une solution respectueuse de l&rsquo;environnement. En choisissant ce produit, vous optez pour une formule 100 % v\u00e9g\u00e9tale (vegan), biod\u00e9gradable, sans sulfates, sans alcool, sans silicones, sans parab\u00e8nes, sans PEG, sans gluten, sans OGM, sans perturbateurs endocriniens, sans goudron, sans quaternium, sans parfum, et bien s\u00fbr il n&rsquo;est pas test\u00e9 sur les animaux<\/p>\n","protected":false},"excerpt":{"rendered":"<p>Notre baume multi-usage \u00e0 l&rsquo;huile d&rsquo;argan et au beurre de karit\u00e9 nourrit profond\u00e9ment la peau, les cheveux et les ongles, et laisse un parfum fleuri et bois\u00e9 envo\u00fbtant.<\/p>\n<ul>\n<li class=\"bullet-arrow\"><strong>Texture <\/strong>: Beurre<\/li>\n<li class=\"bullet-arrow\"><strong>Odeur <\/strong>: Floral et bois\u00e9<\/li>\n<li class=\"bullet-arrow\"><strong>Format <\/strong>: 50 g \u2013 2 oz.<\/li>\n<\/ul>\n<div class=\"row row-full-width align-equal\"  id=\"row-1639998723\">\n\t<div id=\"col-427461793\" class=\"col small-12 large-12\"  >\n\t\t\t\t<div class=\"col-inner\"  >\n\t\t\t\n\t\t\t\n\n  \n    <div class=\"row large-columns-8 medium-columns-8 small-columns-8 row-xsmall\" >\n  <div class=\"gallery-col col\" >\n          <div class=\"col-inner\">\n                        <div class=\"box has-hover gallery-box box-none\">\n              <div class=\"box-image\" >\n                <img width=\"1\" height=\"1\" src=\"https:\/\/druidebio.com\/wp-content\/uploads\/2023\/07\/EcoCert.svg\" class=\"attachment-medium size-medium\" alt=\"\" ids=\"861,868,864,863,865,862\" style=\"none\" lightbox=\"false\" col_spacing=\"xsmall\" columns=\"8\" columns__sm=\"8\" columns__md=\"8\" decoding=\"async\" loading=\"lazy\" \/>                                                              <\/div>\n              <div class=\"box-text text-left\" >\n                 <p><\/p>\n              <\/div>\n            <\/div>\n                      <\/div>\n         <\/div><div class=\"gallery-col col\" >\n          <div class=\"col-inner\">\n                        <div class=\"box has-hover gallery-box box-none\">\n              <div class=\"box-image\" >\n                <img width=\"1\" height=\"1\" src=\"https:\/\/druidebio.com\/wp-content\/uploads\/2023\/07\/Vegan.svg\" class=\"attachment-medium size-medium\" alt=\"\" ids=\"861,868,864,863,865,862\" style=\"none\" lightbox=\"false\" col_spacing=\"xsmall\" columns=\"8\" columns__sm=\"8\" columns__md=\"8\" decoding=\"async\" loading=\"lazy\" \/>                                                              <\/div>\n              <div class=\"box-text text-left\" >\n                 <p><\/p>\n              <\/div>\n            <\/div>\n                      <\/div>\n         <\/div><div class=\"gallery-col col\" >\n          <div class=\"col-inner\">\n                        <div class=\"box has-hover gallery-box box-none\">\n              <div class=\"box-image\" >\n                <img width=\"1\" height=\"1\" src=\"https:\/\/druidebio.com\/wp-content\/uploads\/2023\/07\/Not_Tested_Animals.svg\" class=\"attachment-medium size-medium\" alt=\"\" ids=\"861,868,864,863,865,862\" style=\"none\" lightbox=\"false\" col_spacing=\"xsmall\" columns=\"8\" columns__sm=\"8\" columns__md=\"8\" decoding=\"async\" loading=\"lazy\" \/>                                                              <\/div>\n              <div class=\"box-text text-left\" >\n                 <p><\/p>\n              <\/div>\n            <\/div>\n                      <\/div>\n         <\/div><div class=\"gallery-col col\" >\n          <div class=\"col-inner\">\n                        <div class=\"box has-hover gallery-box box-none\">\n              <div class=\"box-image\" >\n                <img width=\"1\" height=\"1\" src=\"https:\/\/druidebio.com\/wp-content\/uploads\/2023\/07\/NoGMO.svg\" class=\"attachment-medium size-medium\" alt=\"\" ids=\"861,868,864,863,865,862\" style=\"none\" lightbox=\"false\" col_spacing=\"xsmall\" columns=\"8\" columns__sm=\"8\" columns__md=\"8\" decoding=\"async\" loading=\"lazy\" \/>                                                              <\/div>\n              <div class=\"box-text text-left\" >\n                 <p><\/p>\n              <\/div>\n            <\/div>\n                      <\/div>\n         <\/div><div class=\"gallery-col col\" >\n          <div class=\"col-inner\">\n                        <div class=\"box has-hover gallery-box box-none\">\n              <div class=\"box-image\" >\n                <img width=\"1\" height=\"1\" src=\"https:\/\/druidebio.com\/wp-content\/uploads\/2023\/07\/Recyclable.svg\" class=\"attachment-medium size-medium\" alt=\"\" ids=\"861,868,864,863,865,862\" style=\"none\" lightbox=\"false\" col_spacing=\"xsmall\" columns=\"8\" columns__sm=\"8\" columns__md=\"8\" decoding=\"async\" loading=\"lazy\" \/>                                                              <\/div>\n              <div class=\"box-text text-left\" >\n                 <p><\/p>\n              <\/div>\n            <\/div>\n                      <\/div>\n         <\/div><div class=\"gallery-col col\" >\n          <div class=\"col-inner\">\n                        <div class=\"box has-hover gallery-box box-none\">\n              <div class=\"box-image\" >\n                <img width=\"1\" height=\"1\" src=\"https:\/\/druidebio.com\/wp-content\/uploads\/2023\/07\/Gluten_Free.svg\" class=\"attachment-medium size-medium\" alt=\"\" ids=\"861,868,864,863,865,862\" style=\"none\" lightbox=\"false\" col_spacing=\"xsmall\" columns=\"8\" columns__sm=\"8\" columns__md=\"8\" decoding=\"async\" loading=\"lazy\" \/>                                                              <\/div>\n              <div class=\"box-text text-left\" >\n                 <p><\/p>\n              <\/div>\n            <\/div>\n                      <\/div>\n         <\/div><\/div>\n\t\t<\/div>\n\t\t\t\t\t<\/div>\n\n\t<\/div>\n","protected":false},"featured_media":1650,"comment_status":"open","ping_status":"closed","template":"","meta":[],"product_brand":[],"product_cat":[103,108,95,93,94],"product_tag":[],"giftcard-category":[],"class_list":{"0":"post-2275","1":"product","2":"type-product","3":"status-publish","4":"has-post-thumbnail","6":"product_cat-druide-essentielle","7":"product_cat-lotions-corps","8":"product_cat-soins-capillaires","9":"product_cat-soins-corps","10":"product_cat-soins-visage","12":"first","13":"instock","14":"taxable","15":"shipping-taxable","16":"purchasable","17":"product-type-simple"},"yoast_head":"<!-- This site is optimized with the Yoast SEO plugin v27.1.1 - https:\/\/yoast.com\/product\/yoast-seo-wordpress\/ -->\n<title>Beurre de Karit\u00e9 et Huile d\u2019Argan | Laboratoires Druide\u00ae | Bio For Life<\/title>\n<meta name=\"description\" content=\"Notre baume multi-usage \u00e0 l&#039;huile d&#039;argan et au beurre de karit\u00e9 nourrit profond\u00e9ment la peau, les cheveux et les ongles, et laisse un parfum fleuri et bois\u00e9 envo\u00fbtant.\" \/>\n<meta name=\"robots\" content=\"index, follow, max-snippet:-1, max-image-preview:large, max-video-preview:-1\" \/>\n<link rel=\"canonical\" href=\"https:\/\/druidebio.com\/fr\/produit\/beurre-de-karite-et-huile-dargan\/\" \/>\n<meta property=\"og:locale\" content=\"fr_FR\" \/>\n<meta property=\"og:type\" content=\"article\" \/>\n<meta property=\"og:title\" content=\"Beurre de Karit\u00e9 et Huile d\u2019Argan | Laboratoires Druide\u00ae | Bio For Life\" \/>\n<meta property=\"og:description\" content=\"Notre baume multi-usage \u00e0 l&#039;huile d&#039;argan et au beurre de karit\u00e9 nourrit profond\u00e9ment la peau, les cheveux et les ongles, et laisse un parfum fleuri et bois\u00e9 envo\u00fbtant.\" \/>\n<meta property=\"og:url\" content=\"https:\/\/druidebio.com\/fr\/produit\/beurre-de-karite-et-huile-dargan\/\" \/>\n<meta property=\"og:site_name\" content=\"Laboratoires Druide\u00ae | Bio For Life\" \/>\n<meta property=\"article:publisher\" content=\"https:\/\/www.facebook.com\/infodruide\" \/>\n<meta property=\"article:modified_time\" content=\"2026-05-03T17:40:07+00:00\" \/>\n<meta property=\"og:image\" content=\"https:\/\/druidebio.com\/wp-content\/uploads\/2022\/08\/druide-body-face-hair-care-pur-shea-butter-argan-oil-50g.jpg\" \/>\n\t<meta property=\"og:image:width\" content=\"1200\" \/>\n\t<meta property=\"og:image:height\" content=\"1200\" \/>\n\t<meta property=\"og:image:type\" content=\"image\/jpeg\" \/>\n<meta name=\"twitter:card\" content=\"summary_large_image\" \/>\n<script type=\"application\/ld+json\" class=\"yoast-schema-graph\">{\"@context\":\"https:\/\/schema.org\",\"@graph\":[{\"@type\":[\"WebPage\",\"ItemPage\"],\"@id\":\"https:\/\/druidebio.com\/fr\/produit\/beurre-de-karite-et-huile-dargan\/\",\"url\":\"https:\/\/druidebio.com\/fr\/produit\/beurre-de-karite-et-huile-dargan\/\",\"name\":\"Beurre de Karit\u00e9 et Huile d\u2019Argan | Laboratoires Druide\u00ae | Bio For Life\",\"isPartOf\":{\"@id\":\"https:\/\/druidebio.com\/fr\/#website\"},\"primaryImageOfPage\":{\"@id\":\"https:\/\/druidebio.com\/fr\/produit\/beurre-de-karite-et-huile-dargan\/#primaryimage\"},\"image\":{\"@id\":\"https:\/\/druidebio.com\/fr\/produit\/beurre-de-karite-et-huile-dargan\/#primaryimage\"},\"thumbnailUrl\":\"https:\/\/druidebio.com\/wp-content\/uploads\/2022\/08\/druide-body-face-hair-care-pur-shea-butter-argan-oil-50g.jpg\",\"datePublished\":\"2022-08-26T15:48:07+00:00\",\"dateModified\":\"2026-05-03T17:40:07+00:00\",\"description\":\"Notre baume multi-usage \u00e0 l'huile d'argan et au beurre de karit\u00e9 nourrit profond\u00e9ment la peau, les cheveux et les ongles, et laisse un parfum fleuri et bois\u00e9 envo\u00fbtant.\",\"breadcrumb\":{\"@id\":\"https:\/\/druidebio.com\/fr\/produit\/beurre-de-karite-et-huile-dargan\/#breadcrumb\"},\"inLanguage\":\"fr-FR\",\"potentialAction\":[{\"@type\":\"ReadAction\",\"target\":[\"https:\/\/druidebio.com\/fr\/produit\/beurre-de-karite-et-huile-dargan\/\"]}]},{\"@type\":\"ImageObject\",\"inLanguage\":\"fr-FR\",\"@id\":\"https:\/\/druidebio.com\/fr\/produit\/beurre-de-karite-et-huile-dargan\/#primaryimage\",\"url\":\"https:\/\/druidebio.com\/wp-content\/uploads\/2022\/08\/druide-body-face-hair-care-pur-shea-butter-argan-oil-50g.jpg\",\"contentUrl\":\"https:\/\/druidebio.com\/wp-content\/uploads\/2022\/08\/druide-body-face-hair-care-pur-shea-butter-argan-oil-50g.jpg\",\"width\":1200,\"height\":1200,\"caption\":\"Beurre de Karit\u00e9 et Huile d\u2019Argan\"},{\"@type\":\"BreadcrumbList\",\"@id\":\"https:\/\/druidebio.com\/fr\/produit\/beurre-de-karite-et-huile-dargan\/#breadcrumb\",\"itemListElement\":[{\"@type\":\"ListItem\",\"position\":1,\"name\":\"Home\",\"item\":\"https:\/\/druidebio.com\/fr\/\"},{\"@type\":\"ListItem\",\"position\":2,\"name\":\"Boutique\",\"item\":\"https:\/\/druidebio.com\/fr\/boutique\/\"},{\"@type\":\"ListItem\",\"position\":3,\"name\":\"Beurre de Karit\u00e9 et Huile d\u2019Argan\"}]},{\"@type\":\"WebSite\",\"@id\":\"https:\/\/druidebio.com\/fr\/#website\",\"url\":\"https:\/\/druidebio.com\/fr\/\",\"name\":\"Laboratoires Druide\u00ae | Bio For Life\",\"description\":\"Natural and Organic Products. ECOCERT\u00ae Certified.\",\"publisher\":{\"@id\":\"https:\/\/druidebio.com\/fr\/#organization\"},\"alternateName\":\"Druide\",\"potentialAction\":[{\"@type\":\"SearchAction\",\"target\":{\"@type\":\"EntryPoint\",\"urlTemplate\":\"https:\/\/druidebio.com\/fr\/?s={search_term_string}\"},\"query-input\":{\"@type\":\"PropertyValueSpecification\",\"valueRequired\":true,\"valueName\":\"search_term_string\"}}],\"inLanguage\":\"fr-FR\"},{\"@type\":\"Organization\",\"@id\":\"https:\/\/druidebio.com\/fr\/#organization\",\"name\":\"Druide\",\"alternateName\":\"Laboratoires Druide\",\"url\":\"https:\/\/druidebio.com\/fr\/\",\"logo\":{\"@type\":\"ImageObject\",\"inLanguage\":\"fr-FR\",\"@id\":\"https:\/\/druidebio.com\/fr\/#\/schema\/logo\/image\/\",\"url\":\"https:\/\/druidebio.com\/wp-content\/uploads\/2022\/08\/logo-fav.png\",\"contentUrl\":\"https:\/\/druidebio.com\/wp-content\/uploads\/2022\/08\/logo-fav.png\",\"width\":512,\"height\":512,\"caption\":\"Druide\"},\"image\":{\"@id\":\"https:\/\/druidebio.com\/fr\/#\/schema\/logo\/image\/\"},\"sameAs\":[\"https:\/\/www.facebook.com\/infodruide\",\"https:\/\/www.instagram.com\/druidebio\/\",\"https:\/\/www.pinterest.ca\/DruideBioCanada\/\",\"https:\/\/www.youtube.com\/user\/DRUIDECANADA\"]}]}<\/script>\n<!-- \/ Yoast SEO plugin. -->","yoast_head_json":{"title":"Beurre de Karit\u00e9 et Huile d\u2019Argan | Laboratoires Druide\u00ae | Bio For Life","description":"Notre baume multi-usage \u00e0 l'huile d'argan et au beurre de karit\u00e9 nourrit profond\u00e9ment la peau, les cheveux et les ongles, et laisse un parfum fleuri et bois\u00e9 envo\u00fbtant.","robots":{"index":"index","follow":"follow","max-snippet":"max-snippet:-1","max-image-preview":"max-image-preview:large","max-video-preview":"max-video-preview:-1"},"canonical":"https:\/\/druidebio.com\/fr\/produit\/beurre-de-karite-et-huile-dargan\/","og_locale":"fr_FR","og_type":"article","og_title":"Beurre de Karit\u00e9 et Huile d\u2019Argan | Laboratoires Druide\u00ae | Bio For Life","og_description":"Notre baume multi-usage \u00e0 l'huile d'argan et au beurre de karit\u00e9 nourrit profond\u00e9ment la peau, les cheveux et les ongles, et laisse un parfum fleuri et bois\u00e9 envo\u00fbtant.","og_url":"https:\/\/druidebio.com\/fr\/produit\/beurre-de-karite-et-huile-dargan\/","og_site_name":"Laboratoires Druide\u00ae | Bio For Life","article_publisher":"https:\/\/www.facebook.com\/infodruide","article_modified_time":"2026-05-03T17:40:07+00:00","og_image":[{"width":1200,"height":1200,"url":"https:\/\/druidebio.com\/wp-content\/uploads\/2022\/08\/druide-body-face-hair-care-pur-shea-butter-argan-oil-50g.jpg","type":"image\/jpeg"}],"twitter_card":"summary_large_image","schema":{"@context":"https:\/\/schema.org","@graph":[{"@type":["WebPage","ItemPage"],"@id":"https:\/\/druidebio.com\/fr\/produit\/beurre-de-karite-et-huile-dargan\/","url":"https:\/\/druidebio.com\/fr\/produit\/beurre-de-karite-et-huile-dargan\/","name":"Beurre de Karit\u00e9 et Huile d\u2019Argan | Laboratoires Druide\u00ae | Bio For Life","isPartOf":{"@id":"https:\/\/druidebio.com\/fr\/#website"},"primaryImageOfPage":{"@id":"https:\/\/druidebio.com\/fr\/produit\/beurre-de-karite-et-huile-dargan\/#primaryimage"},"image":{"@id":"https:\/\/druidebio.com\/fr\/produit\/beurre-de-karite-et-huile-dargan\/#primaryimage"},"thumbnailUrl":"https:\/\/druidebio.com\/wp-content\/uploads\/2022\/08\/druide-body-face-hair-care-pur-shea-butter-argan-oil-50g.jpg","datePublished":"2022-08-26T15:48:07+00:00","dateModified":"2026-05-03T17:40:07+00:00","description":"Notre baume multi-usage \u00e0 l'huile d'argan et au beurre de karit\u00e9 nourrit profond\u00e9ment la peau, les cheveux et les ongles, et laisse un parfum fleuri et bois\u00e9 envo\u00fbtant.","breadcrumb":{"@id":"https:\/\/druidebio.com\/fr\/produit\/beurre-de-karite-et-huile-dargan\/#breadcrumb"},"inLanguage":"fr-FR","potentialAction":[{"@type":"ReadAction","target":["https:\/\/druidebio.com\/fr\/produit\/beurre-de-karite-et-huile-dargan\/"]}]},{"@type":"ImageObject","inLanguage":"fr-FR","@id":"https:\/\/druidebio.com\/fr\/produit\/beurre-de-karite-et-huile-dargan\/#primaryimage","url":"https:\/\/druidebio.com\/wp-content\/uploads\/2022\/08\/druide-body-face-hair-care-pur-shea-butter-argan-oil-50g.jpg","contentUrl":"https:\/\/druidebio.com\/wp-content\/uploads\/2022\/08\/druide-body-face-hair-care-pur-shea-butter-argan-oil-50g.jpg","width":1200,"height":1200,"caption":"Beurre de Karit\u00e9 et Huile d\u2019Argan"},{"@type":"BreadcrumbList","@id":"https:\/\/druidebio.com\/fr\/produit\/beurre-de-karite-et-huile-dargan\/#breadcrumb","itemListElement":[{"@type":"ListItem","position":1,"name":"Home","item":"https:\/\/druidebio.com\/fr\/"},{"@type":"ListItem","position":2,"name":"Boutique","item":"https:\/\/druidebio.com\/fr\/boutique\/"},{"@type":"ListItem","position":3,"name":"Beurre de Karit\u00e9 et Huile d\u2019Argan"}]},{"@type":"WebSite","@id":"https:\/\/druidebio.com\/fr\/#website","url":"https:\/\/druidebio.com\/fr\/","name":"Laboratoires Druide\u00ae | Bio For Life","description":"Natural and Organic Products. ECOCERT\u00ae Certified.","publisher":{"@id":"https:\/\/druidebio.com\/fr\/#organization"},"alternateName":"Druide","potentialAction":[{"@type":"SearchAction","target":{"@type":"EntryPoint","urlTemplate":"https:\/\/druidebio.com\/fr\/?s={search_term_string}"},"query-input":{"@type":"PropertyValueSpecification","valueRequired":true,"valueName":"search_term_string"}}],"inLanguage":"fr-FR"},{"@type":"Organization","@id":"https:\/\/druidebio.com\/fr\/#organization","name":"Druide","alternateName":"Laboratoires Druide","url":"https:\/\/druidebio.com\/fr\/","logo":{"@type":"ImageObject","inLanguage":"fr-FR","@id":"https:\/\/druidebio.com\/fr\/#\/schema\/logo\/image\/","url":"https:\/\/druidebio.com\/wp-content\/uploads\/2022\/08\/logo-fav.png","contentUrl":"https:\/\/druidebio.com\/wp-content\/uploads\/2022\/08\/logo-fav.png","width":512,"height":512,"caption":"Druide"},"image":{"@id":"https:\/\/druidebio.com\/fr\/#\/schema\/logo\/image\/"},"sameAs":["https:\/\/www.facebook.com\/infodruide","https:\/\/www.instagram.com\/druidebio\/","https:\/\/www.pinterest.ca\/DruideBioCanada\/","https:\/\/www.youtube.com\/user\/DRUIDECANADA"]}]}},"_links":{"self":[{"href":"https:\/\/druidebio.com\/fr\/wp-json\/wp\/v2\/product\/2275","targetHints":{"allow":["GET"]}}],"collection":[{"href":"https:\/\/druidebio.com\/fr\/wp-json\/wp\/v2\/product"}],"about":[{"href":"https:\/\/druidebio.com\/fr\/wp-json\/wp\/v2\/types\/product"}],"replies":[{"embeddable":true,"href":"https:\/\/druidebio.com\/fr\/wp-json\/wp\/v2\/comments?post=2275"}],"wp:featuredmedia":[{"embeddable":true,"href":"https:\/\/druidebio.com\/fr\/wp-json\/wp\/v2\/media\/1650"}],"wp:attachment":[{"href":"https:\/\/druidebio.com\/fr\/wp-json\/wp\/v2\/media?parent=2275"}],"wp:term":[{"taxonomy":"product_brand","embeddable":true,"href":"https:\/\/druidebio.com\/fr\/wp-json\/wp\/v2\/product_brand?post=2275"},{"taxonomy":"product_cat","embeddable":true,"href":"https:\/\/druidebio.com\/fr\/wp-json\/wp\/v2\/product_cat?post=2275"},{"taxonomy":"product_tag","embeddable":true,"href":"https:\/\/druidebio.com\/fr\/wp-json\/wp\/v2\/product_tag?post=2275"},{"taxonomy":"giftcard-category","embeddable":true,"href":"https:\/\/druidebio.com\/fr\/wp-json\/wp\/v2\/giftcard-category?post=2275"}],"curies":[{"name":"wp","href":"https:\/\/api.w.org\/{rel}","templated":true}]}}