{"id":2255,"date":"2022-08-26T11:48:04","date_gmt":"2022-08-26T15:48:04","guid":{"rendered":"https:\/\/druide.wpengine.com\/product\/honey-shampoo\/"},"modified":"2026-04-13T15:01:48","modified_gmt":"2026-04-13T19:01:48","slug":"shampoing-au-miel","status":"publish","type":"product","link":"https:\/\/druidebio.com\/fr\/produit\/shampoing-au-miel\/","title":{"rendered":"Shampoing au Miel"},"content":{"rendered":"<h2>Shampoing bio apaisant au miel et \u00e0 l\u2019extrait de cannelle<\/h2>\n<p>D\u00e9couvrez le pouvoir doux et naturel de notre shampooing enrichi en miel nourrissant et en extrait de cannelle revitalisant.<\/p>\n<p>Le miel, naturellement riche en vitamines et min\u00e9raux, offre une hydratation profonde tout en pr\u00e9servant l&rsquo;\u00e9clat naturel des cheveux. Ses propri\u00e9t\u00e9s antibact\u00e9riennes apaisent le cuir chevelu, pr\u00e9viennent les irritations et favorisent la croissance des cheveux. Il est id\u00e9alement formul\u00e9 pour les cuirs chevelus sensibles et les cheveux normaux \u00e0 secs.<\/p>\n<p>Impr\u00e9gn\u00e9 d&rsquo;une odeur citronn\u00e9e relev\u00e9e par des notes de cannelle, chaque lavage devient un moment de fra\u00eecheur et de soin. Apr\u00e8s chaque utilisation, les cheveux se r\u00e9v\u00e8lent doux et brillants.<\/p>\n<p>Nous nous engageons \u00e0 vous offrir un produit qui respecte votre peau et l&rsquo;environnement. C&rsquo;est pourquoi ce shampoing certifi\u00e9 \u00c9cocert est biod\u00e9gradable, sans sulfates, sans alcool, sans silicones, sans parab\u00e8nes, sans PEG, sans gluten, sans OGM, sans perturbateurs endocriniens, sans goudron, sans quaternium, sans parfum et non test\u00e9 sur les animaux.<\/p>\n","protected":false},"excerpt":{"rendered":"<p>Le Shampoing Miel hydrate profond\u00e9ment et apaise les cuirs chevelus sensibles, laissant les cheveux brillants et doux.<\/p>\n<ul>\n<li class=\"bullet-arrow\"><strong>Texture <\/strong>: Gel<\/li>\n<li class=\"bullet-arrow\"><strong>Odeur <\/strong>: Citron, Cannelle<\/li>\n<li class=\"bullet-arrow\"><strong>Format <\/strong>: 250 ml \u2013 8.4 US Fl.oz<\/li>\n<\/ul>\n<div class=\"row row-full-width align-equal\"  id=\"row-1462632065\">\n\t<div id=\"col-1051329332\" class=\"col small-12 large-12\"  >\n\t\t\t\t<div class=\"col-inner\"  >\n\t\t\t\n\t\t\t\n\n  \n    <div class=\"row large-columns-8 medium-columns-8 small-columns-8 row-xsmall\" >\n  <div class=\"gallery-col col\" >\n          <div class=\"col-inner\">\n                        <div class=\"box has-hover gallery-box box-none\">\n              <div class=\"box-image\" >\n                <img width=\"1\" height=\"1\" src=\"https:\/\/druidebio.com\/wp-content\/uploads\/2023\/07\/EcoCert.svg\" class=\"attachment-medium size-medium\" alt=\"\" ids=\"861,868,864,863,865,862\" style=\"none\" lightbox=\"false\" col_spacing=\"xsmall\" columns=\"8\" columns__sm=\"8\" columns__md=\"8\" decoding=\"async\" loading=\"lazy\" \/>                                                              <\/div>\n              <div class=\"box-text text-left\" >\n                 <p><\/p>\n              <\/div>\n            <\/div>\n                      <\/div>\n         <\/div><div class=\"gallery-col col\" >\n          <div class=\"col-inner\">\n                        <div class=\"box has-hover gallery-box box-none\">\n              <div class=\"box-image\" >\n                <img width=\"1\" height=\"1\" src=\"https:\/\/druidebio.com\/wp-content\/uploads\/2023\/07\/Vegan.svg\" class=\"attachment-medium size-medium\" alt=\"\" ids=\"861,868,864,863,865,862\" style=\"none\" lightbox=\"false\" col_spacing=\"xsmall\" columns=\"8\" columns__sm=\"8\" columns__md=\"8\" decoding=\"async\" loading=\"lazy\" \/>                                                              <\/div>\n              <div class=\"box-text text-left\" >\n                 <p><\/p>\n              <\/div>\n            <\/div>\n                      <\/div>\n         <\/div><div class=\"gallery-col col\" >\n          <div class=\"col-inner\">\n                        <div class=\"box has-hover gallery-box box-none\">\n              <div class=\"box-image\" >\n                <img width=\"1\" height=\"1\" src=\"https:\/\/druidebio.com\/wp-content\/uploads\/2023\/07\/Not_Tested_Animals.svg\" class=\"attachment-medium size-medium\" alt=\"\" ids=\"861,868,864,863,865,862\" style=\"none\" lightbox=\"false\" col_spacing=\"xsmall\" columns=\"8\" columns__sm=\"8\" columns__md=\"8\" decoding=\"async\" loading=\"lazy\" \/>                                                              <\/div>\n              <div class=\"box-text text-left\" >\n                 <p><\/p>\n              <\/div>\n            <\/div>\n                      <\/div>\n         <\/div><div class=\"gallery-col col\" >\n          <div class=\"col-inner\">\n                        <div class=\"box has-hover gallery-box box-none\">\n              <div class=\"box-image\" >\n                <img width=\"1\" height=\"1\" src=\"https:\/\/druidebio.com\/wp-content\/uploads\/2023\/07\/NoGMO.svg\" class=\"attachment-medium size-medium\" alt=\"\" ids=\"861,868,864,863,865,862\" style=\"none\" lightbox=\"false\" col_spacing=\"xsmall\" columns=\"8\" columns__sm=\"8\" columns__md=\"8\" decoding=\"async\" loading=\"lazy\" \/>                                                              <\/div>\n              <div class=\"box-text text-left\" >\n                 <p><\/p>\n              <\/div>\n            <\/div>\n                      <\/div>\n         <\/div><div class=\"gallery-col col\" >\n          <div class=\"col-inner\">\n                        <div class=\"box has-hover gallery-box box-none\">\n              <div class=\"box-image\" >\n                <img width=\"1\" height=\"1\" src=\"https:\/\/druidebio.com\/wp-content\/uploads\/2023\/07\/Recyclable.svg\" class=\"attachment-medium size-medium\" alt=\"\" ids=\"861,868,864,863,865,862\" style=\"none\" lightbox=\"false\" col_spacing=\"xsmall\" columns=\"8\" columns__sm=\"8\" columns__md=\"8\" decoding=\"async\" loading=\"lazy\" \/>                                                              <\/div>\n              <div class=\"box-text text-left\" >\n                 <p><\/p>\n              <\/div>\n            <\/div>\n                      <\/div>\n         <\/div><div class=\"gallery-col col\" >\n          <div class=\"col-inner\">\n                        <div class=\"box has-hover gallery-box box-none\">\n              <div class=\"box-image\" >\n                <img width=\"1\" height=\"1\" src=\"https:\/\/druidebio.com\/wp-content\/uploads\/2023\/07\/Gluten_Free.svg\" class=\"attachment-medium size-medium\" alt=\"\" ids=\"861,868,864,863,865,862\" style=\"none\" lightbox=\"false\" col_spacing=\"xsmall\" columns=\"8\" columns__sm=\"8\" columns__md=\"8\" decoding=\"async\" loading=\"lazy\" \/>                                                              <\/div>\n              <div class=\"box-text text-left\" >\n                 <p><\/p>\n              <\/div>\n            <\/div>\n                      <\/div>\n         <\/div><\/div>\n\t\t<\/div>\n\t\t\t\t\t<\/div>\n\n\t<\/div>\n","protected":false},"featured_media":1724,"comment_status":"open","ping_status":"closed","template":"","meta":[],"product_brand":[],"product_cat":[103,125,95],"product_tag":[],"giftcard-category":[],"class_list":{"0":"post-2255","1":"product","2":"type-product","3":"status-publish","4":"has-post-thumbnail","6":"product_cat-druide-essentielle","7":"product_cat-shampooings-revitalisants","8":"product_cat-soins-capillaires","10":"first","11":"instock","12":"taxable","13":"shipping-taxable","14":"purchasable","15":"product-type-simple"},"yoast_head":"<!-- This site is optimized with the Yoast SEO plugin v27.1.1 - https:\/\/yoast.com\/product\/yoast-seo-wordpress\/ -->\n<title>Shampoing au Miel | Laboratoires Druide\u00ae | Bio For Life<\/title>\n<meta name=\"description\" content=\"Le Shampoing Miel hydrate profond\u00e9ment et apaise les cuirs chevelus sensibles, laissant les cheveux brillants et doux.\" \/>\n<meta name=\"robots\" content=\"index, follow, max-snippet:-1, max-image-preview:large, max-video-preview:-1\" \/>\n<link rel=\"canonical\" href=\"https:\/\/druidebio.com\/fr\/produit\/shampoing-au-miel\/\" \/>\n<meta property=\"og:locale\" content=\"fr_FR\" \/>\n<meta property=\"og:type\" content=\"article\" \/>\n<meta property=\"og:title\" content=\"Shampoing au Miel | Laboratoires Druide\u00ae | Bio For Life\" \/>\n<meta property=\"og:description\" content=\"Le Shampoing Miel hydrate profond\u00e9ment et apaise les cuirs chevelus sensibles, laissant les cheveux brillants et doux.\" \/>\n<meta property=\"og:url\" content=\"https:\/\/druidebio.com\/fr\/produit\/shampoing-au-miel\/\" \/>\n<meta property=\"og:site_name\" content=\"Laboratoires Druide\u00ae | Bio For Life\" \/>\n<meta property=\"article:publisher\" content=\"https:\/\/www.facebook.com\/infodruide\" \/>\n<meta property=\"article:modified_time\" content=\"2026-04-13T19:01:48+00:00\" \/>\n<meta property=\"og:image\" content=\"https:\/\/druidebio.com\/wp-content\/uploads\/2022\/08\/druide-hair-care-shampoo-honey-tea-green-revive-activate-sensitive-dry-250ml-8.4oz-bottle.jpg\" \/>\n\t<meta property=\"og:image:width\" content=\"1200\" \/>\n\t<meta property=\"og:image:height\" content=\"1200\" \/>\n\t<meta property=\"og:image:type\" content=\"image\/jpeg\" \/>\n<meta name=\"twitter:card\" content=\"summary_large_image\" \/>\n<script type=\"application\/ld+json\" class=\"yoast-schema-graph\">{\"@context\":\"https:\/\/schema.org\",\"@graph\":[{\"@type\":[\"WebPage\",\"ItemPage\"],\"@id\":\"https:\/\/druidebio.com\/fr\/produit\/shampoing-au-miel\/\",\"url\":\"https:\/\/druidebio.com\/fr\/produit\/shampoing-au-miel\/\",\"name\":\"Shampoing au Miel | Laboratoires Druide\u00ae | Bio For Life\",\"isPartOf\":{\"@id\":\"https:\/\/druidebio.com\/fr\/#website\"},\"primaryImageOfPage\":{\"@id\":\"https:\/\/druidebio.com\/fr\/produit\/shampoing-au-miel\/#primaryimage\"},\"image\":{\"@id\":\"https:\/\/druidebio.com\/fr\/produit\/shampoing-au-miel\/#primaryimage\"},\"thumbnailUrl\":\"https:\/\/druidebio.com\/wp-content\/uploads\/2022\/08\/druide-hair-care-shampoo-honey-tea-green-revive-activate-sensitive-dry-250ml-8.4oz-bottle.jpg\",\"datePublished\":\"2022-08-26T15:48:04+00:00\",\"dateModified\":\"2026-04-13T19:01:48+00:00\",\"description\":\"Le Shampoing Miel hydrate profond\u00e9ment et apaise les cuirs chevelus sensibles, laissant les cheveux brillants et doux.\",\"breadcrumb\":{\"@id\":\"https:\/\/druidebio.com\/fr\/produit\/shampoing-au-miel\/#breadcrumb\"},\"inLanguage\":\"fr-FR\",\"potentialAction\":[{\"@type\":\"ReadAction\",\"target\":[\"https:\/\/druidebio.com\/fr\/produit\/shampoing-au-miel\/\"]}]},{\"@type\":\"ImageObject\",\"inLanguage\":\"fr-FR\",\"@id\":\"https:\/\/druidebio.com\/fr\/produit\/shampoing-au-miel\/#primaryimage\",\"url\":\"https:\/\/druidebio.com\/wp-content\/uploads\/2022\/08\/druide-hair-care-shampoo-honey-tea-green-revive-activate-sensitive-dry-250ml-8.4oz-bottle.jpg\",\"contentUrl\":\"https:\/\/druidebio.com\/wp-content\/uploads\/2022\/08\/druide-hair-care-shampoo-honey-tea-green-revive-activate-sensitive-dry-250ml-8.4oz-bottle.jpg\",\"width\":1200,\"height\":1200,\"caption\":\"Shampoing au Miel\"},{\"@type\":\"BreadcrumbList\",\"@id\":\"https:\/\/druidebio.com\/fr\/produit\/shampoing-au-miel\/#breadcrumb\",\"itemListElement\":[{\"@type\":\"ListItem\",\"position\":1,\"name\":\"Home\",\"item\":\"https:\/\/druidebio.com\/fr\/\"},{\"@type\":\"ListItem\",\"position\":2,\"name\":\"Boutique\",\"item\":\"https:\/\/druidebio.com\/fr\/boutique\/\"},{\"@type\":\"ListItem\",\"position\":3,\"name\":\"Shampoing au Miel\"}]},{\"@type\":\"WebSite\",\"@id\":\"https:\/\/druidebio.com\/fr\/#website\",\"url\":\"https:\/\/druidebio.com\/fr\/\",\"name\":\"Laboratoires Druide\u00ae | Bio For Life\",\"description\":\"Natural and Organic Products. ECOCERT\u00ae Certified.\",\"publisher\":{\"@id\":\"https:\/\/druidebio.com\/fr\/#organization\"},\"alternateName\":\"Druide\",\"potentialAction\":[{\"@type\":\"SearchAction\",\"target\":{\"@type\":\"EntryPoint\",\"urlTemplate\":\"https:\/\/druidebio.com\/fr\/?s={search_term_string}\"},\"query-input\":{\"@type\":\"PropertyValueSpecification\",\"valueRequired\":true,\"valueName\":\"search_term_string\"}}],\"inLanguage\":\"fr-FR\"},{\"@type\":\"Organization\",\"@id\":\"https:\/\/druidebio.com\/fr\/#organization\",\"name\":\"Druide\",\"alternateName\":\"Laboratoires Druide\",\"url\":\"https:\/\/druidebio.com\/fr\/\",\"logo\":{\"@type\":\"ImageObject\",\"inLanguage\":\"fr-FR\",\"@id\":\"https:\/\/druidebio.com\/fr\/#\/schema\/logo\/image\/\",\"url\":\"https:\/\/druidebio.com\/wp-content\/uploads\/2022\/08\/logo-fav.png\",\"contentUrl\":\"https:\/\/druidebio.com\/wp-content\/uploads\/2022\/08\/logo-fav.png\",\"width\":512,\"height\":512,\"caption\":\"Druide\"},\"image\":{\"@id\":\"https:\/\/druidebio.com\/fr\/#\/schema\/logo\/image\/\"},\"sameAs\":[\"https:\/\/www.facebook.com\/infodruide\",\"https:\/\/www.instagram.com\/druidebio\/\",\"https:\/\/www.pinterest.ca\/DruideBioCanada\/\",\"https:\/\/www.youtube.com\/user\/DRUIDECANADA\"]}]}<\/script>\n<!-- \/ Yoast SEO plugin. -->","yoast_head_json":{"title":"Shampoing au Miel | Laboratoires Druide\u00ae | Bio For Life","description":"Le Shampoing Miel hydrate profond\u00e9ment et apaise les cuirs chevelus sensibles, laissant les cheveux brillants et doux.","robots":{"index":"index","follow":"follow","max-snippet":"max-snippet:-1","max-image-preview":"max-image-preview:large","max-video-preview":"max-video-preview:-1"},"canonical":"https:\/\/druidebio.com\/fr\/produit\/shampoing-au-miel\/","og_locale":"fr_FR","og_type":"article","og_title":"Shampoing au Miel | Laboratoires Druide\u00ae | Bio For Life","og_description":"Le Shampoing Miel hydrate profond\u00e9ment et apaise les cuirs chevelus sensibles, laissant les cheveux brillants et doux.","og_url":"https:\/\/druidebio.com\/fr\/produit\/shampoing-au-miel\/","og_site_name":"Laboratoires Druide\u00ae | Bio For Life","article_publisher":"https:\/\/www.facebook.com\/infodruide","article_modified_time":"2026-04-13T19:01:48+00:00","og_image":[{"width":1200,"height":1200,"url":"https:\/\/druidebio.com\/wp-content\/uploads\/2022\/08\/druide-hair-care-shampoo-honey-tea-green-revive-activate-sensitive-dry-250ml-8.4oz-bottle.jpg","type":"image\/jpeg"}],"twitter_card":"summary_large_image","schema":{"@context":"https:\/\/schema.org","@graph":[{"@type":["WebPage","ItemPage"],"@id":"https:\/\/druidebio.com\/fr\/produit\/shampoing-au-miel\/","url":"https:\/\/druidebio.com\/fr\/produit\/shampoing-au-miel\/","name":"Shampoing au Miel | Laboratoires Druide\u00ae | Bio For Life","isPartOf":{"@id":"https:\/\/druidebio.com\/fr\/#website"},"primaryImageOfPage":{"@id":"https:\/\/druidebio.com\/fr\/produit\/shampoing-au-miel\/#primaryimage"},"image":{"@id":"https:\/\/druidebio.com\/fr\/produit\/shampoing-au-miel\/#primaryimage"},"thumbnailUrl":"https:\/\/druidebio.com\/wp-content\/uploads\/2022\/08\/druide-hair-care-shampoo-honey-tea-green-revive-activate-sensitive-dry-250ml-8.4oz-bottle.jpg","datePublished":"2022-08-26T15:48:04+00:00","dateModified":"2026-04-13T19:01:48+00:00","description":"Le Shampoing Miel hydrate profond\u00e9ment et apaise les cuirs chevelus sensibles, laissant les cheveux brillants et doux.","breadcrumb":{"@id":"https:\/\/druidebio.com\/fr\/produit\/shampoing-au-miel\/#breadcrumb"},"inLanguage":"fr-FR","potentialAction":[{"@type":"ReadAction","target":["https:\/\/druidebio.com\/fr\/produit\/shampoing-au-miel\/"]}]},{"@type":"ImageObject","inLanguage":"fr-FR","@id":"https:\/\/druidebio.com\/fr\/produit\/shampoing-au-miel\/#primaryimage","url":"https:\/\/druidebio.com\/wp-content\/uploads\/2022\/08\/druide-hair-care-shampoo-honey-tea-green-revive-activate-sensitive-dry-250ml-8.4oz-bottle.jpg","contentUrl":"https:\/\/druidebio.com\/wp-content\/uploads\/2022\/08\/druide-hair-care-shampoo-honey-tea-green-revive-activate-sensitive-dry-250ml-8.4oz-bottle.jpg","width":1200,"height":1200,"caption":"Shampoing au Miel"},{"@type":"BreadcrumbList","@id":"https:\/\/druidebio.com\/fr\/produit\/shampoing-au-miel\/#breadcrumb","itemListElement":[{"@type":"ListItem","position":1,"name":"Home","item":"https:\/\/druidebio.com\/fr\/"},{"@type":"ListItem","position":2,"name":"Boutique","item":"https:\/\/druidebio.com\/fr\/boutique\/"},{"@type":"ListItem","position":3,"name":"Shampoing au Miel"}]},{"@type":"WebSite","@id":"https:\/\/druidebio.com\/fr\/#website","url":"https:\/\/druidebio.com\/fr\/","name":"Laboratoires Druide\u00ae | Bio For Life","description":"Natural and Organic Products. ECOCERT\u00ae Certified.","publisher":{"@id":"https:\/\/druidebio.com\/fr\/#organization"},"alternateName":"Druide","potentialAction":[{"@type":"SearchAction","target":{"@type":"EntryPoint","urlTemplate":"https:\/\/druidebio.com\/fr\/?s={search_term_string}"},"query-input":{"@type":"PropertyValueSpecification","valueRequired":true,"valueName":"search_term_string"}}],"inLanguage":"fr-FR"},{"@type":"Organization","@id":"https:\/\/druidebio.com\/fr\/#organization","name":"Druide","alternateName":"Laboratoires Druide","url":"https:\/\/druidebio.com\/fr\/","logo":{"@type":"ImageObject","inLanguage":"fr-FR","@id":"https:\/\/druidebio.com\/fr\/#\/schema\/logo\/image\/","url":"https:\/\/druidebio.com\/wp-content\/uploads\/2022\/08\/logo-fav.png","contentUrl":"https:\/\/druidebio.com\/wp-content\/uploads\/2022\/08\/logo-fav.png","width":512,"height":512,"caption":"Druide"},"image":{"@id":"https:\/\/druidebio.com\/fr\/#\/schema\/logo\/image\/"},"sameAs":["https:\/\/www.facebook.com\/infodruide","https:\/\/www.instagram.com\/druidebio\/","https:\/\/www.pinterest.ca\/DruideBioCanada\/","https:\/\/www.youtube.com\/user\/DRUIDECANADA"]}]}},"_links":{"self":[{"href":"https:\/\/druidebio.com\/fr\/wp-json\/wp\/v2\/product\/2255","targetHints":{"allow":["GET"]}}],"collection":[{"href":"https:\/\/druidebio.com\/fr\/wp-json\/wp\/v2\/product"}],"about":[{"href":"https:\/\/druidebio.com\/fr\/wp-json\/wp\/v2\/types\/product"}],"replies":[{"embeddable":true,"href":"https:\/\/druidebio.com\/fr\/wp-json\/wp\/v2\/comments?post=2255"}],"wp:featuredmedia":[{"embeddable":true,"href":"https:\/\/druidebio.com\/fr\/wp-json\/wp\/v2\/media\/1724"}],"wp:attachment":[{"href":"https:\/\/druidebio.com\/fr\/wp-json\/wp\/v2\/media?parent=2255"}],"wp:term":[{"taxonomy":"product_brand","embeddable":true,"href":"https:\/\/druidebio.com\/fr\/wp-json\/wp\/v2\/product_brand?post=2255"},{"taxonomy":"product_cat","embeddable":true,"href":"https:\/\/druidebio.com\/fr\/wp-json\/wp\/v2\/product_cat?post=2255"},{"taxonomy":"product_tag","embeddable":true,"href":"https:\/\/druidebio.com\/fr\/wp-json\/wp\/v2\/product_tag?post=2255"},{"taxonomy":"giftcard-category","embeddable":true,"href":"https:\/\/druidebio.com\/fr\/wp-json\/wp\/v2\/giftcard-category?post=2255"}],"curies":[{"name":"wp","href":"https:\/\/api.w.org\/{rel}","templated":true}]}}