{"id":2247,"date":"2022-08-26T11:48:04","date_gmt":"2022-08-26T15:48:04","guid":{"rendered":"https:\/\/druide.wpengine.com\/product\/tea-tree-oil-care-shampoo\/"},"modified":"2026-03-31T20:14:21","modified_gmt":"2026-04-01T00:14:21","slug":"shampoing-melaleuque","status":"publish","type":"product","link":"https:\/\/druidebio.com\/fr\/produit\/shampoing-melaleuque\/","title":{"rendered":"Shampoing M\u00e9laleuque"},"content":{"rendered":"<h2>Shampooing purifiant pour des cheveux brillants et sans pellicules<\/h2>\n<p>Notre shampoing bio M\u00e9laleuque est sp\u00e9cialement formul\u00e9 pour assainir. Gr\u00e2ce \u00e0 sa composition riche en extraits de plantes et en huile essentielle d&rsquo;arbre \u00e0 th\u00e9, il nettoie et purifie le cuir chevelu tout en le prot\u00e9geant des agressions ext\u00e9rieures. Apr\u00e8s chaque utilisation, vos cheveux retrouvent \u00e9quilibre et sant\u00e9.<\/p>\n<p>L&rsquo;extrait d&rsquo;ortie et l&rsquo;huile essentielle d&rsquo;arbre \u00e0 th\u00e9 agissent pour purifier le cuir chevelu, tandis que l&rsquo;arginine offre une hydratation profonde \u00e0 chaque m\u00e8che. De plus, l&rsquo;huile essentielle de lavande r\u00e9gule la production de s\u00e9bum, permettant \u00e0 vos cheveux de rester frais plus longtemps sans les ass\u00e9cher. Les huiles essentielles d&rsquo;arbre \u00e0 th\u00e9 et de lavande, associ\u00e9es \u00e0 l&rsquo;extrait de thym, luttent efficacement contre les champignons nuisibles responsables des pellicules et des d\u00e9mangeaisons. Choisissez cette solution naturelle et bio pour des cheveux sains, brillants et d\u00e9barrass\u00e9s de pellicules.<\/p>\n<p>Nous nous engageons \u00e0 vous offrir un produit qui respecte votre peau et l&rsquo;environnement. C&rsquo;est pourquoi ce shampoing certifi\u00e9 \u00c9cocert est 100 % v\u00e9g\u00e9tal (Vegan), biod\u00e9gradable, sans sulfates, sans alcool, sans silicones, sans parab\u00e8nes, sans PEG, sans gluten, sans OGM, sans perturbateurs endocriniens, sans goudron, sans quaternium et sans parfum. De plus, nos produits ne sont pas test\u00e9s sur les animaux, car nous soutenons l&rsquo;\u00e9thique animale.<\/p>\n","protected":false},"excerpt":{"rendered":"<p>Notre Shampoing M\u00e9laleuque assainit le cuir chevelu : r\u00e9duit les d\u00e9mangeaisons, r\u00e9gules s\u00e9bum et pellicules. Au fur et \u00e0 mesure de son utilisation, retrouvez un cuir chevelu purifi\u00e9 et sain.<\/p>\n<ul>\n<li class=\"bullet-arrow\"><strong>Texture <\/strong>: Gel<\/li>\n<li class=\"bullet-arrow\"><strong>Odeur <\/strong>: M\u00e9laleuque<\/li>\n<li class=\"bullet-arrow\"><strong>Format <\/strong>: 250 ml \u2013 8.4 US Fl.oz<\/li>\n<\/ul>\n<div class=\"row row-full-width align-equal\"  id=\"row-1524445933\">\n\t<div id=\"col-888410055\" class=\"col small-12 large-12\"  >\n\t\t\t\t<div class=\"col-inner\"  >\n\t\t\t\n\t\t\t\n\n  \n    <div class=\"row large-columns-8 medium-columns-8 small-columns-8 row-xsmall\" >\n  <div class=\"gallery-col col\" >\n          <div class=\"col-inner\">\n                        <div class=\"box has-hover gallery-box box-none\">\n              <div class=\"box-image\" >\n                <img width=\"1\" height=\"1\" src=\"https:\/\/druidebio.com\/wp-content\/uploads\/2023\/07\/EcoCert.svg\" class=\"attachment-medium size-medium\" alt=\"\" ids=\"861,868,864,863,865,862\" style=\"none\" lightbox=\"false\" col_spacing=\"xsmall\" columns=\"8\" columns__sm=\"8\" columns__md=\"8\" decoding=\"async\" loading=\"lazy\" \/>                                                              <\/div>\n              <div class=\"box-text text-left\" >\n                 <p><\/p>\n              <\/div>\n            <\/div>\n                      <\/div>\n         <\/div><div class=\"gallery-col col\" >\n          <div class=\"col-inner\">\n                        <div class=\"box has-hover gallery-box box-none\">\n              <div class=\"box-image\" >\n                <img width=\"1\" height=\"1\" src=\"https:\/\/druidebio.com\/wp-content\/uploads\/2023\/07\/Vegan.svg\" class=\"attachment-medium size-medium\" alt=\"\" ids=\"861,868,864,863,865,862\" style=\"none\" lightbox=\"false\" col_spacing=\"xsmall\" columns=\"8\" columns__sm=\"8\" columns__md=\"8\" decoding=\"async\" loading=\"lazy\" \/>                                                              <\/div>\n              <div class=\"box-text text-left\" >\n                 <p><\/p>\n              <\/div>\n            <\/div>\n                      <\/div>\n         <\/div><div class=\"gallery-col col\" >\n          <div class=\"col-inner\">\n                        <div class=\"box has-hover gallery-box box-none\">\n              <div class=\"box-image\" >\n                <img width=\"1\" height=\"1\" src=\"https:\/\/druidebio.com\/wp-content\/uploads\/2023\/07\/Not_Tested_Animals.svg\" class=\"attachment-medium size-medium\" alt=\"\" ids=\"861,868,864,863,865,862\" style=\"none\" lightbox=\"false\" col_spacing=\"xsmall\" columns=\"8\" columns__sm=\"8\" columns__md=\"8\" decoding=\"async\" loading=\"lazy\" \/>                                                              <\/div>\n              <div class=\"box-text text-left\" >\n                 <p><\/p>\n              <\/div>\n            <\/div>\n                      <\/div>\n         <\/div><div class=\"gallery-col col\" >\n          <div class=\"col-inner\">\n                        <div class=\"box has-hover gallery-box box-none\">\n              <div class=\"box-image\" >\n                <img width=\"1\" height=\"1\" src=\"https:\/\/druidebio.com\/wp-content\/uploads\/2023\/07\/NoGMO.svg\" class=\"attachment-medium size-medium\" alt=\"\" ids=\"861,868,864,863,865,862\" style=\"none\" lightbox=\"false\" col_spacing=\"xsmall\" columns=\"8\" columns__sm=\"8\" columns__md=\"8\" decoding=\"async\" loading=\"lazy\" \/>                                                              <\/div>\n              <div class=\"box-text text-left\" >\n                 <p><\/p>\n              <\/div>\n            <\/div>\n                      <\/div>\n         <\/div><div class=\"gallery-col col\" >\n          <div class=\"col-inner\">\n                        <div class=\"box has-hover gallery-box box-none\">\n              <div class=\"box-image\" >\n                <img width=\"1\" height=\"1\" src=\"https:\/\/druidebio.com\/wp-content\/uploads\/2023\/07\/Recyclable.svg\" class=\"attachment-medium size-medium\" alt=\"\" ids=\"861,868,864,863,865,862\" style=\"none\" lightbox=\"false\" col_spacing=\"xsmall\" columns=\"8\" columns__sm=\"8\" columns__md=\"8\" decoding=\"async\" loading=\"lazy\" \/>                                                              <\/div>\n              <div class=\"box-text text-left\" >\n                 <p><\/p>\n              <\/div>\n            <\/div>\n                      <\/div>\n         <\/div><div class=\"gallery-col col\" >\n          <div class=\"col-inner\">\n                        <div class=\"box has-hover gallery-box box-none\">\n              <div class=\"box-image\" >\n                <img width=\"1\" height=\"1\" src=\"https:\/\/druidebio.com\/wp-content\/uploads\/2023\/07\/Gluten_Free.svg\" class=\"attachment-medium size-medium\" alt=\"\" ids=\"861,868,864,863,865,862\" style=\"none\" lightbox=\"false\" col_spacing=\"xsmall\" columns=\"8\" columns__sm=\"8\" columns__md=\"8\" decoding=\"async\" loading=\"lazy\" \/>                                                              <\/div>\n              <div class=\"box-text text-left\" >\n                 <p><\/p>\n              <\/div>\n            <\/div>\n                      <\/div>\n         <\/div><\/div>\n\t\t<\/div>\n\t\t\t\t\t<\/div>\n\n\t<\/div>\n","protected":false},"featured_media":1718,"comment_status":"open","ping_status":"closed","template":"","meta":[],"product_brand":[],"product_cat":[103,125,95],"product_tag":[],"giftcard-category":[],"class_list":{"0":"post-2247","1":"product","2":"type-product","3":"status-publish","4":"has-post-thumbnail","6":"product_cat-druide-essentielle","7":"product_cat-shampooings-revitalisants","8":"product_cat-soins-capillaires","10":"first","11":"instock","12":"taxable","13":"shipping-taxable","14":"purchasable","15":"product-type-simple"},"yoast_head":"<!-- This site is optimized with the Yoast SEO plugin v27.1.1 - https:\/\/yoast.com\/product\/yoast-seo-wordpress\/ -->\n<title>Shampoing M\u00e9laleuque | Laboratoires Druide\u00ae | Bio For Life<\/title>\n<meta name=\"description\" content=\"Notre Shampoing M\u00e9laleuque assainit le cuir chevelu : r\u00e9duit les d\u00e9mangeaisons, r\u00e9gules s\u00e9bum et pellicules. Au fur et \u00e0 mesure de son utilisation, retrouvez un cuir chevelu purifi\u00e9 et sain.\" \/>\n<meta name=\"robots\" content=\"index, follow, max-snippet:-1, max-image-preview:large, max-video-preview:-1\" \/>\n<link rel=\"canonical\" href=\"https:\/\/druidebio.com\/fr\/produit\/shampoing-melaleuque\/\" \/>\n<meta property=\"og:locale\" content=\"fr_FR\" \/>\n<meta property=\"og:type\" content=\"article\" \/>\n<meta property=\"og:title\" content=\"Shampoing M\u00e9laleuque | Laboratoires Druide\u00ae | Bio For Life\" \/>\n<meta property=\"og:description\" content=\"Notre Shampoing M\u00e9laleuque assainit le cuir chevelu : r\u00e9duit les d\u00e9mangeaisons, r\u00e9gules s\u00e9bum et pellicules. Au fur et \u00e0 mesure de son utilisation, retrouvez un cuir chevelu purifi\u00e9 et sain.\" \/>\n<meta property=\"og:url\" content=\"https:\/\/druidebio.com\/fr\/produit\/shampoing-melaleuque\/\" \/>\n<meta property=\"og:site_name\" content=\"Laboratoires Druide\u00ae | Bio For Life\" \/>\n<meta property=\"article:publisher\" content=\"https:\/\/www.facebook.com\/infodruide\" \/>\n<meta property=\"article:modified_time\" content=\"2026-04-01T00:14:21+00:00\" \/>\n<meta property=\"og:image\" content=\"https:\/\/druidebio.com\/wp-content\/uploads\/2022\/08\/druide-hair-care-shampoo-tea-tree-loose-dandruff-250ml-8.4oz-bottle.jpg\" \/>\n\t<meta property=\"og:image:width\" content=\"1200\" \/>\n\t<meta property=\"og:image:height\" content=\"1200\" \/>\n\t<meta property=\"og:image:type\" content=\"image\/jpeg\" \/>\n<meta name=\"twitter:card\" content=\"summary_large_image\" \/>\n<script type=\"application\/ld+json\" class=\"yoast-schema-graph\">{\"@context\":\"https:\/\/schema.org\",\"@graph\":[{\"@type\":[\"WebPage\",\"ItemPage\"],\"@id\":\"https:\/\/druidebio.com\/fr\/produit\/shampoing-melaleuque\/\",\"url\":\"https:\/\/druidebio.com\/fr\/produit\/shampoing-melaleuque\/\",\"name\":\"Shampoing M\u00e9laleuque | Laboratoires Druide\u00ae | Bio For Life\",\"isPartOf\":{\"@id\":\"https:\/\/druidebio.com\/fr\/#website\"},\"primaryImageOfPage\":{\"@id\":\"https:\/\/druidebio.com\/fr\/produit\/shampoing-melaleuque\/#primaryimage\"},\"image\":{\"@id\":\"https:\/\/druidebio.com\/fr\/produit\/shampoing-melaleuque\/#primaryimage\"},\"thumbnailUrl\":\"https:\/\/druidebio.com\/wp-content\/uploads\/2022\/08\/druide-hair-care-shampoo-tea-tree-loose-dandruff-250ml-8.4oz-bottle.jpg\",\"datePublished\":\"2022-08-26T15:48:04+00:00\",\"dateModified\":\"2026-04-01T00:14:21+00:00\",\"description\":\"Notre Shampoing M\u00e9laleuque assainit le cuir chevelu : r\u00e9duit les d\u00e9mangeaisons, r\u00e9gules s\u00e9bum et pellicules. Au fur et \u00e0 mesure de son utilisation, retrouvez un cuir chevelu purifi\u00e9 et sain.\",\"breadcrumb\":{\"@id\":\"https:\/\/druidebio.com\/fr\/produit\/shampoing-melaleuque\/#breadcrumb\"},\"inLanguage\":\"fr-FR\",\"potentialAction\":[{\"@type\":\"ReadAction\",\"target\":[\"https:\/\/druidebio.com\/fr\/produit\/shampoing-melaleuque\/\"]}]},{\"@type\":\"ImageObject\",\"inLanguage\":\"fr-FR\",\"@id\":\"https:\/\/druidebio.com\/fr\/produit\/shampoing-melaleuque\/#primaryimage\",\"url\":\"https:\/\/druidebio.com\/wp-content\/uploads\/2022\/08\/druide-hair-care-shampoo-tea-tree-loose-dandruff-250ml-8.4oz-bottle.jpg\",\"contentUrl\":\"https:\/\/druidebio.com\/wp-content\/uploads\/2022\/08\/druide-hair-care-shampoo-tea-tree-loose-dandruff-250ml-8.4oz-bottle.jpg\",\"width\":1200,\"height\":1200,\"caption\":\"Shampoing M\u00e9laleuque\"},{\"@type\":\"BreadcrumbList\",\"@id\":\"https:\/\/druidebio.com\/fr\/produit\/shampoing-melaleuque\/#breadcrumb\",\"itemListElement\":[{\"@type\":\"ListItem\",\"position\":1,\"name\":\"Home\",\"item\":\"https:\/\/druidebio.com\/fr\/\"},{\"@type\":\"ListItem\",\"position\":2,\"name\":\"Boutique\",\"item\":\"https:\/\/druidebio.com\/fr\/boutique\/\"},{\"@type\":\"ListItem\",\"position\":3,\"name\":\"Shampoing M\u00e9laleuque\"}]},{\"@type\":\"WebSite\",\"@id\":\"https:\/\/druidebio.com\/fr\/#website\",\"url\":\"https:\/\/druidebio.com\/fr\/\",\"name\":\"Laboratoires Druide\u00ae | Bio For Life\",\"description\":\"Natural and Organic Products. ECOCERT\u00ae Certified.\",\"publisher\":{\"@id\":\"https:\/\/druidebio.com\/fr\/#organization\"},\"alternateName\":\"Druide\",\"potentialAction\":[{\"@type\":\"SearchAction\",\"target\":{\"@type\":\"EntryPoint\",\"urlTemplate\":\"https:\/\/druidebio.com\/fr\/?s={search_term_string}\"},\"query-input\":{\"@type\":\"PropertyValueSpecification\",\"valueRequired\":true,\"valueName\":\"search_term_string\"}}],\"inLanguage\":\"fr-FR\"},{\"@type\":\"Organization\",\"@id\":\"https:\/\/druidebio.com\/fr\/#organization\",\"name\":\"Druide\",\"alternateName\":\"Laboratoires Druide\",\"url\":\"https:\/\/druidebio.com\/fr\/\",\"logo\":{\"@type\":\"ImageObject\",\"inLanguage\":\"fr-FR\",\"@id\":\"https:\/\/druidebio.com\/fr\/#\/schema\/logo\/image\/\",\"url\":\"https:\/\/druidebio.com\/wp-content\/uploads\/2022\/08\/logo-fav.png\",\"contentUrl\":\"https:\/\/druidebio.com\/wp-content\/uploads\/2022\/08\/logo-fav.png\",\"width\":512,\"height\":512,\"caption\":\"Druide\"},\"image\":{\"@id\":\"https:\/\/druidebio.com\/fr\/#\/schema\/logo\/image\/\"},\"sameAs\":[\"https:\/\/www.facebook.com\/infodruide\",\"https:\/\/www.instagram.com\/druidebio\/\",\"https:\/\/www.pinterest.ca\/DruideBioCanada\/\",\"https:\/\/www.youtube.com\/user\/DRUIDECANADA\"]}]}<\/script>\n<!-- \/ Yoast SEO plugin. -->","yoast_head_json":{"title":"Shampoing M\u00e9laleuque | Laboratoires Druide\u00ae | Bio For Life","description":"Notre Shampoing M\u00e9laleuque assainit le cuir chevelu : r\u00e9duit les d\u00e9mangeaisons, r\u00e9gules s\u00e9bum et pellicules. Au fur et \u00e0 mesure de son utilisation, retrouvez un cuir chevelu purifi\u00e9 et sain.","robots":{"index":"index","follow":"follow","max-snippet":"max-snippet:-1","max-image-preview":"max-image-preview:large","max-video-preview":"max-video-preview:-1"},"canonical":"https:\/\/druidebio.com\/fr\/produit\/shampoing-melaleuque\/","og_locale":"fr_FR","og_type":"article","og_title":"Shampoing M\u00e9laleuque | Laboratoires Druide\u00ae | Bio For Life","og_description":"Notre Shampoing M\u00e9laleuque assainit le cuir chevelu : r\u00e9duit les d\u00e9mangeaisons, r\u00e9gules s\u00e9bum et pellicules. Au fur et \u00e0 mesure de son utilisation, retrouvez un cuir chevelu purifi\u00e9 et sain.","og_url":"https:\/\/druidebio.com\/fr\/produit\/shampoing-melaleuque\/","og_site_name":"Laboratoires Druide\u00ae | Bio For Life","article_publisher":"https:\/\/www.facebook.com\/infodruide","article_modified_time":"2026-04-01T00:14:21+00:00","og_image":[{"width":1200,"height":1200,"url":"https:\/\/druidebio.com\/wp-content\/uploads\/2022\/08\/druide-hair-care-shampoo-tea-tree-loose-dandruff-250ml-8.4oz-bottle.jpg","type":"image\/jpeg"}],"twitter_card":"summary_large_image","schema":{"@context":"https:\/\/schema.org","@graph":[{"@type":["WebPage","ItemPage"],"@id":"https:\/\/druidebio.com\/fr\/produit\/shampoing-melaleuque\/","url":"https:\/\/druidebio.com\/fr\/produit\/shampoing-melaleuque\/","name":"Shampoing M\u00e9laleuque | Laboratoires Druide\u00ae | Bio For Life","isPartOf":{"@id":"https:\/\/druidebio.com\/fr\/#website"},"primaryImageOfPage":{"@id":"https:\/\/druidebio.com\/fr\/produit\/shampoing-melaleuque\/#primaryimage"},"image":{"@id":"https:\/\/druidebio.com\/fr\/produit\/shampoing-melaleuque\/#primaryimage"},"thumbnailUrl":"https:\/\/druidebio.com\/wp-content\/uploads\/2022\/08\/druide-hair-care-shampoo-tea-tree-loose-dandruff-250ml-8.4oz-bottle.jpg","datePublished":"2022-08-26T15:48:04+00:00","dateModified":"2026-04-01T00:14:21+00:00","description":"Notre Shampoing M\u00e9laleuque assainit le cuir chevelu : r\u00e9duit les d\u00e9mangeaisons, r\u00e9gules s\u00e9bum et pellicules. Au fur et \u00e0 mesure de son utilisation, retrouvez un cuir chevelu purifi\u00e9 et sain.","breadcrumb":{"@id":"https:\/\/druidebio.com\/fr\/produit\/shampoing-melaleuque\/#breadcrumb"},"inLanguage":"fr-FR","potentialAction":[{"@type":"ReadAction","target":["https:\/\/druidebio.com\/fr\/produit\/shampoing-melaleuque\/"]}]},{"@type":"ImageObject","inLanguage":"fr-FR","@id":"https:\/\/druidebio.com\/fr\/produit\/shampoing-melaleuque\/#primaryimage","url":"https:\/\/druidebio.com\/wp-content\/uploads\/2022\/08\/druide-hair-care-shampoo-tea-tree-loose-dandruff-250ml-8.4oz-bottle.jpg","contentUrl":"https:\/\/druidebio.com\/wp-content\/uploads\/2022\/08\/druide-hair-care-shampoo-tea-tree-loose-dandruff-250ml-8.4oz-bottle.jpg","width":1200,"height":1200,"caption":"Shampoing M\u00e9laleuque"},{"@type":"BreadcrumbList","@id":"https:\/\/druidebio.com\/fr\/produit\/shampoing-melaleuque\/#breadcrumb","itemListElement":[{"@type":"ListItem","position":1,"name":"Home","item":"https:\/\/druidebio.com\/fr\/"},{"@type":"ListItem","position":2,"name":"Boutique","item":"https:\/\/druidebio.com\/fr\/boutique\/"},{"@type":"ListItem","position":3,"name":"Shampoing M\u00e9laleuque"}]},{"@type":"WebSite","@id":"https:\/\/druidebio.com\/fr\/#website","url":"https:\/\/druidebio.com\/fr\/","name":"Laboratoires Druide\u00ae | Bio For Life","description":"Natural and Organic Products. ECOCERT\u00ae Certified.","publisher":{"@id":"https:\/\/druidebio.com\/fr\/#organization"},"alternateName":"Druide","potentialAction":[{"@type":"SearchAction","target":{"@type":"EntryPoint","urlTemplate":"https:\/\/druidebio.com\/fr\/?s={search_term_string}"},"query-input":{"@type":"PropertyValueSpecification","valueRequired":true,"valueName":"search_term_string"}}],"inLanguage":"fr-FR"},{"@type":"Organization","@id":"https:\/\/druidebio.com\/fr\/#organization","name":"Druide","alternateName":"Laboratoires Druide","url":"https:\/\/druidebio.com\/fr\/","logo":{"@type":"ImageObject","inLanguage":"fr-FR","@id":"https:\/\/druidebio.com\/fr\/#\/schema\/logo\/image\/","url":"https:\/\/druidebio.com\/wp-content\/uploads\/2022\/08\/logo-fav.png","contentUrl":"https:\/\/druidebio.com\/wp-content\/uploads\/2022\/08\/logo-fav.png","width":512,"height":512,"caption":"Druide"},"image":{"@id":"https:\/\/druidebio.com\/fr\/#\/schema\/logo\/image\/"},"sameAs":["https:\/\/www.facebook.com\/infodruide","https:\/\/www.instagram.com\/druidebio\/","https:\/\/www.pinterest.ca\/DruideBioCanada\/","https:\/\/www.youtube.com\/user\/DRUIDECANADA"]}]}},"_links":{"self":[{"href":"https:\/\/druidebio.com\/fr\/wp-json\/wp\/v2\/product\/2247","targetHints":{"allow":["GET"]}}],"collection":[{"href":"https:\/\/druidebio.com\/fr\/wp-json\/wp\/v2\/product"}],"about":[{"href":"https:\/\/druidebio.com\/fr\/wp-json\/wp\/v2\/types\/product"}],"replies":[{"embeddable":true,"href":"https:\/\/druidebio.com\/fr\/wp-json\/wp\/v2\/comments?post=2247"}],"wp:featuredmedia":[{"embeddable":true,"href":"https:\/\/druidebio.com\/fr\/wp-json\/wp\/v2\/media\/1718"}],"wp:attachment":[{"href":"https:\/\/druidebio.com\/fr\/wp-json\/wp\/v2\/media?parent=2247"}],"wp:term":[{"taxonomy":"product_brand","embeddable":true,"href":"https:\/\/druidebio.com\/fr\/wp-json\/wp\/v2\/product_brand?post=2247"},{"taxonomy":"product_cat","embeddable":true,"href":"https:\/\/druidebio.com\/fr\/wp-json\/wp\/v2\/product_cat?post=2247"},{"taxonomy":"product_tag","embeddable":true,"href":"https:\/\/druidebio.com\/fr\/wp-json\/wp\/v2\/product_tag?post=2247"},{"taxonomy":"giftcard-category","embeddable":true,"href":"https:\/\/druidebio.com\/fr\/wp-json\/wp\/v2\/giftcard-category?post=2247"}],"curies":[{"name":"wp","href":"https:\/\/api.w.org\/{rel}","templated":true}]}}