{"id":2243,"date":"2022-08-26T11:48:30","date_gmt":"2022-08-26T15:48:30","guid":{"rendered":"https:\/\/druide.wpengine.com\/product\/ecotrail-insect-repellent\/"},"modified":"2026-04-27T18:19:40","modified_gmt":"2026-04-27T22:19:40","slug":"chasse-insectes-ecotrail","status":"publish","type":"product","link":"https:\/\/druidebio.com\/fr\/produit\/chasse-insectes-ecotrail\/","title":{"rendered":"Chasse-Insectes \u00c9cotrail"},"content":{"rendered":"<h2>Chasse-Insectes \u00c9cotrail est le chasse-insectes \u00e0 base de plantes le plus efficace disponible.<\/h2>\n<p>Enregistr\u00e9 aupr\u00e8s de Sant\u00e9 Canada et de l\u2019EPA. Avec une odeur et une sensation agr\u00e9able, il offre une protection efficace contre les insectes sans ingr\u00e9dients synth\u00e9tique tels que DEET.<\/p>\n<p>Pendant 6 heures apr\u00e8s l&rsquo;application, ce r\u00e9pulsif \u00e9loigne les moustiques et pr\u00e9vient le risque de piq\u00fbres. Il ne provoque aucune irritation cutan\u00e9e et est tr\u00e8s bien tol\u00e9r\u00e9 par la peau, y compris les peaux sensibles. Sa formule sans produit chimique est enti\u00e8rement biod\u00e9gradable, ce qui ne pr\u00e9sente aucun danger pour notre \u00e9cosyst\u00e8me et contribue \u00e0 pr\u00e9server notre environnement.<\/p>\n<p>Nous nous engageons \u00e0 vous offrir un produit qui respecte votre peau et l\u2019environnement c\u2019est pourquoi il est \u00e9cologique et certifi\u00e9e biologique par ECOCERT, cette formule est enti\u00e8rement biod\u00e9gradable et ne contient ni silicone, ni gluten, ni parab\u00e8ne, ni PEG, ni alcool, ni OGM, ni perturbateurs endocriniens, ni goudron, ni quaternium, ni parfum, ni colorant. De plus, il n\u2019est pas test\u00e9 sur les animaux, car nous soutenons l\u2019\u00e9thique animale.<\/p>\n","protected":false},"excerpt":{"rendered":"<p>Le chasse-insectes \u00e0 base de plantes le plus efficace disponible. Offre une protection efficace contre les insectes tels que les moustiques, les br\u00fblots et les tiques de cerf, sans ingr\u00e9dients synth\u00e9tique.<\/p>\n<ul>\n<li class=\"bullet-arrow\"><strong>Texture <\/strong>: Spray liquide<\/li>\n<li class=\"bullet-arrow\"><strong>Odeur <\/strong>: Eucalyptus citronn\u00e9<\/li>\n<li class=\"bullet-arrow\"><strong>Format <\/strong>: 74 ml \u2013 4.4 US Fl.oz.<\/li>\n<\/ul>\n<div class=\"row row-full-width align-equal\"  id=\"row-1225194786\">\n\t<div id=\"col-1013532273\" class=\"col small-12 large-12\"  >\n\t\t\t\t<div class=\"col-inner\"  >\n\t\t\t\n\t\t\t\n\n  \n    <div class=\"row large-columns-8 medium-columns-8 small-columns-8 row-xsmall\" >\n  <div class=\"gallery-col col\" >\n          <div class=\"col-inner\">\n                        <div class=\"box has-hover gallery-box box-none\">\n              <div class=\"box-image\" >\n                <img width=\"1\" height=\"1\" src=\"https:\/\/druidebio.com\/wp-content\/uploads\/2023\/07\/Vegan.svg\" class=\"attachment-medium size-medium\" alt=\"\" ids=\"868,864,863,865,862\" style=\"none\" lightbox=\"false\" col_spacing=\"xsmall\" columns=\"8\" columns__sm=\"8\" columns__md=\"8\" decoding=\"async\" loading=\"lazy\" \/>                                                              <\/div>\n              <div class=\"box-text text-left\" >\n                 <p><\/p>\n              <\/div>\n            <\/div>\n                      <\/div>\n         <\/div><div class=\"gallery-col col\" >\n          <div class=\"col-inner\">\n                        <div class=\"box has-hover gallery-box box-none\">\n              <div class=\"box-image\" >\n                <img width=\"1\" height=\"1\" src=\"https:\/\/druidebio.com\/wp-content\/uploads\/2023\/07\/Not_Tested_Animals.svg\" class=\"attachment-medium size-medium\" alt=\"\" ids=\"868,864,863,865,862\" style=\"none\" lightbox=\"false\" col_spacing=\"xsmall\" columns=\"8\" columns__sm=\"8\" columns__md=\"8\" decoding=\"async\" loading=\"lazy\" \/>                                                              <\/div>\n              <div class=\"box-text text-left\" >\n                 <p><\/p>\n              <\/div>\n            <\/div>\n                      <\/div>\n         <\/div><div class=\"gallery-col col\" >\n          <div class=\"col-inner\">\n                        <div class=\"box has-hover gallery-box box-none\">\n              <div class=\"box-image\" >\n                <img width=\"1\" height=\"1\" src=\"https:\/\/druidebio.com\/wp-content\/uploads\/2023\/07\/NoGMO.svg\" class=\"attachment-medium size-medium\" alt=\"\" ids=\"868,864,863,865,862\" style=\"none\" lightbox=\"false\" col_spacing=\"xsmall\" columns=\"8\" columns__sm=\"8\" columns__md=\"8\" decoding=\"async\" loading=\"lazy\" \/>                                                              <\/div>\n              <div class=\"box-text text-left\" >\n                 <p><\/p>\n              <\/div>\n            <\/div>\n                      <\/div>\n         <\/div><div class=\"gallery-col col\" >\n          <div class=\"col-inner\">\n                        <div class=\"box has-hover gallery-box box-none\">\n              <div class=\"box-image\" >\n                <img width=\"1\" height=\"1\" src=\"https:\/\/druidebio.com\/wp-content\/uploads\/2023\/07\/Recyclable.svg\" class=\"attachment-medium size-medium\" alt=\"\" ids=\"868,864,863,865,862\" style=\"none\" lightbox=\"false\" col_spacing=\"xsmall\" columns=\"8\" columns__sm=\"8\" columns__md=\"8\" decoding=\"async\" loading=\"lazy\" \/>                                                              <\/div>\n              <div class=\"box-text text-left\" >\n                 <p><\/p>\n              <\/div>\n            <\/div>\n                      <\/div>\n         <\/div><div class=\"gallery-col col\" >\n          <div class=\"col-inner\">\n                        <div class=\"box has-hover gallery-box box-none\">\n              <div class=\"box-image\" >\n                <img width=\"1\" height=\"1\" src=\"https:\/\/druidebio.com\/wp-content\/uploads\/2023\/07\/Gluten_Free.svg\" class=\"attachment-medium size-medium\" alt=\"\" ids=\"868,864,863,865,862\" style=\"none\" lightbox=\"false\" col_spacing=\"xsmall\" columns=\"8\" columns__sm=\"8\" columns__md=\"8\" decoding=\"async\" loading=\"lazy\" \/>                                                              <\/div>\n              <div class=\"box-text text-left\" >\n                 <p><\/p>\n              <\/div>\n            <\/div>\n                      <\/div>\n         <\/div><\/div>\n\t\t<\/div>\n\t\t\t\t\t<\/div>\n\n\t<\/div>\n","protected":false},"featured_media":75204,"comment_status":"open","ping_status":"closed","template":"","meta":[],"product_brand":[],"product_cat":[124,102,97,93],"product_tag":[],"giftcard-category":[],"class_list":{"0":"post-2243","1":"product","2":"type-product","3":"status-publish","4":"has-post-thumbnail","6":"product_cat-chasse-insectes","7":"product_cat-druide-ecotrail-fr","8":"product_cat-plein-air","9":"product_cat-soins-corps","11":"first","12":"instock","13":"featured","14":"taxable","15":"shipping-taxable","16":"purchasable","17":"product-type-simple"},"yoast_head":"<!-- This site is optimized with the Yoast SEO plugin v27.1.1 - https:\/\/yoast.com\/product\/yoast-seo-wordpress\/ -->\n<title>Chasse-Insectes \u00c9cotrail | Laboratoires Druide\u00ae | Bio For Life<\/title>\n<meta name=\"description\" content=\"Le chasse-insectes \u00e0 base de plantes le plus efficace disponible. Offre une protection efficace contre les insectes tels que les moustiques, les br\u00fblots et les tiques de cerf, sans ingr\u00e9dients synth\u00e9tique.\" \/>\n<meta name=\"robots\" content=\"index, follow, max-snippet:-1, max-image-preview:large, max-video-preview:-1\" \/>\n<link rel=\"canonical\" href=\"https:\/\/druidebio.com\/fr\/produit\/chasse-insectes-ecotrail\/\" \/>\n<meta property=\"og:locale\" content=\"fr_FR\" \/>\n<meta property=\"og:type\" content=\"article\" \/>\n<meta property=\"og:title\" content=\"Chasse-Insectes \u00c9cotrail | Laboratoires Druide\u00ae | Bio For Life\" \/>\n<meta property=\"og:description\" content=\"Le chasse-insectes \u00e0 base de plantes le plus efficace disponible. Offre une protection efficace contre les insectes tels que les moustiques, les br\u00fblots et les tiques de cerf, sans ingr\u00e9dients synth\u00e9tique.\" \/>\n<meta property=\"og:url\" content=\"https:\/\/druidebio.com\/fr\/produit\/chasse-insectes-ecotrail\/\" \/>\n<meta property=\"og:site_name\" content=\"Laboratoires Druide\u00ae | Bio For Life\" \/>\n<meta property=\"article:publisher\" content=\"https:\/\/www.facebook.com\/infodruide\" \/>\n<meta property=\"article:modified_time\" content=\"2026-04-27T22:19:40+00:00\" \/>\n<meta property=\"og:image\" content=\"https:\/\/druidebio.com\/wp-content\/uploads\/2022\/08\/Ecotrail-Insect-Repellent.jpg\" \/>\n\t<meta property=\"og:image:width\" content=\"1200\" \/>\n\t<meta property=\"og:image:height\" content=\"1201\" \/>\n\t<meta property=\"og:image:type\" content=\"image\/jpeg\" \/>\n<meta name=\"twitter:card\" content=\"summary_large_image\" \/>\n<script type=\"application\/ld+json\" class=\"yoast-schema-graph\">{\"@context\":\"https:\/\/schema.org\",\"@graph\":[{\"@type\":[\"WebPage\",\"ItemPage\"],\"@id\":\"https:\/\/druidebio.com\/fr\/produit\/chasse-insectes-ecotrail\/\",\"url\":\"https:\/\/druidebio.com\/fr\/produit\/chasse-insectes-ecotrail\/\",\"name\":\"Chasse-Insectes \u00c9cotrail | Laboratoires Druide\u00ae | Bio For Life\",\"isPartOf\":{\"@id\":\"https:\/\/druidebio.com\/fr\/#website\"},\"primaryImageOfPage\":{\"@id\":\"https:\/\/druidebio.com\/fr\/produit\/chasse-insectes-ecotrail\/#primaryimage\"},\"image\":{\"@id\":\"https:\/\/druidebio.com\/fr\/produit\/chasse-insectes-ecotrail\/#primaryimage\"},\"thumbnailUrl\":\"https:\/\/druidebio.com\/wp-content\/uploads\/2022\/08\/Ecotrail-Insect-Repellent.jpg\",\"datePublished\":\"2022-08-26T15:48:30+00:00\",\"dateModified\":\"2026-04-27T22:19:40+00:00\",\"description\":\"Le chasse-insectes \u00e0 base de plantes le plus efficace disponible. Offre une protection efficace contre les insectes tels que les moustiques, les br\u00fblots et les tiques de cerf, sans ingr\u00e9dients synth\u00e9tique.\",\"breadcrumb\":{\"@id\":\"https:\/\/druidebio.com\/fr\/produit\/chasse-insectes-ecotrail\/#breadcrumb\"},\"inLanguage\":\"fr-FR\",\"potentialAction\":[{\"@type\":\"ReadAction\",\"target\":[\"https:\/\/druidebio.com\/fr\/produit\/chasse-insectes-ecotrail\/\"]}]},{\"@type\":\"ImageObject\",\"inLanguage\":\"fr-FR\",\"@id\":\"https:\/\/druidebio.com\/fr\/produit\/chasse-insectes-ecotrail\/#primaryimage\",\"url\":\"https:\/\/druidebio.com\/wp-content\/uploads\/2022\/08\/Ecotrail-Insect-Repellent.jpg\",\"contentUrl\":\"https:\/\/druidebio.com\/wp-content\/uploads\/2022\/08\/Ecotrail-Insect-Repellent.jpg\",\"width\":1200,\"height\":1201,\"caption\":\"Chasse-Insectes \u00c9cotrail\"},{\"@type\":\"BreadcrumbList\",\"@id\":\"https:\/\/druidebio.com\/fr\/produit\/chasse-insectes-ecotrail\/#breadcrumb\",\"itemListElement\":[{\"@type\":\"ListItem\",\"position\":1,\"name\":\"Home\",\"item\":\"https:\/\/druidebio.com\/fr\/\"},{\"@type\":\"ListItem\",\"position\":2,\"name\":\"Boutique\",\"item\":\"https:\/\/druidebio.com\/fr\/boutique\/\"},{\"@type\":\"ListItem\",\"position\":3,\"name\":\"Chasse-Insectes \u00c9cotrail\"}]},{\"@type\":\"WebSite\",\"@id\":\"https:\/\/druidebio.com\/fr\/#website\",\"url\":\"https:\/\/druidebio.com\/fr\/\",\"name\":\"Laboratoires Druide\u00ae | Bio For Life\",\"description\":\"Natural and Organic Products. ECOCERT\u00ae Certified.\",\"publisher\":{\"@id\":\"https:\/\/druidebio.com\/fr\/#organization\"},\"alternateName\":\"Druide\",\"potentialAction\":[{\"@type\":\"SearchAction\",\"target\":{\"@type\":\"EntryPoint\",\"urlTemplate\":\"https:\/\/druidebio.com\/fr\/?s={search_term_string}\"},\"query-input\":{\"@type\":\"PropertyValueSpecification\",\"valueRequired\":true,\"valueName\":\"search_term_string\"}}],\"inLanguage\":\"fr-FR\"},{\"@type\":\"Organization\",\"@id\":\"https:\/\/druidebio.com\/fr\/#organization\",\"name\":\"Druide\",\"alternateName\":\"Laboratoires Druide\",\"url\":\"https:\/\/druidebio.com\/fr\/\",\"logo\":{\"@type\":\"ImageObject\",\"inLanguage\":\"fr-FR\",\"@id\":\"https:\/\/druidebio.com\/fr\/#\/schema\/logo\/image\/\",\"url\":\"https:\/\/druidebio.com\/wp-content\/uploads\/2022\/08\/logo-fav.png\",\"contentUrl\":\"https:\/\/druidebio.com\/wp-content\/uploads\/2022\/08\/logo-fav.png\",\"width\":512,\"height\":512,\"caption\":\"Druide\"},\"image\":{\"@id\":\"https:\/\/druidebio.com\/fr\/#\/schema\/logo\/image\/\"},\"sameAs\":[\"https:\/\/www.facebook.com\/infodruide\",\"https:\/\/www.instagram.com\/druidebio\/\",\"https:\/\/www.pinterest.ca\/DruideBioCanada\/\",\"https:\/\/www.youtube.com\/user\/DRUIDECANADA\"]}]}<\/script>\n<!-- \/ Yoast SEO plugin. -->","yoast_head_json":{"title":"Chasse-Insectes \u00c9cotrail | Laboratoires Druide\u00ae | Bio For Life","description":"Le chasse-insectes \u00e0 base de plantes le plus efficace disponible. Offre une protection efficace contre les insectes tels que les moustiques, les br\u00fblots et les tiques de cerf, sans ingr\u00e9dients synth\u00e9tique.","robots":{"index":"index","follow":"follow","max-snippet":"max-snippet:-1","max-image-preview":"max-image-preview:large","max-video-preview":"max-video-preview:-1"},"canonical":"https:\/\/druidebio.com\/fr\/produit\/chasse-insectes-ecotrail\/","og_locale":"fr_FR","og_type":"article","og_title":"Chasse-Insectes \u00c9cotrail | Laboratoires Druide\u00ae | Bio For Life","og_description":"Le chasse-insectes \u00e0 base de plantes le plus efficace disponible. Offre une protection efficace contre les insectes tels que les moustiques, les br\u00fblots et les tiques de cerf, sans ingr\u00e9dients synth\u00e9tique.","og_url":"https:\/\/druidebio.com\/fr\/produit\/chasse-insectes-ecotrail\/","og_site_name":"Laboratoires Druide\u00ae | Bio For Life","article_publisher":"https:\/\/www.facebook.com\/infodruide","article_modified_time":"2026-04-27T22:19:40+00:00","og_image":[{"width":1200,"height":1201,"url":"https:\/\/druidebio.com\/wp-content\/uploads\/2022\/08\/Ecotrail-Insect-Repellent.jpg","type":"image\/jpeg"}],"twitter_card":"summary_large_image","schema":{"@context":"https:\/\/schema.org","@graph":[{"@type":["WebPage","ItemPage"],"@id":"https:\/\/druidebio.com\/fr\/produit\/chasse-insectes-ecotrail\/","url":"https:\/\/druidebio.com\/fr\/produit\/chasse-insectes-ecotrail\/","name":"Chasse-Insectes \u00c9cotrail | Laboratoires Druide\u00ae | Bio For Life","isPartOf":{"@id":"https:\/\/druidebio.com\/fr\/#website"},"primaryImageOfPage":{"@id":"https:\/\/druidebio.com\/fr\/produit\/chasse-insectes-ecotrail\/#primaryimage"},"image":{"@id":"https:\/\/druidebio.com\/fr\/produit\/chasse-insectes-ecotrail\/#primaryimage"},"thumbnailUrl":"https:\/\/druidebio.com\/wp-content\/uploads\/2022\/08\/Ecotrail-Insect-Repellent.jpg","datePublished":"2022-08-26T15:48:30+00:00","dateModified":"2026-04-27T22:19:40+00:00","description":"Le chasse-insectes \u00e0 base de plantes le plus efficace disponible. Offre une protection efficace contre les insectes tels que les moustiques, les br\u00fblots et les tiques de cerf, sans ingr\u00e9dients synth\u00e9tique.","breadcrumb":{"@id":"https:\/\/druidebio.com\/fr\/produit\/chasse-insectes-ecotrail\/#breadcrumb"},"inLanguage":"fr-FR","potentialAction":[{"@type":"ReadAction","target":["https:\/\/druidebio.com\/fr\/produit\/chasse-insectes-ecotrail\/"]}]},{"@type":"ImageObject","inLanguage":"fr-FR","@id":"https:\/\/druidebio.com\/fr\/produit\/chasse-insectes-ecotrail\/#primaryimage","url":"https:\/\/druidebio.com\/wp-content\/uploads\/2022\/08\/Ecotrail-Insect-Repellent.jpg","contentUrl":"https:\/\/druidebio.com\/wp-content\/uploads\/2022\/08\/Ecotrail-Insect-Repellent.jpg","width":1200,"height":1201,"caption":"Chasse-Insectes \u00c9cotrail"},{"@type":"BreadcrumbList","@id":"https:\/\/druidebio.com\/fr\/produit\/chasse-insectes-ecotrail\/#breadcrumb","itemListElement":[{"@type":"ListItem","position":1,"name":"Home","item":"https:\/\/druidebio.com\/fr\/"},{"@type":"ListItem","position":2,"name":"Boutique","item":"https:\/\/druidebio.com\/fr\/boutique\/"},{"@type":"ListItem","position":3,"name":"Chasse-Insectes \u00c9cotrail"}]},{"@type":"WebSite","@id":"https:\/\/druidebio.com\/fr\/#website","url":"https:\/\/druidebio.com\/fr\/","name":"Laboratoires Druide\u00ae | Bio For Life","description":"Natural and Organic Products. ECOCERT\u00ae Certified.","publisher":{"@id":"https:\/\/druidebio.com\/fr\/#organization"},"alternateName":"Druide","potentialAction":[{"@type":"SearchAction","target":{"@type":"EntryPoint","urlTemplate":"https:\/\/druidebio.com\/fr\/?s={search_term_string}"},"query-input":{"@type":"PropertyValueSpecification","valueRequired":true,"valueName":"search_term_string"}}],"inLanguage":"fr-FR"},{"@type":"Organization","@id":"https:\/\/druidebio.com\/fr\/#organization","name":"Druide","alternateName":"Laboratoires Druide","url":"https:\/\/druidebio.com\/fr\/","logo":{"@type":"ImageObject","inLanguage":"fr-FR","@id":"https:\/\/druidebio.com\/fr\/#\/schema\/logo\/image\/","url":"https:\/\/druidebio.com\/wp-content\/uploads\/2022\/08\/logo-fav.png","contentUrl":"https:\/\/druidebio.com\/wp-content\/uploads\/2022\/08\/logo-fav.png","width":512,"height":512,"caption":"Druide"},"image":{"@id":"https:\/\/druidebio.com\/fr\/#\/schema\/logo\/image\/"},"sameAs":["https:\/\/www.facebook.com\/infodruide","https:\/\/www.instagram.com\/druidebio\/","https:\/\/www.pinterest.ca\/DruideBioCanada\/","https:\/\/www.youtube.com\/user\/DRUIDECANADA"]}]}},"_links":{"self":[{"href":"https:\/\/druidebio.com\/fr\/wp-json\/wp\/v2\/product\/2243","targetHints":{"allow":["GET"]}}],"collection":[{"href":"https:\/\/druidebio.com\/fr\/wp-json\/wp\/v2\/product"}],"about":[{"href":"https:\/\/druidebio.com\/fr\/wp-json\/wp\/v2\/types\/product"}],"replies":[{"embeddable":true,"href":"https:\/\/druidebio.com\/fr\/wp-json\/wp\/v2\/comments?post=2243"}],"wp:featuredmedia":[{"embeddable":true,"href":"https:\/\/druidebio.com\/fr\/wp-json\/wp\/v2\/media\/75204"}],"wp:attachment":[{"href":"https:\/\/druidebio.com\/fr\/wp-json\/wp\/v2\/media?parent=2243"}],"wp:term":[{"taxonomy":"product_brand","embeddable":true,"href":"https:\/\/druidebio.com\/fr\/wp-json\/wp\/v2\/product_brand?post=2243"},{"taxonomy":"product_cat","embeddable":true,"href":"https:\/\/druidebio.com\/fr\/wp-json\/wp\/v2\/product_cat?post=2243"},{"taxonomy":"product_tag","embeddable":true,"href":"https:\/\/druidebio.com\/fr\/wp-json\/wp\/v2\/product_tag?post=2243"},{"taxonomy":"giftcard-category","embeddable":true,"href":"https:\/\/druidebio.com\/fr\/wp-json\/wp\/v2\/giftcard-category?post=2243"}],"curies":[{"name":"wp","href":"https:\/\/api.w.org\/{rel}","templated":true}]}}