{"id":2241,"date":"2022-08-26T11:48:08","date_gmt":"2022-08-26T15:48:08","guid":{"rendered":"https:\/\/druide.wpengine.com\/product\/citronella-shampoo-shower-gel\/"},"modified":"2026-04-01T18:24:06","modified_gmt":"2026-04-01T22:24:06","slug":"shampoing-gel-douche-citronnelle","status":"publish","type":"product","link":"https:\/\/druidebio.com\/fr\/produit\/shampoing-gel-douche-citronnelle\/","title":{"rendered":"Shampoing et Gel Douche Citronnelle"},"content":{"rendered":"<h2>Un gel douche 2-en-1 rafra\u00eechissant \u00e0 la citronnelle pour le corps et les cheveux.<\/h2>\n<p>Id\u00e9ale pour toute la famille, cette formule naturelle g\u00e9n\u00e8re au contact de l&rsquo;eau une mousse nettoyante douce et ultra-nourrissante qui assure une peau et des cheveux doux et propres. Ce gel douche 2-en-1 respecte parfaitement le pH physiologique de la peau. Riche en actifs purifiants, tonifiants et apaisants, ce soin apporte un voile de protection \u00e0 chaque douche.<\/p>\n","protected":false},"excerpt":{"rendered":"<p>Shampooing et gel douche 2-en-1 pour nettoyer le corps et les cheveux tout en respectant la nature. Apporte au corps tous les bienfaits de la citronnelle. Offre une fra\u00eecheur, une douceur et une propret\u00e9 durables. Id\u00e9al pour le corps et les cheveux. Pour toute la famille.<\/p>\n<ul>\n<li class=\"bullet-arrow\"><strong>Texture <\/strong>: Gel riche<\/li>\n<li class=\"bullet-arrow\"><strong>Odeur <\/strong>: Citronnelle<\/li>\n<li class=\"bullet-arrow\"><strong>Format <\/strong>: 250 ml \u2013 8.4 US Fl.oz.<\/li>\n<\/ul>\n","protected":false},"featured_media":73770,"comment_status":"open","ping_status":"closed","template":"","meta":[],"product_brand":[],"product_cat":[102,97,125,95,93],"product_tag":[],"giftcard-category":[],"class_list":{"0":"post-2241","1":"product","2":"type-product","3":"status-publish","4":"has-post-thumbnail","6":"product_cat-druide-ecotrail-fr","7":"product_cat-plein-air","8":"product_cat-shampooings-revitalisants","9":"product_cat-soins-capillaires","10":"product_cat-soins-corps","12":"first","13":"instock","14":"taxable","15":"shipping-taxable","16":"purchasable","17":"product-type-simple"},"yoast_head":"<!-- This site is optimized with the Yoast SEO plugin v27.1.1 - https:\/\/yoast.com\/product\/yoast-seo-wordpress\/ -->\n<title>Shampoing et Gel Douche Citronnelle | Laboratoires Druide\u00ae | Bio For Life<\/title>\n<meta name=\"description\" content=\"Shampooing et gel douche 2-en-1 pour nettoyer le corps et les cheveux tout en respectant la nature. Apporte au corps tous les bienfaits de la citronnelle. Offre une fra\u00eecheur, une douceur et une propret\u00e9 durables. Id\u00e9al pour le corps et les cheveux. Pour toute la famille.\" \/>\n<meta name=\"robots\" content=\"index, follow, max-snippet:-1, max-image-preview:large, max-video-preview:-1\" \/>\n<link rel=\"canonical\" href=\"https:\/\/druidebio.com\/fr\/produit\/shampoing-gel-douche-citronnelle\/\" \/>\n<meta property=\"og:locale\" content=\"fr_FR\" \/>\n<meta property=\"og:type\" content=\"article\" \/>\n<meta property=\"og:title\" content=\"Shampoing et Gel Douche Citronnelle | Laboratoires Druide\u00ae | Bio For Life\" \/>\n<meta property=\"og:description\" content=\"Shampooing et gel douche 2-en-1 pour nettoyer le corps et les cheveux tout en respectant la nature. Apporte au corps tous les bienfaits de la citronnelle. Offre une fra\u00eecheur, une douceur et une propret\u00e9 durables. Id\u00e9al pour le corps et les cheveux. Pour toute la famille.\" \/>\n<meta property=\"og:url\" content=\"https:\/\/druidebio.com\/fr\/produit\/shampoing-gel-douche-citronnelle\/\" \/>\n<meta property=\"og:site_name\" content=\"Laboratoires Druide\u00ae | Bio For Life\" \/>\n<meta property=\"article:publisher\" content=\"https:\/\/www.facebook.com\/infodruide\" \/>\n<meta property=\"article:modified_time\" content=\"2026-04-01T22:24:06+00:00\" \/>\n<meta property=\"og:image\" content=\"https:\/\/druidebio.com\/wp-content\/uploads\/2025\/05\/Citronella-Shampoo-Shower-Gel.jpg\" \/>\n\t<meta property=\"og:image:width\" content=\"1200\" \/>\n\t<meta property=\"og:image:height\" content=\"1200\" \/>\n\t<meta property=\"og:image:type\" content=\"image\/jpeg\" \/>\n<meta name=\"twitter:card\" content=\"summary_large_image\" \/>\n<script type=\"application\/ld+json\" class=\"yoast-schema-graph\">{\"@context\":\"https:\/\/schema.org\",\"@graph\":[{\"@type\":[\"WebPage\",\"ItemPage\"],\"@id\":\"https:\/\/druidebio.com\/fr\/produit\/shampoing-gel-douche-citronnelle\/\",\"url\":\"https:\/\/druidebio.com\/fr\/produit\/shampoing-gel-douche-citronnelle\/\",\"name\":\"Shampoing et Gel Douche Citronnelle | Laboratoires Druide\u00ae | Bio For Life\",\"isPartOf\":{\"@id\":\"https:\/\/druidebio.com\/fr\/#website\"},\"primaryImageOfPage\":{\"@id\":\"https:\/\/druidebio.com\/fr\/produit\/shampoing-gel-douche-citronnelle\/#primaryimage\"},\"image\":{\"@id\":\"https:\/\/druidebio.com\/fr\/produit\/shampoing-gel-douche-citronnelle\/#primaryimage\"},\"thumbnailUrl\":\"https:\/\/druidebio.com\/wp-content\/uploads\/2025\/05\/Citronella-Shampoo-Shower-Gel.jpg\",\"datePublished\":\"2022-08-26T15:48:08+00:00\",\"dateModified\":\"2026-04-01T22:24:06+00:00\",\"description\":\"Shampooing et gel douche 2-en-1 pour nettoyer le corps et les cheveux tout en respectant la nature. Apporte au corps tous les bienfaits de la citronnelle. Offre une fra\u00eecheur, une douceur et une propret\u00e9 durables. Id\u00e9al pour le corps et les cheveux. Pour toute la famille.\",\"breadcrumb\":{\"@id\":\"https:\/\/druidebio.com\/fr\/produit\/shampoing-gel-douche-citronnelle\/#breadcrumb\"},\"inLanguage\":\"fr-FR\",\"potentialAction\":[{\"@type\":\"ReadAction\",\"target\":[\"https:\/\/druidebio.com\/fr\/produit\/shampoing-gel-douche-citronnelle\/\"]}]},{\"@type\":\"ImageObject\",\"inLanguage\":\"fr-FR\",\"@id\":\"https:\/\/druidebio.com\/fr\/produit\/shampoing-gel-douche-citronnelle\/#primaryimage\",\"url\":\"https:\/\/druidebio.com\/wp-content\/uploads\/2025\/05\/Citronella-Shampoo-Shower-Gel.jpg\",\"contentUrl\":\"https:\/\/druidebio.com\/wp-content\/uploads\/2025\/05\/Citronella-Shampoo-Shower-Gel.jpg\",\"width\":1200,\"height\":1200,\"caption\":\"Shampoing et Gel Douche Citronnelle\"},{\"@type\":\"BreadcrumbList\",\"@id\":\"https:\/\/druidebio.com\/fr\/produit\/shampoing-gel-douche-citronnelle\/#breadcrumb\",\"itemListElement\":[{\"@type\":\"ListItem\",\"position\":1,\"name\":\"Home\",\"item\":\"https:\/\/druidebio.com\/fr\/\"},{\"@type\":\"ListItem\",\"position\":2,\"name\":\"Boutique\",\"item\":\"https:\/\/druidebio.com\/fr\/boutique\/\"},{\"@type\":\"ListItem\",\"position\":3,\"name\":\"Shampoing et Gel Douche Citronnelle\"}]},{\"@type\":\"WebSite\",\"@id\":\"https:\/\/druidebio.com\/fr\/#website\",\"url\":\"https:\/\/druidebio.com\/fr\/\",\"name\":\"Laboratoires Druide\u00ae | Bio For Life\",\"description\":\"Natural and Organic Products. ECOCERT\u00ae Certified.\",\"publisher\":{\"@id\":\"https:\/\/druidebio.com\/fr\/#organization\"},\"alternateName\":\"Druide\",\"potentialAction\":[{\"@type\":\"SearchAction\",\"target\":{\"@type\":\"EntryPoint\",\"urlTemplate\":\"https:\/\/druidebio.com\/fr\/?s={search_term_string}\"},\"query-input\":{\"@type\":\"PropertyValueSpecification\",\"valueRequired\":true,\"valueName\":\"search_term_string\"}}],\"inLanguage\":\"fr-FR\"},{\"@type\":\"Organization\",\"@id\":\"https:\/\/druidebio.com\/fr\/#organization\",\"name\":\"Druide\",\"alternateName\":\"Laboratoires Druide\",\"url\":\"https:\/\/druidebio.com\/fr\/\",\"logo\":{\"@type\":\"ImageObject\",\"inLanguage\":\"fr-FR\",\"@id\":\"https:\/\/druidebio.com\/fr\/#\/schema\/logo\/image\/\",\"url\":\"https:\/\/druidebio.com\/wp-content\/uploads\/2022\/08\/logo-fav.png\",\"contentUrl\":\"https:\/\/druidebio.com\/wp-content\/uploads\/2022\/08\/logo-fav.png\",\"width\":512,\"height\":512,\"caption\":\"Druide\"},\"image\":{\"@id\":\"https:\/\/druidebio.com\/fr\/#\/schema\/logo\/image\/\"},\"sameAs\":[\"https:\/\/www.facebook.com\/infodruide\",\"https:\/\/www.instagram.com\/druidebio\/\",\"https:\/\/www.pinterest.ca\/DruideBioCanada\/\",\"https:\/\/www.youtube.com\/user\/DRUIDECANADA\"]}]}<\/script>\n<!-- \/ Yoast SEO plugin. -->","yoast_head_json":{"title":"Shampoing et Gel Douche Citronnelle | Laboratoires Druide\u00ae | Bio For Life","description":"Shampooing et gel douche 2-en-1 pour nettoyer le corps et les cheveux tout en respectant la nature. Apporte au corps tous les bienfaits de la citronnelle. Offre une fra\u00eecheur, une douceur et une propret\u00e9 durables. Id\u00e9al pour le corps et les cheveux. Pour toute la famille.","robots":{"index":"index","follow":"follow","max-snippet":"max-snippet:-1","max-image-preview":"max-image-preview:large","max-video-preview":"max-video-preview:-1"},"canonical":"https:\/\/druidebio.com\/fr\/produit\/shampoing-gel-douche-citronnelle\/","og_locale":"fr_FR","og_type":"article","og_title":"Shampoing et Gel Douche Citronnelle | Laboratoires Druide\u00ae | Bio For Life","og_description":"Shampooing et gel douche 2-en-1 pour nettoyer le corps et les cheveux tout en respectant la nature. Apporte au corps tous les bienfaits de la citronnelle. Offre une fra\u00eecheur, une douceur et une propret\u00e9 durables. Id\u00e9al pour le corps et les cheveux. Pour toute la famille.","og_url":"https:\/\/druidebio.com\/fr\/produit\/shampoing-gel-douche-citronnelle\/","og_site_name":"Laboratoires Druide\u00ae | Bio For Life","article_publisher":"https:\/\/www.facebook.com\/infodruide","article_modified_time":"2026-04-01T22:24:06+00:00","og_image":[{"width":1200,"height":1200,"url":"https:\/\/druidebio.com\/wp-content\/uploads\/2025\/05\/Citronella-Shampoo-Shower-Gel.jpg","type":"image\/jpeg"}],"twitter_card":"summary_large_image","schema":{"@context":"https:\/\/schema.org","@graph":[{"@type":["WebPage","ItemPage"],"@id":"https:\/\/druidebio.com\/fr\/produit\/shampoing-gel-douche-citronnelle\/","url":"https:\/\/druidebio.com\/fr\/produit\/shampoing-gel-douche-citronnelle\/","name":"Shampoing et Gel Douche Citronnelle | Laboratoires Druide\u00ae | Bio For Life","isPartOf":{"@id":"https:\/\/druidebio.com\/fr\/#website"},"primaryImageOfPage":{"@id":"https:\/\/druidebio.com\/fr\/produit\/shampoing-gel-douche-citronnelle\/#primaryimage"},"image":{"@id":"https:\/\/druidebio.com\/fr\/produit\/shampoing-gel-douche-citronnelle\/#primaryimage"},"thumbnailUrl":"https:\/\/druidebio.com\/wp-content\/uploads\/2025\/05\/Citronella-Shampoo-Shower-Gel.jpg","datePublished":"2022-08-26T15:48:08+00:00","dateModified":"2026-04-01T22:24:06+00:00","description":"Shampooing et gel douche 2-en-1 pour nettoyer le corps et les cheveux tout en respectant la nature. Apporte au corps tous les bienfaits de la citronnelle. Offre une fra\u00eecheur, une douceur et une propret\u00e9 durables. Id\u00e9al pour le corps et les cheveux. Pour toute la famille.","breadcrumb":{"@id":"https:\/\/druidebio.com\/fr\/produit\/shampoing-gel-douche-citronnelle\/#breadcrumb"},"inLanguage":"fr-FR","potentialAction":[{"@type":"ReadAction","target":["https:\/\/druidebio.com\/fr\/produit\/shampoing-gel-douche-citronnelle\/"]}]},{"@type":"ImageObject","inLanguage":"fr-FR","@id":"https:\/\/druidebio.com\/fr\/produit\/shampoing-gel-douche-citronnelle\/#primaryimage","url":"https:\/\/druidebio.com\/wp-content\/uploads\/2025\/05\/Citronella-Shampoo-Shower-Gel.jpg","contentUrl":"https:\/\/druidebio.com\/wp-content\/uploads\/2025\/05\/Citronella-Shampoo-Shower-Gel.jpg","width":1200,"height":1200,"caption":"Shampoing et Gel Douche Citronnelle"},{"@type":"BreadcrumbList","@id":"https:\/\/druidebio.com\/fr\/produit\/shampoing-gel-douche-citronnelle\/#breadcrumb","itemListElement":[{"@type":"ListItem","position":1,"name":"Home","item":"https:\/\/druidebio.com\/fr\/"},{"@type":"ListItem","position":2,"name":"Boutique","item":"https:\/\/druidebio.com\/fr\/boutique\/"},{"@type":"ListItem","position":3,"name":"Shampoing et Gel Douche Citronnelle"}]},{"@type":"WebSite","@id":"https:\/\/druidebio.com\/fr\/#website","url":"https:\/\/druidebio.com\/fr\/","name":"Laboratoires Druide\u00ae | Bio For Life","description":"Natural and Organic Products. ECOCERT\u00ae Certified.","publisher":{"@id":"https:\/\/druidebio.com\/fr\/#organization"},"alternateName":"Druide","potentialAction":[{"@type":"SearchAction","target":{"@type":"EntryPoint","urlTemplate":"https:\/\/druidebio.com\/fr\/?s={search_term_string}"},"query-input":{"@type":"PropertyValueSpecification","valueRequired":true,"valueName":"search_term_string"}}],"inLanguage":"fr-FR"},{"@type":"Organization","@id":"https:\/\/druidebio.com\/fr\/#organization","name":"Druide","alternateName":"Laboratoires Druide","url":"https:\/\/druidebio.com\/fr\/","logo":{"@type":"ImageObject","inLanguage":"fr-FR","@id":"https:\/\/druidebio.com\/fr\/#\/schema\/logo\/image\/","url":"https:\/\/druidebio.com\/wp-content\/uploads\/2022\/08\/logo-fav.png","contentUrl":"https:\/\/druidebio.com\/wp-content\/uploads\/2022\/08\/logo-fav.png","width":512,"height":512,"caption":"Druide"},"image":{"@id":"https:\/\/druidebio.com\/fr\/#\/schema\/logo\/image\/"},"sameAs":["https:\/\/www.facebook.com\/infodruide","https:\/\/www.instagram.com\/druidebio\/","https:\/\/www.pinterest.ca\/DruideBioCanada\/","https:\/\/www.youtube.com\/user\/DRUIDECANADA"]}]}},"_links":{"self":[{"href":"https:\/\/druidebio.com\/fr\/wp-json\/wp\/v2\/product\/2241","targetHints":{"allow":["GET"]}}],"collection":[{"href":"https:\/\/druidebio.com\/fr\/wp-json\/wp\/v2\/product"}],"about":[{"href":"https:\/\/druidebio.com\/fr\/wp-json\/wp\/v2\/types\/product"}],"replies":[{"embeddable":true,"href":"https:\/\/druidebio.com\/fr\/wp-json\/wp\/v2\/comments?post=2241"}],"wp:featuredmedia":[{"embeddable":true,"href":"https:\/\/druidebio.com\/fr\/wp-json\/wp\/v2\/media\/73770"}],"wp:attachment":[{"href":"https:\/\/druidebio.com\/fr\/wp-json\/wp\/v2\/media?parent=2241"}],"wp:term":[{"taxonomy":"product_brand","embeddable":true,"href":"https:\/\/druidebio.com\/fr\/wp-json\/wp\/v2\/product_brand?post=2241"},{"taxonomy":"product_cat","embeddable":true,"href":"https:\/\/druidebio.com\/fr\/wp-json\/wp\/v2\/product_cat?post=2241"},{"taxonomy":"product_tag","embeddable":true,"href":"https:\/\/druidebio.com\/fr\/wp-json\/wp\/v2\/product_tag?post=2241"},{"taxonomy":"giftcard-category","embeddable":true,"href":"https:\/\/druidebio.com\/fr\/wp-json\/wp\/v2\/giftcard-category?post=2241"}],"curies":[{"name":"wp","href":"https:\/\/api.w.org\/{rel}","templated":true}]}}