{"id":2237,"date":"2022-08-26T11:48:20","date_gmt":"2022-08-26T15:48:20","guid":{"rendered":"https:\/\/druide.wpengine.com\/product\/lemon-eucalyptus-insect-repellent-250ml\/"},"modified":"2026-04-18T20:45:46","modified_gmt":"2026-04-19T00:45:46","slug":"chasse-insectes-eucalyptus-citronne-250ml","status":"publish","type":"product","link":"https:\/\/druidebio.com\/fr\/produit\/chasse-insectes-eucalyptus-citronne-250ml\/","title":{"rendered":"Chasse-Insectes Eucalyptus Citronn\u00e9 (250 ml)"},"content":{"rendered":"<h2>R\u00e9pulsif Chasse Insectes : votre bouclier naturel efficace et \u00e9co-responsable<\/h2>\n<p>L&rsquo;Eucalyptus Citronn\u00e9 R\u00e9pulsif est un produit enregistr\u00e9 aupr\u00e8s de Sant\u00e9 Canada et de l&rsquo;Agence de Protection Environnemental (EPA). C&rsquo;est le r\u00e9pulsif v\u00e9g\u00e9tal le plus efficace du march\u00e9.<\/p>\n<p>Prot\u00e9gez-vous contre une vari\u00e9t\u00e9 d&rsquo;insectes piqueurs dont les moustiques, les mouches noires, et les tiques, sans exposer votre peau \u00e0 des ingr\u00e9dients synth\u00e9tiques et chimiques, tels que le DEET, dangereux pour la peau et l&rsquo;environnement.<\/p>\n<p>Ce produit n&rsquo;est pas seulement efficace, il est \u00e9galement respectueux de votre peau et de la plan\u00e8te ; il ne cause aucune irritation cutan\u00e9e et est tr\u00e8s bien tol\u00e9r\u00e9 par la peau, y compris les peaux sensibles, tout en offrant une protection durable de six heures apr\u00e8s chaque application.<\/p>\n<p>Son parfum agr\u00e9able et sa composition sans substances chimiques rendent ce r\u00e9pulsif enti\u00e8rement biod\u00e9gradable, assurant ainsi la s\u00e9curit\u00e9 de notre \u00e9cosyst\u00e8me et la pr\u00e9servation de notre environnement. Cette solution est l&rsquo;alli\u00e9e id\u00e9ale pour ceux qui cherchent une alternative \u00e9cologique et fiable pour \u00e9loigner les insectes.<\/p>\n<p>En accord avec notre engagement envers votre peau et l&rsquo;environnement, notre r\u00e9pulsif est formul\u00e9 sans DEET, phtalates, sulfates, silicones, gluten, parab\u00e8nes, PEGs, alcool, OGM, ni parfums et colorants synth\u00e9tiques. De plus, il n&rsquo;est pas test\u00e9 sur les animaux, car nous soutenons l&rsquo;\u00e9thique animale.<\/p>\n","protected":false},"excerpt":{"rendered":"<p>Notre Chasse Insectes vous offre une protection naturelle et efficace contre divers insectes piqueurs, tout en \u00e9tant bien tol\u00e9r\u00e9 par toutes les peaux, m\u00eame les plus sensibles. Sa formule \u00e9cologique et biod\u00e9gradable respecte votre peau et l\u2019environnement, \u00e9liminant tout risque pour l&rsquo;\u00e9cosyst\u00e8me.<\/p>\n<ul>\n<li class=\"bullet-arrow\"><strong>Texture <\/strong>: Spray liquide<\/li>\n<li class=\"bullet-arrow\"><strong>Odeur <\/strong>: Eucalyptus citronn\u00e9<\/li>\n<li class=\"bullet-arrow\"><strong>Format<\/strong>: 250 ml \u2013 8.4 US Fl.oz.<\/li>\n<\/ul>\n<div class=\"row row-full-width align-equal\"  id=\"row-556976272\">\n\t<div id=\"col-1344864309\" class=\"col small-12 large-12\"  >\n\t\t\t\t<div class=\"col-inner\"  >\n\t\t\t\n\t\t\t\n\n  \n    <div class=\"row large-columns-8 medium-columns-8 small-columns-8 row-xsmall\" >\n  <div class=\"gallery-col col\" >\n          <div class=\"col-inner\">\n                        <div class=\"box has-hover gallery-box box-none\">\n              <div class=\"box-image\" >\n                <img width=\"1\" height=\"1\" src=\"https:\/\/druidebio.com\/wp-content\/uploads\/2023\/07\/Vegan.svg\" class=\"attachment-medium size-medium\" alt=\"\" ids=\"868,864,863,865,862\" style=\"none\" lightbox=\"false\" col_spacing=\"xsmall\" columns=\"8\" columns__sm=\"8\" columns__md=\"8\" decoding=\"async\" loading=\"lazy\" \/>                                                              <\/div>\n              <div class=\"box-text text-left\" >\n                 <p><\/p>\n              <\/div>\n            <\/div>\n                      <\/div>\n         <\/div><div class=\"gallery-col col\" >\n          <div class=\"col-inner\">\n                        <div class=\"box has-hover gallery-box box-none\">\n              <div class=\"box-image\" >\n                <img width=\"1\" height=\"1\" src=\"https:\/\/druidebio.com\/wp-content\/uploads\/2023\/07\/Not_Tested_Animals.svg\" class=\"attachment-medium size-medium\" alt=\"\" ids=\"868,864,863,865,862\" style=\"none\" lightbox=\"false\" col_spacing=\"xsmall\" columns=\"8\" columns__sm=\"8\" columns__md=\"8\" decoding=\"async\" loading=\"lazy\" \/>                                                              <\/div>\n              <div class=\"box-text text-left\" >\n                 <p><\/p>\n              <\/div>\n            <\/div>\n                      <\/div>\n         <\/div><div class=\"gallery-col col\" >\n          <div class=\"col-inner\">\n                        <div class=\"box has-hover gallery-box box-none\">\n              <div class=\"box-image\" >\n                <img width=\"1\" height=\"1\" src=\"https:\/\/druidebio.com\/wp-content\/uploads\/2023\/07\/NoGMO.svg\" class=\"attachment-medium size-medium\" alt=\"\" ids=\"868,864,863,865,862\" style=\"none\" lightbox=\"false\" col_spacing=\"xsmall\" columns=\"8\" columns__sm=\"8\" columns__md=\"8\" decoding=\"async\" loading=\"lazy\" \/>                                                              <\/div>\n              <div class=\"box-text text-left\" >\n                 <p><\/p>\n              <\/div>\n            <\/div>\n                      <\/div>\n         <\/div><div class=\"gallery-col col\" >\n          <div class=\"col-inner\">\n                        <div class=\"box has-hover gallery-box box-none\">\n              <div class=\"box-image\" >\n                <img width=\"1\" height=\"1\" src=\"https:\/\/druidebio.com\/wp-content\/uploads\/2023\/07\/Recyclable.svg\" class=\"attachment-medium size-medium\" alt=\"\" ids=\"868,864,863,865,862\" style=\"none\" lightbox=\"false\" col_spacing=\"xsmall\" columns=\"8\" columns__sm=\"8\" columns__md=\"8\" decoding=\"async\" loading=\"lazy\" \/>                                                              <\/div>\n              <div class=\"box-text text-left\" >\n                 <p><\/p>\n              <\/div>\n            <\/div>\n                      <\/div>\n         <\/div><div class=\"gallery-col col\" >\n          <div class=\"col-inner\">\n                        <div class=\"box has-hover gallery-box box-none\">\n              <div class=\"box-image\" >\n                <img width=\"1\" height=\"1\" src=\"https:\/\/druidebio.com\/wp-content\/uploads\/2023\/07\/Gluten_Free.svg\" class=\"attachment-medium size-medium\" alt=\"\" ids=\"868,864,863,865,862\" style=\"none\" lightbox=\"false\" col_spacing=\"xsmall\" columns=\"8\" columns__sm=\"8\" columns__md=\"8\" decoding=\"async\" loading=\"lazy\" \/>                                                              <\/div>\n              <div class=\"box-text text-left\" >\n                 <p><\/p>\n              <\/div>\n            <\/div>\n                      <\/div>\n         <\/div><\/div>\n\t\t<\/div>\n\t\t\t\t\t<\/div>\n\n\t<\/div>\n","protected":false},"featured_media":74486,"comment_status":"open","ping_status":"closed","template":"","meta":[],"product_brand":[],"product_cat":[124,102,97,93],"product_tag":[],"giftcard-category":[],"class_list":{"0":"post-2237","1":"product","2":"type-product","3":"status-publish","4":"has-post-thumbnail","6":"product_cat-chasse-insectes","7":"product_cat-druide-ecotrail-fr","8":"product_cat-plein-air","9":"product_cat-soins-corps","11":"first","12":"instock","13":"taxable","14":"shipping-taxable","15":"purchasable","16":"product-type-simple"},"yoast_head":"<!-- This site is optimized with the Yoast SEO plugin v27.1.1 - https:\/\/yoast.com\/product\/yoast-seo-wordpress\/ -->\n<title>Chasse-Insectes Eucalyptus Citronn\u00e9 (250 ml) | Laboratoires Druide\u00ae | Bio For Life<\/title>\n<meta name=\"description\" content=\"Our Ecotrail Insect Repellent offers natural, effective protection against various biting insects, while being well tolerated by all skin types, even the most sensitive. Its ecological, biodegradable formula respects your skin and the environment, eliminating any risk to the ecosystem.\" \/>\n<meta name=\"robots\" content=\"index, follow, max-snippet:-1, max-image-preview:large, max-video-preview:-1\" \/>\n<link rel=\"canonical\" href=\"https:\/\/druidebio.com\/fr\/produit\/chasse-insectes-eucalyptus-citronne-250ml\/\" \/>\n<meta property=\"og:locale\" content=\"fr_FR\" \/>\n<meta property=\"og:type\" content=\"article\" \/>\n<meta property=\"og:title\" content=\"Chasse-Insectes Eucalyptus Citronn\u00e9 (250 ml) | Laboratoires Druide\u00ae | Bio For Life\" \/>\n<meta property=\"og:description\" content=\"Our Ecotrail Insect Repellent offers natural, effective protection against various biting insects, while being well tolerated by all skin types, even the most sensitive. Its ecological, biodegradable formula respects your skin and the environment, eliminating any risk to the ecosystem.\" \/>\n<meta property=\"og:url\" content=\"https:\/\/druidebio.com\/fr\/produit\/chasse-insectes-eucalyptus-citronne-250ml\/\" \/>\n<meta property=\"og:site_name\" content=\"Laboratoires Druide\u00ae | Bio For Life\" \/>\n<meta property=\"article:publisher\" content=\"https:\/\/www.facebook.com\/infodruide\" \/>\n<meta property=\"article:modified_time\" content=\"2026-04-19T00:45:46+00:00\" \/>\n<meta property=\"og:image\" content=\"https:\/\/druidebio.com\/wp-content\/uploads\/2025\/07\/Lemon-Eucalyptus-Insect-Repellent-250-ml.jpg\" \/>\n\t<meta property=\"og:image:width\" content=\"1200\" \/>\n\t<meta property=\"og:image:height\" content=\"1200\" \/>\n\t<meta property=\"og:image:type\" content=\"image\/jpeg\" \/>\n<meta name=\"twitter:card\" content=\"summary_large_image\" \/>\n<script type=\"application\/ld+json\" class=\"yoast-schema-graph\">{\"@context\":\"https:\/\/schema.org\",\"@graph\":[{\"@type\":[\"WebPage\",\"ItemPage\"],\"@id\":\"https:\/\/druidebio.com\/fr\/produit\/chasse-insectes-eucalyptus-citronne-250ml\/\",\"url\":\"https:\/\/druidebio.com\/fr\/produit\/chasse-insectes-eucalyptus-citronne-250ml\/\",\"name\":\"Chasse-Insectes Eucalyptus Citronn\u00e9 (250 ml) | Laboratoires Druide\u00ae | Bio For Life\",\"isPartOf\":{\"@id\":\"https:\/\/druidebio.com\/fr\/#website\"},\"primaryImageOfPage\":{\"@id\":\"https:\/\/druidebio.com\/fr\/produit\/chasse-insectes-eucalyptus-citronne-250ml\/#primaryimage\"},\"image\":{\"@id\":\"https:\/\/druidebio.com\/fr\/produit\/chasse-insectes-eucalyptus-citronne-250ml\/#primaryimage\"},\"thumbnailUrl\":\"https:\/\/druidebio.com\/wp-content\/uploads\/2025\/07\/Lemon-Eucalyptus-Insect-Repellent-250-ml.jpg\",\"datePublished\":\"2022-08-26T15:48:20+00:00\",\"dateModified\":\"2026-04-19T00:45:46+00:00\",\"description\":\"Our Ecotrail Insect Repellent offers natural, effective protection against various biting insects, while being well tolerated by all skin types, even the most sensitive. Its ecological, biodegradable formula respects your skin and the environment, eliminating any risk to the ecosystem.\",\"breadcrumb\":{\"@id\":\"https:\/\/druidebio.com\/fr\/produit\/chasse-insectes-eucalyptus-citronne-250ml\/#breadcrumb\"},\"inLanguage\":\"fr-FR\",\"potentialAction\":[{\"@type\":\"ReadAction\",\"target\":[\"https:\/\/druidebio.com\/fr\/produit\/chasse-insectes-eucalyptus-citronne-250ml\/\"]}]},{\"@type\":\"ImageObject\",\"inLanguage\":\"fr-FR\",\"@id\":\"https:\/\/druidebio.com\/fr\/produit\/chasse-insectes-eucalyptus-citronne-250ml\/#primaryimage\",\"url\":\"https:\/\/druidebio.com\/wp-content\/uploads\/2025\/07\/Lemon-Eucalyptus-Insect-Repellent-250-ml.jpg\",\"contentUrl\":\"https:\/\/druidebio.com\/wp-content\/uploads\/2025\/07\/Lemon-Eucalyptus-Insect-Repellent-250-ml.jpg\",\"width\":1200,\"height\":1200,\"caption\":\"Chasse-Insectes Eucalyptus Citronn\u00e9 (250 ml)\"},{\"@type\":\"BreadcrumbList\",\"@id\":\"https:\/\/druidebio.com\/fr\/produit\/chasse-insectes-eucalyptus-citronne-250ml\/#breadcrumb\",\"itemListElement\":[{\"@type\":\"ListItem\",\"position\":1,\"name\":\"Home\",\"item\":\"https:\/\/druidebio.com\/fr\/\"},{\"@type\":\"ListItem\",\"position\":2,\"name\":\"Boutique\",\"item\":\"https:\/\/druidebio.com\/fr\/boutique\/\"},{\"@type\":\"ListItem\",\"position\":3,\"name\":\"Chasse-Insectes Eucalyptus Citronn\u00e9 (250 ml)\"}]},{\"@type\":\"WebSite\",\"@id\":\"https:\/\/druidebio.com\/fr\/#website\",\"url\":\"https:\/\/druidebio.com\/fr\/\",\"name\":\"Laboratoires Druide\u00ae | Bio For Life\",\"description\":\"Natural and Organic Products. ECOCERT\u00ae Certified.\",\"publisher\":{\"@id\":\"https:\/\/druidebio.com\/fr\/#organization\"},\"alternateName\":\"Druide\",\"potentialAction\":[{\"@type\":\"SearchAction\",\"target\":{\"@type\":\"EntryPoint\",\"urlTemplate\":\"https:\/\/druidebio.com\/fr\/?s={search_term_string}\"},\"query-input\":{\"@type\":\"PropertyValueSpecification\",\"valueRequired\":true,\"valueName\":\"search_term_string\"}}],\"inLanguage\":\"fr-FR\"},{\"@type\":\"Organization\",\"@id\":\"https:\/\/druidebio.com\/fr\/#organization\",\"name\":\"Druide\",\"alternateName\":\"Laboratoires Druide\",\"url\":\"https:\/\/druidebio.com\/fr\/\",\"logo\":{\"@type\":\"ImageObject\",\"inLanguage\":\"fr-FR\",\"@id\":\"https:\/\/druidebio.com\/fr\/#\/schema\/logo\/image\/\",\"url\":\"https:\/\/druidebio.com\/wp-content\/uploads\/2022\/08\/logo-fav.png\",\"contentUrl\":\"https:\/\/druidebio.com\/wp-content\/uploads\/2022\/08\/logo-fav.png\",\"width\":512,\"height\":512,\"caption\":\"Druide\"},\"image\":{\"@id\":\"https:\/\/druidebio.com\/fr\/#\/schema\/logo\/image\/\"},\"sameAs\":[\"https:\/\/www.facebook.com\/infodruide\",\"https:\/\/www.instagram.com\/druidebio\/\",\"https:\/\/www.pinterest.ca\/DruideBioCanada\/\",\"https:\/\/www.youtube.com\/user\/DRUIDECANADA\"]}]}<\/script>\n<!-- \/ Yoast SEO plugin. -->","yoast_head_json":{"title":"Chasse-Insectes Eucalyptus Citronn\u00e9 (250 ml) | Laboratoires Druide\u00ae | Bio For Life","description":"Our Ecotrail Insect Repellent offers natural, effective protection against various biting insects, while being well tolerated by all skin types, even the most sensitive. Its ecological, biodegradable formula respects your skin and the environment, eliminating any risk to the ecosystem.","robots":{"index":"index","follow":"follow","max-snippet":"max-snippet:-1","max-image-preview":"max-image-preview:large","max-video-preview":"max-video-preview:-1"},"canonical":"https:\/\/druidebio.com\/fr\/produit\/chasse-insectes-eucalyptus-citronne-250ml\/","og_locale":"fr_FR","og_type":"article","og_title":"Chasse-Insectes Eucalyptus Citronn\u00e9 (250 ml) | Laboratoires Druide\u00ae | Bio For Life","og_description":"Our Ecotrail Insect Repellent offers natural, effective protection against various biting insects, while being well tolerated by all skin types, even the most sensitive. Its ecological, biodegradable formula respects your skin and the environment, eliminating any risk to the ecosystem.","og_url":"https:\/\/druidebio.com\/fr\/produit\/chasse-insectes-eucalyptus-citronne-250ml\/","og_site_name":"Laboratoires Druide\u00ae | Bio For Life","article_publisher":"https:\/\/www.facebook.com\/infodruide","article_modified_time":"2026-04-19T00:45:46+00:00","og_image":[{"width":1200,"height":1200,"url":"https:\/\/druidebio.com\/wp-content\/uploads\/2025\/07\/Lemon-Eucalyptus-Insect-Repellent-250-ml.jpg","type":"image\/jpeg"}],"twitter_card":"summary_large_image","schema":{"@context":"https:\/\/schema.org","@graph":[{"@type":["WebPage","ItemPage"],"@id":"https:\/\/druidebio.com\/fr\/produit\/chasse-insectes-eucalyptus-citronne-250ml\/","url":"https:\/\/druidebio.com\/fr\/produit\/chasse-insectes-eucalyptus-citronne-250ml\/","name":"Chasse-Insectes Eucalyptus Citronn\u00e9 (250 ml) | Laboratoires Druide\u00ae | Bio For Life","isPartOf":{"@id":"https:\/\/druidebio.com\/fr\/#website"},"primaryImageOfPage":{"@id":"https:\/\/druidebio.com\/fr\/produit\/chasse-insectes-eucalyptus-citronne-250ml\/#primaryimage"},"image":{"@id":"https:\/\/druidebio.com\/fr\/produit\/chasse-insectes-eucalyptus-citronne-250ml\/#primaryimage"},"thumbnailUrl":"https:\/\/druidebio.com\/wp-content\/uploads\/2025\/07\/Lemon-Eucalyptus-Insect-Repellent-250-ml.jpg","datePublished":"2022-08-26T15:48:20+00:00","dateModified":"2026-04-19T00:45:46+00:00","description":"Our Ecotrail Insect Repellent offers natural, effective protection against various biting insects, while being well tolerated by all skin types, even the most sensitive. Its ecological, biodegradable formula respects your skin and the environment, eliminating any risk to the ecosystem.","breadcrumb":{"@id":"https:\/\/druidebio.com\/fr\/produit\/chasse-insectes-eucalyptus-citronne-250ml\/#breadcrumb"},"inLanguage":"fr-FR","potentialAction":[{"@type":"ReadAction","target":["https:\/\/druidebio.com\/fr\/produit\/chasse-insectes-eucalyptus-citronne-250ml\/"]}]},{"@type":"ImageObject","inLanguage":"fr-FR","@id":"https:\/\/druidebio.com\/fr\/produit\/chasse-insectes-eucalyptus-citronne-250ml\/#primaryimage","url":"https:\/\/druidebio.com\/wp-content\/uploads\/2025\/07\/Lemon-Eucalyptus-Insect-Repellent-250-ml.jpg","contentUrl":"https:\/\/druidebio.com\/wp-content\/uploads\/2025\/07\/Lemon-Eucalyptus-Insect-Repellent-250-ml.jpg","width":1200,"height":1200,"caption":"Chasse-Insectes Eucalyptus Citronn\u00e9 (250 ml)"},{"@type":"BreadcrumbList","@id":"https:\/\/druidebio.com\/fr\/produit\/chasse-insectes-eucalyptus-citronne-250ml\/#breadcrumb","itemListElement":[{"@type":"ListItem","position":1,"name":"Home","item":"https:\/\/druidebio.com\/fr\/"},{"@type":"ListItem","position":2,"name":"Boutique","item":"https:\/\/druidebio.com\/fr\/boutique\/"},{"@type":"ListItem","position":3,"name":"Chasse-Insectes Eucalyptus Citronn\u00e9 (250 ml)"}]},{"@type":"WebSite","@id":"https:\/\/druidebio.com\/fr\/#website","url":"https:\/\/druidebio.com\/fr\/","name":"Laboratoires Druide\u00ae | Bio For Life","description":"Natural and Organic Products. ECOCERT\u00ae Certified.","publisher":{"@id":"https:\/\/druidebio.com\/fr\/#organization"},"alternateName":"Druide","potentialAction":[{"@type":"SearchAction","target":{"@type":"EntryPoint","urlTemplate":"https:\/\/druidebio.com\/fr\/?s={search_term_string}"},"query-input":{"@type":"PropertyValueSpecification","valueRequired":true,"valueName":"search_term_string"}}],"inLanguage":"fr-FR"},{"@type":"Organization","@id":"https:\/\/druidebio.com\/fr\/#organization","name":"Druide","alternateName":"Laboratoires Druide","url":"https:\/\/druidebio.com\/fr\/","logo":{"@type":"ImageObject","inLanguage":"fr-FR","@id":"https:\/\/druidebio.com\/fr\/#\/schema\/logo\/image\/","url":"https:\/\/druidebio.com\/wp-content\/uploads\/2022\/08\/logo-fav.png","contentUrl":"https:\/\/druidebio.com\/wp-content\/uploads\/2022\/08\/logo-fav.png","width":512,"height":512,"caption":"Druide"},"image":{"@id":"https:\/\/druidebio.com\/fr\/#\/schema\/logo\/image\/"},"sameAs":["https:\/\/www.facebook.com\/infodruide","https:\/\/www.instagram.com\/druidebio\/","https:\/\/www.pinterest.ca\/DruideBioCanada\/","https:\/\/www.youtube.com\/user\/DRUIDECANADA"]}]}},"_links":{"self":[{"href":"https:\/\/druidebio.com\/fr\/wp-json\/wp\/v2\/product\/2237","targetHints":{"allow":["GET"]}}],"collection":[{"href":"https:\/\/druidebio.com\/fr\/wp-json\/wp\/v2\/product"}],"about":[{"href":"https:\/\/druidebio.com\/fr\/wp-json\/wp\/v2\/types\/product"}],"replies":[{"embeddable":true,"href":"https:\/\/druidebio.com\/fr\/wp-json\/wp\/v2\/comments?post=2237"}],"wp:featuredmedia":[{"embeddable":true,"href":"https:\/\/druidebio.com\/fr\/wp-json\/wp\/v2\/media\/74486"}],"wp:attachment":[{"href":"https:\/\/druidebio.com\/fr\/wp-json\/wp\/v2\/media?parent=2237"}],"wp:term":[{"taxonomy":"product_brand","embeddable":true,"href":"https:\/\/druidebio.com\/fr\/wp-json\/wp\/v2\/product_brand?post=2237"},{"taxonomy":"product_cat","embeddable":true,"href":"https:\/\/druidebio.com\/fr\/wp-json\/wp\/v2\/product_cat?post=2237"},{"taxonomy":"product_tag","embeddable":true,"href":"https:\/\/druidebio.com\/fr\/wp-json\/wp\/v2\/product_tag?post=2237"},{"taxonomy":"giftcard-category","embeddable":true,"href":"https:\/\/druidebio.com\/fr\/wp-json\/wp\/v2\/giftcard-category?post=2237"}],"curies":[{"name":"wp","href":"https:\/\/api.w.org\/{rel}","templated":true}]}}