{"id":2231,"date":"2022-08-26T11:48:31","date_gmt":"2022-08-26T15:48:31","guid":{"rendered":"https:\/\/druide.wpengine.com\/product\/ecotrail-eucalyptus-outdoor-soap\/"},"modified":"2026-05-06T22:18:59","modified_gmt":"2026-05-07T02:18:59","slug":"savon-plein-air-eucalyptus-ecotrail","status":"publish","type":"product","link":"https:\/\/druidebio.com\/fr\/produit\/savon-plein-air-eucalyptus-ecotrail\/","title":{"rendered":"Savon Plein-Air Eucalyptus \u00c9cotrail"},"content":{"rendered":"<h2>Savon solide \u00c9coTrail : la solution \u00e9cologique pour une peau propre et fra\u00eeche<\/h2>\n<p>D\u00e9couvrez notre savon solide l&rsquo;eucalyptus citronn\u00e9, votre compagnon parfait pour un nettoyage doux de votre peau, que ce soit lors de vos s\u00e9jours en pleine nature ou au quotidien.<\/p>\n<p>Ce savon est non seulement \u00e9conomique et \u00e9cologique, mais il est aussi une solution efficace pour minimiser vos d\u00e9chets. Facile \u00e0 transporter, il s\u2019av\u00e8re \u00eatre un indispensable pour les voyages, le camping, les s\u00e9jours en chalet ou toute autre aventure en plein air.<\/p>\n<p>Il est formul\u00e9 pour respecter l&rsquo;environnement et notre \u00e9cosyst\u00e8me, sans phosphates, faisant de lui un choix responsable et durable. Il offre non seulement une propret\u00e9 in\u00e9gal\u00e9e, mais sert \u00e9galement de pr\u00e9vention contre les piq\u00fbres d&rsquo;insectes et apaise celles existantes, gr\u00e2ce \u00e0 ses propri\u00e9t\u00e9s uniques. La pr\u00e9sence d\u2019eucalyptus dans la formule laisse sur votre peau une senteur agr\u00e9able et rafra\u00eechissante.<\/p>\n<p>En optant pour ce savon polyvalent, vous contribuez \u00e0 la pr\u00e9servation de notre plan\u00e8te tout en b\u00e9n\u00e9ficiant d\u2019une peau propre, fra\u00eeche et apais\u00e9e, o\u00f9 que vous soyez.<\/p>\n<p>Nous nous engageons \u00e0 vous offrir un produit qui respecte votre peau et l&rsquo;environnement c\u2019est pourquoi notre savon est \u00e9cologique, certifi\u00e9 biologique par ECOCERT et enti\u00e8rement biod\u00e9gradable. Il est formul\u00e9 sans sulfates, sans silicones, sans gluten, sans parab\u00e8nes, sans PEG, sans alcool, sans OGM, sans perturbateurs endocriniens, sans goudron, sans quaternium, sans parfum, sans colorant et non test\u00e9 sur les animaux.<\/p>\n","protected":false},"excerpt":{"rendered":"<p>Notre Savon Solide EcoTrail Eucalyptus Citronn\u00e9, assure propret\u00e9 et protection \u00e0 la peau durant les excursions. Compact et polyvalent, il est facile \u00e0 utiliser et \u00e0 transporter. Ses ar\u00f4mes r\u00e9pulsifs pr\u00e9servent des piq\u00fbres d&rsquo;insectes et laissent un agr\u00e9able parfum frais sur la peau.<\/p>\n<ul>\n<li class=\"bullet-arrow\"><strong>Texture <\/strong>: Savon solide<\/li>\n<li class=\"bullet-arrow\"><strong>Odeur <\/strong>: Eucalyptus<\/li>\n<li class=\"bullet-arrow\"><strong>Format <\/strong>: 105 g \u2013 3.7 oz.<\/li>\n<\/ul>\n<div class=\"row row-full-width align-equal\"  id=\"row-310772794\">\n\t<div id=\"col-945387356\" class=\"col small-12 large-12\"  >\n\t\t\t\t<div class=\"col-inner\"  >\n\t\t\t\n\t\t\t\n\n  \n    <div class=\"row large-columns-8 medium-columns-8 small-columns-8 row-xsmall\" >\n  <div class=\"gallery-col col\" >\n          <div class=\"col-inner\">\n                        <div class=\"box has-hover gallery-box box-none\">\n              <div class=\"box-image\" >\n                <img width=\"1\" height=\"1\" src=\"https:\/\/druidebio.com\/wp-content\/uploads\/2023\/07\/EcoCert.svg\" class=\"attachment-medium size-medium\" alt=\"\" ids=\"861,868,864,863,865,862\" style=\"none\" lightbox=\"false\" col_spacing=\"xsmall\" columns=\"8\" columns__sm=\"8\" columns__md=\"8\" decoding=\"async\" loading=\"lazy\" \/>                                                              <\/div>\n              <div class=\"box-text text-left\" >\n                 <p><\/p>\n              <\/div>\n            <\/div>\n                      <\/div>\n         <\/div><div class=\"gallery-col col\" >\n          <div class=\"col-inner\">\n                        <div class=\"box has-hover gallery-box box-none\">\n              <div class=\"box-image\" >\n                <img width=\"1\" height=\"1\" src=\"https:\/\/druidebio.com\/wp-content\/uploads\/2023\/07\/Vegan.svg\" class=\"attachment-medium size-medium\" alt=\"\" ids=\"861,868,864,863,865,862\" style=\"none\" lightbox=\"false\" col_spacing=\"xsmall\" columns=\"8\" columns__sm=\"8\" columns__md=\"8\" decoding=\"async\" loading=\"lazy\" \/>                                                              <\/div>\n              <div class=\"box-text text-left\" >\n                 <p><\/p>\n              <\/div>\n            <\/div>\n                      <\/div>\n         <\/div><div class=\"gallery-col col\" >\n          <div class=\"col-inner\">\n                        <div class=\"box has-hover gallery-box box-none\">\n              <div class=\"box-image\" >\n                <img width=\"1\" height=\"1\" src=\"https:\/\/druidebio.com\/wp-content\/uploads\/2023\/07\/Not_Tested_Animals.svg\" class=\"attachment-medium size-medium\" alt=\"\" ids=\"861,868,864,863,865,862\" style=\"none\" lightbox=\"false\" col_spacing=\"xsmall\" columns=\"8\" columns__sm=\"8\" columns__md=\"8\" decoding=\"async\" loading=\"lazy\" \/>                                                              <\/div>\n              <div class=\"box-text text-left\" >\n                 <p><\/p>\n              <\/div>\n            <\/div>\n                      <\/div>\n         <\/div><div class=\"gallery-col col\" >\n          <div class=\"col-inner\">\n                        <div class=\"box has-hover gallery-box box-none\">\n              <div class=\"box-image\" >\n                <img width=\"1\" height=\"1\" src=\"https:\/\/druidebio.com\/wp-content\/uploads\/2023\/07\/NoGMO.svg\" class=\"attachment-medium size-medium\" alt=\"\" ids=\"861,868,864,863,865,862\" style=\"none\" lightbox=\"false\" col_spacing=\"xsmall\" columns=\"8\" columns__sm=\"8\" columns__md=\"8\" decoding=\"async\" loading=\"lazy\" \/>                                                              <\/div>\n              <div class=\"box-text text-left\" >\n                 <p><\/p>\n              <\/div>\n            <\/div>\n                      <\/div>\n         <\/div><div class=\"gallery-col col\" >\n          <div class=\"col-inner\">\n                        <div class=\"box has-hover gallery-box box-none\">\n              <div class=\"box-image\" >\n                <img width=\"1\" height=\"1\" src=\"https:\/\/druidebio.com\/wp-content\/uploads\/2023\/07\/Recyclable.svg\" class=\"attachment-medium size-medium\" alt=\"\" ids=\"861,868,864,863,865,862\" style=\"none\" lightbox=\"false\" col_spacing=\"xsmall\" columns=\"8\" columns__sm=\"8\" columns__md=\"8\" decoding=\"async\" loading=\"lazy\" \/>                                                              <\/div>\n              <div class=\"box-text text-left\" >\n                 <p><\/p>\n              <\/div>\n            <\/div>\n                      <\/div>\n         <\/div><div class=\"gallery-col col\" >\n          <div class=\"col-inner\">\n                        <div class=\"box has-hover gallery-box box-none\">\n              <div class=\"box-image\" >\n                <img width=\"1\" height=\"1\" src=\"https:\/\/druidebio.com\/wp-content\/uploads\/2023\/07\/Gluten_Free.svg\" class=\"attachment-medium size-medium\" alt=\"\" ids=\"861,868,864,863,865,862\" style=\"none\" lightbox=\"false\" col_spacing=\"xsmall\" columns=\"8\" columns__sm=\"8\" columns__md=\"8\" decoding=\"async\" loading=\"lazy\" \/>                                                              <\/div>\n              <div class=\"box-text text-left\" >\n                 <p><\/p>\n              <\/div>\n            <\/div>\n                      <\/div>\n         <\/div><\/div>\n\t\t<\/div>\n\t\t\t\t\t<\/div>\n\n\t<\/div>\n","protected":false},"featured_media":1630,"comment_status":"open","ping_status":"closed","template":"","meta":[],"product_brand":[],"product_cat":[102,96,97,116,93,94],"product_tag":[],"giftcard-category":[],"class_list":{"0":"post-2231","1":"product","2":"type-product","3":"status-publish","4":"has-post-thumbnail","6":"product_cat-druide-ecotrail-fr","7":"product_cat-hygiene-fr","8":"product_cat-plein-air","9":"product_cat-savons","10":"product_cat-soins-corps","11":"product_cat-soins-visage","13":"first","14":"instock","15":"taxable","16":"shipping-taxable","17":"purchasable","18":"product-type-simple"},"yoast_head":"<!-- This site is optimized with the Yoast SEO plugin v27.1.1 - https:\/\/yoast.com\/product\/yoast-seo-wordpress\/ -->\n<title>Savon Plein-Air Eucalyptus \u00c9cotrail | Laboratoires Druide\u00ae | Bio For Life<\/title>\n<meta name=\"description\" content=\"Notre Savon Solide EcoTrail Eucalyptus Citronn\u00e9, assure propret\u00e9 et protection \u00e0 la peau durant les excursions. Compact et polyvalent, il est facile \u00e0 utiliser et \u00e0 transporter. Ses ar\u00f4mes r\u00e9pulsifs pr\u00e9servent des piq\u00fbres d&#039;insectes et laissent un agr\u00e9able parfum frais sur la peau.\" \/>\n<meta name=\"robots\" content=\"index, follow, max-snippet:-1, max-image-preview:large, max-video-preview:-1\" \/>\n<link rel=\"canonical\" href=\"https:\/\/druidebio.com\/fr\/produit\/savon-plein-air-eucalyptus-ecotrail\/\" \/>\n<meta property=\"og:locale\" content=\"fr_FR\" \/>\n<meta property=\"og:type\" content=\"article\" \/>\n<meta property=\"og:title\" content=\"Savon Plein-Air Eucalyptus \u00c9cotrail | Laboratoires Druide\u00ae | Bio For Life\" \/>\n<meta property=\"og:description\" content=\"Notre Savon Solide EcoTrail Eucalyptus Citronn\u00e9, assure propret\u00e9 et protection \u00e0 la peau durant les excursions. Compact et polyvalent, il est facile \u00e0 utiliser et \u00e0 transporter. Ses ar\u00f4mes r\u00e9pulsifs pr\u00e9servent des piq\u00fbres d&#039;insectes et laissent un agr\u00e9able parfum frais sur la peau.\" \/>\n<meta property=\"og:url\" content=\"https:\/\/druidebio.com\/fr\/produit\/savon-plein-air-eucalyptus-ecotrail\/\" \/>\n<meta property=\"og:site_name\" content=\"Laboratoires Druide\u00ae | Bio For Life\" \/>\n<meta property=\"article:publisher\" content=\"https:\/\/www.facebook.com\/infodruide\" \/>\n<meta property=\"article:modified_time\" content=\"2026-05-07T02:18:59+00:00\" \/>\n<meta property=\"og:image\" content=\"https:\/\/druidebio.com\/wp-content\/uploads\/2022\/08\/druide-body-face-hair-care-ecotrail-outdoor-lemon-eucalyptus-palm-free-105g.jpg\" \/>\n\t<meta property=\"og:image:width\" content=\"1200\" \/>\n\t<meta property=\"og:image:height\" content=\"1200\" \/>\n\t<meta property=\"og:image:type\" content=\"image\/jpeg\" \/>\n<meta name=\"twitter:card\" content=\"summary_large_image\" \/>\n<script type=\"application\/ld+json\" class=\"yoast-schema-graph\">{\"@context\":\"https:\/\/schema.org\",\"@graph\":[{\"@type\":[\"WebPage\",\"ItemPage\"],\"@id\":\"https:\/\/druidebio.com\/fr\/produit\/savon-plein-air-eucalyptus-ecotrail\/\",\"url\":\"https:\/\/druidebio.com\/fr\/produit\/savon-plein-air-eucalyptus-ecotrail\/\",\"name\":\"Savon Plein-Air Eucalyptus \u00c9cotrail | Laboratoires Druide\u00ae | Bio For Life\",\"isPartOf\":{\"@id\":\"https:\/\/druidebio.com\/fr\/#website\"},\"primaryImageOfPage\":{\"@id\":\"https:\/\/druidebio.com\/fr\/produit\/savon-plein-air-eucalyptus-ecotrail\/#primaryimage\"},\"image\":{\"@id\":\"https:\/\/druidebio.com\/fr\/produit\/savon-plein-air-eucalyptus-ecotrail\/#primaryimage\"},\"thumbnailUrl\":\"https:\/\/druidebio.com\/wp-content\/uploads\/2022\/08\/druide-body-face-hair-care-ecotrail-outdoor-lemon-eucalyptus-palm-free-105g.jpg\",\"datePublished\":\"2022-08-26T15:48:31+00:00\",\"dateModified\":\"2026-05-07T02:18:59+00:00\",\"description\":\"Notre Savon Solide EcoTrail Eucalyptus Citronn\u00e9, assure propret\u00e9 et protection \u00e0 la peau durant les excursions. Compact et polyvalent, il est facile \u00e0 utiliser et \u00e0 transporter. Ses ar\u00f4mes r\u00e9pulsifs pr\u00e9servent des piq\u00fbres d'insectes et laissent un agr\u00e9able parfum frais sur la peau.\",\"breadcrumb\":{\"@id\":\"https:\/\/druidebio.com\/fr\/produit\/savon-plein-air-eucalyptus-ecotrail\/#breadcrumb\"},\"inLanguage\":\"fr-FR\",\"potentialAction\":[{\"@type\":\"ReadAction\",\"target\":[\"https:\/\/druidebio.com\/fr\/produit\/savon-plein-air-eucalyptus-ecotrail\/\"]}]},{\"@type\":\"ImageObject\",\"inLanguage\":\"fr-FR\",\"@id\":\"https:\/\/druidebio.com\/fr\/produit\/savon-plein-air-eucalyptus-ecotrail\/#primaryimage\",\"url\":\"https:\/\/druidebio.com\/wp-content\/uploads\/2022\/08\/druide-body-face-hair-care-ecotrail-outdoor-lemon-eucalyptus-palm-free-105g.jpg\",\"contentUrl\":\"https:\/\/druidebio.com\/wp-content\/uploads\/2022\/08\/druide-body-face-hair-care-ecotrail-outdoor-lemon-eucalyptus-palm-free-105g.jpg\",\"width\":1200,\"height\":1200,\"caption\":\"Savon Plein-Air Eucalyptus \u00c9cotrail\"},{\"@type\":\"BreadcrumbList\",\"@id\":\"https:\/\/druidebio.com\/fr\/produit\/savon-plein-air-eucalyptus-ecotrail\/#breadcrumb\",\"itemListElement\":[{\"@type\":\"ListItem\",\"position\":1,\"name\":\"Home\",\"item\":\"https:\/\/druidebio.com\/fr\/\"},{\"@type\":\"ListItem\",\"position\":2,\"name\":\"Boutique\",\"item\":\"https:\/\/druidebio.com\/fr\/boutique\/\"},{\"@type\":\"ListItem\",\"position\":3,\"name\":\"Savon Plein-Air Eucalyptus \u00c9cotrail\"}]},{\"@type\":\"WebSite\",\"@id\":\"https:\/\/druidebio.com\/fr\/#website\",\"url\":\"https:\/\/druidebio.com\/fr\/\",\"name\":\"Laboratoires Druide\u00ae | Bio For Life\",\"description\":\"Natural and Organic Products. ECOCERT\u00ae Certified.\",\"publisher\":{\"@id\":\"https:\/\/druidebio.com\/fr\/#organization\"},\"alternateName\":\"Druide\",\"potentialAction\":[{\"@type\":\"SearchAction\",\"target\":{\"@type\":\"EntryPoint\",\"urlTemplate\":\"https:\/\/druidebio.com\/fr\/?s={search_term_string}\"},\"query-input\":{\"@type\":\"PropertyValueSpecification\",\"valueRequired\":true,\"valueName\":\"search_term_string\"}}],\"inLanguage\":\"fr-FR\"},{\"@type\":\"Organization\",\"@id\":\"https:\/\/druidebio.com\/fr\/#organization\",\"name\":\"Druide\",\"alternateName\":\"Laboratoires Druide\",\"url\":\"https:\/\/druidebio.com\/fr\/\",\"logo\":{\"@type\":\"ImageObject\",\"inLanguage\":\"fr-FR\",\"@id\":\"https:\/\/druidebio.com\/fr\/#\/schema\/logo\/image\/\",\"url\":\"https:\/\/druidebio.com\/wp-content\/uploads\/2022\/08\/logo-fav.png\",\"contentUrl\":\"https:\/\/druidebio.com\/wp-content\/uploads\/2022\/08\/logo-fav.png\",\"width\":512,\"height\":512,\"caption\":\"Druide\"},\"image\":{\"@id\":\"https:\/\/druidebio.com\/fr\/#\/schema\/logo\/image\/\"},\"sameAs\":[\"https:\/\/www.facebook.com\/infodruide\",\"https:\/\/www.instagram.com\/druidebio\/\",\"https:\/\/www.pinterest.ca\/DruideBioCanada\/\",\"https:\/\/www.youtube.com\/user\/DRUIDECANADA\"]}]}<\/script>\n<!-- \/ Yoast SEO plugin. -->","yoast_head_json":{"title":"Savon Plein-Air Eucalyptus \u00c9cotrail | Laboratoires Druide\u00ae | Bio For Life","description":"Notre Savon Solide EcoTrail Eucalyptus Citronn\u00e9, assure propret\u00e9 et protection \u00e0 la peau durant les excursions. Compact et polyvalent, il est facile \u00e0 utiliser et \u00e0 transporter. Ses ar\u00f4mes r\u00e9pulsifs pr\u00e9servent des piq\u00fbres d'insectes et laissent un agr\u00e9able parfum frais sur la peau.","robots":{"index":"index","follow":"follow","max-snippet":"max-snippet:-1","max-image-preview":"max-image-preview:large","max-video-preview":"max-video-preview:-1"},"canonical":"https:\/\/druidebio.com\/fr\/produit\/savon-plein-air-eucalyptus-ecotrail\/","og_locale":"fr_FR","og_type":"article","og_title":"Savon Plein-Air Eucalyptus \u00c9cotrail | Laboratoires Druide\u00ae | Bio For Life","og_description":"Notre Savon Solide EcoTrail Eucalyptus Citronn\u00e9, assure propret\u00e9 et protection \u00e0 la peau durant les excursions. Compact et polyvalent, il est facile \u00e0 utiliser et \u00e0 transporter. Ses ar\u00f4mes r\u00e9pulsifs pr\u00e9servent des piq\u00fbres d'insectes et laissent un agr\u00e9able parfum frais sur la peau.","og_url":"https:\/\/druidebio.com\/fr\/produit\/savon-plein-air-eucalyptus-ecotrail\/","og_site_name":"Laboratoires Druide\u00ae | Bio For Life","article_publisher":"https:\/\/www.facebook.com\/infodruide","article_modified_time":"2026-05-07T02:18:59+00:00","og_image":[{"width":1200,"height":1200,"url":"https:\/\/druidebio.com\/wp-content\/uploads\/2022\/08\/druide-body-face-hair-care-ecotrail-outdoor-lemon-eucalyptus-palm-free-105g.jpg","type":"image\/jpeg"}],"twitter_card":"summary_large_image","schema":{"@context":"https:\/\/schema.org","@graph":[{"@type":["WebPage","ItemPage"],"@id":"https:\/\/druidebio.com\/fr\/produit\/savon-plein-air-eucalyptus-ecotrail\/","url":"https:\/\/druidebio.com\/fr\/produit\/savon-plein-air-eucalyptus-ecotrail\/","name":"Savon Plein-Air Eucalyptus \u00c9cotrail | Laboratoires Druide\u00ae | Bio For Life","isPartOf":{"@id":"https:\/\/druidebio.com\/fr\/#website"},"primaryImageOfPage":{"@id":"https:\/\/druidebio.com\/fr\/produit\/savon-plein-air-eucalyptus-ecotrail\/#primaryimage"},"image":{"@id":"https:\/\/druidebio.com\/fr\/produit\/savon-plein-air-eucalyptus-ecotrail\/#primaryimage"},"thumbnailUrl":"https:\/\/druidebio.com\/wp-content\/uploads\/2022\/08\/druide-body-face-hair-care-ecotrail-outdoor-lemon-eucalyptus-palm-free-105g.jpg","datePublished":"2022-08-26T15:48:31+00:00","dateModified":"2026-05-07T02:18:59+00:00","description":"Notre Savon Solide EcoTrail Eucalyptus Citronn\u00e9, assure propret\u00e9 et protection \u00e0 la peau durant les excursions. Compact et polyvalent, il est facile \u00e0 utiliser et \u00e0 transporter. Ses ar\u00f4mes r\u00e9pulsifs pr\u00e9servent des piq\u00fbres d'insectes et laissent un agr\u00e9able parfum frais sur la peau.","breadcrumb":{"@id":"https:\/\/druidebio.com\/fr\/produit\/savon-plein-air-eucalyptus-ecotrail\/#breadcrumb"},"inLanguage":"fr-FR","potentialAction":[{"@type":"ReadAction","target":["https:\/\/druidebio.com\/fr\/produit\/savon-plein-air-eucalyptus-ecotrail\/"]}]},{"@type":"ImageObject","inLanguage":"fr-FR","@id":"https:\/\/druidebio.com\/fr\/produit\/savon-plein-air-eucalyptus-ecotrail\/#primaryimage","url":"https:\/\/druidebio.com\/wp-content\/uploads\/2022\/08\/druide-body-face-hair-care-ecotrail-outdoor-lemon-eucalyptus-palm-free-105g.jpg","contentUrl":"https:\/\/druidebio.com\/wp-content\/uploads\/2022\/08\/druide-body-face-hair-care-ecotrail-outdoor-lemon-eucalyptus-palm-free-105g.jpg","width":1200,"height":1200,"caption":"Savon Plein-Air Eucalyptus \u00c9cotrail"},{"@type":"BreadcrumbList","@id":"https:\/\/druidebio.com\/fr\/produit\/savon-plein-air-eucalyptus-ecotrail\/#breadcrumb","itemListElement":[{"@type":"ListItem","position":1,"name":"Home","item":"https:\/\/druidebio.com\/fr\/"},{"@type":"ListItem","position":2,"name":"Boutique","item":"https:\/\/druidebio.com\/fr\/boutique\/"},{"@type":"ListItem","position":3,"name":"Savon Plein-Air Eucalyptus \u00c9cotrail"}]},{"@type":"WebSite","@id":"https:\/\/druidebio.com\/fr\/#website","url":"https:\/\/druidebio.com\/fr\/","name":"Laboratoires Druide\u00ae | Bio For Life","description":"Natural and Organic Products. ECOCERT\u00ae Certified.","publisher":{"@id":"https:\/\/druidebio.com\/fr\/#organization"},"alternateName":"Druide","potentialAction":[{"@type":"SearchAction","target":{"@type":"EntryPoint","urlTemplate":"https:\/\/druidebio.com\/fr\/?s={search_term_string}"},"query-input":{"@type":"PropertyValueSpecification","valueRequired":true,"valueName":"search_term_string"}}],"inLanguage":"fr-FR"},{"@type":"Organization","@id":"https:\/\/druidebio.com\/fr\/#organization","name":"Druide","alternateName":"Laboratoires Druide","url":"https:\/\/druidebio.com\/fr\/","logo":{"@type":"ImageObject","inLanguage":"fr-FR","@id":"https:\/\/druidebio.com\/fr\/#\/schema\/logo\/image\/","url":"https:\/\/druidebio.com\/wp-content\/uploads\/2022\/08\/logo-fav.png","contentUrl":"https:\/\/druidebio.com\/wp-content\/uploads\/2022\/08\/logo-fav.png","width":512,"height":512,"caption":"Druide"},"image":{"@id":"https:\/\/druidebio.com\/fr\/#\/schema\/logo\/image\/"},"sameAs":["https:\/\/www.facebook.com\/infodruide","https:\/\/www.instagram.com\/druidebio\/","https:\/\/www.pinterest.ca\/DruideBioCanada\/","https:\/\/www.youtube.com\/user\/DRUIDECANADA"]}]}},"_links":{"self":[{"href":"https:\/\/druidebio.com\/fr\/wp-json\/wp\/v2\/product\/2231","targetHints":{"allow":["GET"]}}],"collection":[{"href":"https:\/\/druidebio.com\/fr\/wp-json\/wp\/v2\/product"}],"about":[{"href":"https:\/\/druidebio.com\/fr\/wp-json\/wp\/v2\/types\/product"}],"replies":[{"embeddable":true,"href":"https:\/\/druidebio.com\/fr\/wp-json\/wp\/v2\/comments?post=2231"}],"wp:featuredmedia":[{"embeddable":true,"href":"https:\/\/druidebio.com\/fr\/wp-json\/wp\/v2\/media\/1630"}],"wp:attachment":[{"href":"https:\/\/druidebio.com\/fr\/wp-json\/wp\/v2\/media?parent=2231"}],"wp:term":[{"taxonomy":"product_brand","embeddable":true,"href":"https:\/\/druidebio.com\/fr\/wp-json\/wp\/v2\/product_brand?post=2231"},{"taxonomy":"product_cat","embeddable":true,"href":"https:\/\/druidebio.com\/fr\/wp-json\/wp\/v2\/product_cat?post=2231"},{"taxonomy":"product_tag","embeddable":true,"href":"https:\/\/druidebio.com\/fr\/wp-json\/wp\/v2\/product_tag?post=2231"},{"taxonomy":"giftcard-category","embeddable":true,"href":"https:\/\/druidebio.com\/fr\/wp-json\/wp\/v2\/giftcard-category?post=2231"}],"curies":[{"name":"wp","href":"https:\/\/api.w.org\/{rel}","templated":true}]}}