{"id":2229,"date":"2022-08-26T11:48:08","date_gmt":"2022-08-26T15:48:08","guid":{"rendered":"https:\/\/druide.wpengine.com\/product\/ecotrail-shampoo-shower-gel\/"},"modified":"2026-04-16T06:52:43","modified_gmt":"2026-04-16T10:52:43","slug":"shampoing-gel-douche-ecotrail","status":"publish","type":"product","link":"https:\/\/druidebio.com\/fr\/produit\/shampoing-gel-douche-ecotrail\/","title":{"rendered":"Shampoing et Gel Douche \u00c9cotrail"},"content":{"rendered":"<h2>Gel nettoyant \u00e9cologique \u00e0 l\u2019eucalyptus citronn\u00e9 : fra\u00eecheur et protection de la peau gr\u00e2ce \u00e0 son pouvoir r\u00e9pulsif.<\/h2>\n<p>Le Shampoing et Gel Douche Eucalyptus Citronn\u00e9 3-en-1 offre une solution de nettoyage compl\u00e8te pour le visage, le corps et les cheveux. Sa formule douce cr\u00e9e une mousse riche et nourrissante au contact de l&rsquo;eau, rendant la peau et les cheveux doux et propres, et respectant int\u00e9gralement le pH naturel de la peau, convenant ainsi \u00e0 chaque membre de la famille.<\/p>\n<p>Que vous soyez au camping, au chalet, en voyage en camping-car ou vous pr\u00e9parant pour toute activit\u00e9 en plein air, ce produit vous assure fra\u00eecheur et protection \u00e0 chaque utilisation. Son utilisation s&rsquo;inscrit aussi dans une d\u00e9marche \u00e9cologique, participant \u00e0 la pr\u00e9servation de notre environnement en \u00e9vitant la pollution des eaux us\u00e9es par des produits chimiques nocifs.<\/p>\n<p>Le plus de ce produit r\u00e9side aussi dans son agr\u00e9able parfum frais et bois\u00e9, vous enveloppant d\u2019une sensation de propret\u00e9 et de renouveau naturel. Simplifiez votre routine de soins avec ce nettoyant polyvalent et \u00e9cologique, et laissez votre peau et vos cheveux profiter de ses bienfaits revitalisants et purifiants.<\/p>\n<p>Nous nous engageons \u00e0 vous offrir un produit qui respecte votre peau et l&rsquo;environnement c\u2019est pourquoi il est certifi\u00e9 biologique par ECOCERT et enti\u00e8rement biod\u00e9gradable. Il est formul\u00e9 sans silicone, sans gluten, sans parab\u00e8ne, sans PEG, sans alcool, sans OGM, sans perturbateurs endocriniens, sans goudron, sans quaternium, sans parfum et sans colorant. De plus, il n&rsquo;est pas test\u00e9 sur les animaux, car nous soutenons l&rsquo;\u00e9thique animale. Sa formule sans phosphates ni sulfates, ni autres produits chimiques nocifs pour notre \u00e9cosyst\u00e8me, en fait un choix id\u00e9al pour une utilisation en plein air tout en pr\u00e9servant notre plan\u00e8te.<\/p>\n","protected":false},"excerpt":{"rendered":"<p>D\u00e9couvrez Shampoing et Gel Douche EcoTrail Eucalyptus Citronn\u00e9, votre alli\u00e9 3 en 1 pour un nettoyage naturel du visage, du corps et des cheveux. Profitez d&rsquo;une sensation de fra\u00eecheur et de propret\u00e9 tout en respectant l&rsquo;environnement.<\/p>\n<ul>\n<li class=\"bullet-arrow\"><strong>Texture <\/strong>: Gel riche<\/li>\n<li class=\"bullet-arrow\"><strong>Odeur <\/strong>: Eucalyptus citronn\u00e9<\/li>\n<li class=\"bullet-arrow\"><strong>Format <\/strong>: 250 ml \u2013 8.4 US Fl.oz.<\/li>\n<\/ul>\n<div class=\"row row-full-width align-equal\"  id=\"row-1854104287\">\n\t<div id=\"col-1869729897\" class=\"col small-12 large-12\"  >\n\t\t\t\t<div class=\"col-inner\"  >\n\t\t\t\n\t\t\t\n\n  \n    <div class=\"row large-columns-8 medium-columns-8 small-columns-8 row-xsmall\" >\n  <div class=\"gallery-col col\" >\n          <div class=\"col-inner\">\n                        <div class=\"box has-hover gallery-box box-none\">\n              <div class=\"box-image\" >\n                <img width=\"1\" height=\"1\" src=\"https:\/\/druidebio.com\/wp-content\/uploads\/2023\/07\/EcoCert.svg\" class=\"attachment-medium size-medium\" alt=\"\" ids=\"861, 864,863,865,862\" style=\"none\" lightbox=\"false\" col_spacing=\"xsmall\" columns=\"8\" columns__sm=\"8\" columns__md=\"8\" decoding=\"async\" loading=\"lazy\" \/>                                                              <\/div>\n              <div class=\"box-text text-left\" >\n                 <p><\/p>\n              <\/div>\n            <\/div>\n                      <\/div>\n         <\/div><div class=\"gallery-col col\" >\n          <div class=\"col-inner\">\n                        <div class=\"box has-hover gallery-box box-none\">\n              <div class=\"box-image\" >\n                <img width=\"1\" height=\"1\" src=\"https:\/\/druidebio.com\/wp-content\/uploads\/2023\/07\/Not_Tested_Animals.svg\" class=\"attachment-medium size-medium\" alt=\"\" ids=\"861, 864,863,865,862\" style=\"none\" lightbox=\"false\" col_spacing=\"xsmall\" columns=\"8\" columns__sm=\"8\" columns__md=\"8\" decoding=\"async\" loading=\"lazy\" \/>                                                              <\/div>\n              <div class=\"box-text text-left\" >\n                 <p><\/p>\n              <\/div>\n            <\/div>\n                      <\/div>\n         <\/div><div class=\"gallery-col col\" >\n          <div class=\"col-inner\">\n                        <div class=\"box has-hover gallery-box box-none\">\n              <div class=\"box-image\" >\n                <img width=\"1\" height=\"1\" src=\"https:\/\/druidebio.com\/wp-content\/uploads\/2023\/07\/NoGMO.svg\" class=\"attachment-medium size-medium\" alt=\"\" ids=\"861, 864,863,865,862\" style=\"none\" lightbox=\"false\" col_spacing=\"xsmall\" columns=\"8\" columns__sm=\"8\" columns__md=\"8\" decoding=\"async\" loading=\"lazy\" \/>                                                              <\/div>\n              <div class=\"box-text text-left\" >\n                 <p><\/p>\n              <\/div>\n            <\/div>\n                      <\/div>\n         <\/div><div class=\"gallery-col col\" >\n          <div class=\"col-inner\">\n                        <div class=\"box has-hover gallery-box box-none\">\n              <div class=\"box-image\" >\n                <img width=\"1\" height=\"1\" src=\"https:\/\/druidebio.com\/wp-content\/uploads\/2023\/07\/Recyclable.svg\" class=\"attachment-medium size-medium\" alt=\"\" ids=\"861, 864,863,865,862\" style=\"none\" lightbox=\"false\" col_spacing=\"xsmall\" columns=\"8\" columns__sm=\"8\" columns__md=\"8\" decoding=\"async\" loading=\"lazy\" \/>                                                              <\/div>\n              <div class=\"box-text text-left\" >\n                 <p><\/p>\n              <\/div>\n            <\/div>\n                      <\/div>\n         <\/div><div class=\"gallery-col col\" >\n          <div class=\"col-inner\">\n                        <div class=\"box has-hover gallery-box box-none\">\n              <div class=\"box-image\" >\n                <img width=\"1\" height=\"1\" src=\"https:\/\/druidebio.com\/wp-content\/uploads\/2023\/07\/Gluten_Free.svg\" class=\"attachment-medium size-medium\" alt=\"\" ids=\"861, 864,863,865,862\" style=\"none\" lightbox=\"false\" col_spacing=\"xsmall\" columns=\"8\" columns__sm=\"8\" columns__md=\"8\" decoding=\"async\" loading=\"lazy\" \/>                                                              <\/div>\n              <div class=\"box-text text-left\" >\n                 <p><\/p>\n              <\/div>\n            <\/div>\n                      <\/div>\n         <\/div><\/div>\n\t\t<\/div>\n\t\t\t\t\t<\/div>\n\n\t<\/div>\n","protected":false},"featured_media":74488,"comment_status":"open","ping_status":"closed","template":"","meta":[],"product_brand":[],"product_cat":[102,119,97,125,95],"product_tag":[],"giftcard-category":[],"class_list":{"0":"post-2229","1":"product","2":"type-product","3":"status-publish","4":"has-post-thumbnail","6":"product_cat-druide-ecotrail-fr","7":"product_cat-gels-douche","8":"product_cat-plein-air","9":"product_cat-shampooings-revitalisants","10":"product_cat-soins-capillaires","12":"first","13":"instock","14":"taxable","15":"shipping-taxable","16":"purchasable","17":"product-type-simple"},"yoast_head":"<!-- This site is optimized with the Yoast SEO plugin v27.1.1 - https:\/\/yoast.com\/product\/yoast-seo-wordpress\/ -->\n<title>Shampoing et Gel Douche \u00c9cotrail | Laboratoires Druide\u00ae | Bio For Life<\/title>\n<meta name=\"description\" content=\"D\u00e9couvrez Shampoing et Gel Douche EcoTrail Eucalyptus Citronn\u00e9, votre alli\u00e9 3 en 1 pour un nettoyage naturel du visage, du corps et des cheveux. Profitez d&#039;une sensation de fra\u00eecheur et de propret\u00e9 tout en respectant l&#039;environnement.\" \/>\n<meta name=\"robots\" content=\"index, follow, max-snippet:-1, max-image-preview:large, max-video-preview:-1\" \/>\n<link rel=\"canonical\" href=\"https:\/\/druidebio.com\/fr\/produit\/shampoing-gel-douche-ecotrail\/\" \/>\n<meta property=\"og:locale\" content=\"fr_FR\" \/>\n<meta property=\"og:type\" content=\"article\" \/>\n<meta property=\"og:title\" content=\"Shampoing et Gel Douche \u00c9cotrail | Laboratoires Druide\u00ae | Bio For Life\" \/>\n<meta property=\"og:description\" content=\"D\u00e9couvrez Shampoing et Gel Douche EcoTrail Eucalyptus Citronn\u00e9, votre alli\u00e9 3 en 1 pour un nettoyage naturel du visage, du corps et des cheveux. Profitez d&#039;une sensation de fra\u00eecheur et de propret\u00e9 tout en respectant l&#039;environnement.\" \/>\n<meta property=\"og:url\" content=\"https:\/\/druidebio.com\/fr\/produit\/shampoing-gel-douche-ecotrail\/\" \/>\n<meta property=\"og:site_name\" content=\"Laboratoires Druide\u00ae | Bio For Life\" \/>\n<meta property=\"article:publisher\" content=\"https:\/\/www.facebook.com\/infodruide\" \/>\n<meta property=\"article:modified_time\" content=\"2026-04-16T10:52:43+00:00\" \/>\n<meta property=\"og:image\" content=\"https:\/\/druidebio.com\/wp-content\/uploads\/2025\/07\/Ecotrail-Shampoo-Shower-Gel.jpg\" \/>\n\t<meta property=\"og:image:width\" content=\"1200\" \/>\n\t<meta property=\"og:image:height\" content=\"1200\" \/>\n\t<meta property=\"og:image:type\" content=\"image\/jpeg\" \/>\n<meta name=\"twitter:card\" content=\"summary_large_image\" \/>\n<script type=\"application\/ld+json\" class=\"yoast-schema-graph\">{\"@context\":\"https:\/\/schema.org\",\"@graph\":[{\"@type\":[\"WebPage\",\"ItemPage\"],\"@id\":\"https:\/\/druidebio.com\/fr\/produit\/shampoing-gel-douche-ecotrail\/\",\"url\":\"https:\/\/druidebio.com\/fr\/produit\/shampoing-gel-douche-ecotrail\/\",\"name\":\"Shampoing et Gel Douche \u00c9cotrail | Laboratoires Druide\u00ae | Bio For Life\",\"isPartOf\":{\"@id\":\"https:\/\/druidebio.com\/fr\/#website\"},\"primaryImageOfPage\":{\"@id\":\"https:\/\/druidebio.com\/fr\/produit\/shampoing-gel-douche-ecotrail\/#primaryimage\"},\"image\":{\"@id\":\"https:\/\/druidebio.com\/fr\/produit\/shampoing-gel-douche-ecotrail\/#primaryimage\"},\"thumbnailUrl\":\"https:\/\/druidebio.com\/wp-content\/uploads\/2025\/07\/Ecotrail-Shampoo-Shower-Gel.jpg\",\"datePublished\":\"2022-08-26T15:48:08+00:00\",\"dateModified\":\"2026-04-16T10:52:43+00:00\",\"description\":\"D\u00e9couvrez Shampoing et Gel Douche EcoTrail Eucalyptus Citronn\u00e9, votre alli\u00e9 3 en 1 pour un nettoyage naturel du visage, du corps et des cheveux. Profitez d'une sensation de fra\u00eecheur et de propret\u00e9 tout en respectant l'environnement.\",\"breadcrumb\":{\"@id\":\"https:\/\/druidebio.com\/fr\/produit\/shampoing-gel-douche-ecotrail\/#breadcrumb\"},\"inLanguage\":\"fr-FR\",\"potentialAction\":[{\"@type\":\"ReadAction\",\"target\":[\"https:\/\/druidebio.com\/fr\/produit\/shampoing-gel-douche-ecotrail\/\"]}]},{\"@type\":\"ImageObject\",\"inLanguage\":\"fr-FR\",\"@id\":\"https:\/\/druidebio.com\/fr\/produit\/shampoing-gel-douche-ecotrail\/#primaryimage\",\"url\":\"https:\/\/druidebio.com\/wp-content\/uploads\/2025\/07\/Ecotrail-Shampoo-Shower-Gel.jpg\",\"contentUrl\":\"https:\/\/druidebio.com\/wp-content\/uploads\/2025\/07\/Ecotrail-Shampoo-Shower-Gel.jpg\",\"width\":1200,\"height\":1200,\"caption\":\"Shampoing et Gel Douche \u00c9cotrail\"},{\"@type\":\"BreadcrumbList\",\"@id\":\"https:\/\/druidebio.com\/fr\/produit\/shampoing-gel-douche-ecotrail\/#breadcrumb\",\"itemListElement\":[{\"@type\":\"ListItem\",\"position\":1,\"name\":\"Home\",\"item\":\"https:\/\/druidebio.com\/fr\/\"},{\"@type\":\"ListItem\",\"position\":2,\"name\":\"Boutique\",\"item\":\"https:\/\/druidebio.com\/fr\/boutique\/\"},{\"@type\":\"ListItem\",\"position\":3,\"name\":\"Shampoing et Gel Douche \u00c9cotrail\"}]},{\"@type\":\"WebSite\",\"@id\":\"https:\/\/druidebio.com\/fr\/#website\",\"url\":\"https:\/\/druidebio.com\/fr\/\",\"name\":\"Laboratoires Druide\u00ae | Bio For Life\",\"description\":\"Natural and Organic Products. ECOCERT\u00ae Certified.\",\"publisher\":{\"@id\":\"https:\/\/druidebio.com\/fr\/#organization\"},\"alternateName\":\"Druide\",\"potentialAction\":[{\"@type\":\"SearchAction\",\"target\":{\"@type\":\"EntryPoint\",\"urlTemplate\":\"https:\/\/druidebio.com\/fr\/?s={search_term_string}\"},\"query-input\":{\"@type\":\"PropertyValueSpecification\",\"valueRequired\":true,\"valueName\":\"search_term_string\"}}],\"inLanguage\":\"fr-FR\"},{\"@type\":\"Organization\",\"@id\":\"https:\/\/druidebio.com\/fr\/#organization\",\"name\":\"Druide\",\"alternateName\":\"Laboratoires Druide\",\"url\":\"https:\/\/druidebio.com\/fr\/\",\"logo\":{\"@type\":\"ImageObject\",\"inLanguage\":\"fr-FR\",\"@id\":\"https:\/\/druidebio.com\/fr\/#\/schema\/logo\/image\/\",\"url\":\"https:\/\/druidebio.com\/wp-content\/uploads\/2022\/08\/logo-fav.png\",\"contentUrl\":\"https:\/\/druidebio.com\/wp-content\/uploads\/2022\/08\/logo-fav.png\",\"width\":512,\"height\":512,\"caption\":\"Druide\"},\"image\":{\"@id\":\"https:\/\/druidebio.com\/fr\/#\/schema\/logo\/image\/\"},\"sameAs\":[\"https:\/\/www.facebook.com\/infodruide\",\"https:\/\/www.instagram.com\/druidebio\/\",\"https:\/\/www.pinterest.ca\/DruideBioCanada\/\",\"https:\/\/www.youtube.com\/user\/DRUIDECANADA\"]}]}<\/script>\n<!-- \/ Yoast SEO plugin. -->","yoast_head_json":{"title":"Shampoing et Gel Douche \u00c9cotrail | Laboratoires Druide\u00ae | Bio For Life","description":"D\u00e9couvrez Shampoing et Gel Douche EcoTrail Eucalyptus Citronn\u00e9, votre alli\u00e9 3 en 1 pour un nettoyage naturel du visage, du corps et des cheveux. Profitez d'une sensation de fra\u00eecheur et de propret\u00e9 tout en respectant l'environnement.","robots":{"index":"index","follow":"follow","max-snippet":"max-snippet:-1","max-image-preview":"max-image-preview:large","max-video-preview":"max-video-preview:-1"},"canonical":"https:\/\/druidebio.com\/fr\/produit\/shampoing-gel-douche-ecotrail\/","og_locale":"fr_FR","og_type":"article","og_title":"Shampoing et Gel Douche \u00c9cotrail | Laboratoires Druide\u00ae | Bio For Life","og_description":"D\u00e9couvrez Shampoing et Gel Douche EcoTrail Eucalyptus Citronn\u00e9, votre alli\u00e9 3 en 1 pour un nettoyage naturel du visage, du corps et des cheveux. Profitez d'une sensation de fra\u00eecheur et de propret\u00e9 tout en respectant l'environnement.","og_url":"https:\/\/druidebio.com\/fr\/produit\/shampoing-gel-douche-ecotrail\/","og_site_name":"Laboratoires Druide\u00ae | Bio For Life","article_publisher":"https:\/\/www.facebook.com\/infodruide","article_modified_time":"2026-04-16T10:52:43+00:00","og_image":[{"width":1200,"height":1200,"url":"https:\/\/druidebio.com\/wp-content\/uploads\/2025\/07\/Ecotrail-Shampoo-Shower-Gel.jpg","type":"image\/jpeg"}],"twitter_card":"summary_large_image","schema":{"@context":"https:\/\/schema.org","@graph":[{"@type":["WebPage","ItemPage"],"@id":"https:\/\/druidebio.com\/fr\/produit\/shampoing-gel-douche-ecotrail\/","url":"https:\/\/druidebio.com\/fr\/produit\/shampoing-gel-douche-ecotrail\/","name":"Shampoing et Gel Douche \u00c9cotrail | Laboratoires Druide\u00ae | Bio For Life","isPartOf":{"@id":"https:\/\/druidebio.com\/fr\/#website"},"primaryImageOfPage":{"@id":"https:\/\/druidebio.com\/fr\/produit\/shampoing-gel-douche-ecotrail\/#primaryimage"},"image":{"@id":"https:\/\/druidebio.com\/fr\/produit\/shampoing-gel-douche-ecotrail\/#primaryimage"},"thumbnailUrl":"https:\/\/druidebio.com\/wp-content\/uploads\/2025\/07\/Ecotrail-Shampoo-Shower-Gel.jpg","datePublished":"2022-08-26T15:48:08+00:00","dateModified":"2026-04-16T10:52:43+00:00","description":"D\u00e9couvrez Shampoing et Gel Douche EcoTrail Eucalyptus Citronn\u00e9, votre alli\u00e9 3 en 1 pour un nettoyage naturel du visage, du corps et des cheveux. Profitez d'une sensation de fra\u00eecheur et de propret\u00e9 tout en respectant l'environnement.","breadcrumb":{"@id":"https:\/\/druidebio.com\/fr\/produit\/shampoing-gel-douche-ecotrail\/#breadcrumb"},"inLanguage":"fr-FR","potentialAction":[{"@type":"ReadAction","target":["https:\/\/druidebio.com\/fr\/produit\/shampoing-gel-douche-ecotrail\/"]}]},{"@type":"ImageObject","inLanguage":"fr-FR","@id":"https:\/\/druidebio.com\/fr\/produit\/shampoing-gel-douche-ecotrail\/#primaryimage","url":"https:\/\/druidebio.com\/wp-content\/uploads\/2025\/07\/Ecotrail-Shampoo-Shower-Gel.jpg","contentUrl":"https:\/\/druidebio.com\/wp-content\/uploads\/2025\/07\/Ecotrail-Shampoo-Shower-Gel.jpg","width":1200,"height":1200,"caption":"Shampoing et Gel Douche \u00c9cotrail"},{"@type":"BreadcrumbList","@id":"https:\/\/druidebio.com\/fr\/produit\/shampoing-gel-douche-ecotrail\/#breadcrumb","itemListElement":[{"@type":"ListItem","position":1,"name":"Home","item":"https:\/\/druidebio.com\/fr\/"},{"@type":"ListItem","position":2,"name":"Boutique","item":"https:\/\/druidebio.com\/fr\/boutique\/"},{"@type":"ListItem","position":3,"name":"Shampoing et Gel Douche \u00c9cotrail"}]},{"@type":"WebSite","@id":"https:\/\/druidebio.com\/fr\/#website","url":"https:\/\/druidebio.com\/fr\/","name":"Laboratoires Druide\u00ae | Bio For Life","description":"Natural and Organic Products. ECOCERT\u00ae Certified.","publisher":{"@id":"https:\/\/druidebio.com\/fr\/#organization"},"alternateName":"Druide","potentialAction":[{"@type":"SearchAction","target":{"@type":"EntryPoint","urlTemplate":"https:\/\/druidebio.com\/fr\/?s={search_term_string}"},"query-input":{"@type":"PropertyValueSpecification","valueRequired":true,"valueName":"search_term_string"}}],"inLanguage":"fr-FR"},{"@type":"Organization","@id":"https:\/\/druidebio.com\/fr\/#organization","name":"Druide","alternateName":"Laboratoires Druide","url":"https:\/\/druidebio.com\/fr\/","logo":{"@type":"ImageObject","inLanguage":"fr-FR","@id":"https:\/\/druidebio.com\/fr\/#\/schema\/logo\/image\/","url":"https:\/\/druidebio.com\/wp-content\/uploads\/2022\/08\/logo-fav.png","contentUrl":"https:\/\/druidebio.com\/wp-content\/uploads\/2022\/08\/logo-fav.png","width":512,"height":512,"caption":"Druide"},"image":{"@id":"https:\/\/druidebio.com\/fr\/#\/schema\/logo\/image\/"},"sameAs":["https:\/\/www.facebook.com\/infodruide","https:\/\/www.instagram.com\/druidebio\/","https:\/\/www.pinterest.ca\/DruideBioCanada\/","https:\/\/www.youtube.com\/user\/DRUIDECANADA"]}]}},"_links":{"self":[{"href":"https:\/\/druidebio.com\/fr\/wp-json\/wp\/v2\/product\/2229","targetHints":{"allow":["GET"]}}],"collection":[{"href":"https:\/\/druidebio.com\/fr\/wp-json\/wp\/v2\/product"}],"about":[{"href":"https:\/\/druidebio.com\/fr\/wp-json\/wp\/v2\/types\/product"}],"replies":[{"embeddable":true,"href":"https:\/\/druidebio.com\/fr\/wp-json\/wp\/v2\/comments?post=2229"}],"wp:featuredmedia":[{"embeddable":true,"href":"https:\/\/druidebio.com\/fr\/wp-json\/wp\/v2\/media\/74488"}],"wp:attachment":[{"href":"https:\/\/druidebio.com\/fr\/wp-json\/wp\/v2\/media?parent=2229"}],"wp:term":[{"taxonomy":"product_brand","embeddable":true,"href":"https:\/\/druidebio.com\/fr\/wp-json\/wp\/v2\/product_brand?post=2229"},{"taxonomy":"product_cat","embeddable":true,"href":"https:\/\/druidebio.com\/fr\/wp-json\/wp\/v2\/product_cat?post=2229"},{"taxonomy":"product_tag","embeddable":true,"href":"https:\/\/druidebio.com\/fr\/wp-json\/wp\/v2\/product_tag?post=2229"},{"taxonomy":"giftcard-category","embeddable":true,"href":"https:\/\/druidebio.com\/fr\/wp-json\/wp\/v2\/giftcard-category?post=2229"}],"curies":[{"name":"wp","href":"https:\/\/api.w.org\/{rel}","templated":true}]}}