{"id":2227,"date":"2022-08-26T11:48:31","date_gmt":"2022-08-26T15:48:31","guid":{"rendered":"https:\/\/druide.wpengine.com\/product\/ecotrail-citronella-outdoor-soap\/"},"modified":"2026-05-06T22:18:59","modified_gmt":"2026-05-07T02:18:59","slug":"savon-en-barre-a-la-citronnelle-ecotrail","status":"publish","type":"product","link":"https:\/\/druidebio.com\/fr\/produit\/savon-en-barre-a-la-citronnelle-ecotrail\/","title":{"rendered":"Savon en Barre \u00e0 la Citronnelle \u00c9cotrail"},"content":{"rendered":"<h2>Savon solide \u00e9co-responsable \u00e0 la citronnelle<\/h2>\n<p>D\u00e9couvrez notre Savon Solide 2-en-1, le compagnon de voyage id\u00e9al pour toutes vos aventures en plein air ! Ce savon multi-usages nettoie d\u00e9licatement le visage, les mains et le corps, tout en offrant une protection et un soulagement contre les piq\u00fbres d\u2019insectes, rendant vos s\u00e9jours en camping et vos activit\u00e9s ext\u00e9rieures plus agr\u00e9ables. Profitez de ses bienfaits nettoyants tout en contribuant \u00e0 la protection de l&rsquo;environnement. En optant pour ce savon, vous choisissez un produit \u00e9conomique et sans phosphates qui limite les emballages et respecte les \u00e9cosyst\u00e8mes. Il remplace efficacement vos nettoyants corporels, savons pour le visage et savons \u00e0 mains, tout en laissant sur votre peau une d\u00e9licate senteur de citronelle. Pratique et \u00e9cologique, notre il est l\u2019alternative parfaite pour un mode de vie durable et plus respectueux.<\/p>\n<p>Nous nous engageons \u00e0 vous offrir un produit qui respecte votre peau et l&rsquo;environnement c\u2019est pourquoi notre savon est \u00e9cologique, certifi\u00e9 biologique par ECOCERT et enti\u00e8rement biod\u00e9gradable. Il est formul\u00e9 sans sulfates, sans silicones, sans gluten, sans parab\u00e8nes, sans PEG, sans alcool, sans OGM, sans perturbateurs endocriniens, sans goudron, sans quaternium, sans parfum, sans colorant et non test\u00e9 sur les animaux.<\/p>\n","protected":false},"excerpt":{"rendered":"<p>D\u00e9couvrez la polyvalence de notre Savon Solide 2-en-1 \u00e0 la citronnelle, votre compagnon id\u00e9al pour toutes vos aventures en plein air, qui nettoie en douceur et repousse les insectes. Pratique et \u00e9conomique, il remplace plusieurs produits, r\u00e9duisant ainsi les emballages et respectant l\u2019environnement.<\/p>\n<ul>\n<li class=\"bullet-arrow\"><strong>Texture <\/strong>: Savon solide<\/li>\n<li class=\"bullet-arrow\"><strong>Odeur <\/strong>: Citronnelle<\/li>\n<li class=\"bullet-arrow\"><strong>Format <\/strong>: 105 g \u2013 3.7 oz.<\/li>\n<\/ul>\n<div class=\"row row-full-width align-equal\"  id=\"row-1896702156\">\n\t<div id=\"col-835617837\" class=\"col small-12 large-12\"  >\n\t\t\t\t<div class=\"col-inner\"  >\n\t\t\t\n\t\t\t\n\n  \n    <div class=\"row large-columns-8 medium-columns-8 small-columns-8 row-xsmall\" >\n  <div class=\"gallery-col col\" >\n          <div class=\"col-inner\">\n                        <div class=\"box has-hover gallery-box box-none\">\n              <div class=\"box-image\" >\n                <img width=\"1\" height=\"1\" src=\"https:\/\/druidebio.com\/wp-content\/uploads\/2023\/07\/EcoCert.svg\" class=\"attachment-medium size-medium\" alt=\"\" ids=\"861,868,864,863,865,862\" style=\"none\" lightbox=\"false\" col_spacing=\"xsmall\" columns=\"8\" columns__sm=\"8\" columns__md=\"8\" decoding=\"async\" loading=\"lazy\" \/>                                                              <\/div>\n              <div class=\"box-text text-left\" >\n                 <p><\/p>\n              <\/div>\n            <\/div>\n                      <\/div>\n         <\/div><div class=\"gallery-col col\" >\n          <div class=\"col-inner\">\n                        <div class=\"box has-hover gallery-box box-none\">\n              <div class=\"box-image\" >\n                <img width=\"1\" height=\"1\" src=\"https:\/\/druidebio.com\/wp-content\/uploads\/2023\/07\/Vegan.svg\" class=\"attachment-medium size-medium\" alt=\"\" ids=\"861,868,864,863,865,862\" style=\"none\" lightbox=\"false\" col_spacing=\"xsmall\" columns=\"8\" columns__sm=\"8\" columns__md=\"8\" decoding=\"async\" loading=\"lazy\" \/>                                                              <\/div>\n              <div class=\"box-text text-left\" >\n                 <p><\/p>\n              <\/div>\n            <\/div>\n                      <\/div>\n         <\/div><div class=\"gallery-col col\" >\n          <div class=\"col-inner\">\n                        <div class=\"box has-hover gallery-box box-none\">\n              <div class=\"box-image\" >\n                <img width=\"1\" height=\"1\" src=\"https:\/\/druidebio.com\/wp-content\/uploads\/2023\/07\/Not_Tested_Animals.svg\" class=\"attachment-medium size-medium\" alt=\"\" ids=\"861,868,864,863,865,862\" style=\"none\" lightbox=\"false\" col_spacing=\"xsmall\" columns=\"8\" columns__sm=\"8\" columns__md=\"8\" decoding=\"async\" loading=\"lazy\" \/>                                                              <\/div>\n              <div class=\"box-text text-left\" >\n                 <p><\/p>\n              <\/div>\n            <\/div>\n                      <\/div>\n         <\/div><div class=\"gallery-col col\" >\n          <div class=\"col-inner\">\n                        <div class=\"box has-hover gallery-box box-none\">\n              <div class=\"box-image\" >\n                <img width=\"1\" height=\"1\" src=\"https:\/\/druidebio.com\/wp-content\/uploads\/2023\/07\/NoGMO.svg\" class=\"attachment-medium size-medium\" alt=\"\" ids=\"861,868,864,863,865,862\" style=\"none\" lightbox=\"false\" col_spacing=\"xsmall\" columns=\"8\" columns__sm=\"8\" columns__md=\"8\" decoding=\"async\" loading=\"lazy\" \/>                                                              <\/div>\n              <div class=\"box-text text-left\" >\n                 <p><\/p>\n              <\/div>\n            <\/div>\n                      <\/div>\n         <\/div><div class=\"gallery-col col\" >\n          <div class=\"col-inner\">\n                        <div class=\"box has-hover gallery-box box-none\">\n              <div class=\"box-image\" >\n                <img width=\"1\" height=\"1\" src=\"https:\/\/druidebio.com\/wp-content\/uploads\/2023\/07\/Recyclable.svg\" class=\"attachment-medium size-medium\" alt=\"\" ids=\"861,868,864,863,865,862\" style=\"none\" lightbox=\"false\" col_spacing=\"xsmall\" columns=\"8\" columns__sm=\"8\" columns__md=\"8\" decoding=\"async\" loading=\"lazy\" \/>                                                              <\/div>\n              <div class=\"box-text text-left\" >\n                 <p><\/p>\n              <\/div>\n            <\/div>\n                      <\/div>\n         <\/div><div class=\"gallery-col col\" >\n          <div class=\"col-inner\">\n                        <div class=\"box has-hover gallery-box box-none\">\n              <div class=\"box-image\" >\n                <img width=\"1\" height=\"1\" src=\"https:\/\/druidebio.com\/wp-content\/uploads\/2023\/07\/Gluten_Free.svg\" class=\"attachment-medium size-medium\" alt=\"\" ids=\"861,868,864,863,865,862\" style=\"none\" lightbox=\"false\" col_spacing=\"xsmall\" columns=\"8\" columns__sm=\"8\" columns__md=\"8\" decoding=\"async\" loading=\"lazy\" \/>                                                              <\/div>\n              <div class=\"box-text text-left\" >\n                 <p><\/p>\n              <\/div>\n            <\/div>\n                      <\/div>\n         <\/div><\/div>\n\t\t<\/div>\n\t\t\t\t\t<\/div>\n\n\t<\/div>\n","protected":false},"featured_media":1623,"comment_status":"open","ping_status":"closed","template":"","meta":[],"product_brand":[],"product_cat":[102,96,97,116,93,94],"product_tag":[],"giftcard-category":[],"class_list":{"0":"post-2227","1":"product","2":"type-product","3":"status-publish","4":"has-post-thumbnail","6":"product_cat-druide-ecotrail-fr","7":"product_cat-hygiene-fr","8":"product_cat-plein-air","9":"product_cat-savons","10":"product_cat-soins-corps","11":"product_cat-soins-visage","13":"first","14":"instock","15":"taxable","16":"shipping-taxable","17":"purchasable","18":"product-type-simple"},"yoast_head":"<!-- This site is optimized with the Yoast SEO plugin v27.1.1 - https:\/\/yoast.com\/product\/yoast-seo-wordpress\/ -->\n<title>Savon en Barre \u00e0 la Citronnelle \u00c9cotrail | Laboratoires Druide\u00ae | Bio For Life<\/title>\n<meta name=\"description\" content=\"D\u00e9couvrez la polyvalence de notre Savon Solide 2-en-1 \u00e0 la citronnelle, votre compagnon id\u00e9al pour toutes vos aventures en plein air, qui nettoie en douceur et repousse les insectes. Pratique et \u00e9conomique, il remplace plusieurs produits, r\u00e9duisant ainsi les emballages et respectant l\u2019environnement.\" \/>\n<meta name=\"robots\" content=\"index, follow, max-snippet:-1, max-image-preview:large, max-video-preview:-1\" \/>\n<link rel=\"canonical\" href=\"https:\/\/druidebio.com\/fr\/produit\/savon-en-barre-a-la-citronnelle-ecotrail\/\" \/>\n<meta property=\"og:locale\" content=\"fr_FR\" \/>\n<meta property=\"og:type\" content=\"article\" \/>\n<meta property=\"og:title\" content=\"Savon en Barre \u00e0 la Citronnelle \u00c9cotrail | Laboratoires Druide\u00ae | Bio For Life\" \/>\n<meta property=\"og:description\" content=\"D\u00e9couvrez la polyvalence de notre Savon Solide 2-en-1 \u00e0 la citronnelle, votre compagnon id\u00e9al pour toutes vos aventures en plein air, qui nettoie en douceur et repousse les insectes. Pratique et \u00e9conomique, il remplace plusieurs produits, r\u00e9duisant ainsi les emballages et respectant l\u2019environnement.\" \/>\n<meta property=\"og:url\" content=\"https:\/\/druidebio.com\/fr\/produit\/savon-en-barre-a-la-citronnelle-ecotrail\/\" \/>\n<meta property=\"og:site_name\" content=\"Laboratoires Druide\u00ae | Bio For Life\" \/>\n<meta property=\"article:publisher\" content=\"https:\/\/www.facebook.com\/infodruide\" \/>\n<meta property=\"article:modified_time\" content=\"2026-05-07T02:18:59+00:00\" \/>\n<meta property=\"og:image\" content=\"https:\/\/druidebio.com\/wp-content\/uploads\/2022\/08\/druide-body-face-hair-care-ecotrail-outdoor-citronnella-soap-bar-105g-palm-free.jpg\" \/>\n\t<meta property=\"og:image:width\" content=\"1200\" \/>\n\t<meta property=\"og:image:height\" content=\"1200\" \/>\n\t<meta property=\"og:image:type\" content=\"image\/jpeg\" \/>\n<meta name=\"twitter:card\" content=\"summary_large_image\" \/>\n<script type=\"application\/ld+json\" class=\"yoast-schema-graph\">{\"@context\":\"https:\/\/schema.org\",\"@graph\":[{\"@type\":[\"WebPage\",\"ItemPage\"],\"@id\":\"https:\/\/druidebio.com\/fr\/produit\/savon-en-barre-a-la-citronnelle-ecotrail\/\",\"url\":\"https:\/\/druidebio.com\/fr\/produit\/savon-en-barre-a-la-citronnelle-ecotrail\/\",\"name\":\"Savon en Barre \u00e0 la Citronnelle \u00c9cotrail | Laboratoires Druide\u00ae | Bio For Life\",\"isPartOf\":{\"@id\":\"https:\/\/druidebio.com\/fr\/#website\"},\"primaryImageOfPage\":{\"@id\":\"https:\/\/druidebio.com\/fr\/produit\/savon-en-barre-a-la-citronnelle-ecotrail\/#primaryimage\"},\"image\":{\"@id\":\"https:\/\/druidebio.com\/fr\/produit\/savon-en-barre-a-la-citronnelle-ecotrail\/#primaryimage\"},\"thumbnailUrl\":\"https:\/\/druidebio.com\/wp-content\/uploads\/2022\/08\/druide-body-face-hair-care-ecotrail-outdoor-citronnella-soap-bar-105g-palm-free.jpg\",\"datePublished\":\"2022-08-26T15:48:31+00:00\",\"dateModified\":\"2026-05-07T02:18:59+00:00\",\"description\":\"D\u00e9couvrez la polyvalence de notre Savon Solide 2-en-1 \u00e0 la citronnelle, votre compagnon id\u00e9al pour toutes vos aventures en plein air, qui nettoie en douceur et repousse les insectes. Pratique et \u00e9conomique, il remplace plusieurs produits, r\u00e9duisant ainsi les emballages et respectant l\u2019environnement.\",\"breadcrumb\":{\"@id\":\"https:\/\/druidebio.com\/fr\/produit\/savon-en-barre-a-la-citronnelle-ecotrail\/#breadcrumb\"},\"inLanguage\":\"fr-FR\",\"potentialAction\":[{\"@type\":\"ReadAction\",\"target\":[\"https:\/\/druidebio.com\/fr\/produit\/savon-en-barre-a-la-citronnelle-ecotrail\/\"]}]},{\"@type\":\"ImageObject\",\"inLanguage\":\"fr-FR\",\"@id\":\"https:\/\/druidebio.com\/fr\/produit\/savon-en-barre-a-la-citronnelle-ecotrail\/#primaryimage\",\"url\":\"https:\/\/druidebio.com\/wp-content\/uploads\/2022\/08\/druide-body-face-hair-care-ecotrail-outdoor-citronnella-soap-bar-105g-palm-free.jpg\",\"contentUrl\":\"https:\/\/druidebio.com\/wp-content\/uploads\/2022\/08\/druide-body-face-hair-care-ecotrail-outdoor-citronnella-soap-bar-105g-palm-free.jpg\",\"width\":1200,\"height\":1200,\"caption\":\"Savon en Barre \u00e0 la Citronnelle \u00c9cotrail\"},{\"@type\":\"BreadcrumbList\",\"@id\":\"https:\/\/druidebio.com\/fr\/produit\/savon-en-barre-a-la-citronnelle-ecotrail\/#breadcrumb\",\"itemListElement\":[{\"@type\":\"ListItem\",\"position\":1,\"name\":\"Home\",\"item\":\"https:\/\/druidebio.com\/fr\/\"},{\"@type\":\"ListItem\",\"position\":2,\"name\":\"Boutique\",\"item\":\"https:\/\/druidebio.com\/fr\/boutique\/\"},{\"@type\":\"ListItem\",\"position\":3,\"name\":\"Savon en Barre \u00e0 la Citronnelle \u00c9cotrail\"}]},{\"@type\":\"WebSite\",\"@id\":\"https:\/\/druidebio.com\/fr\/#website\",\"url\":\"https:\/\/druidebio.com\/fr\/\",\"name\":\"Laboratoires Druide\u00ae | Bio For Life\",\"description\":\"Natural and Organic Products. ECOCERT\u00ae Certified.\",\"publisher\":{\"@id\":\"https:\/\/druidebio.com\/fr\/#organization\"},\"alternateName\":\"Druide\",\"potentialAction\":[{\"@type\":\"SearchAction\",\"target\":{\"@type\":\"EntryPoint\",\"urlTemplate\":\"https:\/\/druidebio.com\/fr\/?s={search_term_string}\"},\"query-input\":{\"@type\":\"PropertyValueSpecification\",\"valueRequired\":true,\"valueName\":\"search_term_string\"}}],\"inLanguage\":\"fr-FR\"},{\"@type\":\"Organization\",\"@id\":\"https:\/\/druidebio.com\/fr\/#organization\",\"name\":\"Druide\",\"alternateName\":\"Laboratoires Druide\",\"url\":\"https:\/\/druidebio.com\/fr\/\",\"logo\":{\"@type\":\"ImageObject\",\"inLanguage\":\"fr-FR\",\"@id\":\"https:\/\/druidebio.com\/fr\/#\/schema\/logo\/image\/\",\"url\":\"https:\/\/druidebio.com\/wp-content\/uploads\/2022\/08\/logo-fav.png\",\"contentUrl\":\"https:\/\/druidebio.com\/wp-content\/uploads\/2022\/08\/logo-fav.png\",\"width\":512,\"height\":512,\"caption\":\"Druide\"},\"image\":{\"@id\":\"https:\/\/druidebio.com\/fr\/#\/schema\/logo\/image\/\"},\"sameAs\":[\"https:\/\/www.facebook.com\/infodruide\",\"https:\/\/www.instagram.com\/druidebio\/\",\"https:\/\/www.pinterest.ca\/DruideBioCanada\/\",\"https:\/\/www.youtube.com\/user\/DRUIDECANADA\"]}]}<\/script>\n<!-- \/ Yoast SEO plugin. -->","yoast_head_json":{"title":"Savon en Barre \u00e0 la Citronnelle \u00c9cotrail | Laboratoires Druide\u00ae | Bio For Life","description":"D\u00e9couvrez la polyvalence de notre Savon Solide 2-en-1 \u00e0 la citronnelle, votre compagnon id\u00e9al pour toutes vos aventures en plein air, qui nettoie en douceur et repousse les insectes. Pratique et \u00e9conomique, il remplace plusieurs produits, r\u00e9duisant ainsi les emballages et respectant l\u2019environnement.","robots":{"index":"index","follow":"follow","max-snippet":"max-snippet:-1","max-image-preview":"max-image-preview:large","max-video-preview":"max-video-preview:-1"},"canonical":"https:\/\/druidebio.com\/fr\/produit\/savon-en-barre-a-la-citronnelle-ecotrail\/","og_locale":"fr_FR","og_type":"article","og_title":"Savon en Barre \u00e0 la Citronnelle \u00c9cotrail | Laboratoires Druide\u00ae | Bio For Life","og_description":"D\u00e9couvrez la polyvalence de notre Savon Solide 2-en-1 \u00e0 la citronnelle, votre compagnon id\u00e9al pour toutes vos aventures en plein air, qui nettoie en douceur et repousse les insectes. Pratique et \u00e9conomique, il remplace plusieurs produits, r\u00e9duisant ainsi les emballages et respectant l\u2019environnement.","og_url":"https:\/\/druidebio.com\/fr\/produit\/savon-en-barre-a-la-citronnelle-ecotrail\/","og_site_name":"Laboratoires Druide\u00ae | Bio For Life","article_publisher":"https:\/\/www.facebook.com\/infodruide","article_modified_time":"2026-05-07T02:18:59+00:00","og_image":[{"width":1200,"height":1200,"url":"https:\/\/druidebio.com\/wp-content\/uploads\/2022\/08\/druide-body-face-hair-care-ecotrail-outdoor-citronnella-soap-bar-105g-palm-free.jpg","type":"image\/jpeg"}],"twitter_card":"summary_large_image","schema":{"@context":"https:\/\/schema.org","@graph":[{"@type":["WebPage","ItemPage"],"@id":"https:\/\/druidebio.com\/fr\/produit\/savon-en-barre-a-la-citronnelle-ecotrail\/","url":"https:\/\/druidebio.com\/fr\/produit\/savon-en-barre-a-la-citronnelle-ecotrail\/","name":"Savon en Barre \u00e0 la Citronnelle \u00c9cotrail | Laboratoires Druide\u00ae | Bio For Life","isPartOf":{"@id":"https:\/\/druidebio.com\/fr\/#website"},"primaryImageOfPage":{"@id":"https:\/\/druidebio.com\/fr\/produit\/savon-en-barre-a-la-citronnelle-ecotrail\/#primaryimage"},"image":{"@id":"https:\/\/druidebio.com\/fr\/produit\/savon-en-barre-a-la-citronnelle-ecotrail\/#primaryimage"},"thumbnailUrl":"https:\/\/druidebio.com\/wp-content\/uploads\/2022\/08\/druide-body-face-hair-care-ecotrail-outdoor-citronnella-soap-bar-105g-palm-free.jpg","datePublished":"2022-08-26T15:48:31+00:00","dateModified":"2026-05-07T02:18:59+00:00","description":"D\u00e9couvrez la polyvalence de notre Savon Solide 2-en-1 \u00e0 la citronnelle, votre compagnon id\u00e9al pour toutes vos aventures en plein air, qui nettoie en douceur et repousse les insectes. Pratique et \u00e9conomique, il remplace plusieurs produits, r\u00e9duisant ainsi les emballages et respectant l\u2019environnement.","breadcrumb":{"@id":"https:\/\/druidebio.com\/fr\/produit\/savon-en-barre-a-la-citronnelle-ecotrail\/#breadcrumb"},"inLanguage":"fr-FR","potentialAction":[{"@type":"ReadAction","target":["https:\/\/druidebio.com\/fr\/produit\/savon-en-barre-a-la-citronnelle-ecotrail\/"]}]},{"@type":"ImageObject","inLanguage":"fr-FR","@id":"https:\/\/druidebio.com\/fr\/produit\/savon-en-barre-a-la-citronnelle-ecotrail\/#primaryimage","url":"https:\/\/druidebio.com\/wp-content\/uploads\/2022\/08\/druide-body-face-hair-care-ecotrail-outdoor-citronnella-soap-bar-105g-palm-free.jpg","contentUrl":"https:\/\/druidebio.com\/wp-content\/uploads\/2022\/08\/druide-body-face-hair-care-ecotrail-outdoor-citronnella-soap-bar-105g-palm-free.jpg","width":1200,"height":1200,"caption":"Savon en Barre \u00e0 la Citronnelle \u00c9cotrail"},{"@type":"BreadcrumbList","@id":"https:\/\/druidebio.com\/fr\/produit\/savon-en-barre-a-la-citronnelle-ecotrail\/#breadcrumb","itemListElement":[{"@type":"ListItem","position":1,"name":"Home","item":"https:\/\/druidebio.com\/fr\/"},{"@type":"ListItem","position":2,"name":"Boutique","item":"https:\/\/druidebio.com\/fr\/boutique\/"},{"@type":"ListItem","position":3,"name":"Savon en Barre \u00e0 la Citronnelle \u00c9cotrail"}]},{"@type":"WebSite","@id":"https:\/\/druidebio.com\/fr\/#website","url":"https:\/\/druidebio.com\/fr\/","name":"Laboratoires Druide\u00ae | Bio For Life","description":"Natural and Organic Products. ECOCERT\u00ae Certified.","publisher":{"@id":"https:\/\/druidebio.com\/fr\/#organization"},"alternateName":"Druide","potentialAction":[{"@type":"SearchAction","target":{"@type":"EntryPoint","urlTemplate":"https:\/\/druidebio.com\/fr\/?s={search_term_string}"},"query-input":{"@type":"PropertyValueSpecification","valueRequired":true,"valueName":"search_term_string"}}],"inLanguage":"fr-FR"},{"@type":"Organization","@id":"https:\/\/druidebio.com\/fr\/#organization","name":"Druide","alternateName":"Laboratoires Druide","url":"https:\/\/druidebio.com\/fr\/","logo":{"@type":"ImageObject","inLanguage":"fr-FR","@id":"https:\/\/druidebio.com\/fr\/#\/schema\/logo\/image\/","url":"https:\/\/druidebio.com\/wp-content\/uploads\/2022\/08\/logo-fav.png","contentUrl":"https:\/\/druidebio.com\/wp-content\/uploads\/2022\/08\/logo-fav.png","width":512,"height":512,"caption":"Druide"},"image":{"@id":"https:\/\/druidebio.com\/fr\/#\/schema\/logo\/image\/"},"sameAs":["https:\/\/www.facebook.com\/infodruide","https:\/\/www.instagram.com\/druidebio\/","https:\/\/www.pinterest.ca\/DruideBioCanada\/","https:\/\/www.youtube.com\/user\/DRUIDECANADA"]}]}},"_links":{"self":[{"href":"https:\/\/druidebio.com\/fr\/wp-json\/wp\/v2\/product\/2227","targetHints":{"allow":["GET"]}}],"collection":[{"href":"https:\/\/druidebio.com\/fr\/wp-json\/wp\/v2\/product"}],"about":[{"href":"https:\/\/druidebio.com\/fr\/wp-json\/wp\/v2\/types\/product"}],"replies":[{"embeddable":true,"href":"https:\/\/druidebio.com\/fr\/wp-json\/wp\/v2\/comments?post=2227"}],"wp:featuredmedia":[{"embeddable":true,"href":"https:\/\/druidebio.com\/fr\/wp-json\/wp\/v2\/media\/1623"}],"wp:attachment":[{"href":"https:\/\/druidebio.com\/fr\/wp-json\/wp\/v2\/media?parent=2227"}],"wp:term":[{"taxonomy":"product_brand","embeddable":true,"href":"https:\/\/druidebio.com\/fr\/wp-json\/wp\/v2\/product_brand?post=2227"},{"taxonomy":"product_cat","embeddable":true,"href":"https:\/\/druidebio.com\/fr\/wp-json\/wp\/v2\/product_cat?post=2227"},{"taxonomy":"product_tag","embeddable":true,"href":"https:\/\/druidebio.com\/fr\/wp-json\/wp\/v2\/product_tag?post=2227"},{"taxonomy":"giftcard-category","embeddable":true,"href":"https:\/\/druidebio.com\/fr\/wp-json\/wp\/v2\/giftcard-category?post=2227"}],"curies":[{"name":"wp","href":"https:\/\/api.w.org\/{rel}","templated":true}]}}