{"id":2225,"date":"2022-08-26T11:48:32","date_gmt":"2022-08-26T15:48:32","guid":{"rendered":"https:\/\/druide.wpengine.com\/product\/after-sting-calming-gel\/"},"modified":"2026-05-11T20:45:03","modified_gmt":"2026-05-12T00:45:03","slug":"soin-apres-piqures-ecotrail","status":"publish","type":"product","link":"https:\/\/druidebio.com\/fr\/produit\/soin-apres-piqures-ecotrail\/","title":{"rendered":"Soin Apr\u00e8s-Piq\u00fbres \u00c9cotrail"},"content":{"rendered":"<h2>Gel Apaisant apr\u00e8s-piq\u00fbres : calme les d\u00e9mangeaisons et limite les inflammations.<\/h2>\n<p>D\u00e9couvrez notre gel roll-on apr\u00e8s-piq\u00fbres, sp\u00e9cialement formul\u00e9 pour minimiser l&rsquo;inflammation et les d\u00e9mangeaisons caus\u00e9es par les piq\u00fbres d&rsquo;insectes telles que les moustiques, mouches noires, br\u00fblots, mouches \u00e0 chevreuil, taons, tiques et m\u00eame les abeilles. Une solution biologique adapt\u00e9e pour toute la famille, ce soin hydratant et r\u00e9parateur favorise aussi le renouvellement cellulaire pour r\u00e9g\u00e9n\u00e9rer la peau.<\/p>\n<p>Enrichi d&rsquo;huile essentielle de thym, renomm\u00e9e pour ses vertus antibact\u00e9riennes et antiseptiques, et d&rsquo;extrait de calendula, connu pour apaiser, hydrater et r\u00e9parer, ce soin offre une r\u00e9ponse rapide et efficace aux d\u00e9sagr\u00e9ments. Le m\u00e9lange botanique, incluant l&rsquo;huile essentielle de menthe poivr\u00e9e, procure une sensation de fra\u00eecheur sur la zone affect\u00e9e, apaisant les irritations et r\u00e9duisant les d\u00e9mangeaisons.<\/p>\n<p>\u00c9co-con\u00e7u, il est biod\u00e9gradable, sans phosphates ni substances chimiques n\u00e9fastes pour notre \u00e9cosyst\u00e8me. Sa subtile senteur bois\u00e9e et fra\u00eeche compl\u00e8te parfaitement son efficacit\u00e9, rendant chaque application plaisante.<\/p>\n<p>Nous nous engageons \u00e0 vous offrir un produit qui respecte votre peau et l&rsquo;environnement c\u2019est pourquoi il est \u00e9cologique et certifi\u00e9e biologique par ECOCERT, cette formule est enti\u00e8rement biod\u00e9gradable et ne contient ni silicone, ni gluten, ni parab\u00e8ne, ni PEG, ni alcool, ni OGM, ni perturbateurs endocriniens, ni goudron, ni quaternium, ni parfum, ni colorant. De plus, il n&rsquo;est pas test\u00e9 sur les animaux, car nous soutenons l&rsquo;\u00e9thique animale.<\/p>\n","protected":false},"excerpt":{"rendered":"<p>Soin calmant apr\u00e8s-piq\u00fbre EcoTrail, naturel et biod\u00e9gradable. Ce soin permet de soulager les d\u00e9mangeaisons li\u00e9es aux piq\u00fbres d\u2019insectes, procure une sensation de fra\u00eecheur imm\u00e9diate.<\/p>\n<ul>\n<li class=\"bullet-arrow\"><strong>Texture <\/strong>: Gel (applicateur \u00e0 bille)<\/li>\n<li class=\"bullet-arrow\"><strong>Odeur <\/strong>: Thym et Menthe Poivr\u00e9e<\/li>\n<li class=\"bullet-arrow\"><strong>Format <\/strong>: 15 ml \u2013 0.5 US Fl.oz.<\/li>\n<\/ul>\n<div class=\"row row-full-width align-equal\"  id=\"row-2056829084\">\n\t<div id=\"col-1035168414\" class=\"col small-12 large-12\"  >\n\t\t\t\t<div class=\"col-inner\"  >\n\t\t\t\n\t\t\t\n\n  \n    <div class=\"row large-columns-8 medium-columns-8 small-columns-8 row-xsmall\" >\n  <div class=\"gallery-col col\" >\n          <div class=\"col-inner\">\n                        <div class=\"box has-hover gallery-box box-none\">\n              <div class=\"box-image\" >\n                <img width=\"1\" height=\"1\" src=\"https:\/\/druidebio.com\/wp-content\/uploads\/2023\/07\/EcoCert.svg\" class=\"attachment-medium size-medium\" alt=\"\" ids=\"861,864,863,865,862\" style=\"none\" lightbox=\"false\" col_spacing=\"xsmall\" columns=\"8\" columns__sm=\"8\" columns__md=\"8\" decoding=\"async\" loading=\"lazy\" \/>                                                              <\/div>\n              <div class=\"box-text text-left\" >\n                 <p><\/p>\n              <\/div>\n            <\/div>\n                      <\/div>\n         <\/div><div class=\"gallery-col col\" >\n          <div class=\"col-inner\">\n                        <div class=\"box has-hover gallery-box box-none\">\n              <div class=\"box-image\" >\n                <img width=\"1\" height=\"1\" src=\"https:\/\/druidebio.com\/wp-content\/uploads\/2023\/07\/Not_Tested_Animals.svg\" class=\"attachment-medium size-medium\" alt=\"\" ids=\"861,864,863,865,862\" style=\"none\" lightbox=\"false\" col_spacing=\"xsmall\" columns=\"8\" columns__sm=\"8\" columns__md=\"8\" decoding=\"async\" loading=\"lazy\" \/>                                                              <\/div>\n              <div class=\"box-text text-left\" >\n                 <p><\/p>\n              <\/div>\n            <\/div>\n                      <\/div>\n         <\/div><div class=\"gallery-col col\" >\n          <div class=\"col-inner\">\n                        <div class=\"box has-hover gallery-box box-none\">\n              <div class=\"box-image\" >\n                <img width=\"1\" height=\"1\" src=\"https:\/\/druidebio.com\/wp-content\/uploads\/2023\/07\/NoGMO.svg\" class=\"attachment-medium size-medium\" alt=\"\" ids=\"861,864,863,865,862\" style=\"none\" lightbox=\"false\" col_spacing=\"xsmall\" columns=\"8\" columns__sm=\"8\" columns__md=\"8\" decoding=\"async\" loading=\"lazy\" \/>                                                              <\/div>\n              <div class=\"box-text text-left\" >\n                 <p><\/p>\n              <\/div>\n            <\/div>\n                      <\/div>\n         <\/div><div class=\"gallery-col col\" >\n          <div class=\"col-inner\">\n                        <div class=\"box has-hover gallery-box box-none\">\n              <div class=\"box-image\" >\n                <img width=\"1\" height=\"1\" src=\"https:\/\/druidebio.com\/wp-content\/uploads\/2023\/07\/Recyclable.svg\" class=\"attachment-medium size-medium\" alt=\"\" ids=\"861,864,863,865,862\" style=\"none\" lightbox=\"false\" col_spacing=\"xsmall\" columns=\"8\" columns__sm=\"8\" columns__md=\"8\" decoding=\"async\" loading=\"lazy\" \/>                                                              <\/div>\n              <div class=\"box-text text-left\" >\n                 <p><\/p>\n              <\/div>\n            <\/div>\n                      <\/div>\n         <\/div><div class=\"gallery-col col\" >\n          <div class=\"col-inner\">\n                        <div class=\"box has-hover gallery-box box-none\">\n              <div class=\"box-image\" >\n                <img width=\"1\" height=\"1\" src=\"https:\/\/druidebio.com\/wp-content\/uploads\/2023\/07\/Gluten_Free.svg\" class=\"attachment-medium size-medium\" alt=\"\" ids=\"861,864,863,865,862\" style=\"none\" lightbox=\"false\" col_spacing=\"xsmall\" columns=\"8\" columns__sm=\"8\" columns__md=\"8\" decoding=\"async\" loading=\"lazy\" \/>                                                              <\/div>\n              <div class=\"box-text text-left\" >\n                 <p><\/p>\n              <\/div>\n            <\/div>\n                      <\/div>\n         <\/div><\/div>\n\t\t<\/div>\n\t\t\t\t\t<\/div>\n\n\t<\/div>\n","protected":false},"featured_media":1622,"comment_status":"open","ping_status":"closed","template":"","meta":[],"product_brand":[],"product_cat":[124,102,97,93,94],"product_tag":[],"giftcard-category":[],"class_list":{"0":"post-2225","1":"product","2":"type-product","3":"status-publish","4":"has-post-thumbnail","6":"product_cat-chasse-insectes","7":"product_cat-druide-ecotrail-fr","8":"product_cat-plein-air","9":"product_cat-soins-corps","10":"product_cat-soins-visage","12":"first","13":"instock","14":"featured","15":"taxable","16":"shipping-taxable","17":"purchasable","18":"product-type-simple"},"yoast_head":"<!-- This site is optimized with the Yoast SEO plugin v27.1.1 - https:\/\/yoast.com\/product\/yoast-seo-wordpress\/ -->\n<title>Soin Apr\u00e8s-Piq\u00fbres \u00c9cotrail | Laboratoires Druide\u00ae | Bio For Life<\/title>\n<meta name=\"description\" content=\"Soin calmant apr\u00e8s-piq\u00fbre EcoTrail, naturel et biod\u00e9gradable. Ce soin permet de soulager les d\u00e9mangeaisons li\u00e9es aux piq\u00fbres d\u2019insectes, procure une sensation de fra\u00eecheur imm\u00e9diate.\" \/>\n<meta name=\"robots\" content=\"index, follow, max-snippet:-1, max-image-preview:large, max-video-preview:-1\" \/>\n<link rel=\"canonical\" href=\"https:\/\/druidebio.com\/fr\/produit\/soin-apres-piqures-ecotrail\/\" \/>\n<meta property=\"og:locale\" content=\"fr_FR\" \/>\n<meta property=\"og:type\" content=\"article\" \/>\n<meta property=\"og:title\" content=\"Soin Apr\u00e8s-Piq\u00fbres \u00c9cotrail | Laboratoires Druide\u00ae | Bio For Life\" \/>\n<meta property=\"og:description\" content=\"Soin calmant apr\u00e8s-piq\u00fbre EcoTrail, naturel et biod\u00e9gradable. Ce soin permet de soulager les d\u00e9mangeaisons li\u00e9es aux piq\u00fbres d\u2019insectes, procure une sensation de fra\u00eecheur imm\u00e9diate.\" \/>\n<meta property=\"og:url\" content=\"https:\/\/druidebio.com\/fr\/produit\/soin-apres-piqures-ecotrail\/\" \/>\n<meta property=\"og:site_name\" content=\"Laboratoires Druide\u00ae | Bio For Life\" \/>\n<meta property=\"article:publisher\" content=\"https:\/\/www.facebook.com\/infodruide\" \/>\n<meta property=\"article:modified_time\" content=\"2026-05-12T00:45:03+00:00\" \/>\n<meta property=\"og:image\" content=\"https:\/\/druidebio.com\/wp-content\/uploads\/2022\/08\/druide-body-care-ecotrail-outdoor-after-sting-calming-gel-15ml-tube.jpg\" \/>\n\t<meta property=\"og:image:width\" content=\"1200\" \/>\n\t<meta property=\"og:image:height\" content=\"1200\" \/>\n\t<meta property=\"og:image:type\" content=\"image\/jpeg\" \/>\n<meta name=\"twitter:card\" content=\"summary_large_image\" \/>\n<script type=\"application\/ld+json\" class=\"yoast-schema-graph\">{\"@context\":\"https:\/\/schema.org\",\"@graph\":[{\"@type\":[\"WebPage\",\"ItemPage\"],\"@id\":\"https:\/\/druidebio.com\/fr\/produit\/soin-apres-piqures-ecotrail\/\",\"url\":\"https:\/\/druidebio.com\/fr\/produit\/soin-apres-piqures-ecotrail\/\",\"name\":\"Soin Apr\u00e8s-Piq\u00fbres \u00c9cotrail | Laboratoires Druide\u00ae | Bio For Life\",\"isPartOf\":{\"@id\":\"https:\/\/druidebio.com\/fr\/#website\"},\"primaryImageOfPage\":{\"@id\":\"https:\/\/druidebio.com\/fr\/produit\/soin-apres-piqures-ecotrail\/#primaryimage\"},\"image\":{\"@id\":\"https:\/\/druidebio.com\/fr\/produit\/soin-apres-piqures-ecotrail\/#primaryimage\"},\"thumbnailUrl\":\"https:\/\/druidebio.com\/wp-content\/uploads\/2022\/08\/druide-body-care-ecotrail-outdoor-after-sting-calming-gel-15ml-tube.jpg\",\"datePublished\":\"2022-08-26T15:48:32+00:00\",\"dateModified\":\"2026-05-12T00:45:03+00:00\",\"description\":\"Soin calmant apr\u00e8s-piq\u00fbre EcoTrail, naturel et biod\u00e9gradable. Ce soin permet de soulager les d\u00e9mangeaisons li\u00e9es aux piq\u00fbres d\u2019insectes, procure une sensation de fra\u00eecheur imm\u00e9diate.\",\"breadcrumb\":{\"@id\":\"https:\/\/druidebio.com\/fr\/produit\/soin-apres-piqures-ecotrail\/#breadcrumb\"},\"inLanguage\":\"fr-FR\",\"potentialAction\":[{\"@type\":\"ReadAction\",\"target\":[\"https:\/\/druidebio.com\/fr\/produit\/soin-apres-piqures-ecotrail\/\"]}]},{\"@type\":\"ImageObject\",\"inLanguage\":\"fr-FR\",\"@id\":\"https:\/\/druidebio.com\/fr\/produit\/soin-apres-piqures-ecotrail\/#primaryimage\",\"url\":\"https:\/\/druidebio.com\/wp-content\/uploads\/2022\/08\/druide-body-care-ecotrail-outdoor-after-sting-calming-gel-15ml-tube.jpg\",\"contentUrl\":\"https:\/\/druidebio.com\/wp-content\/uploads\/2022\/08\/druide-body-care-ecotrail-outdoor-after-sting-calming-gel-15ml-tube.jpg\",\"width\":1200,\"height\":1200,\"caption\":\"Soin Apr\u00e8s-Piq\u00fbres \u00c9cotrail\"},{\"@type\":\"BreadcrumbList\",\"@id\":\"https:\/\/druidebio.com\/fr\/produit\/soin-apres-piqures-ecotrail\/#breadcrumb\",\"itemListElement\":[{\"@type\":\"ListItem\",\"position\":1,\"name\":\"Home\",\"item\":\"https:\/\/druidebio.com\/fr\/\"},{\"@type\":\"ListItem\",\"position\":2,\"name\":\"Boutique\",\"item\":\"https:\/\/druidebio.com\/fr\/boutique\/\"},{\"@type\":\"ListItem\",\"position\":3,\"name\":\"Soin Apr\u00e8s-Piq\u00fbres \u00c9cotrail\"}]},{\"@type\":\"WebSite\",\"@id\":\"https:\/\/druidebio.com\/fr\/#website\",\"url\":\"https:\/\/druidebio.com\/fr\/\",\"name\":\"Laboratoires Druide\u00ae | Bio For Life\",\"description\":\"Natural and Organic Products. ECOCERT\u00ae Certified.\",\"publisher\":{\"@id\":\"https:\/\/druidebio.com\/fr\/#organization\"},\"alternateName\":\"Druide\",\"potentialAction\":[{\"@type\":\"SearchAction\",\"target\":{\"@type\":\"EntryPoint\",\"urlTemplate\":\"https:\/\/druidebio.com\/fr\/?s={search_term_string}\"},\"query-input\":{\"@type\":\"PropertyValueSpecification\",\"valueRequired\":true,\"valueName\":\"search_term_string\"}}],\"inLanguage\":\"fr-FR\"},{\"@type\":\"Organization\",\"@id\":\"https:\/\/druidebio.com\/fr\/#organization\",\"name\":\"Druide\",\"alternateName\":\"Laboratoires Druide\",\"url\":\"https:\/\/druidebio.com\/fr\/\",\"logo\":{\"@type\":\"ImageObject\",\"inLanguage\":\"fr-FR\",\"@id\":\"https:\/\/druidebio.com\/fr\/#\/schema\/logo\/image\/\",\"url\":\"https:\/\/druidebio.com\/wp-content\/uploads\/2022\/08\/logo-fav.png\",\"contentUrl\":\"https:\/\/druidebio.com\/wp-content\/uploads\/2022\/08\/logo-fav.png\",\"width\":512,\"height\":512,\"caption\":\"Druide\"},\"image\":{\"@id\":\"https:\/\/druidebio.com\/fr\/#\/schema\/logo\/image\/\"},\"sameAs\":[\"https:\/\/www.facebook.com\/infodruide\",\"https:\/\/www.instagram.com\/druidebio\/\",\"https:\/\/www.pinterest.ca\/DruideBioCanada\/\",\"https:\/\/www.youtube.com\/user\/DRUIDECANADA\"]}]}<\/script>\n<!-- \/ Yoast SEO plugin. -->","yoast_head_json":{"title":"Soin Apr\u00e8s-Piq\u00fbres \u00c9cotrail | Laboratoires Druide\u00ae | Bio For Life","description":"Soin calmant apr\u00e8s-piq\u00fbre EcoTrail, naturel et biod\u00e9gradable. Ce soin permet de soulager les d\u00e9mangeaisons li\u00e9es aux piq\u00fbres d\u2019insectes, procure une sensation de fra\u00eecheur imm\u00e9diate.","robots":{"index":"index","follow":"follow","max-snippet":"max-snippet:-1","max-image-preview":"max-image-preview:large","max-video-preview":"max-video-preview:-1"},"canonical":"https:\/\/druidebio.com\/fr\/produit\/soin-apres-piqures-ecotrail\/","og_locale":"fr_FR","og_type":"article","og_title":"Soin Apr\u00e8s-Piq\u00fbres \u00c9cotrail | Laboratoires Druide\u00ae | Bio For Life","og_description":"Soin calmant apr\u00e8s-piq\u00fbre EcoTrail, naturel et biod\u00e9gradable. Ce soin permet de soulager les d\u00e9mangeaisons li\u00e9es aux piq\u00fbres d\u2019insectes, procure une sensation de fra\u00eecheur imm\u00e9diate.","og_url":"https:\/\/druidebio.com\/fr\/produit\/soin-apres-piqures-ecotrail\/","og_site_name":"Laboratoires Druide\u00ae | Bio For Life","article_publisher":"https:\/\/www.facebook.com\/infodruide","article_modified_time":"2026-05-12T00:45:03+00:00","og_image":[{"width":1200,"height":1200,"url":"https:\/\/druidebio.com\/wp-content\/uploads\/2022\/08\/druide-body-care-ecotrail-outdoor-after-sting-calming-gel-15ml-tube.jpg","type":"image\/jpeg"}],"twitter_card":"summary_large_image","schema":{"@context":"https:\/\/schema.org","@graph":[{"@type":["WebPage","ItemPage"],"@id":"https:\/\/druidebio.com\/fr\/produit\/soin-apres-piqures-ecotrail\/","url":"https:\/\/druidebio.com\/fr\/produit\/soin-apres-piqures-ecotrail\/","name":"Soin Apr\u00e8s-Piq\u00fbres \u00c9cotrail | Laboratoires Druide\u00ae | Bio For Life","isPartOf":{"@id":"https:\/\/druidebio.com\/fr\/#website"},"primaryImageOfPage":{"@id":"https:\/\/druidebio.com\/fr\/produit\/soin-apres-piqures-ecotrail\/#primaryimage"},"image":{"@id":"https:\/\/druidebio.com\/fr\/produit\/soin-apres-piqures-ecotrail\/#primaryimage"},"thumbnailUrl":"https:\/\/druidebio.com\/wp-content\/uploads\/2022\/08\/druide-body-care-ecotrail-outdoor-after-sting-calming-gel-15ml-tube.jpg","datePublished":"2022-08-26T15:48:32+00:00","dateModified":"2026-05-12T00:45:03+00:00","description":"Soin calmant apr\u00e8s-piq\u00fbre EcoTrail, naturel et biod\u00e9gradable. Ce soin permet de soulager les d\u00e9mangeaisons li\u00e9es aux piq\u00fbres d\u2019insectes, procure une sensation de fra\u00eecheur imm\u00e9diate.","breadcrumb":{"@id":"https:\/\/druidebio.com\/fr\/produit\/soin-apres-piqures-ecotrail\/#breadcrumb"},"inLanguage":"fr-FR","potentialAction":[{"@type":"ReadAction","target":["https:\/\/druidebio.com\/fr\/produit\/soin-apres-piqures-ecotrail\/"]}]},{"@type":"ImageObject","inLanguage":"fr-FR","@id":"https:\/\/druidebio.com\/fr\/produit\/soin-apres-piqures-ecotrail\/#primaryimage","url":"https:\/\/druidebio.com\/wp-content\/uploads\/2022\/08\/druide-body-care-ecotrail-outdoor-after-sting-calming-gel-15ml-tube.jpg","contentUrl":"https:\/\/druidebio.com\/wp-content\/uploads\/2022\/08\/druide-body-care-ecotrail-outdoor-after-sting-calming-gel-15ml-tube.jpg","width":1200,"height":1200,"caption":"Soin Apr\u00e8s-Piq\u00fbres \u00c9cotrail"},{"@type":"BreadcrumbList","@id":"https:\/\/druidebio.com\/fr\/produit\/soin-apres-piqures-ecotrail\/#breadcrumb","itemListElement":[{"@type":"ListItem","position":1,"name":"Home","item":"https:\/\/druidebio.com\/fr\/"},{"@type":"ListItem","position":2,"name":"Boutique","item":"https:\/\/druidebio.com\/fr\/boutique\/"},{"@type":"ListItem","position":3,"name":"Soin Apr\u00e8s-Piq\u00fbres \u00c9cotrail"}]},{"@type":"WebSite","@id":"https:\/\/druidebio.com\/fr\/#website","url":"https:\/\/druidebio.com\/fr\/","name":"Laboratoires Druide\u00ae | Bio For Life","description":"Natural and Organic Products. ECOCERT\u00ae Certified.","publisher":{"@id":"https:\/\/druidebio.com\/fr\/#organization"},"alternateName":"Druide","potentialAction":[{"@type":"SearchAction","target":{"@type":"EntryPoint","urlTemplate":"https:\/\/druidebio.com\/fr\/?s={search_term_string}"},"query-input":{"@type":"PropertyValueSpecification","valueRequired":true,"valueName":"search_term_string"}}],"inLanguage":"fr-FR"},{"@type":"Organization","@id":"https:\/\/druidebio.com\/fr\/#organization","name":"Druide","alternateName":"Laboratoires Druide","url":"https:\/\/druidebio.com\/fr\/","logo":{"@type":"ImageObject","inLanguage":"fr-FR","@id":"https:\/\/druidebio.com\/fr\/#\/schema\/logo\/image\/","url":"https:\/\/druidebio.com\/wp-content\/uploads\/2022\/08\/logo-fav.png","contentUrl":"https:\/\/druidebio.com\/wp-content\/uploads\/2022\/08\/logo-fav.png","width":512,"height":512,"caption":"Druide"},"image":{"@id":"https:\/\/druidebio.com\/fr\/#\/schema\/logo\/image\/"},"sameAs":["https:\/\/www.facebook.com\/infodruide","https:\/\/www.instagram.com\/druidebio\/","https:\/\/www.pinterest.ca\/DruideBioCanada\/","https:\/\/www.youtube.com\/user\/DRUIDECANADA"]}]}},"_links":{"self":[{"href":"https:\/\/druidebio.com\/fr\/wp-json\/wp\/v2\/product\/2225","targetHints":{"allow":["GET"]}}],"collection":[{"href":"https:\/\/druidebio.com\/fr\/wp-json\/wp\/v2\/product"}],"about":[{"href":"https:\/\/druidebio.com\/fr\/wp-json\/wp\/v2\/types\/product"}],"replies":[{"embeddable":true,"href":"https:\/\/druidebio.com\/fr\/wp-json\/wp\/v2\/comments?post=2225"}],"wp:featuredmedia":[{"embeddable":true,"href":"https:\/\/druidebio.com\/fr\/wp-json\/wp\/v2\/media\/1622"}],"wp:attachment":[{"href":"https:\/\/druidebio.com\/fr\/wp-json\/wp\/v2\/media?parent=2225"}],"wp:term":[{"taxonomy":"product_brand","embeddable":true,"href":"https:\/\/druidebio.com\/fr\/wp-json\/wp\/v2\/product_brand?post=2225"},{"taxonomy":"product_cat","embeddable":true,"href":"https:\/\/druidebio.com\/fr\/wp-json\/wp\/v2\/product_cat?post=2225"},{"taxonomy":"product_tag","embeddable":true,"href":"https:\/\/druidebio.com\/fr\/wp-json\/wp\/v2\/product_tag?post=2225"},{"taxonomy":"giftcard-category","embeddable":true,"href":"https:\/\/druidebio.com\/fr\/wp-json\/wp\/v2\/giftcard-category?post=2225"}],"curies":[{"name":"wp","href":"https:\/\/api.w.org\/{rel}","templated":true}]}}