{"id":2217,"date":"2022-08-26T11:48:26","date_gmt":"2022-08-26T15:48:26","guid":{"rendered":"https:\/\/druide.wpengine.com\/product\/serenity-spa-hand-cream\/"},"modified":"2026-04-01T23:12:02","modified_gmt":"2026-04-02T03:12:02","slug":"creme-a-mains-spa-detente","status":"publish","type":"product","link":"https:\/\/druidebio.com\/fr\/produit\/creme-a-mains-spa-detente\/","title":{"rendered":"Cr\u00e8me \u00e0 Mains Spa D\u00e9tente"},"content":{"rendered":"<h2>Une hydratation profonde, indispensable pour avoir de belles mains<\/h2>\n<p>Faites l&rsquo;exp\u00e9rience d&rsquo;une hydratation profonde avec notre cr\u00e8me biologique pour les mains. Id\u00e9ale pour les peaux s\u00e8ches, rugueuses ou gerc\u00e9es, cette cr\u00e8me restaure la barri\u00e8re d\u2019hydratation cutan\u00e9e tout en respectant le pH et le microbiote de la peau. Les sensations d\u2019irritations ou de d\u00e9mangeaisons, souvent dues au lavage fr\u00e9quent ou \u00e0 l\u2019environnement froid, sont instantan\u00e9ment soulag\u00e9es.<\/p>\n<p>Sa texture l\u00e9g\u00e8re, riche en huiles v\u00e9g\u00e9tales et en extraits de plantes, p\u00e9n\u00e8tre rapidement, offrant une protection sans r\u00e9sidu collant.<\/p>\n<p>Laissez-vous s\u00e9duire par son parfum frais et apaisant, combinant la vivacit\u00e9 de l&rsquo;eucalyptus, la douceur de la lavande et la subtilit\u00e9 de la bergamote.<\/p>\n<p>Adapt\u00e9e \u00e0 toutes les peaux, cette cr\u00e8me garantit douceur et hydratation pour des mains sublim\u00e9es jour apr\u00e8s jour.<\/p>\n<p>Certifi\u00e9e Cosmos Organic par \u00c9cocert, cette cr\u00e8me est un choix responsable. 100 % v\u00e9g\u00e9tal (vegan), biod\u00e9gradable, sans silicones, sans parab\u00e8nes, sans alcool, sans PEG, sans gluten, sans OGM, sans perturbateurs endocriniens, sans goudron, sans quaternium, sans parfum, sans colorant et n&rsquo;est pas test\u00e9e sur les animaux.<\/p>\n","protected":false},"excerpt":{"rendered":"<p>Notre Cr\u00e8me Mains Spa D\u00e9tente BioLove hydrate intens\u00e9ment les peaux s\u00e8ches ou ab\u00eem\u00e9es, et apaise les irritations. Elle p\u00e9n\u00e8tre rapidement sans laisser de r\u00e9sidu collant. Son parfum m\u00ealant l&rsquo;eucalyptus vivifiant \u00e0 la douceur de la lavande et de la bergamote, vous offre des mains belles et parfum\u00e9es au quotidien.<\/p>\n<ul>\n<li class=\"bullet-arrow\"><strong>Texture <\/strong>: Cr\u00e8me l\u00e9g\u00e8re<\/li>\n<li class=\"bullet-arrow\"><strong>Odeur <\/strong>: Eucalyptus, Lavande, Bergamote<\/li>\n<li class=\"bullet-arrow\"><strong>Format <\/strong>: 60 ml \u2013 2 US Fl.oz.<\/li>\n<\/ul>\n<div class=\"row row-full-width align-equal\"  id=\"row-247738385\">\n\t<div id=\"col-2076120301\" class=\"col small-12 large-12\"  >\n\t\t\t\t<div class=\"col-inner\"  >\n\t\t\t\n\t\t\t\n\n  \n    <div class=\"row large-columns-8 medium-columns-8 small-columns-8 row-xsmall\" >\n  <div class=\"gallery-col col\" >\n          <div class=\"col-inner\">\n                        <div class=\"box has-hover gallery-box box-none\">\n              <div class=\"box-image\" >\n                <img width=\"1\" height=\"1\" src=\"https:\/\/druidebio.com\/wp-content\/uploads\/2023\/07\/EcoCert.svg\" class=\"attachment-medium size-medium\" alt=\"\" ids=\"861,868,864,863,865,862\" style=\"none\" lightbox=\"false\" col_spacing=\"xsmall\" columns=\"8\" columns__sm=\"8\" columns__md=\"8\" decoding=\"async\" loading=\"lazy\" \/>                                                              <\/div>\n              <div class=\"box-text text-left\" >\n                 <p><\/p>\n              <\/div>\n            <\/div>\n                      <\/div>\n         <\/div><div class=\"gallery-col col\" >\n          <div class=\"col-inner\">\n                        <div class=\"box has-hover gallery-box box-none\">\n              <div class=\"box-image\" >\n                <img width=\"1\" height=\"1\" src=\"https:\/\/druidebio.com\/wp-content\/uploads\/2023\/07\/Vegan.svg\" class=\"attachment-medium size-medium\" alt=\"\" ids=\"861,868,864,863,865,862\" style=\"none\" lightbox=\"false\" col_spacing=\"xsmall\" columns=\"8\" columns__sm=\"8\" columns__md=\"8\" decoding=\"async\" loading=\"lazy\" \/>                                                              <\/div>\n              <div class=\"box-text text-left\" >\n                 <p><\/p>\n              <\/div>\n            <\/div>\n                      <\/div>\n         <\/div><div class=\"gallery-col col\" >\n          <div class=\"col-inner\">\n                        <div class=\"box has-hover gallery-box box-none\">\n              <div class=\"box-image\" >\n                <img width=\"1\" height=\"1\" src=\"https:\/\/druidebio.com\/wp-content\/uploads\/2023\/07\/Not_Tested_Animals.svg\" class=\"attachment-medium size-medium\" alt=\"\" ids=\"861,868,864,863,865,862\" style=\"none\" lightbox=\"false\" col_spacing=\"xsmall\" columns=\"8\" columns__sm=\"8\" columns__md=\"8\" decoding=\"async\" loading=\"lazy\" \/>                                                              <\/div>\n              <div class=\"box-text text-left\" >\n                 <p><\/p>\n              <\/div>\n            <\/div>\n                      <\/div>\n         <\/div><div class=\"gallery-col col\" >\n          <div class=\"col-inner\">\n                        <div class=\"box has-hover gallery-box box-none\">\n              <div class=\"box-image\" >\n                <img width=\"1\" height=\"1\" src=\"https:\/\/druidebio.com\/wp-content\/uploads\/2023\/07\/NoGMO.svg\" class=\"attachment-medium size-medium\" alt=\"\" ids=\"861,868,864,863,865,862\" style=\"none\" lightbox=\"false\" col_spacing=\"xsmall\" columns=\"8\" columns__sm=\"8\" columns__md=\"8\" decoding=\"async\" loading=\"lazy\" \/>                                                              <\/div>\n              <div class=\"box-text text-left\" >\n                 <p><\/p>\n              <\/div>\n            <\/div>\n                      <\/div>\n         <\/div><div class=\"gallery-col col\" >\n          <div class=\"col-inner\">\n                        <div class=\"box has-hover gallery-box box-none\">\n              <div class=\"box-image\" >\n                <img width=\"1\" height=\"1\" src=\"https:\/\/druidebio.com\/wp-content\/uploads\/2023\/07\/Recyclable.svg\" class=\"attachment-medium size-medium\" alt=\"\" ids=\"861,868,864,863,865,862\" style=\"none\" lightbox=\"false\" col_spacing=\"xsmall\" columns=\"8\" columns__sm=\"8\" columns__md=\"8\" decoding=\"async\" loading=\"lazy\" \/>                                                              <\/div>\n              <div class=\"box-text text-left\" >\n                 <p><\/p>\n              <\/div>\n            <\/div>\n                      <\/div>\n         <\/div><div class=\"gallery-col col\" >\n          <div class=\"col-inner\">\n                        <div class=\"box has-hover gallery-box box-none\">\n              <div class=\"box-image\" >\n                <img width=\"1\" height=\"1\" src=\"https:\/\/druidebio.com\/wp-content\/uploads\/2023\/07\/Gluten_Free.svg\" class=\"attachment-medium size-medium\" alt=\"\" ids=\"861,868,864,863,865,862\" style=\"none\" lightbox=\"false\" col_spacing=\"xsmall\" columns=\"8\" columns__sm=\"8\" columns__md=\"8\" decoding=\"async\" loading=\"lazy\" \/>                                                              <\/div>\n              <div class=\"box-text text-left\" >\n                 <p><\/p>\n              <\/div>\n            <\/div>\n                      <\/div>\n         <\/div><\/div>\n\t\t<\/div>\n\t\t\t\t\t<\/div>\n\n\t<\/div>\n","protected":false},"featured_media":1670,"comment_status":"open","ping_status":"closed","template":"","meta":[],"product_brand":[],"product_cat":[113,100,93],"product_tag":[],"giftcard-category":[],"class_list":{"0":"post-2217","1":"product","2":"type-product","3":"status-publish","4":"has-post-thumbnail","6":"product_cat-cremes-mains","7":"product_cat-druide-biolove-soins-corps","8":"product_cat-soins-corps","10":"first","11":"instock","12":"sale","13":"taxable","14":"shipping-taxable","15":"purchasable","16":"product-type-simple"},"yoast_head":"<!-- This site is optimized with the Yoast SEO plugin v27.1.1 - https:\/\/yoast.com\/product\/yoast-seo-wordpress\/ -->\n<title>Cr\u00e8me \u00e0 Mains Spa D\u00e9tente | Laboratoires Druide\u00ae | Bio For Life<\/title>\n<meta name=\"description\" content=\"Notre Cr\u00e8me Mains Spa D\u00e9tente BioLove hydrate intens\u00e9ment les peaux s\u00e8ches ou ab\u00eem\u00e9es, et apaise les irritations. Elle p\u00e9n\u00e8tre rapidement sans laisser de r\u00e9sidu collant. Son parfum m\u00ealant l&#039;eucalyptus vivifiant \u00e0 la douceur de la lavande et de la bergamote, vous offre des mains belles et parfum\u00e9es au quotidien.\" \/>\n<meta name=\"robots\" content=\"index, follow, max-snippet:-1, max-image-preview:large, max-video-preview:-1\" \/>\n<link rel=\"canonical\" href=\"https:\/\/druidebio.com\/fr\/produit\/creme-a-mains-spa-detente\/\" \/>\n<meta property=\"og:locale\" content=\"fr_FR\" \/>\n<meta property=\"og:type\" content=\"article\" \/>\n<meta property=\"og:title\" content=\"Cr\u00e8me \u00e0 Mains Spa D\u00e9tente | Laboratoires Druide\u00ae | Bio For Life\" \/>\n<meta property=\"og:description\" content=\"Notre Cr\u00e8me Mains Spa D\u00e9tente BioLove hydrate intens\u00e9ment les peaux s\u00e8ches ou ab\u00eem\u00e9es, et apaise les irritations. Elle p\u00e9n\u00e8tre rapidement sans laisser de r\u00e9sidu collant. Son parfum m\u00ealant l&#039;eucalyptus vivifiant \u00e0 la douceur de la lavande et de la bergamote, vous offre des mains belles et parfum\u00e9es au quotidien.\" \/>\n<meta property=\"og:url\" content=\"https:\/\/druidebio.com\/fr\/produit\/creme-a-mains-spa-detente\/\" \/>\n<meta property=\"og:site_name\" content=\"Laboratoires Druide\u00ae | Bio For Life\" \/>\n<meta property=\"article:publisher\" content=\"https:\/\/www.facebook.com\/infodruide\" \/>\n<meta property=\"article:modified_time\" content=\"2026-04-02T03:12:02+00:00\" \/>\n<meta property=\"og:image\" content=\"https:\/\/druidebio.com\/wp-content\/uploads\/2022\/08\/druide-biolove-body-care-hand-cream-serenity-spa-60ml.jpg\" \/>\n\t<meta property=\"og:image:width\" content=\"1200\" \/>\n\t<meta property=\"og:image:height\" content=\"1200\" \/>\n\t<meta property=\"og:image:type\" content=\"image\/jpeg\" \/>\n<meta name=\"twitter:card\" content=\"summary_large_image\" \/>\n<script type=\"application\/ld+json\" class=\"yoast-schema-graph\">{\"@context\":\"https:\/\/schema.org\",\"@graph\":[{\"@type\":[\"WebPage\",\"ItemPage\"],\"@id\":\"https:\/\/druidebio.com\/fr\/produit\/creme-a-mains-spa-detente\/\",\"url\":\"https:\/\/druidebio.com\/fr\/produit\/creme-a-mains-spa-detente\/\",\"name\":\"Cr\u00e8me \u00e0 Mains Spa D\u00e9tente | Laboratoires Druide\u00ae | Bio For Life\",\"isPartOf\":{\"@id\":\"https:\/\/druidebio.com\/fr\/#website\"},\"primaryImageOfPage\":{\"@id\":\"https:\/\/druidebio.com\/fr\/produit\/creme-a-mains-spa-detente\/#primaryimage\"},\"image\":{\"@id\":\"https:\/\/druidebio.com\/fr\/produit\/creme-a-mains-spa-detente\/#primaryimage\"},\"thumbnailUrl\":\"https:\/\/druidebio.com\/wp-content\/uploads\/2022\/08\/druide-biolove-body-care-hand-cream-serenity-spa-60ml.jpg\",\"datePublished\":\"2022-08-26T15:48:26+00:00\",\"dateModified\":\"2026-04-02T03:12:02+00:00\",\"description\":\"Notre Cr\u00e8me Mains Spa D\u00e9tente BioLove hydrate intens\u00e9ment les peaux s\u00e8ches ou ab\u00eem\u00e9es, et apaise les irritations. Elle p\u00e9n\u00e8tre rapidement sans laisser de r\u00e9sidu collant. Son parfum m\u00ealant l'eucalyptus vivifiant \u00e0 la douceur de la lavande et de la bergamote, vous offre des mains belles et parfum\u00e9es au quotidien.\",\"breadcrumb\":{\"@id\":\"https:\/\/druidebio.com\/fr\/produit\/creme-a-mains-spa-detente\/#breadcrumb\"},\"inLanguage\":\"fr-FR\",\"potentialAction\":[{\"@type\":\"ReadAction\",\"target\":[\"https:\/\/druidebio.com\/fr\/produit\/creme-a-mains-spa-detente\/\"]}]},{\"@type\":\"ImageObject\",\"inLanguage\":\"fr-FR\",\"@id\":\"https:\/\/druidebio.com\/fr\/produit\/creme-a-mains-spa-detente\/#primaryimage\",\"url\":\"https:\/\/druidebio.com\/wp-content\/uploads\/2022\/08\/druide-biolove-body-care-hand-cream-serenity-spa-60ml.jpg\",\"contentUrl\":\"https:\/\/druidebio.com\/wp-content\/uploads\/2022\/08\/druide-biolove-body-care-hand-cream-serenity-spa-60ml.jpg\",\"width\":1200,\"height\":1200,\"caption\":\"Cr\u00e8me \u00e0 Mains Spa D\u00e9tente\"},{\"@type\":\"BreadcrumbList\",\"@id\":\"https:\/\/druidebio.com\/fr\/produit\/creme-a-mains-spa-detente\/#breadcrumb\",\"itemListElement\":[{\"@type\":\"ListItem\",\"position\":1,\"name\":\"Home\",\"item\":\"https:\/\/druidebio.com\/fr\/\"},{\"@type\":\"ListItem\",\"position\":2,\"name\":\"Boutique\",\"item\":\"https:\/\/druidebio.com\/fr\/boutique\/\"},{\"@type\":\"ListItem\",\"position\":3,\"name\":\"Cr\u00e8me \u00e0 Mains Spa D\u00e9tente\"}]},{\"@type\":\"WebSite\",\"@id\":\"https:\/\/druidebio.com\/fr\/#website\",\"url\":\"https:\/\/druidebio.com\/fr\/\",\"name\":\"Laboratoires Druide\u00ae | Bio For Life\",\"description\":\"Natural and Organic Products. ECOCERT\u00ae Certified.\",\"publisher\":{\"@id\":\"https:\/\/druidebio.com\/fr\/#organization\"},\"alternateName\":\"Druide\",\"potentialAction\":[{\"@type\":\"SearchAction\",\"target\":{\"@type\":\"EntryPoint\",\"urlTemplate\":\"https:\/\/druidebio.com\/fr\/?s={search_term_string}\"},\"query-input\":{\"@type\":\"PropertyValueSpecification\",\"valueRequired\":true,\"valueName\":\"search_term_string\"}}],\"inLanguage\":\"fr-FR\"},{\"@type\":\"Organization\",\"@id\":\"https:\/\/druidebio.com\/fr\/#organization\",\"name\":\"Druide\",\"alternateName\":\"Laboratoires Druide\",\"url\":\"https:\/\/druidebio.com\/fr\/\",\"logo\":{\"@type\":\"ImageObject\",\"inLanguage\":\"fr-FR\",\"@id\":\"https:\/\/druidebio.com\/fr\/#\/schema\/logo\/image\/\",\"url\":\"https:\/\/druidebio.com\/wp-content\/uploads\/2022\/08\/logo-fav.png\",\"contentUrl\":\"https:\/\/druidebio.com\/wp-content\/uploads\/2022\/08\/logo-fav.png\",\"width\":512,\"height\":512,\"caption\":\"Druide\"},\"image\":{\"@id\":\"https:\/\/druidebio.com\/fr\/#\/schema\/logo\/image\/\"},\"sameAs\":[\"https:\/\/www.facebook.com\/infodruide\",\"https:\/\/www.instagram.com\/druidebio\/\",\"https:\/\/www.pinterest.ca\/DruideBioCanada\/\",\"https:\/\/www.youtube.com\/user\/DRUIDECANADA\"]}]}<\/script>\n<!-- \/ Yoast SEO plugin. -->","yoast_head_json":{"title":"Cr\u00e8me \u00e0 Mains Spa D\u00e9tente | Laboratoires Druide\u00ae | Bio For Life","description":"Notre Cr\u00e8me Mains Spa D\u00e9tente BioLove hydrate intens\u00e9ment les peaux s\u00e8ches ou ab\u00eem\u00e9es, et apaise les irritations. Elle p\u00e9n\u00e8tre rapidement sans laisser de r\u00e9sidu collant. Son parfum m\u00ealant l'eucalyptus vivifiant \u00e0 la douceur de la lavande et de la bergamote, vous offre des mains belles et parfum\u00e9es au quotidien.","robots":{"index":"index","follow":"follow","max-snippet":"max-snippet:-1","max-image-preview":"max-image-preview:large","max-video-preview":"max-video-preview:-1"},"canonical":"https:\/\/druidebio.com\/fr\/produit\/creme-a-mains-spa-detente\/","og_locale":"fr_FR","og_type":"article","og_title":"Cr\u00e8me \u00e0 Mains Spa D\u00e9tente | Laboratoires Druide\u00ae | Bio For Life","og_description":"Notre Cr\u00e8me Mains Spa D\u00e9tente BioLove hydrate intens\u00e9ment les peaux s\u00e8ches ou ab\u00eem\u00e9es, et apaise les irritations. Elle p\u00e9n\u00e8tre rapidement sans laisser de r\u00e9sidu collant. Son parfum m\u00ealant l'eucalyptus vivifiant \u00e0 la douceur de la lavande et de la bergamote, vous offre des mains belles et parfum\u00e9es au quotidien.","og_url":"https:\/\/druidebio.com\/fr\/produit\/creme-a-mains-spa-detente\/","og_site_name":"Laboratoires Druide\u00ae | Bio For Life","article_publisher":"https:\/\/www.facebook.com\/infodruide","article_modified_time":"2026-04-02T03:12:02+00:00","og_image":[{"width":1200,"height":1200,"url":"https:\/\/druidebio.com\/wp-content\/uploads\/2022\/08\/druide-biolove-body-care-hand-cream-serenity-spa-60ml.jpg","type":"image\/jpeg"}],"twitter_card":"summary_large_image","schema":{"@context":"https:\/\/schema.org","@graph":[{"@type":["WebPage","ItemPage"],"@id":"https:\/\/druidebio.com\/fr\/produit\/creme-a-mains-spa-detente\/","url":"https:\/\/druidebio.com\/fr\/produit\/creme-a-mains-spa-detente\/","name":"Cr\u00e8me \u00e0 Mains Spa D\u00e9tente | Laboratoires Druide\u00ae | Bio For Life","isPartOf":{"@id":"https:\/\/druidebio.com\/fr\/#website"},"primaryImageOfPage":{"@id":"https:\/\/druidebio.com\/fr\/produit\/creme-a-mains-spa-detente\/#primaryimage"},"image":{"@id":"https:\/\/druidebio.com\/fr\/produit\/creme-a-mains-spa-detente\/#primaryimage"},"thumbnailUrl":"https:\/\/druidebio.com\/wp-content\/uploads\/2022\/08\/druide-biolove-body-care-hand-cream-serenity-spa-60ml.jpg","datePublished":"2022-08-26T15:48:26+00:00","dateModified":"2026-04-02T03:12:02+00:00","description":"Notre Cr\u00e8me Mains Spa D\u00e9tente BioLove hydrate intens\u00e9ment les peaux s\u00e8ches ou ab\u00eem\u00e9es, et apaise les irritations. Elle p\u00e9n\u00e8tre rapidement sans laisser de r\u00e9sidu collant. Son parfum m\u00ealant l'eucalyptus vivifiant \u00e0 la douceur de la lavande et de la bergamote, vous offre des mains belles et parfum\u00e9es au quotidien.","breadcrumb":{"@id":"https:\/\/druidebio.com\/fr\/produit\/creme-a-mains-spa-detente\/#breadcrumb"},"inLanguage":"fr-FR","potentialAction":[{"@type":"ReadAction","target":["https:\/\/druidebio.com\/fr\/produit\/creme-a-mains-spa-detente\/"]}]},{"@type":"ImageObject","inLanguage":"fr-FR","@id":"https:\/\/druidebio.com\/fr\/produit\/creme-a-mains-spa-detente\/#primaryimage","url":"https:\/\/druidebio.com\/wp-content\/uploads\/2022\/08\/druide-biolove-body-care-hand-cream-serenity-spa-60ml.jpg","contentUrl":"https:\/\/druidebio.com\/wp-content\/uploads\/2022\/08\/druide-biolove-body-care-hand-cream-serenity-spa-60ml.jpg","width":1200,"height":1200,"caption":"Cr\u00e8me \u00e0 Mains Spa D\u00e9tente"},{"@type":"BreadcrumbList","@id":"https:\/\/druidebio.com\/fr\/produit\/creme-a-mains-spa-detente\/#breadcrumb","itemListElement":[{"@type":"ListItem","position":1,"name":"Home","item":"https:\/\/druidebio.com\/fr\/"},{"@type":"ListItem","position":2,"name":"Boutique","item":"https:\/\/druidebio.com\/fr\/boutique\/"},{"@type":"ListItem","position":3,"name":"Cr\u00e8me \u00e0 Mains Spa D\u00e9tente"}]},{"@type":"WebSite","@id":"https:\/\/druidebio.com\/fr\/#website","url":"https:\/\/druidebio.com\/fr\/","name":"Laboratoires Druide\u00ae | Bio For Life","description":"Natural and Organic Products. ECOCERT\u00ae Certified.","publisher":{"@id":"https:\/\/druidebio.com\/fr\/#organization"},"alternateName":"Druide","potentialAction":[{"@type":"SearchAction","target":{"@type":"EntryPoint","urlTemplate":"https:\/\/druidebio.com\/fr\/?s={search_term_string}"},"query-input":{"@type":"PropertyValueSpecification","valueRequired":true,"valueName":"search_term_string"}}],"inLanguage":"fr-FR"},{"@type":"Organization","@id":"https:\/\/druidebio.com\/fr\/#organization","name":"Druide","alternateName":"Laboratoires Druide","url":"https:\/\/druidebio.com\/fr\/","logo":{"@type":"ImageObject","inLanguage":"fr-FR","@id":"https:\/\/druidebio.com\/fr\/#\/schema\/logo\/image\/","url":"https:\/\/druidebio.com\/wp-content\/uploads\/2022\/08\/logo-fav.png","contentUrl":"https:\/\/druidebio.com\/wp-content\/uploads\/2022\/08\/logo-fav.png","width":512,"height":512,"caption":"Druide"},"image":{"@id":"https:\/\/druidebio.com\/fr\/#\/schema\/logo\/image\/"},"sameAs":["https:\/\/www.facebook.com\/infodruide","https:\/\/www.instagram.com\/druidebio\/","https:\/\/www.pinterest.ca\/DruideBioCanada\/","https:\/\/www.youtube.com\/user\/DRUIDECANADA"]}]}},"_links":{"self":[{"href":"https:\/\/druidebio.com\/fr\/wp-json\/wp\/v2\/product\/2217","targetHints":{"allow":["GET"]}}],"collection":[{"href":"https:\/\/druidebio.com\/fr\/wp-json\/wp\/v2\/product"}],"about":[{"href":"https:\/\/druidebio.com\/fr\/wp-json\/wp\/v2\/types\/product"}],"replies":[{"embeddable":true,"href":"https:\/\/druidebio.com\/fr\/wp-json\/wp\/v2\/comments?post=2217"}],"wp:featuredmedia":[{"embeddable":true,"href":"https:\/\/druidebio.com\/fr\/wp-json\/wp\/v2\/media\/1670"}],"wp:attachment":[{"href":"https:\/\/druidebio.com\/fr\/wp-json\/wp\/v2\/media?parent=2217"}],"wp:term":[{"taxonomy":"product_brand","embeddable":true,"href":"https:\/\/druidebio.com\/fr\/wp-json\/wp\/v2\/product_brand?post=2217"},{"taxonomy":"product_cat","embeddable":true,"href":"https:\/\/druidebio.com\/fr\/wp-json\/wp\/v2\/product_cat?post=2217"},{"taxonomy":"product_tag","embeddable":true,"href":"https:\/\/druidebio.com\/fr\/wp-json\/wp\/v2\/product_tag?post=2217"},{"taxonomy":"giftcard-category","embeddable":true,"href":"https:\/\/druidebio.com\/fr\/wp-json\/wp\/v2\/giftcard-category?post=2217"}],"curies":[{"name":"wp","href":"https:\/\/api.w.org\/{rel}","templated":true}]}}