{"id":2211,"date":"2022-08-26T11:48:26","date_gmt":"2022-08-26T15:48:26","guid":{"rendered":"https:\/\/druide.wpengine.com\/product\/serenity-spa-hand-soap\/"},"modified":"2026-04-08T09:55:51","modified_gmt":"2026-04-08T13:55:51","slug":"savon-a-mains-spa-detente","status":"publish","type":"product","link":"https:\/\/druidebio.com\/fr\/produit\/savon-a-mains-spa-detente\/","title":{"rendered":"Savon \u00e0 Mains Spa D\u00e9tente"},"content":{"rendered":"<h2>L&rsquo;essence du Spa \u00e0 port\u00e9e de mains<\/h2>\n<p>Profitez de chaque lavage de mains avec notre savon bio, inspir\u00e9 des soins haut de gamme des spas internationaux. Impr\u00e9gn\u00e9 des notes vivifiantes de la bergamote combin\u00e9es \u00e0 la douceur relaxante du lavandin, ce savon offre une exp\u00e9rience sensorielle exceptionnelle.<\/p>\n<p>Sa formule aussi douce qu\u2019efficace, respecte et pr\u00e9serve la barri\u00e8re naturelle de la peau. Ainsi, m\u00eame apr\u00e8s de nombreuses utilisations, aucune sensation de tiraillement ne se fait ressentir. Au contact de l&rsquo;eau, il se transforme en une mousse subtile, ajoutant une touche luxueuse \u00e0 un geste pourtant si courant.<\/p>\n<p>Adapt\u00e9 \u00e0 toutes les peaux, notre savon offre l&rsquo;assurance d&rsquo;un moment de douceur et de bien-\u00eatre \u00e0 chaque utilisation.<\/p>\n<p>Certifi\u00e9 Cosmos Organic par \u00c9cocert, notre savon r\u00e9pond \u00e0 nos exigences environnementales et \u00e9thiques. En effet, il est 100 % v\u00e9g\u00e9tal (Vegan), biod\u00e9gradable et exempt de sulfates, silicones, parab\u00e8nes, alcool, PEG, gluten, OGM, perturbateurs endocriniens, goudron, quaternium, parfum et colorant. Et comme nous soutenons l&rsquo;\u00e9thique animale, nos produits ne sont pas test\u00e9s sur les animaux.<\/p>\n","protected":false},"excerpt":{"rendered":"<p>D\u00e9couvrez notre Savon Liquide Spa D\u00e9tente BioLove pour les mains, aux essences de bergamote et de lavandin. Il nettoie d\u00e9licatement tout en pr\u00e9servant votre peau \u00e0 l\u2019aide d\u2019une mousse l\u00e9g\u00e8re se formant au contact de l&rsquo;eau. Parfait pour tous les instants de la journ\u00e9e et pour tous types de peaux. Il garantit douceur et bien-\u00eatre \u00e0 chaque lavage.<\/p>\n<ul>\n<li class=\"bullet-arrow\"><strong>Texture <\/strong>: Gel fluide<\/li>\n<li class=\"bullet-arrow\"><strong>Odeur <\/strong>: Eucalyptus, Lavande, Bergamote<\/li>\n<li class=\"bullet-arrow\"><strong>Format <\/strong>: 250 ml \u2013 8.4 US Fl.oz.<\/li>\n<\/ul>\n<div class=\"row row-full-width align-equal\"  id=\"row-1158976158\">\n\t<div id=\"col-564725847\" class=\"col small-12 large-12\"  >\n\t\t\t\t<div class=\"col-inner\"  >\n\t\t\t\n\t\t\t\n\n  \n    <div class=\"row large-columns-8 medium-columns-8 small-columns-8 row-xsmall\" >\n  <div class=\"gallery-col col\" >\n          <div class=\"col-inner\">\n                        <div class=\"box has-hover gallery-box box-none\">\n              <div class=\"box-image\" >\n                <img width=\"1\" height=\"1\" src=\"https:\/\/druidebio.com\/wp-content\/uploads\/2023\/07\/EcoCert.svg\" class=\"attachment-medium size-medium\" alt=\"\" ids=\"861,868,864,863,865,862\" style=\"none\" lightbox=\"false\" col_spacing=\"xsmall\" columns=\"8\" columns__sm=\"8\" columns__md=\"8\" decoding=\"async\" loading=\"lazy\" \/>                                                              <\/div>\n              <div class=\"box-text text-left\" >\n                 <p><\/p>\n              <\/div>\n            <\/div>\n                      <\/div>\n         <\/div><div class=\"gallery-col col\" >\n          <div class=\"col-inner\">\n                        <div class=\"box has-hover gallery-box box-none\">\n              <div class=\"box-image\" >\n                <img width=\"1\" height=\"1\" src=\"https:\/\/druidebio.com\/wp-content\/uploads\/2023\/07\/Vegan.svg\" class=\"attachment-medium size-medium\" alt=\"\" ids=\"861,868,864,863,865,862\" style=\"none\" lightbox=\"false\" col_spacing=\"xsmall\" columns=\"8\" columns__sm=\"8\" columns__md=\"8\" decoding=\"async\" loading=\"lazy\" \/>                                                              <\/div>\n              <div class=\"box-text text-left\" >\n                 <p><\/p>\n              <\/div>\n            <\/div>\n                      <\/div>\n         <\/div><div class=\"gallery-col col\" >\n          <div class=\"col-inner\">\n                        <div class=\"box has-hover gallery-box box-none\">\n              <div class=\"box-image\" >\n                <img width=\"1\" height=\"1\" src=\"https:\/\/druidebio.com\/wp-content\/uploads\/2023\/07\/Not_Tested_Animals.svg\" class=\"attachment-medium size-medium\" alt=\"\" ids=\"861,868,864,863,865,862\" style=\"none\" lightbox=\"false\" col_spacing=\"xsmall\" columns=\"8\" columns__sm=\"8\" columns__md=\"8\" decoding=\"async\" loading=\"lazy\" \/>                                                              <\/div>\n              <div class=\"box-text text-left\" >\n                 <p><\/p>\n              <\/div>\n            <\/div>\n                      <\/div>\n         <\/div><div class=\"gallery-col col\" >\n          <div class=\"col-inner\">\n                        <div class=\"box has-hover gallery-box box-none\">\n              <div class=\"box-image\" >\n                <img width=\"1\" height=\"1\" src=\"https:\/\/druidebio.com\/wp-content\/uploads\/2023\/07\/NoGMO.svg\" class=\"attachment-medium size-medium\" alt=\"\" ids=\"861,868,864,863,865,862\" style=\"none\" lightbox=\"false\" col_spacing=\"xsmall\" columns=\"8\" columns__sm=\"8\" columns__md=\"8\" decoding=\"async\" loading=\"lazy\" \/>                                                              <\/div>\n              <div class=\"box-text text-left\" >\n                 <p><\/p>\n              <\/div>\n            <\/div>\n                      <\/div>\n         <\/div><div class=\"gallery-col col\" >\n          <div class=\"col-inner\">\n                        <div class=\"box has-hover gallery-box box-none\">\n              <div class=\"box-image\" >\n                <img width=\"1\" height=\"1\" src=\"https:\/\/druidebio.com\/wp-content\/uploads\/2023\/07\/Recyclable.svg\" class=\"attachment-medium size-medium\" alt=\"\" ids=\"861,868,864,863,865,862\" style=\"none\" lightbox=\"false\" col_spacing=\"xsmall\" columns=\"8\" columns__sm=\"8\" columns__md=\"8\" decoding=\"async\" loading=\"lazy\" \/>                                                              <\/div>\n              <div class=\"box-text text-left\" >\n                 <p><\/p>\n              <\/div>\n            <\/div>\n                      <\/div>\n         <\/div><div class=\"gallery-col col\" >\n          <div class=\"col-inner\">\n                        <div class=\"box has-hover gallery-box box-none\">\n              <div class=\"box-image\" >\n                <img width=\"1\" height=\"1\" src=\"https:\/\/druidebio.com\/wp-content\/uploads\/2023\/07\/Gluten_Free.svg\" class=\"attachment-medium size-medium\" alt=\"\" ids=\"861,868,864,863,865,862\" style=\"none\" lightbox=\"false\" col_spacing=\"xsmall\" columns=\"8\" columns__sm=\"8\" columns__md=\"8\" decoding=\"async\" loading=\"lazy\" \/>                                                              <\/div>\n              <div class=\"box-text text-left\" >\n                 <p><\/p>\n              <\/div>\n            <\/div>\n                      <\/div>\n         <\/div><\/div>\n\t\t<\/div>\n\t\t\t\t\t<\/div>\n\n\t<\/div>\n","protected":false},"featured_media":1675,"comment_status":"open","ping_status":"closed","template":"","meta":[],"product_brand":[],"product_cat":[100,116,93],"product_tag":[],"giftcard-category":[],"class_list":{"0":"post-2211","1":"product","2":"type-product","3":"status-publish","4":"has-post-thumbnail","6":"product_cat-druide-biolove-soins-corps","7":"product_cat-savons","8":"product_cat-soins-corps","10":"first","11":"instock","12":"sale","13":"taxable","14":"shipping-taxable","15":"purchasable","16":"product-type-simple"},"yoast_head":"<!-- This site is optimized with the Yoast SEO plugin v27.1.1 - https:\/\/yoast.com\/product\/yoast-seo-wordpress\/ -->\n<title>Savon \u00e0 Mains Spa D\u00e9tente | Laboratoires Druide\u00ae | Bio For Life<\/title>\n<meta name=\"description\" content=\"D\u00e9couvrez notre Savon Liquide Spa D\u00e9tente BioLove pour les mains, aux essences de bergamote et de lavandin. Il nettoie d\u00e9licatement tout en pr\u00e9servant votre peau \u00e0 l\u2019aide d\u2019une mousse l\u00e9g\u00e8re se formant au contact de l&#039;eau. Parfait pour tous les instants de la journ\u00e9e et pour tous types de peaux. Il garantit douceur et bien-\u00eatre \u00e0 chaque lavage.\" \/>\n<meta name=\"robots\" content=\"index, follow, max-snippet:-1, max-image-preview:large, max-video-preview:-1\" \/>\n<link rel=\"canonical\" href=\"https:\/\/druidebio.com\/fr\/produit\/savon-a-mains-spa-detente\/\" \/>\n<meta property=\"og:locale\" content=\"fr_FR\" \/>\n<meta property=\"og:type\" content=\"article\" \/>\n<meta property=\"og:title\" content=\"Savon \u00e0 Mains Spa D\u00e9tente | Laboratoires Druide\u00ae | Bio For Life\" \/>\n<meta property=\"og:description\" content=\"D\u00e9couvrez notre Savon Liquide Spa D\u00e9tente BioLove pour les mains, aux essences de bergamote et de lavandin. Il nettoie d\u00e9licatement tout en pr\u00e9servant votre peau \u00e0 l\u2019aide d\u2019une mousse l\u00e9g\u00e8re se formant au contact de l&#039;eau. Parfait pour tous les instants de la journ\u00e9e et pour tous types de peaux. Il garantit douceur et bien-\u00eatre \u00e0 chaque lavage.\" \/>\n<meta property=\"og:url\" content=\"https:\/\/druidebio.com\/fr\/produit\/savon-a-mains-spa-detente\/\" \/>\n<meta property=\"og:site_name\" content=\"Laboratoires Druide\u00ae | Bio For Life\" \/>\n<meta property=\"article:publisher\" content=\"https:\/\/www.facebook.com\/infodruide\" \/>\n<meta property=\"article:modified_time\" content=\"2026-04-08T13:55:51+00:00\" \/>\n<meta property=\"og:image\" content=\"https:\/\/druidebio.com\/wp-content\/uploads\/2022\/08\/druide-biolove-body-care-hand-liquid-soap-spring-flowers-250ml-8.4oz-1.jpg\" \/>\n\t<meta property=\"og:image:width\" content=\"1200\" \/>\n\t<meta property=\"og:image:height\" content=\"1200\" \/>\n\t<meta property=\"og:image:type\" content=\"image\/jpeg\" \/>\n<meta name=\"twitter:card\" content=\"summary_large_image\" \/>\n<script type=\"application\/ld+json\" class=\"yoast-schema-graph\">{\"@context\":\"https:\/\/schema.org\",\"@graph\":[{\"@type\":[\"WebPage\",\"ItemPage\"],\"@id\":\"https:\/\/druidebio.com\/fr\/produit\/savon-a-mains-spa-detente\/\",\"url\":\"https:\/\/druidebio.com\/fr\/produit\/savon-a-mains-spa-detente\/\",\"name\":\"Savon \u00e0 Mains Spa D\u00e9tente | Laboratoires Druide\u00ae | Bio For Life\",\"isPartOf\":{\"@id\":\"https:\/\/druidebio.com\/fr\/#website\"},\"primaryImageOfPage\":{\"@id\":\"https:\/\/druidebio.com\/fr\/produit\/savon-a-mains-spa-detente\/#primaryimage\"},\"image\":{\"@id\":\"https:\/\/druidebio.com\/fr\/produit\/savon-a-mains-spa-detente\/#primaryimage\"},\"thumbnailUrl\":\"https:\/\/druidebio.com\/wp-content\/uploads\/2022\/08\/druide-biolove-body-care-hand-liquid-soap-spring-flowers-250ml-8.4oz-1.jpg\",\"datePublished\":\"2022-08-26T15:48:26+00:00\",\"dateModified\":\"2026-04-08T13:55:51+00:00\",\"description\":\"D\u00e9couvrez notre Savon Liquide Spa D\u00e9tente BioLove pour les mains, aux essences de bergamote et de lavandin. Il nettoie d\u00e9licatement tout en pr\u00e9servant votre peau \u00e0 l\u2019aide d\u2019une mousse l\u00e9g\u00e8re se formant au contact de l'eau. Parfait pour tous les instants de la journ\u00e9e et pour tous types de peaux. Il garantit douceur et bien-\u00eatre \u00e0 chaque lavage.\",\"breadcrumb\":{\"@id\":\"https:\/\/druidebio.com\/fr\/produit\/savon-a-mains-spa-detente\/#breadcrumb\"},\"inLanguage\":\"fr-FR\",\"potentialAction\":[{\"@type\":\"ReadAction\",\"target\":[\"https:\/\/druidebio.com\/fr\/produit\/savon-a-mains-spa-detente\/\"]}]},{\"@type\":\"ImageObject\",\"inLanguage\":\"fr-FR\",\"@id\":\"https:\/\/druidebio.com\/fr\/produit\/savon-a-mains-spa-detente\/#primaryimage\",\"url\":\"https:\/\/druidebio.com\/wp-content\/uploads\/2022\/08\/druide-biolove-body-care-hand-liquid-soap-spring-flowers-250ml-8.4oz-1.jpg\",\"contentUrl\":\"https:\/\/druidebio.com\/wp-content\/uploads\/2022\/08\/druide-biolove-body-care-hand-liquid-soap-spring-flowers-250ml-8.4oz-1.jpg\",\"width\":1200,\"height\":1200,\"caption\":\"Savon \u00e0 Mains Spa D\u00e9tente\"},{\"@type\":\"BreadcrumbList\",\"@id\":\"https:\/\/druidebio.com\/fr\/produit\/savon-a-mains-spa-detente\/#breadcrumb\",\"itemListElement\":[{\"@type\":\"ListItem\",\"position\":1,\"name\":\"Home\",\"item\":\"https:\/\/druidebio.com\/fr\/\"},{\"@type\":\"ListItem\",\"position\":2,\"name\":\"Boutique\",\"item\":\"https:\/\/druidebio.com\/fr\/boutique\/\"},{\"@type\":\"ListItem\",\"position\":3,\"name\":\"Savon \u00e0 Mains Spa D\u00e9tente\"}]},{\"@type\":\"WebSite\",\"@id\":\"https:\/\/druidebio.com\/fr\/#website\",\"url\":\"https:\/\/druidebio.com\/fr\/\",\"name\":\"Laboratoires Druide\u00ae | Bio For Life\",\"description\":\"Natural and Organic Products. ECOCERT\u00ae Certified.\",\"publisher\":{\"@id\":\"https:\/\/druidebio.com\/fr\/#organization\"},\"alternateName\":\"Druide\",\"potentialAction\":[{\"@type\":\"SearchAction\",\"target\":{\"@type\":\"EntryPoint\",\"urlTemplate\":\"https:\/\/druidebio.com\/fr\/?s={search_term_string}\"},\"query-input\":{\"@type\":\"PropertyValueSpecification\",\"valueRequired\":true,\"valueName\":\"search_term_string\"}}],\"inLanguage\":\"fr-FR\"},{\"@type\":\"Organization\",\"@id\":\"https:\/\/druidebio.com\/fr\/#organization\",\"name\":\"Druide\",\"alternateName\":\"Laboratoires Druide\",\"url\":\"https:\/\/druidebio.com\/fr\/\",\"logo\":{\"@type\":\"ImageObject\",\"inLanguage\":\"fr-FR\",\"@id\":\"https:\/\/druidebio.com\/fr\/#\/schema\/logo\/image\/\",\"url\":\"https:\/\/druidebio.com\/wp-content\/uploads\/2022\/08\/logo-fav.png\",\"contentUrl\":\"https:\/\/druidebio.com\/wp-content\/uploads\/2022\/08\/logo-fav.png\",\"width\":512,\"height\":512,\"caption\":\"Druide\"},\"image\":{\"@id\":\"https:\/\/druidebio.com\/fr\/#\/schema\/logo\/image\/\"},\"sameAs\":[\"https:\/\/www.facebook.com\/infodruide\",\"https:\/\/www.instagram.com\/druidebio\/\",\"https:\/\/www.pinterest.ca\/DruideBioCanada\/\",\"https:\/\/www.youtube.com\/user\/DRUIDECANADA\"]}]}<\/script>\n<!-- \/ Yoast SEO plugin. -->","yoast_head_json":{"title":"Savon \u00e0 Mains Spa D\u00e9tente | Laboratoires Druide\u00ae | Bio For Life","description":"D\u00e9couvrez notre Savon Liquide Spa D\u00e9tente BioLove pour les mains, aux essences de bergamote et de lavandin. Il nettoie d\u00e9licatement tout en pr\u00e9servant votre peau \u00e0 l\u2019aide d\u2019une mousse l\u00e9g\u00e8re se formant au contact de l'eau. Parfait pour tous les instants de la journ\u00e9e et pour tous types de peaux. Il garantit douceur et bien-\u00eatre \u00e0 chaque lavage.","robots":{"index":"index","follow":"follow","max-snippet":"max-snippet:-1","max-image-preview":"max-image-preview:large","max-video-preview":"max-video-preview:-1"},"canonical":"https:\/\/druidebio.com\/fr\/produit\/savon-a-mains-spa-detente\/","og_locale":"fr_FR","og_type":"article","og_title":"Savon \u00e0 Mains Spa D\u00e9tente | Laboratoires Druide\u00ae | Bio For Life","og_description":"D\u00e9couvrez notre Savon Liquide Spa D\u00e9tente BioLove pour les mains, aux essences de bergamote et de lavandin. Il nettoie d\u00e9licatement tout en pr\u00e9servant votre peau \u00e0 l\u2019aide d\u2019une mousse l\u00e9g\u00e8re se formant au contact de l'eau. Parfait pour tous les instants de la journ\u00e9e et pour tous types de peaux. Il garantit douceur et bien-\u00eatre \u00e0 chaque lavage.","og_url":"https:\/\/druidebio.com\/fr\/produit\/savon-a-mains-spa-detente\/","og_site_name":"Laboratoires Druide\u00ae | Bio For Life","article_publisher":"https:\/\/www.facebook.com\/infodruide","article_modified_time":"2026-04-08T13:55:51+00:00","og_image":[{"width":1200,"height":1200,"url":"https:\/\/druidebio.com\/wp-content\/uploads\/2022\/08\/druide-biolove-body-care-hand-liquid-soap-spring-flowers-250ml-8.4oz-1.jpg","type":"image\/jpeg"}],"twitter_card":"summary_large_image","schema":{"@context":"https:\/\/schema.org","@graph":[{"@type":["WebPage","ItemPage"],"@id":"https:\/\/druidebio.com\/fr\/produit\/savon-a-mains-spa-detente\/","url":"https:\/\/druidebio.com\/fr\/produit\/savon-a-mains-spa-detente\/","name":"Savon \u00e0 Mains Spa D\u00e9tente | Laboratoires Druide\u00ae | Bio For Life","isPartOf":{"@id":"https:\/\/druidebio.com\/fr\/#website"},"primaryImageOfPage":{"@id":"https:\/\/druidebio.com\/fr\/produit\/savon-a-mains-spa-detente\/#primaryimage"},"image":{"@id":"https:\/\/druidebio.com\/fr\/produit\/savon-a-mains-spa-detente\/#primaryimage"},"thumbnailUrl":"https:\/\/druidebio.com\/wp-content\/uploads\/2022\/08\/druide-biolove-body-care-hand-liquid-soap-spring-flowers-250ml-8.4oz-1.jpg","datePublished":"2022-08-26T15:48:26+00:00","dateModified":"2026-04-08T13:55:51+00:00","description":"D\u00e9couvrez notre Savon Liquide Spa D\u00e9tente BioLove pour les mains, aux essences de bergamote et de lavandin. Il nettoie d\u00e9licatement tout en pr\u00e9servant votre peau \u00e0 l\u2019aide d\u2019une mousse l\u00e9g\u00e8re se formant au contact de l'eau. Parfait pour tous les instants de la journ\u00e9e et pour tous types de peaux. Il garantit douceur et bien-\u00eatre \u00e0 chaque lavage.","breadcrumb":{"@id":"https:\/\/druidebio.com\/fr\/produit\/savon-a-mains-spa-detente\/#breadcrumb"},"inLanguage":"fr-FR","potentialAction":[{"@type":"ReadAction","target":["https:\/\/druidebio.com\/fr\/produit\/savon-a-mains-spa-detente\/"]}]},{"@type":"ImageObject","inLanguage":"fr-FR","@id":"https:\/\/druidebio.com\/fr\/produit\/savon-a-mains-spa-detente\/#primaryimage","url":"https:\/\/druidebio.com\/wp-content\/uploads\/2022\/08\/druide-biolove-body-care-hand-liquid-soap-spring-flowers-250ml-8.4oz-1.jpg","contentUrl":"https:\/\/druidebio.com\/wp-content\/uploads\/2022\/08\/druide-biolove-body-care-hand-liquid-soap-spring-flowers-250ml-8.4oz-1.jpg","width":1200,"height":1200,"caption":"Savon \u00e0 Mains Spa D\u00e9tente"},{"@type":"BreadcrumbList","@id":"https:\/\/druidebio.com\/fr\/produit\/savon-a-mains-spa-detente\/#breadcrumb","itemListElement":[{"@type":"ListItem","position":1,"name":"Home","item":"https:\/\/druidebio.com\/fr\/"},{"@type":"ListItem","position":2,"name":"Boutique","item":"https:\/\/druidebio.com\/fr\/boutique\/"},{"@type":"ListItem","position":3,"name":"Savon \u00e0 Mains Spa D\u00e9tente"}]},{"@type":"WebSite","@id":"https:\/\/druidebio.com\/fr\/#website","url":"https:\/\/druidebio.com\/fr\/","name":"Laboratoires Druide\u00ae | Bio For Life","description":"Natural and Organic Products. ECOCERT\u00ae Certified.","publisher":{"@id":"https:\/\/druidebio.com\/fr\/#organization"},"alternateName":"Druide","potentialAction":[{"@type":"SearchAction","target":{"@type":"EntryPoint","urlTemplate":"https:\/\/druidebio.com\/fr\/?s={search_term_string}"},"query-input":{"@type":"PropertyValueSpecification","valueRequired":true,"valueName":"search_term_string"}}],"inLanguage":"fr-FR"},{"@type":"Organization","@id":"https:\/\/druidebio.com\/fr\/#organization","name":"Druide","alternateName":"Laboratoires Druide","url":"https:\/\/druidebio.com\/fr\/","logo":{"@type":"ImageObject","inLanguage":"fr-FR","@id":"https:\/\/druidebio.com\/fr\/#\/schema\/logo\/image\/","url":"https:\/\/druidebio.com\/wp-content\/uploads\/2022\/08\/logo-fav.png","contentUrl":"https:\/\/druidebio.com\/wp-content\/uploads\/2022\/08\/logo-fav.png","width":512,"height":512,"caption":"Druide"},"image":{"@id":"https:\/\/druidebio.com\/fr\/#\/schema\/logo\/image\/"},"sameAs":["https:\/\/www.facebook.com\/infodruide","https:\/\/www.instagram.com\/druidebio\/","https:\/\/www.pinterest.ca\/DruideBioCanada\/","https:\/\/www.youtube.com\/user\/DRUIDECANADA"]}]}},"_links":{"self":[{"href":"https:\/\/druidebio.com\/fr\/wp-json\/wp\/v2\/product\/2211","targetHints":{"allow":["GET"]}}],"collection":[{"href":"https:\/\/druidebio.com\/fr\/wp-json\/wp\/v2\/product"}],"about":[{"href":"https:\/\/druidebio.com\/fr\/wp-json\/wp\/v2\/types\/product"}],"replies":[{"embeddable":true,"href":"https:\/\/druidebio.com\/fr\/wp-json\/wp\/v2\/comments?post=2211"}],"wp:featuredmedia":[{"embeddable":true,"href":"https:\/\/druidebio.com\/fr\/wp-json\/wp\/v2\/media\/1675"}],"wp:attachment":[{"href":"https:\/\/druidebio.com\/fr\/wp-json\/wp\/v2\/media?parent=2211"}],"wp:term":[{"taxonomy":"product_brand","embeddable":true,"href":"https:\/\/druidebio.com\/fr\/wp-json\/wp\/v2\/product_brand?post=2211"},{"taxonomy":"product_cat","embeddable":true,"href":"https:\/\/druidebio.com\/fr\/wp-json\/wp\/v2\/product_cat?post=2211"},{"taxonomy":"product_tag","embeddable":true,"href":"https:\/\/druidebio.com\/fr\/wp-json\/wp\/v2\/product_tag?post=2211"},{"taxonomy":"giftcard-category","embeddable":true,"href":"https:\/\/druidebio.com\/fr\/wp-json\/wp\/v2\/giftcard-category?post=2211"}],"curies":[{"name":"wp","href":"https:\/\/api.w.org\/{rel}","templated":true}]}}