{"id":2207,"date":"2022-08-26T11:48:25","date_gmt":"2022-08-26T15:48:25","guid":{"rendered":"https:\/\/druide.wpengine.com\/product\/passion-fruit-body-milk\/"},"modified":"2026-03-16T11:40:45","modified_gmt":"2026-03-16T15:40:45","slug":"lait-corporel-fruit-de-la-passion","status":"publish","type":"product","link":"https:\/\/druidebio.com\/fr\/produit\/lait-corporel-fruit-de-la-passion\/","title":{"rendered":"Lait Corporel Fruit de la Passion"},"content":{"rendered":"<h2>Ce lait corporel est un \u00e9lixir de beaut\u00e9 : douceur, protection, hydratation&#8230;<\/h2>\n<p>Plongez dans un rituel quotidien exquis avec notre lait hydratant bio aux aux notes exotiques de fruits de la passion, \u00e9voquant la passion et la gourmandise.<\/p>\n<p>Con\u00e7u pour apaiser et hydrater en profondeur, il revitalise m\u00eame les peaux les plus s\u00e8ches et sensibles, renfor\u00e7ant leur barri\u00e8re naturelle d&rsquo;hydratation. Sa formulation respecte l&rsquo;\u00e9quilibre du pH de la peau et son microbiote, offrant un soulagement instantan\u00e9 des irritations, tout en procurant une sensation de douceur velout\u00e9e.<\/p>\n<p>Int\u00e9grant une combinaison pr\u00e9cieuse d&rsquo;huiles v\u00e9g\u00e9tales et d&rsquo;extraits botaniques, notre lait corporel cr\u00e9e une couche protectrice, pr\u00e9servant votre \u00e9piderme des \u00e9l\u00e9ments nuisibles. Il assure une peau souple et r\u00e9confort\u00e9e tout au long de la journ\u00e9e. Avec sa texture l\u00e9g\u00e8re, il est absorb\u00e9 en un \u00e9clair, sans r\u00e9sidu. Chaque application d\u00e9livre un parfum fruit\u00e9 et enveloppant d&rsquo;aromath\u00e9rapie, parfait pour vous mettre dans l&rsquo;ambiance, que ce soit pour d\u00e9marrer la journ\u00e9e ou pour une nuit de sommeil r\u00e9parateur. Adapt\u00e9 \u00e0 tous les types de peau, il est votre alli\u00e9 beaut\u00e9 bio incontournable.<\/p>\n<p>Nous nous engageons \u00e0 vous offrir un produit qui respecte votre peau et l&rsquo;environnement. C&rsquo;est pourquoi ce lait hydratant est certifi\u00e9 Cosmos Organic par \u00c9cocert et 100 % v\u00e9g\u00e9tal (Vegan), biod\u00e9gradable, sans silicones, sans parab\u00e8nes, sans alcool, sans PEG, sans gluten, sans OGM, sans perturbateurs endocriniens, sans goudron, sans quaternium, sans colorant et non test\u00e9 sur les animaux car nous soutenons l&rsquo;\u00e9thique animale.<\/p>\n","protected":false},"excerpt":{"rendered":"<p>Notre Lait Corps Fruit de la Passion BioLove aux ar\u00f4mes exotiques, hydrate, respecte et apaise la peau. Prot\u00e9geant des \u00e9l\u00e9ments ext\u00e9rieurs, sa texture onctueuse offre une sensation velout\u00e9e \u00e0 l\u2019utilisation. Un alli\u00e9 quotidien pour toutes les peaux.<\/p>\n<ul>\n<li class=\"bullet-arrow\"><strong>Texture<\/strong>: Cr\u00e8me fluide<\/li>\n<li class=\"bullet-arrow\"><strong>Odeur <\/strong>: Exotique et acidul\u00e9<\/li>\n<li class=\"bullet-arrow\"><strong>Format<\/strong>: 250 ml \u2013 8.4 US Fl.oz.<\/li>\n<\/ul>\n<div class=\"row row-full-width align-equal\"  id=\"row-1878282424\">\n\t<div id=\"col-613854726\" class=\"col small-12 large-12\"  >\n\t\t\t\t<div class=\"col-inner\"  >\n\t\t\t\n\t\t\t\n\n  \n    <div class=\"row large-columns-8 medium-columns-8 small-columns-8 row-xsmall\" >\n  <div class=\"gallery-col col\" >\n          <div class=\"col-inner\">\n                        <div class=\"box has-hover gallery-box box-none\">\n              <div class=\"box-image\" >\n                <img width=\"1\" height=\"1\" src=\"https:\/\/druidebio.com\/wp-content\/uploads\/2023\/07\/EcoCert.svg\" class=\"attachment-medium size-medium\" alt=\"\" ids=\"861,868,864,863,865,862\" style=\"none\" lightbox=\"false\" col_spacing=\"xsmall\" columns=\"8\" columns__sm=\"8\" columns__md=\"8\" decoding=\"async\" loading=\"lazy\" \/>                                                              <\/div>\n              <div class=\"box-text text-left\" >\n                 <p><\/p>\n              <\/div>\n            <\/div>\n                      <\/div>\n         <\/div><div class=\"gallery-col col\" >\n          <div class=\"col-inner\">\n                        <div class=\"box has-hover gallery-box box-none\">\n              <div class=\"box-image\" >\n                <img width=\"1\" height=\"1\" src=\"https:\/\/druidebio.com\/wp-content\/uploads\/2023\/07\/Vegan.svg\" class=\"attachment-medium size-medium\" alt=\"\" ids=\"861,868,864,863,865,862\" style=\"none\" lightbox=\"false\" col_spacing=\"xsmall\" columns=\"8\" columns__sm=\"8\" columns__md=\"8\" decoding=\"async\" loading=\"lazy\" \/>                                                              <\/div>\n              <div class=\"box-text text-left\" >\n                 <p><\/p>\n              <\/div>\n            <\/div>\n                      <\/div>\n         <\/div><div class=\"gallery-col col\" >\n          <div class=\"col-inner\">\n                        <div class=\"box has-hover gallery-box box-none\">\n              <div class=\"box-image\" >\n                <img width=\"1\" height=\"1\" src=\"https:\/\/druidebio.com\/wp-content\/uploads\/2023\/07\/Not_Tested_Animals.svg\" class=\"attachment-medium size-medium\" alt=\"\" ids=\"861,868,864,863,865,862\" style=\"none\" lightbox=\"false\" col_spacing=\"xsmall\" columns=\"8\" columns__sm=\"8\" columns__md=\"8\" decoding=\"async\" loading=\"lazy\" \/>                                                              <\/div>\n              <div class=\"box-text text-left\" >\n                 <p><\/p>\n              <\/div>\n            <\/div>\n                      <\/div>\n         <\/div><div class=\"gallery-col col\" >\n          <div class=\"col-inner\">\n                        <div class=\"box has-hover gallery-box box-none\">\n              <div class=\"box-image\" >\n                <img width=\"1\" height=\"1\" src=\"https:\/\/druidebio.com\/wp-content\/uploads\/2023\/07\/NoGMO.svg\" class=\"attachment-medium size-medium\" alt=\"\" ids=\"861,868,864,863,865,862\" style=\"none\" lightbox=\"false\" col_spacing=\"xsmall\" columns=\"8\" columns__sm=\"8\" columns__md=\"8\" decoding=\"async\" loading=\"lazy\" \/>                                                              <\/div>\n              <div class=\"box-text text-left\" >\n                 <p><\/p>\n              <\/div>\n            <\/div>\n                      <\/div>\n         <\/div><div class=\"gallery-col col\" >\n          <div class=\"col-inner\">\n                        <div class=\"box has-hover gallery-box box-none\">\n              <div class=\"box-image\" >\n                <img width=\"1\" height=\"1\" src=\"https:\/\/druidebio.com\/wp-content\/uploads\/2023\/07\/Recyclable.svg\" class=\"attachment-medium size-medium\" alt=\"\" ids=\"861,868,864,863,865,862\" style=\"none\" lightbox=\"false\" col_spacing=\"xsmall\" columns=\"8\" columns__sm=\"8\" columns__md=\"8\" decoding=\"async\" loading=\"lazy\" \/>                                                              <\/div>\n              <div class=\"box-text text-left\" >\n                 <p><\/p>\n              <\/div>\n            <\/div>\n                      <\/div>\n         <\/div><div class=\"gallery-col col\" >\n          <div class=\"col-inner\">\n                        <div class=\"box has-hover gallery-box box-none\">\n              <div class=\"box-image\" >\n                <img width=\"1\" height=\"1\" src=\"https:\/\/druidebio.com\/wp-content\/uploads\/2023\/07\/Gluten_Free.svg\" class=\"attachment-medium size-medium\" alt=\"\" ids=\"861,868,864,863,865,862\" style=\"none\" lightbox=\"false\" col_spacing=\"xsmall\" columns=\"8\" columns__sm=\"8\" columns__md=\"8\" decoding=\"async\" loading=\"lazy\" \/>                                                              <\/div>\n              <div class=\"box-text text-left\" >\n                 <p><\/p>\n              <\/div>\n            <\/div>\n                      <\/div>\n         <\/div><\/div>\n\t\t<\/div>\n\t\t\t\t\t<\/div>\n\n\t<\/div>\n","protected":false},"featured_media":1654,"comment_status":"open","ping_status":"closed","template":"","meta":[],"product_brand":[],"product_cat":[115,100,108,93],"product_tag":[],"giftcard-category":[],"class_list":{"0":"post-2207","1":"product","2":"type-product","3":"status-publish","4":"has-post-thumbnail","6":"product_cat-cremes-hydratantes","7":"product_cat-druide-biolove-soins-corps","8":"product_cat-lotions-corps","9":"product_cat-soins-corps","11":"first","12":"instock","13":"taxable","14":"shipping-taxable","15":"purchasable","16":"product-type-simple"},"yoast_head":"<!-- This site is optimized with the Yoast SEO plugin v27.1.1 - https:\/\/yoast.com\/product\/yoast-seo-wordpress\/ -->\n<title>Lait Corporel Fruit de la Passion | Laboratoires Druide\u00ae | Bio For Life<\/title>\n<meta name=\"description\" content=\"Notre Lait Corps Fruit de la Passion BioLove aux ar\u00f4mes exotiques, hydrate, respecte et apaise la peau. Prot\u00e9geant des \u00e9l\u00e9ments ext\u00e9rieurs, sa texture onctueuse offre une sensation velout\u00e9e \u00e0 l\u2019utilisation. Un alli\u00e9 quotidien pour toutes les peaux.\" \/>\n<meta name=\"robots\" content=\"index, follow, max-snippet:-1, max-image-preview:large, max-video-preview:-1\" \/>\n<link rel=\"canonical\" href=\"https:\/\/druidebio.com\/fr\/produit\/lait-corporel-fruit-de-la-passion\/\" \/>\n<meta property=\"og:locale\" content=\"fr_FR\" \/>\n<meta property=\"og:type\" content=\"article\" \/>\n<meta property=\"og:title\" content=\"Lait Corporel Fruit de la Passion | Laboratoires Druide\u00ae | Bio For Life\" \/>\n<meta property=\"og:description\" content=\"Notre Lait Corps Fruit de la Passion BioLove aux ar\u00f4mes exotiques, hydrate, respecte et apaise la peau. Prot\u00e9geant des \u00e9l\u00e9ments ext\u00e9rieurs, sa texture onctueuse offre une sensation velout\u00e9e \u00e0 l\u2019utilisation. Un alli\u00e9 quotidien pour toutes les peaux.\" \/>\n<meta property=\"og:url\" content=\"https:\/\/druidebio.com\/fr\/produit\/lait-corporel-fruit-de-la-passion\/\" \/>\n<meta property=\"og:site_name\" content=\"Laboratoires Druide\u00ae | Bio For Life\" \/>\n<meta property=\"article:publisher\" content=\"https:\/\/www.facebook.com\/infodruide\" \/>\n<meta property=\"article:modified_time\" content=\"2026-03-16T15:40:45+00:00\" \/>\n<meta property=\"og:image\" content=\"https:\/\/druidebio.com\/wp-content\/uploads\/2022\/08\/druide-biolove-body-care-moisturizer-passion-fruit-lotion-milk-250ml.jpg\" \/>\n\t<meta property=\"og:image:width\" content=\"1200\" \/>\n\t<meta property=\"og:image:height\" content=\"1200\" \/>\n\t<meta property=\"og:image:type\" content=\"image\/jpeg\" \/>\n<meta name=\"twitter:card\" content=\"summary_large_image\" \/>\n<script type=\"application\/ld+json\" class=\"yoast-schema-graph\">{\"@context\":\"https:\/\/schema.org\",\"@graph\":[{\"@type\":[\"WebPage\",\"ItemPage\"],\"@id\":\"https:\/\/druidebio.com\/fr\/produit\/lait-corporel-fruit-de-la-passion\/\",\"url\":\"https:\/\/druidebio.com\/fr\/produit\/lait-corporel-fruit-de-la-passion\/\",\"name\":\"Lait Corporel Fruit de la Passion | Laboratoires Druide\u00ae | Bio For Life\",\"isPartOf\":{\"@id\":\"https:\/\/druidebio.com\/fr\/#website\"},\"primaryImageOfPage\":{\"@id\":\"https:\/\/druidebio.com\/fr\/produit\/lait-corporel-fruit-de-la-passion\/#primaryimage\"},\"image\":{\"@id\":\"https:\/\/druidebio.com\/fr\/produit\/lait-corporel-fruit-de-la-passion\/#primaryimage\"},\"thumbnailUrl\":\"https:\/\/druidebio.com\/wp-content\/uploads\/2022\/08\/druide-biolove-body-care-moisturizer-passion-fruit-lotion-milk-250ml.jpg\",\"datePublished\":\"2022-08-26T15:48:25+00:00\",\"dateModified\":\"2026-03-16T15:40:45+00:00\",\"description\":\"Notre Lait Corps Fruit de la Passion BioLove aux ar\u00f4mes exotiques, hydrate, respecte et apaise la peau. Prot\u00e9geant des \u00e9l\u00e9ments ext\u00e9rieurs, sa texture onctueuse offre une sensation velout\u00e9e \u00e0 l\u2019utilisation. Un alli\u00e9 quotidien pour toutes les peaux.\",\"breadcrumb\":{\"@id\":\"https:\/\/druidebio.com\/fr\/produit\/lait-corporel-fruit-de-la-passion\/#breadcrumb\"},\"inLanguage\":\"fr-FR\",\"potentialAction\":[{\"@type\":\"ReadAction\",\"target\":[\"https:\/\/druidebio.com\/fr\/produit\/lait-corporel-fruit-de-la-passion\/\"]}]},{\"@type\":\"ImageObject\",\"inLanguage\":\"fr-FR\",\"@id\":\"https:\/\/druidebio.com\/fr\/produit\/lait-corporel-fruit-de-la-passion\/#primaryimage\",\"url\":\"https:\/\/druidebio.com\/wp-content\/uploads\/2022\/08\/druide-biolove-body-care-moisturizer-passion-fruit-lotion-milk-250ml.jpg\",\"contentUrl\":\"https:\/\/druidebio.com\/wp-content\/uploads\/2022\/08\/druide-biolove-body-care-moisturizer-passion-fruit-lotion-milk-250ml.jpg\",\"width\":1200,\"height\":1200,\"caption\":\"Lait Corporel Fruit de la Passion\"},{\"@type\":\"BreadcrumbList\",\"@id\":\"https:\/\/druidebio.com\/fr\/produit\/lait-corporel-fruit-de-la-passion\/#breadcrumb\",\"itemListElement\":[{\"@type\":\"ListItem\",\"position\":1,\"name\":\"Home\",\"item\":\"https:\/\/druidebio.com\/fr\/\"},{\"@type\":\"ListItem\",\"position\":2,\"name\":\"Boutique\",\"item\":\"https:\/\/druidebio.com\/fr\/boutique\/\"},{\"@type\":\"ListItem\",\"position\":3,\"name\":\"Lait Corporel Fruit de la Passion\"}]},{\"@type\":\"WebSite\",\"@id\":\"https:\/\/druidebio.com\/fr\/#website\",\"url\":\"https:\/\/druidebio.com\/fr\/\",\"name\":\"Laboratoires Druide\u00ae | Bio For Life\",\"description\":\"Natural and Organic Products. ECOCERT\u00ae Certified.\",\"publisher\":{\"@id\":\"https:\/\/druidebio.com\/fr\/#organization\"},\"alternateName\":\"Druide\",\"potentialAction\":[{\"@type\":\"SearchAction\",\"target\":{\"@type\":\"EntryPoint\",\"urlTemplate\":\"https:\/\/druidebio.com\/fr\/?s={search_term_string}\"},\"query-input\":{\"@type\":\"PropertyValueSpecification\",\"valueRequired\":true,\"valueName\":\"search_term_string\"}}],\"inLanguage\":\"fr-FR\"},{\"@type\":\"Organization\",\"@id\":\"https:\/\/druidebio.com\/fr\/#organization\",\"name\":\"Druide\",\"alternateName\":\"Laboratoires Druide\",\"url\":\"https:\/\/druidebio.com\/fr\/\",\"logo\":{\"@type\":\"ImageObject\",\"inLanguage\":\"fr-FR\",\"@id\":\"https:\/\/druidebio.com\/fr\/#\/schema\/logo\/image\/\",\"url\":\"https:\/\/druidebio.com\/wp-content\/uploads\/2022\/08\/logo-fav.png\",\"contentUrl\":\"https:\/\/druidebio.com\/wp-content\/uploads\/2022\/08\/logo-fav.png\",\"width\":512,\"height\":512,\"caption\":\"Druide\"},\"image\":{\"@id\":\"https:\/\/druidebio.com\/fr\/#\/schema\/logo\/image\/\"},\"sameAs\":[\"https:\/\/www.facebook.com\/infodruide\",\"https:\/\/www.instagram.com\/druidebio\/\",\"https:\/\/www.pinterest.ca\/DruideBioCanada\/\",\"https:\/\/www.youtube.com\/user\/DRUIDECANADA\"]}]}<\/script>\n<!-- \/ Yoast SEO plugin. -->","yoast_head_json":{"title":"Lait Corporel Fruit de la Passion | Laboratoires Druide\u00ae | Bio For Life","description":"Notre Lait Corps Fruit de la Passion BioLove aux ar\u00f4mes exotiques, hydrate, respecte et apaise la peau. Prot\u00e9geant des \u00e9l\u00e9ments ext\u00e9rieurs, sa texture onctueuse offre une sensation velout\u00e9e \u00e0 l\u2019utilisation. Un alli\u00e9 quotidien pour toutes les peaux.","robots":{"index":"index","follow":"follow","max-snippet":"max-snippet:-1","max-image-preview":"max-image-preview:large","max-video-preview":"max-video-preview:-1"},"canonical":"https:\/\/druidebio.com\/fr\/produit\/lait-corporel-fruit-de-la-passion\/","og_locale":"fr_FR","og_type":"article","og_title":"Lait Corporel Fruit de la Passion | Laboratoires Druide\u00ae | Bio For Life","og_description":"Notre Lait Corps Fruit de la Passion BioLove aux ar\u00f4mes exotiques, hydrate, respecte et apaise la peau. Prot\u00e9geant des \u00e9l\u00e9ments ext\u00e9rieurs, sa texture onctueuse offre une sensation velout\u00e9e \u00e0 l\u2019utilisation. Un alli\u00e9 quotidien pour toutes les peaux.","og_url":"https:\/\/druidebio.com\/fr\/produit\/lait-corporel-fruit-de-la-passion\/","og_site_name":"Laboratoires Druide\u00ae | Bio For Life","article_publisher":"https:\/\/www.facebook.com\/infodruide","article_modified_time":"2026-03-16T15:40:45+00:00","og_image":[{"width":1200,"height":1200,"url":"https:\/\/druidebio.com\/wp-content\/uploads\/2022\/08\/druide-biolove-body-care-moisturizer-passion-fruit-lotion-milk-250ml.jpg","type":"image\/jpeg"}],"twitter_card":"summary_large_image","schema":{"@context":"https:\/\/schema.org","@graph":[{"@type":["WebPage","ItemPage"],"@id":"https:\/\/druidebio.com\/fr\/produit\/lait-corporel-fruit-de-la-passion\/","url":"https:\/\/druidebio.com\/fr\/produit\/lait-corporel-fruit-de-la-passion\/","name":"Lait Corporel Fruit de la Passion | Laboratoires Druide\u00ae | Bio For Life","isPartOf":{"@id":"https:\/\/druidebio.com\/fr\/#website"},"primaryImageOfPage":{"@id":"https:\/\/druidebio.com\/fr\/produit\/lait-corporel-fruit-de-la-passion\/#primaryimage"},"image":{"@id":"https:\/\/druidebio.com\/fr\/produit\/lait-corporel-fruit-de-la-passion\/#primaryimage"},"thumbnailUrl":"https:\/\/druidebio.com\/wp-content\/uploads\/2022\/08\/druide-biolove-body-care-moisturizer-passion-fruit-lotion-milk-250ml.jpg","datePublished":"2022-08-26T15:48:25+00:00","dateModified":"2026-03-16T15:40:45+00:00","description":"Notre Lait Corps Fruit de la Passion BioLove aux ar\u00f4mes exotiques, hydrate, respecte et apaise la peau. Prot\u00e9geant des \u00e9l\u00e9ments ext\u00e9rieurs, sa texture onctueuse offre une sensation velout\u00e9e \u00e0 l\u2019utilisation. Un alli\u00e9 quotidien pour toutes les peaux.","breadcrumb":{"@id":"https:\/\/druidebio.com\/fr\/produit\/lait-corporel-fruit-de-la-passion\/#breadcrumb"},"inLanguage":"fr-FR","potentialAction":[{"@type":"ReadAction","target":["https:\/\/druidebio.com\/fr\/produit\/lait-corporel-fruit-de-la-passion\/"]}]},{"@type":"ImageObject","inLanguage":"fr-FR","@id":"https:\/\/druidebio.com\/fr\/produit\/lait-corporel-fruit-de-la-passion\/#primaryimage","url":"https:\/\/druidebio.com\/wp-content\/uploads\/2022\/08\/druide-biolove-body-care-moisturizer-passion-fruit-lotion-milk-250ml.jpg","contentUrl":"https:\/\/druidebio.com\/wp-content\/uploads\/2022\/08\/druide-biolove-body-care-moisturizer-passion-fruit-lotion-milk-250ml.jpg","width":1200,"height":1200,"caption":"Lait Corporel Fruit de la Passion"},{"@type":"BreadcrumbList","@id":"https:\/\/druidebio.com\/fr\/produit\/lait-corporel-fruit-de-la-passion\/#breadcrumb","itemListElement":[{"@type":"ListItem","position":1,"name":"Home","item":"https:\/\/druidebio.com\/fr\/"},{"@type":"ListItem","position":2,"name":"Boutique","item":"https:\/\/druidebio.com\/fr\/boutique\/"},{"@type":"ListItem","position":3,"name":"Lait Corporel Fruit de la Passion"}]},{"@type":"WebSite","@id":"https:\/\/druidebio.com\/fr\/#website","url":"https:\/\/druidebio.com\/fr\/","name":"Laboratoires Druide\u00ae | Bio For Life","description":"Natural and Organic Products. ECOCERT\u00ae Certified.","publisher":{"@id":"https:\/\/druidebio.com\/fr\/#organization"},"alternateName":"Druide","potentialAction":[{"@type":"SearchAction","target":{"@type":"EntryPoint","urlTemplate":"https:\/\/druidebio.com\/fr\/?s={search_term_string}"},"query-input":{"@type":"PropertyValueSpecification","valueRequired":true,"valueName":"search_term_string"}}],"inLanguage":"fr-FR"},{"@type":"Organization","@id":"https:\/\/druidebio.com\/fr\/#organization","name":"Druide","alternateName":"Laboratoires Druide","url":"https:\/\/druidebio.com\/fr\/","logo":{"@type":"ImageObject","inLanguage":"fr-FR","@id":"https:\/\/druidebio.com\/fr\/#\/schema\/logo\/image\/","url":"https:\/\/druidebio.com\/wp-content\/uploads\/2022\/08\/logo-fav.png","contentUrl":"https:\/\/druidebio.com\/wp-content\/uploads\/2022\/08\/logo-fav.png","width":512,"height":512,"caption":"Druide"},"image":{"@id":"https:\/\/druidebio.com\/fr\/#\/schema\/logo\/image\/"},"sameAs":["https:\/\/www.facebook.com\/infodruide","https:\/\/www.instagram.com\/druidebio\/","https:\/\/www.pinterest.ca\/DruideBioCanada\/","https:\/\/www.youtube.com\/user\/DRUIDECANADA"]}]}},"_links":{"self":[{"href":"https:\/\/druidebio.com\/fr\/wp-json\/wp\/v2\/product\/2207","targetHints":{"allow":["GET"]}}],"collection":[{"href":"https:\/\/druidebio.com\/fr\/wp-json\/wp\/v2\/product"}],"about":[{"href":"https:\/\/druidebio.com\/fr\/wp-json\/wp\/v2\/types\/product"}],"replies":[{"embeddable":true,"href":"https:\/\/druidebio.com\/fr\/wp-json\/wp\/v2\/comments?post=2207"}],"wp:featuredmedia":[{"embeddable":true,"href":"https:\/\/druidebio.com\/fr\/wp-json\/wp\/v2\/media\/1654"}],"wp:attachment":[{"href":"https:\/\/druidebio.com\/fr\/wp-json\/wp\/v2\/media?parent=2207"}],"wp:term":[{"taxonomy":"product_brand","embeddable":true,"href":"https:\/\/druidebio.com\/fr\/wp-json\/wp\/v2\/product_brand?post=2207"},{"taxonomy":"product_cat","embeddable":true,"href":"https:\/\/druidebio.com\/fr\/wp-json\/wp\/v2\/product_cat?post=2207"},{"taxonomy":"product_tag","embeddable":true,"href":"https:\/\/druidebio.com\/fr\/wp-json\/wp\/v2\/product_tag?post=2207"},{"taxonomy":"giftcard-category","embeddable":true,"href":"https:\/\/druidebio.com\/fr\/wp-json\/wp\/v2\/giftcard-category?post=2207"}],"curies":[{"name":"wp","href":"https:\/\/api.w.org\/{rel}","templated":true}]}}