{"id":2191,"date":"2022-08-26T11:48:25","date_gmt":"2022-08-26T15:48:25","guid":{"rendered":"https:\/\/druide.wpengine.com\/product\/spring-flowers-shower-gel\/"},"modified":"2026-01-02T01:02:57","modified_gmt":"2026-01-02T06:02:57","slug":"gel-douche-floral-printanier","status":"publish","type":"product","link":"https:\/\/druidebio.com\/fr\/produit\/gel-douche-floral-printanier\/","title":{"rendered":"Gel Douche Floral Printanier"},"content":{"rendered":"<h2>Profitez d&rsquo;une exp\u00e9rience florale sous la douche<\/h2>\n<p>D\u00e9couvrez un rituel de douche quotidien inspir\u00e9 des plus grands spas du monde avec notre gel douche bio aux effluves de fleurs.<\/p>\n<p>Reconnu pour ses propri\u00e9t\u00e9s apaisantes et r\u00e9g\u00e9n\u00e9rantes, le calendula contenu dans notre gel douche, est id\u00e9al pour soulager les peaux d\u00e9licates. Formul\u00e9 pour laver tout en douceur, ce gel respecte le film hydrolipidique et pr\u00e9serve l&rsquo;\u00e9quilibre du microbiote cutan\u00e9. La sensation est celle d&rsquo;une peau apais\u00e9e, souple et sans tiraillement apr\u00e8s la douche. Sa mousse onctueuse au toucher combin\u00e9e \u00e0 son aromath\u00e9rapie, vous enveloppe d&rsquo;un parfum floral relaxant, parfait pour d\u00e9marrer la journ\u00e9e ou s&rsquo;offrir une pause bien-\u00eatre le soir.<\/p>\n<p>Adapt\u00e9 \u00e0 toutes les peaux, c&rsquo;est le choix naturel pour une douche \u00e0 la sensation apaisante.<\/p>\n<p>Nous nous engageons \u00e0 vous offrir un produit respectueux de votre peau et de l&rsquo;environnement, c\u2019est pourquoi ce gel douche est certifi\u00e9e biologique par \u00c9cocert et est 100 % v\u00e9g\u00e9tale, biod\u00e9gradable, sans sulfates, sans alcool, sans silicone, sans parab\u00e8ne, sans PEG, sans gluten, sans OGM, sans perturbateurs endocriniens, sans goudron, sans quaternium, sans colorant et non test\u00e9e sur les animaux car nous soutenons pleinement l&rsquo;\u00e9thique animale.<\/p>\n","protected":false},"excerpt":{"rendered":"<p>D\u00e9couvrez notre Gel Douche Printanier BioLove au parfum floral. Il nettoie d\u00e9licatement et pr\u00e9serve l&rsquo;\u00e9quilibre cutan\u00e9, tout en offrant une mousse onctueuse. Id\u00e9al pour chaque douche, il convient \u00e0 tous les types de peau.<\/p>\n<ul>\n<li class=\"bullet-arrow\"><strong>Texture <\/strong>: Gel fluide<\/li>\n<li class=\"bullet-arrow\"><strong>Odeur <\/strong>: Floral<\/li>\n<li class=\"bullet-arrow\"><strong>Format <\/strong>: 250 ml \u2013 8.4 US Fl.oz.<\/li>\n<\/ul>\n<div class=\"row row-full-width align-equal\"  id=\"row-787642503\">\n\t<div id=\"col-1930299909\" class=\"col small-12 large-12\"  >\n\t\t\t\t<div class=\"col-inner\"  >\n\t\t\t\n\t\t\t\n\n  \n    <div class=\"row large-columns-8 medium-columns-8 small-columns-8 row-xsmall\" >\n  <div class=\"gallery-col col\" >\n          <div class=\"col-inner\">\n                        <div class=\"box has-hover gallery-box box-none\">\n              <div class=\"box-image\" >\n                <img width=\"1\" height=\"1\" src=\"https:\/\/druidebio.com\/wp-content\/uploads\/2023\/07\/EcoCert.svg\" class=\"attachment-medium size-medium\" alt=\"\" ids=\"861,868,864,863,865,862\" style=\"none\" lightbox=\"false\" col_spacing=\"xsmall\" columns=\"8\" columns__sm=\"8\" columns__md=\"8\" decoding=\"async\" loading=\"lazy\" \/>                                                              <\/div>\n              <div class=\"box-text text-left\" >\n                 <p><\/p>\n              <\/div>\n            <\/div>\n                      <\/div>\n         <\/div><div class=\"gallery-col col\" >\n          <div class=\"col-inner\">\n                        <div class=\"box has-hover gallery-box box-none\">\n              <div class=\"box-image\" >\n                <img width=\"1\" height=\"1\" src=\"https:\/\/druidebio.com\/wp-content\/uploads\/2023\/07\/Vegan.svg\" class=\"attachment-medium size-medium\" alt=\"\" ids=\"861,868,864,863,865,862\" style=\"none\" lightbox=\"false\" col_spacing=\"xsmall\" columns=\"8\" columns__sm=\"8\" columns__md=\"8\" decoding=\"async\" loading=\"lazy\" \/>                                                              <\/div>\n              <div class=\"box-text text-left\" >\n                 <p><\/p>\n              <\/div>\n            <\/div>\n                      <\/div>\n         <\/div><div class=\"gallery-col col\" >\n          <div class=\"col-inner\">\n                        <div class=\"box has-hover gallery-box box-none\">\n              <div class=\"box-image\" >\n                <img width=\"1\" height=\"1\" src=\"https:\/\/druidebio.com\/wp-content\/uploads\/2023\/07\/Not_Tested_Animals.svg\" class=\"attachment-medium size-medium\" alt=\"\" ids=\"861,868,864,863,865,862\" style=\"none\" lightbox=\"false\" col_spacing=\"xsmall\" columns=\"8\" columns__sm=\"8\" columns__md=\"8\" decoding=\"async\" loading=\"lazy\" \/>                                                              <\/div>\n              <div class=\"box-text text-left\" >\n                 <p><\/p>\n              <\/div>\n            <\/div>\n                      <\/div>\n         <\/div><div class=\"gallery-col col\" >\n          <div class=\"col-inner\">\n                        <div class=\"box has-hover gallery-box box-none\">\n              <div class=\"box-image\" >\n                <img width=\"1\" height=\"1\" src=\"https:\/\/druidebio.com\/wp-content\/uploads\/2023\/07\/NoGMO.svg\" class=\"attachment-medium size-medium\" alt=\"\" ids=\"861,868,864,863,865,862\" style=\"none\" lightbox=\"false\" col_spacing=\"xsmall\" columns=\"8\" columns__sm=\"8\" columns__md=\"8\" decoding=\"async\" loading=\"lazy\" \/>                                                              <\/div>\n              <div class=\"box-text text-left\" >\n                 <p><\/p>\n              <\/div>\n            <\/div>\n                      <\/div>\n         <\/div><div class=\"gallery-col col\" >\n          <div class=\"col-inner\">\n                        <div class=\"box has-hover gallery-box box-none\">\n              <div class=\"box-image\" >\n                <img width=\"1\" height=\"1\" src=\"https:\/\/druidebio.com\/wp-content\/uploads\/2023\/07\/Recyclable.svg\" class=\"attachment-medium size-medium\" alt=\"\" ids=\"861,868,864,863,865,862\" style=\"none\" lightbox=\"false\" col_spacing=\"xsmall\" columns=\"8\" columns__sm=\"8\" columns__md=\"8\" decoding=\"async\" loading=\"lazy\" \/>                                                              <\/div>\n              <div class=\"box-text text-left\" >\n                 <p><\/p>\n              <\/div>\n            <\/div>\n                      <\/div>\n         <\/div><div class=\"gallery-col col\" >\n          <div class=\"col-inner\">\n                        <div class=\"box has-hover gallery-box box-none\">\n              <div class=\"box-image\" >\n                <img width=\"1\" height=\"1\" src=\"https:\/\/druidebio.com\/wp-content\/uploads\/2023\/07\/Gluten_Free.svg\" class=\"attachment-medium size-medium\" alt=\"\" ids=\"861,868,864,863,865,862\" style=\"none\" lightbox=\"false\" col_spacing=\"xsmall\" columns=\"8\" columns__sm=\"8\" columns__md=\"8\" decoding=\"async\" loading=\"lazy\" \/>                                                              <\/div>\n              <div class=\"box-text text-left\" >\n                 <p><\/p>\n              <\/div>\n            <\/div>\n                      <\/div>\n         <\/div><\/div>\n\t\t<\/div>\n\t\t\t\t\t<\/div>\n\n\t<\/div>\n","protected":false},"featured_media":1683,"comment_status":"open","ping_status":"closed","template":"","meta":[],"product_brand":[],"product_cat":[100,119,95,93],"product_tag":[],"giftcard-category":[],"class_list":{"0":"post-2191","1":"product","2":"type-product","3":"status-publish","4":"has-post-thumbnail","6":"product_cat-druide-biolove-soins-corps","7":"product_cat-gels-douche","8":"product_cat-soins-capillaires","9":"product_cat-soins-corps","11":"first","12":"instock","13":"taxable","14":"shipping-taxable","15":"purchasable","16":"product-type-simple"},"yoast_head":"<!-- This site is optimized with the Yoast SEO plugin v27.1.1 - https:\/\/yoast.com\/product\/yoast-seo-wordpress\/ -->\n<title>Gel Douche Floral Printanier | Laboratoires Druide\u00ae | Bio For Life<\/title>\n<meta name=\"description\" content=\"D\u00e9couvrez notre Gel Douche Printanier BioLove au parfum floral. Il nettoie d\u00e9licatement et pr\u00e9serve l&#039;\u00e9quilibre cutan\u00e9, tout en offrant une mousse onctueuse. Id\u00e9al pour chaque douche, il convient \u00e0 tous les types de peau.\" \/>\n<meta name=\"robots\" content=\"index, follow, max-snippet:-1, max-image-preview:large, max-video-preview:-1\" \/>\n<link rel=\"canonical\" href=\"https:\/\/druidebio.com\/fr\/produit\/gel-douche-floral-printanier\/\" \/>\n<meta property=\"og:locale\" content=\"fr_FR\" \/>\n<meta property=\"og:type\" content=\"article\" \/>\n<meta property=\"og:title\" content=\"Gel Douche Floral Printanier | Laboratoires Druide\u00ae | Bio For Life\" \/>\n<meta property=\"og:description\" content=\"D\u00e9couvrez notre Gel Douche Printanier BioLove au parfum floral. Il nettoie d\u00e9licatement et pr\u00e9serve l&#039;\u00e9quilibre cutan\u00e9, tout en offrant une mousse onctueuse. Id\u00e9al pour chaque douche, il convient \u00e0 tous les types de peau.\" \/>\n<meta property=\"og:url\" content=\"https:\/\/druidebio.com\/fr\/produit\/gel-douche-floral-printanier\/\" \/>\n<meta property=\"og:site_name\" content=\"Laboratoires Druide\u00ae | Bio For Life\" \/>\n<meta property=\"article:publisher\" content=\"https:\/\/www.facebook.com\/infodruide\" \/>\n<meta property=\"article:modified_time\" content=\"2026-01-02T06:02:57+00:00\" \/>\n<meta property=\"og:image\" content=\"https:\/\/druidebio.com\/wp-content\/uploads\/2022\/08\/druide-biolove-hair-body-care-spring-flower-shower-gel-250g-8.4oz-bottle.jpg\" \/>\n\t<meta property=\"og:image:width\" content=\"1200\" \/>\n\t<meta property=\"og:image:height\" content=\"1200\" \/>\n\t<meta property=\"og:image:type\" content=\"image\/jpeg\" \/>\n<meta name=\"twitter:card\" content=\"summary_large_image\" \/>\n<script type=\"application\/ld+json\" class=\"yoast-schema-graph\">{\"@context\":\"https:\/\/schema.org\",\"@graph\":[{\"@type\":[\"WebPage\",\"ItemPage\"],\"@id\":\"https:\/\/druidebio.com\/fr\/produit\/gel-douche-floral-printanier\/\",\"url\":\"https:\/\/druidebio.com\/fr\/produit\/gel-douche-floral-printanier\/\",\"name\":\"Gel Douche Floral Printanier | Laboratoires Druide\u00ae | Bio For Life\",\"isPartOf\":{\"@id\":\"https:\/\/druidebio.com\/fr\/#website\"},\"primaryImageOfPage\":{\"@id\":\"https:\/\/druidebio.com\/fr\/produit\/gel-douche-floral-printanier\/#primaryimage\"},\"image\":{\"@id\":\"https:\/\/druidebio.com\/fr\/produit\/gel-douche-floral-printanier\/#primaryimage\"},\"thumbnailUrl\":\"https:\/\/druidebio.com\/wp-content\/uploads\/2022\/08\/druide-biolove-hair-body-care-spring-flower-shower-gel-250g-8.4oz-bottle.jpg\",\"datePublished\":\"2022-08-26T15:48:25+00:00\",\"dateModified\":\"2026-01-02T06:02:57+00:00\",\"description\":\"D\u00e9couvrez notre Gel Douche Printanier BioLove au parfum floral. Il nettoie d\u00e9licatement et pr\u00e9serve l'\u00e9quilibre cutan\u00e9, tout en offrant une mousse onctueuse. Id\u00e9al pour chaque douche, il convient \u00e0 tous les types de peau.\",\"breadcrumb\":{\"@id\":\"https:\/\/druidebio.com\/fr\/produit\/gel-douche-floral-printanier\/#breadcrumb\"},\"inLanguage\":\"fr-FR\",\"potentialAction\":[{\"@type\":\"ReadAction\",\"target\":[\"https:\/\/druidebio.com\/fr\/produit\/gel-douche-floral-printanier\/\"]}]},{\"@type\":\"ImageObject\",\"inLanguage\":\"fr-FR\",\"@id\":\"https:\/\/druidebio.com\/fr\/produit\/gel-douche-floral-printanier\/#primaryimage\",\"url\":\"https:\/\/druidebio.com\/wp-content\/uploads\/2022\/08\/druide-biolove-hair-body-care-spring-flower-shower-gel-250g-8.4oz-bottle.jpg\",\"contentUrl\":\"https:\/\/druidebio.com\/wp-content\/uploads\/2022\/08\/druide-biolove-hair-body-care-spring-flower-shower-gel-250g-8.4oz-bottle.jpg\",\"width\":1200,\"height\":1200,\"caption\":\"Gel Douche Floral Printanier\"},{\"@type\":\"BreadcrumbList\",\"@id\":\"https:\/\/druidebio.com\/fr\/produit\/gel-douche-floral-printanier\/#breadcrumb\",\"itemListElement\":[{\"@type\":\"ListItem\",\"position\":1,\"name\":\"Home\",\"item\":\"https:\/\/druidebio.com\/fr\/\"},{\"@type\":\"ListItem\",\"position\":2,\"name\":\"Boutique\",\"item\":\"https:\/\/druidebio.com\/fr\/boutique\/\"},{\"@type\":\"ListItem\",\"position\":3,\"name\":\"Gel Douche Floral Printanier\"}]},{\"@type\":\"WebSite\",\"@id\":\"https:\/\/druidebio.com\/fr\/#website\",\"url\":\"https:\/\/druidebio.com\/fr\/\",\"name\":\"Laboratoires Druide\u00ae | Bio For Life\",\"description\":\"Natural and Organic Products. ECOCERT\u00ae Certified.\",\"publisher\":{\"@id\":\"https:\/\/druidebio.com\/fr\/#organization\"},\"alternateName\":\"Druide\",\"potentialAction\":[{\"@type\":\"SearchAction\",\"target\":{\"@type\":\"EntryPoint\",\"urlTemplate\":\"https:\/\/druidebio.com\/fr\/?s={search_term_string}\"},\"query-input\":{\"@type\":\"PropertyValueSpecification\",\"valueRequired\":true,\"valueName\":\"search_term_string\"}}],\"inLanguage\":\"fr-FR\"},{\"@type\":\"Organization\",\"@id\":\"https:\/\/druidebio.com\/fr\/#organization\",\"name\":\"Druide\",\"alternateName\":\"Laboratoires Druide\",\"url\":\"https:\/\/druidebio.com\/fr\/\",\"logo\":{\"@type\":\"ImageObject\",\"inLanguage\":\"fr-FR\",\"@id\":\"https:\/\/druidebio.com\/fr\/#\/schema\/logo\/image\/\",\"url\":\"https:\/\/druidebio.com\/wp-content\/uploads\/2022\/08\/logo-fav.png\",\"contentUrl\":\"https:\/\/druidebio.com\/wp-content\/uploads\/2022\/08\/logo-fav.png\",\"width\":512,\"height\":512,\"caption\":\"Druide\"},\"image\":{\"@id\":\"https:\/\/druidebio.com\/fr\/#\/schema\/logo\/image\/\"},\"sameAs\":[\"https:\/\/www.facebook.com\/infodruide\",\"https:\/\/www.instagram.com\/druidebio\/\",\"https:\/\/www.pinterest.ca\/DruideBioCanada\/\",\"https:\/\/www.youtube.com\/user\/DRUIDECANADA\"]}]}<\/script>\n<!-- \/ Yoast SEO plugin. -->","yoast_head_json":{"title":"Gel Douche Floral Printanier | Laboratoires Druide\u00ae | Bio For Life","description":"D\u00e9couvrez notre Gel Douche Printanier BioLove au parfum floral. Il nettoie d\u00e9licatement et pr\u00e9serve l'\u00e9quilibre cutan\u00e9, tout en offrant une mousse onctueuse. Id\u00e9al pour chaque douche, il convient \u00e0 tous les types de peau.","robots":{"index":"index","follow":"follow","max-snippet":"max-snippet:-1","max-image-preview":"max-image-preview:large","max-video-preview":"max-video-preview:-1"},"canonical":"https:\/\/druidebio.com\/fr\/produit\/gel-douche-floral-printanier\/","og_locale":"fr_FR","og_type":"article","og_title":"Gel Douche Floral Printanier | Laboratoires Druide\u00ae | Bio For Life","og_description":"D\u00e9couvrez notre Gel Douche Printanier BioLove au parfum floral. Il nettoie d\u00e9licatement et pr\u00e9serve l'\u00e9quilibre cutan\u00e9, tout en offrant une mousse onctueuse. Id\u00e9al pour chaque douche, il convient \u00e0 tous les types de peau.","og_url":"https:\/\/druidebio.com\/fr\/produit\/gel-douche-floral-printanier\/","og_site_name":"Laboratoires Druide\u00ae | Bio For Life","article_publisher":"https:\/\/www.facebook.com\/infodruide","article_modified_time":"2026-01-02T06:02:57+00:00","og_image":[{"width":1200,"height":1200,"url":"https:\/\/druidebio.com\/wp-content\/uploads\/2022\/08\/druide-biolove-hair-body-care-spring-flower-shower-gel-250g-8.4oz-bottle.jpg","type":"image\/jpeg"}],"twitter_card":"summary_large_image","schema":{"@context":"https:\/\/schema.org","@graph":[{"@type":["WebPage","ItemPage"],"@id":"https:\/\/druidebio.com\/fr\/produit\/gel-douche-floral-printanier\/","url":"https:\/\/druidebio.com\/fr\/produit\/gel-douche-floral-printanier\/","name":"Gel Douche Floral Printanier | Laboratoires Druide\u00ae | Bio For Life","isPartOf":{"@id":"https:\/\/druidebio.com\/fr\/#website"},"primaryImageOfPage":{"@id":"https:\/\/druidebio.com\/fr\/produit\/gel-douche-floral-printanier\/#primaryimage"},"image":{"@id":"https:\/\/druidebio.com\/fr\/produit\/gel-douche-floral-printanier\/#primaryimage"},"thumbnailUrl":"https:\/\/druidebio.com\/wp-content\/uploads\/2022\/08\/druide-biolove-hair-body-care-spring-flower-shower-gel-250g-8.4oz-bottle.jpg","datePublished":"2022-08-26T15:48:25+00:00","dateModified":"2026-01-02T06:02:57+00:00","description":"D\u00e9couvrez notre Gel Douche Printanier BioLove au parfum floral. Il nettoie d\u00e9licatement et pr\u00e9serve l'\u00e9quilibre cutan\u00e9, tout en offrant une mousse onctueuse. Id\u00e9al pour chaque douche, il convient \u00e0 tous les types de peau.","breadcrumb":{"@id":"https:\/\/druidebio.com\/fr\/produit\/gel-douche-floral-printanier\/#breadcrumb"},"inLanguage":"fr-FR","potentialAction":[{"@type":"ReadAction","target":["https:\/\/druidebio.com\/fr\/produit\/gel-douche-floral-printanier\/"]}]},{"@type":"ImageObject","inLanguage":"fr-FR","@id":"https:\/\/druidebio.com\/fr\/produit\/gel-douche-floral-printanier\/#primaryimage","url":"https:\/\/druidebio.com\/wp-content\/uploads\/2022\/08\/druide-biolove-hair-body-care-spring-flower-shower-gel-250g-8.4oz-bottle.jpg","contentUrl":"https:\/\/druidebio.com\/wp-content\/uploads\/2022\/08\/druide-biolove-hair-body-care-spring-flower-shower-gel-250g-8.4oz-bottle.jpg","width":1200,"height":1200,"caption":"Gel Douche Floral Printanier"},{"@type":"BreadcrumbList","@id":"https:\/\/druidebio.com\/fr\/produit\/gel-douche-floral-printanier\/#breadcrumb","itemListElement":[{"@type":"ListItem","position":1,"name":"Home","item":"https:\/\/druidebio.com\/fr\/"},{"@type":"ListItem","position":2,"name":"Boutique","item":"https:\/\/druidebio.com\/fr\/boutique\/"},{"@type":"ListItem","position":3,"name":"Gel Douche Floral Printanier"}]},{"@type":"WebSite","@id":"https:\/\/druidebio.com\/fr\/#website","url":"https:\/\/druidebio.com\/fr\/","name":"Laboratoires Druide\u00ae | Bio For Life","description":"Natural and Organic Products. ECOCERT\u00ae Certified.","publisher":{"@id":"https:\/\/druidebio.com\/fr\/#organization"},"alternateName":"Druide","potentialAction":[{"@type":"SearchAction","target":{"@type":"EntryPoint","urlTemplate":"https:\/\/druidebio.com\/fr\/?s={search_term_string}"},"query-input":{"@type":"PropertyValueSpecification","valueRequired":true,"valueName":"search_term_string"}}],"inLanguage":"fr-FR"},{"@type":"Organization","@id":"https:\/\/druidebio.com\/fr\/#organization","name":"Druide","alternateName":"Laboratoires Druide","url":"https:\/\/druidebio.com\/fr\/","logo":{"@type":"ImageObject","inLanguage":"fr-FR","@id":"https:\/\/druidebio.com\/fr\/#\/schema\/logo\/image\/","url":"https:\/\/druidebio.com\/wp-content\/uploads\/2022\/08\/logo-fav.png","contentUrl":"https:\/\/druidebio.com\/wp-content\/uploads\/2022\/08\/logo-fav.png","width":512,"height":512,"caption":"Druide"},"image":{"@id":"https:\/\/druidebio.com\/fr\/#\/schema\/logo\/image\/"},"sameAs":["https:\/\/www.facebook.com\/infodruide","https:\/\/www.instagram.com\/druidebio\/","https:\/\/www.pinterest.ca\/DruideBioCanada\/","https:\/\/www.youtube.com\/user\/DRUIDECANADA"]}]}},"_links":{"self":[{"href":"https:\/\/druidebio.com\/fr\/wp-json\/wp\/v2\/product\/2191","targetHints":{"allow":["GET"]}}],"collection":[{"href":"https:\/\/druidebio.com\/fr\/wp-json\/wp\/v2\/product"}],"about":[{"href":"https:\/\/druidebio.com\/fr\/wp-json\/wp\/v2\/types\/product"}],"replies":[{"embeddable":true,"href":"https:\/\/druidebio.com\/fr\/wp-json\/wp\/v2\/comments?post=2191"}],"wp:featuredmedia":[{"embeddable":true,"href":"https:\/\/druidebio.com\/fr\/wp-json\/wp\/v2\/media\/1683"}],"wp:attachment":[{"href":"https:\/\/druidebio.com\/fr\/wp-json\/wp\/v2\/media?parent=2191"}],"wp:term":[{"taxonomy":"product_brand","embeddable":true,"href":"https:\/\/druidebio.com\/fr\/wp-json\/wp\/v2\/product_brand?post=2191"},{"taxonomy":"product_cat","embeddable":true,"href":"https:\/\/druidebio.com\/fr\/wp-json\/wp\/v2\/product_cat?post=2191"},{"taxonomy":"product_tag","embeddable":true,"href":"https:\/\/druidebio.com\/fr\/wp-json\/wp\/v2\/product_tag?post=2191"},{"taxonomy":"giftcard-category","embeddable":true,"href":"https:\/\/druidebio.com\/fr\/wp-json\/wp\/v2\/giftcard-category?post=2191"}],"curies":[{"name":"wp","href":"https:\/\/api.w.org\/{rel}","templated":true}]}}