{"id":2189,"date":"2022-08-26T11:48:07","date_gmt":"2022-08-26T15:48:07","guid":{"rendered":"https:\/\/druide.wpengine.com\/product\/hand-cream-very-dry-skin\/"},"modified":"2026-04-19T18:31:23","modified_gmt":"2026-04-19T22:31:23","slug":"creme-a-mains-peau-tres-seche","status":"publish","type":"product","link":"https:\/\/druidebio.com\/fr\/produit\/creme-a-mains-peau-tres-seche\/","title":{"rendered":"Cr\u00e8me \u00e0 Mains &#8211; Peau Tr\u00e8s S\u00e8che"},"content":{"rendered":"<h2>Cr\u00e8me Mains Bio au Beurre de Karit\u00e9 : hydratation et protection intense des peaux tr\u00e8s s\u00e8ches<\/h2>\n<p>Chouchoutez vos mains avec notre cr\u00e8me hydratante biologique, parfum\u00e9e de d\u00e9licates notes florales. Con\u00e7ue sp\u00e9cifiquement pour les peaux tr\u00e8s s\u00e8ches et ab\u00eem\u00e9es, elle apporte apaisement, hydratation profonde et restaure la barri\u00e8re d\u2019hydratation cutan\u00e9e.<\/p>\n<p>Riche en beurre de karit\u00e9, cette cr\u00e8me d\u00e9ploie ses puissantes propri\u00e9t\u00e9s nourrissantes, r\u00e9paratrices et protectrices. Elle pr\u00e9vient la s\u00e9cheresse cutan\u00e9e et adoucit la peau.<\/p>\n<p>Combattez efficacement les irritations et inconforts engendr\u00e9es par les lavages fr\u00e9quents ou les climats froids et humides. Enrichie en huiles v\u00e9g\u00e9tales, elle p\u00e9n\u00e8tre rapidement, prot\u00e9geant vos mains des agressions ext\u00e9rieures et leur offrant souplesse et confort, le tout sans sensation collante. Une hydratation durable pour toutes les peaux.<\/p>\n<p>Engag\u00e9s pour votre bien-\u00eatre et celui de l&rsquo;environnement, notre cr\u00e8me hydratante est certifi\u00e9e par \u00c9cocert, garantissant sa composition 100 % v\u00e9g\u00e9tale (Vegan), biod\u00e9gradable, exempte de silicones, de parab\u00e8nes, d&rsquo;alcool, de PEG, de gluten, d&rsquo;OGM, de perturbateurs endocriniens, de goudron, de quaternium et de colorants. De plus, nous sommes fiers de soutenir l&rsquo;\u00e9thique animale en n&rsquo;effectuant aucun test sur les animaux.<\/p>\n","protected":false},"excerpt":{"rendered":"<p>Offrez \u00e0 vos mains une hydratation profonde et une protection durable. Adieu s\u00e9cheresse, irritation et rugosit\u00e9, bonjour douceur et confort.<\/p>\n<ul>\n<li class=\"bullet-arrow\"><strong>Texture <\/strong>: Cr\u00e8me<\/li>\n<li class=\"bullet-arrow\"><strong>Odeur <\/strong>: Agrumes<\/li>\n<li class=\"bullet-arrow\"><strong>Format <\/strong>: 60 ml \u2013 2 US Fl.oz.<\/li>\n<\/ul>\n<div class=\"row row-full-width align-equal\"  id=\"row-1686715749\">\n\t<div id=\"col-628461072\" class=\"col small-12 large-12\"  >\n\t\t\t\t<div class=\"col-inner\"  >\n\t\t\t\n\t\t\t\n\n  \n    <div class=\"row large-columns-8 medium-columns-8 small-columns-8 row-xsmall\" >\n  <div class=\"gallery-col col\" >\n          <div class=\"col-inner\">\n                        <div class=\"box has-hover gallery-box box-none\">\n              <div class=\"box-image\" >\n                <img width=\"1\" height=\"1\" src=\"https:\/\/druidebio.com\/wp-content\/uploads\/2023\/07\/EcoCert.svg\" class=\"attachment-medium size-medium\" alt=\"\" ids=\"861,868,864,863,865,862\" style=\"none\" lightbox=\"false\" col_spacing=\"xsmall\" columns=\"8\" columns__sm=\"8\" columns__md=\"8\" decoding=\"async\" loading=\"lazy\" \/>                                                              <\/div>\n              <div class=\"box-text text-left\" >\n                 <p><\/p>\n              <\/div>\n            <\/div>\n                      <\/div>\n         <\/div><div class=\"gallery-col col\" >\n          <div class=\"col-inner\">\n                        <div class=\"box has-hover gallery-box box-none\">\n              <div class=\"box-image\" >\n                <img width=\"1\" height=\"1\" src=\"https:\/\/druidebio.com\/wp-content\/uploads\/2023\/07\/Vegan.svg\" class=\"attachment-medium size-medium\" alt=\"\" ids=\"861,868,864,863,865,862\" style=\"none\" lightbox=\"false\" col_spacing=\"xsmall\" columns=\"8\" columns__sm=\"8\" columns__md=\"8\" decoding=\"async\" loading=\"lazy\" \/>                                                              <\/div>\n              <div class=\"box-text text-left\" >\n                 <p><\/p>\n              <\/div>\n            <\/div>\n                      <\/div>\n         <\/div><div class=\"gallery-col col\" >\n          <div class=\"col-inner\">\n                        <div class=\"box has-hover gallery-box box-none\">\n              <div class=\"box-image\" >\n                <img width=\"1\" height=\"1\" src=\"https:\/\/druidebio.com\/wp-content\/uploads\/2023\/07\/Not_Tested_Animals.svg\" class=\"attachment-medium size-medium\" alt=\"\" ids=\"861,868,864,863,865,862\" style=\"none\" lightbox=\"false\" col_spacing=\"xsmall\" columns=\"8\" columns__sm=\"8\" columns__md=\"8\" decoding=\"async\" loading=\"lazy\" \/>                                                              <\/div>\n              <div class=\"box-text text-left\" >\n                 <p><\/p>\n              <\/div>\n            <\/div>\n                      <\/div>\n         <\/div><div class=\"gallery-col col\" >\n          <div class=\"col-inner\">\n                        <div class=\"box has-hover gallery-box box-none\">\n              <div class=\"box-image\" >\n                <img width=\"1\" height=\"1\" src=\"https:\/\/druidebio.com\/wp-content\/uploads\/2023\/07\/NoGMO.svg\" class=\"attachment-medium size-medium\" alt=\"\" ids=\"861,868,864,863,865,862\" style=\"none\" lightbox=\"false\" col_spacing=\"xsmall\" columns=\"8\" columns__sm=\"8\" columns__md=\"8\" decoding=\"async\" loading=\"lazy\" \/>                                                              <\/div>\n              <div class=\"box-text text-left\" >\n                 <p><\/p>\n              <\/div>\n            <\/div>\n                      <\/div>\n         <\/div><div class=\"gallery-col col\" >\n          <div class=\"col-inner\">\n                        <div class=\"box has-hover gallery-box box-none\">\n              <div class=\"box-image\" >\n                <img width=\"1\" height=\"1\" src=\"https:\/\/druidebio.com\/wp-content\/uploads\/2023\/07\/Recyclable.svg\" class=\"attachment-medium size-medium\" alt=\"\" ids=\"861,868,864,863,865,862\" style=\"none\" lightbox=\"false\" col_spacing=\"xsmall\" columns=\"8\" columns__sm=\"8\" columns__md=\"8\" decoding=\"async\" loading=\"lazy\" \/>                                                              <\/div>\n              <div class=\"box-text text-left\" >\n                 <p><\/p>\n              <\/div>\n            <\/div>\n                      <\/div>\n         <\/div><div class=\"gallery-col col\" >\n          <div class=\"col-inner\">\n                        <div class=\"box has-hover gallery-box box-none\">\n              <div class=\"box-image\" >\n                <img width=\"1\" height=\"1\" src=\"https:\/\/druidebio.com\/wp-content\/uploads\/2023\/07\/Gluten_Free.svg\" class=\"attachment-medium size-medium\" alt=\"\" ids=\"861,868,864,863,865,862\" style=\"none\" lightbox=\"false\" col_spacing=\"xsmall\" columns=\"8\" columns__sm=\"8\" columns__md=\"8\" decoding=\"async\" loading=\"lazy\" \/>                                                              <\/div>\n              <div class=\"box-text text-left\" >\n                 <p><\/p>\n              <\/div>\n            <\/div>\n                      <\/div>\n         <\/div><\/div>\n\t\t<\/div>\n\t\t\t\t\t<\/div>\n\n\t<\/div>\n","protected":false},"featured_media":1673,"comment_status":"open","ping_status":"closed","template":"","meta":[],"product_brand":[],"product_cat":[113,103,93],"product_tag":[],"giftcard-category":[],"class_list":{"0":"post-2189","1":"product","2":"type-product","3":"status-publish","4":"has-post-thumbnail","6":"product_cat-cremes-mains","7":"product_cat-druide-essentielle","8":"product_cat-soins-corps","10":"first","11":"instock","12":"taxable","13":"shipping-taxable","14":"purchasable","15":"product-type-simple"},"yoast_head":"<!-- This site is optimized with the Yoast SEO plugin v27.1.1 - https:\/\/yoast.com\/product\/yoast-seo-wordpress\/ -->\n<title>Cr\u00e8me \u00e0 Mains - Peau Tr\u00e8s S\u00e8che | Laboratoires Druide\u00ae | Bio For Life<\/title>\n<meta name=\"description\" content=\"Offrez \u00e0 vos mains une hydratation profonde et une protection durable. Adieu s\u00e9cheresse, irritation et rugosit\u00e9, bonjour douceur et confort.\" \/>\n<meta name=\"robots\" content=\"index, follow, max-snippet:-1, max-image-preview:large, max-video-preview:-1\" \/>\n<link rel=\"canonical\" href=\"https:\/\/druidebio.com\/fr\/produit\/creme-a-mains-peau-tres-seche\/\" \/>\n<meta property=\"og:locale\" content=\"fr_FR\" \/>\n<meta property=\"og:type\" content=\"article\" \/>\n<meta property=\"og:title\" content=\"Cr\u00e8me \u00e0 Mains - Peau Tr\u00e8s S\u00e8che | Laboratoires Druide\u00ae | Bio For Life\" \/>\n<meta property=\"og:description\" content=\"Offrez \u00e0 vos mains une hydratation profonde et une protection durable. Adieu s\u00e9cheresse, irritation et rugosit\u00e9, bonjour douceur et confort.\" \/>\n<meta property=\"og:url\" content=\"https:\/\/druidebio.com\/fr\/produit\/creme-a-mains-peau-tres-seche\/\" \/>\n<meta property=\"og:site_name\" content=\"Laboratoires Druide\u00ae | Bio For Life\" \/>\n<meta property=\"article:publisher\" content=\"https:\/\/www.facebook.com\/infodruide\" \/>\n<meta property=\"article:modified_time\" content=\"2026-04-19T22:31:23+00:00\" \/>\n<meta property=\"og:image\" content=\"https:\/\/druidebio.com\/wp-content\/uploads\/2022\/08\/druide-body-care-hand-cream-shea-butter-magnolia-very-intensive-dry-skin-60ml.jpg\" \/>\n\t<meta property=\"og:image:width\" content=\"1200\" \/>\n\t<meta property=\"og:image:height\" content=\"1200\" \/>\n\t<meta property=\"og:image:type\" content=\"image\/jpeg\" \/>\n<meta name=\"twitter:card\" content=\"summary_large_image\" \/>\n<script type=\"application\/ld+json\" class=\"yoast-schema-graph\">{\"@context\":\"https:\/\/schema.org\",\"@graph\":[{\"@type\":[\"WebPage\",\"ItemPage\"],\"@id\":\"https:\/\/druidebio.com\/fr\/produit\/creme-a-mains-peau-tres-seche\/\",\"url\":\"https:\/\/druidebio.com\/fr\/produit\/creme-a-mains-peau-tres-seche\/\",\"name\":\"Cr\u00e8me \u00e0 Mains - Peau Tr\u00e8s S\u00e8che | Laboratoires Druide\u00ae | Bio For Life\",\"isPartOf\":{\"@id\":\"https:\/\/druidebio.com\/fr\/#website\"},\"primaryImageOfPage\":{\"@id\":\"https:\/\/druidebio.com\/fr\/produit\/creme-a-mains-peau-tres-seche\/#primaryimage\"},\"image\":{\"@id\":\"https:\/\/druidebio.com\/fr\/produit\/creme-a-mains-peau-tres-seche\/#primaryimage\"},\"thumbnailUrl\":\"https:\/\/druidebio.com\/wp-content\/uploads\/2022\/08\/druide-body-care-hand-cream-shea-butter-magnolia-very-intensive-dry-skin-60ml.jpg\",\"datePublished\":\"2022-08-26T15:48:07+00:00\",\"dateModified\":\"2026-04-19T22:31:23+00:00\",\"description\":\"Offrez \u00e0 vos mains une hydratation profonde et une protection durable. Adieu s\u00e9cheresse, irritation et rugosit\u00e9, bonjour douceur et confort.\",\"breadcrumb\":{\"@id\":\"https:\/\/druidebio.com\/fr\/produit\/creme-a-mains-peau-tres-seche\/#breadcrumb\"},\"inLanguage\":\"fr-FR\",\"potentialAction\":[{\"@type\":\"ReadAction\",\"target\":[\"https:\/\/druidebio.com\/fr\/produit\/creme-a-mains-peau-tres-seche\/\"]}]},{\"@type\":\"ImageObject\",\"inLanguage\":\"fr-FR\",\"@id\":\"https:\/\/druidebio.com\/fr\/produit\/creme-a-mains-peau-tres-seche\/#primaryimage\",\"url\":\"https:\/\/druidebio.com\/wp-content\/uploads\/2022\/08\/druide-body-care-hand-cream-shea-butter-magnolia-very-intensive-dry-skin-60ml.jpg\",\"contentUrl\":\"https:\/\/druidebio.com\/wp-content\/uploads\/2022\/08\/druide-body-care-hand-cream-shea-butter-magnolia-very-intensive-dry-skin-60ml.jpg\",\"width\":1200,\"height\":1200,\"caption\":\"Cr\u00e8me \u00e0 Mains - Peau Tr\u00e8s S\u00e8che\"},{\"@type\":\"BreadcrumbList\",\"@id\":\"https:\/\/druidebio.com\/fr\/produit\/creme-a-mains-peau-tres-seche\/#breadcrumb\",\"itemListElement\":[{\"@type\":\"ListItem\",\"position\":1,\"name\":\"Home\",\"item\":\"https:\/\/druidebio.com\/fr\/\"},{\"@type\":\"ListItem\",\"position\":2,\"name\":\"Boutique\",\"item\":\"https:\/\/druidebio.com\/fr\/boutique\/\"},{\"@type\":\"ListItem\",\"position\":3,\"name\":\"Cr\u00e8me \u00e0 Mains &#8211; Peau Tr\u00e8s S\u00e8che\"}]},{\"@type\":\"WebSite\",\"@id\":\"https:\/\/druidebio.com\/fr\/#website\",\"url\":\"https:\/\/druidebio.com\/fr\/\",\"name\":\"Laboratoires Druide\u00ae | Bio For Life\",\"description\":\"Natural and Organic Products. ECOCERT\u00ae Certified.\",\"publisher\":{\"@id\":\"https:\/\/druidebio.com\/fr\/#organization\"},\"alternateName\":\"Druide\",\"potentialAction\":[{\"@type\":\"SearchAction\",\"target\":{\"@type\":\"EntryPoint\",\"urlTemplate\":\"https:\/\/druidebio.com\/fr\/?s={search_term_string}\"},\"query-input\":{\"@type\":\"PropertyValueSpecification\",\"valueRequired\":true,\"valueName\":\"search_term_string\"}}],\"inLanguage\":\"fr-FR\"},{\"@type\":\"Organization\",\"@id\":\"https:\/\/druidebio.com\/fr\/#organization\",\"name\":\"Druide\",\"alternateName\":\"Laboratoires Druide\",\"url\":\"https:\/\/druidebio.com\/fr\/\",\"logo\":{\"@type\":\"ImageObject\",\"inLanguage\":\"fr-FR\",\"@id\":\"https:\/\/druidebio.com\/fr\/#\/schema\/logo\/image\/\",\"url\":\"https:\/\/druidebio.com\/wp-content\/uploads\/2022\/08\/logo-fav.png\",\"contentUrl\":\"https:\/\/druidebio.com\/wp-content\/uploads\/2022\/08\/logo-fav.png\",\"width\":512,\"height\":512,\"caption\":\"Druide\"},\"image\":{\"@id\":\"https:\/\/druidebio.com\/fr\/#\/schema\/logo\/image\/\"},\"sameAs\":[\"https:\/\/www.facebook.com\/infodruide\",\"https:\/\/www.instagram.com\/druidebio\/\",\"https:\/\/www.pinterest.ca\/DruideBioCanada\/\",\"https:\/\/www.youtube.com\/user\/DRUIDECANADA\"]}]}<\/script>\n<!-- \/ Yoast SEO plugin. -->","yoast_head_json":{"title":"Cr\u00e8me \u00e0 Mains - Peau Tr\u00e8s S\u00e8che | Laboratoires Druide\u00ae | Bio For Life","description":"Offrez \u00e0 vos mains une hydratation profonde et une protection durable. Adieu s\u00e9cheresse, irritation et rugosit\u00e9, bonjour douceur et confort.","robots":{"index":"index","follow":"follow","max-snippet":"max-snippet:-1","max-image-preview":"max-image-preview:large","max-video-preview":"max-video-preview:-1"},"canonical":"https:\/\/druidebio.com\/fr\/produit\/creme-a-mains-peau-tres-seche\/","og_locale":"fr_FR","og_type":"article","og_title":"Cr\u00e8me \u00e0 Mains - Peau Tr\u00e8s S\u00e8che | Laboratoires Druide\u00ae | Bio For Life","og_description":"Offrez \u00e0 vos mains une hydratation profonde et une protection durable. Adieu s\u00e9cheresse, irritation et rugosit\u00e9, bonjour douceur et confort.","og_url":"https:\/\/druidebio.com\/fr\/produit\/creme-a-mains-peau-tres-seche\/","og_site_name":"Laboratoires Druide\u00ae | Bio For Life","article_publisher":"https:\/\/www.facebook.com\/infodruide","article_modified_time":"2026-04-19T22:31:23+00:00","og_image":[{"width":1200,"height":1200,"url":"https:\/\/druidebio.com\/wp-content\/uploads\/2022\/08\/druide-body-care-hand-cream-shea-butter-magnolia-very-intensive-dry-skin-60ml.jpg","type":"image\/jpeg"}],"twitter_card":"summary_large_image","schema":{"@context":"https:\/\/schema.org","@graph":[{"@type":["WebPage","ItemPage"],"@id":"https:\/\/druidebio.com\/fr\/produit\/creme-a-mains-peau-tres-seche\/","url":"https:\/\/druidebio.com\/fr\/produit\/creme-a-mains-peau-tres-seche\/","name":"Cr\u00e8me \u00e0 Mains - Peau Tr\u00e8s S\u00e8che | Laboratoires Druide\u00ae | Bio For Life","isPartOf":{"@id":"https:\/\/druidebio.com\/fr\/#website"},"primaryImageOfPage":{"@id":"https:\/\/druidebio.com\/fr\/produit\/creme-a-mains-peau-tres-seche\/#primaryimage"},"image":{"@id":"https:\/\/druidebio.com\/fr\/produit\/creme-a-mains-peau-tres-seche\/#primaryimage"},"thumbnailUrl":"https:\/\/druidebio.com\/wp-content\/uploads\/2022\/08\/druide-body-care-hand-cream-shea-butter-magnolia-very-intensive-dry-skin-60ml.jpg","datePublished":"2022-08-26T15:48:07+00:00","dateModified":"2026-04-19T22:31:23+00:00","description":"Offrez \u00e0 vos mains une hydratation profonde et une protection durable. Adieu s\u00e9cheresse, irritation et rugosit\u00e9, bonjour douceur et confort.","breadcrumb":{"@id":"https:\/\/druidebio.com\/fr\/produit\/creme-a-mains-peau-tres-seche\/#breadcrumb"},"inLanguage":"fr-FR","potentialAction":[{"@type":"ReadAction","target":["https:\/\/druidebio.com\/fr\/produit\/creme-a-mains-peau-tres-seche\/"]}]},{"@type":"ImageObject","inLanguage":"fr-FR","@id":"https:\/\/druidebio.com\/fr\/produit\/creme-a-mains-peau-tres-seche\/#primaryimage","url":"https:\/\/druidebio.com\/wp-content\/uploads\/2022\/08\/druide-body-care-hand-cream-shea-butter-magnolia-very-intensive-dry-skin-60ml.jpg","contentUrl":"https:\/\/druidebio.com\/wp-content\/uploads\/2022\/08\/druide-body-care-hand-cream-shea-butter-magnolia-very-intensive-dry-skin-60ml.jpg","width":1200,"height":1200,"caption":"Cr\u00e8me \u00e0 Mains - Peau Tr\u00e8s S\u00e8che"},{"@type":"BreadcrumbList","@id":"https:\/\/druidebio.com\/fr\/produit\/creme-a-mains-peau-tres-seche\/#breadcrumb","itemListElement":[{"@type":"ListItem","position":1,"name":"Home","item":"https:\/\/druidebio.com\/fr\/"},{"@type":"ListItem","position":2,"name":"Boutique","item":"https:\/\/druidebio.com\/fr\/boutique\/"},{"@type":"ListItem","position":3,"name":"Cr\u00e8me \u00e0 Mains &#8211; Peau Tr\u00e8s S\u00e8che"}]},{"@type":"WebSite","@id":"https:\/\/druidebio.com\/fr\/#website","url":"https:\/\/druidebio.com\/fr\/","name":"Laboratoires Druide\u00ae | Bio For Life","description":"Natural and Organic Products. ECOCERT\u00ae Certified.","publisher":{"@id":"https:\/\/druidebio.com\/fr\/#organization"},"alternateName":"Druide","potentialAction":[{"@type":"SearchAction","target":{"@type":"EntryPoint","urlTemplate":"https:\/\/druidebio.com\/fr\/?s={search_term_string}"},"query-input":{"@type":"PropertyValueSpecification","valueRequired":true,"valueName":"search_term_string"}}],"inLanguage":"fr-FR"},{"@type":"Organization","@id":"https:\/\/druidebio.com\/fr\/#organization","name":"Druide","alternateName":"Laboratoires Druide","url":"https:\/\/druidebio.com\/fr\/","logo":{"@type":"ImageObject","inLanguage":"fr-FR","@id":"https:\/\/druidebio.com\/fr\/#\/schema\/logo\/image\/","url":"https:\/\/druidebio.com\/wp-content\/uploads\/2022\/08\/logo-fav.png","contentUrl":"https:\/\/druidebio.com\/wp-content\/uploads\/2022\/08\/logo-fav.png","width":512,"height":512,"caption":"Druide"},"image":{"@id":"https:\/\/druidebio.com\/fr\/#\/schema\/logo\/image\/"},"sameAs":["https:\/\/www.facebook.com\/infodruide","https:\/\/www.instagram.com\/druidebio\/","https:\/\/www.pinterest.ca\/DruideBioCanada\/","https:\/\/www.youtube.com\/user\/DRUIDECANADA"]}]}},"_links":{"self":[{"href":"https:\/\/druidebio.com\/fr\/wp-json\/wp\/v2\/product\/2189","targetHints":{"allow":["GET"]}}],"collection":[{"href":"https:\/\/druidebio.com\/fr\/wp-json\/wp\/v2\/product"}],"about":[{"href":"https:\/\/druidebio.com\/fr\/wp-json\/wp\/v2\/types\/product"}],"replies":[{"embeddable":true,"href":"https:\/\/druidebio.com\/fr\/wp-json\/wp\/v2\/comments?post=2189"}],"wp:featuredmedia":[{"embeddable":true,"href":"https:\/\/druidebio.com\/fr\/wp-json\/wp\/v2\/media\/1673"}],"wp:attachment":[{"href":"https:\/\/druidebio.com\/fr\/wp-json\/wp\/v2\/media?parent=2189"}],"wp:term":[{"taxonomy":"product_brand","embeddable":true,"href":"https:\/\/druidebio.com\/fr\/wp-json\/wp\/v2\/product_brand?post=2189"},{"taxonomy":"product_cat","embeddable":true,"href":"https:\/\/druidebio.com\/fr\/wp-json\/wp\/v2\/product_cat?post=2189"},{"taxonomy":"product_tag","embeddable":true,"href":"https:\/\/druidebio.com\/fr\/wp-json\/wp\/v2\/product_tag?post=2189"},{"taxonomy":"giftcard-category","embeddable":true,"href":"https:\/\/druidebio.com\/fr\/wp-json\/wp\/v2\/giftcard-category?post=2189"}],"curies":[{"name":"wp","href":"https:\/\/api.w.org\/{rel}","templated":true}]}}