{"id":2183,"date":"2022-08-26T11:48:13","date_gmt":"2022-08-26T15:48:13","guid":{"rendered":"https:\/\/druide.wpengine.com\/product\/karite-vanilla-lip-balm\/"},"modified":"2026-05-03T07:41:11","modified_gmt":"2026-05-03T11:41:11","slug":"baume-a-levres-vanille","status":"publish","type":"product","link":"https:\/\/druidebio.com\/fr\/produit\/baume-a-levres-vanille\/","title":{"rendered":"Baume \u00e0 L\u00e8vres Vanille"},"content":{"rendered":"<h2>Hydratation intense avec notre Baume \u00e0 L\u00e8vres Vanille, enrichi en beurre de karit\u00e9<\/h2>\n<p>D\u00e9couvrez la douceur ultime avec notre baume \u00e0 l\u00e8vres ultra-riche, parfaitement formul\u00e9 pour hydrater et prot\u00e9ger intens\u00e9ment vos l\u00e8vres. Avec le beurre de karit\u00e9 nourrissant, l&rsquo;huile de jojoba r\u00e9paratrice, l&rsquo;huile d\u2019avocat revitalisante et l&rsquo;extrait de vanille gourmand, chaque application offre une barri\u00e8re protectrice naturelle et efficace.<\/p>\n<p>Enrichi des vitamines A et E, reconnues pour leurs vertus antioxydantes, cicatrisantes et lissantes, vos l\u00e8vres b\u00e9n\u00e9ficient du meilleur soin.<\/p>\n<p>Sa texture baume et ses ar\u00f4mes de vanille enveloppent vos l\u00e8vres, leur apportant douceur, \u00e9clat et une sensation de confort absolu. Choisissez le meilleur de la nature pour des l\u00e8vres \u00e9clatantes de sant\u00e9.<\/p>\n<p>Notre baume \u00e0 l\u00e8vres est certifi\u00e9 \u00c9cocert et r\u00e9pond \u00e0 des normes \u00e9thiques rigoureuses. Il est enti\u00e8rement v\u00e9g\u00e9tal (Vegan) et biod\u00e9gradable, et nous avons pris soin d&rsquo;\u00e9liminer de sa composition les ingr\u00e9dients ind\u00e9sirables tels que les silicones, les parab\u00e8nes, l&rsquo;alcool, les PEG, le gluten, les OGM, les perturbateurs endocriniens, le goudron et le quaternium. Il n&rsquo;est pas test\u00e9 sur les animaux.<\/p>\n","protected":false},"excerpt":{"rendered":"<p>D\u00e9couvrez notre baume \u00e0 l\u00e8vres enrichi en beurre de karit\u00e9, offrant hydratation et protection avec une touche gourmande de vanille. Profitez des vitamines A et E pour des l\u00e8vres douces, lisses et \u00e9clatantes de sant\u00e9.<\/p>\n<ul>\n<li class=\"bullet-arrow\"><strong>Texture <\/strong>: Baume huileux<\/li>\n<li class=\"bullet-arrow\"><strong>Odeur <\/strong>: Vanille<\/li>\n<li class=\"bullet-arrow\"><strong>Format <\/strong>: 5 g \u2013 0.15 oz.<\/li>\n<\/ul>\n<div class=\"row row-full-width align-equal\"  id=\"row-477410281\">\n\t<div id=\"col-684647762\" class=\"col small-12 large-12\"  >\n\t\t\t\t<div class=\"col-inner\"  >\n\t\t\t\n\t\t\t\n\n  \n    <div class=\"row large-columns-8 medium-columns-8 small-columns-8 row-xsmall\" >\n  <div class=\"gallery-col col\" >\n          <div class=\"col-inner\">\n                        <div class=\"box has-hover gallery-box box-none\">\n              <div class=\"box-image\" >\n                <img width=\"1\" height=\"1\" src=\"https:\/\/druidebio.com\/wp-content\/uploads\/2023\/07\/EcoCert.svg\" class=\"attachment-medium size-medium\" alt=\"\" ids=\"861,868,864,863,865,862\" style=\"none\" lightbox=\"false\" col_spacing=\"xsmall\" columns=\"8\" columns__sm=\"8\" columns__md=\"8\" decoding=\"async\" loading=\"lazy\" \/>                                                              <\/div>\n              <div class=\"box-text text-left\" >\n                 <p><\/p>\n              <\/div>\n            <\/div>\n                      <\/div>\n         <\/div><div class=\"gallery-col col\" >\n          <div class=\"col-inner\">\n                        <div class=\"box has-hover gallery-box box-none\">\n              <div class=\"box-image\" >\n                <img width=\"1\" height=\"1\" src=\"https:\/\/druidebio.com\/wp-content\/uploads\/2023\/07\/Vegan.svg\" class=\"attachment-medium size-medium\" alt=\"\" ids=\"861,868,864,863,865,862\" style=\"none\" lightbox=\"false\" col_spacing=\"xsmall\" columns=\"8\" columns__sm=\"8\" columns__md=\"8\" decoding=\"async\" loading=\"lazy\" \/>                                                              <\/div>\n              <div class=\"box-text text-left\" >\n                 <p><\/p>\n              <\/div>\n            <\/div>\n                      <\/div>\n         <\/div><div class=\"gallery-col col\" >\n          <div class=\"col-inner\">\n                        <div class=\"box has-hover gallery-box box-none\">\n              <div class=\"box-image\" >\n                <img width=\"1\" height=\"1\" src=\"https:\/\/druidebio.com\/wp-content\/uploads\/2023\/07\/Not_Tested_Animals.svg\" class=\"attachment-medium size-medium\" alt=\"\" ids=\"861,868,864,863,865,862\" style=\"none\" lightbox=\"false\" col_spacing=\"xsmall\" columns=\"8\" columns__sm=\"8\" columns__md=\"8\" decoding=\"async\" loading=\"lazy\" \/>                                                              <\/div>\n              <div class=\"box-text text-left\" >\n                 <p><\/p>\n              <\/div>\n            <\/div>\n                      <\/div>\n         <\/div><div class=\"gallery-col col\" >\n          <div class=\"col-inner\">\n                        <div class=\"box has-hover gallery-box box-none\">\n              <div class=\"box-image\" >\n                <img width=\"1\" height=\"1\" src=\"https:\/\/druidebio.com\/wp-content\/uploads\/2023\/07\/NoGMO.svg\" class=\"attachment-medium size-medium\" alt=\"\" ids=\"861,868,864,863,865,862\" style=\"none\" lightbox=\"false\" col_spacing=\"xsmall\" columns=\"8\" columns__sm=\"8\" columns__md=\"8\" decoding=\"async\" loading=\"lazy\" \/>                                                              <\/div>\n              <div class=\"box-text text-left\" >\n                 <p><\/p>\n              <\/div>\n            <\/div>\n                      <\/div>\n         <\/div><div class=\"gallery-col col\" >\n          <div class=\"col-inner\">\n                        <div class=\"box has-hover gallery-box box-none\">\n              <div class=\"box-image\" >\n                <img width=\"1\" height=\"1\" src=\"https:\/\/druidebio.com\/wp-content\/uploads\/2023\/07\/Recyclable.svg\" class=\"attachment-medium size-medium\" alt=\"\" ids=\"861,868,864,863,865,862\" style=\"none\" lightbox=\"false\" col_spacing=\"xsmall\" columns=\"8\" columns__sm=\"8\" columns__md=\"8\" decoding=\"async\" loading=\"lazy\" \/>                                                              <\/div>\n              <div class=\"box-text text-left\" >\n                 <p><\/p>\n              <\/div>\n            <\/div>\n                      <\/div>\n         <\/div><div class=\"gallery-col col\" >\n          <div class=\"col-inner\">\n                        <div class=\"box has-hover gallery-box box-none\">\n              <div class=\"box-image\" >\n                <img width=\"1\" height=\"1\" src=\"https:\/\/druidebio.com\/wp-content\/uploads\/2023\/07\/Gluten_Free.svg\" class=\"attachment-medium size-medium\" alt=\"\" ids=\"861,868,864,863,865,862\" style=\"none\" lightbox=\"false\" col_spacing=\"xsmall\" columns=\"8\" columns__sm=\"8\" columns__md=\"8\" decoding=\"async\" loading=\"lazy\" \/>                                                              <\/div>\n              <div class=\"box-text text-left\" >\n                 <p><\/p>\n              <\/div>\n            <\/div>\n                      <\/div>\n         <\/div><\/div>\n\t\t<\/div>\n\t\t\t\t\t<\/div>\n\n\t<\/div>\n","protected":false},"featured_media":1708,"comment_status":"open","ping_status":"closed","template":"","meta":[],"product_brand":[],"product_cat":[114,103,94],"product_tag":[],"giftcard-category":[],"class_list":{"0":"post-2183","1":"product","2":"type-product","3":"status-publish","4":"has-post-thumbnail","6":"product_cat-baume-levres","7":"product_cat-druide-essentielle","8":"product_cat-soins-visage","10":"first","11":"instock","12":"taxable","13":"shipping-taxable","14":"purchasable","15":"product-type-simple"},"yoast_head":"<!-- This site is optimized with the Yoast SEO plugin v27.1.1 - https:\/\/yoast.com\/product\/yoast-seo-wordpress\/ -->\n<title>Baume \u00e0 L\u00e8vres Vanille | Laboratoires Druide\u00ae | Bio For Life<\/title>\n<meta name=\"description\" content=\"D\u00e9couvrez notre baume \u00e0 l\u00e8vres enrichi en beurre de karit\u00e9, offrant hydratation et protection avec une touche gourmande de vanille. Profitez des vitamines A et E pour des l\u00e8vres douces, lisses et \u00e9clatantes de sant\u00e9.\" \/>\n<meta name=\"robots\" content=\"index, follow, max-snippet:-1, max-image-preview:large, max-video-preview:-1\" \/>\n<link rel=\"canonical\" href=\"https:\/\/druidebio.com\/fr\/produit\/baume-a-levres-vanille\/\" \/>\n<meta property=\"og:locale\" content=\"fr_FR\" \/>\n<meta property=\"og:type\" content=\"article\" \/>\n<meta property=\"og:title\" content=\"Baume \u00e0 L\u00e8vres Vanille | Laboratoires Druide\u00ae | Bio For Life\" \/>\n<meta property=\"og:description\" content=\"D\u00e9couvrez notre baume \u00e0 l\u00e8vres enrichi en beurre de karit\u00e9, offrant hydratation et protection avec une touche gourmande de vanille. Profitez des vitamines A et E pour des l\u00e8vres douces, lisses et \u00e9clatantes de sant\u00e9.\" \/>\n<meta property=\"og:url\" content=\"https:\/\/druidebio.com\/fr\/produit\/baume-a-levres-vanille\/\" \/>\n<meta property=\"og:site_name\" content=\"Laboratoires Druide\u00ae | Bio For Life\" \/>\n<meta property=\"article:publisher\" content=\"https:\/\/www.facebook.com\/infodruide\" \/>\n<meta property=\"article:modified_time\" content=\"2026-05-03T11:41:11+00:00\" \/>\n<meta property=\"og:image\" content=\"https:\/\/druidebio.com\/wp-content\/uploads\/2022\/08\/druide-face-care-lip-balm-shea-butter-vanilla-cacao-jojoba-5g-tube.jpg\" \/>\n\t<meta property=\"og:image:width\" content=\"1200\" \/>\n\t<meta property=\"og:image:height\" content=\"1200\" \/>\n\t<meta property=\"og:image:type\" content=\"image\/jpeg\" \/>\n<meta name=\"twitter:card\" content=\"summary_large_image\" \/>\n<script type=\"application\/ld+json\" class=\"yoast-schema-graph\">{\"@context\":\"https:\/\/schema.org\",\"@graph\":[{\"@type\":[\"WebPage\",\"ItemPage\"],\"@id\":\"https:\/\/druidebio.com\/fr\/produit\/baume-a-levres-vanille\/\",\"url\":\"https:\/\/druidebio.com\/fr\/produit\/baume-a-levres-vanille\/\",\"name\":\"Baume \u00e0 L\u00e8vres Vanille | Laboratoires Druide\u00ae | Bio For Life\",\"isPartOf\":{\"@id\":\"https:\/\/druidebio.com\/fr\/#website\"},\"primaryImageOfPage\":{\"@id\":\"https:\/\/druidebio.com\/fr\/produit\/baume-a-levres-vanille\/#primaryimage\"},\"image\":{\"@id\":\"https:\/\/druidebio.com\/fr\/produit\/baume-a-levres-vanille\/#primaryimage\"},\"thumbnailUrl\":\"https:\/\/druidebio.com\/wp-content\/uploads\/2022\/08\/druide-face-care-lip-balm-shea-butter-vanilla-cacao-jojoba-5g-tube.jpg\",\"datePublished\":\"2022-08-26T15:48:13+00:00\",\"dateModified\":\"2026-05-03T11:41:11+00:00\",\"description\":\"D\u00e9couvrez notre baume \u00e0 l\u00e8vres enrichi en beurre de karit\u00e9, offrant hydratation et protection avec une touche gourmande de vanille. Profitez des vitamines A et E pour des l\u00e8vres douces, lisses et \u00e9clatantes de sant\u00e9.\",\"breadcrumb\":{\"@id\":\"https:\/\/druidebio.com\/fr\/produit\/baume-a-levres-vanille\/#breadcrumb\"},\"inLanguage\":\"fr-FR\",\"potentialAction\":[{\"@type\":\"ReadAction\",\"target\":[\"https:\/\/druidebio.com\/fr\/produit\/baume-a-levres-vanille\/\"]}]},{\"@type\":\"ImageObject\",\"inLanguage\":\"fr-FR\",\"@id\":\"https:\/\/druidebio.com\/fr\/produit\/baume-a-levres-vanille\/#primaryimage\",\"url\":\"https:\/\/druidebio.com\/wp-content\/uploads\/2022\/08\/druide-face-care-lip-balm-shea-butter-vanilla-cacao-jojoba-5g-tube.jpg\",\"contentUrl\":\"https:\/\/druidebio.com\/wp-content\/uploads\/2022\/08\/druide-face-care-lip-balm-shea-butter-vanilla-cacao-jojoba-5g-tube.jpg\",\"width\":1200,\"height\":1200,\"caption\":\"Baume \u00e0 L\u00e8vres Vanille\"},{\"@type\":\"BreadcrumbList\",\"@id\":\"https:\/\/druidebio.com\/fr\/produit\/baume-a-levres-vanille\/#breadcrumb\",\"itemListElement\":[{\"@type\":\"ListItem\",\"position\":1,\"name\":\"Home\",\"item\":\"https:\/\/druidebio.com\/fr\/\"},{\"@type\":\"ListItem\",\"position\":2,\"name\":\"Boutique\",\"item\":\"https:\/\/druidebio.com\/fr\/boutique\/\"},{\"@type\":\"ListItem\",\"position\":3,\"name\":\"Baume \u00e0 L\u00e8vres Vanille\"}]},{\"@type\":\"WebSite\",\"@id\":\"https:\/\/druidebio.com\/fr\/#website\",\"url\":\"https:\/\/druidebio.com\/fr\/\",\"name\":\"Laboratoires Druide\u00ae | Bio For Life\",\"description\":\"Natural and Organic Products. ECOCERT\u00ae Certified.\",\"publisher\":{\"@id\":\"https:\/\/druidebio.com\/fr\/#organization\"},\"alternateName\":\"Druide\",\"potentialAction\":[{\"@type\":\"SearchAction\",\"target\":{\"@type\":\"EntryPoint\",\"urlTemplate\":\"https:\/\/druidebio.com\/fr\/?s={search_term_string}\"},\"query-input\":{\"@type\":\"PropertyValueSpecification\",\"valueRequired\":true,\"valueName\":\"search_term_string\"}}],\"inLanguage\":\"fr-FR\"},{\"@type\":\"Organization\",\"@id\":\"https:\/\/druidebio.com\/fr\/#organization\",\"name\":\"Druide\",\"alternateName\":\"Laboratoires Druide\",\"url\":\"https:\/\/druidebio.com\/fr\/\",\"logo\":{\"@type\":\"ImageObject\",\"inLanguage\":\"fr-FR\",\"@id\":\"https:\/\/druidebio.com\/fr\/#\/schema\/logo\/image\/\",\"url\":\"https:\/\/druidebio.com\/wp-content\/uploads\/2022\/08\/logo-fav.png\",\"contentUrl\":\"https:\/\/druidebio.com\/wp-content\/uploads\/2022\/08\/logo-fav.png\",\"width\":512,\"height\":512,\"caption\":\"Druide\"},\"image\":{\"@id\":\"https:\/\/druidebio.com\/fr\/#\/schema\/logo\/image\/\"},\"sameAs\":[\"https:\/\/www.facebook.com\/infodruide\",\"https:\/\/www.instagram.com\/druidebio\/\",\"https:\/\/www.pinterest.ca\/DruideBioCanada\/\",\"https:\/\/www.youtube.com\/user\/DRUIDECANADA\"]}]}<\/script>\n<!-- \/ Yoast SEO plugin. -->","yoast_head_json":{"title":"Baume \u00e0 L\u00e8vres Vanille | Laboratoires Druide\u00ae | Bio For Life","description":"D\u00e9couvrez notre baume \u00e0 l\u00e8vres enrichi en beurre de karit\u00e9, offrant hydratation et protection avec une touche gourmande de vanille. Profitez des vitamines A et E pour des l\u00e8vres douces, lisses et \u00e9clatantes de sant\u00e9.","robots":{"index":"index","follow":"follow","max-snippet":"max-snippet:-1","max-image-preview":"max-image-preview:large","max-video-preview":"max-video-preview:-1"},"canonical":"https:\/\/druidebio.com\/fr\/produit\/baume-a-levres-vanille\/","og_locale":"fr_FR","og_type":"article","og_title":"Baume \u00e0 L\u00e8vres Vanille | Laboratoires Druide\u00ae | Bio For Life","og_description":"D\u00e9couvrez notre baume \u00e0 l\u00e8vres enrichi en beurre de karit\u00e9, offrant hydratation et protection avec une touche gourmande de vanille. Profitez des vitamines A et E pour des l\u00e8vres douces, lisses et \u00e9clatantes de sant\u00e9.","og_url":"https:\/\/druidebio.com\/fr\/produit\/baume-a-levres-vanille\/","og_site_name":"Laboratoires Druide\u00ae | Bio For Life","article_publisher":"https:\/\/www.facebook.com\/infodruide","article_modified_time":"2026-05-03T11:41:11+00:00","og_image":[{"width":1200,"height":1200,"url":"https:\/\/druidebio.com\/wp-content\/uploads\/2022\/08\/druide-face-care-lip-balm-shea-butter-vanilla-cacao-jojoba-5g-tube.jpg","type":"image\/jpeg"}],"twitter_card":"summary_large_image","schema":{"@context":"https:\/\/schema.org","@graph":[{"@type":["WebPage","ItemPage"],"@id":"https:\/\/druidebio.com\/fr\/produit\/baume-a-levres-vanille\/","url":"https:\/\/druidebio.com\/fr\/produit\/baume-a-levres-vanille\/","name":"Baume \u00e0 L\u00e8vres Vanille | Laboratoires Druide\u00ae | Bio For Life","isPartOf":{"@id":"https:\/\/druidebio.com\/fr\/#website"},"primaryImageOfPage":{"@id":"https:\/\/druidebio.com\/fr\/produit\/baume-a-levres-vanille\/#primaryimage"},"image":{"@id":"https:\/\/druidebio.com\/fr\/produit\/baume-a-levres-vanille\/#primaryimage"},"thumbnailUrl":"https:\/\/druidebio.com\/wp-content\/uploads\/2022\/08\/druide-face-care-lip-balm-shea-butter-vanilla-cacao-jojoba-5g-tube.jpg","datePublished":"2022-08-26T15:48:13+00:00","dateModified":"2026-05-03T11:41:11+00:00","description":"D\u00e9couvrez notre baume \u00e0 l\u00e8vres enrichi en beurre de karit\u00e9, offrant hydratation et protection avec une touche gourmande de vanille. Profitez des vitamines A et E pour des l\u00e8vres douces, lisses et \u00e9clatantes de sant\u00e9.","breadcrumb":{"@id":"https:\/\/druidebio.com\/fr\/produit\/baume-a-levres-vanille\/#breadcrumb"},"inLanguage":"fr-FR","potentialAction":[{"@type":"ReadAction","target":["https:\/\/druidebio.com\/fr\/produit\/baume-a-levres-vanille\/"]}]},{"@type":"ImageObject","inLanguage":"fr-FR","@id":"https:\/\/druidebio.com\/fr\/produit\/baume-a-levres-vanille\/#primaryimage","url":"https:\/\/druidebio.com\/wp-content\/uploads\/2022\/08\/druide-face-care-lip-balm-shea-butter-vanilla-cacao-jojoba-5g-tube.jpg","contentUrl":"https:\/\/druidebio.com\/wp-content\/uploads\/2022\/08\/druide-face-care-lip-balm-shea-butter-vanilla-cacao-jojoba-5g-tube.jpg","width":1200,"height":1200,"caption":"Baume \u00e0 L\u00e8vres Vanille"},{"@type":"BreadcrumbList","@id":"https:\/\/druidebio.com\/fr\/produit\/baume-a-levres-vanille\/#breadcrumb","itemListElement":[{"@type":"ListItem","position":1,"name":"Home","item":"https:\/\/druidebio.com\/fr\/"},{"@type":"ListItem","position":2,"name":"Boutique","item":"https:\/\/druidebio.com\/fr\/boutique\/"},{"@type":"ListItem","position":3,"name":"Baume \u00e0 L\u00e8vres Vanille"}]},{"@type":"WebSite","@id":"https:\/\/druidebio.com\/fr\/#website","url":"https:\/\/druidebio.com\/fr\/","name":"Laboratoires Druide\u00ae | Bio For Life","description":"Natural and Organic Products. ECOCERT\u00ae Certified.","publisher":{"@id":"https:\/\/druidebio.com\/fr\/#organization"},"alternateName":"Druide","potentialAction":[{"@type":"SearchAction","target":{"@type":"EntryPoint","urlTemplate":"https:\/\/druidebio.com\/fr\/?s={search_term_string}"},"query-input":{"@type":"PropertyValueSpecification","valueRequired":true,"valueName":"search_term_string"}}],"inLanguage":"fr-FR"},{"@type":"Organization","@id":"https:\/\/druidebio.com\/fr\/#organization","name":"Druide","alternateName":"Laboratoires Druide","url":"https:\/\/druidebio.com\/fr\/","logo":{"@type":"ImageObject","inLanguage":"fr-FR","@id":"https:\/\/druidebio.com\/fr\/#\/schema\/logo\/image\/","url":"https:\/\/druidebio.com\/wp-content\/uploads\/2022\/08\/logo-fav.png","contentUrl":"https:\/\/druidebio.com\/wp-content\/uploads\/2022\/08\/logo-fav.png","width":512,"height":512,"caption":"Druide"},"image":{"@id":"https:\/\/druidebio.com\/fr\/#\/schema\/logo\/image\/"},"sameAs":["https:\/\/www.facebook.com\/infodruide","https:\/\/www.instagram.com\/druidebio\/","https:\/\/www.pinterest.ca\/DruideBioCanada\/","https:\/\/www.youtube.com\/user\/DRUIDECANADA"]}]}},"_links":{"self":[{"href":"https:\/\/druidebio.com\/fr\/wp-json\/wp\/v2\/product\/2183","targetHints":{"allow":["GET"]}}],"collection":[{"href":"https:\/\/druidebio.com\/fr\/wp-json\/wp\/v2\/product"}],"about":[{"href":"https:\/\/druidebio.com\/fr\/wp-json\/wp\/v2\/types\/product"}],"replies":[{"embeddable":true,"href":"https:\/\/druidebio.com\/fr\/wp-json\/wp\/v2\/comments?post=2183"}],"wp:featuredmedia":[{"embeddable":true,"href":"https:\/\/druidebio.com\/fr\/wp-json\/wp\/v2\/media\/1708"}],"wp:attachment":[{"href":"https:\/\/druidebio.com\/fr\/wp-json\/wp\/v2\/media?parent=2183"}],"wp:term":[{"taxonomy":"product_brand","embeddable":true,"href":"https:\/\/druidebio.com\/fr\/wp-json\/wp\/v2\/product_brand?post=2183"},{"taxonomy":"product_cat","embeddable":true,"href":"https:\/\/druidebio.com\/fr\/wp-json\/wp\/v2\/product_cat?post=2183"},{"taxonomy":"product_tag","embeddable":true,"href":"https:\/\/druidebio.com\/fr\/wp-json\/wp\/v2\/product_tag?post=2183"},{"taxonomy":"giftcard-category","embeddable":true,"href":"https:\/\/druidebio.com\/fr\/wp-json\/wp\/v2\/giftcard-category?post=2183"}],"curies":[{"name":"wp","href":"https:\/\/api.w.org\/{rel}","templated":true}]}}