{"id":2181,"date":"2022-08-26T11:48:13","date_gmt":"2022-08-26T15:48:13","guid":{"rendered":"https:\/\/druide.wpengine.com\/product\/karite-citrus-lip-balm\/"},"modified":"2026-05-05T21:02:14","modified_gmt":"2026-05-06T01:02:14","slug":"baume-a-levres-aux-agrumes","status":"publish","type":"product","link":"https:\/\/druidebio.com\/fr\/produit\/baume-a-levres-aux-agrumes\/","title":{"rendered":"Baume \u00e0 L\u00e8vres Aux Agrumes"},"content":{"rendered":"<h2>Un soin nourrissant pour l\u00e8vres gerc\u00e9es au beurre de karit\u00e9 et \u00e0 l&rsquo;ar\u00f4me de citron<\/h2>\n<p>Retrouvez le confort ultime avec notre baume \u00e0 l\u00e8vres ultra-riche en format stick, sp\u00e9cialement con\u00e7u pour prendre soin des l\u00e8vres fragiles.<\/p>\n<p>Enrichi d&rsquo;un m\u00e9lange puissant de beurre de coco, cacao, karit\u00e9 et d\u2019huile de tournesol et de jojoba, il offre une hydratation durable et une barri\u00e8re protectrice contre les agressions ext\u00e9rieures. Ces ingr\u00e9dients naturels, reconnus pour leurs propri\u00e9t\u00e9s nourrissantes et r\u00e9paratrices, travaillent ensemble pour revitaliser les l\u00e8vres s\u00e8ches et gerc\u00e9es.<\/p>\n<p>Les vitamines A et E ajoutent une touche antioxydante et cicatrisante, tandis que le parfum vivifiant de citron apportent une note rafraichissante.<\/p>\n<p>Facile \u00e0 appliquer gr\u00e2ce \u00e0 son stick, c&rsquo;est le compagnon id\u00e9al pour des l\u00e8vres douces, souples et \u00e9clatantes de sant\u00e9.<\/p>\n<p>Notre engagement envers votre peau et l&rsquo;environnement est primordial. C&rsquo;est pourquoi notre stick \u00e0 l\u00e8vres est certifi\u00e9 \u00c9cocert, 100 % v\u00e9g\u00e9tal (vegan), biod\u00e9gradable, et sans silicones, sans parab\u00e8nes, sans alcool, sans PEG, sans gluten, sans OGM, sans perturbateurs endocriniens, sans goudron, sans quaternium, sans parfum et surtout, il n&rsquo;est pas test\u00e9 sur les animaux.<\/p>\n","protected":false},"excerpt":{"rendered":"<p>Offrez une hydratation profonde \u00e0 vos l\u00e8vres avec notre baume riche aux beurres naturels et huile de jojoba. Facile \u00e0 appliquer en format stick, son parfum citronn\u00e9 \u00e9veille les sens pour des l\u00e8vres douces et prot\u00e9g\u00e9es.<\/p>\n<ul>\n<li class=\"bullet-arrow\"><strong>Texture <\/strong>: Baume huileux<\/li>\n<li class=\"bullet-arrow\"><strong>Odeur <\/strong>: Citron<\/li>\n<li class=\"bullet-arrow\"><strong>Format <\/strong>: 5 g \u2013 0.15 oz.<\/li>\n<\/ul>\n<div class=\"row row-full-width align-equal\"  id=\"row-463297570\">\n\t<div id=\"col-1121715289\" class=\"col small-12 large-12\"  >\n\t\t\t\t<div class=\"col-inner\"  >\n\t\t\t\n\t\t\t\n\n  \n    <div class=\"row large-columns-8 medium-columns-8 small-columns-8 row-xsmall\" >\n  <div class=\"gallery-col col\" >\n          <div class=\"col-inner\">\n                        <div class=\"box has-hover gallery-box box-none\">\n              <div class=\"box-image\" >\n                <img width=\"1\" height=\"1\" src=\"https:\/\/druidebio.com\/wp-content\/uploads\/2023\/07\/EcoCert.svg\" class=\"attachment-medium size-medium\" alt=\"\" ids=\"861,868,864,863,865,862\" style=\"none\" lightbox=\"false\" col_spacing=\"xsmall\" columns=\"8\" columns__sm=\"8\" columns__md=\"8\" decoding=\"async\" loading=\"lazy\" \/>                                                              <\/div>\n              <div class=\"box-text text-left\" >\n                 <p><\/p>\n              <\/div>\n            <\/div>\n                      <\/div>\n         <\/div><div class=\"gallery-col col\" >\n          <div class=\"col-inner\">\n                        <div class=\"box has-hover gallery-box box-none\">\n              <div class=\"box-image\" >\n                <img width=\"1\" height=\"1\" src=\"https:\/\/druidebio.com\/wp-content\/uploads\/2023\/07\/Vegan.svg\" class=\"attachment-medium size-medium\" alt=\"\" ids=\"861,868,864,863,865,862\" style=\"none\" lightbox=\"false\" col_spacing=\"xsmall\" columns=\"8\" columns__sm=\"8\" columns__md=\"8\" decoding=\"async\" loading=\"lazy\" \/>                                                              <\/div>\n              <div class=\"box-text text-left\" >\n                 <p><\/p>\n              <\/div>\n            <\/div>\n                      <\/div>\n         <\/div><div class=\"gallery-col col\" >\n          <div class=\"col-inner\">\n                        <div class=\"box has-hover gallery-box box-none\">\n              <div class=\"box-image\" >\n                <img width=\"1\" height=\"1\" src=\"https:\/\/druidebio.com\/wp-content\/uploads\/2023\/07\/Not_Tested_Animals.svg\" class=\"attachment-medium size-medium\" alt=\"\" ids=\"861,868,864,863,865,862\" style=\"none\" lightbox=\"false\" col_spacing=\"xsmall\" columns=\"8\" columns__sm=\"8\" columns__md=\"8\" decoding=\"async\" loading=\"lazy\" \/>                                                              <\/div>\n              <div class=\"box-text text-left\" >\n                 <p><\/p>\n              <\/div>\n            <\/div>\n                      <\/div>\n         <\/div><div class=\"gallery-col col\" >\n          <div class=\"col-inner\">\n                        <div class=\"box has-hover gallery-box box-none\">\n              <div class=\"box-image\" >\n                <img width=\"1\" height=\"1\" src=\"https:\/\/druidebio.com\/wp-content\/uploads\/2023\/07\/NoGMO.svg\" class=\"attachment-medium size-medium\" alt=\"\" ids=\"861,868,864,863,865,862\" style=\"none\" lightbox=\"false\" col_spacing=\"xsmall\" columns=\"8\" columns__sm=\"8\" columns__md=\"8\" decoding=\"async\" loading=\"lazy\" \/>                                                              <\/div>\n              <div class=\"box-text text-left\" >\n                 <p><\/p>\n              <\/div>\n            <\/div>\n                      <\/div>\n         <\/div><div class=\"gallery-col col\" >\n          <div class=\"col-inner\">\n                        <div class=\"box has-hover gallery-box box-none\">\n              <div class=\"box-image\" >\n                <img width=\"1\" height=\"1\" src=\"https:\/\/druidebio.com\/wp-content\/uploads\/2023\/07\/Recyclable.svg\" class=\"attachment-medium size-medium\" alt=\"\" ids=\"861,868,864,863,865,862\" style=\"none\" lightbox=\"false\" col_spacing=\"xsmall\" columns=\"8\" columns__sm=\"8\" columns__md=\"8\" decoding=\"async\" loading=\"lazy\" \/>                                                              <\/div>\n              <div class=\"box-text text-left\" >\n                 <p><\/p>\n              <\/div>\n            <\/div>\n                      <\/div>\n         <\/div><div class=\"gallery-col col\" >\n          <div class=\"col-inner\">\n                        <div class=\"box has-hover gallery-box box-none\">\n              <div class=\"box-image\" >\n                <img width=\"1\" height=\"1\" src=\"https:\/\/druidebio.com\/wp-content\/uploads\/2023\/07\/Gluten_Free.svg\" class=\"attachment-medium size-medium\" alt=\"\" ids=\"861,868,864,863,865,862\" style=\"none\" lightbox=\"false\" col_spacing=\"xsmall\" columns=\"8\" columns__sm=\"8\" columns__md=\"8\" decoding=\"async\" loading=\"lazy\" \/>                                                              <\/div>\n              <div class=\"box-text text-left\" >\n                 <p><\/p>\n              <\/div>\n            <\/div>\n                      <\/div>\n         <\/div><\/div>\n\t\t<\/div>\n\t\t\t\t\t<\/div>\n\n\t<\/div>\n","protected":false},"featured_media":1706,"comment_status":"open","ping_status":"closed","template":"","meta":[],"product_brand":[],"product_cat":[114,103,94],"product_tag":[],"giftcard-category":[],"class_list":{"0":"post-2181","1":"product","2":"type-product","3":"status-publish","4":"has-post-thumbnail","6":"product_cat-baume-levres","7":"product_cat-druide-essentielle","8":"product_cat-soins-visage","10":"first","11":"instock","12":"taxable","13":"shipping-taxable","14":"purchasable","15":"product-type-simple"},"yoast_head":"<!-- This site is optimized with the Yoast SEO plugin v27.1.1 - https:\/\/yoast.com\/product\/yoast-seo-wordpress\/ -->\n<title>Baume \u00e0 L\u00e8vres Aux Agrumes | Laboratoires Druide\u00ae | Bio For Life<\/title>\n<meta name=\"description\" content=\"Offrez une hydratation profonde \u00e0 vos l\u00e8vres avec notre baume riche aux beurres naturels et huile de jojoba. Facile \u00e0 appliquer en format stick, son parfum citronn\u00e9 \u00e9veille les sens pour des l\u00e8vres douces et prot\u00e9g\u00e9es.\" \/>\n<meta name=\"robots\" content=\"index, follow, max-snippet:-1, max-image-preview:large, max-video-preview:-1\" \/>\n<link rel=\"canonical\" href=\"https:\/\/druidebio.com\/fr\/produit\/baume-a-levres-aux-agrumes\/\" \/>\n<meta property=\"og:locale\" content=\"fr_FR\" \/>\n<meta property=\"og:type\" content=\"article\" \/>\n<meta property=\"og:title\" content=\"Baume \u00e0 L\u00e8vres Aux Agrumes | Laboratoires Druide\u00ae | Bio For Life\" \/>\n<meta property=\"og:description\" content=\"Offrez une hydratation profonde \u00e0 vos l\u00e8vres avec notre baume riche aux beurres naturels et huile de jojoba. Facile \u00e0 appliquer en format stick, son parfum citronn\u00e9 \u00e9veille les sens pour des l\u00e8vres douces et prot\u00e9g\u00e9es.\" \/>\n<meta property=\"og:url\" content=\"https:\/\/druidebio.com\/fr\/produit\/baume-a-levres-aux-agrumes\/\" \/>\n<meta property=\"og:site_name\" content=\"Laboratoires Druide\u00ae | Bio For Life\" \/>\n<meta property=\"article:publisher\" content=\"https:\/\/www.facebook.com\/infodruide\" \/>\n<meta property=\"article:modified_time\" content=\"2026-05-06T01:02:14+00:00\" \/>\n<meta property=\"og:image\" content=\"https:\/\/druidebio.com\/wp-content\/uploads\/2022\/08\/druide-face-care-lip-balm-citrus-shea-butter-cacao-jojoba-5g-tube.jpg\" \/>\n\t<meta property=\"og:image:width\" content=\"1200\" \/>\n\t<meta property=\"og:image:height\" content=\"1200\" \/>\n\t<meta property=\"og:image:type\" content=\"image\/jpeg\" \/>\n<meta name=\"twitter:card\" content=\"summary_large_image\" \/>\n<script type=\"application\/ld+json\" class=\"yoast-schema-graph\">{\"@context\":\"https:\/\/schema.org\",\"@graph\":[{\"@type\":[\"WebPage\",\"ItemPage\"],\"@id\":\"https:\/\/druidebio.com\/fr\/produit\/baume-a-levres-aux-agrumes\/\",\"url\":\"https:\/\/druidebio.com\/fr\/produit\/baume-a-levres-aux-agrumes\/\",\"name\":\"Baume \u00e0 L\u00e8vres Aux Agrumes | Laboratoires Druide\u00ae | Bio For Life\",\"isPartOf\":{\"@id\":\"https:\/\/druidebio.com\/fr\/#website\"},\"primaryImageOfPage\":{\"@id\":\"https:\/\/druidebio.com\/fr\/produit\/baume-a-levres-aux-agrumes\/#primaryimage\"},\"image\":{\"@id\":\"https:\/\/druidebio.com\/fr\/produit\/baume-a-levres-aux-agrumes\/#primaryimage\"},\"thumbnailUrl\":\"https:\/\/druidebio.com\/wp-content\/uploads\/2022\/08\/druide-face-care-lip-balm-citrus-shea-butter-cacao-jojoba-5g-tube.jpg\",\"datePublished\":\"2022-08-26T15:48:13+00:00\",\"dateModified\":\"2026-05-06T01:02:14+00:00\",\"description\":\"Offrez une hydratation profonde \u00e0 vos l\u00e8vres avec notre baume riche aux beurres naturels et huile de jojoba. Facile \u00e0 appliquer en format stick, son parfum citronn\u00e9 \u00e9veille les sens pour des l\u00e8vres douces et prot\u00e9g\u00e9es.\",\"breadcrumb\":{\"@id\":\"https:\/\/druidebio.com\/fr\/produit\/baume-a-levres-aux-agrumes\/#breadcrumb\"},\"inLanguage\":\"fr-FR\",\"potentialAction\":[{\"@type\":\"ReadAction\",\"target\":[\"https:\/\/druidebio.com\/fr\/produit\/baume-a-levres-aux-agrumes\/\"]}]},{\"@type\":\"ImageObject\",\"inLanguage\":\"fr-FR\",\"@id\":\"https:\/\/druidebio.com\/fr\/produit\/baume-a-levres-aux-agrumes\/#primaryimage\",\"url\":\"https:\/\/druidebio.com\/wp-content\/uploads\/2022\/08\/druide-face-care-lip-balm-citrus-shea-butter-cacao-jojoba-5g-tube.jpg\",\"contentUrl\":\"https:\/\/druidebio.com\/wp-content\/uploads\/2022\/08\/druide-face-care-lip-balm-citrus-shea-butter-cacao-jojoba-5g-tube.jpg\",\"width\":1200,\"height\":1200,\"caption\":\"Baume \u00e0 L\u00e8vres aux Agrumes\"},{\"@type\":\"BreadcrumbList\",\"@id\":\"https:\/\/druidebio.com\/fr\/produit\/baume-a-levres-aux-agrumes\/#breadcrumb\",\"itemListElement\":[{\"@type\":\"ListItem\",\"position\":1,\"name\":\"Home\",\"item\":\"https:\/\/druidebio.com\/fr\/\"},{\"@type\":\"ListItem\",\"position\":2,\"name\":\"Boutique\",\"item\":\"https:\/\/druidebio.com\/fr\/boutique\/\"},{\"@type\":\"ListItem\",\"position\":3,\"name\":\"Baume \u00e0 L\u00e8vres Aux Agrumes\"}]},{\"@type\":\"WebSite\",\"@id\":\"https:\/\/druidebio.com\/fr\/#website\",\"url\":\"https:\/\/druidebio.com\/fr\/\",\"name\":\"Laboratoires Druide\u00ae | Bio For Life\",\"description\":\"Natural and Organic Products. ECOCERT\u00ae Certified.\",\"publisher\":{\"@id\":\"https:\/\/druidebio.com\/fr\/#organization\"},\"alternateName\":\"Druide\",\"potentialAction\":[{\"@type\":\"SearchAction\",\"target\":{\"@type\":\"EntryPoint\",\"urlTemplate\":\"https:\/\/druidebio.com\/fr\/?s={search_term_string}\"},\"query-input\":{\"@type\":\"PropertyValueSpecification\",\"valueRequired\":true,\"valueName\":\"search_term_string\"}}],\"inLanguage\":\"fr-FR\"},{\"@type\":\"Organization\",\"@id\":\"https:\/\/druidebio.com\/fr\/#organization\",\"name\":\"Druide\",\"alternateName\":\"Laboratoires Druide\",\"url\":\"https:\/\/druidebio.com\/fr\/\",\"logo\":{\"@type\":\"ImageObject\",\"inLanguage\":\"fr-FR\",\"@id\":\"https:\/\/druidebio.com\/fr\/#\/schema\/logo\/image\/\",\"url\":\"https:\/\/druidebio.com\/wp-content\/uploads\/2022\/08\/logo-fav.png\",\"contentUrl\":\"https:\/\/druidebio.com\/wp-content\/uploads\/2022\/08\/logo-fav.png\",\"width\":512,\"height\":512,\"caption\":\"Druide\"},\"image\":{\"@id\":\"https:\/\/druidebio.com\/fr\/#\/schema\/logo\/image\/\"},\"sameAs\":[\"https:\/\/www.facebook.com\/infodruide\",\"https:\/\/www.instagram.com\/druidebio\/\",\"https:\/\/www.pinterest.ca\/DruideBioCanada\/\",\"https:\/\/www.youtube.com\/user\/DRUIDECANADA\"]}]}<\/script>\n<!-- \/ Yoast SEO plugin. -->","yoast_head_json":{"title":"Baume \u00e0 L\u00e8vres Aux Agrumes | Laboratoires Druide\u00ae | Bio For Life","description":"Offrez une hydratation profonde \u00e0 vos l\u00e8vres avec notre baume riche aux beurres naturels et huile de jojoba. Facile \u00e0 appliquer en format stick, son parfum citronn\u00e9 \u00e9veille les sens pour des l\u00e8vres douces et prot\u00e9g\u00e9es.","robots":{"index":"index","follow":"follow","max-snippet":"max-snippet:-1","max-image-preview":"max-image-preview:large","max-video-preview":"max-video-preview:-1"},"canonical":"https:\/\/druidebio.com\/fr\/produit\/baume-a-levres-aux-agrumes\/","og_locale":"fr_FR","og_type":"article","og_title":"Baume \u00e0 L\u00e8vres Aux Agrumes | Laboratoires Druide\u00ae | Bio For Life","og_description":"Offrez une hydratation profonde \u00e0 vos l\u00e8vres avec notre baume riche aux beurres naturels et huile de jojoba. Facile \u00e0 appliquer en format stick, son parfum citronn\u00e9 \u00e9veille les sens pour des l\u00e8vres douces et prot\u00e9g\u00e9es.","og_url":"https:\/\/druidebio.com\/fr\/produit\/baume-a-levres-aux-agrumes\/","og_site_name":"Laboratoires Druide\u00ae | Bio For Life","article_publisher":"https:\/\/www.facebook.com\/infodruide","article_modified_time":"2026-05-06T01:02:14+00:00","og_image":[{"width":1200,"height":1200,"url":"https:\/\/druidebio.com\/wp-content\/uploads\/2022\/08\/druide-face-care-lip-balm-citrus-shea-butter-cacao-jojoba-5g-tube.jpg","type":"image\/jpeg"}],"twitter_card":"summary_large_image","schema":{"@context":"https:\/\/schema.org","@graph":[{"@type":["WebPage","ItemPage"],"@id":"https:\/\/druidebio.com\/fr\/produit\/baume-a-levres-aux-agrumes\/","url":"https:\/\/druidebio.com\/fr\/produit\/baume-a-levres-aux-agrumes\/","name":"Baume \u00e0 L\u00e8vres Aux Agrumes | Laboratoires Druide\u00ae | Bio For Life","isPartOf":{"@id":"https:\/\/druidebio.com\/fr\/#website"},"primaryImageOfPage":{"@id":"https:\/\/druidebio.com\/fr\/produit\/baume-a-levres-aux-agrumes\/#primaryimage"},"image":{"@id":"https:\/\/druidebio.com\/fr\/produit\/baume-a-levres-aux-agrumes\/#primaryimage"},"thumbnailUrl":"https:\/\/druidebio.com\/wp-content\/uploads\/2022\/08\/druide-face-care-lip-balm-citrus-shea-butter-cacao-jojoba-5g-tube.jpg","datePublished":"2022-08-26T15:48:13+00:00","dateModified":"2026-05-06T01:02:14+00:00","description":"Offrez une hydratation profonde \u00e0 vos l\u00e8vres avec notre baume riche aux beurres naturels et huile de jojoba. Facile \u00e0 appliquer en format stick, son parfum citronn\u00e9 \u00e9veille les sens pour des l\u00e8vres douces et prot\u00e9g\u00e9es.","breadcrumb":{"@id":"https:\/\/druidebio.com\/fr\/produit\/baume-a-levres-aux-agrumes\/#breadcrumb"},"inLanguage":"fr-FR","potentialAction":[{"@type":"ReadAction","target":["https:\/\/druidebio.com\/fr\/produit\/baume-a-levres-aux-agrumes\/"]}]},{"@type":"ImageObject","inLanguage":"fr-FR","@id":"https:\/\/druidebio.com\/fr\/produit\/baume-a-levres-aux-agrumes\/#primaryimage","url":"https:\/\/druidebio.com\/wp-content\/uploads\/2022\/08\/druide-face-care-lip-balm-citrus-shea-butter-cacao-jojoba-5g-tube.jpg","contentUrl":"https:\/\/druidebio.com\/wp-content\/uploads\/2022\/08\/druide-face-care-lip-balm-citrus-shea-butter-cacao-jojoba-5g-tube.jpg","width":1200,"height":1200,"caption":"Baume \u00e0 L\u00e8vres aux Agrumes"},{"@type":"BreadcrumbList","@id":"https:\/\/druidebio.com\/fr\/produit\/baume-a-levres-aux-agrumes\/#breadcrumb","itemListElement":[{"@type":"ListItem","position":1,"name":"Home","item":"https:\/\/druidebio.com\/fr\/"},{"@type":"ListItem","position":2,"name":"Boutique","item":"https:\/\/druidebio.com\/fr\/boutique\/"},{"@type":"ListItem","position":3,"name":"Baume \u00e0 L\u00e8vres Aux Agrumes"}]},{"@type":"WebSite","@id":"https:\/\/druidebio.com\/fr\/#website","url":"https:\/\/druidebio.com\/fr\/","name":"Laboratoires Druide\u00ae | Bio For Life","description":"Natural and Organic Products. ECOCERT\u00ae Certified.","publisher":{"@id":"https:\/\/druidebio.com\/fr\/#organization"},"alternateName":"Druide","potentialAction":[{"@type":"SearchAction","target":{"@type":"EntryPoint","urlTemplate":"https:\/\/druidebio.com\/fr\/?s={search_term_string}"},"query-input":{"@type":"PropertyValueSpecification","valueRequired":true,"valueName":"search_term_string"}}],"inLanguage":"fr-FR"},{"@type":"Organization","@id":"https:\/\/druidebio.com\/fr\/#organization","name":"Druide","alternateName":"Laboratoires Druide","url":"https:\/\/druidebio.com\/fr\/","logo":{"@type":"ImageObject","inLanguage":"fr-FR","@id":"https:\/\/druidebio.com\/fr\/#\/schema\/logo\/image\/","url":"https:\/\/druidebio.com\/wp-content\/uploads\/2022\/08\/logo-fav.png","contentUrl":"https:\/\/druidebio.com\/wp-content\/uploads\/2022\/08\/logo-fav.png","width":512,"height":512,"caption":"Druide"},"image":{"@id":"https:\/\/druidebio.com\/fr\/#\/schema\/logo\/image\/"},"sameAs":["https:\/\/www.facebook.com\/infodruide","https:\/\/www.instagram.com\/druidebio\/","https:\/\/www.pinterest.ca\/DruideBioCanada\/","https:\/\/www.youtube.com\/user\/DRUIDECANADA"]}]}},"_links":{"self":[{"href":"https:\/\/druidebio.com\/fr\/wp-json\/wp\/v2\/product\/2181","targetHints":{"allow":["GET"]}}],"collection":[{"href":"https:\/\/druidebio.com\/fr\/wp-json\/wp\/v2\/product"}],"about":[{"href":"https:\/\/druidebio.com\/fr\/wp-json\/wp\/v2\/types\/product"}],"replies":[{"embeddable":true,"href":"https:\/\/druidebio.com\/fr\/wp-json\/wp\/v2\/comments?post=2181"}],"wp:featuredmedia":[{"embeddable":true,"href":"https:\/\/druidebio.com\/fr\/wp-json\/wp\/v2\/media\/1706"}],"wp:attachment":[{"href":"https:\/\/druidebio.com\/fr\/wp-json\/wp\/v2\/media?parent=2181"}],"wp:term":[{"taxonomy":"product_brand","embeddable":true,"href":"https:\/\/druidebio.com\/fr\/wp-json\/wp\/v2\/product_brand?post=2181"},{"taxonomy":"product_cat","embeddable":true,"href":"https:\/\/druidebio.com\/fr\/wp-json\/wp\/v2\/product_cat?post=2181"},{"taxonomy":"product_tag","embeddable":true,"href":"https:\/\/druidebio.com\/fr\/wp-json\/wp\/v2\/product_tag?post=2181"},{"taxonomy":"giftcard-category","embeddable":true,"href":"https:\/\/druidebio.com\/fr\/wp-json\/wp\/v2\/giftcard-category?post=2181"}],"curies":[{"name":"wp","href":"https:\/\/api.w.org\/{rel}","templated":true}]}}