{"id":2161,"date":"2022-08-26T11:48:30","date_gmt":"2022-08-26T15:48:30","guid":{"rendered":"https:\/\/druide.wpengine.com\/product\/konjac-sponge-purifying-bamboo-charcoal\/"},"modified":"2026-05-07T16:35:14","modified_gmt":"2026-05-07T20:35:14","slug":"eponge-konjac-charbon-de-bambou","status":"publish","type":"product","link":"https:\/\/druidebio.com\/fr\/produit\/eponge-konjac-charbon-de-bambou\/","title":{"rendered":"\u00c9ponge Konjac \u2013 Charbon de Bambou"},"content":{"rendered":"<h2>\u00c9ponge Konjac: Une houppette naturelle nettoyante et exfoliante, douce comme un oreiller, qui \u00e9limine en douceur les cellules mortes de la peau et lui redonne de la souplesse.<\/h2>\n<p>Le konnyaku ou konjac est un l\u00e9gume-racine poreux qui pousse en altitude dans toute l&rsquo;Asie. Il est utilis\u00e9 en Cor\u00e9e, au Japon et en Chine depuis plus de 1 500 ans comme m\u00e9dicament, aliment et produit de beaut\u00e9.<\/p>\n<p>L&rsquo;ajout de charbon de bambou renforce les capacit\u00e9s de nettoyage naturel de cette petite \u00e9ponge puissante, riche en min\u00e9raux tels que le potassium, le calcium, le fer et le sodium. Combin\u00e9 au Konjac, le carbone absorbant du charbon de bambou \u00e9limine l&rsquo;huile, attire la salet\u00e9 et l&rsquo;exc\u00e8s de s\u00e9bum hors des pores, ce qui permet \u00e0 la peau de rester propre et \u00e9clatante. L&rsquo;\u00c9ponge Konjac est l&rsquo;outil de nettoyage id\u00e9al pour les peaux facilement irrit\u00e9es et a d&rsquo;abord \u00e9t\u00e9 utilis\u00e9e comme \u00e9ponge de nettoyage d\u00e9licate pour la peau des b\u00e9b\u00e9s. Elle convient \u00e0 tous les types de peau, m\u00eame les plus sensibles.<\/p>\n","protected":false},"excerpt":{"rendered":"<p>Le carbone absorbant du charbon de bambou \u00e9limine l\u2019huile, attire la salet\u00e9 et l\u2019exc\u00e8s de s\u00e9bum hors des pores, ce qui maintient la peau propre et \u00e9tincelante.<\/p>\n<ul>\n<li class=\"bullet-arrow\"><strong>Texture <\/strong>: \u00c9ponge<\/li>\n<li class=\"bullet-arrow\"><strong>Odeur <\/strong>: Sans odeur<\/li>\n<li class=\"bullet-arrow\"><strong>Format <\/strong>: 1 \u00e9ponge<\/li>\n<\/ul>\n<div class=\"row row-full-width align-equal\"  id=\"row-694131439\">\n\t<div id=\"col-1738628838\" class=\"col small-12 large-12\"  >\n\t\t\t\t<div class=\"col-inner\"  >\n\t\t\t\n\t\t\t\n\n  \n    <div class=\"row large-columns-8 medium-columns-8 small-columns-8 row-xsmall\" >\n  <div class=\"gallery-col col\" >\n          <div class=\"col-inner\">\n                        <div class=\"box has-hover gallery-box box-none\">\n              <div class=\"box-image\" >\n                <img width=\"1\" height=\"1\" src=\"https:\/\/druidebio.com\/wp-content\/uploads\/2023\/07\/EcoCert.svg\" class=\"attachment-medium size-medium\" alt=\"\" ids=\"861,868,864,863,865,862\" style=\"none\" lightbox=\"false\" col_spacing=\"xsmall\" columns=\"8\" columns__sm=\"8\" columns__md=\"8\" decoding=\"async\" loading=\"lazy\" \/>                                                              <\/div>\n              <div class=\"box-text text-left\" >\n                 <p><\/p>\n              <\/div>\n            <\/div>\n                      <\/div>\n         <\/div><div class=\"gallery-col col\" >\n          <div class=\"col-inner\">\n                        <div class=\"box has-hover gallery-box box-none\">\n              <div class=\"box-image\" >\n                <img width=\"1\" height=\"1\" src=\"https:\/\/druidebio.com\/wp-content\/uploads\/2023\/07\/Vegan.svg\" class=\"attachment-medium size-medium\" alt=\"\" ids=\"861,868,864,863,865,862\" style=\"none\" lightbox=\"false\" col_spacing=\"xsmall\" columns=\"8\" columns__sm=\"8\" columns__md=\"8\" decoding=\"async\" loading=\"lazy\" \/>                                                              <\/div>\n              <div class=\"box-text text-left\" >\n                 <p><\/p>\n              <\/div>\n            <\/div>\n                      <\/div>\n         <\/div><div class=\"gallery-col col\" >\n          <div class=\"col-inner\">\n                        <div class=\"box has-hover gallery-box box-none\">\n              <div class=\"box-image\" >\n                <img width=\"1\" height=\"1\" src=\"https:\/\/druidebio.com\/wp-content\/uploads\/2023\/07\/Not_Tested_Animals.svg\" class=\"attachment-medium size-medium\" alt=\"\" ids=\"861,868,864,863,865,862\" style=\"none\" lightbox=\"false\" col_spacing=\"xsmall\" columns=\"8\" columns__sm=\"8\" columns__md=\"8\" decoding=\"async\" loading=\"lazy\" \/>                                                              <\/div>\n              <div class=\"box-text text-left\" >\n                 <p><\/p>\n              <\/div>\n            <\/div>\n                      <\/div>\n         <\/div><div class=\"gallery-col col\" >\n          <div class=\"col-inner\">\n                        <div class=\"box has-hover gallery-box box-none\">\n              <div class=\"box-image\" >\n                <img width=\"1\" height=\"1\" src=\"https:\/\/druidebio.com\/wp-content\/uploads\/2023\/07\/NoGMO.svg\" class=\"attachment-medium size-medium\" alt=\"\" ids=\"861,868,864,863,865,862\" style=\"none\" lightbox=\"false\" col_spacing=\"xsmall\" columns=\"8\" columns__sm=\"8\" columns__md=\"8\" decoding=\"async\" loading=\"lazy\" \/>                                                              <\/div>\n              <div class=\"box-text text-left\" >\n                 <p><\/p>\n              <\/div>\n            <\/div>\n                      <\/div>\n         <\/div><div class=\"gallery-col col\" >\n          <div class=\"col-inner\">\n                        <div class=\"box has-hover gallery-box box-none\">\n              <div class=\"box-image\" >\n                <img width=\"1\" height=\"1\" src=\"https:\/\/druidebio.com\/wp-content\/uploads\/2023\/07\/Recyclable.svg\" class=\"attachment-medium size-medium\" alt=\"\" ids=\"861,868,864,863,865,862\" style=\"none\" lightbox=\"false\" col_spacing=\"xsmall\" columns=\"8\" columns__sm=\"8\" columns__md=\"8\" decoding=\"async\" loading=\"lazy\" \/>                                                              <\/div>\n              <div class=\"box-text text-left\" >\n                 <p><\/p>\n              <\/div>\n            <\/div>\n                      <\/div>\n         <\/div><div class=\"gallery-col col\" >\n          <div class=\"col-inner\">\n                        <div class=\"box has-hover gallery-box box-none\">\n              <div class=\"box-image\" >\n                <img width=\"1\" height=\"1\" src=\"https:\/\/druidebio.com\/wp-content\/uploads\/2023\/07\/Gluten_Free.svg\" class=\"attachment-medium size-medium\" alt=\"\" ids=\"861,868,864,863,865,862\" style=\"none\" lightbox=\"false\" col_spacing=\"xsmall\" columns=\"8\" columns__sm=\"8\" columns__md=\"8\" decoding=\"async\" loading=\"lazy\" \/>                                                              <\/div>\n              <div class=\"box-text text-left\" >\n                 <p><\/p>\n              <\/div>\n            <\/div>\n                      <\/div>\n         <\/div><\/div>\n\t\t<\/div>\n\t\t\t\t\t<\/div>\n\n\t<\/div>\n","protected":false},"featured_media":1703,"comment_status":"open","ping_status":"closed","template":"","meta":[],"product_brand":[],"product_cat":[101,111,94],"product_tag":[],"giftcard-category":[],"class_list":{"0":"post-2161","1":"product","2":"type-product","3":"status-publish","4":"has-post-thumbnail","6":"product_cat-druide-biolove-soins-visage","7":"product_cat-exfoliants-fr","8":"product_cat-soins-visage","10":"first","11":"instock","12":"taxable","13":"shipping-taxable","14":"purchasable","15":"product-type-simple"},"yoast_head":"<!-- This site is optimized with the Yoast SEO plugin v27.1.1 - https:\/\/yoast.com\/product\/yoast-seo-wordpress\/ -->\n<title>\u00c9ponge Konjac \u2013 Charbon de Bambou | Laboratoires Druide\u00ae | Bio For Life<\/title>\n<meta name=\"description\" content=\"Le carbone absorbant du charbon de bambou \u00e9limine l\u2019huile, attire la salet\u00e9 et l\u2019exc\u00e8s de s\u00e9bum hors des pores, ce qui maintient la peau propre et \u00e9tincelante.\" \/>\n<meta name=\"robots\" content=\"index, follow, max-snippet:-1, max-image-preview:large, max-video-preview:-1\" \/>\n<link rel=\"canonical\" href=\"https:\/\/druidebio.com\/fr\/produit\/eponge-konjac-charbon-de-bambou\/\" \/>\n<meta property=\"og:locale\" content=\"fr_FR\" \/>\n<meta property=\"og:type\" content=\"article\" \/>\n<meta property=\"og:title\" content=\"\u00c9ponge Konjac \u2013 Charbon de Bambou | Laboratoires Druide\u00ae | Bio For Life\" \/>\n<meta property=\"og:description\" content=\"Le carbone absorbant du charbon de bambou \u00e9limine l\u2019huile, attire la salet\u00e9 et l\u2019exc\u00e8s de s\u00e9bum hors des pores, ce qui maintient la peau propre et \u00e9tincelante.\" \/>\n<meta property=\"og:url\" content=\"https:\/\/druidebio.com\/fr\/produit\/eponge-konjac-charbon-de-bambou\/\" \/>\n<meta property=\"og:site_name\" content=\"Laboratoires Druide\u00ae | Bio For Life\" \/>\n<meta property=\"article:publisher\" content=\"https:\/\/www.facebook.com\/infodruide\" \/>\n<meta property=\"article:modified_time\" content=\"2026-05-07T20:35:14+00:00\" \/>\n<meta property=\"og:image\" content=\"https:\/\/druidebio.com\/wp-content\/uploads\/2022\/08\/druide-biolove-face-care-konjac-sponge-1unit-box.jpg\" \/>\n\t<meta property=\"og:image:width\" content=\"1200\" \/>\n\t<meta property=\"og:image:height\" content=\"1200\" \/>\n\t<meta property=\"og:image:type\" content=\"image\/jpeg\" \/>\n<meta name=\"twitter:card\" content=\"summary_large_image\" \/>\n<script type=\"application\/ld+json\" class=\"yoast-schema-graph\">{\"@context\":\"https:\/\/schema.org\",\"@graph\":[{\"@type\":[\"WebPage\",\"ItemPage\"],\"@id\":\"https:\/\/druidebio.com\/fr\/produit\/eponge-konjac-charbon-de-bambou\/\",\"url\":\"https:\/\/druidebio.com\/fr\/produit\/eponge-konjac-charbon-de-bambou\/\",\"name\":\"\u00c9ponge Konjac \u2013 Charbon de Bambou | Laboratoires Druide\u00ae | Bio For Life\",\"isPartOf\":{\"@id\":\"https:\/\/druidebio.com\/fr\/#website\"},\"primaryImageOfPage\":{\"@id\":\"https:\/\/druidebio.com\/fr\/produit\/eponge-konjac-charbon-de-bambou\/#primaryimage\"},\"image\":{\"@id\":\"https:\/\/druidebio.com\/fr\/produit\/eponge-konjac-charbon-de-bambou\/#primaryimage\"},\"thumbnailUrl\":\"https:\/\/druidebio.com\/wp-content\/uploads\/2022\/08\/druide-biolove-face-care-konjac-sponge-1unit-box.jpg\",\"datePublished\":\"2022-08-26T15:48:30+00:00\",\"dateModified\":\"2026-05-07T20:35:14+00:00\",\"description\":\"Le carbone absorbant du charbon de bambou \u00e9limine l\u2019huile, attire la salet\u00e9 et l\u2019exc\u00e8s de s\u00e9bum hors des pores, ce qui maintient la peau propre et \u00e9tincelante.\",\"breadcrumb\":{\"@id\":\"https:\/\/druidebio.com\/fr\/produit\/eponge-konjac-charbon-de-bambou\/#breadcrumb\"},\"inLanguage\":\"fr-FR\",\"potentialAction\":[{\"@type\":\"ReadAction\",\"target\":[\"https:\/\/druidebio.com\/fr\/produit\/eponge-konjac-charbon-de-bambou\/\"]}]},{\"@type\":\"ImageObject\",\"inLanguage\":\"fr-FR\",\"@id\":\"https:\/\/druidebio.com\/fr\/produit\/eponge-konjac-charbon-de-bambou\/#primaryimage\",\"url\":\"https:\/\/druidebio.com\/wp-content\/uploads\/2022\/08\/druide-biolove-face-care-konjac-sponge-1unit-box.jpg\",\"contentUrl\":\"https:\/\/druidebio.com\/wp-content\/uploads\/2022\/08\/druide-biolove-face-care-konjac-sponge-1unit-box.jpg\",\"width\":1200,\"height\":1200,\"caption\":\"\u00c9ponge Konjac \u2013 Charbon de Bambou\"},{\"@type\":\"BreadcrumbList\",\"@id\":\"https:\/\/druidebio.com\/fr\/produit\/eponge-konjac-charbon-de-bambou\/#breadcrumb\",\"itemListElement\":[{\"@type\":\"ListItem\",\"position\":1,\"name\":\"Home\",\"item\":\"https:\/\/druidebio.com\/fr\/\"},{\"@type\":\"ListItem\",\"position\":2,\"name\":\"Boutique\",\"item\":\"https:\/\/druidebio.com\/fr\/boutique\/\"},{\"@type\":\"ListItem\",\"position\":3,\"name\":\"\u00c9ponge Konjac \u2013 Charbon de Bambou\"}]},{\"@type\":\"WebSite\",\"@id\":\"https:\/\/druidebio.com\/fr\/#website\",\"url\":\"https:\/\/druidebio.com\/fr\/\",\"name\":\"Laboratoires Druide\u00ae | Bio For Life\",\"description\":\"Natural and Organic Products. ECOCERT\u00ae Certified.\",\"publisher\":{\"@id\":\"https:\/\/druidebio.com\/fr\/#organization\"},\"alternateName\":\"Druide\",\"potentialAction\":[{\"@type\":\"SearchAction\",\"target\":{\"@type\":\"EntryPoint\",\"urlTemplate\":\"https:\/\/druidebio.com\/fr\/?s={search_term_string}\"},\"query-input\":{\"@type\":\"PropertyValueSpecification\",\"valueRequired\":true,\"valueName\":\"search_term_string\"}}],\"inLanguage\":\"fr-FR\"},{\"@type\":\"Organization\",\"@id\":\"https:\/\/druidebio.com\/fr\/#organization\",\"name\":\"Druide\",\"alternateName\":\"Laboratoires Druide\",\"url\":\"https:\/\/druidebio.com\/fr\/\",\"logo\":{\"@type\":\"ImageObject\",\"inLanguage\":\"fr-FR\",\"@id\":\"https:\/\/druidebio.com\/fr\/#\/schema\/logo\/image\/\",\"url\":\"https:\/\/druidebio.com\/wp-content\/uploads\/2022\/08\/logo-fav.png\",\"contentUrl\":\"https:\/\/druidebio.com\/wp-content\/uploads\/2022\/08\/logo-fav.png\",\"width\":512,\"height\":512,\"caption\":\"Druide\"},\"image\":{\"@id\":\"https:\/\/druidebio.com\/fr\/#\/schema\/logo\/image\/\"},\"sameAs\":[\"https:\/\/www.facebook.com\/infodruide\",\"https:\/\/www.instagram.com\/druidebio\/\",\"https:\/\/www.pinterest.ca\/DruideBioCanada\/\",\"https:\/\/www.youtube.com\/user\/DRUIDECANADA\"]}]}<\/script>\n<!-- \/ Yoast SEO plugin. -->","yoast_head_json":{"title":"\u00c9ponge Konjac \u2013 Charbon de Bambou | Laboratoires Druide\u00ae | Bio For Life","description":"Le carbone absorbant du charbon de bambou \u00e9limine l\u2019huile, attire la salet\u00e9 et l\u2019exc\u00e8s de s\u00e9bum hors des pores, ce qui maintient la peau propre et \u00e9tincelante.","robots":{"index":"index","follow":"follow","max-snippet":"max-snippet:-1","max-image-preview":"max-image-preview:large","max-video-preview":"max-video-preview:-1"},"canonical":"https:\/\/druidebio.com\/fr\/produit\/eponge-konjac-charbon-de-bambou\/","og_locale":"fr_FR","og_type":"article","og_title":"\u00c9ponge Konjac \u2013 Charbon de Bambou | Laboratoires Druide\u00ae | Bio For Life","og_description":"Le carbone absorbant du charbon de bambou \u00e9limine l\u2019huile, attire la salet\u00e9 et l\u2019exc\u00e8s de s\u00e9bum hors des pores, ce qui maintient la peau propre et \u00e9tincelante.","og_url":"https:\/\/druidebio.com\/fr\/produit\/eponge-konjac-charbon-de-bambou\/","og_site_name":"Laboratoires Druide\u00ae | Bio For Life","article_publisher":"https:\/\/www.facebook.com\/infodruide","article_modified_time":"2026-05-07T20:35:14+00:00","og_image":[{"width":1200,"height":1200,"url":"https:\/\/druidebio.com\/wp-content\/uploads\/2022\/08\/druide-biolove-face-care-konjac-sponge-1unit-box.jpg","type":"image\/jpeg"}],"twitter_card":"summary_large_image","schema":{"@context":"https:\/\/schema.org","@graph":[{"@type":["WebPage","ItemPage"],"@id":"https:\/\/druidebio.com\/fr\/produit\/eponge-konjac-charbon-de-bambou\/","url":"https:\/\/druidebio.com\/fr\/produit\/eponge-konjac-charbon-de-bambou\/","name":"\u00c9ponge Konjac \u2013 Charbon de Bambou | Laboratoires Druide\u00ae | Bio For Life","isPartOf":{"@id":"https:\/\/druidebio.com\/fr\/#website"},"primaryImageOfPage":{"@id":"https:\/\/druidebio.com\/fr\/produit\/eponge-konjac-charbon-de-bambou\/#primaryimage"},"image":{"@id":"https:\/\/druidebio.com\/fr\/produit\/eponge-konjac-charbon-de-bambou\/#primaryimage"},"thumbnailUrl":"https:\/\/druidebio.com\/wp-content\/uploads\/2022\/08\/druide-biolove-face-care-konjac-sponge-1unit-box.jpg","datePublished":"2022-08-26T15:48:30+00:00","dateModified":"2026-05-07T20:35:14+00:00","description":"Le carbone absorbant du charbon de bambou \u00e9limine l\u2019huile, attire la salet\u00e9 et l\u2019exc\u00e8s de s\u00e9bum hors des pores, ce qui maintient la peau propre et \u00e9tincelante.","breadcrumb":{"@id":"https:\/\/druidebio.com\/fr\/produit\/eponge-konjac-charbon-de-bambou\/#breadcrumb"},"inLanguage":"fr-FR","potentialAction":[{"@type":"ReadAction","target":["https:\/\/druidebio.com\/fr\/produit\/eponge-konjac-charbon-de-bambou\/"]}]},{"@type":"ImageObject","inLanguage":"fr-FR","@id":"https:\/\/druidebio.com\/fr\/produit\/eponge-konjac-charbon-de-bambou\/#primaryimage","url":"https:\/\/druidebio.com\/wp-content\/uploads\/2022\/08\/druide-biolove-face-care-konjac-sponge-1unit-box.jpg","contentUrl":"https:\/\/druidebio.com\/wp-content\/uploads\/2022\/08\/druide-biolove-face-care-konjac-sponge-1unit-box.jpg","width":1200,"height":1200,"caption":"\u00c9ponge Konjac \u2013 Charbon de Bambou"},{"@type":"BreadcrumbList","@id":"https:\/\/druidebio.com\/fr\/produit\/eponge-konjac-charbon-de-bambou\/#breadcrumb","itemListElement":[{"@type":"ListItem","position":1,"name":"Home","item":"https:\/\/druidebio.com\/fr\/"},{"@type":"ListItem","position":2,"name":"Boutique","item":"https:\/\/druidebio.com\/fr\/boutique\/"},{"@type":"ListItem","position":3,"name":"\u00c9ponge Konjac \u2013 Charbon de Bambou"}]},{"@type":"WebSite","@id":"https:\/\/druidebio.com\/fr\/#website","url":"https:\/\/druidebio.com\/fr\/","name":"Laboratoires Druide\u00ae | Bio For Life","description":"Natural and Organic Products. ECOCERT\u00ae Certified.","publisher":{"@id":"https:\/\/druidebio.com\/fr\/#organization"},"alternateName":"Druide","potentialAction":[{"@type":"SearchAction","target":{"@type":"EntryPoint","urlTemplate":"https:\/\/druidebio.com\/fr\/?s={search_term_string}"},"query-input":{"@type":"PropertyValueSpecification","valueRequired":true,"valueName":"search_term_string"}}],"inLanguage":"fr-FR"},{"@type":"Organization","@id":"https:\/\/druidebio.com\/fr\/#organization","name":"Druide","alternateName":"Laboratoires Druide","url":"https:\/\/druidebio.com\/fr\/","logo":{"@type":"ImageObject","inLanguage":"fr-FR","@id":"https:\/\/druidebio.com\/fr\/#\/schema\/logo\/image\/","url":"https:\/\/druidebio.com\/wp-content\/uploads\/2022\/08\/logo-fav.png","contentUrl":"https:\/\/druidebio.com\/wp-content\/uploads\/2022\/08\/logo-fav.png","width":512,"height":512,"caption":"Druide"},"image":{"@id":"https:\/\/druidebio.com\/fr\/#\/schema\/logo\/image\/"},"sameAs":["https:\/\/www.facebook.com\/infodruide","https:\/\/www.instagram.com\/druidebio\/","https:\/\/www.pinterest.ca\/DruideBioCanada\/","https:\/\/www.youtube.com\/user\/DRUIDECANADA"]}]}},"_links":{"self":[{"href":"https:\/\/druidebio.com\/fr\/wp-json\/wp\/v2\/product\/2161","targetHints":{"allow":["GET"]}}],"collection":[{"href":"https:\/\/druidebio.com\/fr\/wp-json\/wp\/v2\/product"}],"about":[{"href":"https:\/\/druidebio.com\/fr\/wp-json\/wp\/v2\/types\/product"}],"replies":[{"embeddable":true,"href":"https:\/\/druidebio.com\/fr\/wp-json\/wp\/v2\/comments?post=2161"}],"wp:featuredmedia":[{"embeddable":true,"href":"https:\/\/druidebio.com\/fr\/wp-json\/wp\/v2\/media\/1703"}],"wp:attachment":[{"href":"https:\/\/druidebio.com\/fr\/wp-json\/wp\/v2\/media?parent=2161"}],"wp:term":[{"taxonomy":"product_brand","embeddable":true,"href":"https:\/\/druidebio.com\/fr\/wp-json\/wp\/v2\/product_brand?post=2161"},{"taxonomy":"product_cat","embeddable":true,"href":"https:\/\/druidebio.com\/fr\/wp-json\/wp\/v2\/product_cat?post=2161"},{"taxonomy":"product_tag","embeddable":true,"href":"https:\/\/druidebio.com\/fr\/wp-json\/wp\/v2\/product_tag?post=2161"},{"taxonomy":"giftcard-category","embeddable":true,"href":"https:\/\/druidebio.com\/fr\/wp-json\/wp\/v2\/giftcard-category?post=2161"}],"curies":[{"name":"wp","href":"https:\/\/api.w.org\/{rel}","templated":true}]}}