{"id":2159,"date":"2022-08-26T11:48:26","date_gmt":"2022-08-26T15:48:26","guid":{"rendered":"https:\/\/druide.wpengine.com\/product\/sunscreen-spf30\/"},"modified":"2026-04-09T14:44:09","modified_gmt":"2026-04-09T18:44:09","slug":"creme-solaire-fps30","status":"publish","type":"product","link":"https:\/\/druidebio.com\/fr\/produit\/creme-solaire-fps30\/","title":{"rendered":"Cr\u00e8me Solaire FPS30"},"content":{"rendered":"<h2>Cr\u00e8me Solaire SPF 30 BioLove : une protection min\u00e9rale \u00e9cologique sans nanoparticules<\/h2>\n<p>D\u00e9couvrez une r\u00e9volution dans le domaine des soins solaires avec notre protection solaire min\u00e9rale biologique. Cette formule translucide vous offre une protection solaire optimale SPF 30 \u00e0 large spectre, tout en \u00e9tant une source de bienfaits pour votre peau et pleinement respectueuse de l\u2019environnement.<\/p>\n<p>Sa formule douce et naturelle prot\u00e8ge la peau des mauvais rayons UVA et UVB, pr\u00e9venant les coups de soleil et luttant contre le vieillissement cutan\u00e9 pr\u00e9matur\u00e9. Facile \u00e0 appliquer, sa base hydratante p\u00e9n\u00e8tre rapidement sans laisser de r\u00e9sidus blancs sur la peau, pour un confort optimal tout au long de la journ\u00e9e.<\/p>\n<p>Riche en extraits de plantes nutritifs, cette protection solaire hydrate et prend soin de votre peau, pour une exp\u00e9rience solaire agr\u00e9able et sans tracas. \u00c9labor\u00e9e sans nanoparticules, elle est adapt\u00e9e \u00e0 tous les types de peaux, m\u00eame les plus sensibles, r\u00e9actives et intol\u00e9rantes, ainsi que les femmes enceintes et allaitantes.<\/p>\n<p>Ce produit \u00e9cologique respecte non seulement votre peau en pr\u00e9servant son microbiote cutan\u00e9 et en prot\u00e9geant la production de collag\u00e8ne, mais \u00e9galement l\u2019environnement. Les premiers signes de l\u2019\u00e2ge sont ainsi retard\u00e9s, r\u00e9v\u00e9lant une peau jeune et radieuse.<\/p>\n<p>En r\u00e9sum\u00e9, notre Cr\u00e8me Solaire Min\u00e9rale BioLove est une solution id\u00e9ale pour ceux qui cherchent une protection solaire efficace, naturelle et \u00e9cologiquement responsable. Red\u00e9couvrez la beaut\u00e9 du naturel et profitez du soleil en toute s\u00e9r\u00e9nit\u00e9 avec ce produit innovant.<\/p>\n<p>Certifi\u00e9e biologique par \u00c9cocert et 100 % v\u00e9g\u00e9tale, cette cr\u00e8me solaire est biod\u00e9gradable, sans alcool, sans silicone, sans parab\u00e8ne, sans PEG, sans gluten, sans OGM, sans perturbateurs endocriniens, sans goudron, sans quaternium, sans colorant et non test\u00e9 sur les animaux.<\/p>\n","protected":false},"excerpt":{"rendered":"<p>D\u00e9couvrez notre Cr\u00e8me Solaire Min\u00e9rale BioLove, une innovation pour une protection solaire SPF 30 \u00e0 large spectre et \u00e9cologique. Adapt\u00e9e \u00e0 tous les types de peaux, elle prot\u00e8ge efficacement contre les UVA\/UVB, pr\u00e9vient le vieillissement pr\u00e9matur\u00e9 et offre une application agr\u00e9able sans r\u00e9sidus blancs.<\/p>\n<ul>\n<li class=\"bullet-arrow\"><strong>Texture <\/strong>: Cr\u00e8me<\/li>\n<li class=\"bullet-arrow\"><strong>Odeur <\/strong>: Noix de Coco, Vanille<\/li>\n<li class=\"bullet-arrow\"><strong>Format <\/strong>: 130 g \u2013 4.59 oz.<\/li>\n<\/ul>\n","protected":false},"featured_media":70299,"comment_status":"open","ping_status":"closed","template":"","meta":[],"product_brand":[],"product_cat":[121,101,97,93,94],"product_tag":[],"giftcard-category":[],"class_list":{"0":"post-2159","1":"product","2":"type-product","3":"status-publish","4":"has-post-thumbnail","6":"product_cat-cremes-solaires","7":"product_cat-druide-biolove-soins-visage","8":"product_cat-plein-air","9":"product_cat-soins-corps","10":"product_cat-soins-visage","12":"first","13":"instock","14":"featured","15":"taxable","16":"shipping-taxable","17":"purchasable","18":"product-type-simple"},"yoast_head":"<!-- This site is optimized with the Yoast SEO plugin v27.1.1 - https:\/\/yoast.com\/product\/yoast-seo-wordpress\/ -->\n<title>Cr\u00e8me Solaire FPS30 | Laboratoires Druide\u00ae | Bio For Life<\/title>\n<meta name=\"description\" content=\"Discover our innovative BioLove Mineral SPF30 Sunscreen for broad-spectrum, eco-friendly SPF 30 sun protection. Suitable for all skin types, it effectively protects against UVA\/UVB rays, prevents premature aging and offers a pleasant application with no white residue.\" \/>\n<meta name=\"robots\" content=\"index, follow, max-snippet:-1, max-image-preview:large, max-video-preview:-1\" \/>\n<link rel=\"canonical\" href=\"https:\/\/druidebio.com\/fr\/produit\/creme-solaire-fps30\/\" \/>\n<meta property=\"og:locale\" content=\"fr_FR\" \/>\n<meta property=\"og:type\" content=\"article\" \/>\n<meta property=\"og:title\" content=\"Cr\u00e8me Solaire FPS30 | Laboratoires Druide\u00ae | Bio For Life\" \/>\n<meta property=\"og:description\" content=\"Discover our innovative BioLove Mineral SPF30 Sunscreen for broad-spectrum, eco-friendly SPF 30 sun protection. Suitable for all skin types, it effectively protects against UVA\/UVB rays, prevents premature aging and offers a pleasant application with no white residue.\" \/>\n<meta property=\"og:url\" content=\"https:\/\/druidebio.com\/fr\/produit\/creme-solaire-fps30\/\" \/>\n<meta property=\"og:site_name\" content=\"Laboratoires Druide\u00ae | Bio For Life\" \/>\n<meta property=\"article:publisher\" content=\"https:\/\/www.facebook.com\/infodruide\" \/>\n<meta property=\"article:modified_time\" content=\"2026-04-09T18:44:09+00:00\" \/>\n<meta property=\"og:image\" content=\"https:\/\/druidebio.com\/wp-content\/uploads\/2022\/08\/druide-biolove-face-body-care-sunscreen-fps-spf-30-mineral-100.jpg\" \/>\n\t<meta property=\"og:image:width\" content=\"1200\" \/>\n\t<meta property=\"og:image:height\" content=\"1200\" \/>\n\t<meta property=\"og:image:type\" content=\"image\/jpeg\" \/>\n<meta name=\"twitter:card\" content=\"summary_large_image\" \/>\n<script type=\"application\/ld+json\" class=\"yoast-schema-graph\">{\"@context\":\"https:\/\/schema.org\",\"@graph\":[{\"@type\":[\"WebPage\",\"ItemPage\"],\"@id\":\"https:\/\/druidebio.com\/fr\/produit\/creme-solaire-fps30\/\",\"url\":\"https:\/\/druidebio.com\/fr\/produit\/creme-solaire-fps30\/\",\"name\":\"Cr\u00e8me Solaire FPS30 | Laboratoires Druide\u00ae | Bio For Life\",\"isPartOf\":{\"@id\":\"https:\/\/druidebio.com\/fr\/#website\"},\"primaryImageOfPage\":{\"@id\":\"https:\/\/druidebio.com\/fr\/produit\/creme-solaire-fps30\/#primaryimage\"},\"image\":{\"@id\":\"https:\/\/druidebio.com\/fr\/produit\/creme-solaire-fps30\/#primaryimage\"},\"thumbnailUrl\":\"https:\/\/druidebio.com\/wp-content\/uploads\/2022\/08\/druide-biolove-face-body-care-sunscreen-fps-spf-30-mineral-100.jpg\",\"datePublished\":\"2022-08-26T15:48:26+00:00\",\"dateModified\":\"2026-04-09T18:44:09+00:00\",\"description\":\"Discover our innovative BioLove Mineral SPF30 Sunscreen for broad-spectrum, eco-friendly SPF 30 sun protection. Suitable for all skin types, it effectively protects against UVA\/UVB rays, prevents premature aging and offers a pleasant application with no white residue.\",\"breadcrumb\":{\"@id\":\"https:\/\/druidebio.com\/fr\/produit\/creme-solaire-fps30\/#breadcrumb\"},\"inLanguage\":\"fr-FR\",\"potentialAction\":[{\"@type\":\"ReadAction\",\"target\":[\"https:\/\/druidebio.com\/fr\/produit\/creme-solaire-fps30\/\"]}]},{\"@type\":\"ImageObject\",\"inLanguage\":\"fr-FR\",\"@id\":\"https:\/\/druidebio.com\/fr\/produit\/creme-solaire-fps30\/#primaryimage\",\"url\":\"https:\/\/druidebio.com\/wp-content\/uploads\/2022\/08\/druide-biolove-face-body-care-sunscreen-fps-spf-30-mineral-100.jpg\",\"contentUrl\":\"https:\/\/druidebio.com\/wp-content\/uploads\/2022\/08\/druide-biolove-face-body-care-sunscreen-fps-spf-30-mineral-100.jpg\",\"width\":1200,\"height\":1200,\"caption\":\"Cr\u00e8me Solaire FPS30\"},{\"@type\":\"BreadcrumbList\",\"@id\":\"https:\/\/druidebio.com\/fr\/produit\/creme-solaire-fps30\/#breadcrumb\",\"itemListElement\":[{\"@type\":\"ListItem\",\"position\":1,\"name\":\"Home\",\"item\":\"https:\/\/druidebio.com\/fr\/\"},{\"@type\":\"ListItem\",\"position\":2,\"name\":\"Boutique\",\"item\":\"https:\/\/druidebio.com\/fr\/boutique\/\"},{\"@type\":\"ListItem\",\"position\":3,\"name\":\"Cr\u00e8me Solaire FPS30\"}]},{\"@type\":\"WebSite\",\"@id\":\"https:\/\/druidebio.com\/fr\/#website\",\"url\":\"https:\/\/druidebio.com\/fr\/\",\"name\":\"Laboratoires Druide\u00ae | Bio For Life\",\"description\":\"Natural and Organic Products. ECOCERT\u00ae Certified.\",\"publisher\":{\"@id\":\"https:\/\/druidebio.com\/fr\/#organization\"},\"alternateName\":\"Druide\",\"potentialAction\":[{\"@type\":\"SearchAction\",\"target\":{\"@type\":\"EntryPoint\",\"urlTemplate\":\"https:\/\/druidebio.com\/fr\/?s={search_term_string}\"},\"query-input\":{\"@type\":\"PropertyValueSpecification\",\"valueRequired\":true,\"valueName\":\"search_term_string\"}}],\"inLanguage\":\"fr-FR\"},{\"@type\":\"Organization\",\"@id\":\"https:\/\/druidebio.com\/fr\/#organization\",\"name\":\"Druide\",\"alternateName\":\"Laboratoires Druide\",\"url\":\"https:\/\/druidebio.com\/fr\/\",\"logo\":{\"@type\":\"ImageObject\",\"inLanguage\":\"fr-FR\",\"@id\":\"https:\/\/druidebio.com\/fr\/#\/schema\/logo\/image\/\",\"url\":\"https:\/\/druidebio.com\/wp-content\/uploads\/2022\/08\/logo-fav.png\",\"contentUrl\":\"https:\/\/druidebio.com\/wp-content\/uploads\/2022\/08\/logo-fav.png\",\"width\":512,\"height\":512,\"caption\":\"Druide\"},\"image\":{\"@id\":\"https:\/\/druidebio.com\/fr\/#\/schema\/logo\/image\/\"},\"sameAs\":[\"https:\/\/www.facebook.com\/infodruide\",\"https:\/\/www.instagram.com\/druidebio\/\",\"https:\/\/www.pinterest.ca\/DruideBioCanada\/\",\"https:\/\/www.youtube.com\/user\/DRUIDECANADA\"]}]}<\/script>\n<!-- \/ Yoast SEO plugin. -->","yoast_head_json":{"title":"Cr\u00e8me Solaire FPS30 | Laboratoires Druide\u00ae | Bio For Life","description":"Discover our innovative BioLove Mineral SPF30 Sunscreen for broad-spectrum, eco-friendly SPF 30 sun protection. Suitable for all skin types, it effectively protects against UVA\/UVB rays, prevents premature aging and offers a pleasant application with no white residue.","robots":{"index":"index","follow":"follow","max-snippet":"max-snippet:-1","max-image-preview":"max-image-preview:large","max-video-preview":"max-video-preview:-1"},"canonical":"https:\/\/druidebio.com\/fr\/produit\/creme-solaire-fps30\/","og_locale":"fr_FR","og_type":"article","og_title":"Cr\u00e8me Solaire FPS30 | Laboratoires Druide\u00ae | Bio For Life","og_description":"Discover our innovative BioLove Mineral SPF30 Sunscreen for broad-spectrum, eco-friendly SPF 30 sun protection. Suitable for all skin types, it effectively protects against UVA\/UVB rays, prevents premature aging and offers a pleasant application with no white residue.","og_url":"https:\/\/druidebio.com\/fr\/produit\/creme-solaire-fps30\/","og_site_name":"Laboratoires Druide\u00ae | Bio For Life","article_publisher":"https:\/\/www.facebook.com\/infodruide","article_modified_time":"2026-04-09T18:44:09+00:00","og_image":[{"width":1200,"height":1200,"url":"https:\/\/druidebio.com\/wp-content\/uploads\/2022\/08\/druide-biolove-face-body-care-sunscreen-fps-spf-30-mineral-100.jpg","type":"image\/jpeg"}],"twitter_card":"summary_large_image","schema":{"@context":"https:\/\/schema.org","@graph":[{"@type":["WebPage","ItemPage"],"@id":"https:\/\/druidebio.com\/fr\/produit\/creme-solaire-fps30\/","url":"https:\/\/druidebio.com\/fr\/produit\/creme-solaire-fps30\/","name":"Cr\u00e8me Solaire FPS30 | Laboratoires Druide\u00ae | Bio For Life","isPartOf":{"@id":"https:\/\/druidebio.com\/fr\/#website"},"primaryImageOfPage":{"@id":"https:\/\/druidebio.com\/fr\/produit\/creme-solaire-fps30\/#primaryimage"},"image":{"@id":"https:\/\/druidebio.com\/fr\/produit\/creme-solaire-fps30\/#primaryimage"},"thumbnailUrl":"https:\/\/druidebio.com\/wp-content\/uploads\/2022\/08\/druide-biolove-face-body-care-sunscreen-fps-spf-30-mineral-100.jpg","datePublished":"2022-08-26T15:48:26+00:00","dateModified":"2026-04-09T18:44:09+00:00","description":"Discover our innovative BioLove Mineral SPF30 Sunscreen for broad-spectrum, eco-friendly SPF 30 sun protection. Suitable for all skin types, it effectively protects against UVA\/UVB rays, prevents premature aging and offers a pleasant application with no white residue.","breadcrumb":{"@id":"https:\/\/druidebio.com\/fr\/produit\/creme-solaire-fps30\/#breadcrumb"},"inLanguage":"fr-FR","potentialAction":[{"@type":"ReadAction","target":["https:\/\/druidebio.com\/fr\/produit\/creme-solaire-fps30\/"]}]},{"@type":"ImageObject","inLanguage":"fr-FR","@id":"https:\/\/druidebio.com\/fr\/produit\/creme-solaire-fps30\/#primaryimage","url":"https:\/\/druidebio.com\/wp-content\/uploads\/2022\/08\/druide-biolove-face-body-care-sunscreen-fps-spf-30-mineral-100.jpg","contentUrl":"https:\/\/druidebio.com\/wp-content\/uploads\/2022\/08\/druide-biolove-face-body-care-sunscreen-fps-spf-30-mineral-100.jpg","width":1200,"height":1200,"caption":"Cr\u00e8me Solaire FPS30"},{"@type":"BreadcrumbList","@id":"https:\/\/druidebio.com\/fr\/produit\/creme-solaire-fps30\/#breadcrumb","itemListElement":[{"@type":"ListItem","position":1,"name":"Home","item":"https:\/\/druidebio.com\/fr\/"},{"@type":"ListItem","position":2,"name":"Boutique","item":"https:\/\/druidebio.com\/fr\/boutique\/"},{"@type":"ListItem","position":3,"name":"Cr\u00e8me Solaire FPS30"}]},{"@type":"WebSite","@id":"https:\/\/druidebio.com\/fr\/#website","url":"https:\/\/druidebio.com\/fr\/","name":"Laboratoires Druide\u00ae | Bio For Life","description":"Natural and Organic Products. ECOCERT\u00ae Certified.","publisher":{"@id":"https:\/\/druidebio.com\/fr\/#organization"},"alternateName":"Druide","potentialAction":[{"@type":"SearchAction","target":{"@type":"EntryPoint","urlTemplate":"https:\/\/druidebio.com\/fr\/?s={search_term_string}"},"query-input":{"@type":"PropertyValueSpecification","valueRequired":true,"valueName":"search_term_string"}}],"inLanguage":"fr-FR"},{"@type":"Organization","@id":"https:\/\/druidebio.com\/fr\/#organization","name":"Druide","alternateName":"Laboratoires Druide","url":"https:\/\/druidebio.com\/fr\/","logo":{"@type":"ImageObject","inLanguage":"fr-FR","@id":"https:\/\/druidebio.com\/fr\/#\/schema\/logo\/image\/","url":"https:\/\/druidebio.com\/wp-content\/uploads\/2022\/08\/logo-fav.png","contentUrl":"https:\/\/druidebio.com\/wp-content\/uploads\/2022\/08\/logo-fav.png","width":512,"height":512,"caption":"Druide"},"image":{"@id":"https:\/\/druidebio.com\/fr\/#\/schema\/logo\/image\/"},"sameAs":["https:\/\/www.facebook.com\/infodruide","https:\/\/www.instagram.com\/druidebio\/","https:\/\/www.pinterest.ca\/DruideBioCanada\/","https:\/\/www.youtube.com\/user\/DRUIDECANADA"]}]}},"_links":{"self":[{"href":"https:\/\/druidebio.com\/fr\/wp-json\/wp\/v2\/product\/2159","targetHints":{"allow":["GET"]}}],"collection":[{"href":"https:\/\/druidebio.com\/fr\/wp-json\/wp\/v2\/product"}],"about":[{"href":"https:\/\/druidebio.com\/fr\/wp-json\/wp\/v2\/types\/product"}],"replies":[{"embeddable":true,"href":"https:\/\/druidebio.com\/fr\/wp-json\/wp\/v2\/comments?post=2159"}],"wp:featuredmedia":[{"embeddable":true,"href":"https:\/\/druidebio.com\/fr\/wp-json\/wp\/v2\/media\/70299"}],"wp:attachment":[{"href":"https:\/\/druidebio.com\/fr\/wp-json\/wp\/v2\/media?parent=2159"}],"wp:term":[{"taxonomy":"product_brand","embeddable":true,"href":"https:\/\/druidebio.com\/fr\/wp-json\/wp\/v2\/product_brand?post=2159"},{"taxonomy":"product_cat","embeddable":true,"href":"https:\/\/druidebio.com\/fr\/wp-json\/wp\/v2\/product_cat?post=2159"},{"taxonomy":"product_tag","embeddable":true,"href":"https:\/\/druidebio.com\/fr\/wp-json\/wp\/v2\/product_tag?post=2159"},{"taxonomy":"giftcard-category","embeddable":true,"href":"https:\/\/druidebio.com\/fr\/wp-json\/wp\/v2\/giftcard-category?post=2159"}],"curies":[{"name":"wp","href":"https:\/\/api.w.org\/{rel}","templated":true}]}}