{"id":2157,"date":"2022-08-26T11:48:24","date_gmt":"2022-08-26T15:48:24","guid":{"rendered":"https:\/\/druide.wpengine.com\/product\/bio-regenerating-serum\/"},"modified":"2026-04-14T19:20:00","modified_gmt":"2026-04-14T23:20:00","slug":"serum-regenerant-bio","status":"publish","type":"product","link":"https:\/\/druidebio.com\/fr\/produit\/serum-regenerant-bio\/","title":{"rendered":"S\u00e9rum R\u00e9g\u00e9n\u00e9rant Bio+"},"content":{"rendered":"<h2>Peau mature, le s\u00e9rum qui r\u00e9g\u00e9n\u00e8re votre peau<\/h2>\n<p>Notre s\u00e9rum r\u00e9g\u00e9n\u00e9rant pr\u00e9sente une texture gel agr\u00e9able qui glisse ais\u00e9ment sur la peau.<\/p>\n<p>Alliant des propri\u00e9t\u00e9s anti-\u00e2ge puissantes, il minimise l\u2019apparence des rides et ridules, garantissant ainsi une peau liss\u00e9e, renforc\u00e9e et visiblement plus jeune. Sa formule est enrichie de pullulan pour son effet tenseur et filmog\u00e8ne, et d&rsquo;acide salicylique qui exfolie en douceur, d\u00e9congestionne les pores et r\u00e9v\u00e8le une peau neuve. Les pr\u00e9biotiques qu&rsquo;il contient renforcent la barri\u00e8re d&rsquo;hydratation, essentielle pour un microbiome cutan\u00e9 sain.<\/p>\n<p>Utilis\u00e9 r\u00e9guli\u00e8rement, ce s\u00e9rum transforme la peau, la rendant plus lisse, claire et rajeunie. Son parfum d\u00e9licatement anis\u00e9 \u00e9veille les sens tout en offrant une exp\u00e9rience rafra\u00eechissante.<\/p>\n<p>Nous nous engageons \u00e0 vous offrir un produit respectueux de votre peau et de l&rsquo;environnement, c\u2019est pourquoi notre s\u00e9rum est certifi\u00e9e biologique par \u00c9cocert et est 100 % v\u00e9g\u00e9tale, biod\u00e9gradable, sans alcool, sans silicone, sans parab\u00e8ne, sans PEG, sans gluten, sans OGM, sans perturbateurs endocriniens, sans goudron, sans quaternium, sans colorant et non test\u00e9e sur les animaux car nous soutenons l&rsquo;\u00e9thique animale.<\/p>\n","protected":false},"excerpt":{"rendered":"<p>BioLove S\u00e9rum R\u00e9g\u00e9n\u00e9rant Bio+ lutte contre les signes de vieillissement et revitalise la peau mature gr\u00e2ce au pullulan et \u00e0 l&rsquo;acide salicylique. Utilis\u00e9 r\u00e9guli\u00e8rement, il offre une peau lisse, \u00e9clatante et rajeunie.<\/p>\n<ul>\n<li class=\"bullet-arrow\"><strong>Texture <\/strong>: Gel<\/li>\n<li class=\"bullet-arrow\"><strong>Odeur <\/strong>: L\u00e9g\u00e8rement anis\u00e9<\/li>\n<li class=\"bullet-arrow\"><strong>Format <\/strong>: 30 ml \u2013 1 US Fl.oz.<\/li>\n<\/ul>\n<div class=\"row row-full-width align-equal\"  id=\"row-1387916821\">\n\t<div id=\"col-151641669\" class=\"col small-12 large-12\"  >\n\t\t\t\t<div class=\"col-inner\"  >\n\t\t\t\n\t\t\t\n\n  \n    <div class=\"row large-columns-8 medium-columns-8 small-columns-8 row-xsmall\" >\n  <div class=\"gallery-col col\" >\n          <div class=\"col-inner\">\n                        <div class=\"box has-hover gallery-box box-none\">\n              <div class=\"box-image\" >\n                <img width=\"1\" height=\"1\" src=\"https:\/\/druidebio.com\/wp-content\/uploads\/2023\/07\/EcoCert.svg\" class=\"attachment-medium size-medium\" alt=\"\" ids=\"861,868,864,863,865,862\" style=\"none\" lightbox=\"false\" col_spacing=\"xsmall\" columns=\"8\" columns__sm=\"8\" columns__md=\"8\" decoding=\"async\" loading=\"lazy\" \/>                                                              <\/div>\n              <div class=\"box-text text-left\" >\n                 <p><\/p>\n              <\/div>\n            <\/div>\n                      <\/div>\n         <\/div><div class=\"gallery-col col\" >\n          <div class=\"col-inner\">\n                        <div class=\"box has-hover gallery-box box-none\">\n              <div class=\"box-image\" >\n                <img width=\"1\" height=\"1\" src=\"https:\/\/druidebio.com\/wp-content\/uploads\/2023\/07\/Vegan.svg\" class=\"attachment-medium size-medium\" alt=\"\" ids=\"861,868,864,863,865,862\" style=\"none\" lightbox=\"false\" col_spacing=\"xsmall\" columns=\"8\" columns__sm=\"8\" columns__md=\"8\" decoding=\"async\" loading=\"lazy\" \/>                                                              <\/div>\n              <div class=\"box-text text-left\" >\n                 <p><\/p>\n              <\/div>\n            <\/div>\n                      <\/div>\n         <\/div><div class=\"gallery-col col\" >\n          <div class=\"col-inner\">\n                        <div class=\"box has-hover gallery-box box-none\">\n              <div class=\"box-image\" >\n                <img width=\"1\" height=\"1\" src=\"https:\/\/druidebio.com\/wp-content\/uploads\/2023\/07\/Not_Tested_Animals.svg\" class=\"attachment-medium size-medium\" alt=\"\" ids=\"861,868,864,863,865,862\" style=\"none\" lightbox=\"false\" col_spacing=\"xsmall\" columns=\"8\" columns__sm=\"8\" columns__md=\"8\" decoding=\"async\" loading=\"lazy\" \/>                                                              <\/div>\n              <div class=\"box-text text-left\" >\n                 <p><\/p>\n              <\/div>\n            <\/div>\n                      <\/div>\n         <\/div><div class=\"gallery-col col\" >\n          <div class=\"col-inner\">\n                        <div class=\"box has-hover gallery-box box-none\">\n              <div class=\"box-image\" >\n                <img width=\"1\" height=\"1\" src=\"https:\/\/druidebio.com\/wp-content\/uploads\/2023\/07\/NoGMO.svg\" class=\"attachment-medium size-medium\" alt=\"\" ids=\"861,868,864,863,865,862\" style=\"none\" lightbox=\"false\" col_spacing=\"xsmall\" columns=\"8\" columns__sm=\"8\" columns__md=\"8\" decoding=\"async\" loading=\"lazy\" \/>                                                              <\/div>\n              <div class=\"box-text text-left\" >\n                 <p><\/p>\n              <\/div>\n            <\/div>\n                      <\/div>\n         <\/div><div class=\"gallery-col col\" >\n          <div class=\"col-inner\">\n                        <div class=\"box has-hover gallery-box box-none\">\n              <div class=\"box-image\" >\n                <img width=\"1\" height=\"1\" src=\"https:\/\/druidebio.com\/wp-content\/uploads\/2023\/07\/Recyclable.svg\" class=\"attachment-medium size-medium\" alt=\"\" ids=\"861,868,864,863,865,862\" style=\"none\" lightbox=\"false\" col_spacing=\"xsmall\" columns=\"8\" columns__sm=\"8\" columns__md=\"8\" decoding=\"async\" loading=\"lazy\" \/>                                                              <\/div>\n              <div class=\"box-text text-left\" >\n                 <p><\/p>\n              <\/div>\n            <\/div>\n                      <\/div>\n         <\/div><div class=\"gallery-col col\" >\n          <div class=\"col-inner\">\n                        <div class=\"box has-hover gallery-box box-none\">\n              <div class=\"box-image\" >\n                <img width=\"1\" height=\"1\" src=\"https:\/\/druidebio.com\/wp-content\/uploads\/2023\/07\/Gluten_Free.svg\" class=\"attachment-medium size-medium\" alt=\"\" ids=\"861,868,864,863,865,862\" style=\"none\" lightbox=\"false\" col_spacing=\"xsmall\" columns=\"8\" columns__sm=\"8\" columns__md=\"8\" decoding=\"async\" loading=\"lazy\" \/>                                                              <\/div>\n              <div class=\"box-text text-left\" >\n                 <p><\/p>\n              <\/div>\n            <\/div>\n                      <\/div>\n         <\/div><\/div>\n\t\t<\/div>\n\t\t\t\t\t<\/div>\n\n\t<\/div>\n","protected":false},"featured_media":1702,"comment_status":"open","ping_status":"closed","template":"","meta":[],"product_brand":[],"product_cat":[101,120,94],"product_tag":[],"giftcard-category":[],"class_list":{"0":"post-2157","1":"product","2":"type-product","3":"status-publish","4":"has-post-thumbnail","6":"product_cat-druide-biolove-soins-visage","7":"product_cat-serums-huiles","8":"product_cat-soins-visage","10":"first","11":"instock","12":"taxable","13":"shipping-taxable","14":"purchasable","15":"product-type-simple"},"yoast_head":"<!-- This site is optimized with the Yoast SEO plugin v27.1.1 - https:\/\/yoast.com\/product\/yoast-seo-wordpress\/ -->\n<title>S\u00e9rum R\u00e9g\u00e9n\u00e9rant Bio+ | Laboratoires Druide\u00ae | Bio For Life<\/title>\n<meta name=\"description\" content=\"BioLove S\u00e9rum R\u00e9g\u00e9n\u00e9rant Bio+ lutte contre les signes de vieillissement et revitalise la peau mature gr\u00e2ce au pullulan et \u00e0 l&#039;acide salicylique. Utilis\u00e9 r\u00e9guli\u00e8rement, il offre une peau lisse, \u00e9clatante et rajeunie.\" \/>\n<meta name=\"robots\" content=\"index, follow, max-snippet:-1, max-image-preview:large, max-video-preview:-1\" \/>\n<link rel=\"canonical\" href=\"https:\/\/druidebio.com\/fr\/produit\/serum-regenerant-bio\/\" \/>\n<meta property=\"og:locale\" content=\"fr_FR\" \/>\n<meta property=\"og:type\" content=\"article\" \/>\n<meta property=\"og:title\" content=\"S\u00e9rum R\u00e9g\u00e9n\u00e9rant Bio+ | Laboratoires Druide\u00ae | Bio For Life\" \/>\n<meta property=\"og:description\" content=\"BioLove S\u00e9rum R\u00e9g\u00e9n\u00e9rant Bio+ lutte contre les signes de vieillissement et revitalise la peau mature gr\u00e2ce au pullulan et \u00e0 l&#039;acide salicylique. Utilis\u00e9 r\u00e9guli\u00e8rement, il offre une peau lisse, \u00e9clatante et rajeunie.\" \/>\n<meta property=\"og:url\" content=\"https:\/\/druidebio.com\/fr\/produit\/serum-regenerant-bio\/\" \/>\n<meta property=\"og:site_name\" content=\"Laboratoires Druide\u00ae | Bio For Life\" \/>\n<meta property=\"article:publisher\" content=\"https:\/\/www.facebook.com\/infodruide\" \/>\n<meta property=\"article:modified_time\" content=\"2026-04-14T23:20:00+00:00\" \/>\n<meta property=\"og:image\" content=\"https:\/\/druidebio.com\/wp-content\/uploads\/2022\/08\/druide-biolove-face-care-regenerating-serum-Bio-30ml-1oz-bottle.jpg\" \/>\n\t<meta property=\"og:image:width\" content=\"1200\" \/>\n\t<meta property=\"og:image:height\" content=\"1200\" \/>\n\t<meta property=\"og:image:type\" content=\"image\/jpeg\" \/>\n<meta name=\"twitter:card\" content=\"summary_large_image\" \/>\n<script type=\"application\/ld+json\" class=\"yoast-schema-graph\">{\"@context\":\"https:\/\/schema.org\",\"@graph\":[{\"@type\":[\"WebPage\",\"ItemPage\"],\"@id\":\"https:\/\/druidebio.com\/fr\/produit\/serum-regenerant-bio\/\",\"url\":\"https:\/\/druidebio.com\/fr\/produit\/serum-regenerant-bio\/\",\"name\":\"S\u00e9rum R\u00e9g\u00e9n\u00e9rant Bio+ | Laboratoires Druide\u00ae | Bio For Life\",\"isPartOf\":{\"@id\":\"https:\/\/druidebio.com\/fr\/#website\"},\"primaryImageOfPage\":{\"@id\":\"https:\/\/druidebio.com\/fr\/produit\/serum-regenerant-bio\/#primaryimage\"},\"image\":{\"@id\":\"https:\/\/druidebio.com\/fr\/produit\/serum-regenerant-bio\/#primaryimage\"},\"thumbnailUrl\":\"https:\/\/druidebio.com\/wp-content\/uploads\/2022\/08\/druide-biolove-face-care-regenerating-serum-Bio-30ml-1oz-bottle.jpg\",\"datePublished\":\"2022-08-26T15:48:24+00:00\",\"dateModified\":\"2026-04-14T23:20:00+00:00\",\"description\":\"BioLove S\u00e9rum R\u00e9g\u00e9n\u00e9rant Bio+ lutte contre les signes de vieillissement et revitalise la peau mature gr\u00e2ce au pullulan et \u00e0 l'acide salicylique. Utilis\u00e9 r\u00e9guli\u00e8rement, il offre une peau lisse, \u00e9clatante et rajeunie.\",\"breadcrumb\":{\"@id\":\"https:\/\/druidebio.com\/fr\/produit\/serum-regenerant-bio\/#breadcrumb\"},\"inLanguage\":\"fr-FR\",\"potentialAction\":[{\"@type\":\"ReadAction\",\"target\":[\"https:\/\/druidebio.com\/fr\/produit\/serum-regenerant-bio\/\"]}]},{\"@type\":\"ImageObject\",\"inLanguage\":\"fr-FR\",\"@id\":\"https:\/\/druidebio.com\/fr\/produit\/serum-regenerant-bio\/#primaryimage\",\"url\":\"https:\/\/druidebio.com\/wp-content\/uploads\/2022\/08\/druide-biolove-face-care-regenerating-serum-Bio-30ml-1oz-bottle.jpg\",\"contentUrl\":\"https:\/\/druidebio.com\/wp-content\/uploads\/2022\/08\/druide-biolove-face-care-regenerating-serum-Bio-30ml-1oz-bottle.jpg\",\"width\":1200,\"height\":1200,\"caption\":\"S\u00e9rum R\u00e9g\u00e9n\u00e9rant Bio+\"},{\"@type\":\"BreadcrumbList\",\"@id\":\"https:\/\/druidebio.com\/fr\/produit\/serum-regenerant-bio\/#breadcrumb\",\"itemListElement\":[{\"@type\":\"ListItem\",\"position\":1,\"name\":\"Home\",\"item\":\"https:\/\/druidebio.com\/fr\/\"},{\"@type\":\"ListItem\",\"position\":2,\"name\":\"Boutique\",\"item\":\"https:\/\/druidebio.com\/fr\/boutique\/\"},{\"@type\":\"ListItem\",\"position\":3,\"name\":\"S\u00e9rum R\u00e9g\u00e9n\u00e9rant Bio+\"}]},{\"@type\":\"WebSite\",\"@id\":\"https:\/\/druidebio.com\/fr\/#website\",\"url\":\"https:\/\/druidebio.com\/fr\/\",\"name\":\"Laboratoires Druide\u00ae | Bio For Life\",\"description\":\"Natural and Organic Products. ECOCERT\u00ae Certified.\",\"publisher\":{\"@id\":\"https:\/\/druidebio.com\/fr\/#organization\"},\"alternateName\":\"Druide\",\"potentialAction\":[{\"@type\":\"SearchAction\",\"target\":{\"@type\":\"EntryPoint\",\"urlTemplate\":\"https:\/\/druidebio.com\/fr\/?s={search_term_string}\"},\"query-input\":{\"@type\":\"PropertyValueSpecification\",\"valueRequired\":true,\"valueName\":\"search_term_string\"}}],\"inLanguage\":\"fr-FR\"},{\"@type\":\"Organization\",\"@id\":\"https:\/\/druidebio.com\/fr\/#organization\",\"name\":\"Druide\",\"alternateName\":\"Laboratoires Druide\",\"url\":\"https:\/\/druidebio.com\/fr\/\",\"logo\":{\"@type\":\"ImageObject\",\"inLanguage\":\"fr-FR\",\"@id\":\"https:\/\/druidebio.com\/fr\/#\/schema\/logo\/image\/\",\"url\":\"https:\/\/druidebio.com\/wp-content\/uploads\/2022\/08\/logo-fav.png\",\"contentUrl\":\"https:\/\/druidebio.com\/wp-content\/uploads\/2022\/08\/logo-fav.png\",\"width\":512,\"height\":512,\"caption\":\"Druide\"},\"image\":{\"@id\":\"https:\/\/druidebio.com\/fr\/#\/schema\/logo\/image\/\"},\"sameAs\":[\"https:\/\/www.facebook.com\/infodruide\",\"https:\/\/www.instagram.com\/druidebio\/\",\"https:\/\/www.pinterest.ca\/DruideBioCanada\/\",\"https:\/\/www.youtube.com\/user\/DRUIDECANADA\"]}]}<\/script>\n<!-- \/ Yoast SEO plugin. -->","yoast_head_json":{"title":"S\u00e9rum R\u00e9g\u00e9n\u00e9rant Bio+ | Laboratoires Druide\u00ae | Bio For Life","description":"BioLove S\u00e9rum R\u00e9g\u00e9n\u00e9rant Bio+ lutte contre les signes de vieillissement et revitalise la peau mature gr\u00e2ce au pullulan et \u00e0 l'acide salicylique. Utilis\u00e9 r\u00e9guli\u00e8rement, il offre une peau lisse, \u00e9clatante et rajeunie.","robots":{"index":"index","follow":"follow","max-snippet":"max-snippet:-1","max-image-preview":"max-image-preview:large","max-video-preview":"max-video-preview:-1"},"canonical":"https:\/\/druidebio.com\/fr\/produit\/serum-regenerant-bio\/","og_locale":"fr_FR","og_type":"article","og_title":"S\u00e9rum R\u00e9g\u00e9n\u00e9rant Bio+ | Laboratoires Druide\u00ae | Bio For Life","og_description":"BioLove S\u00e9rum R\u00e9g\u00e9n\u00e9rant Bio+ lutte contre les signes de vieillissement et revitalise la peau mature gr\u00e2ce au pullulan et \u00e0 l'acide salicylique. Utilis\u00e9 r\u00e9guli\u00e8rement, il offre une peau lisse, \u00e9clatante et rajeunie.","og_url":"https:\/\/druidebio.com\/fr\/produit\/serum-regenerant-bio\/","og_site_name":"Laboratoires Druide\u00ae | Bio For Life","article_publisher":"https:\/\/www.facebook.com\/infodruide","article_modified_time":"2026-04-14T23:20:00+00:00","og_image":[{"width":1200,"height":1200,"url":"https:\/\/druidebio.com\/wp-content\/uploads\/2022\/08\/druide-biolove-face-care-regenerating-serum-Bio-30ml-1oz-bottle.jpg","type":"image\/jpeg"}],"twitter_card":"summary_large_image","schema":{"@context":"https:\/\/schema.org","@graph":[{"@type":["WebPage","ItemPage"],"@id":"https:\/\/druidebio.com\/fr\/produit\/serum-regenerant-bio\/","url":"https:\/\/druidebio.com\/fr\/produit\/serum-regenerant-bio\/","name":"S\u00e9rum R\u00e9g\u00e9n\u00e9rant Bio+ | Laboratoires Druide\u00ae | Bio For Life","isPartOf":{"@id":"https:\/\/druidebio.com\/fr\/#website"},"primaryImageOfPage":{"@id":"https:\/\/druidebio.com\/fr\/produit\/serum-regenerant-bio\/#primaryimage"},"image":{"@id":"https:\/\/druidebio.com\/fr\/produit\/serum-regenerant-bio\/#primaryimage"},"thumbnailUrl":"https:\/\/druidebio.com\/wp-content\/uploads\/2022\/08\/druide-biolove-face-care-regenerating-serum-Bio-30ml-1oz-bottle.jpg","datePublished":"2022-08-26T15:48:24+00:00","dateModified":"2026-04-14T23:20:00+00:00","description":"BioLove S\u00e9rum R\u00e9g\u00e9n\u00e9rant Bio+ lutte contre les signes de vieillissement et revitalise la peau mature gr\u00e2ce au pullulan et \u00e0 l'acide salicylique. Utilis\u00e9 r\u00e9guli\u00e8rement, il offre une peau lisse, \u00e9clatante et rajeunie.","breadcrumb":{"@id":"https:\/\/druidebio.com\/fr\/produit\/serum-regenerant-bio\/#breadcrumb"},"inLanguage":"fr-FR","potentialAction":[{"@type":"ReadAction","target":["https:\/\/druidebio.com\/fr\/produit\/serum-regenerant-bio\/"]}]},{"@type":"ImageObject","inLanguage":"fr-FR","@id":"https:\/\/druidebio.com\/fr\/produit\/serum-regenerant-bio\/#primaryimage","url":"https:\/\/druidebio.com\/wp-content\/uploads\/2022\/08\/druide-biolove-face-care-regenerating-serum-Bio-30ml-1oz-bottle.jpg","contentUrl":"https:\/\/druidebio.com\/wp-content\/uploads\/2022\/08\/druide-biolove-face-care-regenerating-serum-Bio-30ml-1oz-bottle.jpg","width":1200,"height":1200,"caption":"S\u00e9rum R\u00e9g\u00e9n\u00e9rant Bio+"},{"@type":"BreadcrumbList","@id":"https:\/\/druidebio.com\/fr\/produit\/serum-regenerant-bio\/#breadcrumb","itemListElement":[{"@type":"ListItem","position":1,"name":"Home","item":"https:\/\/druidebio.com\/fr\/"},{"@type":"ListItem","position":2,"name":"Boutique","item":"https:\/\/druidebio.com\/fr\/boutique\/"},{"@type":"ListItem","position":3,"name":"S\u00e9rum R\u00e9g\u00e9n\u00e9rant Bio+"}]},{"@type":"WebSite","@id":"https:\/\/druidebio.com\/fr\/#website","url":"https:\/\/druidebio.com\/fr\/","name":"Laboratoires Druide\u00ae | Bio For Life","description":"Natural and Organic Products. ECOCERT\u00ae Certified.","publisher":{"@id":"https:\/\/druidebio.com\/fr\/#organization"},"alternateName":"Druide","potentialAction":[{"@type":"SearchAction","target":{"@type":"EntryPoint","urlTemplate":"https:\/\/druidebio.com\/fr\/?s={search_term_string}"},"query-input":{"@type":"PropertyValueSpecification","valueRequired":true,"valueName":"search_term_string"}}],"inLanguage":"fr-FR"},{"@type":"Organization","@id":"https:\/\/druidebio.com\/fr\/#organization","name":"Druide","alternateName":"Laboratoires Druide","url":"https:\/\/druidebio.com\/fr\/","logo":{"@type":"ImageObject","inLanguage":"fr-FR","@id":"https:\/\/druidebio.com\/fr\/#\/schema\/logo\/image\/","url":"https:\/\/druidebio.com\/wp-content\/uploads\/2022\/08\/logo-fav.png","contentUrl":"https:\/\/druidebio.com\/wp-content\/uploads\/2022\/08\/logo-fav.png","width":512,"height":512,"caption":"Druide"},"image":{"@id":"https:\/\/druidebio.com\/fr\/#\/schema\/logo\/image\/"},"sameAs":["https:\/\/www.facebook.com\/infodruide","https:\/\/www.instagram.com\/druidebio\/","https:\/\/www.pinterest.ca\/DruideBioCanada\/","https:\/\/www.youtube.com\/user\/DRUIDECANADA"]}]}},"_links":{"self":[{"href":"https:\/\/druidebio.com\/fr\/wp-json\/wp\/v2\/product\/2157","targetHints":{"allow":["GET"]}}],"collection":[{"href":"https:\/\/druidebio.com\/fr\/wp-json\/wp\/v2\/product"}],"about":[{"href":"https:\/\/druidebio.com\/fr\/wp-json\/wp\/v2\/types\/product"}],"replies":[{"embeddable":true,"href":"https:\/\/druidebio.com\/fr\/wp-json\/wp\/v2\/comments?post=2157"}],"wp:featuredmedia":[{"embeddable":true,"href":"https:\/\/druidebio.com\/fr\/wp-json\/wp\/v2\/media\/1702"}],"wp:attachment":[{"href":"https:\/\/druidebio.com\/fr\/wp-json\/wp\/v2\/media?parent=2157"}],"wp:term":[{"taxonomy":"product_brand","embeddable":true,"href":"https:\/\/druidebio.com\/fr\/wp-json\/wp\/v2\/product_brand?post=2157"},{"taxonomy":"product_cat","embeddable":true,"href":"https:\/\/druidebio.com\/fr\/wp-json\/wp\/v2\/product_cat?post=2157"},{"taxonomy":"product_tag","embeddable":true,"href":"https:\/\/druidebio.com\/fr\/wp-json\/wp\/v2\/product_tag?post=2157"},{"taxonomy":"giftcard-category","embeddable":true,"href":"https:\/\/druidebio.com\/fr\/wp-json\/wp\/v2\/giftcard-category?post=2157"}],"curies":[{"name":"wp","href":"https:\/\/api.w.org\/{rel}","templated":true}]}}