{"id":2147,"date":"2022-08-26T11:48:21","date_gmt":"2022-08-26T15:48:21","guid":{"rendered":"https:\/\/druide.wpengine.com\/product\/bi-phase-makeup-cleanser\/"},"modified":"2026-04-17T11:37:31","modified_gmt":"2026-04-17T15:37:31","slug":"demaquillant-bi-phase","status":"publish","type":"product","link":"https:\/\/druidebio.com\/fr\/produit\/demaquillant-bi-phase\/","title":{"rendered":"D\u00e9maquillant Bi-Phase"},"content":{"rendered":"<h2>Le d\u00e9maquillant biphas\u00e9 BioLove permet un nettoyage \u00e0 la fois doux et profond de la peau<\/h2>\n<p>D\u00e9couvrez notre d\u00e9maquillant biphas\u00e9 biologique, id\u00e9al pour retirer parfaitement toutes traces de maquillage du visage et des paupi\u00e8res, m\u00eame r\u00e9sistant \u00e0 l&rsquo;eau.<\/p>\n<p>Sa double texture liquide compos\u00e9 d&rsquo;une phase aqueuse et huileuse, se m\u00e9lange avec le maquillage, offrant un d\u00e9maquillage en douceur, adapt\u00e9 m\u00eame aux peaux sensibles et au contour des yeux. Enrichi d&rsquo;une synergie d&rsquo;ingr\u00e9dients naturellement purifiants, adoucissants et protecteurs, ce d\u00e9maquillant pr\u00e9serve l&rsquo;hydratation de la peau, r\u00e9v\u00e9lant une peau \u00e9clatante, sans jamais la dess\u00e9cher.<\/p>\n<p>L&rsquo;utilisation d&rsquo;un d\u00e9maquillant bi-phas\u00e9 permet une action efficace sur les maquillages les plus tenaces, tout en laissant la peau confortable et douce gr\u00e2ce \u00e0 sa texture soyeuse.<\/p>\n<p>Son parfum subtil de prune ajoute une touche agr\u00e9able \u00e0 votre routine de d\u00e9maquillage.<\/p>\n<p>Nous nous engageons \u00e0 vous offrir un produit respectueux de votre peau et de l&rsquo;environnement. C&rsquo;est pourquoi notre lait nettoyant est certifi\u00e9 biologique par \u00c9cocert est 100 % v\u00e9g\u00e9tal (vegan), biod\u00e9gradable, sans alcool, sans silicone, sans parab\u00e8ne, sans PEG, sans gluten, sans OGM, sans perturbateurs endocriniens, sans goudron, sans quaternium, sans colorant et non test\u00e9 sur les animaux. Nous soutenons l&rsquo;\u00e9thique animale et nous sommes fiers de vous proposer un produit qui respecte nos valeurs.<\/p>\n","protected":false},"excerpt":{"rendered":"<p>D\u00e9couvrez notre Huile D\u00e9maquillante Biphas\u00e9e BioLove, id\u00e9ale pour retirer efficacement toutes traces de maquillage, m\u00eame r\u00e9sistant \u00e0 l&rsquo;eau. Sa texture liquide bi-phase offre un d\u00e9maquillage en douceur, adapt\u00e9 aux peaux sensibles et au contour des yeux.<\/p>\n<ul>\n<li class=\"bullet-arrow\"><strong>Texture <\/strong>: Liquide<\/li>\n<li class=\"bullet-arrow\"><strong>Odeur <\/strong>: Prune<\/li>\n<li class=\"bullet-arrow\"><strong>Format<\/strong>: 150 ml \u2013 5.2 US Fl.oz.<\/li>\n<\/ul>\n<div class=\"row row-full-width align-equal\"  id=\"row-1248993670\">\n\t<div id=\"col-889162859\" class=\"col small-12 large-12\"  >\n\t\t\t\t<div class=\"col-inner\"  >\n\t\t\t\n\t\t\t\n\n  \n    <div class=\"row large-columns-8 medium-columns-8 small-columns-8 row-xsmall\" >\n  <div class=\"gallery-col col\" >\n          <div class=\"col-inner\">\n                        <div class=\"box has-hover gallery-box box-none\">\n              <div class=\"box-image\" >\n                <img width=\"1\" height=\"1\" src=\"https:\/\/druidebio.com\/wp-content\/uploads\/2023\/07\/EcoCert.svg\" class=\"attachment-medium size-medium\" alt=\"\" ids=\"861,868,864,863,865,862\" style=\"none\" lightbox=\"false\" col_spacing=\"xsmall\" columns=\"8\" columns__sm=\"8\" columns__md=\"8\" decoding=\"async\" loading=\"lazy\" \/>                                                              <\/div>\n              <div class=\"box-text text-left\" >\n                 <p><\/p>\n              <\/div>\n            <\/div>\n                      <\/div>\n         <\/div><div class=\"gallery-col col\" >\n          <div class=\"col-inner\">\n                        <div class=\"box has-hover gallery-box box-none\">\n              <div class=\"box-image\" >\n                <img width=\"1\" height=\"1\" src=\"https:\/\/druidebio.com\/wp-content\/uploads\/2023\/07\/Vegan.svg\" class=\"attachment-medium size-medium\" alt=\"\" ids=\"861,868,864,863,865,862\" style=\"none\" lightbox=\"false\" col_spacing=\"xsmall\" columns=\"8\" columns__sm=\"8\" columns__md=\"8\" decoding=\"async\" loading=\"lazy\" \/>                                                              <\/div>\n              <div class=\"box-text text-left\" >\n                 <p><\/p>\n              <\/div>\n            <\/div>\n                      <\/div>\n         <\/div><div class=\"gallery-col col\" >\n          <div class=\"col-inner\">\n                        <div class=\"box has-hover gallery-box box-none\">\n              <div class=\"box-image\" >\n                <img width=\"1\" height=\"1\" src=\"https:\/\/druidebio.com\/wp-content\/uploads\/2023\/07\/Not_Tested_Animals.svg\" class=\"attachment-medium size-medium\" alt=\"\" ids=\"861,868,864,863,865,862\" style=\"none\" lightbox=\"false\" col_spacing=\"xsmall\" columns=\"8\" columns__sm=\"8\" columns__md=\"8\" decoding=\"async\" loading=\"lazy\" \/>                                                              <\/div>\n              <div class=\"box-text text-left\" >\n                 <p><\/p>\n              <\/div>\n            <\/div>\n                      <\/div>\n         <\/div><div class=\"gallery-col col\" >\n          <div class=\"col-inner\">\n                        <div class=\"box has-hover gallery-box box-none\">\n              <div class=\"box-image\" >\n                <img width=\"1\" height=\"1\" src=\"https:\/\/druidebio.com\/wp-content\/uploads\/2023\/07\/NoGMO.svg\" class=\"attachment-medium size-medium\" alt=\"\" ids=\"861,868,864,863,865,862\" style=\"none\" lightbox=\"false\" col_spacing=\"xsmall\" columns=\"8\" columns__sm=\"8\" columns__md=\"8\" decoding=\"async\" loading=\"lazy\" \/>                                                              <\/div>\n              <div class=\"box-text text-left\" >\n                 <p><\/p>\n              <\/div>\n            <\/div>\n                      <\/div>\n         <\/div><div class=\"gallery-col col\" >\n          <div class=\"col-inner\">\n                        <div class=\"box has-hover gallery-box box-none\">\n              <div class=\"box-image\" >\n                <img width=\"1\" height=\"1\" src=\"https:\/\/druidebio.com\/wp-content\/uploads\/2023\/07\/Recyclable.svg\" class=\"attachment-medium size-medium\" alt=\"\" ids=\"861,868,864,863,865,862\" style=\"none\" lightbox=\"false\" col_spacing=\"xsmall\" columns=\"8\" columns__sm=\"8\" columns__md=\"8\" decoding=\"async\" loading=\"lazy\" \/>                                                              <\/div>\n              <div class=\"box-text text-left\" >\n                 <p><\/p>\n              <\/div>\n            <\/div>\n                      <\/div>\n         <\/div><div class=\"gallery-col col\" >\n          <div class=\"col-inner\">\n                        <div class=\"box has-hover gallery-box box-none\">\n              <div class=\"box-image\" >\n                <img width=\"1\" height=\"1\" src=\"https:\/\/druidebio.com\/wp-content\/uploads\/2023\/07\/Gluten_Free.svg\" class=\"attachment-medium size-medium\" alt=\"\" ids=\"861,868,864,863,865,862\" style=\"none\" lightbox=\"false\" col_spacing=\"xsmall\" columns=\"8\" columns__sm=\"8\" columns__md=\"8\" decoding=\"async\" loading=\"lazy\" \/>                                                              <\/div>\n              <div class=\"box-text text-left\" >\n                 <p><\/p>\n              <\/div>\n            <\/div>\n                      <\/div>\n         <\/div><\/div>\n\t\t<\/div>\n\t\t\t\t\t<\/div>\n\n\t<\/div>\n","protected":false},"featured_media":1697,"comment_status":"open","ping_status":"closed","template":"","meta":[],"product_brand":[],"product_cat":[101,106,94],"product_tag":[],"giftcard-category":[],"class_list":{"0":"post-2147","1":"product","2":"type-product","3":"status-publish","4":"has-post-thumbnail","6":"product_cat-druide-biolove-soins-visage","7":"product_cat-nettoyants","8":"product_cat-soins-visage","10":"first","11":"instock","12":"taxable","13":"shipping-taxable","14":"purchasable","15":"product-type-simple"},"yoast_head":"<!-- This site is optimized with the Yoast SEO plugin v27.1.1 - https:\/\/yoast.com\/product\/yoast-seo-wordpress\/ -->\n<title>D\u00e9maquillant Bi-Phase | Laboratoires Druide\u00ae | Bio For Life<\/title>\n<meta name=\"description\" content=\"D\u00e9couvrez notre Huile D\u00e9maquillante Biphas\u00e9e BioLove, id\u00e9ale pour retirer efficacement toutes traces de maquillage, m\u00eame r\u00e9sistant \u00e0 l&#039;eau. Sa texture liquide bi-phase offre un d\u00e9maquillage en douceur, adapt\u00e9 aux peaux sensibles et au contour des yeux.\" \/>\n<meta name=\"robots\" content=\"index, follow, max-snippet:-1, max-image-preview:large, max-video-preview:-1\" \/>\n<link rel=\"canonical\" href=\"https:\/\/druidebio.com\/fr\/produit\/demaquillant-bi-phase\/\" \/>\n<meta property=\"og:locale\" content=\"fr_FR\" \/>\n<meta property=\"og:type\" content=\"article\" \/>\n<meta property=\"og:title\" content=\"D\u00e9maquillant Bi-Phase | Laboratoires Druide\u00ae | Bio For Life\" \/>\n<meta property=\"og:description\" content=\"D\u00e9couvrez notre Huile D\u00e9maquillante Biphas\u00e9e BioLove, id\u00e9ale pour retirer efficacement toutes traces de maquillage, m\u00eame r\u00e9sistant \u00e0 l&#039;eau. Sa texture liquide bi-phase offre un d\u00e9maquillage en douceur, adapt\u00e9 aux peaux sensibles et au contour des yeux.\" \/>\n<meta property=\"og:url\" content=\"https:\/\/druidebio.com\/fr\/produit\/demaquillant-bi-phase\/\" \/>\n<meta property=\"og:site_name\" content=\"Laboratoires Druide\u00ae | Bio For Life\" \/>\n<meta property=\"article:publisher\" content=\"https:\/\/www.facebook.com\/infodruide\" \/>\n<meta property=\"article:modified_time\" content=\"2026-04-17T15:37:31+00:00\" \/>\n<meta property=\"og:image\" content=\"https:\/\/druidebio.com\/wp-content\/uploads\/2022\/08\/druide-biolove-face-care-bi-phase-bio-cleanser-150ml-5.2oz-bottle.jpg\" \/>\n\t<meta property=\"og:image:width\" content=\"1200\" \/>\n\t<meta property=\"og:image:height\" content=\"1200\" \/>\n\t<meta property=\"og:image:type\" content=\"image\/jpeg\" \/>\n<meta name=\"twitter:card\" content=\"summary_large_image\" \/>\n<script type=\"application\/ld+json\" class=\"yoast-schema-graph\">{\"@context\":\"https:\/\/schema.org\",\"@graph\":[{\"@type\":[\"WebPage\",\"ItemPage\"],\"@id\":\"https:\/\/druidebio.com\/fr\/produit\/demaquillant-bi-phase\/\",\"url\":\"https:\/\/druidebio.com\/fr\/produit\/demaquillant-bi-phase\/\",\"name\":\"D\u00e9maquillant Bi-Phase | Laboratoires Druide\u00ae | Bio For Life\",\"isPartOf\":{\"@id\":\"https:\/\/druidebio.com\/fr\/#website\"},\"primaryImageOfPage\":{\"@id\":\"https:\/\/druidebio.com\/fr\/produit\/demaquillant-bi-phase\/#primaryimage\"},\"image\":{\"@id\":\"https:\/\/druidebio.com\/fr\/produit\/demaquillant-bi-phase\/#primaryimage\"},\"thumbnailUrl\":\"https:\/\/druidebio.com\/wp-content\/uploads\/2022\/08\/druide-biolove-face-care-bi-phase-bio-cleanser-150ml-5.2oz-bottle.jpg\",\"datePublished\":\"2022-08-26T15:48:21+00:00\",\"dateModified\":\"2026-04-17T15:37:31+00:00\",\"description\":\"D\u00e9couvrez notre Huile D\u00e9maquillante Biphas\u00e9e BioLove, id\u00e9ale pour retirer efficacement toutes traces de maquillage, m\u00eame r\u00e9sistant \u00e0 l'eau. Sa texture liquide bi-phase offre un d\u00e9maquillage en douceur, adapt\u00e9 aux peaux sensibles et au contour des yeux.\",\"breadcrumb\":{\"@id\":\"https:\/\/druidebio.com\/fr\/produit\/demaquillant-bi-phase\/#breadcrumb\"},\"inLanguage\":\"fr-FR\",\"potentialAction\":[{\"@type\":\"ReadAction\",\"target\":[\"https:\/\/druidebio.com\/fr\/produit\/demaquillant-bi-phase\/\"]}]},{\"@type\":\"ImageObject\",\"inLanguage\":\"fr-FR\",\"@id\":\"https:\/\/druidebio.com\/fr\/produit\/demaquillant-bi-phase\/#primaryimage\",\"url\":\"https:\/\/druidebio.com\/wp-content\/uploads\/2022\/08\/druide-biolove-face-care-bi-phase-bio-cleanser-150ml-5.2oz-bottle.jpg\",\"contentUrl\":\"https:\/\/druidebio.com\/wp-content\/uploads\/2022\/08\/druide-biolove-face-care-bi-phase-bio-cleanser-150ml-5.2oz-bottle.jpg\",\"width\":1200,\"height\":1200,\"caption\":\"D\u00e9maquillant Bi-Phase\"},{\"@type\":\"BreadcrumbList\",\"@id\":\"https:\/\/druidebio.com\/fr\/produit\/demaquillant-bi-phase\/#breadcrumb\",\"itemListElement\":[{\"@type\":\"ListItem\",\"position\":1,\"name\":\"Home\",\"item\":\"https:\/\/druidebio.com\/fr\/\"},{\"@type\":\"ListItem\",\"position\":2,\"name\":\"Boutique\",\"item\":\"https:\/\/druidebio.com\/fr\/boutique\/\"},{\"@type\":\"ListItem\",\"position\":3,\"name\":\"D\u00e9maquillant Bi-Phase\"}]},{\"@type\":\"WebSite\",\"@id\":\"https:\/\/druidebio.com\/fr\/#website\",\"url\":\"https:\/\/druidebio.com\/fr\/\",\"name\":\"Laboratoires Druide\u00ae | Bio For Life\",\"description\":\"Natural and Organic Products. ECOCERT\u00ae Certified.\",\"publisher\":{\"@id\":\"https:\/\/druidebio.com\/fr\/#organization\"},\"alternateName\":\"Druide\",\"potentialAction\":[{\"@type\":\"SearchAction\",\"target\":{\"@type\":\"EntryPoint\",\"urlTemplate\":\"https:\/\/druidebio.com\/fr\/?s={search_term_string}\"},\"query-input\":{\"@type\":\"PropertyValueSpecification\",\"valueRequired\":true,\"valueName\":\"search_term_string\"}}],\"inLanguage\":\"fr-FR\"},{\"@type\":\"Organization\",\"@id\":\"https:\/\/druidebio.com\/fr\/#organization\",\"name\":\"Druide\",\"alternateName\":\"Laboratoires Druide\",\"url\":\"https:\/\/druidebio.com\/fr\/\",\"logo\":{\"@type\":\"ImageObject\",\"inLanguage\":\"fr-FR\",\"@id\":\"https:\/\/druidebio.com\/fr\/#\/schema\/logo\/image\/\",\"url\":\"https:\/\/druidebio.com\/wp-content\/uploads\/2022\/08\/logo-fav.png\",\"contentUrl\":\"https:\/\/druidebio.com\/wp-content\/uploads\/2022\/08\/logo-fav.png\",\"width\":512,\"height\":512,\"caption\":\"Druide\"},\"image\":{\"@id\":\"https:\/\/druidebio.com\/fr\/#\/schema\/logo\/image\/\"},\"sameAs\":[\"https:\/\/www.facebook.com\/infodruide\",\"https:\/\/www.instagram.com\/druidebio\/\",\"https:\/\/www.pinterest.ca\/DruideBioCanada\/\",\"https:\/\/www.youtube.com\/user\/DRUIDECANADA\"]}]}<\/script>\n<!-- \/ Yoast SEO plugin. -->","yoast_head_json":{"title":"D\u00e9maquillant Bi-Phase | Laboratoires Druide\u00ae | Bio For Life","description":"D\u00e9couvrez notre Huile D\u00e9maquillante Biphas\u00e9e BioLove, id\u00e9ale pour retirer efficacement toutes traces de maquillage, m\u00eame r\u00e9sistant \u00e0 l'eau. Sa texture liquide bi-phase offre un d\u00e9maquillage en douceur, adapt\u00e9 aux peaux sensibles et au contour des yeux.","robots":{"index":"index","follow":"follow","max-snippet":"max-snippet:-1","max-image-preview":"max-image-preview:large","max-video-preview":"max-video-preview:-1"},"canonical":"https:\/\/druidebio.com\/fr\/produit\/demaquillant-bi-phase\/","og_locale":"fr_FR","og_type":"article","og_title":"D\u00e9maquillant Bi-Phase | Laboratoires Druide\u00ae | Bio For Life","og_description":"D\u00e9couvrez notre Huile D\u00e9maquillante Biphas\u00e9e BioLove, id\u00e9ale pour retirer efficacement toutes traces de maquillage, m\u00eame r\u00e9sistant \u00e0 l'eau. Sa texture liquide bi-phase offre un d\u00e9maquillage en douceur, adapt\u00e9 aux peaux sensibles et au contour des yeux.","og_url":"https:\/\/druidebio.com\/fr\/produit\/demaquillant-bi-phase\/","og_site_name":"Laboratoires Druide\u00ae | Bio For Life","article_publisher":"https:\/\/www.facebook.com\/infodruide","article_modified_time":"2026-04-17T15:37:31+00:00","og_image":[{"width":1200,"height":1200,"url":"https:\/\/druidebio.com\/wp-content\/uploads\/2022\/08\/druide-biolove-face-care-bi-phase-bio-cleanser-150ml-5.2oz-bottle.jpg","type":"image\/jpeg"}],"twitter_card":"summary_large_image","schema":{"@context":"https:\/\/schema.org","@graph":[{"@type":["WebPage","ItemPage"],"@id":"https:\/\/druidebio.com\/fr\/produit\/demaquillant-bi-phase\/","url":"https:\/\/druidebio.com\/fr\/produit\/demaquillant-bi-phase\/","name":"D\u00e9maquillant Bi-Phase | Laboratoires Druide\u00ae | Bio For Life","isPartOf":{"@id":"https:\/\/druidebio.com\/fr\/#website"},"primaryImageOfPage":{"@id":"https:\/\/druidebio.com\/fr\/produit\/demaquillant-bi-phase\/#primaryimage"},"image":{"@id":"https:\/\/druidebio.com\/fr\/produit\/demaquillant-bi-phase\/#primaryimage"},"thumbnailUrl":"https:\/\/druidebio.com\/wp-content\/uploads\/2022\/08\/druide-biolove-face-care-bi-phase-bio-cleanser-150ml-5.2oz-bottle.jpg","datePublished":"2022-08-26T15:48:21+00:00","dateModified":"2026-04-17T15:37:31+00:00","description":"D\u00e9couvrez notre Huile D\u00e9maquillante Biphas\u00e9e BioLove, id\u00e9ale pour retirer efficacement toutes traces de maquillage, m\u00eame r\u00e9sistant \u00e0 l'eau. Sa texture liquide bi-phase offre un d\u00e9maquillage en douceur, adapt\u00e9 aux peaux sensibles et au contour des yeux.","breadcrumb":{"@id":"https:\/\/druidebio.com\/fr\/produit\/demaquillant-bi-phase\/#breadcrumb"},"inLanguage":"fr-FR","potentialAction":[{"@type":"ReadAction","target":["https:\/\/druidebio.com\/fr\/produit\/demaquillant-bi-phase\/"]}]},{"@type":"ImageObject","inLanguage":"fr-FR","@id":"https:\/\/druidebio.com\/fr\/produit\/demaquillant-bi-phase\/#primaryimage","url":"https:\/\/druidebio.com\/wp-content\/uploads\/2022\/08\/druide-biolove-face-care-bi-phase-bio-cleanser-150ml-5.2oz-bottle.jpg","contentUrl":"https:\/\/druidebio.com\/wp-content\/uploads\/2022\/08\/druide-biolove-face-care-bi-phase-bio-cleanser-150ml-5.2oz-bottle.jpg","width":1200,"height":1200,"caption":"D\u00e9maquillant Bi-Phase"},{"@type":"BreadcrumbList","@id":"https:\/\/druidebio.com\/fr\/produit\/demaquillant-bi-phase\/#breadcrumb","itemListElement":[{"@type":"ListItem","position":1,"name":"Home","item":"https:\/\/druidebio.com\/fr\/"},{"@type":"ListItem","position":2,"name":"Boutique","item":"https:\/\/druidebio.com\/fr\/boutique\/"},{"@type":"ListItem","position":3,"name":"D\u00e9maquillant Bi-Phase"}]},{"@type":"WebSite","@id":"https:\/\/druidebio.com\/fr\/#website","url":"https:\/\/druidebio.com\/fr\/","name":"Laboratoires Druide\u00ae | Bio For Life","description":"Natural and Organic Products. ECOCERT\u00ae Certified.","publisher":{"@id":"https:\/\/druidebio.com\/fr\/#organization"},"alternateName":"Druide","potentialAction":[{"@type":"SearchAction","target":{"@type":"EntryPoint","urlTemplate":"https:\/\/druidebio.com\/fr\/?s={search_term_string}"},"query-input":{"@type":"PropertyValueSpecification","valueRequired":true,"valueName":"search_term_string"}}],"inLanguage":"fr-FR"},{"@type":"Organization","@id":"https:\/\/druidebio.com\/fr\/#organization","name":"Druide","alternateName":"Laboratoires Druide","url":"https:\/\/druidebio.com\/fr\/","logo":{"@type":"ImageObject","inLanguage":"fr-FR","@id":"https:\/\/druidebio.com\/fr\/#\/schema\/logo\/image\/","url":"https:\/\/druidebio.com\/wp-content\/uploads\/2022\/08\/logo-fav.png","contentUrl":"https:\/\/druidebio.com\/wp-content\/uploads\/2022\/08\/logo-fav.png","width":512,"height":512,"caption":"Druide"},"image":{"@id":"https:\/\/druidebio.com\/fr\/#\/schema\/logo\/image\/"},"sameAs":["https:\/\/www.facebook.com\/infodruide","https:\/\/www.instagram.com\/druidebio\/","https:\/\/www.pinterest.ca\/DruideBioCanada\/","https:\/\/www.youtube.com\/user\/DRUIDECANADA"]}]}},"_links":{"self":[{"href":"https:\/\/druidebio.com\/fr\/wp-json\/wp\/v2\/product\/2147","targetHints":{"allow":["GET"]}}],"collection":[{"href":"https:\/\/druidebio.com\/fr\/wp-json\/wp\/v2\/product"}],"about":[{"href":"https:\/\/druidebio.com\/fr\/wp-json\/wp\/v2\/types\/product"}],"replies":[{"embeddable":true,"href":"https:\/\/druidebio.com\/fr\/wp-json\/wp\/v2\/comments?post=2147"}],"wp:featuredmedia":[{"embeddable":true,"href":"https:\/\/druidebio.com\/fr\/wp-json\/wp\/v2\/media\/1697"}],"wp:attachment":[{"href":"https:\/\/druidebio.com\/fr\/wp-json\/wp\/v2\/media?parent=2147"}],"wp:term":[{"taxonomy":"product_brand","embeddable":true,"href":"https:\/\/druidebio.com\/fr\/wp-json\/wp\/v2\/product_brand?post=2147"},{"taxonomy":"product_cat","embeddable":true,"href":"https:\/\/druidebio.com\/fr\/wp-json\/wp\/v2\/product_cat?post=2147"},{"taxonomy":"product_tag","embeddable":true,"href":"https:\/\/druidebio.com\/fr\/wp-json\/wp\/v2\/product_tag?post=2147"},{"taxonomy":"giftcard-category","embeddable":true,"href":"https:\/\/druidebio.com\/fr\/wp-json\/wp\/v2\/giftcard-category?post=2147"}],"curies":[{"name":"wp","href":"https:\/\/api.w.org\/{rel}","templated":true}]}}