{"id":2133,"date":"2022-08-26T11:48:14","date_gmt":"2022-08-26T15:48:14","guid":{"rendered":"https:\/\/druide.wpengine.com\/product\/protective-baby-soap\/"},"modified":"2026-04-18T16:27:03","modified_gmt":"2026-04-18T20:27:03","slug":"savon-protecteur-bebe","status":"publish","type":"product","link":"https:\/\/druidebio.com\/fr\/produit\/savon-protecteur-bebe\/","title":{"rendered":"Savon Protecteur B\u00e9b\u00e9"},"content":{"rendered":"<h2>Nourrir, prot\u00e9ger, apaiser \u00e0 chaque toilette de b\u00e9b\u00e9<\/h2>\n<p>D\u00e9couvrez notre Savon Protecteur BioLove ultra-doux, con\u00e7u sp\u00e9cifiquement pour les peaux sensibles, r\u00e9actives et intol\u00e9rantes des b\u00e9b\u00e9s et des jeunes enfants. Enrichi d&rsquo;extraits de plantes apaisantes et d&rsquo;une dose g\u00e9n\u00e9reuse d&rsquo;huile v\u00e9g\u00e9tale de camomille, reconnue pour ses propri\u00e9t\u00e9s anti-inflammatoires et r\u00e9g\u00e9n\u00e9ratrices, ce savon est un v\u00e9ritable tr\u00e9sor pour la peau des tout-petits. L&rsquo;huile de camomille, gr\u00e2ce \u00e0 ses composants actifs comme le bisabolol et le chamazul\u00e8ne, offre des propri\u00e9t\u00e9s apaisantes exceptionnelles qui aident \u00e0 r\u00e9duire les irritations, tout en calmant et en revitalisant la peau.<\/p>\n<p>Il nettoie en douceur sans agresser le film hydrolipidique de la peau des petits, tandis que les huiles v\u00e9g\u00e9tales qu&rsquo;il contient, nourrissent intens\u00e9ment la peau et favorisent un microbiote cutan\u00e9 sain. Son complexe d&rsquo;huiles essentielles apporte d\u00e9tente et apaisement, le rendant parfait avant le sommeil, et son ajout de camomille en fait un choix id\u00e9al pour soulager les effets d\u2019une dermatite. Ainsi, notre savon protecteur att\u00e9nue imm\u00e9diatement les inconforts, irritations, tiraillements et rougeurs chez les tout-petits, offrant une douceur et un r\u00e9confort in\u00e9gal\u00e9s \u00e0 chaque utilisation.<\/p>\n<p>Pour garantir une qualit\u00e9 sup\u00e9rieure \u00e0 celle des savons ordinaires disponibles sur le march\u00e9, ce savon est vieilli pendant 3 mois.<\/p>\n<p>Nous nous engageons \u00e0 vous offrir un produit respectueux de votre peau et de l&rsquo;environnement. C&rsquo;est pourquoi ce savon est certifi\u00e9 \u00c9cocert, 100 % v\u00e9g\u00e9tal (Vegan), biod\u00e9gradable, sans sulfates, sans alcool, sans silicones, sans parab\u00e8nes, sans PEG, sans gluten, sans OGM, sans perturbateurs endocriniens, sans goudron, sans quaternium, sans parfum et sans colorant. De plus, notre engagement envers l&rsquo;\u00e9thique animale est clair : nos produits ne sont pas test\u00e9s sur les animaux.<\/p>\n","protected":false},"excerpt":{"rendered":"<p>Notre Savon Protecteur BioLove ultra-doux est id\u00e9al pour les peaux sensibles des b\u00e9b\u00e9s et jeunes enfants et sujets \u00e0 l\u2019ecz\u00e9ma. Il nettoie sans agression tout en nourrissant la peau gr\u00e2ce aux huiles v\u00e9g\u00e9tales. Apaisant, il est parfait avant le sommeil.<\/p>\n<ul>\n<li class=\"bullet-arrow\"><strong>Texture <\/strong>: Savon solide<\/li>\n<li class=\"bullet-arrow\"><strong>Odeur <\/strong>: Lavande et camomille<\/li>\n<li class=\"bullet-arrow\"><strong>Format <\/strong>: 100 g \u2013 3.5 oz.<\/li>\n<\/ul>\n<div class=\"row row-full-width align-equal\"  id=\"row-1609117189\">\n\t<div id=\"col-1073590259\" class=\"col small-12 large-12\"  >\n\t\t\t\t<div class=\"col-inner\"  >\n\t\t\t\n\t\t\t\n\n  \n    <div class=\"row large-columns-8 medium-columns-8 small-columns-8 row-xsmall\" >\n  <div class=\"gallery-col col\" >\n          <div class=\"col-inner\">\n                        <div class=\"box has-hover gallery-box box-none\">\n              <div class=\"box-image\" >\n                <img width=\"1\" height=\"1\" src=\"https:\/\/druidebio.com\/wp-content\/uploads\/2023\/07\/EcoCert.svg\" class=\"attachment-medium size-medium\" alt=\"\" ids=\"861,868,864,863,865,862\" style=\"none\" lightbox=\"false\" col_spacing=\"xsmall\" columns=\"8\" columns__sm=\"8\" columns__md=\"8\" decoding=\"async\" loading=\"lazy\" \/>                                                              <\/div>\n              <div class=\"box-text text-left\" >\n                 <p><\/p>\n              <\/div>\n            <\/div>\n                      <\/div>\n         <\/div><div class=\"gallery-col col\" >\n          <div class=\"col-inner\">\n                        <div class=\"box has-hover gallery-box box-none\">\n              <div class=\"box-image\" >\n                <img width=\"1\" height=\"1\" src=\"https:\/\/druidebio.com\/wp-content\/uploads\/2023\/07\/Vegan.svg\" class=\"attachment-medium size-medium\" alt=\"\" ids=\"861,868,864,863,865,862\" style=\"none\" lightbox=\"false\" col_spacing=\"xsmall\" columns=\"8\" columns__sm=\"8\" columns__md=\"8\" decoding=\"async\" loading=\"lazy\" \/>                                                              <\/div>\n              <div class=\"box-text text-left\" >\n                 <p><\/p>\n              <\/div>\n            <\/div>\n                      <\/div>\n         <\/div><div class=\"gallery-col col\" >\n          <div class=\"col-inner\">\n                        <div class=\"box has-hover gallery-box box-none\">\n              <div class=\"box-image\" >\n                <img width=\"1\" height=\"1\" src=\"https:\/\/druidebio.com\/wp-content\/uploads\/2023\/07\/Not_Tested_Animals.svg\" class=\"attachment-medium size-medium\" alt=\"\" ids=\"861,868,864,863,865,862\" style=\"none\" lightbox=\"false\" col_spacing=\"xsmall\" columns=\"8\" columns__sm=\"8\" columns__md=\"8\" decoding=\"async\" loading=\"lazy\" \/>                                                              <\/div>\n              <div class=\"box-text text-left\" >\n                 <p><\/p>\n              <\/div>\n            <\/div>\n                      <\/div>\n         <\/div><div class=\"gallery-col col\" >\n          <div class=\"col-inner\">\n                        <div class=\"box has-hover gallery-box box-none\">\n              <div class=\"box-image\" >\n                <img width=\"1\" height=\"1\" src=\"https:\/\/druidebio.com\/wp-content\/uploads\/2023\/07\/NoGMO.svg\" class=\"attachment-medium size-medium\" alt=\"\" ids=\"861,868,864,863,865,862\" style=\"none\" lightbox=\"false\" col_spacing=\"xsmall\" columns=\"8\" columns__sm=\"8\" columns__md=\"8\" decoding=\"async\" loading=\"lazy\" \/>                                                              <\/div>\n              <div class=\"box-text text-left\" >\n                 <p><\/p>\n              <\/div>\n            <\/div>\n                      <\/div>\n         <\/div><div class=\"gallery-col col\" >\n          <div class=\"col-inner\">\n                        <div class=\"box has-hover gallery-box box-none\">\n              <div class=\"box-image\" >\n                <img width=\"1\" height=\"1\" src=\"https:\/\/druidebio.com\/wp-content\/uploads\/2023\/07\/Recyclable.svg\" class=\"attachment-medium size-medium\" alt=\"\" ids=\"861,868,864,863,865,862\" style=\"none\" lightbox=\"false\" col_spacing=\"xsmall\" columns=\"8\" columns__sm=\"8\" columns__md=\"8\" decoding=\"async\" loading=\"lazy\" \/>                                                              <\/div>\n              <div class=\"box-text text-left\" >\n                 <p><\/p>\n              <\/div>\n            <\/div>\n                      <\/div>\n         <\/div><div class=\"gallery-col col\" >\n          <div class=\"col-inner\">\n                        <div class=\"box has-hover gallery-box box-none\">\n              <div class=\"box-image\" >\n                <img width=\"1\" height=\"1\" src=\"https:\/\/druidebio.com\/wp-content\/uploads\/2023\/07\/Gluten_Free.svg\" class=\"attachment-medium size-medium\" alt=\"\" ids=\"861,868,864,863,865,862\" style=\"none\" lightbox=\"false\" col_spacing=\"xsmall\" columns=\"8\" columns__sm=\"8\" columns__md=\"8\" decoding=\"async\" loading=\"lazy\" \/>                                                              <\/div>\n              <div class=\"box-text text-left\" >\n                 <p><\/p>\n              <\/div>\n            <\/div>\n                      <\/div>\n         <\/div><\/div>\n\t\t<\/div>\n\t\t\t\t\t<\/div>\n\n\t<\/div>\n","protected":false},"featured_media":1638,"comment_status":"open","ping_status":"closed","template":"","meta":[],"product_brand":[],"product_cat":[99,96,116,93,94,92],"product_tag":[],"giftcard-category":[],"class_list":{"0":"post-2133","1":"product","2":"type-product","3":"status-publish","4":"has-post-thumbnail","6":"product_cat-druide-biolove-bebe","7":"product_cat-hygiene-fr","8":"product_cat-savons","9":"product_cat-soins-corps","10":"product_cat-soins-visage","11":"product_cat-soins-bebes","13":"first","14":"instock","15":"taxable","16":"shipping-taxable","17":"purchasable","18":"product-type-simple"},"yoast_head":"<!-- This site is optimized with the Yoast SEO plugin v27.1.1 - https:\/\/yoast.com\/product\/yoast-seo-wordpress\/ -->\n<title>Savon Protecteur B\u00e9b\u00e9 | Laboratoires Druide\u00ae | Bio For Life<\/title>\n<meta name=\"description\" content=\"Notre Savon Protecteur BioLove ultra-doux est id\u00e9al pour les peaux sensibles des b\u00e9b\u00e9s et jeunes enfants et sujets \u00e0 l\u2019ecz\u00e9ma. Il nettoie sans agression tout en nourrissant la peau gr\u00e2ce aux huiles v\u00e9g\u00e9tales. Apaisant, il est parfait avant le sommeil.\" \/>\n<meta name=\"robots\" content=\"index, follow, max-snippet:-1, max-image-preview:large, max-video-preview:-1\" \/>\n<link rel=\"canonical\" href=\"https:\/\/druidebio.com\/fr\/produit\/savon-protecteur-bebe\/\" \/>\n<meta property=\"og:locale\" content=\"fr_FR\" \/>\n<meta property=\"og:type\" content=\"article\" \/>\n<meta property=\"og:title\" content=\"Savon Protecteur B\u00e9b\u00e9 | Laboratoires Druide\u00ae | Bio For Life\" \/>\n<meta property=\"og:description\" content=\"Notre Savon Protecteur BioLove ultra-doux est id\u00e9al pour les peaux sensibles des b\u00e9b\u00e9s et jeunes enfants et sujets \u00e0 l\u2019ecz\u00e9ma. Il nettoie sans agression tout en nourrissant la peau gr\u00e2ce aux huiles v\u00e9g\u00e9tales. Apaisant, il est parfait avant le sommeil.\" \/>\n<meta property=\"og:url\" content=\"https:\/\/druidebio.com\/fr\/produit\/savon-protecteur-bebe\/\" \/>\n<meta property=\"og:site_name\" content=\"Laboratoires Druide\u00ae | Bio For Life\" \/>\n<meta property=\"article:publisher\" content=\"https:\/\/www.facebook.com\/infodruide\" \/>\n<meta property=\"article:modified_time\" content=\"2026-04-18T20:27:03+00:00\" \/>\n<meta property=\"og:image\" content=\"https:\/\/druidebio.com\/wp-content\/uploads\/2022\/08\/druide-biolove-face-body-care-baby-bar-soap-handmade-protective-chamomile-calendula-4-100g-3.5oz-box.jpg\" \/>\n\t<meta property=\"og:image:width\" content=\"1200\" \/>\n\t<meta property=\"og:image:height\" content=\"1200\" \/>\n\t<meta property=\"og:image:type\" content=\"image\/jpeg\" \/>\n<meta name=\"twitter:card\" content=\"summary_large_image\" \/>\n<script type=\"application\/ld+json\" class=\"yoast-schema-graph\">{\"@context\":\"https:\/\/schema.org\",\"@graph\":[{\"@type\":[\"WebPage\",\"ItemPage\"],\"@id\":\"https:\/\/druidebio.com\/fr\/produit\/savon-protecteur-bebe\/\",\"url\":\"https:\/\/druidebio.com\/fr\/produit\/savon-protecteur-bebe\/\",\"name\":\"Savon Protecteur B\u00e9b\u00e9 | Laboratoires Druide\u00ae | Bio For Life\",\"isPartOf\":{\"@id\":\"https:\/\/druidebio.com\/fr\/#website\"},\"primaryImageOfPage\":{\"@id\":\"https:\/\/druidebio.com\/fr\/produit\/savon-protecteur-bebe\/#primaryimage\"},\"image\":{\"@id\":\"https:\/\/druidebio.com\/fr\/produit\/savon-protecteur-bebe\/#primaryimage\"},\"thumbnailUrl\":\"https:\/\/druidebio.com\/wp-content\/uploads\/2022\/08\/druide-biolove-face-body-care-baby-bar-soap-handmade-protective-chamomile-calendula-4-100g-3.5oz-box.jpg\",\"datePublished\":\"2022-08-26T15:48:14+00:00\",\"dateModified\":\"2026-04-18T20:27:03+00:00\",\"description\":\"Notre Savon Protecteur BioLove ultra-doux est id\u00e9al pour les peaux sensibles des b\u00e9b\u00e9s et jeunes enfants et sujets \u00e0 l\u2019ecz\u00e9ma. Il nettoie sans agression tout en nourrissant la peau gr\u00e2ce aux huiles v\u00e9g\u00e9tales. Apaisant, il est parfait avant le sommeil.\",\"breadcrumb\":{\"@id\":\"https:\/\/druidebio.com\/fr\/produit\/savon-protecteur-bebe\/#breadcrumb\"},\"inLanguage\":\"fr-FR\",\"potentialAction\":[{\"@type\":\"ReadAction\",\"target\":[\"https:\/\/druidebio.com\/fr\/produit\/savon-protecteur-bebe\/\"]}]},{\"@type\":\"ImageObject\",\"inLanguage\":\"fr-FR\",\"@id\":\"https:\/\/druidebio.com\/fr\/produit\/savon-protecteur-bebe\/#primaryimage\",\"url\":\"https:\/\/druidebio.com\/wp-content\/uploads\/2022\/08\/druide-biolove-face-body-care-baby-bar-soap-handmade-protective-chamomile-calendula-4-100g-3.5oz-box.jpg\",\"contentUrl\":\"https:\/\/druidebio.com\/wp-content\/uploads\/2022\/08\/druide-biolove-face-body-care-baby-bar-soap-handmade-protective-chamomile-calendula-4-100g-3.5oz-box.jpg\",\"width\":1200,\"height\":1200,\"caption\":\"Savon Protecteur B\u00e9b\u00e9\"},{\"@type\":\"BreadcrumbList\",\"@id\":\"https:\/\/druidebio.com\/fr\/produit\/savon-protecteur-bebe\/#breadcrumb\",\"itemListElement\":[{\"@type\":\"ListItem\",\"position\":1,\"name\":\"Home\",\"item\":\"https:\/\/druidebio.com\/fr\/\"},{\"@type\":\"ListItem\",\"position\":2,\"name\":\"Boutique\",\"item\":\"https:\/\/druidebio.com\/fr\/boutique\/\"},{\"@type\":\"ListItem\",\"position\":3,\"name\":\"Savon Protecteur B\u00e9b\u00e9\"}]},{\"@type\":\"WebSite\",\"@id\":\"https:\/\/druidebio.com\/fr\/#website\",\"url\":\"https:\/\/druidebio.com\/fr\/\",\"name\":\"Laboratoires Druide\u00ae | Bio For Life\",\"description\":\"Natural and Organic Products. ECOCERT\u00ae Certified.\",\"publisher\":{\"@id\":\"https:\/\/druidebio.com\/fr\/#organization\"},\"alternateName\":\"Druide\",\"potentialAction\":[{\"@type\":\"SearchAction\",\"target\":{\"@type\":\"EntryPoint\",\"urlTemplate\":\"https:\/\/druidebio.com\/fr\/?s={search_term_string}\"},\"query-input\":{\"@type\":\"PropertyValueSpecification\",\"valueRequired\":true,\"valueName\":\"search_term_string\"}}],\"inLanguage\":\"fr-FR\"},{\"@type\":\"Organization\",\"@id\":\"https:\/\/druidebio.com\/fr\/#organization\",\"name\":\"Druide\",\"alternateName\":\"Laboratoires Druide\",\"url\":\"https:\/\/druidebio.com\/fr\/\",\"logo\":{\"@type\":\"ImageObject\",\"inLanguage\":\"fr-FR\",\"@id\":\"https:\/\/druidebio.com\/fr\/#\/schema\/logo\/image\/\",\"url\":\"https:\/\/druidebio.com\/wp-content\/uploads\/2022\/08\/logo-fav.png\",\"contentUrl\":\"https:\/\/druidebio.com\/wp-content\/uploads\/2022\/08\/logo-fav.png\",\"width\":512,\"height\":512,\"caption\":\"Druide\"},\"image\":{\"@id\":\"https:\/\/druidebio.com\/fr\/#\/schema\/logo\/image\/\"},\"sameAs\":[\"https:\/\/www.facebook.com\/infodruide\",\"https:\/\/www.instagram.com\/druidebio\/\",\"https:\/\/www.pinterest.ca\/DruideBioCanada\/\",\"https:\/\/www.youtube.com\/user\/DRUIDECANADA\"]}]}<\/script>\n<!-- \/ Yoast SEO plugin. -->","yoast_head_json":{"title":"Savon Protecteur B\u00e9b\u00e9 | Laboratoires Druide\u00ae | Bio For Life","description":"Notre Savon Protecteur BioLove ultra-doux est id\u00e9al pour les peaux sensibles des b\u00e9b\u00e9s et jeunes enfants et sujets \u00e0 l\u2019ecz\u00e9ma. Il nettoie sans agression tout en nourrissant la peau gr\u00e2ce aux huiles v\u00e9g\u00e9tales. Apaisant, il est parfait avant le sommeil.","robots":{"index":"index","follow":"follow","max-snippet":"max-snippet:-1","max-image-preview":"max-image-preview:large","max-video-preview":"max-video-preview:-1"},"canonical":"https:\/\/druidebio.com\/fr\/produit\/savon-protecteur-bebe\/","og_locale":"fr_FR","og_type":"article","og_title":"Savon Protecteur B\u00e9b\u00e9 | Laboratoires Druide\u00ae | Bio For Life","og_description":"Notre Savon Protecteur BioLove ultra-doux est id\u00e9al pour les peaux sensibles des b\u00e9b\u00e9s et jeunes enfants et sujets \u00e0 l\u2019ecz\u00e9ma. Il nettoie sans agression tout en nourrissant la peau gr\u00e2ce aux huiles v\u00e9g\u00e9tales. Apaisant, il est parfait avant le sommeil.","og_url":"https:\/\/druidebio.com\/fr\/produit\/savon-protecteur-bebe\/","og_site_name":"Laboratoires Druide\u00ae | Bio For Life","article_publisher":"https:\/\/www.facebook.com\/infodruide","article_modified_time":"2026-04-18T20:27:03+00:00","og_image":[{"width":1200,"height":1200,"url":"https:\/\/druidebio.com\/wp-content\/uploads\/2022\/08\/druide-biolove-face-body-care-baby-bar-soap-handmade-protective-chamomile-calendula-4-100g-3.5oz-box.jpg","type":"image\/jpeg"}],"twitter_card":"summary_large_image","schema":{"@context":"https:\/\/schema.org","@graph":[{"@type":["WebPage","ItemPage"],"@id":"https:\/\/druidebio.com\/fr\/produit\/savon-protecteur-bebe\/","url":"https:\/\/druidebio.com\/fr\/produit\/savon-protecteur-bebe\/","name":"Savon Protecteur B\u00e9b\u00e9 | Laboratoires Druide\u00ae | Bio For Life","isPartOf":{"@id":"https:\/\/druidebio.com\/fr\/#website"},"primaryImageOfPage":{"@id":"https:\/\/druidebio.com\/fr\/produit\/savon-protecteur-bebe\/#primaryimage"},"image":{"@id":"https:\/\/druidebio.com\/fr\/produit\/savon-protecteur-bebe\/#primaryimage"},"thumbnailUrl":"https:\/\/druidebio.com\/wp-content\/uploads\/2022\/08\/druide-biolove-face-body-care-baby-bar-soap-handmade-protective-chamomile-calendula-4-100g-3.5oz-box.jpg","datePublished":"2022-08-26T15:48:14+00:00","dateModified":"2026-04-18T20:27:03+00:00","description":"Notre Savon Protecteur BioLove ultra-doux est id\u00e9al pour les peaux sensibles des b\u00e9b\u00e9s et jeunes enfants et sujets \u00e0 l\u2019ecz\u00e9ma. Il nettoie sans agression tout en nourrissant la peau gr\u00e2ce aux huiles v\u00e9g\u00e9tales. Apaisant, il est parfait avant le sommeil.","breadcrumb":{"@id":"https:\/\/druidebio.com\/fr\/produit\/savon-protecteur-bebe\/#breadcrumb"},"inLanguage":"fr-FR","potentialAction":[{"@type":"ReadAction","target":["https:\/\/druidebio.com\/fr\/produit\/savon-protecteur-bebe\/"]}]},{"@type":"ImageObject","inLanguage":"fr-FR","@id":"https:\/\/druidebio.com\/fr\/produit\/savon-protecteur-bebe\/#primaryimage","url":"https:\/\/druidebio.com\/wp-content\/uploads\/2022\/08\/druide-biolove-face-body-care-baby-bar-soap-handmade-protective-chamomile-calendula-4-100g-3.5oz-box.jpg","contentUrl":"https:\/\/druidebio.com\/wp-content\/uploads\/2022\/08\/druide-biolove-face-body-care-baby-bar-soap-handmade-protective-chamomile-calendula-4-100g-3.5oz-box.jpg","width":1200,"height":1200,"caption":"Savon Protecteur B\u00e9b\u00e9"},{"@type":"BreadcrumbList","@id":"https:\/\/druidebio.com\/fr\/produit\/savon-protecteur-bebe\/#breadcrumb","itemListElement":[{"@type":"ListItem","position":1,"name":"Home","item":"https:\/\/druidebio.com\/fr\/"},{"@type":"ListItem","position":2,"name":"Boutique","item":"https:\/\/druidebio.com\/fr\/boutique\/"},{"@type":"ListItem","position":3,"name":"Savon Protecteur B\u00e9b\u00e9"}]},{"@type":"WebSite","@id":"https:\/\/druidebio.com\/fr\/#website","url":"https:\/\/druidebio.com\/fr\/","name":"Laboratoires Druide\u00ae | Bio For Life","description":"Natural and Organic Products. ECOCERT\u00ae Certified.","publisher":{"@id":"https:\/\/druidebio.com\/fr\/#organization"},"alternateName":"Druide","potentialAction":[{"@type":"SearchAction","target":{"@type":"EntryPoint","urlTemplate":"https:\/\/druidebio.com\/fr\/?s={search_term_string}"},"query-input":{"@type":"PropertyValueSpecification","valueRequired":true,"valueName":"search_term_string"}}],"inLanguage":"fr-FR"},{"@type":"Organization","@id":"https:\/\/druidebio.com\/fr\/#organization","name":"Druide","alternateName":"Laboratoires Druide","url":"https:\/\/druidebio.com\/fr\/","logo":{"@type":"ImageObject","inLanguage":"fr-FR","@id":"https:\/\/druidebio.com\/fr\/#\/schema\/logo\/image\/","url":"https:\/\/druidebio.com\/wp-content\/uploads\/2022\/08\/logo-fav.png","contentUrl":"https:\/\/druidebio.com\/wp-content\/uploads\/2022\/08\/logo-fav.png","width":512,"height":512,"caption":"Druide"},"image":{"@id":"https:\/\/druidebio.com\/fr\/#\/schema\/logo\/image\/"},"sameAs":["https:\/\/www.facebook.com\/infodruide","https:\/\/www.instagram.com\/druidebio\/","https:\/\/www.pinterest.ca\/DruideBioCanada\/","https:\/\/www.youtube.com\/user\/DRUIDECANADA"]}]}},"_links":{"self":[{"href":"https:\/\/druidebio.com\/fr\/wp-json\/wp\/v2\/product\/2133","targetHints":{"allow":["GET"]}}],"collection":[{"href":"https:\/\/druidebio.com\/fr\/wp-json\/wp\/v2\/product"}],"about":[{"href":"https:\/\/druidebio.com\/fr\/wp-json\/wp\/v2\/types\/product"}],"replies":[{"embeddable":true,"href":"https:\/\/druidebio.com\/fr\/wp-json\/wp\/v2\/comments?post=2133"}],"wp:featuredmedia":[{"embeddable":true,"href":"https:\/\/druidebio.com\/fr\/wp-json\/wp\/v2\/media\/1638"}],"wp:attachment":[{"href":"https:\/\/druidebio.com\/fr\/wp-json\/wp\/v2\/media?parent=2133"}],"wp:term":[{"taxonomy":"product_brand","embeddable":true,"href":"https:\/\/druidebio.com\/fr\/wp-json\/wp\/v2\/product_brand?post=2133"},{"taxonomy":"product_cat","embeddable":true,"href":"https:\/\/druidebio.com\/fr\/wp-json\/wp\/v2\/product_cat?post=2133"},{"taxonomy":"product_tag","embeddable":true,"href":"https:\/\/druidebio.com\/fr\/wp-json\/wp\/v2\/product_tag?post=2133"},{"taxonomy":"giftcard-category","embeddable":true,"href":"https:\/\/druidebio.com\/fr\/wp-json\/wp\/v2\/giftcard-category?post=2133"}],"curies":[{"name":"wp","href":"https:\/\/api.w.org\/{rel}","templated":true}]}}