{"id":2129,"date":"2022-08-26T11:48:21","date_gmt":"2022-08-26T15:48:21","guid":{"rendered":"https:\/\/druide.wpengine.com\/product\/so-soft-baby-body-milk\/"},"modified":"2026-03-29T23:36:10","modified_gmt":"2026-03-30T03:36:10","slug":"lait-corps-calin-pour-bebe","status":"publish","type":"product","link":"https:\/\/druidebio.com\/fr\/produit\/lait-corps-calin-pour-bebe\/","title":{"rendered":"Lait Corps C\u00e2lin Pour B\u00e9b\u00e9"},"content":{"rendered":"<h2>Douceur et protection avec le lait corps c\u00e2lin pour b\u00e9b\u00e9<\/h2>\n<p>D\u00e9couvrez notre Lait corps C\u00e2lin BioLove pour b\u00e9b\u00e9, une formule bio con\u00e7ue sp\u00e9cialement pour les peaux sensibles, r\u00e9actives et intol\u00e9rantes des tout-petits. Enrichi de gel d&rsquo;alo\u00e9 vera, reconnu pour ses propri\u00e9t\u00e9s hydratantes et r\u00e9g\u00e9n\u00e9ratrices, et d&rsquo;extrait de guimauve, pris\u00e9 pour ses vertus apaisantes, ce lait offre une hydratation intense et apaise les irritations et les rougeurs. Ces ingr\u00e9dients naturels travaillent en harmonie pour revitaliser la peau tout en offrant une barri\u00e8re protectrice. Sa richesse d\u2019actifs hydratants pr\u00e9vient le dess\u00e8chement et maintient l&rsquo;\u00e9quilibre du microbiote, garantissant ainsi une peau douce, souple et prot\u00e9g\u00e9e.<\/p>\n<p>Ces ingr\u00e9dients naturels, s\u00e9lectionn\u00e9s pour leur efficacit\u00e9 et leur douceur, s&rsquo;associent pour offrir une exp\u00e9rience de soin unique. Leur action conjugu\u00e9e revitalise la peau, renforce sa r\u00e9sistance aux agressions ext\u00e9rieures et constitue une barri\u00e8re protectrice. Ainsi, le lait aide non seulement \u00e0 hydrater en profondeur, mais aussi \u00e0 pr\u00e9server l&rsquo;\u00e9quilibre naturel de la peau, notamment le microbiote, cette communaut\u00e9 de micro-organismes b\u00e9n\u00e9fiques. Gr\u00e2ce \u00e0 cette attention port\u00e9e \u00e0 la composition, la peau de votre enfant reste douce, souple et surtout bien prot\u00e9g\u00e9e.<\/p>\n<p>Ce lait est certifi\u00e9 biologique par \u00c9cocert, 100 % v\u00e9g\u00e9tal (Vegan) et biod\u00e9gradable. Vous pouvez l&rsquo;utiliser en toute confiance, car il est d\u00e9pourvu de parfum, d&rsquo;alcool, de silicone, de parab\u00e8ne, de PEG, de gluten, d&rsquo;OGM, de perturbateurs endocriniens, de goudron et de quaternium. De plus, nous avons choisi de ne pas utiliser de colorants pour pr\u00e9venir les irritations cutan\u00e9es et limiter tout risque de r\u00e9action allergique. Nous tenons \u00e0 respecter l&rsquo;\u00e9thique animale, c&rsquo;est pourquoi nos produits ne sont pas test\u00e9s sur les animaux.<\/p>\n","protected":false},"excerpt":{"rendered":"<p>Notre Lait corps C\u00e2lin BioLove pour b\u00e9b\u00e9 est id\u00e9al pour les peaux sensibles des tout-petits. Il hydrate profond\u00e9ment, apaise les rougeurs et cr\u00e9e une barri\u00e8re protectrice, garantissant confort et douceur \u00e0 la peau.<\/p>\n<ul>\n<li class=\"bullet-arrow\"><strong>Texture <\/strong>: Lait l\u00e9ger et nourrissant<\/li>\n<li class=\"bullet-arrow\"><strong>Odeur <\/strong>: Camomille, Orange, Anis<\/li>\n<li class=\"bullet-arrow\"><strong>Format<\/strong>: 175 ml \u2013 5.91 US Fl.oz.<\/li>\n<\/ul>\n<div class=\"row row-full-width align-equal\"  id=\"row-381523906\">\n\t<div id=\"col-1172949845\" class=\"col small-12 large-12\"  >\n\t\t\t\t<div class=\"col-inner\"  >\n\t\t\t\n\t\t\t\n\n  \n    <div class=\"row large-columns-8 medium-columns-8 small-columns-8 row-xsmall\" >\n  <div class=\"gallery-col col\" >\n          <div class=\"col-inner\">\n                        <div class=\"box has-hover gallery-box box-none\">\n              <div class=\"box-image\" >\n                <img width=\"1\" height=\"1\" src=\"https:\/\/druidebio.com\/wp-content\/uploads\/2023\/07\/EcoCert.svg\" class=\"attachment-medium size-medium\" alt=\"\" ids=\"861,868,864,863,865,862\" style=\"none\" lightbox=\"false\" col_spacing=\"xsmall\" columns=\"8\" columns__sm=\"8\" columns__md=\"8\" decoding=\"async\" loading=\"lazy\" \/>                                                              <\/div>\n              <div class=\"box-text text-left\" >\n                 <p><\/p>\n              <\/div>\n            <\/div>\n                      <\/div>\n         <\/div><div class=\"gallery-col col\" >\n          <div class=\"col-inner\">\n                        <div class=\"box has-hover gallery-box box-none\">\n              <div class=\"box-image\" >\n                <img width=\"1\" height=\"1\" src=\"https:\/\/druidebio.com\/wp-content\/uploads\/2023\/07\/Vegan.svg\" class=\"attachment-medium size-medium\" alt=\"\" ids=\"861,868,864,863,865,862\" style=\"none\" lightbox=\"false\" col_spacing=\"xsmall\" columns=\"8\" columns__sm=\"8\" columns__md=\"8\" decoding=\"async\" loading=\"lazy\" \/>                                                              <\/div>\n              <div class=\"box-text text-left\" >\n                 <p><\/p>\n              <\/div>\n            <\/div>\n                      <\/div>\n         <\/div><div class=\"gallery-col col\" >\n          <div class=\"col-inner\">\n                        <div class=\"box has-hover gallery-box box-none\">\n              <div class=\"box-image\" >\n                <img width=\"1\" height=\"1\" src=\"https:\/\/druidebio.com\/wp-content\/uploads\/2023\/07\/Not_Tested_Animals.svg\" class=\"attachment-medium size-medium\" alt=\"\" ids=\"861,868,864,863,865,862\" style=\"none\" lightbox=\"false\" col_spacing=\"xsmall\" columns=\"8\" columns__sm=\"8\" columns__md=\"8\" decoding=\"async\" loading=\"lazy\" \/>                                                              <\/div>\n              <div class=\"box-text text-left\" >\n                 <p><\/p>\n              <\/div>\n            <\/div>\n                      <\/div>\n         <\/div><div class=\"gallery-col col\" >\n          <div class=\"col-inner\">\n                        <div class=\"box has-hover gallery-box box-none\">\n              <div class=\"box-image\" >\n                <img width=\"1\" height=\"1\" src=\"https:\/\/druidebio.com\/wp-content\/uploads\/2023\/07\/NoGMO.svg\" class=\"attachment-medium size-medium\" alt=\"\" ids=\"861,868,864,863,865,862\" style=\"none\" lightbox=\"false\" col_spacing=\"xsmall\" columns=\"8\" columns__sm=\"8\" columns__md=\"8\" decoding=\"async\" loading=\"lazy\" \/>                                                              <\/div>\n              <div class=\"box-text text-left\" >\n                 <p><\/p>\n              <\/div>\n            <\/div>\n                      <\/div>\n         <\/div><div class=\"gallery-col col\" >\n          <div class=\"col-inner\">\n                        <div class=\"box has-hover gallery-box box-none\">\n              <div class=\"box-image\" >\n                <img width=\"1\" height=\"1\" src=\"https:\/\/druidebio.com\/wp-content\/uploads\/2023\/07\/Recyclable.svg\" class=\"attachment-medium size-medium\" alt=\"\" ids=\"861,868,864,863,865,862\" style=\"none\" lightbox=\"false\" col_spacing=\"xsmall\" columns=\"8\" columns__sm=\"8\" columns__md=\"8\" decoding=\"async\" loading=\"lazy\" \/>                                                              <\/div>\n              <div class=\"box-text text-left\" >\n                 <p><\/p>\n              <\/div>\n            <\/div>\n                      <\/div>\n         <\/div><div class=\"gallery-col col\" >\n          <div class=\"col-inner\">\n                        <div class=\"box has-hover gallery-box box-none\">\n              <div class=\"box-image\" >\n                <img width=\"1\" height=\"1\" src=\"https:\/\/druidebio.com\/wp-content\/uploads\/2023\/07\/Gluten_Free.svg\" class=\"attachment-medium size-medium\" alt=\"\" ids=\"861,868,864,863,865,862\" style=\"none\" lightbox=\"false\" col_spacing=\"xsmall\" columns=\"8\" columns__sm=\"8\" columns__md=\"8\" decoding=\"async\" loading=\"lazy\" \/>                                                              <\/div>\n              <div class=\"box-text text-left\" >\n                 <p><\/p>\n              <\/div>\n            <\/div>\n                      <\/div>\n         <\/div><\/div>\n\t\t<\/div>\n\t\t\t\t\t<\/div>\n\n\t<\/div>\n","protected":false},"featured_media":1641,"comment_status":"open","ping_status":"closed","template":"","meta":[],"product_brand":[],"product_cat":[99,108,93,92],"product_tag":[],"giftcard-category":[],"class_list":{"0":"post-2129","1":"product","2":"type-product","3":"status-publish","4":"has-post-thumbnail","6":"product_cat-druide-biolove-bebe","7":"product_cat-lotions-corps","8":"product_cat-soins-corps","9":"product_cat-soins-bebes","11":"first","12":"instock","13":"taxable","14":"shipping-taxable","15":"purchasable","16":"product-type-simple"},"yoast_head":"<!-- This site is optimized with the Yoast SEO plugin v27.1.1 - https:\/\/yoast.com\/product\/yoast-seo-wordpress\/ -->\n<title>Lait Corps C\u00e2lin Pour B\u00e9b\u00e9 | Laboratoires Druide\u00ae | Bio For Life<\/title>\n<meta name=\"description\" content=\"Notre Lait corps C\u00e2lin BioLove pour b\u00e9b\u00e9 est id\u00e9al pour les peaux sensibles des tout-petits. Il hydrate profond\u00e9ment, apaise les rougeurs et cr\u00e9e une barri\u00e8re protectrice, garantissant confort et douceur \u00e0 la peau.\" \/>\n<meta name=\"robots\" content=\"index, follow, max-snippet:-1, max-image-preview:large, max-video-preview:-1\" \/>\n<link rel=\"canonical\" href=\"https:\/\/druidebio.com\/fr\/produit\/lait-corps-calin-pour-bebe\/\" \/>\n<meta property=\"og:locale\" content=\"fr_FR\" \/>\n<meta property=\"og:type\" content=\"article\" \/>\n<meta property=\"og:title\" content=\"Lait Corps C\u00e2lin Pour B\u00e9b\u00e9 | Laboratoires Druide\u00ae | Bio For Life\" \/>\n<meta property=\"og:description\" content=\"Notre Lait corps C\u00e2lin BioLove pour b\u00e9b\u00e9 est id\u00e9al pour les peaux sensibles des tout-petits. Il hydrate profond\u00e9ment, apaise les rougeurs et cr\u00e9e une barri\u00e8re protectrice, garantissant confort et douceur \u00e0 la peau.\" \/>\n<meta property=\"og:url\" content=\"https:\/\/druidebio.com\/fr\/produit\/lait-corps-calin-pour-bebe\/\" \/>\n<meta property=\"og:site_name\" content=\"Laboratoires Druide\u00ae | Bio For Life\" \/>\n<meta property=\"article:publisher\" content=\"https:\/\/www.facebook.com\/infodruide\" \/>\n<meta property=\"article:modified_time\" content=\"2026-03-30T03:36:10+00:00\" \/>\n<meta property=\"og:image\" content=\"https:\/\/druidebio.com\/wp-content\/uploads\/2022\/08\/druide-biolove-baby-body-care-milk-so-soft-chamomile-175ml-5.91oz-bottle.jpg\" \/>\n\t<meta property=\"og:image:width\" content=\"1200\" \/>\n\t<meta property=\"og:image:height\" content=\"1200\" \/>\n\t<meta property=\"og:image:type\" content=\"image\/jpeg\" \/>\n<meta name=\"twitter:card\" content=\"summary_large_image\" \/>\n<script type=\"application\/ld+json\" class=\"yoast-schema-graph\">{\"@context\":\"https:\/\/schema.org\",\"@graph\":[{\"@type\":[\"WebPage\",\"ItemPage\"],\"@id\":\"https:\/\/druidebio.com\/fr\/produit\/lait-corps-calin-pour-bebe\/\",\"url\":\"https:\/\/druidebio.com\/fr\/produit\/lait-corps-calin-pour-bebe\/\",\"name\":\"Lait Corps C\u00e2lin Pour B\u00e9b\u00e9 | Laboratoires Druide\u00ae | Bio For Life\",\"isPartOf\":{\"@id\":\"https:\/\/druidebio.com\/fr\/#website\"},\"primaryImageOfPage\":{\"@id\":\"https:\/\/druidebio.com\/fr\/produit\/lait-corps-calin-pour-bebe\/#primaryimage\"},\"image\":{\"@id\":\"https:\/\/druidebio.com\/fr\/produit\/lait-corps-calin-pour-bebe\/#primaryimage\"},\"thumbnailUrl\":\"https:\/\/druidebio.com\/wp-content\/uploads\/2022\/08\/druide-biolove-baby-body-care-milk-so-soft-chamomile-175ml-5.91oz-bottle.jpg\",\"datePublished\":\"2022-08-26T15:48:21+00:00\",\"dateModified\":\"2026-03-30T03:36:10+00:00\",\"description\":\"Notre Lait corps C\u00e2lin BioLove pour b\u00e9b\u00e9 est id\u00e9al pour les peaux sensibles des tout-petits. Il hydrate profond\u00e9ment, apaise les rougeurs et cr\u00e9e une barri\u00e8re protectrice, garantissant confort et douceur \u00e0 la peau.\",\"breadcrumb\":{\"@id\":\"https:\/\/druidebio.com\/fr\/produit\/lait-corps-calin-pour-bebe\/#breadcrumb\"},\"inLanguage\":\"fr-FR\",\"potentialAction\":[{\"@type\":\"ReadAction\",\"target\":[\"https:\/\/druidebio.com\/fr\/produit\/lait-corps-calin-pour-bebe\/\"]}]},{\"@type\":\"ImageObject\",\"inLanguage\":\"fr-FR\",\"@id\":\"https:\/\/druidebio.com\/fr\/produit\/lait-corps-calin-pour-bebe\/#primaryimage\",\"url\":\"https:\/\/druidebio.com\/wp-content\/uploads\/2022\/08\/druide-biolove-baby-body-care-milk-so-soft-chamomile-175ml-5.91oz-bottle.jpg\",\"contentUrl\":\"https:\/\/druidebio.com\/wp-content\/uploads\/2022\/08\/druide-biolove-baby-body-care-milk-so-soft-chamomile-175ml-5.91oz-bottle.jpg\",\"width\":1200,\"height\":1200,\"caption\":\"Lait Corps C\u00e2lin Pour B\u00e9b\u00e9\"},{\"@type\":\"BreadcrumbList\",\"@id\":\"https:\/\/druidebio.com\/fr\/produit\/lait-corps-calin-pour-bebe\/#breadcrumb\",\"itemListElement\":[{\"@type\":\"ListItem\",\"position\":1,\"name\":\"Home\",\"item\":\"https:\/\/druidebio.com\/fr\/\"},{\"@type\":\"ListItem\",\"position\":2,\"name\":\"Boutique\",\"item\":\"https:\/\/druidebio.com\/fr\/boutique\/\"},{\"@type\":\"ListItem\",\"position\":3,\"name\":\"Lait Corps C\u00e2lin Pour B\u00e9b\u00e9\"}]},{\"@type\":\"WebSite\",\"@id\":\"https:\/\/druidebio.com\/fr\/#website\",\"url\":\"https:\/\/druidebio.com\/fr\/\",\"name\":\"Laboratoires Druide\u00ae | Bio For Life\",\"description\":\"Natural and Organic Products. ECOCERT\u00ae Certified.\",\"publisher\":{\"@id\":\"https:\/\/druidebio.com\/fr\/#organization\"},\"alternateName\":\"Druide\",\"potentialAction\":[{\"@type\":\"SearchAction\",\"target\":{\"@type\":\"EntryPoint\",\"urlTemplate\":\"https:\/\/druidebio.com\/fr\/?s={search_term_string}\"},\"query-input\":{\"@type\":\"PropertyValueSpecification\",\"valueRequired\":true,\"valueName\":\"search_term_string\"}}],\"inLanguage\":\"fr-FR\"},{\"@type\":\"Organization\",\"@id\":\"https:\/\/druidebio.com\/fr\/#organization\",\"name\":\"Druide\",\"alternateName\":\"Laboratoires Druide\",\"url\":\"https:\/\/druidebio.com\/fr\/\",\"logo\":{\"@type\":\"ImageObject\",\"inLanguage\":\"fr-FR\",\"@id\":\"https:\/\/druidebio.com\/fr\/#\/schema\/logo\/image\/\",\"url\":\"https:\/\/druidebio.com\/wp-content\/uploads\/2022\/08\/logo-fav.png\",\"contentUrl\":\"https:\/\/druidebio.com\/wp-content\/uploads\/2022\/08\/logo-fav.png\",\"width\":512,\"height\":512,\"caption\":\"Druide\"},\"image\":{\"@id\":\"https:\/\/druidebio.com\/fr\/#\/schema\/logo\/image\/\"},\"sameAs\":[\"https:\/\/www.facebook.com\/infodruide\",\"https:\/\/www.instagram.com\/druidebio\/\",\"https:\/\/www.pinterest.ca\/DruideBioCanada\/\",\"https:\/\/www.youtube.com\/user\/DRUIDECANADA\"]}]}<\/script>\n<!-- \/ Yoast SEO plugin. -->","yoast_head_json":{"title":"Lait Corps C\u00e2lin Pour B\u00e9b\u00e9 | Laboratoires Druide\u00ae | Bio For Life","description":"Notre Lait corps C\u00e2lin BioLove pour b\u00e9b\u00e9 est id\u00e9al pour les peaux sensibles des tout-petits. Il hydrate profond\u00e9ment, apaise les rougeurs et cr\u00e9e une barri\u00e8re protectrice, garantissant confort et douceur \u00e0 la peau.","robots":{"index":"index","follow":"follow","max-snippet":"max-snippet:-1","max-image-preview":"max-image-preview:large","max-video-preview":"max-video-preview:-1"},"canonical":"https:\/\/druidebio.com\/fr\/produit\/lait-corps-calin-pour-bebe\/","og_locale":"fr_FR","og_type":"article","og_title":"Lait Corps C\u00e2lin Pour B\u00e9b\u00e9 | Laboratoires Druide\u00ae | Bio For Life","og_description":"Notre Lait corps C\u00e2lin BioLove pour b\u00e9b\u00e9 est id\u00e9al pour les peaux sensibles des tout-petits. Il hydrate profond\u00e9ment, apaise les rougeurs et cr\u00e9e une barri\u00e8re protectrice, garantissant confort et douceur \u00e0 la peau.","og_url":"https:\/\/druidebio.com\/fr\/produit\/lait-corps-calin-pour-bebe\/","og_site_name":"Laboratoires Druide\u00ae | Bio For Life","article_publisher":"https:\/\/www.facebook.com\/infodruide","article_modified_time":"2026-03-30T03:36:10+00:00","og_image":[{"width":1200,"height":1200,"url":"https:\/\/druidebio.com\/wp-content\/uploads\/2022\/08\/druide-biolove-baby-body-care-milk-so-soft-chamomile-175ml-5.91oz-bottle.jpg","type":"image\/jpeg"}],"twitter_card":"summary_large_image","schema":{"@context":"https:\/\/schema.org","@graph":[{"@type":["WebPage","ItemPage"],"@id":"https:\/\/druidebio.com\/fr\/produit\/lait-corps-calin-pour-bebe\/","url":"https:\/\/druidebio.com\/fr\/produit\/lait-corps-calin-pour-bebe\/","name":"Lait Corps C\u00e2lin Pour B\u00e9b\u00e9 | Laboratoires Druide\u00ae | Bio For Life","isPartOf":{"@id":"https:\/\/druidebio.com\/fr\/#website"},"primaryImageOfPage":{"@id":"https:\/\/druidebio.com\/fr\/produit\/lait-corps-calin-pour-bebe\/#primaryimage"},"image":{"@id":"https:\/\/druidebio.com\/fr\/produit\/lait-corps-calin-pour-bebe\/#primaryimage"},"thumbnailUrl":"https:\/\/druidebio.com\/wp-content\/uploads\/2022\/08\/druide-biolove-baby-body-care-milk-so-soft-chamomile-175ml-5.91oz-bottle.jpg","datePublished":"2022-08-26T15:48:21+00:00","dateModified":"2026-03-30T03:36:10+00:00","description":"Notre Lait corps C\u00e2lin BioLove pour b\u00e9b\u00e9 est id\u00e9al pour les peaux sensibles des tout-petits. Il hydrate profond\u00e9ment, apaise les rougeurs et cr\u00e9e une barri\u00e8re protectrice, garantissant confort et douceur \u00e0 la peau.","breadcrumb":{"@id":"https:\/\/druidebio.com\/fr\/produit\/lait-corps-calin-pour-bebe\/#breadcrumb"},"inLanguage":"fr-FR","potentialAction":[{"@type":"ReadAction","target":["https:\/\/druidebio.com\/fr\/produit\/lait-corps-calin-pour-bebe\/"]}]},{"@type":"ImageObject","inLanguage":"fr-FR","@id":"https:\/\/druidebio.com\/fr\/produit\/lait-corps-calin-pour-bebe\/#primaryimage","url":"https:\/\/druidebio.com\/wp-content\/uploads\/2022\/08\/druide-biolove-baby-body-care-milk-so-soft-chamomile-175ml-5.91oz-bottle.jpg","contentUrl":"https:\/\/druidebio.com\/wp-content\/uploads\/2022\/08\/druide-biolove-baby-body-care-milk-so-soft-chamomile-175ml-5.91oz-bottle.jpg","width":1200,"height":1200,"caption":"Lait Corps C\u00e2lin Pour B\u00e9b\u00e9"},{"@type":"BreadcrumbList","@id":"https:\/\/druidebio.com\/fr\/produit\/lait-corps-calin-pour-bebe\/#breadcrumb","itemListElement":[{"@type":"ListItem","position":1,"name":"Home","item":"https:\/\/druidebio.com\/fr\/"},{"@type":"ListItem","position":2,"name":"Boutique","item":"https:\/\/druidebio.com\/fr\/boutique\/"},{"@type":"ListItem","position":3,"name":"Lait Corps C\u00e2lin Pour B\u00e9b\u00e9"}]},{"@type":"WebSite","@id":"https:\/\/druidebio.com\/fr\/#website","url":"https:\/\/druidebio.com\/fr\/","name":"Laboratoires Druide\u00ae | Bio For Life","description":"Natural and Organic Products. ECOCERT\u00ae Certified.","publisher":{"@id":"https:\/\/druidebio.com\/fr\/#organization"},"alternateName":"Druide","potentialAction":[{"@type":"SearchAction","target":{"@type":"EntryPoint","urlTemplate":"https:\/\/druidebio.com\/fr\/?s={search_term_string}"},"query-input":{"@type":"PropertyValueSpecification","valueRequired":true,"valueName":"search_term_string"}}],"inLanguage":"fr-FR"},{"@type":"Organization","@id":"https:\/\/druidebio.com\/fr\/#organization","name":"Druide","alternateName":"Laboratoires Druide","url":"https:\/\/druidebio.com\/fr\/","logo":{"@type":"ImageObject","inLanguage":"fr-FR","@id":"https:\/\/druidebio.com\/fr\/#\/schema\/logo\/image\/","url":"https:\/\/druidebio.com\/wp-content\/uploads\/2022\/08\/logo-fav.png","contentUrl":"https:\/\/druidebio.com\/wp-content\/uploads\/2022\/08\/logo-fav.png","width":512,"height":512,"caption":"Druide"},"image":{"@id":"https:\/\/druidebio.com\/fr\/#\/schema\/logo\/image\/"},"sameAs":["https:\/\/www.facebook.com\/infodruide","https:\/\/www.instagram.com\/druidebio\/","https:\/\/www.pinterest.ca\/DruideBioCanada\/","https:\/\/www.youtube.com\/user\/DRUIDECANADA"]}]}},"_links":{"self":[{"href":"https:\/\/druidebio.com\/fr\/wp-json\/wp\/v2\/product\/2129","targetHints":{"allow":["GET"]}}],"collection":[{"href":"https:\/\/druidebio.com\/fr\/wp-json\/wp\/v2\/product"}],"about":[{"href":"https:\/\/druidebio.com\/fr\/wp-json\/wp\/v2\/types\/product"}],"replies":[{"embeddable":true,"href":"https:\/\/druidebio.com\/fr\/wp-json\/wp\/v2\/comments?post=2129"}],"wp:featuredmedia":[{"embeddable":true,"href":"https:\/\/druidebio.com\/fr\/wp-json\/wp\/v2\/media\/1641"}],"wp:attachment":[{"href":"https:\/\/druidebio.com\/fr\/wp-json\/wp\/v2\/media?parent=2129"}],"wp:term":[{"taxonomy":"product_brand","embeddable":true,"href":"https:\/\/druidebio.com\/fr\/wp-json\/wp\/v2\/product_brand?post=2129"},{"taxonomy":"product_cat","embeddable":true,"href":"https:\/\/druidebio.com\/fr\/wp-json\/wp\/v2\/product_cat?post=2129"},{"taxonomy":"product_tag","embeddable":true,"href":"https:\/\/druidebio.com\/fr\/wp-json\/wp\/v2\/product_tag?post=2129"},{"taxonomy":"giftcard-category","embeddable":true,"href":"https:\/\/druidebio.com\/fr\/wp-json\/wp\/v2\/giftcard-category?post=2129"}],"curies":[{"name":"wp","href":"https:\/\/api.w.org\/{rel}","templated":true}]}}