{"id":2127,"date":"2022-08-26T11:48:21","date_gmt":"2022-08-26T15:48:21","guid":{"rendered":"https:\/\/druide.wpengine.com\/product\/baby-massage-oil\/"},"modified":"2026-03-26T20:52:59","modified_gmt":"2026-03-27T00:52:59","slug":"huile-de-massage-pour-bebe","status":"publish","type":"product","link":"https:\/\/druidebio.com\/fr\/produit\/huile-de-massage-pour-bebe\/","title":{"rendered":"Huile de Massage Pour B\u00e9b\u00e9"},"content":{"rendered":"<h2>Le plaisir de masser b\u00e9b\u00e9 avec un soin doux et vertueux.<\/h2>\n<p>D\u00e9couvrez notre Huile de Massage BioLove sp\u00e9cialement formul\u00e9e pour r\u00e9pondre aux besoins des b\u00e9b\u00e9s et jeunes enfants ayant une peau particuli\u00e8rement sensible, r\u00e9active et intol\u00e9rante.<\/p>\n<p>Notre huile est dot\u00e9e d&rsquo;une composition riche en actifs apaisants, garantissant une hydratation en profondeur et un bien-\u00eatre imm\u00e9diat pour l&rsquo;esprit et les sens des petits.<\/p>\n<p>Sa formule unique, fond\u00e9e sur une association d&rsquo;huiles v\u00e9g\u00e9tales soigneusement s\u00e9lectionn\u00e9es, contribue non seulement \u00e0 augmenter l&rsquo;\u00e9lasticit\u00e9 de la peau, mais aussi \u00e0 lui conf\u00e9rer une douceur incomparable. Notre huile de massage apporte un soulagement pour les \u00e9pidermes les plus fragiles, tout en renfor\u00e7ant le film hydrolipidique naturel de la peau. Cette barri\u00e8re naturelle devient alors un rempart efficace contre les diverses agressions ext\u00e9rieures auxquelles nos enfants sont expos\u00e9s quotidiennement.<\/p>\n<p>Mais ce n&rsquo;est pas tout, car en utilisant r\u00e9guli\u00e8rement notre huile de massage, vous contribuerez \u00e0 pr\u00e9server et \u00e0 soutenir l&rsquo;\u00e9quilibre du microbiote cutan\u00e9 de votre enfant. Ceci est d&rsquo;une importance capitale car un microbiote sain limite le d\u00e9veloppement d&rsquo;affections cutan\u00e9es couramment observ\u00e9es chez les b\u00e9b\u00e9s et les jeunes enfants.<\/p>\n<p>Notre huile de massage est certifi\u00e9e biologique par \u00c9cocert. Sa formule 100 % naturelle est respectueuse de l&rsquo;environnement, biod\u00e9gradable, et exempte d&rsquo;additifs nocifs tels que silicones, parab\u00e8nes et OGM. Non test\u00e9e sur les animaux, elle refl\u00e8te notre engagement constant envers la protection et le bien-\u00eatre animal.<\/p>\n","protected":false},"excerpt":{"rendered":"<p>Con\u00e7ue pour la peau d\u00e9licate des b\u00e9b\u00e9s et jeunes enfants, notre Huile de Massage BioLove hydrate en profondeur, apaise l&rsquo;esprit et prot\u00e8ge la peau.<\/p>\n<ul>\n<li class=\"bullet-arrow\"><strong>Texture <\/strong>: Huile l\u00e9g\u00e8re et nourrissante<\/li>\n<li class=\"bullet-arrow\"><strong>Odeur <\/strong>: Camomille, Lavande, G\u00e9ranium<\/li>\n<li class=\"bullet-arrow\"><strong>Format <\/strong>: 60 ml \u2013 2.02 US Fl.oz.<\/li>\n<\/ul>\n<div class=\"row row-full-width align-equal\"  id=\"row-669981730\">\n\t<div id=\"col-311235453\" class=\"col small-12 large-12\"  >\n\t\t\t\t<div class=\"col-inner\"  >\n\t\t\t\n\t\t\t\n\n  \n    <div class=\"row large-columns-8 medium-columns-8 small-columns-8 row-xsmall\" >\n  <div class=\"gallery-col col\" >\n          <div class=\"col-inner\">\n                        <div class=\"box has-hover gallery-box box-none\">\n              <div class=\"box-image\" >\n                <img width=\"1\" height=\"1\" src=\"https:\/\/druidebio.com\/wp-content\/uploads\/2023\/07\/EcoCert.svg\" class=\"attachment-medium size-medium\" alt=\"\" ids=\"861,868,864,863,865,862\" style=\"none\" lightbox=\"false\" col_spacing=\"xsmall\" columns=\"8\" columns__sm=\"8\" columns__md=\"8\" decoding=\"async\" loading=\"lazy\" \/>                                                              <\/div>\n              <div class=\"box-text text-left\" >\n                 <p><\/p>\n              <\/div>\n            <\/div>\n                      <\/div>\n         <\/div><div class=\"gallery-col col\" >\n          <div class=\"col-inner\">\n                        <div class=\"box has-hover gallery-box box-none\">\n              <div class=\"box-image\" >\n                <img width=\"1\" height=\"1\" src=\"https:\/\/druidebio.com\/wp-content\/uploads\/2023\/07\/Vegan.svg\" class=\"attachment-medium size-medium\" alt=\"\" ids=\"861,868,864,863,865,862\" style=\"none\" lightbox=\"false\" col_spacing=\"xsmall\" columns=\"8\" columns__sm=\"8\" columns__md=\"8\" decoding=\"async\" loading=\"lazy\" \/>                                                              <\/div>\n              <div class=\"box-text text-left\" >\n                 <p><\/p>\n              <\/div>\n            <\/div>\n                      <\/div>\n         <\/div><div class=\"gallery-col col\" >\n          <div class=\"col-inner\">\n                        <div class=\"box has-hover gallery-box box-none\">\n              <div class=\"box-image\" >\n                <img width=\"1\" height=\"1\" src=\"https:\/\/druidebio.com\/wp-content\/uploads\/2023\/07\/Not_Tested_Animals.svg\" class=\"attachment-medium size-medium\" alt=\"\" ids=\"861,868,864,863,865,862\" style=\"none\" lightbox=\"false\" col_spacing=\"xsmall\" columns=\"8\" columns__sm=\"8\" columns__md=\"8\" decoding=\"async\" loading=\"lazy\" \/>                                                              <\/div>\n              <div class=\"box-text text-left\" >\n                 <p><\/p>\n              <\/div>\n            <\/div>\n                      <\/div>\n         <\/div><div class=\"gallery-col col\" >\n          <div class=\"col-inner\">\n                        <div class=\"box has-hover gallery-box box-none\">\n              <div class=\"box-image\" >\n                <img width=\"1\" height=\"1\" src=\"https:\/\/druidebio.com\/wp-content\/uploads\/2023\/07\/NoGMO.svg\" class=\"attachment-medium size-medium\" alt=\"\" ids=\"861,868,864,863,865,862\" style=\"none\" lightbox=\"false\" col_spacing=\"xsmall\" columns=\"8\" columns__sm=\"8\" columns__md=\"8\" decoding=\"async\" loading=\"lazy\" \/>                                                              <\/div>\n              <div class=\"box-text text-left\" >\n                 <p><\/p>\n              <\/div>\n            <\/div>\n                      <\/div>\n         <\/div><div class=\"gallery-col col\" >\n          <div class=\"col-inner\">\n                        <div class=\"box has-hover gallery-box box-none\">\n              <div class=\"box-image\" >\n                <img width=\"1\" height=\"1\" src=\"https:\/\/druidebio.com\/wp-content\/uploads\/2023\/07\/Recyclable.svg\" class=\"attachment-medium size-medium\" alt=\"\" ids=\"861,868,864,863,865,862\" style=\"none\" lightbox=\"false\" col_spacing=\"xsmall\" columns=\"8\" columns__sm=\"8\" columns__md=\"8\" decoding=\"async\" loading=\"lazy\" \/>                                                              <\/div>\n              <div class=\"box-text text-left\" >\n                 <p><\/p>\n              <\/div>\n            <\/div>\n                      <\/div>\n         <\/div><div class=\"gallery-col col\" >\n          <div class=\"col-inner\">\n                        <div class=\"box has-hover gallery-box box-none\">\n              <div class=\"box-image\" >\n                <img width=\"1\" height=\"1\" src=\"https:\/\/druidebio.com\/wp-content\/uploads\/2023\/07\/Gluten_Free.svg\" class=\"attachment-medium size-medium\" alt=\"\" ids=\"861,868,864,863,865,862\" style=\"none\" lightbox=\"false\" col_spacing=\"xsmall\" columns=\"8\" columns__sm=\"8\" columns__md=\"8\" decoding=\"async\" loading=\"lazy\" \/>                                                              <\/div>\n              <div class=\"box-text text-left\" >\n                 <p><\/p>\n              <\/div>\n            <\/div>\n                      <\/div>\n         <\/div><\/div>\n\t\t<\/div>\n\t\t\t\t\t<\/div>\n\n\t<\/div>\n","protected":false},"featured_media":1637,"comment_status":"open","ping_status":"closed","template":"","meta":[],"product_brand":[],"product_cat":[99,108,93,92],"product_tag":[],"giftcard-category":[],"class_list":{"0":"post-2127","1":"product","2":"type-product","3":"status-publish","4":"has-post-thumbnail","6":"product_cat-druide-biolove-bebe","7":"product_cat-lotions-corps","8":"product_cat-soins-corps","9":"product_cat-soins-bebes","11":"first","12":"instock","13":"taxable","14":"shipping-taxable","15":"purchasable","16":"product-type-simple"},"yoast_head":"<!-- This site is optimized with the Yoast SEO plugin v27.1.1 - https:\/\/yoast.com\/product\/yoast-seo-wordpress\/ -->\n<title>Huile de Massage Pour B\u00e9b\u00e9 | Laboratoires Druide\u00ae | Bio For Life<\/title>\n<meta name=\"description\" content=\"Con\u00e7ue pour la peau d\u00e9licate des b\u00e9b\u00e9s et jeunes enfants, notre Huile de Massage BioLove hydrate en profondeur, apaise l&#039;esprit et prot\u00e8ge la peau.\" \/>\n<meta name=\"robots\" content=\"index, follow, max-snippet:-1, max-image-preview:large, max-video-preview:-1\" \/>\n<link rel=\"canonical\" href=\"https:\/\/druidebio.com\/fr\/produit\/huile-de-massage-pour-bebe\/\" \/>\n<meta property=\"og:locale\" content=\"fr_FR\" \/>\n<meta property=\"og:type\" content=\"article\" \/>\n<meta property=\"og:title\" content=\"Huile de Massage Pour B\u00e9b\u00e9 | Laboratoires Druide\u00ae | Bio For Life\" \/>\n<meta property=\"og:description\" content=\"Con\u00e7ue pour la peau d\u00e9licate des b\u00e9b\u00e9s et jeunes enfants, notre Huile de Massage BioLove hydrate en profondeur, apaise l&#039;esprit et prot\u00e8ge la peau.\" \/>\n<meta property=\"og:url\" content=\"https:\/\/druidebio.com\/fr\/produit\/huile-de-massage-pour-bebe\/\" \/>\n<meta property=\"og:site_name\" content=\"Laboratoires Druide\u00ae | Bio For Life\" \/>\n<meta property=\"article:publisher\" content=\"https:\/\/www.facebook.com\/infodruide\" \/>\n<meta property=\"article:modified_time\" content=\"2026-03-27T00:52:59+00:00\" \/>\n<meta property=\"og:image\" content=\"https:\/\/druidebio.com\/wp-content\/uploads\/2022\/08\/druide-biolove-body-care-baby-massage-oil-chamomile-60ml-2.02oz-bottle.jpg\" \/>\n\t<meta property=\"og:image:width\" content=\"1200\" \/>\n\t<meta property=\"og:image:height\" content=\"1200\" \/>\n\t<meta property=\"og:image:type\" content=\"image\/jpeg\" \/>\n<meta name=\"twitter:card\" content=\"summary_large_image\" \/>\n<script type=\"application\/ld+json\" class=\"yoast-schema-graph\">{\"@context\":\"https:\/\/schema.org\",\"@graph\":[{\"@type\":[\"WebPage\",\"ItemPage\"],\"@id\":\"https:\/\/druidebio.com\/fr\/produit\/huile-de-massage-pour-bebe\/\",\"url\":\"https:\/\/druidebio.com\/fr\/produit\/huile-de-massage-pour-bebe\/\",\"name\":\"Huile de Massage Pour B\u00e9b\u00e9 | Laboratoires Druide\u00ae | Bio For Life\",\"isPartOf\":{\"@id\":\"https:\/\/druidebio.com\/fr\/#website\"},\"primaryImageOfPage\":{\"@id\":\"https:\/\/druidebio.com\/fr\/produit\/huile-de-massage-pour-bebe\/#primaryimage\"},\"image\":{\"@id\":\"https:\/\/druidebio.com\/fr\/produit\/huile-de-massage-pour-bebe\/#primaryimage\"},\"thumbnailUrl\":\"https:\/\/druidebio.com\/wp-content\/uploads\/2022\/08\/druide-biolove-body-care-baby-massage-oil-chamomile-60ml-2.02oz-bottle.jpg\",\"datePublished\":\"2022-08-26T15:48:21+00:00\",\"dateModified\":\"2026-03-27T00:52:59+00:00\",\"description\":\"Con\u00e7ue pour la peau d\u00e9licate des b\u00e9b\u00e9s et jeunes enfants, notre Huile de Massage BioLove hydrate en profondeur, apaise l'esprit et prot\u00e8ge la peau.\",\"breadcrumb\":{\"@id\":\"https:\/\/druidebio.com\/fr\/produit\/huile-de-massage-pour-bebe\/#breadcrumb\"},\"inLanguage\":\"fr-FR\",\"potentialAction\":[{\"@type\":\"ReadAction\",\"target\":[\"https:\/\/druidebio.com\/fr\/produit\/huile-de-massage-pour-bebe\/\"]}]},{\"@type\":\"ImageObject\",\"inLanguage\":\"fr-FR\",\"@id\":\"https:\/\/druidebio.com\/fr\/produit\/huile-de-massage-pour-bebe\/#primaryimage\",\"url\":\"https:\/\/druidebio.com\/wp-content\/uploads\/2022\/08\/druide-biolove-body-care-baby-massage-oil-chamomile-60ml-2.02oz-bottle.jpg\",\"contentUrl\":\"https:\/\/druidebio.com\/wp-content\/uploads\/2022\/08\/druide-biolove-body-care-baby-massage-oil-chamomile-60ml-2.02oz-bottle.jpg\",\"width\":1200,\"height\":1200,\"caption\":\"Huile de Massage Pour B\u00e9b\u00e9\"},{\"@type\":\"BreadcrumbList\",\"@id\":\"https:\/\/druidebio.com\/fr\/produit\/huile-de-massage-pour-bebe\/#breadcrumb\",\"itemListElement\":[{\"@type\":\"ListItem\",\"position\":1,\"name\":\"Home\",\"item\":\"https:\/\/druidebio.com\/fr\/\"},{\"@type\":\"ListItem\",\"position\":2,\"name\":\"Boutique\",\"item\":\"https:\/\/druidebio.com\/fr\/boutique\/\"},{\"@type\":\"ListItem\",\"position\":3,\"name\":\"Huile de Massage Pour B\u00e9b\u00e9\"}]},{\"@type\":\"WebSite\",\"@id\":\"https:\/\/druidebio.com\/fr\/#website\",\"url\":\"https:\/\/druidebio.com\/fr\/\",\"name\":\"Laboratoires Druide\u00ae | Bio For Life\",\"description\":\"Natural and Organic Products. ECOCERT\u00ae Certified.\",\"publisher\":{\"@id\":\"https:\/\/druidebio.com\/fr\/#organization\"},\"alternateName\":\"Druide\",\"potentialAction\":[{\"@type\":\"SearchAction\",\"target\":{\"@type\":\"EntryPoint\",\"urlTemplate\":\"https:\/\/druidebio.com\/fr\/?s={search_term_string}\"},\"query-input\":{\"@type\":\"PropertyValueSpecification\",\"valueRequired\":true,\"valueName\":\"search_term_string\"}}],\"inLanguage\":\"fr-FR\"},{\"@type\":\"Organization\",\"@id\":\"https:\/\/druidebio.com\/fr\/#organization\",\"name\":\"Druide\",\"alternateName\":\"Laboratoires Druide\",\"url\":\"https:\/\/druidebio.com\/fr\/\",\"logo\":{\"@type\":\"ImageObject\",\"inLanguage\":\"fr-FR\",\"@id\":\"https:\/\/druidebio.com\/fr\/#\/schema\/logo\/image\/\",\"url\":\"https:\/\/druidebio.com\/wp-content\/uploads\/2022\/08\/logo-fav.png\",\"contentUrl\":\"https:\/\/druidebio.com\/wp-content\/uploads\/2022\/08\/logo-fav.png\",\"width\":512,\"height\":512,\"caption\":\"Druide\"},\"image\":{\"@id\":\"https:\/\/druidebio.com\/fr\/#\/schema\/logo\/image\/\"},\"sameAs\":[\"https:\/\/www.facebook.com\/infodruide\",\"https:\/\/www.instagram.com\/druidebio\/\",\"https:\/\/www.pinterest.ca\/DruideBioCanada\/\",\"https:\/\/www.youtube.com\/user\/DRUIDECANADA\"]}]}<\/script>\n<!-- \/ Yoast SEO plugin. -->","yoast_head_json":{"title":"Huile de Massage Pour B\u00e9b\u00e9 | Laboratoires Druide\u00ae | Bio For Life","description":"Con\u00e7ue pour la peau d\u00e9licate des b\u00e9b\u00e9s et jeunes enfants, notre Huile de Massage BioLove hydrate en profondeur, apaise l'esprit et prot\u00e8ge la peau.","robots":{"index":"index","follow":"follow","max-snippet":"max-snippet:-1","max-image-preview":"max-image-preview:large","max-video-preview":"max-video-preview:-1"},"canonical":"https:\/\/druidebio.com\/fr\/produit\/huile-de-massage-pour-bebe\/","og_locale":"fr_FR","og_type":"article","og_title":"Huile de Massage Pour B\u00e9b\u00e9 | Laboratoires Druide\u00ae | Bio For Life","og_description":"Con\u00e7ue pour la peau d\u00e9licate des b\u00e9b\u00e9s et jeunes enfants, notre Huile de Massage BioLove hydrate en profondeur, apaise l'esprit et prot\u00e8ge la peau.","og_url":"https:\/\/druidebio.com\/fr\/produit\/huile-de-massage-pour-bebe\/","og_site_name":"Laboratoires Druide\u00ae | Bio For Life","article_publisher":"https:\/\/www.facebook.com\/infodruide","article_modified_time":"2026-03-27T00:52:59+00:00","og_image":[{"width":1200,"height":1200,"url":"https:\/\/druidebio.com\/wp-content\/uploads\/2022\/08\/druide-biolove-body-care-baby-massage-oil-chamomile-60ml-2.02oz-bottle.jpg","type":"image\/jpeg"}],"twitter_card":"summary_large_image","schema":{"@context":"https:\/\/schema.org","@graph":[{"@type":["WebPage","ItemPage"],"@id":"https:\/\/druidebio.com\/fr\/produit\/huile-de-massage-pour-bebe\/","url":"https:\/\/druidebio.com\/fr\/produit\/huile-de-massage-pour-bebe\/","name":"Huile de Massage Pour B\u00e9b\u00e9 | Laboratoires Druide\u00ae | Bio For Life","isPartOf":{"@id":"https:\/\/druidebio.com\/fr\/#website"},"primaryImageOfPage":{"@id":"https:\/\/druidebio.com\/fr\/produit\/huile-de-massage-pour-bebe\/#primaryimage"},"image":{"@id":"https:\/\/druidebio.com\/fr\/produit\/huile-de-massage-pour-bebe\/#primaryimage"},"thumbnailUrl":"https:\/\/druidebio.com\/wp-content\/uploads\/2022\/08\/druide-biolove-body-care-baby-massage-oil-chamomile-60ml-2.02oz-bottle.jpg","datePublished":"2022-08-26T15:48:21+00:00","dateModified":"2026-03-27T00:52:59+00:00","description":"Con\u00e7ue pour la peau d\u00e9licate des b\u00e9b\u00e9s et jeunes enfants, notre Huile de Massage BioLove hydrate en profondeur, apaise l'esprit et prot\u00e8ge la peau.","breadcrumb":{"@id":"https:\/\/druidebio.com\/fr\/produit\/huile-de-massage-pour-bebe\/#breadcrumb"},"inLanguage":"fr-FR","potentialAction":[{"@type":"ReadAction","target":["https:\/\/druidebio.com\/fr\/produit\/huile-de-massage-pour-bebe\/"]}]},{"@type":"ImageObject","inLanguage":"fr-FR","@id":"https:\/\/druidebio.com\/fr\/produit\/huile-de-massage-pour-bebe\/#primaryimage","url":"https:\/\/druidebio.com\/wp-content\/uploads\/2022\/08\/druide-biolove-body-care-baby-massage-oil-chamomile-60ml-2.02oz-bottle.jpg","contentUrl":"https:\/\/druidebio.com\/wp-content\/uploads\/2022\/08\/druide-biolove-body-care-baby-massage-oil-chamomile-60ml-2.02oz-bottle.jpg","width":1200,"height":1200,"caption":"Huile de Massage Pour B\u00e9b\u00e9"},{"@type":"BreadcrumbList","@id":"https:\/\/druidebio.com\/fr\/produit\/huile-de-massage-pour-bebe\/#breadcrumb","itemListElement":[{"@type":"ListItem","position":1,"name":"Home","item":"https:\/\/druidebio.com\/fr\/"},{"@type":"ListItem","position":2,"name":"Boutique","item":"https:\/\/druidebio.com\/fr\/boutique\/"},{"@type":"ListItem","position":3,"name":"Huile de Massage Pour B\u00e9b\u00e9"}]},{"@type":"WebSite","@id":"https:\/\/druidebio.com\/fr\/#website","url":"https:\/\/druidebio.com\/fr\/","name":"Laboratoires Druide\u00ae | Bio For Life","description":"Natural and Organic Products. ECOCERT\u00ae Certified.","publisher":{"@id":"https:\/\/druidebio.com\/fr\/#organization"},"alternateName":"Druide","potentialAction":[{"@type":"SearchAction","target":{"@type":"EntryPoint","urlTemplate":"https:\/\/druidebio.com\/fr\/?s={search_term_string}"},"query-input":{"@type":"PropertyValueSpecification","valueRequired":true,"valueName":"search_term_string"}}],"inLanguage":"fr-FR"},{"@type":"Organization","@id":"https:\/\/druidebio.com\/fr\/#organization","name":"Druide","alternateName":"Laboratoires Druide","url":"https:\/\/druidebio.com\/fr\/","logo":{"@type":"ImageObject","inLanguage":"fr-FR","@id":"https:\/\/druidebio.com\/fr\/#\/schema\/logo\/image\/","url":"https:\/\/druidebio.com\/wp-content\/uploads\/2022\/08\/logo-fav.png","contentUrl":"https:\/\/druidebio.com\/wp-content\/uploads\/2022\/08\/logo-fav.png","width":512,"height":512,"caption":"Druide"},"image":{"@id":"https:\/\/druidebio.com\/fr\/#\/schema\/logo\/image\/"},"sameAs":["https:\/\/www.facebook.com\/infodruide","https:\/\/www.instagram.com\/druidebio\/","https:\/\/www.pinterest.ca\/DruideBioCanada\/","https:\/\/www.youtube.com\/user\/DRUIDECANADA"]}]}},"_links":{"self":[{"href":"https:\/\/druidebio.com\/fr\/wp-json\/wp\/v2\/product\/2127","targetHints":{"allow":["GET"]}}],"collection":[{"href":"https:\/\/druidebio.com\/fr\/wp-json\/wp\/v2\/product"}],"about":[{"href":"https:\/\/druidebio.com\/fr\/wp-json\/wp\/v2\/types\/product"}],"replies":[{"embeddable":true,"href":"https:\/\/druidebio.com\/fr\/wp-json\/wp\/v2\/comments?post=2127"}],"wp:featuredmedia":[{"embeddable":true,"href":"https:\/\/druidebio.com\/fr\/wp-json\/wp\/v2\/media\/1637"}],"wp:attachment":[{"href":"https:\/\/druidebio.com\/fr\/wp-json\/wp\/v2\/media?parent=2127"}],"wp:term":[{"taxonomy":"product_brand","embeddable":true,"href":"https:\/\/druidebio.com\/fr\/wp-json\/wp\/v2\/product_brand?post=2127"},{"taxonomy":"product_cat","embeddable":true,"href":"https:\/\/druidebio.com\/fr\/wp-json\/wp\/v2\/product_cat?post=2127"},{"taxonomy":"product_tag","embeddable":true,"href":"https:\/\/druidebio.com\/fr\/wp-json\/wp\/v2\/product_tag?post=2127"},{"taxonomy":"giftcard-category","embeddable":true,"href":"https:\/\/druidebio.com\/fr\/wp-json\/wp\/v2\/giftcard-category?post=2127"}],"curies":[{"name":"wp","href":"https:\/\/api.w.org\/{rel}","templated":true}]}}