{"id":2123,"date":"2022-08-26T11:48:21","date_gmt":"2022-08-26T15:48:21","guid":{"rendered":"https:\/\/druide.wpengine.com\/product\/2-in-1-cleansing-gel-body-hair\/"},"modified":"2026-04-08T14:49:04","modified_gmt":"2026-04-08T18:49:04","slug":"gel-nettoyant-2-en-1-cheveux-et-corps","status":"publish","type":"product","link":"https:\/\/druidebio.com\/fr\/produit\/gel-nettoyant-2-en-1-cheveux-et-corps\/","title":{"rendered":"Gel Nettoyant 2-en-1 Cheveux et Corps"},"content":{"rendered":"<h2>Un nettoyage en douceur, parfaitement adapt\u00e9 aux besoins des peaux sensibles des tout-petits<\/h2>\n<p>D\u00e9couvrez notre Gel Nettoyant 2-en-1, sp\u00e9cialement con\u00e7u pour prendre soin de la peau et des cheveux d\u00e9licats de vos tout-petits, y compris les nourrissons et les jeunes enfants sujets \u00e0 l&rsquo;ecz\u00e9ma. Cette formule sans sulfates assure un nettoyage doux tout en respectant le microbiote cutan\u00e9 en pleine \u00e9volution chez les petits. Gr\u00e2ce \u00e0 ses extraits de plantes apaisants et \u00e0 la farine d&rsquo;avoine, il soulage les sensations d&rsquo;inconfort, les irritations et les rougeurs, laissant la peau confortable, souple et bien hydrat\u00e9e.<\/p>\n<p>Notre Gel Nettoyant 2-en-1 tr\u00e8s doux, est adapt\u00e9 au pH de la peau des b\u00e9b\u00e9s, ce qui contribue \u00e0 pr\u00e9venir la dermatite atopique et le chapeau s\u00e9borrh\u00e9ique. Sa formule d&rsquo;une douceur exceptionnelle, pr\u00e9serve l&rsquo;int\u00e9grit\u00e9 du film hydrolipidique de leur peau, renfor\u00e7ant ainsi leur syst\u00e8me de d\u00e9fense naturel contre les agressions ext\u00e9rieures.<\/p>\n<p>Engag\u00e9s envers la qualit\u00e9 et l&rsquo;environnement, notre Gel Nettoyant 2 en 1 est certifi\u00e9 biologique par \u00c9cocert, 100% v\u00e9g\u00e9tal et biod\u00e9gradable. Nous avons exclu l&rsquo;alcool, le silicone, le parab\u00e8ne, le PEG, le gluten, les OGM, les perturbateurs endocriniens, le goudron, le quaternium, les parfums et les colorants de notre formule. Notre engagement envers le bien-\u00eatre animal se refl\u00e8te dans notre choix de ne pas tester notre produit sur les animaux.<\/p>\n","protected":false},"excerpt":{"rendered":"<p>D\u00e9couvrez notre Gel Nettoyant -en-1 BioLove, pour les b\u00e9b\u00e9s et tout-petits. Une formule sans sulfates, \u00e9labor\u00e9e \u00e0 partir d&rsquo;ingr\u00e9dients d&rsquo;origine v\u00e9g\u00e9tale apaisants. Il soulage les irritations cutan\u00e9es, calme l&rsquo;ecz\u00e9ma du nourrisson et laisse la peau souple et hydrat\u00e9e.<\/p>\n<ul>\n<li class=\"bullet-arrow\"><strong>Texture <\/strong>: Gel hydratant<\/li>\n<li class=\"bullet-arrow\"><strong>Odeur <\/strong>: Camomille, Orange, Anis<\/li>\n<li class=\"bullet-arrow\"><strong>Format<\/strong>: 250 ml \u2013 8.4 US Fl.oz.<\/li>\n<\/ul>\n<div class=\"row row-full-width align-equal\"  id=\"row-422272558\">\n\t<div id=\"col-1019508007\" class=\"col small-12 large-12\"  >\n\t\t\t\t<div class=\"col-inner\"  >\n\t\t\t\n\t\t\t\n\n  \n    <div class=\"row large-columns-8 medium-columns-8 small-columns-8 row-xsmall\" >\n  <div class=\"gallery-col col\" >\n          <div class=\"col-inner\">\n                        <div class=\"box has-hover gallery-box box-none\">\n              <div class=\"box-image\" >\n                <img width=\"1\" height=\"1\" src=\"https:\/\/druidebio.com\/wp-content\/uploads\/2023\/07\/EcoCert.svg\" class=\"attachment-medium size-medium\" alt=\"\" ids=\"861,868,864,863,865,862\" style=\"none\" lightbox=\"false\" col_spacing=\"xsmall\" columns=\"8\" columns__sm=\"8\" columns__md=\"8\" decoding=\"async\" loading=\"lazy\" \/>                                                              <\/div>\n              <div class=\"box-text text-left\" >\n                 <p><\/p>\n              <\/div>\n            <\/div>\n                      <\/div>\n         <\/div><div class=\"gallery-col col\" >\n          <div class=\"col-inner\">\n                        <div class=\"box has-hover gallery-box box-none\">\n              <div class=\"box-image\" >\n                <img width=\"1\" height=\"1\" src=\"https:\/\/druidebio.com\/wp-content\/uploads\/2023\/07\/Vegan.svg\" class=\"attachment-medium size-medium\" alt=\"\" ids=\"861,868,864,863,865,862\" style=\"none\" lightbox=\"false\" col_spacing=\"xsmall\" columns=\"8\" columns__sm=\"8\" columns__md=\"8\" decoding=\"async\" loading=\"lazy\" \/>                                                              <\/div>\n              <div class=\"box-text text-left\" >\n                 <p><\/p>\n              <\/div>\n            <\/div>\n                      <\/div>\n         <\/div><div class=\"gallery-col col\" >\n          <div class=\"col-inner\">\n                        <div class=\"box has-hover gallery-box box-none\">\n              <div class=\"box-image\" >\n                <img width=\"1\" height=\"1\" src=\"https:\/\/druidebio.com\/wp-content\/uploads\/2023\/07\/Not_Tested_Animals.svg\" class=\"attachment-medium size-medium\" alt=\"\" ids=\"861,868,864,863,865,862\" style=\"none\" lightbox=\"false\" col_spacing=\"xsmall\" columns=\"8\" columns__sm=\"8\" columns__md=\"8\" decoding=\"async\" loading=\"lazy\" \/>                                                              <\/div>\n              <div class=\"box-text text-left\" >\n                 <p><\/p>\n              <\/div>\n            <\/div>\n                      <\/div>\n         <\/div><div class=\"gallery-col col\" >\n          <div class=\"col-inner\">\n                        <div class=\"box has-hover gallery-box box-none\">\n              <div class=\"box-image\" >\n                <img width=\"1\" height=\"1\" src=\"https:\/\/druidebio.com\/wp-content\/uploads\/2023\/07\/NoGMO.svg\" class=\"attachment-medium size-medium\" alt=\"\" ids=\"861,868,864,863,865,862\" style=\"none\" lightbox=\"false\" col_spacing=\"xsmall\" columns=\"8\" columns__sm=\"8\" columns__md=\"8\" decoding=\"async\" loading=\"lazy\" \/>                                                              <\/div>\n              <div class=\"box-text text-left\" >\n                 <p><\/p>\n              <\/div>\n            <\/div>\n                      <\/div>\n         <\/div><div class=\"gallery-col col\" >\n          <div class=\"col-inner\">\n                        <div class=\"box has-hover gallery-box box-none\">\n              <div class=\"box-image\" >\n                <img width=\"1\" height=\"1\" src=\"https:\/\/druidebio.com\/wp-content\/uploads\/2023\/07\/Recyclable.svg\" class=\"attachment-medium size-medium\" alt=\"\" ids=\"861,868,864,863,865,862\" style=\"none\" lightbox=\"false\" col_spacing=\"xsmall\" columns=\"8\" columns__sm=\"8\" columns__md=\"8\" decoding=\"async\" loading=\"lazy\" \/>                                                              <\/div>\n              <div class=\"box-text text-left\" >\n                 <p><\/p>\n              <\/div>\n            <\/div>\n                      <\/div>\n         <\/div><div class=\"gallery-col col\" >\n          <div class=\"col-inner\">\n                        <div class=\"box has-hover gallery-box box-none\">\n              <div class=\"box-image\" >\n                <img width=\"1\" height=\"1\" src=\"https:\/\/druidebio.com\/wp-content\/uploads\/2023\/07\/Gluten_Free.svg\" class=\"attachment-medium size-medium\" alt=\"\" ids=\"861,868,864,863,865,862\" style=\"none\" lightbox=\"false\" col_spacing=\"xsmall\" columns=\"8\" columns__sm=\"8\" columns__md=\"8\" decoding=\"async\" loading=\"lazy\" \/>                                                              <\/div>\n              <div class=\"box-text text-left\" >\n                 <p><\/p>\n              <\/div>\n            <\/div>\n                      <\/div>\n         <\/div><\/div>\n\t\t<\/div>\n\t\t\t\t\t<\/div>\n\n\t<\/div>\n","protected":false},"featured_media":1635,"comment_status":"open","ping_status":"closed","template":"","meta":[],"product_brand":[],"product_cat":[99,106,95,93,92],"product_tag":[],"giftcard-category":[],"class_list":{"0":"post-2123","1":"product","2":"type-product","3":"status-publish","4":"has-post-thumbnail","6":"product_cat-druide-biolove-bebe","7":"product_cat-nettoyants","8":"product_cat-soins-capillaires","9":"product_cat-soins-corps","10":"product_cat-soins-bebes","12":"first","13":"instock","14":"taxable","15":"shipping-taxable","16":"purchasable","17":"product-type-simple"},"yoast_head":"<!-- This site is optimized with the Yoast SEO plugin v27.1.1 - https:\/\/yoast.com\/product\/yoast-seo-wordpress\/ -->\n<title>Gel Nettoyant 2-en-1 Cheveux et Corps | Laboratoires Druide\u00ae | Bio For Life<\/title>\n<meta name=\"description\" content=\"D\u00e9couvrez notre Gel Nettoyant -en-1 BioLove, pour les b\u00e9b\u00e9s et tout-petits. Une formule sans sulfates, \u00e9labor\u00e9e \u00e0 partir d&#039;ingr\u00e9dients d&#039;origine v\u00e9g\u00e9tale apaisants. Il soulage les irritations cutan\u00e9es, calme l&#039;ecz\u00e9ma du nourrisson et laisse la peau souple et hydrat\u00e9e.\" \/>\n<meta name=\"robots\" content=\"index, follow, max-snippet:-1, max-image-preview:large, max-video-preview:-1\" \/>\n<link rel=\"canonical\" href=\"https:\/\/druidebio.com\/fr\/produit\/gel-nettoyant-2-en-1-cheveux-et-corps\/\" \/>\n<meta property=\"og:locale\" content=\"fr_FR\" \/>\n<meta property=\"og:type\" content=\"article\" \/>\n<meta property=\"og:title\" content=\"Gel Nettoyant 2-en-1 Cheveux et Corps | Laboratoires Druide\u00ae | Bio For Life\" \/>\n<meta property=\"og:description\" content=\"D\u00e9couvrez notre Gel Nettoyant -en-1 BioLove, pour les b\u00e9b\u00e9s et tout-petits. Une formule sans sulfates, \u00e9labor\u00e9e \u00e0 partir d&#039;ingr\u00e9dients d&#039;origine v\u00e9g\u00e9tale apaisants. Il soulage les irritations cutan\u00e9es, calme l&#039;ecz\u00e9ma du nourrisson et laisse la peau souple et hydrat\u00e9e.\" \/>\n<meta property=\"og:url\" content=\"https:\/\/druidebio.com\/fr\/produit\/gel-nettoyant-2-en-1-cheveux-et-corps\/\" \/>\n<meta property=\"og:site_name\" content=\"Laboratoires Druide\u00ae | Bio For Life\" \/>\n<meta property=\"article:publisher\" content=\"https:\/\/www.facebook.com\/infodruide\" \/>\n<meta property=\"article:modified_time\" content=\"2026-04-08T18:49:04+00:00\" \/>\n<meta property=\"og:image\" content=\"https:\/\/druidebio.com\/wp-content\/uploads\/2022\/08\/druide-biolove-baby-face-body-hair-care-gel-cleansing-2-in-1-chamomile-250ml-8.4oz-bottle.jpg\" \/>\n\t<meta property=\"og:image:width\" content=\"1200\" \/>\n\t<meta property=\"og:image:height\" content=\"1200\" \/>\n\t<meta property=\"og:image:type\" content=\"image\/jpeg\" \/>\n<meta name=\"twitter:card\" content=\"summary_large_image\" \/>\n<script type=\"application\/ld+json\" class=\"yoast-schema-graph\">{\"@context\":\"https:\/\/schema.org\",\"@graph\":[{\"@type\":[\"WebPage\",\"ItemPage\"],\"@id\":\"https:\/\/druidebio.com\/fr\/produit\/gel-nettoyant-2-en-1-cheveux-et-corps\/\",\"url\":\"https:\/\/druidebio.com\/fr\/produit\/gel-nettoyant-2-en-1-cheveux-et-corps\/\",\"name\":\"Gel Nettoyant 2-en-1 Cheveux et Corps | Laboratoires Druide\u00ae | Bio For Life\",\"isPartOf\":{\"@id\":\"https:\/\/druidebio.com\/fr\/#website\"},\"primaryImageOfPage\":{\"@id\":\"https:\/\/druidebio.com\/fr\/produit\/gel-nettoyant-2-en-1-cheveux-et-corps\/#primaryimage\"},\"image\":{\"@id\":\"https:\/\/druidebio.com\/fr\/produit\/gel-nettoyant-2-en-1-cheveux-et-corps\/#primaryimage\"},\"thumbnailUrl\":\"https:\/\/druidebio.com\/wp-content\/uploads\/2022\/08\/druide-biolove-baby-face-body-hair-care-gel-cleansing-2-in-1-chamomile-250ml-8.4oz-bottle.jpg\",\"datePublished\":\"2022-08-26T15:48:21+00:00\",\"dateModified\":\"2026-04-08T18:49:04+00:00\",\"description\":\"D\u00e9couvrez notre Gel Nettoyant -en-1 BioLove, pour les b\u00e9b\u00e9s et tout-petits. Une formule sans sulfates, \u00e9labor\u00e9e \u00e0 partir d'ingr\u00e9dients d'origine v\u00e9g\u00e9tale apaisants. Il soulage les irritations cutan\u00e9es, calme l'ecz\u00e9ma du nourrisson et laisse la peau souple et hydrat\u00e9e.\",\"breadcrumb\":{\"@id\":\"https:\/\/druidebio.com\/fr\/produit\/gel-nettoyant-2-en-1-cheveux-et-corps\/#breadcrumb\"},\"inLanguage\":\"fr-FR\",\"potentialAction\":[{\"@type\":\"ReadAction\",\"target\":[\"https:\/\/druidebio.com\/fr\/produit\/gel-nettoyant-2-en-1-cheveux-et-corps\/\"]}]},{\"@type\":\"ImageObject\",\"inLanguage\":\"fr-FR\",\"@id\":\"https:\/\/druidebio.com\/fr\/produit\/gel-nettoyant-2-en-1-cheveux-et-corps\/#primaryimage\",\"url\":\"https:\/\/druidebio.com\/wp-content\/uploads\/2022\/08\/druide-biolove-baby-face-body-hair-care-gel-cleansing-2-in-1-chamomile-250ml-8.4oz-bottle.jpg\",\"contentUrl\":\"https:\/\/druidebio.com\/wp-content\/uploads\/2022\/08\/druide-biolove-baby-face-body-hair-care-gel-cleansing-2-in-1-chamomile-250ml-8.4oz-bottle.jpg\",\"width\":1200,\"height\":1200,\"caption\":\"Gel Nettoyant 2-en-1 Cheveux et Corps\"},{\"@type\":\"BreadcrumbList\",\"@id\":\"https:\/\/druidebio.com\/fr\/produit\/gel-nettoyant-2-en-1-cheveux-et-corps\/#breadcrumb\",\"itemListElement\":[{\"@type\":\"ListItem\",\"position\":1,\"name\":\"Home\",\"item\":\"https:\/\/druidebio.com\/fr\/\"},{\"@type\":\"ListItem\",\"position\":2,\"name\":\"Boutique\",\"item\":\"https:\/\/druidebio.com\/fr\/boutique\/\"},{\"@type\":\"ListItem\",\"position\":3,\"name\":\"Gel Nettoyant 2-en-1 Cheveux et Corps\"}]},{\"@type\":\"WebSite\",\"@id\":\"https:\/\/druidebio.com\/fr\/#website\",\"url\":\"https:\/\/druidebio.com\/fr\/\",\"name\":\"Laboratoires Druide\u00ae | Bio For Life\",\"description\":\"Natural and Organic Products. ECOCERT\u00ae Certified.\",\"publisher\":{\"@id\":\"https:\/\/druidebio.com\/fr\/#organization\"},\"alternateName\":\"Druide\",\"potentialAction\":[{\"@type\":\"SearchAction\",\"target\":{\"@type\":\"EntryPoint\",\"urlTemplate\":\"https:\/\/druidebio.com\/fr\/?s={search_term_string}\"},\"query-input\":{\"@type\":\"PropertyValueSpecification\",\"valueRequired\":true,\"valueName\":\"search_term_string\"}}],\"inLanguage\":\"fr-FR\"},{\"@type\":\"Organization\",\"@id\":\"https:\/\/druidebio.com\/fr\/#organization\",\"name\":\"Druide\",\"alternateName\":\"Laboratoires Druide\",\"url\":\"https:\/\/druidebio.com\/fr\/\",\"logo\":{\"@type\":\"ImageObject\",\"inLanguage\":\"fr-FR\",\"@id\":\"https:\/\/druidebio.com\/fr\/#\/schema\/logo\/image\/\",\"url\":\"https:\/\/druidebio.com\/wp-content\/uploads\/2022\/08\/logo-fav.png\",\"contentUrl\":\"https:\/\/druidebio.com\/wp-content\/uploads\/2022\/08\/logo-fav.png\",\"width\":512,\"height\":512,\"caption\":\"Druide\"},\"image\":{\"@id\":\"https:\/\/druidebio.com\/fr\/#\/schema\/logo\/image\/\"},\"sameAs\":[\"https:\/\/www.facebook.com\/infodruide\",\"https:\/\/www.instagram.com\/druidebio\/\",\"https:\/\/www.pinterest.ca\/DruideBioCanada\/\",\"https:\/\/www.youtube.com\/user\/DRUIDECANADA\"]}]}<\/script>\n<!-- \/ Yoast SEO plugin. -->","yoast_head_json":{"title":"Gel Nettoyant 2-en-1 Cheveux et Corps | Laboratoires Druide\u00ae | Bio For Life","description":"D\u00e9couvrez notre Gel Nettoyant -en-1 BioLove, pour les b\u00e9b\u00e9s et tout-petits. Une formule sans sulfates, \u00e9labor\u00e9e \u00e0 partir d'ingr\u00e9dients d'origine v\u00e9g\u00e9tale apaisants. Il soulage les irritations cutan\u00e9es, calme l'ecz\u00e9ma du nourrisson et laisse la peau souple et hydrat\u00e9e.","robots":{"index":"index","follow":"follow","max-snippet":"max-snippet:-1","max-image-preview":"max-image-preview:large","max-video-preview":"max-video-preview:-1"},"canonical":"https:\/\/druidebio.com\/fr\/produit\/gel-nettoyant-2-en-1-cheveux-et-corps\/","og_locale":"fr_FR","og_type":"article","og_title":"Gel Nettoyant 2-en-1 Cheveux et Corps | Laboratoires Druide\u00ae | Bio For Life","og_description":"D\u00e9couvrez notre Gel Nettoyant -en-1 BioLove, pour les b\u00e9b\u00e9s et tout-petits. Une formule sans sulfates, \u00e9labor\u00e9e \u00e0 partir d'ingr\u00e9dients d'origine v\u00e9g\u00e9tale apaisants. Il soulage les irritations cutan\u00e9es, calme l'ecz\u00e9ma du nourrisson et laisse la peau souple et hydrat\u00e9e.","og_url":"https:\/\/druidebio.com\/fr\/produit\/gel-nettoyant-2-en-1-cheveux-et-corps\/","og_site_name":"Laboratoires Druide\u00ae | Bio For Life","article_publisher":"https:\/\/www.facebook.com\/infodruide","article_modified_time":"2026-04-08T18:49:04+00:00","og_image":[{"width":1200,"height":1200,"url":"https:\/\/druidebio.com\/wp-content\/uploads\/2022\/08\/druide-biolove-baby-face-body-hair-care-gel-cleansing-2-in-1-chamomile-250ml-8.4oz-bottle.jpg","type":"image\/jpeg"}],"twitter_card":"summary_large_image","schema":{"@context":"https:\/\/schema.org","@graph":[{"@type":["WebPage","ItemPage"],"@id":"https:\/\/druidebio.com\/fr\/produit\/gel-nettoyant-2-en-1-cheveux-et-corps\/","url":"https:\/\/druidebio.com\/fr\/produit\/gel-nettoyant-2-en-1-cheveux-et-corps\/","name":"Gel Nettoyant 2-en-1 Cheveux et Corps | Laboratoires Druide\u00ae | Bio For Life","isPartOf":{"@id":"https:\/\/druidebio.com\/fr\/#website"},"primaryImageOfPage":{"@id":"https:\/\/druidebio.com\/fr\/produit\/gel-nettoyant-2-en-1-cheveux-et-corps\/#primaryimage"},"image":{"@id":"https:\/\/druidebio.com\/fr\/produit\/gel-nettoyant-2-en-1-cheveux-et-corps\/#primaryimage"},"thumbnailUrl":"https:\/\/druidebio.com\/wp-content\/uploads\/2022\/08\/druide-biolove-baby-face-body-hair-care-gel-cleansing-2-in-1-chamomile-250ml-8.4oz-bottle.jpg","datePublished":"2022-08-26T15:48:21+00:00","dateModified":"2026-04-08T18:49:04+00:00","description":"D\u00e9couvrez notre Gel Nettoyant -en-1 BioLove, pour les b\u00e9b\u00e9s et tout-petits. Une formule sans sulfates, \u00e9labor\u00e9e \u00e0 partir d'ingr\u00e9dients d'origine v\u00e9g\u00e9tale apaisants. Il soulage les irritations cutan\u00e9es, calme l'ecz\u00e9ma du nourrisson et laisse la peau souple et hydrat\u00e9e.","breadcrumb":{"@id":"https:\/\/druidebio.com\/fr\/produit\/gel-nettoyant-2-en-1-cheveux-et-corps\/#breadcrumb"},"inLanguage":"fr-FR","potentialAction":[{"@type":"ReadAction","target":["https:\/\/druidebio.com\/fr\/produit\/gel-nettoyant-2-en-1-cheveux-et-corps\/"]}]},{"@type":"ImageObject","inLanguage":"fr-FR","@id":"https:\/\/druidebio.com\/fr\/produit\/gel-nettoyant-2-en-1-cheveux-et-corps\/#primaryimage","url":"https:\/\/druidebio.com\/wp-content\/uploads\/2022\/08\/druide-biolove-baby-face-body-hair-care-gel-cleansing-2-in-1-chamomile-250ml-8.4oz-bottle.jpg","contentUrl":"https:\/\/druidebio.com\/wp-content\/uploads\/2022\/08\/druide-biolove-baby-face-body-hair-care-gel-cleansing-2-in-1-chamomile-250ml-8.4oz-bottle.jpg","width":1200,"height":1200,"caption":"Gel Nettoyant 2-en-1 Cheveux et Corps"},{"@type":"BreadcrumbList","@id":"https:\/\/druidebio.com\/fr\/produit\/gel-nettoyant-2-en-1-cheveux-et-corps\/#breadcrumb","itemListElement":[{"@type":"ListItem","position":1,"name":"Home","item":"https:\/\/druidebio.com\/fr\/"},{"@type":"ListItem","position":2,"name":"Boutique","item":"https:\/\/druidebio.com\/fr\/boutique\/"},{"@type":"ListItem","position":3,"name":"Gel Nettoyant 2-en-1 Cheveux et Corps"}]},{"@type":"WebSite","@id":"https:\/\/druidebio.com\/fr\/#website","url":"https:\/\/druidebio.com\/fr\/","name":"Laboratoires Druide\u00ae | Bio For Life","description":"Natural and Organic Products. ECOCERT\u00ae Certified.","publisher":{"@id":"https:\/\/druidebio.com\/fr\/#organization"},"alternateName":"Druide","potentialAction":[{"@type":"SearchAction","target":{"@type":"EntryPoint","urlTemplate":"https:\/\/druidebio.com\/fr\/?s={search_term_string}"},"query-input":{"@type":"PropertyValueSpecification","valueRequired":true,"valueName":"search_term_string"}}],"inLanguage":"fr-FR"},{"@type":"Organization","@id":"https:\/\/druidebio.com\/fr\/#organization","name":"Druide","alternateName":"Laboratoires Druide","url":"https:\/\/druidebio.com\/fr\/","logo":{"@type":"ImageObject","inLanguage":"fr-FR","@id":"https:\/\/druidebio.com\/fr\/#\/schema\/logo\/image\/","url":"https:\/\/druidebio.com\/wp-content\/uploads\/2022\/08\/logo-fav.png","contentUrl":"https:\/\/druidebio.com\/wp-content\/uploads\/2022\/08\/logo-fav.png","width":512,"height":512,"caption":"Druide"},"image":{"@id":"https:\/\/druidebio.com\/fr\/#\/schema\/logo\/image\/"},"sameAs":["https:\/\/www.facebook.com\/infodruide","https:\/\/www.instagram.com\/druidebio\/","https:\/\/www.pinterest.ca\/DruideBioCanada\/","https:\/\/www.youtube.com\/user\/DRUIDECANADA"]}]}},"_links":{"self":[{"href":"https:\/\/druidebio.com\/fr\/wp-json\/wp\/v2\/product\/2123","targetHints":{"allow":["GET"]}}],"collection":[{"href":"https:\/\/druidebio.com\/fr\/wp-json\/wp\/v2\/product"}],"about":[{"href":"https:\/\/druidebio.com\/fr\/wp-json\/wp\/v2\/types\/product"}],"replies":[{"embeddable":true,"href":"https:\/\/druidebio.com\/fr\/wp-json\/wp\/v2\/comments?post=2123"}],"wp:featuredmedia":[{"embeddable":true,"href":"https:\/\/druidebio.com\/fr\/wp-json\/wp\/v2\/media\/1635"}],"wp:attachment":[{"href":"https:\/\/druidebio.com\/fr\/wp-json\/wp\/v2\/media?parent=2123"}],"wp:term":[{"taxonomy":"product_brand","embeddable":true,"href":"https:\/\/druidebio.com\/fr\/wp-json\/wp\/v2\/product_brand?post=2123"},{"taxonomy":"product_cat","embeddable":true,"href":"https:\/\/druidebio.com\/fr\/wp-json\/wp\/v2\/product_cat?post=2123"},{"taxonomy":"product_tag","embeddable":true,"href":"https:\/\/druidebio.com\/fr\/wp-json\/wp\/v2\/product_tag?post=2123"},{"taxonomy":"giftcard-category","embeddable":true,"href":"https:\/\/druidebio.com\/fr\/wp-json\/wp\/v2\/giftcard-category?post=2123"}],"curies":[{"name":"wp","href":"https:\/\/api.w.org\/{rel}","templated":true}]}}