{"id":2121,"date":"2022-08-26T11:48:20","date_gmt":"2022-08-26T15:48:20","guid":{"rendered":"https:\/\/druide.wpengine.com\/product\/no-zinc-paste-for-diaper-rash\/"},"modified":"2026-05-04T22:45:05","modified_gmt":"2026-05-05T02:45:05","slug":"pate-sans-zinc-erythemes-fessiers","status":"publish","type":"product","link":"https:\/\/druidebio.com\/fr\/produit\/pate-sans-zinc-erythemes-fessiers\/","title":{"rendered":"P\u00e2te Sans Zinc \u00c9ryth\u00e8mes Fessiers"},"content":{"rendered":"<h2>Douceur et protection au naturel pour le change de b\u00e9b\u00e9<\/h2>\n<p>D\u00e9couvrez notre P\u00e2te Sans Zinc \u00c9ryth\u00e8mes Fessiers BioLove, une solution douce pour les fesses d\u00e9licates des b\u00e9b\u00e9s.<\/p>\n<p>Avec un m\u00e9lange actif de beurre de karit\u00e9, cette solution fournit la nutrition essentielle pour maintenir la douceur de la peau. La farine d\u2019avoine, connue pour ses propri\u00e9t\u00e9s naturelles d&rsquo;absorption, aide \u00e0 \u00e9liminer l&rsquo;exc\u00e8s d&rsquo;humidit\u00e9, r\u00e9duisant ainsi le risque d&rsquo;irritation.<\/p>\n<p>L&rsquo;extrait de calendula joue aussi un r\u00f4le cl\u00e9 dans cette formule. Traditionnellement utilis\u00e9 dans les soins de la peau pour ses propri\u00e9t\u00e9s calmantes, il soulage rapidement rougeurs et d\u00e9mangeaisons.<\/p>\n<p>Lorsqu&rsquo;il est appliqu\u00e9, ce baume cr\u00e9e une couche protectrice, agissant comme une barri\u00e8re entre la peau d\u00e9licate de votre enfant et les agressions ext\u00e9rieures possibles, comme les frottements caus\u00e9s par les couches.<\/p>\n<p>Le point fort de notre p\u00e2te est l&rsquo;absence de zinc. Bien que le zinc soit couramment utilis\u00e9 dans de nombreux produits pour \u00e9ryth\u00e8mes fessiers, son absence ici permet une meilleure absorption de l&rsquo;humidit\u00e9. Cela r\u00e9duit non seulement le risque de mac\u00e9ration, mais favorise \u00e9galement un environnement plus sain pour la peau.<\/p>\n<p>Un autre avantage notable de notre baume est sa compatibilit\u00e9 avec les couches r\u00e9utilisables. De plus en plus de parents optent pour des alternatives \u00e9cologiques aux couches jetables, et notre baume a \u00e9t\u00e9 formul\u00e9 pour garantir qu&rsquo;il ne compromette pas l&rsquo;efficacit\u00e9 de ces couches.<\/p>\n<p>Nous prenons \u00e0 c\u0153ur votre bien-\u00eatre et celui de notre plan\u00e8te. C&rsquo;est pourquoi notre baume est certifi\u00e9 \u00c9cocert, garantissant une composition 100 % v\u00e9g\u00e9tale (v\u00e9gan), biod\u00e9gradable et exempte de compos\u00e9s nuisibles tels que sulfates, alcool, silicones, parab\u00e8nes, PEG, gluten, OGM, perturbateurs endocriniens, goudron et quaternium. De plus, notre engagement envers les animaux se refl\u00e8te dans notre choix de ne pas effectuer de tests sur eux.<\/p>\n","protected":false},"excerpt":{"rendered":"<p>Prot\u00e9gez la peau de b\u00e9b\u00e9 avec notre P\u00e2te Sans Zinc bio, contre les \u00e9ryth\u00e8mes fessiers. Enrichie en ingr\u00e9dients v\u00e9g\u00e9taux naturels, elle apaise efficacement les rougeurs, les d\u00e9mangeaisons et les irritations du si\u00e8ge.<\/p>\n<ul>\n<li class=\"bullet-arrow\"><strong>Texture <\/strong>: Baume<\/li>\n<li class=\"bullet-arrow\"><strong>Odeur <\/strong>: Camomille<\/li>\n<li class=\"bullet-arrow\"><strong>Format <\/strong>: 60 g \u2013 2.11 oz.<\/li>\n<\/ul>\n<div class=\"row row-full-width align-equal\"  id=\"row-1211856142\">\n\t<div id=\"col-908550251\" class=\"col small-12 large-12\"  >\n\t\t\t\t<div class=\"col-inner\"  >\n\t\t\t\n\t\t\t\n\n  \n    <div class=\"row large-columns-8 medium-columns-8 small-columns-8 row-xsmall\" >\n  <div class=\"gallery-col col\" >\n          <div class=\"col-inner\">\n                        <div class=\"box has-hover gallery-box box-none\">\n              <div class=\"box-image\" >\n                <img width=\"1\" height=\"1\" src=\"https:\/\/druidebio.com\/wp-content\/uploads\/2023\/07\/EcoCert.svg\" class=\"attachment-medium size-medium\" alt=\"\" ids=\"861,868,864,863,865,862\" style=\"none\" lightbox=\"false\" col_spacing=\"xsmall\" columns=\"8\" columns__sm=\"8\" columns__md=\"8\" decoding=\"async\" loading=\"lazy\" \/>                                                              <\/div>\n              <div class=\"box-text text-left\" >\n                 <p><\/p>\n              <\/div>\n            <\/div>\n                      <\/div>\n         <\/div><div class=\"gallery-col col\" >\n          <div class=\"col-inner\">\n                        <div class=\"box has-hover gallery-box box-none\">\n              <div class=\"box-image\" >\n                <img width=\"1\" height=\"1\" src=\"https:\/\/druidebio.com\/wp-content\/uploads\/2023\/07\/Vegan.svg\" class=\"attachment-medium size-medium\" alt=\"\" ids=\"861,868,864,863,865,862\" style=\"none\" lightbox=\"false\" col_spacing=\"xsmall\" columns=\"8\" columns__sm=\"8\" columns__md=\"8\" decoding=\"async\" loading=\"lazy\" \/>                                                              <\/div>\n              <div class=\"box-text text-left\" >\n                 <p><\/p>\n              <\/div>\n            <\/div>\n                      <\/div>\n         <\/div><div class=\"gallery-col col\" >\n          <div class=\"col-inner\">\n                        <div class=\"box has-hover gallery-box box-none\">\n              <div class=\"box-image\" >\n                <img width=\"1\" height=\"1\" src=\"https:\/\/druidebio.com\/wp-content\/uploads\/2023\/07\/Not_Tested_Animals.svg\" class=\"attachment-medium size-medium\" alt=\"\" ids=\"861,868,864,863,865,862\" style=\"none\" lightbox=\"false\" col_spacing=\"xsmall\" columns=\"8\" columns__sm=\"8\" columns__md=\"8\" decoding=\"async\" loading=\"lazy\" \/>                                                              <\/div>\n              <div class=\"box-text text-left\" >\n                 <p><\/p>\n              <\/div>\n            <\/div>\n                      <\/div>\n         <\/div><div class=\"gallery-col col\" >\n          <div class=\"col-inner\">\n                        <div class=\"box has-hover gallery-box box-none\">\n              <div class=\"box-image\" >\n                <img width=\"1\" height=\"1\" src=\"https:\/\/druidebio.com\/wp-content\/uploads\/2023\/07\/NoGMO.svg\" class=\"attachment-medium size-medium\" alt=\"\" ids=\"861,868,864,863,865,862\" style=\"none\" lightbox=\"false\" col_spacing=\"xsmall\" columns=\"8\" columns__sm=\"8\" columns__md=\"8\" decoding=\"async\" loading=\"lazy\" \/>                                                              <\/div>\n              <div class=\"box-text text-left\" >\n                 <p><\/p>\n              <\/div>\n            <\/div>\n                      <\/div>\n         <\/div><div class=\"gallery-col col\" >\n          <div class=\"col-inner\">\n                        <div class=\"box has-hover gallery-box box-none\">\n              <div class=\"box-image\" >\n                <img width=\"1\" height=\"1\" src=\"https:\/\/druidebio.com\/wp-content\/uploads\/2023\/07\/Recyclable.svg\" class=\"attachment-medium size-medium\" alt=\"\" ids=\"861,868,864,863,865,862\" style=\"none\" lightbox=\"false\" col_spacing=\"xsmall\" columns=\"8\" columns__sm=\"8\" columns__md=\"8\" decoding=\"async\" loading=\"lazy\" \/>                                                              <\/div>\n              <div class=\"box-text text-left\" >\n                 <p><\/p>\n              <\/div>\n            <\/div>\n                      <\/div>\n         <\/div><div class=\"gallery-col col\" >\n          <div class=\"col-inner\">\n                        <div class=\"box has-hover gallery-box box-none\">\n              <div class=\"box-image\" >\n                <img width=\"1\" height=\"1\" src=\"https:\/\/druidebio.com\/wp-content\/uploads\/2023\/07\/Gluten_Free.svg\" class=\"attachment-medium size-medium\" alt=\"\" ids=\"861,868,864,863,865,862\" style=\"none\" lightbox=\"false\" col_spacing=\"xsmall\" columns=\"8\" columns__sm=\"8\" columns__md=\"8\" decoding=\"async\" loading=\"lazy\" \/>                                                              <\/div>\n              <div class=\"box-text text-left\" >\n                 <p><\/p>\n              <\/div>\n            <\/div>\n                      <\/div>\n         <\/div><\/div>\n\t\t<\/div>\n\t\t\t\t\t<\/div>\n\n\t<\/div>\n","protected":false},"featured_media":1634,"comment_status":"open","ping_status":"closed","template":"","meta":[],"product_brand":[],"product_cat":[99,93,92],"product_tag":[],"giftcard-category":[],"class_list":{"0":"post-2121","1":"product","2":"type-product","3":"status-publish","4":"has-post-thumbnail","6":"product_cat-druide-biolove-bebe","7":"product_cat-soins-corps","8":"product_cat-soins-bebes","10":"first","11":"instock","12":"taxable","13":"shipping-taxable","14":"purchasable","15":"product-type-simple"},"yoast_head":"<!-- This site is optimized with the Yoast SEO plugin v27.1.1 - https:\/\/yoast.com\/product\/yoast-seo-wordpress\/ -->\n<title>P\u00e2te Sans Zinc \u00c9ryth\u00e8mes Fessiers | Laboratoires Druide\u00ae | Bio For Life<\/title>\n<meta name=\"description\" content=\"Prot\u00e9gez la peau de b\u00e9b\u00e9 avec notre P\u00e2te Sans Zinc bio, contre les \u00e9ryth\u00e8mes fessiers. Enrichie en ingr\u00e9dients v\u00e9g\u00e9taux naturels, elle apaise efficacement les rougeurs, les d\u00e9mangeaisons et les irritations du si\u00e8ge.\" \/>\n<meta name=\"robots\" content=\"index, follow, max-snippet:-1, max-image-preview:large, max-video-preview:-1\" \/>\n<link rel=\"canonical\" href=\"https:\/\/druidebio.com\/fr\/produit\/pate-sans-zinc-erythemes-fessiers\/\" \/>\n<meta property=\"og:locale\" content=\"fr_FR\" \/>\n<meta property=\"og:type\" content=\"article\" \/>\n<meta property=\"og:title\" content=\"P\u00e2te Sans Zinc \u00c9ryth\u00e8mes Fessiers | Laboratoires Druide\u00ae | Bio For Life\" \/>\n<meta property=\"og:description\" content=\"Prot\u00e9gez la peau de b\u00e9b\u00e9 avec notre P\u00e2te Sans Zinc bio, contre les \u00e9ryth\u00e8mes fessiers. Enrichie en ingr\u00e9dients v\u00e9g\u00e9taux naturels, elle apaise efficacement les rougeurs, les d\u00e9mangeaisons et les irritations du si\u00e8ge.\" \/>\n<meta property=\"og:url\" content=\"https:\/\/druidebio.com\/fr\/produit\/pate-sans-zinc-erythemes-fessiers\/\" \/>\n<meta property=\"og:site_name\" content=\"Laboratoires Druide\u00ae | Bio For Life\" \/>\n<meta property=\"article:publisher\" content=\"https:\/\/www.facebook.com\/infodruide\" \/>\n<meta property=\"article:modified_time\" content=\"2026-05-05T02:45:05+00:00\" \/>\n<meta property=\"og:image\" content=\"https:\/\/druidebio.com\/wp-content\/uploads\/2022\/08\/druide-biolove-body-care-baby-no-zinc-paste-diaper-rash-chamomile-60g-2.02oz-container.jpg\" \/>\n\t<meta property=\"og:image:width\" content=\"1200\" \/>\n\t<meta property=\"og:image:height\" content=\"1200\" \/>\n\t<meta property=\"og:image:type\" content=\"image\/jpeg\" \/>\n<meta name=\"twitter:card\" content=\"summary_large_image\" \/>\n<script type=\"application\/ld+json\" class=\"yoast-schema-graph\">{\"@context\":\"https:\/\/schema.org\",\"@graph\":[{\"@type\":[\"WebPage\",\"ItemPage\"],\"@id\":\"https:\/\/druidebio.com\/fr\/produit\/pate-sans-zinc-erythemes-fessiers\/\",\"url\":\"https:\/\/druidebio.com\/fr\/produit\/pate-sans-zinc-erythemes-fessiers\/\",\"name\":\"P\u00e2te Sans Zinc \u00c9ryth\u00e8mes Fessiers | Laboratoires Druide\u00ae | Bio For Life\",\"isPartOf\":{\"@id\":\"https:\/\/druidebio.com\/fr\/#website\"},\"primaryImageOfPage\":{\"@id\":\"https:\/\/druidebio.com\/fr\/produit\/pate-sans-zinc-erythemes-fessiers\/#primaryimage\"},\"image\":{\"@id\":\"https:\/\/druidebio.com\/fr\/produit\/pate-sans-zinc-erythemes-fessiers\/#primaryimage\"},\"thumbnailUrl\":\"https:\/\/druidebio.com\/wp-content\/uploads\/2022\/08\/druide-biolove-body-care-baby-no-zinc-paste-diaper-rash-chamomile-60g-2.02oz-container.jpg\",\"datePublished\":\"2022-08-26T15:48:20+00:00\",\"dateModified\":\"2026-05-05T02:45:05+00:00\",\"description\":\"Prot\u00e9gez la peau de b\u00e9b\u00e9 avec notre P\u00e2te Sans Zinc bio, contre les \u00e9ryth\u00e8mes fessiers. Enrichie en ingr\u00e9dients v\u00e9g\u00e9taux naturels, elle apaise efficacement les rougeurs, les d\u00e9mangeaisons et les irritations du si\u00e8ge.\",\"breadcrumb\":{\"@id\":\"https:\/\/druidebio.com\/fr\/produit\/pate-sans-zinc-erythemes-fessiers\/#breadcrumb\"},\"inLanguage\":\"fr-FR\",\"potentialAction\":[{\"@type\":\"ReadAction\",\"target\":[\"https:\/\/druidebio.com\/fr\/produit\/pate-sans-zinc-erythemes-fessiers\/\"]}]},{\"@type\":\"ImageObject\",\"inLanguage\":\"fr-FR\",\"@id\":\"https:\/\/druidebio.com\/fr\/produit\/pate-sans-zinc-erythemes-fessiers\/#primaryimage\",\"url\":\"https:\/\/druidebio.com\/wp-content\/uploads\/2022\/08\/druide-biolove-body-care-baby-no-zinc-paste-diaper-rash-chamomile-60g-2.02oz-container.jpg\",\"contentUrl\":\"https:\/\/druidebio.com\/wp-content\/uploads\/2022\/08\/druide-biolove-body-care-baby-no-zinc-paste-diaper-rash-chamomile-60g-2.02oz-container.jpg\",\"width\":1200,\"height\":1200,\"caption\":\"P\u00e2te Sans Zinc \u00c9ryth\u00e8mes Fessiers\"},{\"@type\":\"BreadcrumbList\",\"@id\":\"https:\/\/druidebio.com\/fr\/produit\/pate-sans-zinc-erythemes-fessiers\/#breadcrumb\",\"itemListElement\":[{\"@type\":\"ListItem\",\"position\":1,\"name\":\"Home\",\"item\":\"https:\/\/druidebio.com\/fr\/\"},{\"@type\":\"ListItem\",\"position\":2,\"name\":\"Boutique\",\"item\":\"https:\/\/druidebio.com\/fr\/boutique\/\"},{\"@type\":\"ListItem\",\"position\":3,\"name\":\"P\u00e2te Sans Zinc \u00c9ryth\u00e8mes Fessiers\"}]},{\"@type\":\"WebSite\",\"@id\":\"https:\/\/druidebio.com\/fr\/#website\",\"url\":\"https:\/\/druidebio.com\/fr\/\",\"name\":\"Laboratoires Druide\u00ae | Bio For Life\",\"description\":\"Natural and Organic Products. ECOCERT\u00ae Certified.\",\"publisher\":{\"@id\":\"https:\/\/druidebio.com\/fr\/#organization\"},\"alternateName\":\"Druide\",\"potentialAction\":[{\"@type\":\"SearchAction\",\"target\":{\"@type\":\"EntryPoint\",\"urlTemplate\":\"https:\/\/druidebio.com\/fr\/?s={search_term_string}\"},\"query-input\":{\"@type\":\"PropertyValueSpecification\",\"valueRequired\":true,\"valueName\":\"search_term_string\"}}],\"inLanguage\":\"fr-FR\"},{\"@type\":\"Organization\",\"@id\":\"https:\/\/druidebio.com\/fr\/#organization\",\"name\":\"Druide\",\"alternateName\":\"Laboratoires Druide\",\"url\":\"https:\/\/druidebio.com\/fr\/\",\"logo\":{\"@type\":\"ImageObject\",\"inLanguage\":\"fr-FR\",\"@id\":\"https:\/\/druidebio.com\/fr\/#\/schema\/logo\/image\/\",\"url\":\"https:\/\/druidebio.com\/wp-content\/uploads\/2022\/08\/logo-fav.png\",\"contentUrl\":\"https:\/\/druidebio.com\/wp-content\/uploads\/2022\/08\/logo-fav.png\",\"width\":512,\"height\":512,\"caption\":\"Druide\"},\"image\":{\"@id\":\"https:\/\/druidebio.com\/fr\/#\/schema\/logo\/image\/\"},\"sameAs\":[\"https:\/\/www.facebook.com\/infodruide\",\"https:\/\/www.instagram.com\/druidebio\/\",\"https:\/\/www.pinterest.ca\/DruideBioCanada\/\",\"https:\/\/www.youtube.com\/user\/DRUIDECANADA\"]}]}<\/script>\n<!-- \/ Yoast SEO plugin. -->","yoast_head_json":{"title":"P\u00e2te Sans Zinc \u00c9ryth\u00e8mes Fessiers | Laboratoires Druide\u00ae | Bio For Life","description":"Prot\u00e9gez la peau de b\u00e9b\u00e9 avec notre P\u00e2te Sans Zinc bio, contre les \u00e9ryth\u00e8mes fessiers. Enrichie en ingr\u00e9dients v\u00e9g\u00e9taux naturels, elle apaise efficacement les rougeurs, les d\u00e9mangeaisons et les irritations du si\u00e8ge.","robots":{"index":"index","follow":"follow","max-snippet":"max-snippet:-1","max-image-preview":"max-image-preview:large","max-video-preview":"max-video-preview:-1"},"canonical":"https:\/\/druidebio.com\/fr\/produit\/pate-sans-zinc-erythemes-fessiers\/","og_locale":"fr_FR","og_type":"article","og_title":"P\u00e2te Sans Zinc \u00c9ryth\u00e8mes Fessiers | Laboratoires Druide\u00ae | Bio For Life","og_description":"Prot\u00e9gez la peau de b\u00e9b\u00e9 avec notre P\u00e2te Sans Zinc bio, contre les \u00e9ryth\u00e8mes fessiers. Enrichie en ingr\u00e9dients v\u00e9g\u00e9taux naturels, elle apaise efficacement les rougeurs, les d\u00e9mangeaisons et les irritations du si\u00e8ge.","og_url":"https:\/\/druidebio.com\/fr\/produit\/pate-sans-zinc-erythemes-fessiers\/","og_site_name":"Laboratoires Druide\u00ae | Bio For Life","article_publisher":"https:\/\/www.facebook.com\/infodruide","article_modified_time":"2026-05-05T02:45:05+00:00","og_image":[{"width":1200,"height":1200,"url":"https:\/\/druidebio.com\/wp-content\/uploads\/2022\/08\/druide-biolove-body-care-baby-no-zinc-paste-diaper-rash-chamomile-60g-2.02oz-container.jpg","type":"image\/jpeg"}],"twitter_card":"summary_large_image","schema":{"@context":"https:\/\/schema.org","@graph":[{"@type":["WebPage","ItemPage"],"@id":"https:\/\/druidebio.com\/fr\/produit\/pate-sans-zinc-erythemes-fessiers\/","url":"https:\/\/druidebio.com\/fr\/produit\/pate-sans-zinc-erythemes-fessiers\/","name":"P\u00e2te Sans Zinc \u00c9ryth\u00e8mes Fessiers | Laboratoires Druide\u00ae | Bio For Life","isPartOf":{"@id":"https:\/\/druidebio.com\/fr\/#website"},"primaryImageOfPage":{"@id":"https:\/\/druidebio.com\/fr\/produit\/pate-sans-zinc-erythemes-fessiers\/#primaryimage"},"image":{"@id":"https:\/\/druidebio.com\/fr\/produit\/pate-sans-zinc-erythemes-fessiers\/#primaryimage"},"thumbnailUrl":"https:\/\/druidebio.com\/wp-content\/uploads\/2022\/08\/druide-biolove-body-care-baby-no-zinc-paste-diaper-rash-chamomile-60g-2.02oz-container.jpg","datePublished":"2022-08-26T15:48:20+00:00","dateModified":"2026-05-05T02:45:05+00:00","description":"Prot\u00e9gez la peau de b\u00e9b\u00e9 avec notre P\u00e2te Sans Zinc bio, contre les \u00e9ryth\u00e8mes fessiers. Enrichie en ingr\u00e9dients v\u00e9g\u00e9taux naturels, elle apaise efficacement les rougeurs, les d\u00e9mangeaisons et les irritations du si\u00e8ge.","breadcrumb":{"@id":"https:\/\/druidebio.com\/fr\/produit\/pate-sans-zinc-erythemes-fessiers\/#breadcrumb"},"inLanguage":"fr-FR","potentialAction":[{"@type":"ReadAction","target":["https:\/\/druidebio.com\/fr\/produit\/pate-sans-zinc-erythemes-fessiers\/"]}]},{"@type":"ImageObject","inLanguage":"fr-FR","@id":"https:\/\/druidebio.com\/fr\/produit\/pate-sans-zinc-erythemes-fessiers\/#primaryimage","url":"https:\/\/druidebio.com\/wp-content\/uploads\/2022\/08\/druide-biolove-body-care-baby-no-zinc-paste-diaper-rash-chamomile-60g-2.02oz-container.jpg","contentUrl":"https:\/\/druidebio.com\/wp-content\/uploads\/2022\/08\/druide-biolove-body-care-baby-no-zinc-paste-diaper-rash-chamomile-60g-2.02oz-container.jpg","width":1200,"height":1200,"caption":"P\u00e2te Sans Zinc \u00c9ryth\u00e8mes Fessiers"},{"@type":"BreadcrumbList","@id":"https:\/\/druidebio.com\/fr\/produit\/pate-sans-zinc-erythemes-fessiers\/#breadcrumb","itemListElement":[{"@type":"ListItem","position":1,"name":"Home","item":"https:\/\/druidebio.com\/fr\/"},{"@type":"ListItem","position":2,"name":"Boutique","item":"https:\/\/druidebio.com\/fr\/boutique\/"},{"@type":"ListItem","position":3,"name":"P\u00e2te Sans Zinc \u00c9ryth\u00e8mes Fessiers"}]},{"@type":"WebSite","@id":"https:\/\/druidebio.com\/fr\/#website","url":"https:\/\/druidebio.com\/fr\/","name":"Laboratoires Druide\u00ae | Bio For Life","description":"Natural and Organic Products. ECOCERT\u00ae Certified.","publisher":{"@id":"https:\/\/druidebio.com\/fr\/#organization"},"alternateName":"Druide","potentialAction":[{"@type":"SearchAction","target":{"@type":"EntryPoint","urlTemplate":"https:\/\/druidebio.com\/fr\/?s={search_term_string}"},"query-input":{"@type":"PropertyValueSpecification","valueRequired":true,"valueName":"search_term_string"}}],"inLanguage":"fr-FR"},{"@type":"Organization","@id":"https:\/\/druidebio.com\/fr\/#organization","name":"Druide","alternateName":"Laboratoires Druide","url":"https:\/\/druidebio.com\/fr\/","logo":{"@type":"ImageObject","inLanguage":"fr-FR","@id":"https:\/\/druidebio.com\/fr\/#\/schema\/logo\/image\/","url":"https:\/\/druidebio.com\/wp-content\/uploads\/2022\/08\/logo-fav.png","contentUrl":"https:\/\/druidebio.com\/wp-content\/uploads\/2022\/08\/logo-fav.png","width":512,"height":512,"caption":"Druide"},"image":{"@id":"https:\/\/druidebio.com\/fr\/#\/schema\/logo\/image\/"},"sameAs":["https:\/\/www.facebook.com\/infodruide","https:\/\/www.instagram.com\/druidebio\/","https:\/\/www.pinterest.ca\/DruideBioCanada\/","https:\/\/www.youtube.com\/user\/DRUIDECANADA"]}]}},"_links":{"self":[{"href":"https:\/\/druidebio.com\/fr\/wp-json\/wp\/v2\/product\/2121","targetHints":{"allow":["GET"]}}],"collection":[{"href":"https:\/\/druidebio.com\/fr\/wp-json\/wp\/v2\/product"}],"about":[{"href":"https:\/\/druidebio.com\/fr\/wp-json\/wp\/v2\/types\/product"}],"replies":[{"embeddable":true,"href":"https:\/\/druidebio.com\/fr\/wp-json\/wp\/v2\/comments?post=2121"}],"wp:featuredmedia":[{"embeddable":true,"href":"https:\/\/druidebio.com\/fr\/wp-json\/wp\/v2\/media\/1634"}],"wp:attachment":[{"href":"https:\/\/druidebio.com\/fr\/wp-json\/wp\/v2\/media?parent=2121"}],"wp:term":[{"taxonomy":"product_brand","embeddable":true,"href":"https:\/\/druidebio.com\/fr\/wp-json\/wp\/v2\/product_brand?post=2121"},{"taxonomy":"product_cat","embeddable":true,"href":"https:\/\/druidebio.com\/fr\/wp-json\/wp\/v2\/product_cat?post=2121"},{"taxonomy":"product_tag","embeddable":true,"href":"https:\/\/druidebio.com\/fr\/wp-json\/wp\/v2\/product_tag?post=2121"},{"taxonomy":"giftcard-category","embeddable":true,"href":"https:\/\/druidebio.com\/fr\/wp-json\/wp\/v2\/giftcard-category?post=2121"}],"curies":[{"name":"wp","href":"https:\/\/api.w.org\/{rel}","templated":true}]}}