{"id":2119,"date":"2022-08-26T11:48:21","date_gmt":"2022-08-26T15:48:21","guid":{"rendered":"https:\/\/druide.wpengine.com\/product\/sunscreen-spf30-for-baby\/"},"modified":"2026-05-12T20:09:32","modified_gmt":"2026-05-13T00:09:32","slug":"creme-solaire-fps30-bebe","status":"publish","type":"product","link":"https:\/\/druidebio.com\/fr\/produit\/creme-solaire-fps30-bebe\/","title":{"rendered":"Cr\u00e8me Solaire FPS30 B\u00e9b\u00e9"},"content":{"rendered":"<h2>Une protection solaire, sans filtre chimique, ad\u00e9quate pour b\u00e9b\u00e9s et enfants<\/h2>\n<p>D\u00e9couvrez une avanc\u00e9e remarquable dans le secteur des soins solaires biologiques : notre Cr\u00e8me Solaire Min\u00e9rale BioLove d\u00e9di\u00e9e \u00e0 la s\u00e9curit\u00e9 des tout-petits face aux rayons du soleil.<\/p>\n<p>Reconnaissant la n\u00e9cessit\u00e9 d&rsquo;une protection sp\u00e9cifique pour la peau encore en d\u00e9veloppement de vos b\u00e9b\u00e9s et jeunes enfants, nous avons mis au point une formule offrant un indice de protection FPS 30 \u00e0 large spectre. Cette protection combat efficacement l&rsquo;ensemble des rayons solaires, notamment les UVA responsables du vieillissement cutan\u00e9 pr\u00e9matur\u00e9 et les UVB \u00e0 l&rsquo;origine des coups de soleil.<\/p>\n<p>Notre cr\u00e8me s&rsquo;applique facilement gr\u00e2ce \u00e0 sa texture fluide qui s&rsquo;int\u00e8gre harmonieusement \u00e0 la peau, sans laisser de traces blanches. Cela en fait une option privil\u00e9gi\u00e9e pour une utilisation quotidienne.<\/p>\n<p>Les extraits v\u00e9g\u00e9taux int\u00e9gr\u00e9s dans notre composition assurent une hydratation continue, \u00e9vitant ainsi la s\u00e9cheresse due \u00e0 l&rsquo;exposition solaire. De plus, un parfum frais et subtil accompagne chaque application, apportant une sensation de douceur.<\/p>\n<p>Mais au-del\u00e0 de la simple protection et de l&rsquo;hydratation, notre cr\u00e8me solaire va plus loin. \u00c9labor\u00e9e sans ajout de nanoparticules, elle r\u00e9pond aux besoins des peaux les plus sensibles, \u00e9vitant irritations et rougeurs. Nous accordons \u00e9galement une importance primordiale \u00e0 la pr\u00e9servation du microbiote cutan\u00e9, cette flore b\u00e9n\u00e9fique qui joue un r\u00f4le cl\u00e9 dans la sant\u00e9 de la peau. En utilisant notre cr\u00e8me, vous prot\u00e9gez non seulement vos enfants des rayons du soleil, mais vous contribuez \u00e9galement \u00e0 renforcer la barri\u00e8re naturelle de leur peau.<\/p>\n<p>Certifi\u00e9e biologique par \u00c9cocert et enti\u00e8rement biod\u00e9gradable, notre cr\u00e8me solaire est une v\u00e9ritable alli\u00e9e de l&rsquo;environnement. Elle exclut l&rsquo;alcool, le silicone, les parab\u00e8nes, les PEG, le gluten, les OGM, les perturbateurs endocriniens, le goudron, le quaternium, ainsi que les colorants. De plus, aucun test n&rsquo;est effectu\u00e9 sur les animaux, t\u00e9moignant de notre engagement envers l&rsquo;\u00e9thique animale.<\/p>\n<p>Optez d\u00e8s maintenant pour notre Cr\u00e8me Solaire BioLove, une garantie de protection optimale tout en s&rsquo;alignant sur les principes environnementaux qui nous tiennent \u00e0 c\u0153ur. Offrez \u00e0 vos enfants le meilleur de la nature, pour une peau et des valeurs pr\u00e9serv\u00e9es.<\/p>\n","protected":false},"excerpt":{"rendered":"<p>Prot\u00e9gez la peau de votre b\u00e9b\u00e9 avec notre cr\u00e8me solaire min\u00e9rale SPF30 sans nanoparticules, facile \u00e0 appliquer et sans traces blanches.<\/p>\n<ul>\n<li class=\"bullet-arrow\"><strong>Texture <\/strong>: Cr\u00e8me claire avec finition translucide<\/li>\n<li class=\"bullet-arrow\"><strong>Odeur <\/strong>: Noix de coco, Vanille<\/li>\n<li class=\"bullet-arrow\"><strong>Format <\/strong>: 100 g \u2013 3.5 oz.<\/li>\n<\/ul>\n<div class=\"row row-full-width align-equal\"  id=\"row-501330228\">\n\t<div id=\"col-705641769\" class=\"col small-12 large-12\"  >\n\t\t\t\t<div class=\"col-inner\"  >\n\t\t\t\n\t\t\t\n\n  \n    <div class=\"row large-columns-8 medium-columns-8 small-columns-8 row-xsmall\" >\n  <div class=\"gallery-col col\" >\n          <div class=\"col-inner\">\n                        <div class=\"box has-hover gallery-box box-none\">\n              <div class=\"box-image\" >\n                <img width=\"1\" height=\"1\" src=\"https:\/\/druidebio.com\/wp-content\/uploads\/2023\/07\/EcoCert.svg\" class=\"attachment-medium size-medium\" alt=\"\" ids=\"861,868,864,863,865,862\" style=\"none\" lightbox=\"false\" col_spacing=\"xsmall\" columns=\"8\" columns__sm=\"8\" columns__md=\"8\" decoding=\"async\" loading=\"lazy\" \/>                                                              <\/div>\n              <div class=\"box-text text-left\" >\n                 <p><\/p>\n              <\/div>\n            <\/div>\n                      <\/div>\n         <\/div><div class=\"gallery-col col\" >\n          <div class=\"col-inner\">\n                        <div class=\"box has-hover gallery-box box-none\">\n              <div class=\"box-image\" >\n                <img width=\"1\" height=\"1\" src=\"https:\/\/druidebio.com\/wp-content\/uploads\/2023\/07\/Vegan.svg\" class=\"attachment-medium size-medium\" alt=\"\" ids=\"861,868,864,863,865,862\" style=\"none\" lightbox=\"false\" col_spacing=\"xsmall\" columns=\"8\" columns__sm=\"8\" columns__md=\"8\" decoding=\"async\" loading=\"lazy\" \/>                                                              <\/div>\n              <div class=\"box-text text-left\" >\n                 <p><\/p>\n              <\/div>\n            <\/div>\n                      <\/div>\n         <\/div><div class=\"gallery-col col\" >\n          <div class=\"col-inner\">\n                        <div class=\"box has-hover gallery-box box-none\">\n              <div class=\"box-image\" >\n                <img width=\"1\" height=\"1\" src=\"https:\/\/druidebio.com\/wp-content\/uploads\/2023\/07\/Not_Tested_Animals.svg\" class=\"attachment-medium size-medium\" alt=\"\" ids=\"861,868,864,863,865,862\" style=\"none\" lightbox=\"false\" col_spacing=\"xsmall\" columns=\"8\" columns__sm=\"8\" columns__md=\"8\" decoding=\"async\" loading=\"lazy\" \/>                                                              <\/div>\n              <div class=\"box-text text-left\" >\n                 <p><\/p>\n              <\/div>\n            <\/div>\n                      <\/div>\n         <\/div><div class=\"gallery-col col\" >\n          <div class=\"col-inner\">\n                        <div class=\"box has-hover gallery-box box-none\">\n              <div class=\"box-image\" >\n                <img width=\"1\" height=\"1\" src=\"https:\/\/druidebio.com\/wp-content\/uploads\/2023\/07\/NoGMO.svg\" class=\"attachment-medium size-medium\" alt=\"\" ids=\"861,868,864,863,865,862\" style=\"none\" lightbox=\"false\" col_spacing=\"xsmall\" columns=\"8\" columns__sm=\"8\" columns__md=\"8\" decoding=\"async\" loading=\"lazy\" \/>                                                              <\/div>\n              <div class=\"box-text text-left\" >\n                 <p><\/p>\n              <\/div>\n            <\/div>\n                      <\/div>\n         <\/div><div class=\"gallery-col col\" >\n          <div class=\"col-inner\">\n                        <div class=\"box has-hover gallery-box box-none\">\n              <div class=\"box-image\" >\n                <img width=\"1\" height=\"1\" src=\"https:\/\/druidebio.com\/wp-content\/uploads\/2023\/07\/Recyclable.svg\" class=\"attachment-medium size-medium\" alt=\"\" ids=\"861,868,864,863,865,862\" style=\"none\" lightbox=\"false\" col_spacing=\"xsmall\" columns=\"8\" columns__sm=\"8\" columns__md=\"8\" decoding=\"async\" loading=\"lazy\" \/>                                                              <\/div>\n              <div class=\"box-text text-left\" >\n                 <p><\/p>\n              <\/div>\n            <\/div>\n                      <\/div>\n         <\/div><div class=\"gallery-col col\" >\n          <div class=\"col-inner\">\n                        <div class=\"box has-hover gallery-box box-none\">\n              <div class=\"box-image\" >\n                <img width=\"1\" height=\"1\" src=\"https:\/\/druidebio.com\/wp-content\/uploads\/2023\/07\/Gluten_Free.svg\" class=\"attachment-medium size-medium\" alt=\"\" ids=\"861,868,864,863,865,862\" style=\"none\" lightbox=\"false\" col_spacing=\"xsmall\" columns=\"8\" columns__sm=\"8\" columns__md=\"8\" decoding=\"async\" loading=\"lazy\" \/>                                                              <\/div>\n              <div class=\"box-text text-left\" >\n                 <p><\/p>\n              <\/div>\n            <\/div>\n                      <\/div>\n         <\/div><\/div>\n\t\t<\/div>\n\t\t\t\t\t<\/div>\n\n\t<\/div>\n","protected":false},"featured_media":1633,"comment_status":"open","ping_status":"closed","template":"","meta":[],"product_brand":[],"product_cat":[121,99,93,94,92],"product_tag":[],"giftcard-category":[],"class_list":{"0":"post-2119","1":"product","2":"type-product","3":"status-publish","4":"has-post-thumbnail","6":"product_cat-cremes-solaires","7":"product_cat-druide-biolove-bebe","8":"product_cat-soins-corps","9":"product_cat-soins-visage","10":"product_cat-soins-bebes","12":"first","13":"instock","14":"featured","15":"taxable","16":"shipping-taxable","17":"purchasable","18":"product-type-simple"},"yoast_head":"<!-- This site is optimized with the Yoast SEO plugin v27.1.1 - https:\/\/yoast.com\/product\/yoast-seo-wordpress\/ -->\n<title>Cr\u00e8me Solaire FPS30 B\u00e9b\u00e9 | Laboratoires Druide\u00ae | Bio For Life<\/title>\n<meta name=\"description\" content=\"Prot\u00e9gez la peau de votre b\u00e9b\u00e9 avec notre cr\u00e8me solaire min\u00e9rale SPF30 sans nanoparticules, facile \u00e0 appliquer et sans traces blanches.\" \/>\n<meta name=\"robots\" content=\"index, follow, max-snippet:-1, max-image-preview:large, max-video-preview:-1\" \/>\n<link rel=\"canonical\" href=\"https:\/\/druidebio.com\/fr\/produit\/creme-solaire-fps30-bebe\/\" \/>\n<meta property=\"og:locale\" content=\"fr_FR\" \/>\n<meta property=\"og:type\" content=\"article\" \/>\n<meta property=\"og:title\" content=\"Cr\u00e8me Solaire FPS30 B\u00e9b\u00e9 | Laboratoires Druide\u00ae | Bio For Life\" \/>\n<meta property=\"og:description\" content=\"Prot\u00e9gez la peau de votre b\u00e9b\u00e9 avec notre cr\u00e8me solaire min\u00e9rale SPF30 sans nanoparticules, facile \u00e0 appliquer et sans traces blanches.\" \/>\n<meta property=\"og:url\" content=\"https:\/\/druidebio.com\/fr\/produit\/creme-solaire-fps30-bebe\/\" \/>\n<meta property=\"og:site_name\" content=\"Laboratoires Druide\u00ae | Bio For Life\" \/>\n<meta property=\"article:publisher\" content=\"https:\/\/www.facebook.com\/infodruide\" \/>\n<meta property=\"article:modified_time\" content=\"2026-05-13T00:09:32+00:00\" \/>\n<meta property=\"og:image\" content=\"https:\/\/druidebio.com\/wp-content\/uploads\/2022\/08\/druide-biolove-face-body-care-baby-spf-fps-sunscreen-30-chamomile-100g-3.5oz-tube.jpg\" \/>\n\t<meta property=\"og:image:width\" content=\"1200\" \/>\n\t<meta property=\"og:image:height\" content=\"1200\" \/>\n\t<meta property=\"og:image:type\" content=\"image\/jpeg\" \/>\n<meta name=\"twitter:card\" content=\"summary_large_image\" \/>\n<script type=\"application\/ld+json\" class=\"yoast-schema-graph\">{\"@context\":\"https:\/\/schema.org\",\"@graph\":[{\"@type\":[\"WebPage\",\"ItemPage\"],\"@id\":\"https:\/\/druidebio.com\/fr\/produit\/creme-solaire-fps30-bebe\/\",\"url\":\"https:\/\/druidebio.com\/fr\/produit\/creme-solaire-fps30-bebe\/\",\"name\":\"Cr\u00e8me Solaire FPS30 B\u00e9b\u00e9 | Laboratoires Druide\u00ae | Bio For Life\",\"isPartOf\":{\"@id\":\"https:\/\/druidebio.com\/fr\/#website\"},\"primaryImageOfPage\":{\"@id\":\"https:\/\/druidebio.com\/fr\/produit\/creme-solaire-fps30-bebe\/#primaryimage\"},\"image\":{\"@id\":\"https:\/\/druidebio.com\/fr\/produit\/creme-solaire-fps30-bebe\/#primaryimage\"},\"thumbnailUrl\":\"https:\/\/druidebio.com\/wp-content\/uploads\/2022\/08\/druide-biolove-face-body-care-baby-spf-fps-sunscreen-30-chamomile-100g-3.5oz-tube.jpg\",\"datePublished\":\"2022-08-26T15:48:21+00:00\",\"dateModified\":\"2026-05-13T00:09:32+00:00\",\"description\":\"Prot\u00e9gez la peau de votre b\u00e9b\u00e9 avec notre cr\u00e8me solaire min\u00e9rale SPF30 sans nanoparticules, facile \u00e0 appliquer et sans traces blanches.\",\"breadcrumb\":{\"@id\":\"https:\/\/druidebio.com\/fr\/produit\/creme-solaire-fps30-bebe\/#breadcrumb\"},\"inLanguage\":\"fr-FR\",\"potentialAction\":[{\"@type\":\"ReadAction\",\"target\":[\"https:\/\/druidebio.com\/fr\/produit\/creme-solaire-fps30-bebe\/\"]}]},{\"@type\":\"ImageObject\",\"inLanguage\":\"fr-FR\",\"@id\":\"https:\/\/druidebio.com\/fr\/produit\/creme-solaire-fps30-bebe\/#primaryimage\",\"url\":\"https:\/\/druidebio.com\/wp-content\/uploads\/2022\/08\/druide-biolove-face-body-care-baby-spf-fps-sunscreen-30-chamomile-100g-3.5oz-tube.jpg\",\"contentUrl\":\"https:\/\/druidebio.com\/wp-content\/uploads\/2022\/08\/druide-biolove-face-body-care-baby-spf-fps-sunscreen-30-chamomile-100g-3.5oz-tube.jpg\",\"width\":1200,\"height\":1200,\"caption\":\"Cr\u00e8me Solaire FPS30 B\u00e9b\u00e9\"},{\"@type\":\"BreadcrumbList\",\"@id\":\"https:\/\/druidebio.com\/fr\/produit\/creme-solaire-fps30-bebe\/#breadcrumb\",\"itemListElement\":[{\"@type\":\"ListItem\",\"position\":1,\"name\":\"Home\",\"item\":\"https:\/\/druidebio.com\/fr\/\"},{\"@type\":\"ListItem\",\"position\":2,\"name\":\"Boutique\",\"item\":\"https:\/\/druidebio.com\/fr\/boutique\/\"},{\"@type\":\"ListItem\",\"position\":3,\"name\":\"Cr\u00e8me Solaire FPS30 B\u00e9b\u00e9\"}]},{\"@type\":\"WebSite\",\"@id\":\"https:\/\/druidebio.com\/fr\/#website\",\"url\":\"https:\/\/druidebio.com\/fr\/\",\"name\":\"Laboratoires Druide\u00ae | Bio For Life\",\"description\":\"Natural and Organic Products. ECOCERT\u00ae Certified.\",\"publisher\":{\"@id\":\"https:\/\/druidebio.com\/fr\/#organization\"},\"alternateName\":\"Druide\",\"potentialAction\":[{\"@type\":\"SearchAction\",\"target\":{\"@type\":\"EntryPoint\",\"urlTemplate\":\"https:\/\/druidebio.com\/fr\/?s={search_term_string}\"},\"query-input\":{\"@type\":\"PropertyValueSpecification\",\"valueRequired\":true,\"valueName\":\"search_term_string\"}}],\"inLanguage\":\"fr-FR\"},{\"@type\":\"Organization\",\"@id\":\"https:\/\/druidebio.com\/fr\/#organization\",\"name\":\"Druide\",\"alternateName\":\"Laboratoires Druide\",\"url\":\"https:\/\/druidebio.com\/fr\/\",\"logo\":{\"@type\":\"ImageObject\",\"inLanguage\":\"fr-FR\",\"@id\":\"https:\/\/druidebio.com\/fr\/#\/schema\/logo\/image\/\",\"url\":\"https:\/\/druidebio.com\/wp-content\/uploads\/2022\/08\/logo-fav.png\",\"contentUrl\":\"https:\/\/druidebio.com\/wp-content\/uploads\/2022\/08\/logo-fav.png\",\"width\":512,\"height\":512,\"caption\":\"Druide\"},\"image\":{\"@id\":\"https:\/\/druidebio.com\/fr\/#\/schema\/logo\/image\/\"},\"sameAs\":[\"https:\/\/www.facebook.com\/infodruide\",\"https:\/\/www.instagram.com\/druidebio\/\",\"https:\/\/www.pinterest.ca\/DruideBioCanada\/\",\"https:\/\/www.youtube.com\/user\/DRUIDECANADA\"]}]}<\/script>\n<!-- \/ Yoast SEO plugin. -->","yoast_head_json":{"title":"Cr\u00e8me Solaire FPS30 B\u00e9b\u00e9 | Laboratoires Druide\u00ae | Bio For Life","description":"Prot\u00e9gez la peau de votre b\u00e9b\u00e9 avec notre cr\u00e8me solaire min\u00e9rale SPF30 sans nanoparticules, facile \u00e0 appliquer et sans traces blanches.","robots":{"index":"index","follow":"follow","max-snippet":"max-snippet:-1","max-image-preview":"max-image-preview:large","max-video-preview":"max-video-preview:-1"},"canonical":"https:\/\/druidebio.com\/fr\/produit\/creme-solaire-fps30-bebe\/","og_locale":"fr_FR","og_type":"article","og_title":"Cr\u00e8me Solaire FPS30 B\u00e9b\u00e9 | Laboratoires Druide\u00ae | Bio For Life","og_description":"Prot\u00e9gez la peau de votre b\u00e9b\u00e9 avec notre cr\u00e8me solaire min\u00e9rale SPF30 sans nanoparticules, facile \u00e0 appliquer et sans traces blanches.","og_url":"https:\/\/druidebio.com\/fr\/produit\/creme-solaire-fps30-bebe\/","og_site_name":"Laboratoires Druide\u00ae | Bio For Life","article_publisher":"https:\/\/www.facebook.com\/infodruide","article_modified_time":"2026-05-13T00:09:32+00:00","og_image":[{"width":1200,"height":1200,"url":"https:\/\/druidebio.com\/wp-content\/uploads\/2022\/08\/druide-biolove-face-body-care-baby-spf-fps-sunscreen-30-chamomile-100g-3.5oz-tube.jpg","type":"image\/jpeg"}],"twitter_card":"summary_large_image","schema":{"@context":"https:\/\/schema.org","@graph":[{"@type":["WebPage","ItemPage"],"@id":"https:\/\/druidebio.com\/fr\/produit\/creme-solaire-fps30-bebe\/","url":"https:\/\/druidebio.com\/fr\/produit\/creme-solaire-fps30-bebe\/","name":"Cr\u00e8me Solaire FPS30 B\u00e9b\u00e9 | Laboratoires Druide\u00ae | Bio For Life","isPartOf":{"@id":"https:\/\/druidebio.com\/fr\/#website"},"primaryImageOfPage":{"@id":"https:\/\/druidebio.com\/fr\/produit\/creme-solaire-fps30-bebe\/#primaryimage"},"image":{"@id":"https:\/\/druidebio.com\/fr\/produit\/creme-solaire-fps30-bebe\/#primaryimage"},"thumbnailUrl":"https:\/\/druidebio.com\/wp-content\/uploads\/2022\/08\/druide-biolove-face-body-care-baby-spf-fps-sunscreen-30-chamomile-100g-3.5oz-tube.jpg","datePublished":"2022-08-26T15:48:21+00:00","dateModified":"2026-05-13T00:09:32+00:00","description":"Prot\u00e9gez la peau de votre b\u00e9b\u00e9 avec notre cr\u00e8me solaire min\u00e9rale SPF30 sans nanoparticules, facile \u00e0 appliquer et sans traces blanches.","breadcrumb":{"@id":"https:\/\/druidebio.com\/fr\/produit\/creme-solaire-fps30-bebe\/#breadcrumb"},"inLanguage":"fr-FR","potentialAction":[{"@type":"ReadAction","target":["https:\/\/druidebio.com\/fr\/produit\/creme-solaire-fps30-bebe\/"]}]},{"@type":"ImageObject","inLanguage":"fr-FR","@id":"https:\/\/druidebio.com\/fr\/produit\/creme-solaire-fps30-bebe\/#primaryimage","url":"https:\/\/druidebio.com\/wp-content\/uploads\/2022\/08\/druide-biolove-face-body-care-baby-spf-fps-sunscreen-30-chamomile-100g-3.5oz-tube.jpg","contentUrl":"https:\/\/druidebio.com\/wp-content\/uploads\/2022\/08\/druide-biolove-face-body-care-baby-spf-fps-sunscreen-30-chamomile-100g-3.5oz-tube.jpg","width":1200,"height":1200,"caption":"Cr\u00e8me Solaire FPS30 B\u00e9b\u00e9"},{"@type":"BreadcrumbList","@id":"https:\/\/druidebio.com\/fr\/produit\/creme-solaire-fps30-bebe\/#breadcrumb","itemListElement":[{"@type":"ListItem","position":1,"name":"Home","item":"https:\/\/druidebio.com\/fr\/"},{"@type":"ListItem","position":2,"name":"Boutique","item":"https:\/\/druidebio.com\/fr\/boutique\/"},{"@type":"ListItem","position":3,"name":"Cr\u00e8me Solaire FPS30 B\u00e9b\u00e9"}]},{"@type":"WebSite","@id":"https:\/\/druidebio.com\/fr\/#website","url":"https:\/\/druidebio.com\/fr\/","name":"Laboratoires Druide\u00ae | Bio For Life","description":"Natural and Organic Products. ECOCERT\u00ae Certified.","publisher":{"@id":"https:\/\/druidebio.com\/fr\/#organization"},"alternateName":"Druide","potentialAction":[{"@type":"SearchAction","target":{"@type":"EntryPoint","urlTemplate":"https:\/\/druidebio.com\/fr\/?s={search_term_string}"},"query-input":{"@type":"PropertyValueSpecification","valueRequired":true,"valueName":"search_term_string"}}],"inLanguage":"fr-FR"},{"@type":"Organization","@id":"https:\/\/druidebio.com\/fr\/#organization","name":"Druide","alternateName":"Laboratoires Druide","url":"https:\/\/druidebio.com\/fr\/","logo":{"@type":"ImageObject","inLanguage":"fr-FR","@id":"https:\/\/druidebio.com\/fr\/#\/schema\/logo\/image\/","url":"https:\/\/druidebio.com\/wp-content\/uploads\/2022\/08\/logo-fav.png","contentUrl":"https:\/\/druidebio.com\/wp-content\/uploads\/2022\/08\/logo-fav.png","width":512,"height":512,"caption":"Druide"},"image":{"@id":"https:\/\/druidebio.com\/fr\/#\/schema\/logo\/image\/"},"sameAs":["https:\/\/www.facebook.com\/infodruide","https:\/\/www.instagram.com\/druidebio\/","https:\/\/www.pinterest.ca\/DruideBioCanada\/","https:\/\/www.youtube.com\/user\/DRUIDECANADA"]}]}},"_links":{"self":[{"href":"https:\/\/druidebio.com\/fr\/wp-json\/wp\/v2\/product\/2119","targetHints":{"allow":["GET"]}}],"collection":[{"href":"https:\/\/druidebio.com\/fr\/wp-json\/wp\/v2\/product"}],"about":[{"href":"https:\/\/druidebio.com\/fr\/wp-json\/wp\/v2\/types\/product"}],"replies":[{"embeddable":true,"href":"https:\/\/druidebio.com\/fr\/wp-json\/wp\/v2\/comments?post=2119"}],"wp:featuredmedia":[{"embeddable":true,"href":"https:\/\/druidebio.com\/fr\/wp-json\/wp\/v2\/media\/1633"}],"wp:attachment":[{"href":"https:\/\/druidebio.com\/fr\/wp-json\/wp\/v2\/media?parent=2119"}],"wp:term":[{"taxonomy":"product_brand","embeddable":true,"href":"https:\/\/druidebio.com\/fr\/wp-json\/wp\/v2\/product_brand?post=2119"},{"taxonomy":"product_cat","embeddable":true,"href":"https:\/\/druidebio.com\/fr\/wp-json\/wp\/v2\/product_cat?post=2119"},{"taxonomy":"product_tag","embeddable":true,"href":"https:\/\/druidebio.com\/fr\/wp-json\/wp\/v2\/product_tag?post=2119"},{"taxonomy":"giftcard-category","embeddable":true,"href":"https:\/\/druidebio.com\/fr\/wp-json\/wp\/v2\/giftcard-category?post=2119"}],"curies":[{"name":"wp","href":"https:\/\/api.w.org\/{rel}","templated":true}]}}