{"id":2117,"date":"2022-08-26T11:48:08","date_gmt":"2022-08-26T15:48:08","guid":{"rendered":"https:\/\/druide.wpengine.com\/product\/goat-milk-shower-gel\/"},"modified":"2026-04-09T08:13:15","modified_gmt":"2026-04-09T12:13:15","slug":"gel-douche-lait-de-chevre","status":"publish","type":"product","link":"https:\/\/druidebio.com\/fr\/produit\/gel-douche-lait-de-chevre\/","title":{"rendered":"Gel Douche Lait de Ch\u00e8vre"},"content":{"rendered":"<h2>Le gel douche au lait de ch\u00e8vre apporte un confort imm\u00e9diat aux peaux d\u00e9licates<\/h2>\n<p>Le gel douche bio au lait de ch\u00e8vre et \u00e0 l\u2019alo\u00e9 vera est con\u00e7u sp\u00e9cifiquement pour r\u00e9pondre aux besoins des peaux s\u00e8ches et sensibles, offre une solution de soin quotidienne qui transforme chaque douche en un moment de r\u00e9confort.<\/p>\n<p>Ce gel douche a \u00e9t\u00e9 \u00e9labor\u00e9 avec une formule combinant les propri\u00e9t\u00e9s nourrissantes et apaisantes du lait de ch\u00e8vre avec les bienfaits hydratants et r\u00e9g\u00e9n\u00e9rants de l&rsquo;alo\u00e9 vera, procurant un soulagement imm\u00e9diat des sensations d\u2019inconfort et des d\u00e9mangeaisons souvent associ\u00e9es \u00e0 la s\u00e9cheresse cutan\u00e9e.<\/p>\n<p>La formulation unique de ce produit permet non seulement de nettoyer la peau en douceur mais \u00e9galement de restaurer et de maintenir la barri\u00e8re d&rsquo;hydratation cutan\u00e9e, cruciale pour la sant\u00e9 et le bien-\u00eatre de la peau. Il g\u00e9n\u00e8re une mousse onctueuse et riche lorsqu&rsquo;il entre en contact avec l&rsquo;eau, assurant un nettoyage en douceur qui respecte et pr\u00e9serve l&rsquo;\u00e9quilibre naturel de la peau.<\/p>\n<p>Conscients de l&rsquo;importance de la pr\u00e9servation du microbiote cutan\u00e9, nous avons cr\u00e9\u00e9 ce gel douche sans sulfates, afin de minimiser tout risque d&rsquo;irritation ou de d\u00e9s\u00e9quilibre, laissant la peau confortable, assainie et bien prot\u00e9g\u00e9e contre les agressions ext\u00e9rieures.<\/p>\n<p>Ce gel douche ultra-nourrissant et protecteur est recommand\u00e9, m\u00eame pour les personnes ayant des conditions cutan\u00e9es sp\u00e9cifiques telles que l\u2019ecz\u00e9ma et le psoriasis, gr\u00e2ce \u00e0 ses propri\u00e9t\u00e9s apaisantes et r\u00e9paratrices. Enfin, le parfum subtil et relaxant de l\u2019amande enveloppe la peau d&rsquo;une senteur r\u00e9confortante, ajoutant une dimension aromath\u00e9rapeutique \u00e0 votre douche.<\/p>\n<p>Nous nous engageons \u00e0 vous offrir un produit qui respecte votre peau et l&rsquo;environnement. C&rsquo;est pourquoi ce gel nettoyant certifi\u00e9 \u00c9cocert est 100 % v\u00e9g\u00e9tal (Vegan), biod\u00e9gradable, sans sulfates, sans alcool, sans silicones, sans parab\u00e8nes, sans PEG, sans gluten, sans OGM, sans perturbateurs endocriniens, sans goudron, sans quaternium, sans parfum. De plus, nos produits ne sont pas test\u00e9s sur les animaux, car nous soutenons l&rsquo;\u00e9thique animale.<\/p>\n","protected":false},"excerpt":{"rendered":"<p>Le Gel Douche Lait de Ch\u00e8vre Druide, enrichi d\u2019Alo\u00e9 Vera bio, est un havre de douceur pour les peaux s\u00e8ches et sensibles, apaisant inconforts et d\u00e9mangeaisons tout en maintenant l&rsquo;\u00e9quilibre cutan\u00e9. Id\u00e9al pour les peaux r\u00e9actives, il nettoie en douceur et hydrate intens\u00e9ment, laissant la peau souple et confortable.<\/p>\n<ul>\n<li class=\"bullet-arrow\"><strong>Texture <\/strong>: Gel riche<\/li>\n<li class=\"bullet-arrow\"><strong>Odeur <\/strong>: Amande<\/li>\n<li class=\"bullet-arrow\"><strong>Format <\/strong>: 350 ml \u2013 11.8 US Fl.oz.<\/li>\n<\/ul>\n<div class=\"row row-full-width align-equal\"  id=\"row-1184145028\">\n\t<div id=\"col-1302291917\" class=\"col small-12 large-12\"  >\n\t\t\t\t<div class=\"col-inner\"  >\n\t\t\t\n\t\t\t\n\n  \n    <div class=\"row large-columns-8 medium-columns-8 small-columns-8 row-xsmall\" >\n  <div class=\"gallery-col col\" >\n          <div class=\"col-inner\">\n                        <div class=\"box has-hover gallery-box box-none\">\n              <div class=\"box-image\" >\n                <img width=\"1\" height=\"1\" src=\"https:\/\/druidebio.com\/wp-content\/uploads\/2023\/07\/EcoCert.svg\" class=\"attachment-medium size-medium\" alt=\"\" ids=\"861,864,863,865,862\" style=\"none\" lightbox=\"false\" col_spacing=\"xsmall\" columns=\"8\" columns__sm=\"8\" columns__md=\"8\" decoding=\"async\" loading=\"lazy\" \/>                                                              <\/div>\n              <div class=\"box-text text-left\" >\n                 <p><\/p>\n              <\/div>\n            <\/div>\n                      <\/div>\n         <\/div><div class=\"gallery-col col\" >\n          <div class=\"col-inner\">\n                        <div class=\"box has-hover gallery-box box-none\">\n              <div class=\"box-image\" >\n                <img width=\"1\" height=\"1\" src=\"https:\/\/druidebio.com\/wp-content\/uploads\/2023\/07\/Not_Tested_Animals.svg\" class=\"attachment-medium size-medium\" alt=\"\" ids=\"861,864,863,865,862\" style=\"none\" lightbox=\"false\" col_spacing=\"xsmall\" columns=\"8\" columns__sm=\"8\" columns__md=\"8\" decoding=\"async\" loading=\"lazy\" \/>                                                              <\/div>\n              <div class=\"box-text text-left\" >\n                 <p><\/p>\n              <\/div>\n            <\/div>\n                      <\/div>\n         <\/div><div class=\"gallery-col col\" >\n          <div class=\"col-inner\">\n                        <div class=\"box has-hover gallery-box box-none\">\n              <div class=\"box-image\" >\n                <img width=\"1\" height=\"1\" src=\"https:\/\/druidebio.com\/wp-content\/uploads\/2023\/07\/NoGMO.svg\" class=\"attachment-medium size-medium\" alt=\"\" ids=\"861,864,863,865,862\" style=\"none\" lightbox=\"false\" col_spacing=\"xsmall\" columns=\"8\" columns__sm=\"8\" columns__md=\"8\" decoding=\"async\" loading=\"lazy\" \/>                                                              <\/div>\n              <div class=\"box-text text-left\" >\n                 <p><\/p>\n              <\/div>\n            <\/div>\n                      <\/div>\n         <\/div><div class=\"gallery-col col\" >\n          <div class=\"col-inner\">\n                        <div class=\"box has-hover gallery-box box-none\">\n              <div class=\"box-image\" >\n                <img width=\"1\" height=\"1\" src=\"https:\/\/druidebio.com\/wp-content\/uploads\/2023\/07\/Recyclable.svg\" class=\"attachment-medium size-medium\" alt=\"\" ids=\"861,864,863,865,862\" style=\"none\" lightbox=\"false\" col_spacing=\"xsmall\" columns=\"8\" columns__sm=\"8\" columns__md=\"8\" decoding=\"async\" loading=\"lazy\" \/>                                                              <\/div>\n              <div class=\"box-text text-left\" >\n                 <p><\/p>\n              <\/div>\n            <\/div>\n                      <\/div>\n         <\/div><div class=\"gallery-col col\" >\n          <div class=\"col-inner\">\n                        <div class=\"box has-hover gallery-box box-none\">\n              <div class=\"box-image\" >\n                <img width=\"1\" height=\"1\" src=\"https:\/\/druidebio.com\/wp-content\/uploads\/2023\/07\/Gluten_Free.svg\" class=\"attachment-medium size-medium\" alt=\"\" ids=\"861,864,863,865,862\" style=\"none\" lightbox=\"false\" col_spacing=\"xsmall\" columns=\"8\" columns__sm=\"8\" columns__md=\"8\" decoding=\"async\" loading=\"lazy\" \/>                                                              <\/div>\n              <div class=\"box-text text-left\" >\n                 <p><\/p>\n              <\/div>\n            <\/div>\n                      <\/div>\n         <\/div><\/div>\n\t\t<\/div>\n\t\t\t\t\t<\/div>\n\n\t<\/div>\n","protected":false},"featured_media":1688,"comment_status":"open","ping_status":"closed","template":"","meta":[],"product_brand":[],"product_cat":[104,119,95,93],"product_tag":[],"giftcard-category":[],"class_list":{"0":"post-2117","1":"product","2":"type-product","3":"status-publish","4":"has-post-thumbnail","6":"product_cat-druide-lait-chevre","7":"product_cat-gels-douche","8":"product_cat-soins-capillaires","9":"product_cat-soins-corps","11":"first","12":"instock","13":"taxable","14":"shipping-taxable","15":"purchasable","16":"product-type-simple"},"yoast_head":"<!-- This site is optimized with the Yoast SEO plugin v27.1.1 - https:\/\/yoast.com\/product\/yoast-seo-wordpress\/ -->\n<title>Gel Douche Lait de Ch\u00e8vre | Laboratoires Druide\u00ae | Bio For Life<\/title>\n<meta name=\"description\" content=\"Le Gel Douche Lait de Ch\u00e8vre Druide, enrichi d\u2019Alo\u00e9 Vera bio, est un havre de douceur pour les peaux s\u00e8ches et sensibles, apaisant inconforts et d\u00e9mangeaisons tout en maintenant l&#039;\u00e9quilibre cutan\u00e9. Id\u00e9al pour les peaux r\u00e9actives, il nettoie en douceur et hydrate intens\u00e9ment, laissant la peau souple et confortable.\" \/>\n<meta name=\"robots\" content=\"index, follow, max-snippet:-1, max-image-preview:large, max-video-preview:-1\" \/>\n<link rel=\"canonical\" href=\"https:\/\/druidebio.com\/fr\/produit\/gel-douche-lait-de-chevre\/\" \/>\n<meta property=\"og:locale\" content=\"fr_FR\" \/>\n<meta property=\"og:type\" content=\"article\" \/>\n<meta property=\"og:title\" content=\"Gel Douche Lait de Ch\u00e8vre | Laboratoires Druide\u00ae | Bio For Life\" \/>\n<meta property=\"og:description\" content=\"Le Gel Douche Lait de Ch\u00e8vre Druide, enrichi d\u2019Alo\u00e9 Vera bio, est un havre de douceur pour les peaux s\u00e8ches et sensibles, apaisant inconforts et d\u00e9mangeaisons tout en maintenant l&#039;\u00e9quilibre cutan\u00e9. Id\u00e9al pour les peaux r\u00e9actives, il nettoie en douceur et hydrate intens\u00e9ment, laissant la peau souple et confortable.\" \/>\n<meta property=\"og:url\" content=\"https:\/\/druidebio.com\/fr\/produit\/gel-douche-lait-de-chevre\/\" \/>\n<meta property=\"og:site_name\" content=\"Laboratoires Druide\u00ae | Bio For Life\" \/>\n<meta property=\"article:publisher\" content=\"https:\/\/www.facebook.com\/infodruide\" \/>\n<meta property=\"article:modified_time\" content=\"2026-04-09T12:13:15+00:00\" \/>\n<meta property=\"og:image\" content=\"https:\/\/druidebio.com\/wp-content\/uploads\/2022\/08\/druide-hair-body-care-goat-milk-sensitive-skin-shower-gel-350g-bottle.jpg\" \/>\n\t<meta property=\"og:image:width\" content=\"1200\" \/>\n\t<meta property=\"og:image:height\" content=\"1200\" \/>\n\t<meta property=\"og:image:type\" content=\"image\/jpeg\" \/>\n<meta name=\"twitter:card\" content=\"summary_large_image\" \/>\n<script type=\"application\/ld+json\" class=\"yoast-schema-graph\">{\"@context\":\"https:\/\/schema.org\",\"@graph\":[{\"@type\":[\"WebPage\",\"ItemPage\"],\"@id\":\"https:\/\/druidebio.com\/fr\/produit\/gel-douche-lait-de-chevre\/\",\"url\":\"https:\/\/druidebio.com\/fr\/produit\/gel-douche-lait-de-chevre\/\",\"name\":\"Gel Douche Lait de Ch\u00e8vre | Laboratoires Druide\u00ae | Bio For Life\",\"isPartOf\":{\"@id\":\"https:\/\/druidebio.com\/fr\/#website\"},\"primaryImageOfPage\":{\"@id\":\"https:\/\/druidebio.com\/fr\/produit\/gel-douche-lait-de-chevre\/#primaryimage\"},\"image\":{\"@id\":\"https:\/\/druidebio.com\/fr\/produit\/gel-douche-lait-de-chevre\/#primaryimage\"},\"thumbnailUrl\":\"https:\/\/druidebio.com\/wp-content\/uploads\/2022\/08\/druide-hair-body-care-goat-milk-sensitive-skin-shower-gel-350g-bottle.jpg\",\"datePublished\":\"2022-08-26T15:48:08+00:00\",\"dateModified\":\"2026-04-09T12:13:15+00:00\",\"description\":\"Le Gel Douche Lait de Ch\u00e8vre Druide, enrichi d\u2019Alo\u00e9 Vera bio, est un havre de douceur pour les peaux s\u00e8ches et sensibles, apaisant inconforts et d\u00e9mangeaisons tout en maintenant l'\u00e9quilibre cutan\u00e9. Id\u00e9al pour les peaux r\u00e9actives, il nettoie en douceur et hydrate intens\u00e9ment, laissant la peau souple et confortable.\",\"breadcrumb\":{\"@id\":\"https:\/\/druidebio.com\/fr\/produit\/gel-douche-lait-de-chevre\/#breadcrumb\"},\"inLanguage\":\"fr-FR\",\"potentialAction\":[{\"@type\":\"ReadAction\",\"target\":[\"https:\/\/druidebio.com\/fr\/produit\/gel-douche-lait-de-chevre\/\"]}]},{\"@type\":\"ImageObject\",\"inLanguage\":\"fr-FR\",\"@id\":\"https:\/\/druidebio.com\/fr\/produit\/gel-douche-lait-de-chevre\/#primaryimage\",\"url\":\"https:\/\/druidebio.com\/wp-content\/uploads\/2022\/08\/druide-hair-body-care-goat-milk-sensitive-skin-shower-gel-350g-bottle.jpg\",\"contentUrl\":\"https:\/\/druidebio.com\/wp-content\/uploads\/2022\/08\/druide-hair-body-care-goat-milk-sensitive-skin-shower-gel-350g-bottle.jpg\",\"width\":1200,\"height\":1200,\"caption\":\"Gel Douche Lait de Ch\u00e8vre\"},{\"@type\":\"BreadcrumbList\",\"@id\":\"https:\/\/druidebio.com\/fr\/produit\/gel-douche-lait-de-chevre\/#breadcrumb\",\"itemListElement\":[{\"@type\":\"ListItem\",\"position\":1,\"name\":\"Home\",\"item\":\"https:\/\/druidebio.com\/fr\/\"},{\"@type\":\"ListItem\",\"position\":2,\"name\":\"Boutique\",\"item\":\"https:\/\/druidebio.com\/fr\/boutique\/\"},{\"@type\":\"ListItem\",\"position\":3,\"name\":\"Gel Douche Lait de Ch\u00e8vre\"}]},{\"@type\":\"WebSite\",\"@id\":\"https:\/\/druidebio.com\/fr\/#website\",\"url\":\"https:\/\/druidebio.com\/fr\/\",\"name\":\"Laboratoires Druide\u00ae | Bio For Life\",\"description\":\"Natural and Organic Products. ECOCERT\u00ae Certified.\",\"publisher\":{\"@id\":\"https:\/\/druidebio.com\/fr\/#organization\"},\"alternateName\":\"Druide\",\"potentialAction\":[{\"@type\":\"SearchAction\",\"target\":{\"@type\":\"EntryPoint\",\"urlTemplate\":\"https:\/\/druidebio.com\/fr\/?s={search_term_string}\"},\"query-input\":{\"@type\":\"PropertyValueSpecification\",\"valueRequired\":true,\"valueName\":\"search_term_string\"}}],\"inLanguage\":\"fr-FR\"},{\"@type\":\"Organization\",\"@id\":\"https:\/\/druidebio.com\/fr\/#organization\",\"name\":\"Druide\",\"alternateName\":\"Laboratoires Druide\",\"url\":\"https:\/\/druidebio.com\/fr\/\",\"logo\":{\"@type\":\"ImageObject\",\"inLanguage\":\"fr-FR\",\"@id\":\"https:\/\/druidebio.com\/fr\/#\/schema\/logo\/image\/\",\"url\":\"https:\/\/druidebio.com\/wp-content\/uploads\/2022\/08\/logo-fav.png\",\"contentUrl\":\"https:\/\/druidebio.com\/wp-content\/uploads\/2022\/08\/logo-fav.png\",\"width\":512,\"height\":512,\"caption\":\"Druide\"},\"image\":{\"@id\":\"https:\/\/druidebio.com\/fr\/#\/schema\/logo\/image\/\"},\"sameAs\":[\"https:\/\/www.facebook.com\/infodruide\",\"https:\/\/www.instagram.com\/druidebio\/\",\"https:\/\/www.pinterest.ca\/DruideBioCanada\/\",\"https:\/\/www.youtube.com\/user\/DRUIDECANADA\"]}]}<\/script>\n<!-- \/ Yoast SEO plugin. -->","yoast_head_json":{"title":"Gel Douche Lait de Ch\u00e8vre | Laboratoires Druide\u00ae | Bio For Life","description":"Le Gel Douche Lait de Ch\u00e8vre Druide, enrichi d\u2019Alo\u00e9 Vera bio, est un havre de douceur pour les peaux s\u00e8ches et sensibles, apaisant inconforts et d\u00e9mangeaisons tout en maintenant l'\u00e9quilibre cutan\u00e9. Id\u00e9al pour les peaux r\u00e9actives, il nettoie en douceur et hydrate intens\u00e9ment, laissant la peau souple et confortable.","robots":{"index":"index","follow":"follow","max-snippet":"max-snippet:-1","max-image-preview":"max-image-preview:large","max-video-preview":"max-video-preview:-1"},"canonical":"https:\/\/druidebio.com\/fr\/produit\/gel-douche-lait-de-chevre\/","og_locale":"fr_FR","og_type":"article","og_title":"Gel Douche Lait de Ch\u00e8vre | Laboratoires Druide\u00ae | Bio For Life","og_description":"Le Gel Douche Lait de Ch\u00e8vre Druide, enrichi d\u2019Alo\u00e9 Vera bio, est un havre de douceur pour les peaux s\u00e8ches et sensibles, apaisant inconforts et d\u00e9mangeaisons tout en maintenant l'\u00e9quilibre cutan\u00e9. Id\u00e9al pour les peaux r\u00e9actives, il nettoie en douceur et hydrate intens\u00e9ment, laissant la peau souple et confortable.","og_url":"https:\/\/druidebio.com\/fr\/produit\/gel-douche-lait-de-chevre\/","og_site_name":"Laboratoires Druide\u00ae | Bio For Life","article_publisher":"https:\/\/www.facebook.com\/infodruide","article_modified_time":"2026-04-09T12:13:15+00:00","og_image":[{"width":1200,"height":1200,"url":"https:\/\/druidebio.com\/wp-content\/uploads\/2022\/08\/druide-hair-body-care-goat-milk-sensitive-skin-shower-gel-350g-bottle.jpg","type":"image\/jpeg"}],"twitter_card":"summary_large_image","schema":{"@context":"https:\/\/schema.org","@graph":[{"@type":["WebPage","ItemPage"],"@id":"https:\/\/druidebio.com\/fr\/produit\/gel-douche-lait-de-chevre\/","url":"https:\/\/druidebio.com\/fr\/produit\/gel-douche-lait-de-chevre\/","name":"Gel Douche Lait de Ch\u00e8vre | Laboratoires Druide\u00ae | Bio For Life","isPartOf":{"@id":"https:\/\/druidebio.com\/fr\/#website"},"primaryImageOfPage":{"@id":"https:\/\/druidebio.com\/fr\/produit\/gel-douche-lait-de-chevre\/#primaryimage"},"image":{"@id":"https:\/\/druidebio.com\/fr\/produit\/gel-douche-lait-de-chevre\/#primaryimage"},"thumbnailUrl":"https:\/\/druidebio.com\/wp-content\/uploads\/2022\/08\/druide-hair-body-care-goat-milk-sensitive-skin-shower-gel-350g-bottle.jpg","datePublished":"2022-08-26T15:48:08+00:00","dateModified":"2026-04-09T12:13:15+00:00","description":"Le Gel Douche Lait de Ch\u00e8vre Druide, enrichi d\u2019Alo\u00e9 Vera bio, est un havre de douceur pour les peaux s\u00e8ches et sensibles, apaisant inconforts et d\u00e9mangeaisons tout en maintenant l'\u00e9quilibre cutan\u00e9. Id\u00e9al pour les peaux r\u00e9actives, il nettoie en douceur et hydrate intens\u00e9ment, laissant la peau souple et confortable.","breadcrumb":{"@id":"https:\/\/druidebio.com\/fr\/produit\/gel-douche-lait-de-chevre\/#breadcrumb"},"inLanguage":"fr-FR","potentialAction":[{"@type":"ReadAction","target":["https:\/\/druidebio.com\/fr\/produit\/gel-douche-lait-de-chevre\/"]}]},{"@type":"ImageObject","inLanguage":"fr-FR","@id":"https:\/\/druidebio.com\/fr\/produit\/gel-douche-lait-de-chevre\/#primaryimage","url":"https:\/\/druidebio.com\/wp-content\/uploads\/2022\/08\/druide-hair-body-care-goat-milk-sensitive-skin-shower-gel-350g-bottle.jpg","contentUrl":"https:\/\/druidebio.com\/wp-content\/uploads\/2022\/08\/druide-hair-body-care-goat-milk-sensitive-skin-shower-gel-350g-bottle.jpg","width":1200,"height":1200,"caption":"Gel Douche Lait de Ch\u00e8vre"},{"@type":"BreadcrumbList","@id":"https:\/\/druidebio.com\/fr\/produit\/gel-douche-lait-de-chevre\/#breadcrumb","itemListElement":[{"@type":"ListItem","position":1,"name":"Home","item":"https:\/\/druidebio.com\/fr\/"},{"@type":"ListItem","position":2,"name":"Boutique","item":"https:\/\/druidebio.com\/fr\/boutique\/"},{"@type":"ListItem","position":3,"name":"Gel Douche Lait de Ch\u00e8vre"}]},{"@type":"WebSite","@id":"https:\/\/druidebio.com\/fr\/#website","url":"https:\/\/druidebio.com\/fr\/","name":"Laboratoires Druide\u00ae | Bio For Life","description":"Natural and Organic Products. ECOCERT\u00ae Certified.","publisher":{"@id":"https:\/\/druidebio.com\/fr\/#organization"},"alternateName":"Druide","potentialAction":[{"@type":"SearchAction","target":{"@type":"EntryPoint","urlTemplate":"https:\/\/druidebio.com\/fr\/?s={search_term_string}"},"query-input":{"@type":"PropertyValueSpecification","valueRequired":true,"valueName":"search_term_string"}}],"inLanguage":"fr-FR"},{"@type":"Organization","@id":"https:\/\/druidebio.com\/fr\/#organization","name":"Druide","alternateName":"Laboratoires Druide","url":"https:\/\/druidebio.com\/fr\/","logo":{"@type":"ImageObject","inLanguage":"fr-FR","@id":"https:\/\/druidebio.com\/fr\/#\/schema\/logo\/image\/","url":"https:\/\/druidebio.com\/wp-content\/uploads\/2022\/08\/logo-fav.png","contentUrl":"https:\/\/druidebio.com\/wp-content\/uploads\/2022\/08\/logo-fav.png","width":512,"height":512,"caption":"Druide"},"image":{"@id":"https:\/\/druidebio.com\/fr\/#\/schema\/logo\/image\/"},"sameAs":["https:\/\/www.facebook.com\/infodruide","https:\/\/www.instagram.com\/druidebio\/","https:\/\/www.pinterest.ca\/DruideBioCanada\/","https:\/\/www.youtube.com\/user\/DRUIDECANADA"]}]}},"_links":{"self":[{"href":"https:\/\/druidebio.com\/fr\/wp-json\/wp\/v2\/product\/2117","targetHints":{"allow":["GET"]}}],"collection":[{"href":"https:\/\/druidebio.com\/fr\/wp-json\/wp\/v2\/product"}],"about":[{"href":"https:\/\/druidebio.com\/fr\/wp-json\/wp\/v2\/types\/product"}],"replies":[{"embeddable":true,"href":"https:\/\/druidebio.com\/fr\/wp-json\/wp\/v2\/comments?post=2117"}],"wp:featuredmedia":[{"embeddable":true,"href":"https:\/\/druidebio.com\/fr\/wp-json\/wp\/v2\/media\/1688"}],"wp:attachment":[{"href":"https:\/\/druidebio.com\/fr\/wp-json\/wp\/v2\/media?parent=2117"}],"wp:term":[{"taxonomy":"product_brand","embeddable":true,"href":"https:\/\/druidebio.com\/fr\/wp-json\/wp\/v2\/product_brand?post=2117"},{"taxonomy":"product_cat","embeddable":true,"href":"https:\/\/druidebio.com\/fr\/wp-json\/wp\/v2\/product_cat?post=2117"},{"taxonomy":"product_tag","embeddable":true,"href":"https:\/\/druidebio.com\/fr\/wp-json\/wp\/v2\/product_tag?post=2117"},{"taxonomy":"giftcard-category","embeddable":true,"href":"https:\/\/druidebio.com\/fr\/wp-json\/wp\/v2\/giftcard-category?post=2117"}],"curies":[{"name":"wp","href":"https:\/\/api.w.org\/{rel}","templated":true}]}}