{"id":2111,"date":"2022-08-26T11:48:07","date_gmt":"2022-08-26T15:48:07","guid":{"rendered":"https:\/\/druide.wpengine.com\/product\/goat-milk-body-lotion\/"},"modified":"2026-05-03T08:32:26","modified_gmt":"2026-05-03T12:32:26","slug":"lait-corporel-lait-de-chevre","status":"publish","type":"product","link":"https:\/\/druidebio.com\/fr\/produit\/lait-corporel-lait-de-chevre\/","title":{"rendered":"Lait Corporel Lait de Ch\u00e8vre"},"content":{"rendered":"<h2>Lait corporel bio, nourrissant et \u00e9quilibrant, au lait de ch\u00e8vre et \u00e0 l\u2019alo\u00e9 vera<\/h2>\n<p>D\u00e9couvrez cette lotion corporelle sp\u00e9cialement con\u00e7ue pour choyer les peaux s\u00e8ches, matures, atopiques et fragiles.<\/p>\n<p>Impr\u00e9gn\u00e9 des bienfaits nourrissants du lait de ch\u00e8vre, ce lait sublime la peau, apaisant instantan\u00e9ment toutes sensations d\u2019inconfort et d\u00e9mangeaisons. Gr\u00e2ce \u00e0 sa composition riche en lipides et extraits de plantes, il hydrate et restaure la barri\u00e8re cutan\u00e9e naturelle de la peau.<\/p>\n<p>Sa texture l\u00e9g\u00e8re est rapidement absorb\u00e9e, laissant un voile protecteur non-gras et non collant. La peau retrouve sa souplesse et sa douceur d\u00e8s son application.<\/p>\n<p>Recommand\u00e9 pour les peaux les plus d\u00e9licates, notamment celles souffrant d\u2019ecz\u00e9ma et de psoriasis, ou encore pour les peaux matures, ce lait ultra-doux et ultra-nourrissant est le complice quotidien id\u00e9al pour une peau apais\u00e9e et hydrat\u00e9e.<\/p>\n<p>Nous nous engageons \u00e0 vous offrir un produit qui respecte votre peau et l&rsquo;environnement c\u2019est pourquoi notre lait corporel est certifi\u00e9 biologique par \u00c9cocert, il est biod\u00e9gradable, sans sulfates, sans alcool, sans silicone, sans parab\u00e8ne, sans PEG, sans gluten, sans OGM, sans perturbateurs endocriniens, sans goudron, sans quaternium, sans parfum, sans colorant. De plus, nos produits ne sont pas test\u00e9s sur les animaux, car nous soutenons l&rsquo;\u00e9thique animale<\/p>\n","protected":false},"excerpt":{"rendered":"<p>D\u00e9couvrez notre Lait Corps Lait de ch\u00e8vre Druide pour peaux s\u00e8ches et sensibles, offrant une hydratation intense et une restauration de la barri\u00e8re cutan\u00e9e. Ultra-doux et rapidement absorb\u00e9, il apaise et nourrit, laissant la peau souple et douce.<\/p>\n<ul>\n<li class=\"bullet-arrow\"><strong>Texture <\/strong>: Cr\u00e8me l\u00e9g\u00e8re<\/li>\n<li class=\"bullet-arrow\"><strong>Odeur <\/strong>: Amande<\/li>\n<li class=\"bullet-arrow\"><strong>Format <\/strong>: 250 ml \u2013 8.4 US Fl.oz.<\/li>\n<\/ul>\n<div class=\"row row-full-width align-equal\"  id=\"row-230857587\">\n\t<div id=\"col-316190651\" class=\"col small-12 large-12\"  >\n\t\t\t\t<div class=\"col-inner\"  >\n\t\t\t\n\t\t\t\n\n  \n    <div class=\"row large-columns-8 medium-columns-8 small-columns-8 row-xsmall\" >\n  <div class=\"gallery-col col\" >\n          <div class=\"col-inner\">\n                        <div class=\"box has-hover gallery-box box-none\">\n              <div class=\"box-image\" >\n                <img width=\"1\" height=\"1\" src=\"https:\/\/druidebio.com\/wp-content\/uploads\/2023\/07\/EcoCert.svg\" class=\"attachment-medium size-medium\" alt=\"\" ids=\"861,864,863,865,862\" style=\"none\" lightbox=\"false\" col_spacing=\"xsmall\" columns=\"8\" columns__sm=\"8\" columns__md=\"8\" decoding=\"async\" loading=\"lazy\" \/>                                                              <\/div>\n              <div class=\"box-text text-left\" >\n                 <p><\/p>\n              <\/div>\n            <\/div>\n                      <\/div>\n         <\/div><div class=\"gallery-col col\" >\n          <div class=\"col-inner\">\n                        <div class=\"box has-hover gallery-box box-none\">\n              <div class=\"box-image\" >\n                <img width=\"1\" height=\"1\" src=\"https:\/\/druidebio.com\/wp-content\/uploads\/2023\/07\/Not_Tested_Animals.svg\" class=\"attachment-medium size-medium\" alt=\"\" ids=\"861,864,863,865,862\" style=\"none\" lightbox=\"false\" col_spacing=\"xsmall\" columns=\"8\" columns__sm=\"8\" columns__md=\"8\" decoding=\"async\" loading=\"lazy\" \/>                                                              <\/div>\n              <div class=\"box-text text-left\" >\n                 <p><\/p>\n              <\/div>\n            <\/div>\n                      <\/div>\n         <\/div><div class=\"gallery-col col\" >\n          <div class=\"col-inner\">\n                        <div class=\"box has-hover gallery-box box-none\">\n              <div class=\"box-image\" >\n                <img width=\"1\" height=\"1\" src=\"https:\/\/druidebio.com\/wp-content\/uploads\/2023\/07\/NoGMO.svg\" class=\"attachment-medium size-medium\" alt=\"\" ids=\"861,864,863,865,862\" style=\"none\" lightbox=\"false\" col_spacing=\"xsmall\" columns=\"8\" columns__sm=\"8\" columns__md=\"8\" decoding=\"async\" loading=\"lazy\" \/>                                                              <\/div>\n              <div class=\"box-text text-left\" >\n                 <p><\/p>\n              <\/div>\n            <\/div>\n                      <\/div>\n         <\/div><div class=\"gallery-col col\" >\n          <div class=\"col-inner\">\n                        <div class=\"box has-hover gallery-box box-none\">\n              <div class=\"box-image\" >\n                <img width=\"1\" height=\"1\" src=\"https:\/\/druidebio.com\/wp-content\/uploads\/2023\/07\/Recyclable.svg\" class=\"attachment-medium size-medium\" alt=\"\" ids=\"861,864,863,865,862\" style=\"none\" lightbox=\"false\" col_spacing=\"xsmall\" columns=\"8\" columns__sm=\"8\" columns__md=\"8\" decoding=\"async\" loading=\"lazy\" \/>                                                              <\/div>\n              <div class=\"box-text text-left\" >\n                 <p><\/p>\n              <\/div>\n            <\/div>\n                      <\/div>\n         <\/div><div class=\"gallery-col col\" >\n          <div class=\"col-inner\">\n                        <div class=\"box has-hover gallery-box box-none\">\n              <div class=\"box-image\" >\n                <img width=\"1\" height=\"1\" src=\"https:\/\/druidebio.com\/wp-content\/uploads\/2023\/07\/Gluten_Free.svg\" class=\"attachment-medium size-medium\" alt=\"\" ids=\"861,864,863,865,862\" style=\"none\" lightbox=\"false\" col_spacing=\"xsmall\" columns=\"8\" columns__sm=\"8\" columns__md=\"8\" decoding=\"async\" loading=\"lazy\" \/>                                                              <\/div>\n              <div class=\"box-text text-left\" >\n                 <p><\/p>\n              <\/div>\n            <\/div>\n                      <\/div>\n         <\/div><\/div>\n\t\t<\/div>\n\t\t\t\t\t<\/div>\n\n\t<\/div>\n","protected":false},"featured_media":1655,"comment_status":"open","ping_status":"closed","template":"","meta":[],"product_brand":[],"product_cat":[115,104,108,93],"product_tag":[],"giftcard-category":[],"class_list":{"0":"post-2111","1":"product","2":"type-product","3":"status-publish","4":"has-post-thumbnail","6":"product_cat-cremes-hydratantes","7":"product_cat-druide-lait-chevre","8":"product_cat-lotions-corps","9":"product_cat-soins-corps","11":"first","12":"instock","13":"taxable","14":"shipping-taxable","15":"purchasable","16":"product-type-simple"},"yoast_head":"<!-- This site is optimized with the Yoast SEO plugin v27.1.1 - https:\/\/yoast.com\/product\/yoast-seo-wordpress\/ -->\n<title>Lait Corporel Lait de Ch\u00e8vre | Laboratoires Druide\u00ae | Bio For Life<\/title>\n<meta name=\"description\" content=\"D\u00e9couvrez notre Lait Corps Lait de ch\u00e8vre Druide pour peaux s\u00e8ches et sensibles, offrant une hydratation intense et une restauration de la barri\u00e8re cutan\u00e9e. Ultra-doux et rapidement absorb\u00e9, il apaise et nourrit, laissant la peau souple et douce.\" \/>\n<meta name=\"robots\" content=\"index, follow, max-snippet:-1, max-image-preview:large, max-video-preview:-1\" \/>\n<link rel=\"canonical\" href=\"https:\/\/druidebio.com\/fr\/produit\/lait-corporel-lait-de-chevre\/\" \/>\n<meta property=\"og:locale\" content=\"fr_FR\" \/>\n<meta property=\"og:type\" content=\"article\" \/>\n<meta property=\"og:title\" content=\"Lait Corporel Lait de Ch\u00e8vre | Laboratoires Druide\u00ae | Bio For Life\" \/>\n<meta property=\"og:description\" content=\"D\u00e9couvrez notre Lait Corps Lait de ch\u00e8vre Druide pour peaux s\u00e8ches et sensibles, offrant une hydratation intense et une restauration de la barri\u00e8re cutan\u00e9e. Ultra-doux et rapidement absorb\u00e9, il apaise et nourrit, laissant la peau souple et douce.\" \/>\n<meta property=\"og:url\" content=\"https:\/\/druidebio.com\/fr\/produit\/lait-corporel-lait-de-chevre\/\" \/>\n<meta property=\"og:site_name\" content=\"Laboratoires Druide\u00ae | Bio For Life\" \/>\n<meta property=\"article:publisher\" content=\"https:\/\/www.facebook.com\/infodruide\" \/>\n<meta property=\"article:modified_time\" content=\"2026-05-03T12:32:26+00:00\" \/>\n<meta property=\"og:image\" content=\"https:\/\/druidebio.com\/wp-content\/uploads\/2022\/08\/druide-body-care-goat-milk-lotion-moisturizer-sensitive-skin-250ml.jpg\" \/>\n\t<meta property=\"og:image:width\" content=\"1200\" \/>\n\t<meta property=\"og:image:height\" content=\"1200\" \/>\n\t<meta property=\"og:image:type\" content=\"image\/jpeg\" \/>\n<meta name=\"twitter:card\" content=\"summary_large_image\" \/>\n<script type=\"application\/ld+json\" class=\"yoast-schema-graph\">{\"@context\":\"https:\/\/schema.org\",\"@graph\":[{\"@type\":[\"WebPage\",\"ItemPage\"],\"@id\":\"https:\/\/druidebio.com\/fr\/produit\/lait-corporel-lait-de-chevre\/\",\"url\":\"https:\/\/druidebio.com\/fr\/produit\/lait-corporel-lait-de-chevre\/\",\"name\":\"Lait Corporel Lait de Ch\u00e8vre | Laboratoires Druide\u00ae | Bio For Life\",\"isPartOf\":{\"@id\":\"https:\/\/druidebio.com\/fr\/#website\"},\"primaryImageOfPage\":{\"@id\":\"https:\/\/druidebio.com\/fr\/produit\/lait-corporel-lait-de-chevre\/#primaryimage\"},\"image\":{\"@id\":\"https:\/\/druidebio.com\/fr\/produit\/lait-corporel-lait-de-chevre\/#primaryimage\"},\"thumbnailUrl\":\"https:\/\/druidebio.com\/wp-content\/uploads\/2022\/08\/druide-body-care-goat-milk-lotion-moisturizer-sensitive-skin-250ml.jpg\",\"datePublished\":\"2022-08-26T15:48:07+00:00\",\"dateModified\":\"2026-05-03T12:32:26+00:00\",\"description\":\"D\u00e9couvrez notre Lait Corps Lait de ch\u00e8vre Druide pour peaux s\u00e8ches et sensibles, offrant une hydratation intense et une restauration de la barri\u00e8re cutan\u00e9e. Ultra-doux et rapidement absorb\u00e9, il apaise et nourrit, laissant la peau souple et douce.\",\"breadcrumb\":{\"@id\":\"https:\/\/druidebio.com\/fr\/produit\/lait-corporel-lait-de-chevre\/#breadcrumb\"},\"inLanguage\":\"fr-FR\",\"potentialAction\":[{\"@type\":\"ReadAction\",\"target\":[\"https:\/\/druidebio.com\/fr\/produit\/lait-corporel-lait-de-chevre\/\"]}]},{\"@type\":\"ImageObject\",\"inLanguage\":\"fr-FR\",\"@id\":\"https:\/\/druidebio.com\/fr\/produit\/lait-corporel-lait-de-chevre\/#primaryimage\",\"url\":\"https:\/\/druidebio.com\/wp-content\/uploads\/2022\/08\/druide-body-care-goat-milk-lotion-moisturizer-sensitive-skin-250ml.jpg\",\"contentUrl\":\"https:\/\/druidebio.com\/wp-content\/uploads\/2022\/08\/druide-body-care-goat-milk-lotion-moisturizer-sensitive-skin-250ml.jpg\",\"width\":1200,\"height\":1200,\"caption\":\"Lait Corporel Lait de Ch\u00e8vre\"},{\"@type\":\"BreadcrumbList\",\"@id\":\"https:\/\/druidebio.com\/fr\/produit\/lait-corporel-lait-de-chevre\/#breadcrumb\",\"itemListElement\":[{\"@type\":\"ListItem\",\"position\":1,\"name\":\"Home\",\"item\":\"https:\/\/druidebio.com\/fr\/\"},{\"@type\":\"ListItem\",\"position\":2,\"name\":\"Boutique\",\"item\":\"https:\/\/druidebio.com\/fr\/boutique\/\"},{\"@type\":\"ListItem\",\"position\":3,\"name\":\"Lait Corporel Lait de Ch\u00e8vre\"}]},{\"@type\":\"WebSite\",\"@id\":\"https:\/\/druidebio.com\/fr\/#website\",\"url\":\"https:\/\/druidebio.com\/fr\/\",\"name\":\"Laboratoires Druide\u00ae | Bio For Life\",\"description\":\"Natural and Organic Products. ECOCERT\u00ae Certified.\",\"publisher\":{\"@id\":\"https:\/\/druidebio.com\/fr\/#organization\"},\"alternateName\":\"Druide\",\"potentialAction\":[{\"@type\":\"SearchAction\",\"target\":{\"@type\":\"EntryPoint\",\"urlTemplate\":\"https:\/\/druidebio.com\/fr\/?s={search_term_string}\"},\"query-input\":{\"@type\":\"PropertyValueSpecification\",\"valueRequired\":true,\"valueName\":\"search_term_string\"}}],\"inLanguage\":\"fr-FR\"},{\"@type\":\"Organization\",\"@id\":\"https:\/\/druidebio.com\/fr\/#organization\",\"name\":\"Druide\",\"alternateName\":\"Laboratoires Druide\",\"url\":\"https:\/\/druidebio.com\/fr\/\",\"logo\":{\"@type\":\"ImageObject\",\"inLanguage\":\"fr-FR\",\"@id\":\"https:\/\/druidebio.com\/fr\/#\/schema\/logo\/image\/\",\"url\":\"https:\/\/druidebio.com\/wp-content\/uploads\/2022\/08\/logo-fav.png\",\"contentUrl\":\"https:\/\/druidebio.com\/wp-content\/uploads\/2022\/08\/logo-fav.png\",\"width\":512,\"height\":512,\"caption\":\"Druide\"},\"image\":{\"@id\":\"https:\/\/druidebio.com\/fr\/#\/schema\/logo\/image\/\"},\"sameAs\":[\"https:\/\/www.facebook.com\/infodruide\",\"https:\/\/www.instagram.com\/druidebio\/\",\"https:\/\/www.pinterest.ca\/DruideBioCanada\/\",\"https:\/\/www.youtube.com\/user\/DRUIDECANADA\"]}]}<\/script>\n<!-- \/ Yoast SEO plugin. -->","yoast_head_json":{"title":"Lait Corporel Lait de Ch\u00e8vre | Laboratoires Druide\u00ae | Bio For Life","description":"D\u00e9couvrez notre Lait Corps Lait de ch\u00e8vre Druide pour peaux s\u00e8ches et sensibles, offrant une hydratation intense et une restauration de la barri\u00e8re cutan\u00e9e. Ultra-doux et rapidement absorb\u00e9, il apaise et nourrit, laissant la peau souple et douce.","robots":{"index":"index","follow":"follow","max-snippet":"max-snippet:-1","max-image-preview":"max-image-preview:large","max-video-preview":"max-video-preview:-1"},"canonical":"https:\/\/druidebio.com\/fr\/produit\/lait-corporel-lait-de-chevre\/","og_locale":"fr_FR","og_type":"article","og_title":"Lait Corporel Lait de Ch\u00e8vre | Laboratoires Druide\u00ae | Bio For Life","og_description":"D\u00e9couvrez notre Lait Corps Lait de ch\u00e8vre Druide pour peaux s\u00e8ches et sensibles, offrant une hydratation intense et une restauration de la barri\u00e8re cutan\u00e9e. Ultra-doux et rapidement absorb\u00e9, il apaise et nourrit, laissant la peau souple et douce.","og_url":"https:\/\/druidebio.com\/fr\/produit\/lait-corporel-lait-de-chevre\/","og_site_name":"Laboratoires Druide\u00ae | Bio For Life","article_publisher":"https:\/\/www.facebook.com\/infodruide","article_modified_time":"2026-05-03T12:32:26+00:00","og_image":[{"width":1200,"height":1200,"url":"https:\/\/druidebio.com\/wp-content\/uploads\/2022\/08\/druide-body-care-goat-milk-lotion-moisturizer-sensitive-skin-250ml.jpg","type":"image\/jpeg"}],"twitter_card":"summary_large_image","schema":{"@context":"https:\/\/schema.org","@graph":[{"@type":["WebPage","ItemPage"],"@id":"https:\/\/druidebio.com\/fr\/produit\/lait-corporel-lait-de-chevre\/","url":"https:\/\/druidebio.com\/fr\/produit\/lait-corporel-lait-de-chevre\/","name":"Lait Corporel Lait de Ch\u00e8vre | Laboratoires Druide\u00ae | Bio For Life","isPartOf":{"@id":"https:\/\/druidebio.com\/fr\/#website"},"primaryImageOfPage":{"@id":"https:\/\/druidebio.com\/fr\/produit\/lait-corporel-lait-de-chevre\/#primaryimage"},"image":{"@id":"https:\/\/druidebio.com\/fr\/produit\/lait-corporel-lait-de-chevre\/#primaryimage"},"thumbnailUrl":"https:\/\/druidebio.com\/wp-content\/uploads\/2022\/08\/druide-body-care-goat-milk-lotion-moisturizer-sensitive-skin-250ml.jpg","datePublished":"2022-08-26T15:48:07+00:00","dateModified":"2026-05-03T12:32:26+00:00","description":"D\u00e9couvrez notre Lait Corps Lait de ch\u00e8vre Druide pour peaux s\u00e8ches et sensibles, offrant une hydratation intense et une restauration de la barri\u00e8re cutan\u00e9e. Ultra-doux et rapidement absorb\u00e9, il apaise et nourrit, laissant la peau souple et douce.","breadcrumb":{"@id":"https:\/\/druidebio.com\/fr\/produit\/lait-corporel-lait-de-chevre\/#breadcrumb"},"inLanguage":"fr-FR","potentialAction":[{"@type":"ReadAction","target":["https:\/\/druidebio.com\/fr\/produit\/lait-corporel-lait-de-chevre\/"]}]},{"@type":"ImageObject","inLanguage":"fr-FR","@id":"https:\/\/druidebio.com\/fr\/produit\/lait-corporel-lait-de-chevre\/#primaryimage","url":"https:\/\/druidebio.com\/wp-content\/uploads\/2022\/08\/druide-body-care-goat-milk-lotion-moisturizer-sensitive-skin-250ml.jpg","contentUrl":"https:\/\/druidebio.com\/wp-content\/uploads\/2022\/08\/druide-body-care-goat-milk-lotion-moisturizer-sensitive-skin-250ml.jpg","width":1200,"height":1200,"caption":"Lait Corporel Lait de Ch\u00e8vre"},{"@type":"BreadcrumbList","@id":"https:\/\/druidebio.com\/fr\/produit\/lait-corporel-lait-de-chevre\/#breadcrumb","itemListElement":[{"@type":"ListItem","position":1,"name":"Home","item":"https:\/\/druidebio.com\/fr\/"},{"@type":"ListItem","position":2,"name":"Boutique","item":"https:\/\/druidebio.com\/fr\/boutique\/"},{"@type":"ListItem","position":3,"name":"Lait Corporel Lait de Ch\u00e8vre"}]},{"@type":"WebSite","@id":"https:\/\/druidebio.com\/fr\/#website","url":"https:\/\/druidebio.com\/fr\/","name":"Laboratoires Druide\u00ae | Bio For Life","description":"Natural and Organic Products. ECOCERT\u00ae Certified.","publisher":{"@id":"https:\/\/druidebio.com\/fr\/#organization"},"alternateName":"Druide","potentialAction":[{"@type":"SearchAction","target":{"@type":"EntryPoint","urlTemplate":"https:\/\/druidebio.com\/fr\/?s={search_term_string}"},"query-input":{"@type":"PropertyValueSpecification","valueRequired":true,"valueName":"search_term_string"}}],"inLanguage":"fr-FR"},{"@type":"Organization","@id":"https:\/\/druidebio.com\/fr\/#organization","name":"Druide","alternateName":"Laboratoires Druide","url":"https:\/\/druidebio.com\/fr\/","logo":{"@type":"ImageObject","inLanguage":"fr-FR","@id":"https:\/\/druidebio.com\/fr\/#\/schema\/logo\/image\/","url":"https:\/\/druidebio.com\/wp-content\/uploads\/2022\/08\/logo-fav.png","contentUrl":"https:\/\/druidebio.com\/wp-content\/uploads\/2022\/08\/logo-fav.png","width":512,"height":512,"caption":"Druide"},"image":{"@id":"https:\/\/druidebio.com\/fr\/#\/schema\/logo\/image\/"},"sameAs":["https:\/\/www.facebook.com\/infodruide","https:\/\/www.instagram.com\/druidebio\/","https:\/\/www.pinterest.ca\/DruideBioCanada\/","https:\/\/www.youtube.com\/user\/DRUIDECANADA"]}]}},"_links":{"self":[{"href":"https:\/\/druidebio.com\/fr\/wp-json\/wp\/v2\/product\/2111","targetHints":{"allow":["GET"]}}],"collection":[{"href":"https:\/\/druidebio.com\/fr\/wp-json\/wp\/v2\/product"}],"about":[{"href":"https:\/\/druidebio.com\/fr\/wp-json\/wp\/v2\/types\/product"}],"replies":[{"embeddable":true,"href":"https:\/\/druidebio.com\/fr\/wp-json\/wp\/v2\/comments?post=2111"}],"wp:featuredmedia":[{"embeddable":true,"href":"https:\/\/druidebio.com\/fr\/wp-json\/wp\/v2\/media\/1655"}],"wp:attachment":[{"href":"https:\/\/druidebio.com\/fr\/wp-json\/wp\/v2\/media?parent=2111"}],"wp:term":[{"taxonomy":"product_brand","embeddable":true,"href":"https:\/\/druidebio.com\/fr\/wp-json\/wp\/v2\/product_brand?post=2111"},{"taxonomy":"product_cat","embeddable":true,"href":"https:\/\/druidebio.com\/fr\/wp-json\/wp\/v2\/product_cat?post=2111"},{"taxonomy":"product_tag","embeddable":true,"href":"https:\/\/druidebio.com\/fr\/wp-json\/wp\/v2\/product_tag?post=2111"},{"taxonomy":"giftcard-category","embeddable":true,"href":"https:\/\/druidebio.com\/fr\/wp-json\/wp\/v2\/giftcard-category?post=2111"}],"curies":[{"name":"wp","href":"https:\/\/api.w.org\/{rel}","templated":true}]}}