{"id":2103,"date":"2022-08-26T11:48:31","date_gmt":"2022-08-26T15:48:31","guid":{"rendered":"https:\/\/druide.wpengine.com\/product\/pur-pure-sensitive-skin-kit\/"},"modified":"2026-05-04T21:49:27","modified_gmt":"2026-05-05T01:49:27","slug":"coffret-peau-sensible-pur-pure","status":"publish","type":"product","link":"https:\/\/druidebio.com\/fr\/produit\/coffret-peau-sensible-pur-pure\/","title":{"rendered":"Coffret Peau Sensible Pur&#038;Pure"},"content":{"rendered":"<h2>Prenez soin de votre peau sensible avec nos produits ultra-doux et naturels<\/h2>\n<p>Ensemble de soins hypoallerg\u00e9niques pour peau sensible Pur&amp;Pure con\u00e7us pour apaiser et prot\u00e9ger les \u00e9pidermes d\u00e9licats. Ses formules apportent \u00e0 votre peau une douceur et un confort incontestable. Commandez cette jolie bo\u00eete pour vous ou pour l\u2019offrir en cadeau<\/p>\n<p><strong>Inclus :<\/strong><\/p>\n<ul>\n<li class=\"bullet-arrow\"><a href=\"https:\/\/druidebio.com\/fr\/produit\/lait-visage-et-corps-pur-pure\/\">Lait Visage et Corps Pur&amp;Pure<\/a><\/li>\n<li class=\"bullet-arrow\"><a href=\"\/fr\/produit\/gel-douch-pur-pure\/\">Gel Douche Pur&amp;Pure<\/a><\/li>\n<li class=\"bullet-arrow\"><a href=\"https:\/\/druidebio.com\/fr\/produit\/creme-a-mains-pur-pure\/\">Cr\u00e8me \u00e0 Mains Pur&amp;Pure<\/a><\/li>\n<li class=\"bullet-arrow\"><a href=\"\/fr\/produit\/savon-visage-et-corps-pur-pure-105g\/\">Savon Visage et Corps Pur&amp;Pure<\/a><\/li>\n<li class=\"bullet-arrow\">Bo\u00eete cadeau r\u00e9utilisable et recyclable.<\/li>\n<li class=\"bullet-arrow\">Brochure d&rsquo;information sur les produits et leur utilisation.<\/li>\n<\/ul>\n","protected":false},"excerpt":{"rendered":"<p>Craquez pour ce joli coffret de cosm\u00e9tiques sans parfum pour peaux d\u00e9licates. La Collection Pur&amp;Pure prend soin des peaux les plus exigeantes.<\/p>\n","protected":false},"featured_media":78232,"comment_status":"open","ping_status":"closed","template":"","meta":[],"product_brand":[],"product_cat":[113,105,108,116,93,94,123],"product_tag":[],"giftcard-category":[],"class_list":{"0":"post-2103","1":"product","2":"type-product","3":"status-publish","4":"has-post-thumbnail","6":"product_cat-cremes-mains","7":"product_cat-druide-purpure-fr","8":"product_cat-lotions-corps","9":"product_cat-savons","10":"product_cat-soins-corps","11":"product_cat-soins-visage","12":"product_cat-ventes-offres","14":"first","15":"instock","16":"featured","17":"taxable","18":"shipping-taxable","19":"purchasable","20":"product-type-simple"},"yoast_head":"<!-- This site is optimized with the Yoast SEO plugin v27.1.1 - https:\/\/yoast.com\/product\/yoast-seo-wordpress\/ -->\n<title>Coffret Peau Sensible Pur&amp;Pure | Laboratoires Druide\u00ae | Bio For Life<\/title>\n<meta name=\"description\" content=\"Craquez pour ce joli coffret de cosm\u00e9tiques sans parfum pour peaux d\u00e9licates. La Collection Pur&amp;Pure prend soin des peaux les plus exigeantes.\" \/>\n<meta name=\"robots\" content=\"index, follow, max-snippet:-1, max-image-preview:large, max-video-preview:-1\" \/>\n<link rel=\"canonical\" href=\"https:\/\/druidebio.com\/fr\/produit\/coffret-peau-sensible-pur-pure\/\" \/>\n<meta property=\"og:locale\" content=\"fr_FR\" \/>\n<meta property=\"og:type\" content=\"article\" \/>\n<meta property=\"og:title\" content=\"Coffret Peau Sensible Pur&amp;Pure | Laboratoires Druide\u00ae | Bio For Life\" \/>\n<meta property=\"og:description\" content=\"Craquez pour ce joli coffret de cosm\u00e9tiques sans parfum pour peaux d\u00e9licates. La Collection Pur&amp;Pure prend soin des peaux les plus exigeantes.\" \/>\n<meta property=\"og:url\" content=\"https:\/\/druidebio.com\/fr\/produit\/coffret-peau-sensible-pur-pure\/\" \/>\n<meta property=\"og:site_name\" content=\"Laboratoires Druide\u00ae | Bio For Life\" \/>\n<meta property=\"article:publisher\" content=\"https:\/\/www.facebook.com\/infodruide\" \/>\n<meta property=\"article:modified_time\" content=\"2026-05-05T01:49:27+00:00\" \/>\n<meta property=\"og:image\" content=\"https:\/\/druidebio.com\/wp-content\/uploads\/2022\/08\/druide-pur-pure-face-hair-body-care-sensitive-skin-kit-include-lotion-hydrating-shower-gel-hand-cream-soap-1unit.jpg\" \/>\n\t<meta property=\"og:image:width\" content=\"1200\" \/>\n\t<meta property=\"og:image:height\" content=\"1200\" \/>\n\t<meta property=\"og:image:type\" content=\"image\/jpeg\" \/>\n<meta name=\"twitter:card\" content=\"summary_large_image\" \/>\n<script type=\"application\/ld+json\" class=\"yoast-schema-graph\">{\"@context\":\"https:\/\/schema.org\",\"@graph\":[{\"@type\":[\"WebPage\",\"ItemPage\"],\"@id\":\"https:\/\/druidebio.com\/fr\/produit\/coffret-peau-sensible-pur-pure\/\",\"url\":\"https:\/\/druidebio.com\/fr\/produit\/coffret-peau-sensible-pur-pure\/\",\"name\":\"Coffret Peau Sensible Pur&Pure | Laboratoires Druide\u00ae | Bio For Life\",\"isPartOf\":{\"@id\":\"https:\/\/druidebio.com\/fr\/#website\"},\"primaryImageOfPage\":{\"@id\":\"https:\/\/druidebio.com\/fr\/produit\/coffret-peau-sensible-pur-pure\/#primaryimage\"},\"image\":{\"@id\":\"https:\/\/druidebio.com\/fr\/produit\/coffret-peau-sensible-pur-pure\/#primaryimage\"},\"thumbnailUrl\":\"https:\/\/druidebio.com\/wp-content\/uploads\/2022\/08\/PurPure-Sensitive-Skin-Kit.jpg\",\"datePublished\":\"2022-08-26T15:48:31+00:00\",\"dateModified\":\"2026-05-05T01:49:27+00:00\",\"description\":\"Craquez pour ce joli coffret de cosm\u00e9tiques sans parfum pour peaux d\u00e9licates. La Collection Pur&Pure prend soin des peaux les plus exigeantes.\",\"breadcrumb\":{\"@id\":\"https:\/\/druidebio.com\/fr\/produit\/coffret-peau-sensible-pur-pure\/#breadcrumb\"},\"inLanguage\":\"fr-FR\",\"potentialAction\":[{\"@type\":\"ReadAction\",\"target\":[\"https:\/\/druidebio.com\/fr\/produit\/coffret-peau-sensible-pur-pure\/\"]}]},{\"@type\":\"ImageObject\",\"inLanguage\":\"fr-FR\",\"@id\":\"https:\/\/druidebio.com\/fr\/produit\/coffret-peau-sensible-pur-pure\/#primaryimage\",\"url\":\"https:\/\/druidebio.com\/wp-content\/uploads\/2022\/08\/PurPure-Sensitive-Skin-Kit.jpg\",\"contentUrl\":\"https:\/\/druidebio.com\/wp-content\/uploads\/2022\/08\/PurPure-Sensitive-Skin-Kit.jpg\",\"width\":1200,\"height\":1200,\"caption\":\"Coffret Peau Sensible Pur&Pure\"},{\"@type\":\"BreadcrumbList\",\"@id\":\"https:\/\/druidebio.com\/fr\/produit\/coffret-peau-sensible-pur-pure\/#breadcrumb\",\"itemListElement\":[{\"@type\":\"ListItem\",\"position\":1,\"name\":\"Home\",\"item\":\"https:\/\/druidebio.com\/fr\/\"},{\"@type\":\"ListItem\",\"position\":2,\"name\":\"Boutique\",\"item\":\"https:\/\/druidebio.com\/fr\/boutique\/\"},{\"@type\":\"ListItem\",\"position\":3,\"name\":\"Coffret Peau Sensible Pur&#038;Pure\"}]},{\"@type\":\"WebSite\",\"@id\":\"https:\/\/druidebio.com\/fr\/#website\",\"url\":\"https:\/\/druidebio.com\/fr\/\",\"name\":\"Laboratoires Druide\u00ae | Bio For Life\",\"description\":\"Natural and Organic Products. ECOCERT\u00ae Certified.\",\"publisher\":{\"@id\":\"https:\/\/druidebio.com\/fr\/#organization\"},\"alternateName\":\"Druide\",\"potentialAction\":[{\"@type\":\"SearchAction\",\"target\":{\"@type\":\"EntryPoint\",\"urlTemplate\":\"https:\/\/druidebio.com\/fr\/?s={search_term_string}\"},\"query-input\":{\"@type\":\"PropertyValueSpecification\",\"valueRequired\":true,\"valueName\":\"search_term_string\"}}],\"inLanguage\":\"fr-FR\"},{\"@type\":\"Organization\",\"@id\":\"https:\/\/druidebio.com\/fr\/#organization\",\"name\":\"Druide\",\"alternateName\":\"Laboratoires Druide\",\"url\":\"https:\/\/druidebio.com\/fr\/\",\"logo\":{\"@type\":\"ImageObject\",\"inLanguage\":\"fr-FR\",\"@id\":\"https:\/\/druidebio.com\/fr\/#\/schema\/logo\/image\/\",\"url\":\"https:\/\/druidebio.com\/wp-content\/uploads\/2022\/08\/logo-fav.png\",\"contentUrl\":\"https:\/\/druidebio.com\/wp-content\/uploads\/2022\/08\/logo-fav.png\",\"width\":512,\"height\":512,\"caption\":\"Druide\"},\"image\":{\"@id\":\"https:\/\/druidebio.com\/fr\/#\/schema\/logo\/image\/\"},\"sameAs\":[\"https:\/\/www.facebook.com\/infodruide\",\"https:\/\/www.instagram.com\/druidebio\/\",\"https:\/\/www.pinterest.ca\/DruideBioCanada\/\",\"https:\/\/www.youtube.com\/user\/DRUIDECANADA\"]}]}<\/script>\n<!-- \/ Yoast SEO plugin. -->","yoast_head_json":{"title":"Coffret Peau Sensible Pur&Pure | Laboratoires Druide\u00ae | Bio For Life","description":"Craquez pour ce joli coffret de cosm\u00e9tiques sans parfum pour peaux d\u00e9licates. La Collection Pur&Pure prend soin des peaux les plus exigeantes.","robots":{"index":"index","follow":"follow","max-snippet":"max-snippet:-1","max-image-preview":"max-image-preview:large","max-video-preview":"max-video-preview:-1"},"canonical":"https:\/\/druidebio.com\/fr\/produit\/coffret-peau-sensible-pur-pure\/","og_locale":"fr_FR","og_type":"article","og_title":"Coffret Peau Sensible Pur&Pure | Laboratoires Druide\u00ae | Bio For Life","og_description":"Craquez pour ce joli coffret de cosm\u00e9tiques sans parfum pour peaux d\u00e9licates. La Collection Pur&Pure prend soin des peaux les plus exigeantes.","og_url":"https:\/\/druidebio.com\/fr\/produit\/coffret-peau-sensible-pur-pure\/","og_site_name":"Laboratoires Druide\u00ae | Bio For Life","article_publisher":"https:\/\/www.facebook.com\/infodruide","article_modified_time":"2026-05-05T01:49:27+00:00","og_image":[{"width":1200,"height":1200,"url":"https:\/\/druidebio.com\/wp-content\/uploads\/2022\/08\/druide-pur-pure-face-hair-body-care-sensitive-skin-kit-include-lotion-hydrating-shower-gel-hand-cream-soap-1unit.jpg","type":"image\/jpeg"}],"twitter_card":"summary_large_image","schema":{"@context":"https:\/\/schema.org","@graph":[{"@type":["WebPage","ItemPage"],"@id":"https:\/\/druidebio.com\/fr\/produit\/coffret-peau-sensible-pur-pure\/","url":"https:\/\/druidebio.com\/fr\/produit\/coffret-peau-sensible-pur-pure\/","name":"Coffret Peau Sensible Pur&Pure | Laboratoires Druide\u00ae | Bio For Life","isPartOf":{"@id":"https:\/\/druidebio.com\/fr\/#website"},"primaryImageOfPage":{"@id":"https:\/\/druidebio.com\/fr\/produit\/coffret-peau-sensible-pur-pure\/#primaryimage"},"image":{"@id":"https:\/\/druidebio.com\/fr\/produit\/coffret-peau-sensible-pur-pure\/#primaryimage"},"thumbnailUrl":"https:\/\/druidebio.com\/wp-content\/uploads\/2022\/08\/PurPure-Sensitive-Skin-Kit.jpg","datePublished":"2022-08-26T15:48:31+00:00","dateModified":"2026-05-05T01:49:27+00:00","description":"Craquez pour ce joli coffret de cosm\u00e9tiques sans parfum pour peaux d\u00e9licates. La Collection Pur&Pure prend soin des peaux les plus exigeantes.","breadcrumb":{"@id":"https:\/\/druidebio.com\/fr\/produit\/coffret-peau-sensible-pur-pure\/#breadcrumb"},"inLanguage":"fr-FR","potentialAction":[{"@type":"ReadAction","target":["https:\/\/druidebio.com\/fr\/produit\/coffret-peau-sensible-pur-pure\/"]}]},{"@type":"ImageObject","inLanguage":"fr-FR","@id":"https:\/\/druidebio.com\/fr\/produit\/coffret-peau-sensible-pur-pure\/#primaryimage","url":"https:\/\/druidebio.com\/wp-content\/uploads\/2022\/08\/PurPure-Sensitive-Skin-Kit.jpg","contentUrl":"https:\/\/druidebio.com\/wp-content\/uploads\/2022\/08\/PurPure-Sensitive-Skin-Kit.jpg","width":1200,"height":1200,"caption":"Coffret Peau Sensible Pur&Pure"},{"@type":"BreadcrumbList","@id":"https:\/\/druidebio.com\/fr\/produit\/coffret-peau-sensible-pur-pure\/#breadcrumb","itemListElement":[{"@type":"ListItem","position":1,"name":"Home","item":"https:\/\/druidebio.com\/fr\/"},{"@type":"ListItem","position":2,"name":"Boutique","item":"https:\/\/druidebio.com\/fr\/boutique\/"},{"@type":"ListItem","position":3,"name":"Coffret Peau Sensible Pur&#038;Pure"}]},{"@type":"WebSite","@id":"https:\/\/druidebio.com\/fr\/#website","url":"https:\/\/druidebio.com\/fr\/","name":"Laboratoires Druide\u00ae | Bio For Life","description":"Natural and Organic Products. ECOCERT\u00ae Certified.","publisher":{"@id":"https:\/\/druidebio.com\/fr\/#organization"},"alternateName":"Druide","potentialAction":[{"@type":"SearchAction","target":{"@type":"EntryPoint","urlTemplate":"https:\/\/druidebio.com\/fr\/?s={search_term_string}"},"query-input":{"@type":"PropertyValueSpecification","valueRequired":true,"valueName":"search_term_string"}}],"inLanguage":"fr-FR"},{"@type":"Organization","@id":"https:\/\/druidebio.com\/fr\/#organization","name":"Druide","alternateName":"Laboratoires Druide","url":"https:\/\/druidebio.com\/fr\/","logo":{"@type":"ImageObject","inLanguage":"fr-FR","@id":"https:\/\/druidebio.com\/fr\/#\/schema\/logo\/image\/","url":"https:\/\/druidebio.com\/wp-content\/uploads\/2022\/08\/logo-fav.png","contentUrl":"https:\/\/druidebio.com\/wp-content\/uploads\/2022\/08\/logo-fav.png","width":512,"height":512,"caption":"Druide"},"image":{"@id":"https:\/\/druidebio.com\/fr\/#\/schema\/logo\/image\/"},"sameAs":["https:\/\/www.facebook.com\/infodruide","https:\/\/www.instagram.com\/druidebio\/","https:\/\/www.pinterest.ca\/DruideBioCanada\/","https:\/\/www.youtube.com\/user\/DRUIDECANADA"]}]}},"_links":{"self":[{"href":"https:\/\/druidebio.com\/fr\/wp-json\/wp\/v2\/product\/2103","targetHints":{"allow":["GET"]}}],"collection":[{"href":"https:\/\/druidebio.com\/fr\/wp-json\/wp\/v2\/product"}],"about":[{"href":"https:\/\/druidebio.com\/fr\/wp-json\/wp\/v2\/types\/product"}],"replies":[{"embeddable":true,"href":"https:\/\/druidebio.com\/fr\/wp-json\/wp\/v2\/comments?post=2103"}],"wp:featuredmedia":[{"embeddable":true,"href":"https:\/\/druidebio.com\/fr\/wp-json\/wp\/v2\/media\/78232"}],"wp:attachment":[{"href":"https:\/\/druidebio.com\/fr\/wp-json\/wp\/v2\/media?parent=2103"}],"wp:term":[{"taxonomy":"product_brand","embeddable":true,"href":"https:\/\/druidebio.com\/fr\/wp-json\/wp\/v2\/product_brand?post=2103"},{"taxonomy":"product_cat","embeddable":true,"href":"https:\/\/druidebio.com\/fr\/wp-json\/wp\/v2\/product_cat?post=2103"},{"taxonomy":"product_tag","embeddable":true,"href":"https:\/\/druidebio.com\/fr\/wp-json\/wp\/v2\/product_tag?post=2103"},{"taxonomy":"giftcard-category","embeddable":true,"href":"https:\/\/druidebio.com\/fr\/wp-json\/wp\/v2\/giftcard-category?post=2103"}],"curies":[{"name":"wp","href":"https:\/\/api.w.org\/{rel}","templated":true}]}}