{"id":2101,"date":"2022-08-26T11:48:07","date_gmt":"2022-08-26T15:48:07","guid":{"rendered":"https:\/\/druide.wpengine.com\/product\/pur-pure-face-body-lotion\/"},"modified":"2026-04-05T12:20:51","modified_gmt":"2026-04-05T16:20:51","slug":"lait-visage-et-corps-pur-pure","status":"publish","type":"product","link":"https:\/\/druidebio.com\/fr\/produit\/lait-visage-et-corps-pur-pure\/","title":{"rendered":"Lait Visage et Corps Pur&#038;Pure"},"content":{"rendered":"<h2>Le secret d&rsquo;une peau saine, douce et prot\u00e9g\u00e9e.<\/h2>\n<p>D\u00e9couvrez notre lait hydratant ultra-doux, sp\u00e9cialement con\u00e7u pour les peaux hypersensibles et intol\u00e9rantes. Sa formule respectueuse du microbiote cutan\u00e9 et du pH physiologique de la peau restaure le film hydrolipidique, assurant une hydratation optimale.<\/p>\n<p>Ce lait riche et apaisant p\u00e9n\u00e8tre rapidement, offrant une protection efficace contre les agressions ext\u00e9rieures. Id\u00e9al pour les peaux sujettes \u00e0 l\u2019ecz\u00e9ma (atopique ou de contact), au psoriasis, ou pour les personnes sous chimioth\u00e9rapie, radioth\u00e9rapie ou immunoth\u00e9rapie.<\/p>\n<p>Gr\u00e2ce \u00e0 ses actifs hydratants et apaisants, ce lait r\u00e9tablit la douceur et la souplesse de la peau, offrant un soulagement imm\u00e9diat des sensations d&rsquo;irritation, de tiraillements et de d\u00e9mangeaisons.<\/p>\n<p>Optez pour une peau apais\u00e9e et pr\u00e9serv\u00e9e, tout en adoptant une approche respectueuse de l&rsquo;environnement et de votre bien-\u00eatre.<\/p>\n<p>Certifi\u00e9 Cosmos Organic par \u00c9cocert, notre lait hydratant est 100 % v\u00e9g\u00e9tal (vegan), biod\u00e9gradable et respectueux de l&rsquo;environnement. Formul\u00e9 sans alcool, silicones, parab\u00e8nes, PEG, gluten, OGM, perturbateurs endocriniens, goudron, quaterniums, parfums ni colorants. Aucun test sur les animaux n&rsquo;est pratiqu\u00e9.<\/p>\n","protected":false},"excerpt":{"rendered":"<p>Lait hydratant ultra-doux, sp\u00e9cialement con\u00e7u pour les peaux hypersensibles. Restaure le film hydrolipidique de la peau, offrant une hydratation optimale et une protection efficace. Soulage imm\u00e9diatement irritations et d\u00e9mangeaisons pour une peau apais\u00e9e et pr\u00e9serv\u00e9e.<\/p>\n<ul>\n<li class=\"bullet-arrow\"><strong>Texture <\/strong>: Cr\u00e8me l\u00e9g\u00e8re<\/li>\n<li class=\"bullet-arrow\"><strong>Odeur <\/strong>: Sans odeur<\/li>\n<li class=\"bullet-arrow\"><strong>Format <\/strong>: 250 ml \u2013 8.4 US Fl.oz.<\/li>\n<\/ul>\n<div class=\"row row-full-width align-equal\"  id=\"row-1277888785\">\n\t<div id=\"col-181157495\" class=\"col small-12 large-12\"  >\n\t\t\t\t<div class=\"col-inner\"  >\n\t\t\t\n\t\t\t\n\n  \n    <div class=\"row large-columns-8 medium-columns-8 small-columns-8 row-xsmall\" >\n  <div class=\"gallery-col col\" >\n          <div class=\"col-inner\">\n                        <div class=\"box has-hover gallery-box box-none\">\n              <div class=\"box-image\" >\n                <img width=\"1\" height=\"1\" src=\"https:\/\/druidebio.com\/wp-content\/uploads\/2023\/07\/EcoCert.svg\" class=\"attachment-medium size-medium\" alt=\"\" ids=\"861,868,864,863,865,862\" style=\"none\" lightbox=\"false\" col_spacing=\"xsmall\" columns=\"8\" columns__sm=\"8\" columns__md=\"8\" decoding=\"async\" loading=\"lazy\" \/>                                                              <\/div>\n              <div class=\"box-text text-left\" >\n                 <p><\/p>\n              <\/div>\n            <\/div>\n                      <\/div>\n         <\/div><div class=\"gallery-col col\" >\n          <div class=\"col-inner\">\n                        <div class=\"box has-hover gallery-box box-none\">\n              <div class=\"box-image\" >\n                <img width=\"1\" height=\"1\" src=\"https:\/\/druidebio.com\/wp-content\/uploads\/2023\/07\/Vegan.svg\" class=\"attachment-medium size-medium\" alt=\"\" ids=\"861,868,864,863,865,862\" style=\"none\" lightbox=\"false\" col_spacing=\"xsmall\" columns=\"8\" columns__sm=\"8\" columns__md=\"8\" decoding=\"async\" loading=\"lazy\" \/>                                                              <\/div>\n              <div class=\"box-text text-left\" >\n                 <p><\/p>\n              <\/div>\n            <\/div>\n                      <\/div>\n         <\/div><div class=\"gallery-col col\" >\n          <div class=\"col-inner\">\n                        <div class=\"box has-hover gallery-box box-none\">\n              <div class=\"box-image\" >\n                <img width=\"1\" height=\"1\" src=\"https:\/\/druidebio.com\/wp-content\/uploads\/2023\/07\/Not_Tested_Animals.svg\" class=\"attachment-medium size-medium\" alt=\"\" ids=\"861,868,864,863,865,862\" style=\"none\" lightbox=\"false\" col_spacing=\"xsmall\" columns=\"8\" columns__sm=\"8\" columns__md=\"8\" decoding=\"async\" loading=\"lazy\" \/>                                                              <\/div>\n              <div class=\"box-text text-left\" >\n                 <p><\/p>\n              <\/div>\n            <\/div>\n                      <\/div>\n         <\/div><div class=\"gallery-col col\" >\n          <div class=\"col-inner\">\n                        <div class=\"box has-hover gallery-box box-none\">\n              <div class=\"box-image\" >\n                <img width=\"1\" height=\"1\" src=\"https:\/\/druidebio.com\/wp-content\/uploads\/2023\/07\/NoGMO.svg\" class=\"attachment-medium size-medium\" alt=\"\" ids=\"861,868,864,863,865,862\" style=\"none\" lightbox=\"false\" col_spacing=\"xsmall\" columns=\"8\" columns__sm=\"8\" columns__md=\"8\" decoding=\"async\" loading=\"lazy\" \/>                                                              <\/div>\n              <div class=\"box-text text-left\" >\n                 <p><\/p>\n              <\/div>\n            <\/div>\n                      <\/div>\n         <\/div><div class=\"gallery-col col\" >\n          <div class=\"col-inner\">\n                        <div class=\"box has-hover gallery-box box-none\">\n              <div class=\"box-image\" >\n                <img width=\"1\" height=\"1\" src=\"https:\/\/druidebio.com\/wp-content\/uploads\/2023\/07\/Recyclable.svg\" class=\"attachment-medium size-medium\" alt=\"\" ids=\"861,868,864,863,865,862\" style=\"none\" lightbox=\"false\" col_spacing=\"xsmall\" columns=\"8\" columns__sm=\"8\" columns__md=\"8\" decoding=\"async\" loading=\"lazy\" \/>                                                              <\/div>\n              <div class=\"box-text text-left\" >\n                 <p><\/p>\n              <\/div>\n            <\/div>\n                      <\/div>\n         <\/div><div class=\"gallery-col col\" >\n          <div class=\"col-inner\">\n                        <div class=\"box has-hover gallery-box box-none\">\n              <div class=\"box-image\" >\n                <img width=\"1\" height=\"1\" src=\"https:\/\/druidebio.com\/wp-content\/uploads\/2023\/07\/Gluten_Free.svg\" class=\"attachment-medium size-medium\" alt=\"\" ids=\"861,868,864,863,865,862\" style=\"none\" lightbox=\"false\" col_spacing=\"xsmall\" columns=\"8\" columns__sm=\"8\" columns__md=\"8\" decoding=\"async\" loading=\"lazy\" \/>                                                              <\/div>\n              <div class=\"box-text text-left\" >\n                 <p><\/p>\n              <\/div>\n            <\/div>\n                      <\/div>\n         <\/div><\/div>\n\t\t<\/div>\n\t\t\t\t\t<\/div>\n\n\t<\/div>\n","protected":false},"featured_media":1619,"comment_status":"open","ping_status":"closed","template":"","meta":[],"product_brand":[],"product_cat":[105,108,93,94],"product_tag":[],"giftcard-category":[],"class_list":{"0":"post-2101","1":"product","2":"type-product","3":"status-publish","4":"has-post-thumbnail","6":"product_cat-druide-purpure-fr","7":"product_cat-lotions-corps","8":"product_cat-soins-corps","9":"product_cat-soins-visage","11":"first","12":"instock","13":"sale","14":"taxable","15":"shipping-taxable","16":"purchasable","17":"product-type-simple"},"yoast_head":"<!-- This site is optimized with the Yoast SEO plugin v27.1.1 - https:\/\/yoast.com\/product\/yoast-seo-wordpress\/ -->\n<title>Lait Visage et Corps Pur&amp;Pure | Laboratoires Druide\u00ae | Bio For Life<\/title>\n<meta name=\"description\" content=\"Lait hydratant ultra-doux, sp\u00e9cialement con\u00e7u pour les peaux hypersensibles. Restaure le film hydrolipidique de la peau, offrant une hydratation optimale et une protection efficace. Soulage imm\u00e9diatement irritations et d\u00e9mangeaisons pour une peau apais\u00e9e et pr\u00e9serv\u00e9e.\" \/>\n<meta name=\"robots\" content=\"index, follow, max-snippet:-1, max-image-preview:large, max-video-preview:-1\" \/>\n<link rel=\"canonical\" href=\"https:\/\/druidebio.com\/fr\/produit\/lait-visage-et-corps-pur-pure\/\" \/>\n<meta property=\"og:locale\" content=\"fr_FR\" \/>\n<meta property=\"og:type\" content=\"article\" \/>\n<meta property=\"og:title\" content=\"Lait Visage et Corps Pur&amp;Pure | Laboratoires Druide\u00ae | Bio For Life\" \/>\n<meta property=\"og:description\" content=\"Lait hydratant ultra-doux, sp\u00e9cialement con\u00e7u pour les peaux hypersensibles. Restaure le film hydrolipidique de la peau, offrant une hydratation optimale et une protection efficace. Soulage imm\u00e9diatement irritations et d\u00e9mangeaisons pour une peau apais\u00e9e et pr\u00e9serv\u00e9e.\" \/>\n<meta property=\"og:url\" content=\"https:\/\/druidebio.com\/fr\/produit\/lait-visage-et-corps-pur-pure\/\" \/>\n<meta property=\"og:site_name\" content=\"Laboratoires Druide\u00ae | Bio For Life\" \/>\n<meta property=\"article:publisher\" content=\"https:\/\/www.facebook.com\/infodruide\" \/>\n<meta property=\"article:modified_time\" content=\"2026-04-05T16:20:51+00:00\" \/>\n<meta property=\"og:image\" content=\"https:\/\/druidebio.com\/wp-content\/uploads\/2022\/08\/druide-pur-pure-face-body-care-sensitive-skin-milk-lotion-hydrating-250ml-8.4oz-bottle.jpg\" \/>\n\t<meta property=\"og:image:width\" content=\"2000\" \/>\n\t<meta property=\"og:image:height\" content=\"2000\" \/>\n\t<meta property=\"og:image:type\" content=\"image\/jpeg\" \/>\n<meta name=\"twitter:card\" content=\"summary_large_image\" \/>\n<script type=\"application\/ld+json\" class=\"yoast-schema-graph\">{\"@context\":\"https:\/\/schema.org\",\"@graph\":[{\"@type\":[\"WebPage\",\"ItemPage\"],\"@id\":\"https:\/\/druidebio.com\/fr\/produit\/lait-visage-et-corps-pur-pure\/\",\"url\":\"https:\/\/druidebio.com\/fr\/produit\/lait-visage-et-corps-pur-pure\/\",\"name\":\"Lait Visage et Corps Pur&Pure | Laboratoires Druide\u00ae | Bio For Life\",\"isPartOf\":{\"@id\":\"https:\/\/druidebio.com\/fr\/#website\"},\"primaryImageOfPage\":{\"@id\":\"https:\/\/druidebio.com\/fr\/produit\/lait-visage-et-corps-pur-pure\/#primaryimage\"},\"image\":{\"@id\":\"https:\/\/druidebio.com\/fr\/produit\/lait-visage-et-corps-pur-pure\/#primaryimage\"},\"thumbnailUrl\":\"https:\/\/druidebio.com\/wp-content\/uploads\/2022\/08\/druide-pur-pure-face-body-care-sensitive-skin-milk-lotion-hydrating-250ml-8.4oz-bottle.jpg\",\"datePublished\":\"2022-08-26T15:48:07+00:00\",\"dateModified\":\"2026-04-05T16:20:51+00:00\",\"description\":\"Lait hydratant ultra-doux, sp\u00e9cialement con\u00e7u pour les peaux hypersensibles. Restaure le film hydrolipidique de la peau, offrant une hydratation optimale et une protection efficace. Soulage imm\u00e9diatement irritations et d\u00e9mangeaisons pour une peau apais\u00e9e et pr\u00e9serv\u00e9e.\",\"breadcrumb\":{\"@id\":\"https:\/\/druidebio.com\/fr\/produit\/lait-visage-et-corps-pur-pure\/#breadcrumb\"},\"inLanguage\":\"fr-FR\",\"potentialAction\":[{\"@type\":\"ReadAction\",\"target\":[\"https:\/\/druidebio.com\/fr\/produit\/lait-visage-et-corps-pur-pure\/\"]}]},{\"@type\":\"ImageObject\",\"inLanguage\":\"fr-FR\",\"@id\":\"https:\/\/druidebio.com\/fr\/produit\/lait-visage-et-corps-pur-pure\/#primaryimage\",\"url\":\"https:\/\/druidebio.com\/wp-content\/uploads\/2022\/08\/druide-pur-pure-face-body-care-sensitive-skin-milk-lotion-hydrating-250ml-8.4oz-bottle.jpg\",\"contentUrl\":\"https:\/\/druidebio.com\/wp-content\/uploads\/2022\/08\/druide-pur-pure-face-body-care-sensitive-skin-milk-lotion-hydrating-250ml-8.4oz-bottle.jpg\",\"width\":2000,\"height\":2000,\"caption\":\"Lait Visage et Corps Pur&Pure\"},{\"@type\":\"BreadcrumbList\",\"@id\":\"https:\/\/druidebio.com\/fr\/produit\/lait-visage-et-corps-pur-pure\/#breadcrumb\",\"itemListElement\":[{\"@type\":\"ListItem\",\"position\":1,\"name\":\"Home\",\"item\":\"https:\/\/druidebio.com\/fr\/\"},{\"@type\":\"ListItem\",\"position\":2,\"name\":\"Boutique\",\"item\":\"https:\/\/druidebio.com\/fr\/boutique\/\"},{\"@type\":\"ListItem\",\"position\":3,\"name\":\"Lait Visage et Corps Pur&#038;Pure\"}]},{\"@type\":\"WebSite\",\"@id\":\"https:\/\/druidebio.com\/fr\/#website\",\"url\":\"https:\/\/druidebio.com\/fr\/\",\"name\":\"Laboratoires Druide\u00ae | Bio For Life\",\"description\":\"Natural and Organic Products. ECOCERT\u00ae Certified.\",\"publisher\":{\"@id\":\"https:\/\/druidebio.com\/fr\/#organization\"},\"alternateName\":\"Druide\",\"potentialAction\":[{\"@type\":\"SearchAction\",\"target\":{\"@type\":\"EntryPoint\",\"urlTemplate\":\"https:\/\/druidebio.com\/fr\/?s={search_term_string}\"},\"query-input\":{\"@type\":\"PropertyValueSpecification\",\"valueRequired\":true,\"valueName\":\"search_term_string\"}}],\"inLanguage\":\"fr-FR\"},{\"@type\":\"Organization\",\"@id\":\"https:\/\/druidebio.com\/fr\/#organization\",\"name\":\"Druide\",\"alternateName\":\"Laboratoires Druide\",\"url\":\"https:\/\/druidebio.com\/fr\/\",\"logo\":{\"@type\":\"ImageObject\",\"inLanguage\":\"fr-FR\",\"@id\":\"https:\/\/druidebio.com\/fr\/#\/schema\/logo\/image\/\",\"url\":\"https:\/\/druidebio.com\/wp-content\/uploads\/2022\/08\/logo-fav.png\",\"contentUrl\":\"https:\/\/druidebio.com\/wp-content\/uploads\/2022\/08\/logo-fav.png\",\"width\":512,\"height\":512,\"caption\":\"Druide\"},\"image\":{\"@id\":\"https:\/\/druidebio.com\/fr\/#\/schema\/logo\/image\/\"},\"sameAs\":[\"https:\/\/www.facebook.com\/infodruide\",\"https:\/\/www.instagram.com\/druidebio\/\",\"https:\/\/www.pinterest.ca\/DruideBioCanada\/\",\"https:\/\/www.youtube.com\/user\/DRUIDECANADA\"]}]}<\/script>\n<!-- \/ Yoast SEO plugin. -->","yoast_head_json":{"title":"Lait Visage et Corps Pur&Pure | Laboratoires Druide\u00ae | Bio For Life","description":"Lait hydratant ultra-doux, sp\u00e9cialement con\u00e7u pour les peaux hypersensibles. Restaure le film hydrolipidique de la peau, offrant une hydratation optimale et une protection efficace. Soulage imm\u00e9diatement irritations et d\u00e9mangeaisons pour une peau apais\u00e9e et pr\u00e9serv\u00e9e.","robots":{"index":"index","follow":"follow","max-snippet":"max-snippet:-1","max-image-preview":"max-image-preview:large","max-video-preview":"max-video-preview:-1"},"canonical":"https:\/\/druidebio.com\/fr\/produit\/lait-visage-et-corps-pur-pure\/","og_locale":"fr_FR","og_type":"article","og_title":"Lait Visage et Corps Pur&Pure | Laboratoires Druide\u00ae | Bio For Life","og_description":"Lait hydratant ultra-doux, sp\u00e9cialement con\u00e7u pour les peaux hypersensibles. Restaure le film hydrolipidique de la peau, offrant une hydratation optimale et une protection efficace. Soulage imm\u00e9diatement irritations et d\u00e9mangeaisons pour une peau apais\u00e9e et pr\u00e9serv\u00e9e.","og_url":"https:\/\/druidebio.com\/fr\/produit\/lait-visage-et-corps-pur-pure\/","og_site_name":"Laboratoires Druide\u00ae | Bio For Life","article_publisher":"https:\/\/www.facebook.com\/infodruide","article_modified_time":"2026-04-05T16:20:51+00:00","og_image":[{"width":2000,"height":2000,"url":"https:\/\/druidebio.com\/wp-content\/uploads\/2022\/08\/druide-pur-pure-face-body-care-sensitive-skin-milk-lotion-hydrating-250ml-8.4oz-bottle.jpg","type":"image\/jpeg"}],"twitter_card":"summary_large_image","schema":{"@context":"https:\/\/schema.org","@graph":[{"@type":["WebPage","ItemPage"],"@id":"https:\/\/druidebio.com\/fr\/produit\/lait-visage-et-corps-pur-pure\/","url":"https:\/\/druidebio.com\/fr\/produit\/lait-visage-et-corps-pur-pure\/","name":"Lait Visage et Corps Pur&Pure | Laboratoires Druide\u00ae | Bio For Life","isPartOf":{"@id":"https:\/\/druidebio.com\/fr\/#website"},"primaryImageOfPage":{"@id":"https:\/\/druidebio.com\/fr\/produit\/lait-visage-et-corps-pur-pure\/#primaryimage"},"image":{"@id":"https:\/\/druidebio.com\/fr\/produit\/lait-visage-et-corps-pur-pure\/#primaryimage"},"thumbnailUrl":"https:\/\/druidebio.com\/wp-content\/uploads\/2022\/08\/druide-pur-pure-face-body-care-sensitive-skin-milk-lotion-hydrating-250ml-8.4oz-bottle.jpg","datePublished":"2022-08-26T15:48:07+00:00","dateModified":"2026-04-05T16:20:51+00:00","description":"Lait hydratant ultra-doux, sp\u00e9cialement con\u00e7u pour les peaux hypersensibles. Restaure le film hydrolipidique de la peau, offrant une hydratation optimale et une protection efficace. Soulage imm\u00e9diatement irritations et d\u00e9mangeaisons pour une peau apais\u00e9e et pr\u00e9serv\u00e9e.","breadcrumb":{"@id":"https:\/\/druidebio.com\/fr\/produit\/lait-visage-et-corps-pur-pure\/#breadcrumb"},"inLanguage":"fr-FR","potentialAction":[{"@type":"ReadAction","target":["https:\/\/druidebio.com\/fr\/produit\/lait-visage-et-corps-pur-pure\/"]}]},{"@type":"ImageObject","inLanguage":"fr-FR","@id":"https:\/\/druidebio.com\/fr\/produit\/lait-visage-et-corps-pur-pure\/#primaryimage","url":"https:\/\/druidebio.com\/wp-content\/uploads\/2022\/08\/druide-pur-pure-face-body-care-sensitive-skin-milk-lotion-hydrating-250ml-8.4oz-bottle.jpg","contentUrl":"https:\/\/druidebio.com\/wp-content\/uploads\/2022\/08\/druide-pur-pure-face-body-care-sensitive-skin-milk-lotion-hydrating-250ml-8.4oz-bottle.jpg","width":2000,"height":2000,"caption":"Lait Visage et Corps Pur&Pure"},{"@type":"BreadcrumbList","@id":"https:\/\/druidebio.com\/fr\/produit\/lait-visage-et-corps-pur-pure\/#breadcrumb","itemListElement":[{"@type":"ListItem","position":1,"name":"Home","item":"https:\/\/druidebio.com\/fr\/"},{"@type":"ListItem","position":2,"name":"Boutique","item":"https:\/\/druidebio.com\/fr\/boutique\/"},{"@type":"ListItem","position":3,"name":"Lait Visage et Corps Pur&#038;Pure"}]},{"@type":"WebSite","@id":"https:\/\/druidebio.com\/fr\/#website","url":"https:\/\/druidebio.com\/fr\/","name":"Laboratoires Druide\u00ae | Bio For Life","description":"Natural and Organic Products. ECOCERT\u00ae Certified.","publisher":{"@id":"https:\/\/druidebio.com\/fr\/#organization"},"alternateName":"Druide","potentialAction":[{"@type":"SearchAction","target":{"@type":"EntryPoint","urlTemplate":"https:\/\/druidebio.com\/fr\/?s={search_term_string}"},"query-input":{"@type":"PropertyValueSpecification","valueRequired":true,"valueName":"search_term_string"}}],"inLanguage":"fr-FR"},{"@type":"Organization","@id":"https:\/\/druidebio.com\/fr\/#organization","name":"Druide","alternateName":"Laboratoires Druide","url":"https:\/\/druidebio.com\/fr\/","logo":{"@type":"ImageObject","inLanguage":"fr-FR","@id":"https:\/\/druidebio.com\/fr\/#\/schema\/logo\/image\/","url":"https:\/\/druidebio.com\/wp-content\/uploads\/2022\/08\/logo-fav.png","contentUrl":"https:\/\/druidebio.com\/wp-content\/uploads\/2022\/08\/logo-fav.png","width":512,"height":512,"caption":"Druide"},"image":{"@id":"https:\/\/druidebio.com\/fr\/#\/schema\/logo\/image\/"},"sameAs":["https:\/\/www.facebook.com\/infodruide","https:\/\/www.instagram.com\/druidebio\/","https:\/\/www.pinterest.ca\/DruideBioCanada\/","https:\/\/www.youtube.com\/user\/DRUIDECANADA"]}]}},"_links":{"self":[{"href":"https:\/\/druidebio.com\/fr\/wp-json\/wp\/v2\/product\/2101","targetHints":{"allow":["GET"]}}],"collection":[{"href":"https:\/\/druidebio.com\/fr\/wp-json\/wp\/v2\/product"}],"about":[{"href":"https:\/\/druidebio.com\/fr\/wp-json\/wp\/v2\/types\/product"}],"replies":[{"embeddable":true,"href":"https:\/\/druidebio.com\/fr\/wp-json\/wp\/v2\/comments?post=2101"}],"wp:featuredmedia":[{"embeddable":true,"href":"https:\/\/druidebio.com\/fr\/wp-json\/wp\/v2\/media\/1619"}],"wp:attachment":[{"href":"https:\/\/druidebio.com\/fr\/wp-json\/wp\/v2\/media?parent=2101"}],"wp:term":[{"taxonomy":"product_brand","embeddable":true,"href":"https:\/\/druidebio.com\/fr\/wp-json\/wp\/v2\/product_brand?post=2101"},{"taxonomy":"product_cat","embeddable":true,"href":"https:\/\/druidebio.com\/fr\/wp-json\/wp\/v2\/product_cat?post=2101"},{"taxonomy":"product_tag","embeddable":true,"href":"https:\/\/druidebio.com\/fr\/wp-json\/wp\/v2\/product_tag?post=2101"},{"taxonomy":"giftcard-category","embeddable":true,"href":"https:\/\/druidebio.com\/fr\/wp-json\/wp\/v2\/giftcard-category?post=2101"}],"curies":[{"name":"wp","href":"https:\/\/api.w.org\/{rel}","templated":true}]}}