{"id":2099,"date":"2022-08-26T11:48:13","date_gmt":"2022-08-26T15:48:13","guid":{"rendered":"https:\/\/druide.wpengine.com\/product\/pur-pure-hydrating-face-cream\/"},"modified":"2026-04-08T09:55:51","modified_gmt":"2026-04-08T13:55:51","slug":"creme-visage-hydratante-pur-pure","status":"publish","type":"product","link":"https:\/\/druidebio.com\/fr\/produit\/creme-visage-hydratante-pur-pure\/","title":{"rendered":"Cr\u00e8me Visage Hydratante Pur&#038;Pure"},"content":{"rendered":"<h2>La cr\u00e8me visage id\u00e9ale pour les peaux d\u00e9licates et sensibles<\/h2>\n<p>D\u00e9couvrez notre cr\u00e8me hydratante ultra-douce, hypoallerg\u00e9nique, sp\u00e9cialement con\u00e7ue pour les peaux hypersensibles et intol\u00e9rantes. Enrichie en propri\u00e9t\u00e9s hydratantes et nourrissantes, elle r\u00e9pare et prot\u00e8ge d\u00e9licatement la peau sensible du visage. Respectant le microbiote cutan\u00e9 et le pH physiologique de la peau, elle r\u00e9tablit naturellement le film hydrolipidique.<\/p>\n<p>Sa formule l\u00e9g\u00e8re et apaisante p\u00e9n\u00e8tre rapidement, offrant une d\u00e9fense efficace contre les agressions ext\u00e9rieures. Elle convient particuli\u00e8rement aux peaux jeunes, atopiques, ou encre sujettes \u00e0 l\u2019acn\u00e9.<\/p>\n<p>Gr\u00e2ce \u00e0 ses actifs micro-encapsul\u00e9s, favorisant la cicatrisation, notre cr\u00e8me r\u00e9tablit la douceur et la souplesse de la peau, offrant un soulagement imm\u00e9diat. Son utilisation r\u00e9guli\u00e8re s&rsquo;av\u00e8re particuli\u00e8rement b\u00e9n\u00e9fique en cas de probl\u00e8mes cutan\u00e9s, en restaurant la barri\u00e8re hydrolipidique et en garantissant ainsi un confort durable. Optez pour une peau apais\u00e9e et rayonnante.<\/p>\n<p>Certifi\u00e9e Cosmos Organic par \u00c9cocert, notre cr\u00e8me est 100 % v\u00e9g\u00e9tale (v\u00e9gan), biod\u00e9gradable et respectueuse de l&rsquo;environnement. Exempte d&rsquo;alcool, de silicone, de parab\u00e8nes, de PEG, de gluten, d&rsquo;OGM, de perturbateurs endocriniens, de goudron, de quaterniums, de parfums et de colorants, elle assure une utilisation sans risque. Aucun test sur les animaux n&rsquo;est effectu\u00e9.<\/p>\n","protected":false},"excerpt":{"rendered":"<p>Cr\u00e8me visage bio, ultra-douce, con\u00e7ue pour les peaux hypersensibles. Enrichie en propri\u00e9t\u00e9s hydratantes et nourrissantes, elle r\u00e9pare et prot\u00e8ge la peau sensible du visage.<\/p>\n<ul>\n<li class=\"bullet-arrow\"><strong>Texture <\/strong>: Cr\u00e8me l\u00e9g\u00e8re<\/li>\n<li class=\"bullet-arrow\"><strong>Odeur <\/strong>: Sans odeur<\/li>\n<li class=\"bullet-arrow\"><strong>Format <\/strong>: 50 g \u2013 1.69 oz.<\/li>\n<\/ul>\n<div class=\"row row-full-width align-equal\"  id=\"row-533100494\">\n\t<div id=\"col-510215941\" class=\"col small-12 large-12\"  >\n\t\t\t\t<div class=\"col-inner\"  >\n\t\t\t\n\t\t\t\n\n  \n    <div class=\"row large-columns-8 medium-columns-8 small-columns-8 row-xsmall\" >\n  <div class=\"gallery-col col\" >\n          <div class=\"col-inner\">\n                        <div class=\"box has-hover gallery-box box-none\">\n              <div class=\"box-image\" >\n                <img width=\"1\" height=\"1\" src=\"https:\/\/druidebio.com\/wp-content\/uploads\/2023\/07\/EcoCert.svg\" class=\"attachment-medium size-medium\" alt=\"\" ids=\"861,868,864,863,865,862\" style=\"none\" lightbox=\"false\" col_spacing=\"xsmall\" columns=\"8\" columns__sm=\"8\" columns__md=\"8\" decoding=\"async\" loading=\"lazy\" \/>                                                              <\/div>\n              <div class=\"box-text text-left\" >\n                 <p><\/p>\n              <\/div>\n            <\/div>\n                      <\/div>\n         <\/div><div class=\"gallery-col col\" >\n          <div class=\"col-inner\">\n                        <div class=\"box has-hover gallery-box box-none\">\n              <div class=\"box-image\" >\n                <img width=\"1\" height=\"1\" src=\"https:\/\/druidebio.com\/wp-content\/uploads\/2023\/07\/Vegan.svg\" class=\"attachment-medium size-medium\" alt=\"\" ids=\"861,868,864,863,865,862\" style=\"none\" lightbox=\"false\" col_spacing=\"xsmall\" columns=\"8\" columns__sm=\"8\" columns__md=\"8\" decoding=\"async\" loading=\"lazy\" \/>                                                              <\/div>\n              <div class=\"box-text text-left\" >\n                 <p><\/p>\n              <\/div>\n            <\/div>\n                      <\/div>\n         <\/div><div class=\"gallery-col col\" >\n          <div class=\"col-inner\">\n                        <div class=\"box has-hover gallery-box box-none\">\n              <div class=\"box-image\" >\n                <img width=\"1\" height=\"1\" src=\"https:\/\/druidebio.com\/wp-content\/uploads\/2023\/07\/Not_Tested_Animals.svg\" class=\"attachment-medium size-medium\" alt=\"\" ids=\"861,868,864,863,865,862\" style=\"none\" lightbox=\"false\" col_spacing=\"xsmall\" columns=\"8\" columns__sm=\"8\" columns__md=\"8\" decoding=\"async\" loading=\"lazy\" \/>                                                              <\/div>\n              <div class=\"box-text text-left\" >\n                 <p><\/p>\n              <\/div>\n            <\/div>\n                      <\/div>\n         <\/div><div class=\"gallery-col col\" >\n          <div class=\"col-inner\">\n                        <div class=\"box has-hover gallery-box box-none\">\n              <div class=\"box-image\" >\n                <img width=\"1\" height=\"1\" src=\"https:\/\/druidebio.com\/wp-content\/uploads\/2023\/07\/NoGMO.svg\" class=\"attachment-medium size-medium\" alt=\"\" ids=\"861,868,864,863,865,862\" style=\"none\" lightbox=\"false\" col_spacing=\"xsmall\" columns=\"8\" columns__sm=\"8\" columns__md=\"8\" decoding=\"async\" loading=\"lazy\" \/>                                                              <\/div>\n              <div class=\"box-text text-left\" >\n                 <p><\/p>\n              <\/div>\n            <\/div>\n                      <\/div>\n         <\/div><div class=\"gallery-col col\" >\n          <div class=\"col-inner\">\n                        <div class=\"box has-hover gallery-box box-none\">\n              <div class=\"box-image\" >\n                <img width=\"1\" height=\"1\" src=\"https:\/\/druidebio.com\/wp-content\/uploads\/2023\/07\/Recyclable.svg\" class=\"attachment-medium size-medium\" alt=\"\" ids=\"861,868,864,863,865,862\" style=\"none\" lightbox=\"false\" col_spacing=\"xsmall\" columns=\"8\" columns__sm=\"8\" columns__md=\"8\" decoding=\"async\" loading=\"lazy\" \/>                                                              <\/div>\n              <div class=\"box-text text-left\" >\n                 <p><\/p>\n              <\/div>\n            <\/div>\n                      <\/div>\n         <\/div><div class=\"gallery-col col\" >\n          <div class=\"col-inner\">\n                        <div class=\"box has-hover gallery-box box-none\">\n              <div class=\"box-image\" >\n                <img width=\"1\" height=\"1\" src=\"https:\/\/druidebio.com\/wp-content\/uploads\/2023\/07\/Gluten_Free.svg\" class=\"attachment-medium size-medium\" alt=\"\" ids=\"861,868,864,863,865,862\" style=\"none\" lightbox=\"false\" col_spacing=\"xsmall\" columns=\"8\" columns__sm=\"8\" columns__md=\"8\" decoding=\"async\" loading=\"lazy\" \/>                                                              <\/div>\n              <div class=\"box-text text-left\" >\n                 <p><\/p>\n              <\/div>\n            <\/div>\n                      <\/div>\n         <\/div><\/div>\n\t\t<\/div>\n\t\t\t\t\t<\/div>\n\n\t<\/div>\n","protected":false},"featured_media":1621,"comment_status":"open","ping_status":"closed","template":"","meta":[],"product_brand":[],"product_cat":[115,105,94],"product_tag":[],"giftcard-category":[],"class_list":{"0":"post-2099","1":"product","2":"type-product","3":"status-publish","4":"has-post-thumbnail","6":"product_cat-cremes-hydratantes","7":"product_cat-druide-purpure-fr","8":"product_cat-soins-visage","10":"first","11":"instock","12":"sale","13":"taxable","14":"shipping-taxable","15":"purchasable","16":"product-type-simple"},"yoast_head":"<!-- This site is optimized with the Yoast SEO plugin v27.1.1 - https:\/\/yoast.com\/product\/yoast-seo-wordpress\/ -->\n<title>Cr\u00e8me Visage Hydratante Pur&amp;Pure | Laboratoires Druide\u00ae | Bio For Life<\/title>\n<meta name=\"description\" content=\"Cr\u00e8me visage bio, ultra-douce, con\u00e7ue pour les peaux hypersensibles. Enrichie en propri\u00e9t\u00e9s hydratantes et nourrissantes, elle r\u00e9pare et prot\u00e8ge la peau sensible du visage.\" \/>\n<meta name=\"robots\" content=\"index, follow, max-snippet:-1, max-image-preview:large, max-video-preview:-1\" \/>\n<link rel=\"canonical\" href=\"https:\/\/druidebio.com\/fr\/produit\/creme-visage-hydratante-pur-pure\/\" \/>\n<meta property=\"og:locale\" content=\"fr_FR\" \/>\n<meta property=\"og:type\" content=\"article\" \/>\n<meta property=\"og:title\" content=\"Cr\u00e8me Visage Hydratante Pur&amp;Pure | Laboratoires Druide\u00ae | Bio For Life\" \/>\n<meta property=\"og:description\" content=\"Cr\u00e8me visage bio, ultra-douce, con\u00e7ue pour les peaux hypersensibles. Enrichie en propri\u00e9t\u00e9s hydratantes et nourrissantes, elle r\u00e9pare et prot\u00e8ge la peau sensible du visage.\" \/>\n<meta property=\"og:url\" content=\"https:\/\/druidebio.com\/fr\/produit\/creme-visage-hydratante-pur-pure\/\" \/>\n<meta property=\"og:site_name\" content=\"Laboratoires Druide\u00ae | Bio For Life\" \/>\n<meta property=\"article:publisher\" content=\"https:\/\/www.facebook.com\/infodruide\" \/>\n<meta property=\"article:modified_time\" content=\"2026-04-08T13:55:51+00:00\" \/>\n<meta property=\"og:image\" content=\"https:\/\/druidebio.com\/wp-content\/uploads\/2022\/08\/druide-pur-pure-face-care-cream-sensitive-skin-50g-1.69oz-tube.jpg\" \/>\n\t<meta property=\"og:image:width\" content=\"1200\" \/>\n\t<meta property=\"og:image:height\" content=\"1200\" \/>\n\t<meta property=\"og:image:type\" content=\"image\/jpeg\" \/>\n<meta name=\"twitter:card\" content=\"summary_large_image\" \/>\n<script type=\"application\/ld+json\" class=\"yoast-schema-graph\">{\"@context\":\"https:\/\/schema.org\",\"@graph\":[{\"@type\":[\"WebPage\",\"ItemPage\"],\"@id\":\"https:\/\/druidebio.com\/fr\/produit\/creme-visage-hydratante-pur-pure\/\",\"url\":\"https:\/\/druidebio.com\/fr\/produit\/creme-visage-hydratante-pur-pure\/\",\"name\":\"Cr\u00e8me Visage Hydratante Pur&Pure | Laboratoires Druide\u00ae | Bio For Life\",\"isPartOf\":{\"@id\":\"https:\/\/druidebio.com\/fr\/#website\"},\"primaryImageOfPage\":{\"@id\":\"https:\/\/druidebio.com\/fr\/produit\/creme-visage-hydratante-pur-pure\/#primaryimage\"},\"image\":{\"@id\":\"https:\/\/druidebio.com\/fr\/produit\/creme-visage-hydratante-pur-pure\/#primaryimage\"},\"thumbnailUrl\":\"https:\/\/druidebio.com\/wp-content\/uploads\/2022\/08\/druide-pur-pure-face-care-cream-sensitive-skin-50g-1.69oz-tube.jpg\",\"datePublished\":\"2022-08-26T15:48:13+00:00\",\"dateModified\":\"2026-04-08T13:55:51+00:00\",\"description\":\"Cr\u00e8me visage bio, ultra-douce, con\u00e7ue pour les peaux hypersensibles. Enrichie en propri\u00e9t\u00e9s hydratantes et nourrissantes, elle r\u00e9pare et prot\u00e8ge la peau sensible du visage.\",\"breadcrumb\":{\"@id\":\"https:\/\/druidebio.com\/fr\/produit\/creme-visage-hydratante-pur-pure\/#breadcrumb\"},\"inLanguage\":\"fr-FR\",\"potentialAction\":[{\"@type\":\"ReadAction\",\"target\":[\"https:\/\/druidebio.com\/fr\/produit\/creme-visage-hydratante-pur-pure\/\"]}]},{\"@type\":\"ImageObject\",\"inLanguage\":\"fr-FR\",\"@id\":\"https:\/\/druidebio.com\/fr\/produit\/creme-visage-hydratante-pur-pure\/#primaryimage\",\"url\":\"https:\/\/druidebio.com\/wp-content\/uploads\/2022\/08\/druide-pur-pure-face-care-cream-sensitive-skin-50g-1.69oz-tube.jpg\",\"contentUrl\":\"https:\/\/druidebio.com\/wp-content\/uploads\/2022\/08\/druide-pur-pure-face-care-cream-sensitive-skin-50g-1.69oz-tube.jpg\",\"width\":1200,\"height\":1200,\"caption\":\"Pur&Pure Hydrating Face Cream\"},{\"@type\":\"BreadcrumbList\",\"@id\":\"https:\/\/druidebio.com\/fr\/produit\/creme-visage-hydratante-pur-pure\/#breadcrumb\",\"itemListElement\":[{\"@type\":\"ListItem\",\"position\":1,\"name\":\"Home\",\"item\":\"https:\/\/druidebio.com\/fr\/\"},{\"@type\":\"ListItem\",\"position\":2,\"name\":\"Boutique\",\"item\":\"https:\/\/druidebio.com\/fr\/boutique\/\"},{\"@type\":\"ListItem\",\"position\":3,\"name\":\"Cr\u00e8me Visage Hydratante Pur&#038;Pure\"}]},{\"@type\":\"WebSite\",\"@id\":\"https:\/\/druidebio.com\/fr\/#website\",\"url\":\"https:\/\/druidebio.com\/fr\/\",\"name\":\"Laboratoires Druide\u00ae | Bio For Life\",\"description\":\"Natural and Organic Products. ECOCERT\u00ae Certified.\",\"publisher\":{\"@id\":\"https:\/\/druidebio.com\/fr\/#organization\"},\"alternateName\":\"Druide\",\"potentialAction\":[{\"@type\":\"SearchAction\",\"target\":{\"@type\":\"EntryPoint\",\"urlTemplate\":\"https:\/\/druidebio.com\/fr\/?s={search_term_string}\"},\"query-input\":{\"@type\":\"PropertyValueSpecification\",\"valueRequired\":true,\"valueName\":\"search_term_string\"}}],\"inLanguage\":\"fr-FR\"},{\"@type\":\"Organization\",\"@id\":\"https:\/\/druidebio.com\/fr\/#organization\",\"name\":\"Druide\",\"alternateName\":\"Laboratoires Druide\",\"url\":\"https:\/\/druidebio.com\/fr\/\",\"logo\":{\"@type\":\"ImageObject\",\"inLanguage\":\"fr-FR\",\"@id\":\"https:\/\/druidebio.com\/fr\/#\/schema\/logo\/image\/\",\"url\":\"https:\/\/druidebio.com\/wp-content\/uploads\/2022\/08\/logo-fav.png\",\"contentUrl\":\"https:\/\/druidebio.com\/wp-content\/uploads\/2022\/08\/logo-fav.png\",\"width\":512,\"height\":512,\"caption\":\"Druide\"},\"image\":{\"@id\":\"https:\/\/druidebio.com\/fr\/#\/schema\/logo\/image\/\"},\"sameAs\":[\"https:\/\/www.facebook.com\/infodruide\",\"https:\/\/www.instagram.com\/druidebio\/\",\"https:\/\/www.pinterest.ca\/DruideBioCanada\/\",\"https:\/\/www.youtube.com\/user\/DRUIDECANADA\"]}]}<\/script>\n<!-- \/ Yoast SEO plugin. -->","yoast_head_json":{"title":"Cr\u00e8me Visage Hydratante Pur&Pure | Laboratoires Druide\u00ae | Bio For Life","description":"Cr\u00e8me visage bio, ultra-douce, con\u00e7ue pour les peaux hypersensibles. Enrichie en propri\u00e9t\u00e9s hydratantes et nourrissantes, elle r\u00e9pare et prot\u00e8ge la peau sensible du visage.","robots":{"index":"index","follow":"follow","max-snippet":"max-snippet:-1","max-image-preview":"max-image-preview:large","max-video-preview":"max-video-preview:-1"},"canonical":"https:\/\/druidebio.com\/fr\/produit\/creme-visage-hydratante-pur-pure\/","og_locale":"fr_FR","og_type":"article","og_title":"Cr\u00e8me Visage Hydratante Pur&Pure | Laboratoires Druide\u00ae | Bio For Life","og_description":"Cr\u00e8me visage bio, ultra-douce, con\u00e7ue pour les peaux hypersensibles. Enrichie en propri\u00e9t\u00e9s hydratantes et nourrissantes, elle r\u00e9pare et prot\u00e8ge la peau sensible du visage.","og_url":"https:\/\/druidebio.com\/fr\/produit\/creme-visage-hydratante-pur-pure\/","og_site_name":"Laboratoires Druide\u00ae | Bio For Life","article_publisher":"https:\/\/www.facebook.com\/infodruide","article_modified_time":"2026-04-08T13:55:51+00:00","og_image":[{"width":1200,"height":1200,"url":"https:\/\/druidebio.com\/wp-content\/uploads\/2022\/08\/druide-pur-pure-face-care-cream-sensitive-skin-50g-1.69oz-tube.jpg","type":"image\/jpeg"}],"twitter_card":"summary_large_image","schema":{"@context":"https:\/\/schema.org","@graph":[{"@type":["WebPage","ItemPage"],"@id":"https:\/\/druidebio.com\/fr\/produit\/creme-visage-hydratante-pur-pure\/","url":"https:\/\/druidebio.com\/fr\/produit\/creme-visage-hydratante-pur-pure\/","name":"Cr\u00e8me Visage Hydratante Pur&Pure | Laboratoires Druide\u00ae | Bio For Life","isPartOf":{"@id":"https:\/\/druidebio.com\/fr\/#website"},"primaryImageOfPage":{"@id":"https:\/\/druidebio.com\/fr\/produit\/creme-visage-hydratante-pur-pure\/#primaryimage"},"image":{"@id":"https:\/\/druidebio.com\/fr\/produit\/creme-visage-hydratante-pur-pure\/#primaryimage"},"thumbnailUrl":"https:\/\/druidebio.com\/wp-content\/uploads\/2022\/08\/druide-pur-pure-face-care-cream-sensitive-skin-50g-1.69oz-tube.jpg","datePublished":"2022-08-26T15:48:13+00:00","dateModified":"2026-04-08T13:55:51+00:00","description":"Cr\u00e8me visage bio, ultra-douce, con\u00e7ue pour les peaux hypersensibles. Enrichie en propri\u00e9t\u00e9s hydratantes et nourrissantes, elle r\u00e9pare et prot\u00e8ge la peau sensible du visage.","breadcrumb":{"@id":"https:\/\/druidebio.com\/fr\/produit\/creme-visage-hydratante-pur-pure\/#breadcrumb"},"inLanguage":"fr-FR","potentialAction":[{"@type":"ReadAction","target":["https:\/\/druidebio.com\/fr\/produit\/creme-visage-hydratante-pur-pure\/"]}]},{"@type":"ImageObject","inLanguage":"fr-FR","@id":"https:\/\/druidebio.com\/fr\/produit\/creme-visage-hydratante-pur-pure\/#primaryimage","url":"https:\/\/druidebio.com\/wp-content\/uploads\/2022\/08\/druide-pur-pure-face-care-cream-sensitive-skin-50g-1.69oz-tube.jpg","contentUrl":"https:\/\/druidebio.com\/wp-content\/uploads\/2022\/08\/druide-pur-pure-face-care-cream-sensitive-skin-50g-1.69oz-tube.jpg","width":1200,"height":1200,"caption":"Pur&Pure Hydrating Face Cream"},{"@type":"BreadcrumbList","@id":"https:\/\/druidebio.com\/fr\/produit\/creme-visage-hydratante-pur-pure\/#breadcrumb","itemListElement":[{"@type":"ListItem","position":1,"name":"Home","item":"https:\/\/druidebio.com\/fr\/"},{"@type":"ListItem","position":2,"name":"Boutique","item":"https:\/\/druidebio.com\/fr\/boutique\/"},{"@type":"ListItem","position":3,"name":"Cr\u00e8me Visage Hydratante Pur&#038;Pure"}]},{"@type":"WebSite","@id":"https:\/\/druidebio.com\/fr\/#website","url":"https:\/\/druidebio.com\/fr\/","name":"Laboratoires Druide\u00ae | Bio For Life","description":"Natural and Organic Products. ECOCERT\u00ae Certified.","publisher":{"@id":"https:\/\/druidebio.com\/fr\/#organization"},"alternateName":"Druide","potentialAction":[{"@type":"SearchAction","target":{"@type":"EntryPoint","urlTemplate":"https:\/\/druidebio.com\/fr\/?s={search_term_string}"},"query-input":{"@type":"PropertyValueSpecification","valueRequired":true,"valueName":"search_term_string"}}],"inLanguage":"fr-FR"},{"@type":"Organization","@id":"https:\/\/druidebio.com\/fr\/#organization","name":"Druide","alternateName":"Laboratoires Druide","url":"https:\/\/druidebio.com\/fr\/","logo":{"@type":"ImageObject","inLanguage":"fr-FR","@id":"https:\/\/druidebio.com\/fr\/#\/schema\/logo\/image\/","url":"https:\/\/druidebio.com\/wp-content\/uploads\/2022\/08\/logo-fav.png","contentUrl":"https:\/\/druidebio.com\/wp-content\/uploads\/2022\/08\/logo-fav.png","width":512,"height":512,"caption":"Druide"},"image":{"@id":"https:\/\/druidebio.com\/fr\/#\/schema\/logo\/image\/"},"sameAs":["https:\/\/www.facebook.com\/infodruide","https:\/\/www.instagram.com\/druidebio\/","https:\/\/www.pinterest.ca\/DruideBioCanada\/","https:\/\/www.youtube.com\/user\/DRUIDECANADA"]}]}},"_links":{"self":[{"href":"https:\/\/druidebio.com\/fr\/wp-json\/wp\/v2\/product\/2099","targetHints":{"allow":["GET"]}}],"collection":[{"href":"https:\/\/druidebio.com\/fr\/wp-json\/wp\/v2\/product"}],"about":[{"href":"https:\/\/druidebio.com\/fr\/wp-json\/wp\/v2\/types\/product"}],"replies":[{"embeddable":true,"href":"https:\/\/druidebio.com\/fr\/wp-json\/wp\/v2\/comments?post=2099"}],"wp:featuredmedia":[{"embeddable":true,"href":"https:\/\/druidebio.com\/fr\/wp-json\/wp\/v2\/media\/1621"}],"wp:attachment":[{"href":"https:\/\/druidebio.com\/fr\/wp-json\/wp\/v2\/media?parent=2099"}],"wp:term":[{"taxonomy":"product_brand","embeddable":true,"href":"https:\/\/druidebio.com\/fr\/wp-json\/wp\/v2\/product_brand?post=2099"},{"taxonomy":"product_cat","embeddable":true,"href":"https:\/\/druidebio.com\/fr\/wp-json\/wp\/v2\/product_cat?post=2099"},{"taxonomy":"product_tag","embeddable":true,"href":"https:\/\/druidebio.com\/fr\/wp-json\/wp\/v2\/product_tag?post=2099"},{"taxonomy":"giftcard-category","embeddable":true,"href":"https:\/\/druidebio.com\/fr\/wp-json\/wp\/v2\/giftcard-category?post=2099"}],"curies":[{"name":"wp","href":"https:\/\/api.w.org\/{rel}","templated":true}]}}