{"id":2097,"date":"2022-08-26T11:48:08","date_gmt":"2022-08-26T15:48:08","guid":{"rendered":"https:\/\/druide.wpengine.com\/product\/pur-pure-shower-gel\/"},"modified":"2026-04-20T10:59:33","modified_gmt":"2026-04-20T14:59:33","slug":"gel-douche-pur-pure","status":"publish","type":"product","link":"https:\/\/druidebio.com\/fr\/produit\/gel-douche-pur-pure\/","title":{"rendered":"Gel Douche Pur&#038;Pure"},"content":{"rendered":"<h2>Nettoyage et hydratation des peaux exigeantes, sans compromis.<\/h2>\n<p>D\u00e9couvrez notre gel douche 2-en-1 ultra-doux, sp\u00e9cialement con\u00e7u pour les peaux et cuirs chevelus hypersensibles. Sa formule apaisante respecte le microbiote cutan\u00e9 et le pH physiologique de la peau, soulageant ainsi les sensations d&rsquo;inconfort et laissant une peau souple et hydrat\u00e9e.<\/p>\n<p>Ce gel douche est sans parfum ; il convient parfaitement aux peaux sujettes \u00e0 la dermatite (atopique ou de contact) ou encore au psoriasis. Il est \u00e9galement doux et adapt\u00e9 aux personnes qui suivent des traitements chimioth\u00e9rapeutiques, par exemple.<\/p>\n<p>Gr\u00e2ce \u00e0 ses actifs micro-encapsul\u00e9s, favorisant la cicatrisation, notre gel douche aide \u00e0 restaurer la douceur et la souplesse de la peau, offrant un soulagement imm\u00e9diat et durable.<\/p>\n<p>Sa formule respectueuse du microbiote et du pH physiologique de la peau offre une mousse l\u00e9g\u00e8re et nourrissante qui purifie et apaise la peau du corps et du cuir chevelu. Notre gel douche 2-en-1 nettoie en douceur, respecte les peaux les plus sensibles et convient \u00e9galement aux parties intimes. Les sensations d&rsquo;irritation et de d\u00e9mangeaisons sont rapidement soulag\u00e9es, laissant la peau douce et confortable.<\/p>\n<p>Enrichi en huiles v\u00e9g\u00e9tales et extraits de plantes, il hydrate et restaure le film hydrolipidique des peaux s\u00e8ches et irrit\u00e9es. Il limite \u00e9galement le risque d&rsquo;allergies gr\u00e2ce \u00e0 sa formule hypoallerg\u00e9nique.<\/p>\n<p>Certifi\u00e9 Cosmos Organic par \u00c9cocert, notre gel douche est 100 % v\u00e9g\u00e9tal (vegan), biod\u00e9gradable et respectueux de l&rsquo;environnement. Sans alcool, silicones, parab\u00e8nes, PEG, gluten, OGM, perturbateurs endocriniens, goudron, quaterniums, parfums ni colorants. Aucun produit n\u2019est test\u00e9 sur les animaux.<\/p>\n","protected":false},"excerpt":{"rendered":"<p>Gel douche nettoyant doux 2 en 1 corps et cheveux, bio, hypoallerg\u00e9nique et neutre. Con\u00e7u pour les peaux sensibles et atopiques. Fini les tiraillements avec cette formule apaisante, sans parfum ni sulfate.<\/p>\n<ul>\n<li class=\"bullet-arrow\"><strong>Texture <\/strong>: Gel<\/li>\n<li class=\"bullet-arrow\"><strong>Odeur <\/strong>: Sans odeur<\/li>\n<li class=\"bullet-arrow\"><strong>Format <\/strong>: 350 ml \u2013 11.8 US Fl.oz.<\/li>\n<\/ul>\n<div class=\"row row-full-width align-equal\"  id=\"row-1550112392\">\n\t<div id=\"col-919657966\" class=\"col small-12 large-12\"  >\n\t\t\t\t<div class=\"col-inner\"  >\n\t\t\t\n\t\t\t\n\n  \n    <div class=\"row large-columns-8 medium-columns-8 small-columns-8 row-xsmall\" >\n  <div class=\"gallery-col col\" >\n          <div class=\"col-inner\">\n                        <div class=\"box has-hover gallery-box box-none\">\n              <div class=\"box-image\" >\n                <img width=\"1\" height=\"1\" src=\"https:\/\/druidebio.com\/wp-content\/uploads\/2023\/07\/EcoCert.svg\" class=\"attachment-medium size-medium\" alt=\"\" ids=\"861,868,864,863,865,862\" style=\"none\" lightbox=\"false\" col_spacing=\"xsmall\" columns=\"8\" columns__sm=\"8\" columns__md=\"8\" decoding=\"async\" loading=\"lazy\" \/>                                                              <\/div>\n              <div class=\"box-text text-left\" >\n                 <p><\/p>\n              <\/div>\n            <\/div>\n                      <\/div>\n         <\/div><div class=\"gallery-col col\" >\n          <div class=\"col-inner\">\n                        <div class=\"box has-hover gallery-box box-none\">\n              <div class=\"box-image\" >\n                <img width=\"1\" height=\"1\" src=\"https:\/\/druidebio.com\/wp-content\/uploads\/2023\/07\/Vegan.svg\" class=\"attachment-medium size-medium\" alt=\"\" ids=\"861,868,864,863,865,862\" style=\"none\" lightbox=\"false\" col_spacing=\"xsmall\" columns=\"8\" columns__sm=\"8\" columns__md=\"8\" decoding=\"async\" loading=\"lazy\" \/>                                                              <\/div>\n              <div class=\"box-text text-left\" >\n                 <p><\/p>\n              <\/div>\n            <\/div>\n                      <\/div>\n         <\/div><div class=\"gallery-col col\" >\n          <div class=\"col-inner\">\n                        <div class=\"box has-hover gallery-box box-none\">\n              <div class=\"box-image\" >\n                <img width=\"1\" height=\"1\" src=\"https:\/\/druidebio.com\/wp-content\/uploads\/2023\/07\/Not_Tested_Animals.svg\" class=\"attachment-medium size-medium\" alt=\"\" ids=\"861,868,864,863,865,862\" style=\"none\" lightbox=\"false\" col_spacing=\"xsmall\" columns=\"8\" columns__sm=\"8\" columns__md=\"8\" decoding=\"async\" loading=\"lazy\" \/>                                                              <\/div>\n              <div class=\"box-text text-left\" >\n                 <p><\/p>\n              <\/div>\n            <\/div>\n                      <\/div>\n         <\/div><div class=\"gallery-col col\" >\n          <div class=\"col-inner\">\n                        <div class=\"box has-hover gallery-box box-none\">\n              <div class=\"box-image\" >\n                <img width=\"1\" height=\"1\" src=\"https:\/\/druidebio.com\/wp-content\/uploads\/2023\/07\/NoGMO.svg\" class=\"attachment-medium size-medium\" alt=\"\" ids=\"861,868,864,863,865,862\" style=\"none\" lightbox=\"false\" col_spacing=\"xsmall\" columns=\"8\" columns__sm=\"8\" columns__md=\"8\" decoding=\"async\" loading=\"lazy\" \/>                                                              <\/div>\n              <div class=\"box-text text-left\" >\n                 <p><\/p>\n              <\/div>\n            <\/div>\n                      <\/div>\n         <\/div><div class=\"gallery-col col\" >\n          <div class=\"col-inner\">\n                        <div class=\"box has-hover gallery-box box-none\">\n              <div class=\"box-image\" >\n                <img width=\"1\" height=\"1\" src=\"https:\/\/druidebio.com\/wp-content\/uploads\/2023\/07\/Recyclable.svg\" class=\"attachment-medium size-medium\" alt=\"\" ids=\"861,868,864,863,865,862\" style=\"none\" lightbox=\"false\" col_spacing=\"xsmall\" columns=\"8\" columns__sm=\"8\" columns__md=\"8\" decoding=\"async\" loading=\"lazy\" \/>                                                              <\/div>\n              <div class=\"box-text text-left\" >\n                 <p><\/p>\n              <\/div>\n            <\/div>\n                      <\/div>\n         <\/div><div class=\"gallery-col col\" >\n          <div class=\"col-inner\">\n                        <div class=\"box has-hover gallery-box box-none\">\n              <div class=\"box-image\" >\n                <img width=\"1\" height=\"1\" src=\"https:\/\/druidebio.com\/wp-content\/uploads\/2023\/07\/Gluten_Free.svg\" class=\"attachment-medium size-medium\" alt=\"\" ids=\"861,868,864,863,865,862\" style=\"none\" lightbox=\"false\" col_spacing=\"xsmall\" columns=\"8\" columns__sm=\"8\" columns__md=\"8\" decoding=\"async\" loading=\"lazy\" \/>                                                              <\/div>\n              <div class=\"box-text text-left\" >\n                 <p><\/p>\n              <\/div>\n            <\/div>\n                      <\/div>\n         <\/div><\/div>\n\t\t<\/div>\n\t\t\t\t\t<\/div>\n\n\t<\/div>\n","protected":false},"featured_media":1618,"comment_status":"open","ping_status":"closed","template":"","meta":[],"product_brand":[],"product_cat":[105,119,93],"product_tag":[],"giftcard-category":[],"class_list":{"0":"post-2097","1":"product","2":"type-product","3":"status-publish","4":"has-post-thumbnail","6":"product_cat-druide-purpure-fr","7":"product_cat-gels-douche","8":"product_cat-soins-corps","10":"first","11":"outofstock","12":"sale","13":"taxable","14":"shipping-taxable","15":"purchasable","16":"product-type-simple"},"yoast_head":"<!-- This site is optimized with the Yoast SEO plugin v27.1.1 - https:\/\/yoast.com\/product\/yoast-seo-wordpress\/ -->\n<title>Gel Douche Pur&amp;Pure | Laboratoires Druide\u00ae | Bio For Life<\/title>\n<meta name=\"description\" content=\"Gel douche nettoyant doux 2 en 1 corps et cheveux, bio, hypoallerg\u00e9nique et neutre. Con\u00e7u pour les peaux sensibles et atopiques. Fini les tiraillements avec cette formule apaisante, sans parfum ni sulfate.\" \/>\n<meta name=\"robots\" content=\"index, follow, max-snippet:-1, max-image-preview:large, max-video-preview:-1\" \/>\n<link rel=\"canonical\" href=\"https:\/\/druidebio.com\/fr\/produit\/gel-douche-pur-pure\/\" \/>\n<meta property=\"og:locale\" content=\"fr_FR\" \/>\n<meta property=\"og:type\" content=\"article\" \/>\n<meta property=\"og:title\" content=\"Gel Douche Pur&amp;Pure | Laboratoires Druide\u00ae | Bio For Life\" \/>\n<meta property=\"og:description\" content=\"Gel douche nettoyant doux 2 en 1 corps et cheveux, bio, hypoallerg\u00e9nique et neutre. Con\u00e7u pour les peaux sensibles et atopiques. Fini les tiraillements avec cette formule apaisante, sans parfum ni sulfate.\" \/>\n<meta property=\"og:url\" content=\"https:\/\/druidebio.com\/fr\/produit\/gel-douche-pur-pure\/\" \/>\n<meta property=\"og:site_name\" content=\"Laboratoires Druide\u00ae | Bio For Life\" \/>\n<meta property=\"article:publisher\" content=\"https:\/\/www.facebook.com\/infodruide\" \/>\n<meta property=\"article:modified_time\" content=\"2026-04-20T14:59:33+00:00\" \/>\n<meta property=\"og:image\" content=\"https:\/\/druidebio.com\/wp-content\/uploads\/2022\/08\/druide-pur-pure-body-care-sensitive-skin-shower-gel-350ml-11.8oz-bottle.jpg\" \/>\n\t<meta property=\"og:image:width\" content=\"1200\" \/>\n\t<meta property=\"og:image:height\" content=\"1200\" \/>\n\t<meta property=\"og:image:type\" content=\"image\/jpeg\" \/>\n<meta name=\"twitter:card\" content=\"summary_large_image\" \/>\n<script type=\"application\/ld+json\" class=\"yoast-schema-graph\">{\"@context\":\"https:\/\/schema.org\",\"@graph\":[{\"@type\":[\"WebPage\",\"ItemPage\"],\"@id\":\"https:\/\/druidebio.com\/fr\/produit\/gel-douche-pur-pure\/\",\"url\":\"https:\/\/druidebio.com\/fr\/produit\/gel-douche-pur-pure\/\",\"name\":\"Gel Douche Pur&Pure | Laboratoires Druide\u00ae | Bio For Life\",\"isPartOf\":{\"@id\":\"https:\/\/druidebio.com\/fr\/#website\"},\"primaryImageOfPage\":{\"@id\":\"https:\/\/druidebio.com\/fr\/produit\/gel-douche-pur-pure\/#primaryimage\"},\"image\":{\"@id\":\"https:\/\/druidebio.com\/fr\/produit\/gel-douche-pur-pure\/#primaryimage\"},\"thumbnailUrl\":\"https:\/\/druidebio.com\/wp-content\/uploads\/2022\/08\/druide-pur-pure-body-care-sensitive-skin-shower-gel-350ml-11.8oz-bottle.jpg\",\"datePublished\":\"2022-08-26T15:48:08+00:00\",\"dateModified\":\"2026-04-20T14:59:33+00:00\",\"description\":\"Gel douche nettoyant doux 2 en 1 corps et cheveux, bio, hypoallerg\u00e9nique et neutre. Con\u00e7u pour les peaux sensibles et atopiques. Fini les tiraillements avec cette formule apaisante, sans parfum ni sulfate.\",\"breadcrumb\":{\"@id\":\"https:\/\/druidebio.com\/fr\/produit\/gel-douche-pur-pure\/#breadcrumb\"},\"inLanguage\":\"fr-FR\",\"potentialAction\":[{\"@type\":\"ReadAction\",\"target\":[\"https:\/\/druidebio.com\/fr\/produit\/gel-douche-pur-pure\/\"]}]},{\"@type\":\"ImageObject\",\"inLanguage\":\"fr-FR\",\"@id\":\"https:\/\/druidebio.com\/fr\/produit\/gel-douche-pur-pure\/#primaryimage\",\"url\":\"https:\/\/druidebio.com\/wp-content\/uploads\/2022\/08\/druide-pur-pure-body-care-sensitive-skin-shower-gel-350ml-11.8oz-bottle.jpg\",\"contentUrl\":\"https:\/\/druidebio.com\/wp-content\/uploads\/2022\/08\/druide-pur-pure-body-care-sensitive-skin-shower-gel-350ml-11.8oz-bottle.jpg\",\"width\":1200,\"height\":1200,\"caption\":\"Gel Douche Pur&Pure\"},{\"@type\":\"BreadcrumbList\",\"@id\":\"https:\/\/druidebio.com\/fr\/produit\/gel-douche-pur-pure\/#breadcrumb\",\"itemListElement\":[{\"@type\":\"ListItem\",\"position\":1,\"name\":\"Home\",\"item\":\"https:\/\/druidebio.com\/fr\/\"},{\"@type\":\"ListItem\",\"position\":2,\"name\":\"Boutique\",\"item\":\"https:\/\/druidebio.com\/fr\/boutique\/\"},{\"@type\":\"ListItem\",\"position\":3,\"name\":\"Gel Douche Pur&#038;Pure\"}]},{\"@type\":\"WebSite\",\"@id\":\"https:\/\/druidebio.com\/fr\/#website\",\"url\":\"https:\/\/druidebio.com\/fr\/\",\"name\":\"Laboratoires Druide\u00ae | Bio For Life\",\"description\":\"Natural and Organic Products. ECOCERT\u00ae Certified.\",\"publisher\":{\"@id\":\"https:\/\/druidebio.com\/fr\/#organization\"},\"alternateName\":\"Druide\",\"potentialAction\":[{\"@type\":\"SearchAction\",\"target\":{\"@type\":\"EntryPoint\",\"urlTemplate\":\"https:\/\/druidebio.com\/fr\/?s={search_term_string}\"},\"query-input\":{\"@type\":\"PropertyValueSpecification\",\"valueRequired\":true,\"valueName\":\"search_term_string\"}}],\"inLanguage\":\"fr-FR\"},{\"@type\":\"Organization\",\"@id\":\"https:\/\/druidebio.com\/fr\/#organization\",\"name\":\"Druide\",\"alternateName\":\"Laboratoires Druide\",\"url\":\"https:\/\/druidebio.com\/fr\/\",\"logo\":{\"@type\":\"ImageObject\",\"inLanguage\":\"fr-FR\",\"@id\":\"https:\/\/druidebio.com\/fr\/#\/schema\/logo\/image\/\",\"url\":\"https:\/\/druidebio.com\/wp-content\/uploads\/2022\/08\/logo-fav.png\",\"contentUrl\":\"https:\/\/druidebio.com\/wp-content\/uploads\/2022\/08\/logo-fav.png\",\"width\":512,\"height\":512,\"caption\":\"Druide\"},\"image\":{\"@id\":\"https:\/\/druidebio.com\/fr\/#\/schema\/logo\/image\/\"},\"sameAs\":[\"https:\/\/www.facebook.com\/infodruide\",\"https:\/\/www.instagram.com\/druidebio\/\",\"https:\/\/www.pinterest.ca\/DruideBioCanada\/\",\"https:\/\/www.youtube.com\/user\/DRUIDECANADA\"]}]}<\/script>\n<!-- \/ Yoast SEO plugin. -->","yoast_head_json":{"title":"Gel Douche Pur&Pure | Laboratoires Druide\u00ae | Bio For Life","description":"Gel douche nettoyant doux 2 en 1 corps et cheveux, bio, hypoallerg\u00e9nique et neutre. Con\u00e7u pour les peaux sensibles et atopiques. Fini les tiraillements avec cette formule apaisante, sans parfum ni sulfate.","robots":{"index":"index","follow":"follow","max-snippet":"max-snippet:-1","max-image-preview":"max-image-preview:large","max-video-preview":"max-video-preview:-1"},"canonical":"https:\/\/druidebio.com\/fr\/produit\/gel-douche-pur-pure\/","og_locale":"fr_FR","og_type":"article","og_title":"Gel Douche Pur&Pure | Laboratoires Druide\u00ae | Bio For Life","og_description":"Gel douche nettoyant doux 2 en 1 corps et cheveux, bio, hypoallerg\u00e9nique et neutre. Con\u00e7u pour les peaux sensibles et atopiques. Fini les tiraillements avec cette formule apaisante, sans parfum ni sulfate.","og_url":"https:\/\/druidebio.com\/fr\/produit\/gel-douche-pur-pure\/","og_site_name":"Laboratoires Druide\u00ae | Bio For Life","article_publisher":"https:\/\/www.facebook.com\/infodruide","article_modified_time":"2026-04-20T14:59:33+00:00","og_image":[{"width":1200,"height":1200,"url":"https:\/\/druidebio.com\/wp-content\/uploads\/2022\/08\/druide-pur-pure-body-care-sensitive-skin-shower-gel-350ml-11.8oz-bottle.jpg","type":"image\/jpeg"}],"twitter_card":"summary_large_image","schema":{"@context":"https:\/\/schema.org","@graph":[{"@type":["WebPage","ItemPage"],"@id":"https:\/\/druidebio.com\/fr\/produit\/gel-douche-pur-pure\/","url":"https:\/\/druidebio.com\/fr\/produit\/gel-douche-pur-pure\/","name":"Gel Douche Pur&Pure | Laboratoires Druide\u00ae | Bio For Life","isPartOf":{"@id":"https:\/\/druidebio.com\/fr\/#website"},"primaryImageOfPage":{"@id":"https:\/\/druidebio.com\/fr\/produit\/gel-douche-pur-pure\/#primaryimage"},"image":{"@id":"https:\/\/druidebio.com\/fr\/produit\/gel-douche-pur-pure\/#primaryimage"},"thumbnailUrl":"https:\/\/druidebio.com\/wp-content\/uploads\/2022\/08\/druide-pur-pure-body-care-sensitive-skin-shower-gel-350ml-11.8oz-bottle.jpg","datePublished":"2022-08-26T15:48:08+00:00","dateModified":"2026-04-20T14:59:33+00:00","description":"Gel douche nettoyant doux 2 en 1 corps et cheveux, bio, hypoallerg\u00e9nique et neutre. Con\u00e7u pour les peaux sensibles et atopiques. Fini les tiraillements avec cette formule apaisante, sans parfum ni sulfate.","breadcrumb":{"@id":"https:\/\/druidebio.com\/fr\/produit\/gel-douche-pur-pure\/#breadcrumb"},"inLanguage":"fr-FR","potentialAction":[{"@type":"ReadAction","target":["https:\/\/druidebio.com\/fr\/produit\/gel-douche-pur-pure\/"]}]},{"@type":"ImageObject","inLanguage":"fr-FR","@id":"https:\/\/druidebio.com\/fr\/produit\/gel-douche-pur-pure\/#primaryimage","url":"https:\/\/druidebio.com\/wp-content\/uploads\/2022\/08\/druide-pur-pure-body-care-sensitive-skin-shower-gel-350ml-11.8oz-bottle.jpg","contentUrl":"https:\/\/druidebio.com\/wp-content\/uploads\/2022\/08\/druide-pur-pure-body-care-sensitive-skin-shower-gel-350ml-11.8oz-bottle.jpg","width":1200,"height":1200,"caption":"Gel Douche Pur&Pure"},{"@type":"BreadcrumbList","@id":"https:\/\/druidebio.com\/fr\/produit\/gel-douche-pur-pure\/#breadcrumb","itemListElement":[{"@type":"ListItem","position":1,"name":"Home","item":"https:\/\/druidebio.com\/fr\/"},{"@type":"ListItem","position":2,"name":"Boutique","item":"https:\/\/druidebio.com\/fr\/boutique\/"},{"@type":"ListItem","position":3,"name":"Gel Douche Pur&#038;Pure"}]},{"@type":"WebSite","@id":"https:\/\/druidebio.com\/fr\/#website","url":"https:\/\/druidebio.com\/fr\/","name":"Laboratoires Druide\u00ae | Bio For Life","description":"Natural and Organic Products. ECOCERT\u00ae Certified.","publisher":{"@id":"https:\/\/druidebio.com\/fr\/#organization"},"alternateName":"Druide","potentialAction":[{"@type":"SearchAction","target":{"@type":"EntryPoint","urlTemplate":"https:\/\/druidebio.com\/fr\/?s={search_term_string}"},"query-input":{"@type":"PropertyValueSpecification","valueRequired":true,"valueName":"search_term_string"}}],"inLanguage":"fr-FR"},{"@type":"Organization","@id":"https:\/\/druidebio.com\/fr\/#organization","name":"Druide","alternateName":"Laboratoires Druide","url":"https:\/\/druidebio.com\/fr\/","logo":{"@type":"ImageObject","inLanguage":"fr-FR","@id":"https:\/\/druidebio.com\/fr\/#\/schema\/logo\/image\/","url":"https:\/\/druidebio.com\/wp-content\/uploads\/2022\/08\/logo-fav.png","contentUrl":"https:\/\/druidebio.com\/wp-content\/uploads\/2022\/08\/logo-fav.png","width":512,"height":512,"caption":"Druide"},"image":{"@id":"https:\/\/druidebio.com\/fr\/#\/schema\/logo\/image\/"},"sameAs":["https:\/\/www.facebook.com\/infodruide","https:\/\/www.instagram.com\/druidebio\/","https:\/\/www.pinterest.ca\/DruideBioCanada\/","https:\/\/www.youtube.com\/user\/DRUIDECANADA"]}]}},"_links":{"self":[{"href":"https:\/\/druidebio.com\/fr\/wp-json\/wp\/v2\/product\/2097","targetHints":{"allow":["GET"]}}],"collection":[{"href":"https:\/\/druidebio.com\/fr\/wp-json\/wp\/v2\/product"}],"about":[{"href":"https:\/\/druidebio.com\/fr\/wp-json\/wp\/v2\/types\/product"}],"replies":[{"embeddable":true,"href":"https:\/\/druidebio.com\/fr\/wp-json\/wp\/v2\/comments?post=2097"}],"wp:featuredmedia":[{"embeddable":true,"href":"https:\/\/druidebio.com\/fr\/wp-json\/wp\/v2\/media\/1618"}],"wp:attachment":[{"href":"https:\/\/druidebio.com\/fr\/wp-json\/wp\/v2\/media?parent=2097"}],"wp:term":[{"taxonomy":"product_brand","embeddable":true,"href":"https:\/\/druidebio.com\/fr\/wp-json\/wp\/v2\/product_brand?post=2097"},{"taxonomy":"product_cat","embeddable":true,"href":"https:\/\/druidebio.com\/fr\/wp-json\/wp\/v2\/product_cat?post=2097"},{"taxonomy":"product_tag","embeddable":true,"href":"https:\/\/druidebio.com\/fr\/wp-json\/wp\/v2\/product_tag?post=2097"},{"taxonomy":"giftcard-category","embeddable":true,"href":"https:\/\/druidebio.com\/fr\/wp-json\/wp\/v2\/giftcard-category?post=2097"}],"curies":[{"name":"wp","href":"https:\/\/api.w.org\/{rel}","templated":true}]}}