{"id":2089,"date":"2022-08-26T11:48:26","date_gmt":"2022-08-26T15:48:26","guid":{"rendered":"https:\/\/druide.wpengine.com\/product\/purpure-face-body-soap-105g\/"},"modified":"2026-04-19T18:31:23","modified_gmt":"2026-04-19T22:31:23","slug":"savon-visage-et-corps-pur-pure","status":"publish","type":"product","link":"https:\/\/druidebio.com\/fr\/produit\/savon-visage-et-corps-pur-pure\/","title":{"rendered":"Savon Visage et Corps Pur&#038;Pure"},"content":{"rendered":"<h2>Douceur hypoallerg\u00e9nique neutre pour chaque peau<\/h2>\n<p>D\u00e9couvrez notre savon ultra-doux, neutre et hypoallerg\u00e9nique, sp\u00e9cialement con\u00e7u pour les peaux hypersensibles et intol\u00e9rantes. B\u00e9n\u00e9ficiez d&rsquo;un nettoyage d\u00e9licat pour le visage et le corps, y compris les parties intimes. Si doux qu&rsquo;il convient \u00e9galement pour la peau fragile des b\u00e9b\u00e9s. Enrichi d&rsquo;extraits de plantes apaisantes, notre formule convient parfaitement aux peaux sujettes \u00e0 la dermatite ou au psoriasis. Elle est compatible avec des traitements m\u00e9dicaux tels que la chimioth\u00e9rapie, la radioth\u00e9rapie ou l&rsquo;immunoth\u00e9rapie.<\/p>\n<p>En pr\u00e9servant le film hydrolipidique et l&rsquo;\u00e9quilibre du microbiote, ce savon restaure la barri\u00e8re cutan\u00e9e. Votre peau sera souple et douce, avec un soulagement imm\u00e9diat. Notre formule unique, vieillie pendant 3 mois, offre une douceur et une concentration exceptionnelle, surpassant les savons ordinaires du march\u00e9. D\u00e9couvrez le secret d&rsquo;une peau raviv\u00e9e et respect\u00e9e.<\/p>\n<p>Certifi\u00e9 Cosmos Organic par \u00c9cocert, notre savon est 100% v\u00e9g\u00e9tal (vegan), biod\u00e9gradable et respectueux de l&rsquo;environnement. Exempt d&rsquo;huile de palme, d&rsquo;alcool, de silicones, de parab\u00e8nes, de PEG, de gluten, d&rsquo;OGM, de perturbateurs endocriniens, de goudron, de quaterniums, de parfums et de colorants. Aucun de nos produits n&rsquo;est test\u00e9 sur les animaux.<\/p>\n","protected":false},"excerpt":{"rendered":"<p>Savon visage et corps bio ultra-doux, hypoallerg\u00e9nique, sans parfum, sans huile de palme, con\u00e7u pour les peaux sensibles et intol\u00e9rantes. Votre peau sera propre, nourrit et apais\u00e9e.<\/p>\n<ul>\n<li class=\"bullet-arrow\"><strong>Texture <\/strong>: Solide<\/li>\n<li class=\"bullet-arrow\"><strong>Odeur <\/strong>: Sans odeur<\/li>\n<li class=\"bullet-arrow\"><strong>Format <\/strong>: 105 g \u2013 3.7 oz.<\/li>\n<\/ul>\n<div class=\"row row-full-width align-equal\"  id=\"row-756979479\">\n\t<div id=\"col-1727541690\" class=\"col small-12 large-12\"  >\n\t\t\t\t<div class=\"col-inner\"  >\n\t\t\t\n\t\t\t\n\n  \n    <div class=\"row large-columns-8 medium-columns-8 small-columns-8 row-xsmall\" >\n  <div class=\"gallery-col col\" >\n          <div class=\"col-inner\">\n                        <div class=\"box has-hover gallery-box box-none\">\n              <div class=\"box-image\" >\n                <img width=\"1\" height=\"1\" src=\"https:\/\/druidebio.com\/wp-content\/uploads\/2023\/07\/EcoCert.svg\" class=\"attachment-medium size-medium\" alt=\"\" ids=\"861,868,864,863,865,862\" style=\"none\" lightbox=\"false\" col_spacing=\"xsmall\" columns=\"8\" columns__sm=\"8\" columns__md=\"8\" decoding=\"async\" loading=\"lazy\" \/>                                                              <\/div>\n              <div class=\"box-text text-left\" >\n                 <p><\/p>\n              <\/div>\n            <\/div>\n                      <\/div>\n         <\/div><div class=\"gallery-col col\" >\n          <div class=\"col-inner\">\n                        <div class=\"box has-hover gallery-box box-none\">\n              <div class=\"box-image\" >\n                <img width=\"1\" height=\"1\" src=\"https:\/\/druidebio.com\/wp-content\/uploads\/2023\/07\/Vegan.svg\" class=\"attachment-medium size-medium\" alt=\"\" ids=\"861,868,864,863,865,862\" style=\"none\" lightbox=\"false\" col_spacing=\"xsmall\" columns=\"8\" columns__sm=\"8\" columns__md=\"8\" decoding=\"async\" loading=\"lazy\" \/>                                                              <\/div>\n              <div class=\"box-text text-left\" >\n                 <p><\/p>\n              <\/div>\n            <\/div>\n                      <\/div>\n         <\/div><div class=\"gallery-col col\" >\n          <div class=\"col-inner\">\n                        <div class=\"box has-hover gallery-box box-none\">\n              <div class=\"box-image\" >\n                <img width=\"1\" height=\"1\" src=\"https:\/\/druidebio.com\/wp-content\/uploads\/2023\/07\/Not_Tested_Animals.svg\" class=\"attachment-medium size-medium\" alt=\"\" ids=\"861,868,864,863,865,862\" style=\"none\" lightbox=\"false\" col_spacing=\"xsmall\" columns=\"8\" columns__sm=\"8\" columns__md=\"8\" decoding=\"async\" loading=\"lazy\" \/>                                                              <\/div>\n              <div class=\"box-text text-left\" >\n                 <p><\/p>\n              <\/div>\n            <\/div>\n                      <\/div>\n         <\/div><div class=\"gallery-col col\" >\n          <div class=\"col-inner\">\n                        <div class=\"box has-hover gallery-box box-none\">\n              <div class=\"box-image\" >\n                <img width=\"1\" height=\"1\" src=\"https:\/\/druidebio.com\/wp-content\/uploads\/2023\/07\/NoGMO.svg\" class=\"attachment-medium size-medium\" alt=\"\" ids=\"861,868,864,863,865,862\" style=\"none\" lightbox=\"false\" col_spacing=\"xsmall\" columns=\"8\" columns__sm=\"8\" columns__md=\"8\" decoding=\"async\" loading=\"lazy\" \/>                                                              <\/div>\n              <div class=\"box-text text-left\" >\n                 <p><\/p>\n              <\/div>\n            <\/div>\n                      <\/div>\n         <\/div><div class=\"gallery-col col\" >\n          <div class=\"col-inner\">\n                        <div class=\"box has-hover gallery-box box-none\">\n              <div class=\"box-image\" >\n                <img width=\"1\" height=\"1\" src=\"https:\/\/druidebio.com\/wp-content\/uploads\/2023\/07\/Recyclable.svg\" class=\"attachment-medium size-medium\" alt=\"\" ids=\"861,868,864,863,865,862\" style=\"none\" lightbox=\"false\" col_spacing=\"xsmall\" columns=\"8\" columns__sm=\"8\" columns__md=\"8\" decoding=\"async\" loading=\"lazy\" \/>                                                              <\/div>\n              <div class=\"box-text text-left\" >\n                 <p><\/p>\n              <\/div>\n            <\/div>\n                      <\/div>\n         <\/div><div class=\"gallery-col col\" >\n          <div class=\"col-inner\">\n                        <div class=\"box has-hover gallery-box box-none\">\n              <div class=\"box-image\" >\n                <img width=\"1\" height=\"1\" src=\"https:\/\/druidebio.com\/wp-content\/uploads\/2023\/07\/Gluten_Free.svg\" class=\"attachment-medium size-medium\" alt=\"\" ids=\"861,868,864,863,865,862\" style=\"none\" lightbox=\"false\" col_spacing=\"xsmall\" columns=\"8\" columns__sm=\"8\" columns__md=\"8\" decoding=\"async\" loading=\"lazy\" \/>                                                              <\/div>\n              <div class=\"box-text text-left\" >\n                 <p><\/p>\n              <\/div>\n            <\/div>\n                      <\/div>\n         <\/div><\/div>\n\t\t<\/div>\n\t\t\t\t\t<\/div>\n\n\t<\/div>\n","protected":false},"featured_media":1615,"comment_status":"open","ping_status":"closed","template":"","meta":[],"product_brand":[],"product_cat":[105,96,116,93,94],"product_tag":[],"giftcard-category":[],"class_list":{"0":"post-2089","1":"product","2":"type-product","3":"status-publish","4":"has-post-thumbnail","6":"product_cat-druide-purpure-fr","7":"product_cat-hygiene-fr","8":"product_cat-savons","9":"product_cat-soins-corps","10":"product_cat-soins-visage","12":"first","13":"instock","14":"sale","15":"taxable","16":"shipping-taxable","17":"purchasable","18":"product-type-simple"},"yoast_head":"<!-- This site is optimized with the Yoast SEO plugin v27.1.1 - https:\/\/yoast.com\/product\/yoast-seo-wordpress\/ -->\n<title>Savon Visage et Corps Pur&amp;Pure | Laboratoires Druide\u00ae | Bio For Life<\/title>\n<meta name=\"description\" content=\"Savon visage et corps bio ultra-doux, hypoallerg\u00e9nique, sans parfum, sans huile de palme, con\u00e7u pour les peaux sensibles et intol\u00e9rantes. Votre peau sera propre, nourrit et apais\u00e9e.\" \/>\n<meta name=\"robots\" content=\"index, follow, max-snippet:-1, max-image-preview:large, max-video-preview:-1\" \/>\n<link rel=\"canonical\" href=\"https:\/\/druidebio.com\/fr\/produit\/savon-visage-et-corps-pur-pure\/\" \/>\n<meta property=\"og:locale\" content=\"fr_FR\" \/>\n<meta property=\"og:type\" content=\"article\" \/>\n<meta property=\"og:title\" content=\"Savon Visage et Corps Pur&amp;Pure | Laboratoires Druide\u00ae | Bio For Life\" \/>\n<meta property=\"og:description\" content=\"Savon visage et corps bio ultra-doux, hypoallerg\u00e9nique, sans parfum, sans huile de palme, con\u00e7u pour les peaux sensibles et intol\u00e9rantes. Votre peau sera propre, nourrit et apais\u00e9e.\" \/>\n<meta property=\"og:url\" content=\"https:\/\/druidebio.com\/fr\/produit\/savon-visage-et-corps-pur-pure\/\" \/>\n<meta property=\"og:site_name\" content=\"Laboratoires Druide\u00ae | Bio For Life\" \/>\n<meta property=\"article:publisher\" content=\"https:\/\/www.facebook.com\/infodruide\" \/>\n<meta property=\"article:modified_time\" content=\"2026-04-19T22:31:23+00:00\" \/>\n<meta property=\"og:image\" content=\"https:\/\/druidebio.com\/wp-content\/uploads\/2022\/08\/druide-pur-pure-body-care-face-sensitive-skin-bar-soap-handmade-palm-oil-free-105g-3.7oz-box.jpg\" \/>\n\t<meta property=\"og:image:width\" content=\"1200\" \/>\n\t<meta property=\"og:image:height\" content=\"1200\" \/>\n\t<meta property=\"og:image:type\" content=\"image\/jpeg\" \/>\n<meta name=\"twitter:card\" content=\"summary_large_image\" \/>\n<script type=\"application\/ld+json\" class=\"yoast-schema-graph\">{\"@context\":\"https:\/\/schema.org\",\"@graph\":[{\"@type\":[\"WebPage\",\"ItemPage\"],\"@id\":\"https:\/\/druidebio.com\/fr\/produit\/savon-visage-et-corps-pur-pure\/\",\"url\":\"https:\/\/druidebio.com\/fr\/produit\/savon-visage-et-corps-pur-pure\/\",\"name\":\"Savon Visage et Corps Pur&Pure | Laboratoires Druide\u00ae | Bio For Life\",\"isPartOf\":{\"@id\":\"https:\/\/druidebio.com\/fr\/#website\"},\"primaryImageOfPage\":{\"@id\":\"https:\/\/druidebio.com\/fr\/produit\/savon-visage-et-corps-pur-pure\/#primaryimage\"},\"image\":{\"@id\":\"https:\/\/druidebio.com\/fr\/produit\/savon-visage-et-corps-pur-pure\/#primaryimage\"},\"thumbnailUrl\":\"https:\/\/druidebio.com\/wp-content\/uploads\/2022\/08\/druide-pur-pure-body-care-face-sensitive-skin-bar-soap-handmade-palm-oil-free-105g-3.7oz-box.jpg\",\"datePublished\":\"2022-08-26T15:48:26+00:00\",\"dateModified\":\"2026-04-19T22:31:23+00:00\",\"description\":\"Savon visage et corps bio ultra-doux, hypoallerg\u00e9nique, sans parfum, sans huile de palme, con\u00e7u pour les peaux sensibles et intol\u00e9rantes. Votre peau sera propre, nourrit et apais\u00e9e.\",\"breadcrumb\":{\"@id\":\"https:\/\/druidebio.com\/fr\/produit\/savon-visage-et-corps-pur-pure\/#breadcrumb\"},\"inLanguage\":\"fr-FR\",\"potentialAction\":[{\"@type\":\"ReadAction\",\"target\":[\"https:\/\/druidebio.com\/fr\/produit\/savon-visage-et-corps-pur-pure\/\"]}]},{\"@type\":\"ImageObject\",\"inLanguage\":\"fr-FR\",\"@id\":\"https:\/\/druidebio.com\/fr\/produit\/savon-visage-et-corps-pur-pure\/#primaryimage\",\"url\":\"https:\/\/druidebio.com\/wp-content\/uploads\/2022\/08\/druide-pur-pure-body-care-face-sensitive-skin-bar-soap-handmade-palm-oil-free-105g-3.7oz-box.jpg\",\"contentUrl\":\"https:\/\/druidebio.com\/wp-content\/uploads\/2022\/08\/druide-pur-pure-body-care-face-sensitive-skin-bar-soap-handmade-palm-oil-free-105g-3.7oz-box.jpg\",\"width\":1200,\"height\":1200,\"caption\":\"Savon Visage et Corps Pur&Pure\"},{\"@type\":\"BreadcrumbList\",\"@id\":\"https:\/\/druidebio.com\/fr\/produit\/savon-visage-et-corps-pur-pure\/#breadcrumb\",\"itemListElement\":[{\"@type\":\"ListItem\",\"position\":1,\"name\":\"Home\",\"item\":\"https:\/\/druidebio.com\/fr\/\"},{\"@type\":\"ListItem\",\"position\":2,\"name\":\"Boutique\",\"item\":\"https:\/\/druidebio.com\/fr\/boutique\/\"},{\"@type\":\"ListItem\",\"position\":3,\"name\":\"Savon Visage et Corps Pur&#038;Pure\"}]},{\"@type\":\"WebSite\",\"@id\":\"https:\/\/druidebio.com\/fr\/#website\",\"url\":\"https:\/\/druidebio.com\/fr\/\",\"name\":\"Laboratoires Druide\u00ae | Bio For Life\",\"description\":\"Natural and Organic Products. ECOCERT\u00ae Certified.\",\"publisher\":{\"@id\":\"https:\/\/druidebio.com\/fr\/#organization\"},\"alternateName\":\"Druide\",\"potentialAction\":[{\"@type\":\"SearchAction\",\"target\":{\"@type\":\"EntryPoint\",\"urlTemplate\":\"https:\/\/druidebio.com\/fr\/?s={search_term_string}\"},\"query-input\":{\"@type\":\"PropertyValueSpecification\",\"valueRequired\":true,\"valueName\":\"search_term_string\"}}],\"inLanguage\":\"fr-FR\"},{\"@type\":\"Organization\",\"@id\":\"https:\/\/druidebio.com\/fr\/#organization\",\"name\":\"Druide\",\"alternateName\":\"Laboratoires Druide\",\"url\":\"https:\/\/druidebio.com\/fr\/\",\"logo\":{\"@type\":\"ImageObject\",\"inLanguage\":\"fr-FR\",\"@id\":\"https:\/\/druidebio.com\/fr\/#\/schema\/logo\/image\/\",\"url\":\"https:\/\/druidebio.com\/wp-content\/uploads\/2022\/08\/logo-fav.png\",\"contentUrl\":\"https:\/\/druidebio.com\/wp-content\/uploads\/2022\/08\/logo-fav.png\",\"width\":512,\"height\":512,\"caption\":\"Druide\"},\"image\":{\"@id\":\"https:\/\/druidebio.com\/fr\/#\/schema\/logo\/image\/\"},\"sameAs\":[\"https:\/\/www.facebook.com\/infodruide\",\"https:\/\/www.instagram.com\/druidebio\/\",\"https:\/\/www.pinterest.ca\/DruideBioCanada\/\",\"https:\/\/www.youtube.com\/user\/DRUIDECANADA\"]}]}<\/script>\n<!-- \/ Yoast SEO plugin. -->","yoast_head_json":{"title":"Savon Visage et Corps Pur&Pure | Laboratoires Druide\u00ae | Bio For Life","description":"Savon visage et corps bio ultra-doux, hypoallerg\u00e9nique, sans parfum, sans huile de palme, con\u00e7u pour les peaux sensibles et intol\u00e9rantes. Votre peau sera propre, nourrit et apais\u00e9e.","robots":{"index":"index","follow":"follow","max-snippet":"max-snippet:-1","max-image-preview":"max-image-preview:large","max-video-preview":"max-video-preview:-1"},"canonical":"https:\/\/druidebio.com\/fr\/produit\/savon-visage-et-corps-pur-pure\/","og_locale":"fr_FR","og_type":"article","og_title":"Savon Visage et Corps Pur&Pure | Laboratoires Druide\u00ae | Bio For Life","og_description":"Savon visage et corps bio ultra-doux, hypoallerg\u00e9nique, sans parfum, sans huile de palme, con\u00e7u pour les peaux sensibles et intol\u00e9rantes. Votre peau sera propre, nourrit et apais\u00e9e.","og_url":"https:\/\/druidebio.com\/fr\/produit\/savon-visage-et-corps-pur-pure\/","og_site_name":"Laboratoires Druide\u00ae | Bio For Life","article_publisher":"https:\/\/www.facebook.com\/infodruide","article_modified_time":"2026-04-19T22:31:23+00:00","og_image":[{"width":1200,"height":1200,"url":"https:\/\/druidebio.com\/wp-content\/uploads\/2022\/08\/druide-pur-pure-body-care-face-sensitive-skin-bar-soap-handmade-palm-oil-free-105g-3.7oz-box.jpg","type":"image\/jpeg"}],"twitter_card":"summary_large_image","schema":{"@context":"https:\/\/schema.org","@graph":[{"@type":["WebPage","ItemPage"],"@id":"https:\/\/druidebio.com\/fr\/produit\/savon-visage-et-corps-pur-pure\/","url":"https:\/\/druidebio.com\/fr\/produit\/savon-visage-et-corps-pur-pure\/","name":"Savon Visage et Corps Pur&Pure | Laboratoires Druide\u00ae | Bio For Life","isPartOf":{"@id":"https:\/\/druidebio.com\/fr\/#website"},"primaryImageOfPage":{"@id":"https:\/\/druidebio.com\/fr\/produit\/savon-visage-et-corps-pur-pure\/#primaryimage"},"image":{"@id":"https:\/\/druidebio.com\/fr\/produit\/savon-visage-et-corps-pur-pure\/#primaryimage"},"thumbnailUrl":"https:\/\/druidebio.com\/wp-content\/uploads\/2022\/08\/druide-pur-pure-body-care-face-sensitive-skin-bar-soap-handmade-palm-oil-free-105g-3.7oz-box.jpg","datePublished":"2022-08-26T15:48:26+00:00","dateModified":"2026-04-19T22:31:23+00:00","description":"Savon visage et corps bio ultra-doux, hypoallerg\u00e9nique, sans parfum, sans huile de palme, con\u00e7u pour les peaux sensibles et intol\u00e9rantes. Votre peau sera propre, nourrit et apais\u00e9e.","breadcrumb":{"@id":"https:\/\/druidebio.com\/fr\/produit\/savon-visage-et-corps-pur-pure\/#breadcrumb"},"inLanguage":"fr-FR","potentialAction":[{"@type":"ReadAction","target":["https:\/\/druidebio.com\/fr\/produit\/savon-visage-et-corps-pur-pure\/"]}]},{"@type":"ImageObject","inLanguage":"fr-FR","@id":"https:\/\/druidebio.com\/fr\/produit\/savon-visage-et-corps-pur-pure\/#primaryimage","url":"https:\/\/druidebio.com\/wp-content\/uploads\/2022\/08\/druide-pur-pure-body-care-face-sensitive-skin-bar-soap-handmade-palm-oil-free-105g-3.7oz-box.jpg","contentUrl":"https:\/\/druidebio.com\/wp-content\/uploads\/2022\/08\/druide-pur-pure-body-care-face-sensitive-skin-bar-soap-handmade-palm-oil-free-105g-3.7oz-box.jpg","width":1200,"height":1200,"caption":"Savon Visage et Corps Pur&Pure"},{"@type":"BreadcrumbList","@id":"https:\/\/druidebio.com\/fr\/produit\/savon-visage-et-corps-pur-pure\/#breadcrumb","itemListElement":[{"@type":"ListItem","position":1,"name":"Home","item":"https:\/\/druidebio.com\/fr\/"},{"@type":"ListItem","position":2,"name":"Boutique","item":"https:\/\/druidebio.com\/fr\/boutique\/"},{"@type":"ListItem","position":3,"name":"Savon Visage et Corps Pur&#038;Pure"}]},{"@type":"WebSite","@id":"https:\/\/druidebio.com\/fr\/#website","url":"https:\/\/druidebio.com\/fr\/","name":"Laboratoires Druide\u00ae | Bio For Life","description":"Natural and Organic Products. ECOCERT\u00ae Certified.","publisher":{"@id":"https:\/\/druidebio.com\/fr\/#organization"},"alternateName":"Druide","potentialAction":[{"@type":"SearchAction","target":{"@type":"EntryPoint","urlTemplate":"https:\/\/druidebio.com\/fr\/?s={search_term_string}"},"query-input":{"@type":"PropertyValueSpecification","valueRequired":true,"valueName":"search_term_string"}}],"inLanguage":"fr-FR"},{"@type":"Organization","@id":"https:\/\/druidebio.com\/fr\/#organization","name":"Druide","alternateName":"Laboratoires Druide","url":"https:\/\/druidebio.com\/fr\/","logo":{"@type":"ImageObject","inLanguage":"fr-FR","@id":"https:\/\/druidebio.com\/fr\/#\/schema\/logo\/image\/","url":"https:\/\/druidebio.com\/wp-content\/uploads\/2022\/08\/logo-fav.png","contentUrl":"https:\/\/druidebio.com\/wp-content\/uploads\/2022\/08\/logo-fav.png","width":512,"height":512,"caption":"Druide"},"image":{"@id":"https:\/\/druidebio.com\/fr\/#\/schema\/logo\/image\/"},"sameAs":["https:\/\/www.facebook.com\/infodruide","https:\/\/www.instagram.com\/druidebio\/","https:\/\/www.pinterest.ca\/DruideBioCanada\/","https:\/\/www.youtube.com\/user\/DRUIDECANADA"]}]}},"_links":{"self":[{"href":"https:\/\/druidebio.com\/fr\/wp-json\/wp\/v2\/product\/2089","targetHints":{"allow":["GET"]}}],"collection":[{"href":"https:\/\/druidebio.com\/fr\/wp-json\/wp\/v2\/product"}],"about":[{"href":"https:\/\/druidebio.com\/fr\/wp-json\/wp\/v2\/types\/product"}],"replies":[{"embeddable":true,"href":"https:\/\/druidebio.com\/fr\/wp-json\/wp\/v2\/comments?post=2089"}],"wp:featuredmedia":[{"embeddable":true,"href":"https:\/\/druidebio.com\/fr\/wp-json\/wp\/v2\/media\/1615"}],"wp:attachment":[{"href":"https:\/\/druidebio.com\/fr\/wp-json\/wp\/v2\/media?parent=2089"}],"wp:term":[{"taxonomy":"product_brand","embeddable":true,"href":"https:\/\/druidebio.com\/fr\/wp-json\/wp\/v2\/product_brand?post=2089"},{"taxonomy":"product_cat","embeddable":true,"href":"https:\/\/druidebio.com\/fr\/wp-json\/wp\/v2\/product_cat?post=2089"},{"taxonomy":"product_tag","embeddable":true,"href":"https:\/\/druidebio.com\/fr\/wp-json\/wp\/v2\/product_tag?post=2089"},{"taxonomy":"giftcard-category","embeddable":true,"href":"https:\/\/druidebio.com\/fr\/wp-json\/wp\/v2\/giftcard-category?post=2089"}],"curies":[{"name":"wp","href":"https:\/\/api.w.org\/{rel}","templated":true}]}}