{"id":1990,"date":"2023-08-08T13:59:50","date_gmt":"2023-08-08T17:59:50","guid":{"rendered":"https:\/\/druide.wpengine.com\/notre-monde\/social-responsibility\/"},"modified":"2023-11-20T15:51:07","modified_gmt":"2023-11-20T20:51:07","slug":"responsabilite-sociale","status":"publish","type":"page","link":"https:\/\/druidebio.com\/fr\/univers-druide\/responsabilite-sociale\/","title":{"rendered":"Responsabilit\u00e9 sociale"},"content":{"rendered":"<div class=\"row row-collapse row-full-width\"  id=\"row-682095477\">\n\n\t<div id=\"col-1521713579\" class=\"col small-12 large-12\"  >\n\t\t\t\t<div class=\"col-inner\"  >\n\t\t\t\n\t\t\t\n\n\t<section class=\"section\" id=\"section_1474861998\">\n\t\t<div class=\"section-bg fill\" >\n\t\t\t<img loading=\"lazy\" decoding=\"async\" width=\"1192\" height=\"569\" src=\"https:\/\/druidebio.com\/wp-content\/uploads\/2023\/08\/social-respose.jpg\" class=\"bg attachment-original size-original\" alt=\"\" \/>\t\t\t\t\t\t<div class=\"section-bg-overlay absolute fill\"><\/div>\n\t\t\t\n\n\t\t<\/div>\n\n\t\t\n\n\t\t<div class=\"section-content relative\">\n\t\t\t\n<div class=\"row row-collapse align-center\" style=\"max-width:\" id=\"row-2074923915\">\n\n\t<div id=\"col-362821572\" class=\"col medium-12 small-12 large-12\"  >\n\t\t\t\t<div class=\"col-inner text-center dark\"  >\n\t\t\t\n\t\t\t\n\t<div id=\"text-3853405006\" class=\"text\">\n\t\t\n<h3>POUR UN MEILLEUR AVENIR<\/h3>\n<h1><span style=\"font-size: 250%;\">Notre responsabilit\u00e9 sociale<\/span><\/h1>\n<h2>&#8230;nos actions d\u2019aujourd\u2019hui ont un impact sur le monde de demain.<\/h2>\n\t\t\n<style>\n#text-3853405006 {\n  font-size: 0.75rem;\n}\n<\/style>\n\t<\/div>\n\t\n\t\t<\/div>\n\t\t\t\t\n<style>\n#col-362821572 > .col-inner {\n  padding: 100px 20px 100px 0px;\n}\n@media (min-width:550px) {\n  #col-362821572 > .col-inner {\n    padding: 100px 0px 200px 0px;\n  }\n}\n<\/style>\n\t<\/div>\n\n\t\n<\/div>\n\t\t<\/div>\n\n\t\t\n<style>\n#section_1474861998 {\n  padding-top: 0px;\n  padding-bottom: 0px;\n  min-height: 0px;\n}\n#section_1474861998 .section-bg-overlay {\n  background-color: rgba(0, 0, 0, 0.12);\n}\n#section_1474861998 .section-bg img {\n  object-position: 60% 100%;\n}\n@media (min-width:550px) {\n  #section_1474861998 {\n    padding-top: 0px;\n    padding-bottom: 0px;\n  }\n  #section_1474861998 .section-bg-overlay {\n    background-color: rgba(0, 0, 0, 0.21);\n  }\n}\n@media (min-width:850px) {\n  #section_1474861998 {\n    padding-top: 100px;\n    padding-bottom: 100px;\n  }\n  #section_1474861998 .section-bg-overlay {\n    background-color: rgba(0, 0, 0, 0.3);\n  }\n}\n<\/style>\n\t<\/section>\n\t\n\t\t<\/div>\n\t\t\t\t\t<\/div>\n\n\t\n<\/div>\n<div class=\"row row-large\" style=\"max-width:1400px\" id=\"row-1031680544\">\n\n\t<div id=\"col-1767301433\" class=\"col small-12 large-12\"  >\n\t\t\t\t<div class=\"col-inner\" style=\"background-color:rgb(255, 255, 255);\" >\n\t\t\t\n\t\t\t\n<div class=\"row align-center\"  id=\"row-1425722896\">\n\n\t<div id=\"col-1011363722\" class=\"col small-12 large-12\"  >\n\t\t\t\t<div class=\"col-inner text-center\"  >\n\t\t\t\n\t\t\t\n<p class=\"lead\">Chez Druide, notre engagement en mati\u00e8re de responsabilit\u00e9 sociale est profond\u00e9ment ancr\u00e9 dans notre ADN. Nous reconnaissons que nos actions d\u2019aujourd\u2019hui ont un impact sur le monde que nous laisserons aux g\u00e9n\u00e9rations futures. Forts de cette conscience profonde, nous adoptons une approche holistique de l\u2019entreprise qui ne se concentre pas seulement sur la production de produits biologiques sains, mais qui contribue aussi activement \u00e0 un changement positif dans nos communaut\u00e9s et notre environnement.<\/p>\n\t<div id=\"gap-1281480783\" class=\"gap-element clearfix\" style=\"display:block; height:auto;\">\n\t\t\n<style>\n#gap-1281480783 {\n  padding-top: 30px;\n}\n<\/style>\n\t<\/div>\n\t\n\t\t<\/div>\n\t\t\t\t\t<\/div>\n\n\t\n<\/div>\n<div class=\"row row-large align-center\"  id=\"row-1611269273\">\n\n\t<div id=\"col-1526251275\" class=\"col medium-6 small-12 large-6\"  >\n\t\t\t\t<div class=\"col-inner\"  >\n\t\t\t\n\t\t\t\n\n\t\t<div class=\"icon-box featured-box icon-sets icon-box-left text-left\"  style=\"margin:0px 0px 10px 0px;\">\n\t\t\t\t\t<div class=\"icon-box-img\" style=\"width: 25px\">\n\t\t\t\t<div class=\"icon\">\n\t\t\t\t\t<div class=\"icon-inner\" >\n\t\t\t\t\t\t<img loading=\"lazy\" decoding=\"async\" width=\"1\" height=\"1\" src=\"https:\/\/druidebio.com\/wp-content\/uploads\/2023\/08\/druide-tree.svg\" class=\"attachment-medium size-medium\" alt=\"\" \/>\t\t\t\t\t<\/div>\n\t\t\t\t<\/div>\n\t\t\t<\/div>\n\t\t\t\t<div class=\"icon-box-text last-reset\">\n\t\t\t\t\t\t\t\t\t\n<h3>Ingr\u00e9dients issus du d\u00e9veloppement durable<\/h3>\n\t\t<\/div>\n\t<\/div>\n\t\n\t\n<p>Notre responsabilit\u00e9 commence par les ingr\u00e9dients que nous utilisons. Nous s\u00e9lectionnons avec soin des plantes d\u2019origine biologique et \u00e9thiques pour garantir des produits de la plus haute qualit\u00e9 tout en pr\u00e9servant les \u00e9cosyst\u00e8mes d\u00e9licats dont elles sont issues. En soutenant des pratiques agricoles durables, nous contribuons au bien-\u00eatre des communaut\u00e9s locales et \u00e0 la protection de la biodiversit\u00e9.<\/p>\n\t\t<\/div>\n\t\t\t\t\t<\/div>\n\n\t\n\n\t<div id=\"col-973982270\" class=\"col medium-6 small-12 large-6\"  >\n\t\t\t\t<div class=\"col-inner\"  >\n\t\t\t\n\t\t\t\n\n\t\t<div class=\"icon-box featured-box icon-sets icon-box-left text-left\"  style=\"margin:0px 0px 10px 0px;\">\n\t\t\t\t\t<div class=\"icon-box-img\" style=\"width: 25px\">\n\t\t\t\t<div class=\"icon\">\n\t\t\t\t\t<div class=\"icon-inner\" >\n\t\t\t\t\t\t<img loading=\"lazy\" decoding=\"async\" width=\"1\" height=\"1\" src=\"https:\/\/druidebio.com\/wp-content\/uploads\/2023\/08\/druide-tree.svg\" class=\"attachment-medium size-medium\" alt=\"\" \/>\t\t\t\t\t<\/div>\n\t\t\t\t<\/div>\n\t\t\t<\/div>\n\t\t\t\t<div class=\"icon-box-text last-reset\">\n\t\t\t\t\t\t\t\t\t\n<h3>Emballage \u00e9co-responsable<\/h3>\n\t\t<\/div>\n\t<\/div>\n\t\n\t\n<p>Nous sommes pr\u00e9occup\u00e9s par la r\u00e9duction de notre empreinte \u00e9cologique. Nos emballages sont con\u00e7us dans le respect des normes environnementales, privil\u00e9giant les mat\u00e9riaux recyclables et biod\u00e9gradables dans la mesure du possible. En adoptant des solutions d\u2019emballage respectueuses, nous nous effor\u00e7ons de minimiser les d\u00e9chets et d\u2019encourager une consommation responsable aupr\u00e8s des consommateurs.<\/p>\n\t\t<\/div>\n\t\t\t\t\t<\/div>\n\n\t\n\n\t<div id=\"col-1047258536\" class=\"col medium-6 small-12 large-6\"  >\n\t\t\t\t<div class=\"col-inner\"  >\n\t\t\t\n\t\t\t\n\n\t\t<div class=\"icon-box featured-box icon-sets icon-box-left text-left\"  style=\"margin:0px 0px 10px 0px;\">\n\t\t\t\t\t<div class=\"icon-box-img\" style=\"width: 25px\">\n\t\t\t\t<div class=\"icon\">\n\t\t\t\t\t<div class=\"icon-inner\" >\n\t\t\t\t\t\t<img loading=\"lazy\" decoding=\"async\" width=\"1\" height=\"1\" src=\"https:\/\/druidebio.com\/wp-content\/uploads\/2023\/08\/druide-tree.svg\" class=\"attachment-medium size-medium\" alt=\"\" \/>\t\t\t\t\t<\/div>\n\t\t\t\t<\/div>\n\t\t\t<\/div>\n\t\t\t\t<div class=\"icon-box-text last-reset\">\n\t\t\t\t\t\t\t\t\t\n<h3>Pratiques de fabrication \u00e9cologiques<\/h3>\n\t\t<\/div>\n\t<\/div>\n\t\n\t\n<p>Druide s\u2019efforce d\u2019\u00eatre un fabricant respectueux de l\u2019environnement. Des processus de production \u00e9conomes sur le plan \u00e9nerg\u00e9tique aux initiatives de r\u00e9duction des d\u00e9chets, nous recherchons en permanence des moyens innovants pour minimiser notre impact sur la plan\u00e8te.<\/p>\n\t\t<\/div>\n\t\t\t\t\t<\/div>\n\n\t\n\n\t<div id=\"col-609376537\" class=\"col medium-6 small-12 large-6\"  >\n\t\t\t\t<div class=\"col-inner\"  >\n\t\t\t\n\t\t\t\n\n\t\t<div class=\"icon-box featured-box icon-sets icon-box-left text-left\"  style=\"margin:0px 0px 10px 0px;\">\n\t\t\t\t\t<div class=\"icon-box-img\" style=\"width: 25px\">\n\t\t\t\t<div class=\"icon\">\n\t\t\t\t\t<div class=\"icon-inner\" >\n\t\t\t\t\t\t<img loading=\"lazy\" decoding=\"async\" width=\"1\" height=\"1\" src=\"https:\/\/druidebio.com\/wp-content\/uploads\/2023\/08\/druide-tree.svg\" class=\"attachment-medium size-medium\" alt=\"\" \/>\t\t\t\t\t<\/div>\n\t\t\t\t<\/div>\n\t\t\t<\/div>\n\t\t\t\t<div class=\"icon-box-text last-reset\">\n\t\t\t\t\t\t\t\t\t\n<h3>\u00c9thique et sans cruaut\u00e9 animale<\/h3>\n\t\t<\/div>\n\t<\/div>\n\t\n\t\n<p>En tant que d\u00e9fenseur du bien-\u00eatre des animaux et de l\u2019environnement, Druide s\u2019oppose fermement aux tests animaliers. Nos produits sont certifi\u00e9s par ECOCERT<sup>\u00ae\ufe0f<\/sup> et n\u2019ont jamais \u00e9t\u00e9 test\u00e9s sur un animal. Nous pensons fermement qu\u2019aucun animal ne doit servir de cobaye pendant le d\u00e9veloppement du produit.<\/p>\n\t\t<\/div>\n\t\t\t\t\t<\/div>\n\n\t\n\n\t<div id=\"col-1276472350\" class=\"col medium-6 small-12 large-6\"  >\n\t\t\t\t<div class=\"col-inner\"  >\n\t\t\t\n\t\t\t\n\n\t\t<div class=\"icon-box featured-box icon-sets icon-box-left text-left\"  style=\"margin:0px 0px 10px 0px;\">\n\t\t\t\t\t<div class=\"icon-box-img\" style=\"width: 25px\">\n\t\t\t\t<div class=\"icon\">\n\t\t\t\t\t<div class=\"icon-inner\" >\n\t\t\t\t\t\t<img loading=\"lazy\" decoding=\"async\" width=\"1\" height=\"1\" src=\"https:\/\/druidebio.com\/wp-content\/uploads\/2023\/08\/druide-tree.svg\" class=\"attachment-medium size-medium\" alt=\"\" \/>\t\t\t\t\t<\/div>\n\t\t\t\t<\/div>\n\t\t\t<\/div>\n\t\t\t\t<div class=\"icon-box-text last-reset\">\n\t\t\t\t\t\t\t\t\t\n<h3>Notre engagement pour une plan\u00e8te plus verte<\/h3>\n\t\t<\/div>\n\t<\/div>\n\t\n\t\n<p>Chez Druide, notre engagement va bien au-del\u00e0 de la cr\u00e9ation de produits de soins exceptionnels. Nous sommes d\u00e9termin\u00e9s \u00e0 jouer un r\u00f4le actif dans la pr\u00e9servation et l\u2019am\u00e9lioration de la plan\u00e8te, notre maison. Notre responsabilit\u00e9 sociale est profond\u00e9ment ancr\u00e9e dans notre \u00e9thique, et nous prenons des mesures significatives pour contribuer \u00e0 faire de notre monde un endroit o\u00f9 il fait bon vivre. Depuis le d\u00e9but en 1979, notre parcours est guid\u00e9 par un profond respect de la nature et un d\u00e9sir sinc\u00e8re de la prot\u00e9ger.<\/p>\n\t\t<\/div>\n\t\t\t\t\t<\/div>\n\n\t\n\n\t<div id=\"col-1851085010\" class=\"col medium-6 small-12 large-6\"  >\n\t\t\t\t<div class=\"col-inner\"  >\n\t\t\t\n\t\t\t\n\n\t\t<div class=\"icon-box featured-box icon-sets icon-box-left text-left\"  style=\"margin:0px 0px 10px 0px;\">\n\t\t\t\t\t<div class=\"icon-box-img\" style=\"width: 25px\">\n\t\t\t\t<div class=\"icon\">\n\t\t\t\t\t<div class=\"icon-inner\" >\n\t\t\t\t\t\t<img loading=\"lazy\" decoding=\"async\" width=\"1\" height=\"1\" src=\"https:\/\/druidebio.com\/wp-content\/uploads\/2023\/08\/druide-tree.svg\" class=\"attachment-medium size-medium\" alt=\"\" \/>\t\t\t\t\t<\/div>\n\t\t\t\t<\/div>\n\t\t\t<\/div>\n\t\t\t\t<div class=\"icon-box-text last-reset\">\n\t\t\t\t\t\t\t\t\t\n<h3>Transparence et responsabilit\u00e9<\/h3>\n\t\t<\/div>\n\t<\/div>\n\t\n\t\n<p>Nous nous engageons \u00e0 faire preuve de transparence dans toutes nos pratiques. De l\u2019approvisionnement en ingr\u00e9dients \u00e0 nos choix de formulation, nous croyons qu\u2019il faut rendre compte de nos actions et de nos d\u00e9cisions. Notre engagement en faveur de la transparence aide nos clients \u00e0 faire des choix \u00e9clair\u00e9s qui correspondent \u00e0 leurs valeurs.<\/p>\n\t\t<\/div>\n\t\t\t\t\t<\/div>\n\n\t\n<\/div>\n\t\t<\/div>\n\t\t\t\t\n<style>\n#col-1767301433 > .col-inner {\n  padding: 50px 20px 0px 20px;\n  margin: -0 0px 0px 0px;\n}\n@media (min-width:550px) {\n  #col-1767301433 > .col-inner {\n    padding: 50px 20px 30px 20px;\n    margin: 0 0px 0px 0px;\n  }\n}\n@media (min-width:850px) {\n  #col-1767301433 > .col-inner {\n    padding: 66px 5% 16px 5%;\n    margin: -135px 0px 0px 0px;\n  }\n}\n<\/style>\n\t<\/div>\n\n\t\n<\/div>\n\n\t<section class=\"section\" id=\"section_1387748829\">\n\t\t<div class=\"section-bg fill\" >\n\t\t\t\t\t\t\t\t\t\n\t\t\t\n\n\t\t<\/div>\n\n\t\t\n\n\t\t<div class=\"section-content relative\">\n\t\t\t\n\t<div id=\"gap-1383386559\" class=\"gap-element clearfix\" style=\"display:block; height:auto;\">\n\t\t\n<style>\n#gap-1383386559 {\n  padding-top: 30px;\n}\n<\/style>\n\t<\/div>\n\t\n<div class=\"row row-small align-middle\"  id=\"row-2047288967\">\n\n\t<div id=\"col-1707746037\" class=\"col medium-6 small-12 large-3\"  >\n\t\t\t\t<div class=\"col-inner\"  >\n\t\t\t\n\t\t\t\n\n  <div class=\"banner has-hover bg-zoom\" id=\"banner-1218678852\">\n          <div class=\"banner-inner fill\">\n        <div class=\"banner-bg fill\" >\n            <img loading=\"lazy\" decoding=\"async\" width=\"860\" height=\"1290\" src=\"https:\/\/druidebio.com\/wp-content\/uploads\/2023\/08\/kids-running.jpg\" class=\"bg attachment-original size-original\" alt=\"\" \/>                                    \n                    <\/div>\n\t\t\n        <div class=\"banner-layers container\">\n            <div class=\"fill banner-link\"><\/div>            \n   <div id=\"text-box-2020804299\" class=\"text-box banner-layer x50 md-x50 lg-x50 y50 md-y50 lg-y50 res-text\">\n                                <div class=\"text-box-content text dark\">\n              \n              <div class=\"text-inner text-center\">\n                  \n              <\/div>\n           <\/div>\n                            \n<style>\n#text-box-2020804299 {\n  width: 60%;\n}\n#text-box-2020804299 .text-box-content {\n  font-size: 100%;\n}\n@media (min-width:550px) {\n  #text-box-2020804299 {\n    width: 60%;\n  }\n}\n<\/style>\n    <\/div>\n \n        <\/div>\n      <\/div>\n\n            \n<style>\n#banner-1218678852 {\n  padding-top: 99.99%;\n  background-color: rgb(255, 255, 255);\n}\n#banner-1218678852 .banner-bg img {\n  object-position: 48% 9%;\n}\n@media (min-width:550px) {\n  #banner-1218678852 {\n    padding-top: 400px;\n  }\n}\n@media (min-width:850px) {\n  #banner-1218678852 {\n    padding-top: 300px;\n  }\n}\n<\/style>\n  <\/div>\n\n\n\t\t<\/div>\n\t\t\t\t\t<\/div>\n\n\t\n\n\t<div id=\"col-305644795\" class=\"col medium-6 small-12 large-3\"  >\n\t\t\t\t<div class=\"col-inner\"  >\n\t\t\t\n\t\t\t\n\n  <div class=\"banner has-hover bg-zoom\" id=\"banner-1880838155\">\n          <div class=\"banner-inner fill\">\n        <div class=\"banner-bg fill\" >\n            <img loading=\"lazy\" decoding=\"async\" width=\"1920\" height=\"1097\" src=\"https:\/\/druidebio.com\/wp-content\/uploads\/2023\/08\/earth-love.jpg\" class=\"bg attachment-original size-original\" alt=\"\" \/>                                    \n                    <\/div>\n\t\t\n        <div class=\"banner-layers container\">\n            <div class=\"fill banner-link\"><\/div>            \n   <div id=\"text-box-401335857\" class=\"text-box banner-layer x50 md-x50 lg-x50 y50 md-y50 lg-y50 res-text\">\n                                <div class=\"text-box-content text dark\">\n              \n              <div class=\"text-inner text-center\">\n                  \n              <\/div>\n           <\/div>\n                            \n<style>\n#text-box-401335857 {\n  width: 60%;\n}\n#text-box-401335857 .text-box-content {\n  font-size: 100%;\n}\n@media (min-width:550px) {\n  #text-box-401335857 {\n    width: 60%;\n  }\n}\n<\/style>\n    <\/div>\n \n        <\/div>\n      <\/div>\n\n            \n<style>\n#banner-1880838155 {\n  padding-top: 99.99%;\n  background-color: rgb(255, 255, 255);\n}\n#banner-1880838155 .banner-bg img {\n  object-position: 72% 86%;\n}\n@media (min-width:550px) {\n  #banner-1880838155 {\n    padding-top: 400px;\n  }\n}\n@media (min-width:850px) {\n  #banner-1880838155 {\n    padding-top: 420px;\n  }\n}\n<\/style>\n  <\/div>\n\n\n\t\t<\/div>\n\t\t\t\t\t<\/div>\n\n\t\n\n\t<div id=\"col-1955950961\" class=\"col medium-12 small-12 large-6\"  >\n\t\t\t\t<div class=\"col-inner\"  >\n\t\t\t\n\t\t\t\n\t<div id=\"gap-961178624\" class=\"gap-element clearfix\" style=\"display:block; height:auto;\">\n\t\t\n<style>\n#gap-961178624 {\n  padding-top: 15px;\n}\n@media (min-width:850px) {\n  #gap-961178624 {\n    padding-top: 30px;\n  }\n}\n<\/style>\n\t<\/div>\n\t\n\t<div id=\"text-2965260011\" class=\"text\">\n\t\t\n<h3>Pour le bien de tous&#8230;<\/h3>\n\t\t\n<style>\n#text-2965260011 {\n  font-size: 1.5rem;\n}\n<\/style>\n\t<\/div>\n\t\n<p>Ensemble, nous nous engageons sur la voie de la responsabilit\u00e9 sociale, o\u00f9 chaque d\u00e9cision que nous prenons contribue au bien commun. La vision de Druide est de cr\u00e9er un impact positif qui va bien au-del\u00e0 des soins de la peau, en nourrissant une relation plus harmonieuse entre l\u2019humanit\u00e9 et la nature. Nous vous invitons \u00e0 nous rejoindre sur ce chemin de transformation et \u00e0 participer aux changements que nous souhaitons voir dans le monde.<\/p>\n\t\t<\/div>\n\t\t\t\t\n<style>\n#col-1955950961 > .col-inner {\n  padding: 0px 0px 0px 0;\n}\n@media (min-width:850px) {\n  #col-1955950961 > .col-inner {\n    padding: 0px 0px 0px 10%;\n  }\n}\n<\/style>\n\t<\/div>\n\n\t\n<\/div>\n\t\t<\/div>\n\n\t\t\n<style>\n#section_1387748829 {\n  padding-top: 30px;\n  padding-bottom: 30px;\n  background-color: rgb(244, 244, 244);\n}\n<\/style>\n\t<\/section>\n\t\n","protected":false},"excerpt":{"rendered":"","protected":false},"author":1,"featured_media":0,"parent":1981,"menu_order":0,"comment_status":"closed","ping_status":"closed","template":"page-blank.php","meta":{"footnotes":""},"class_list":["post-1990","page","type-page","status-publish","hentry"],"yoast_head":"<!-- This site is optimized with the Yoast SEO plugin v27.1.1 - https:\/\/yoast.com\/product\/yoast-seo-wordpress\/ -->\n<title>Responsabilit\u00e9 sociale | Laboratoires Druide\u00ae | Bio For Life<\/title>\n<meta name=\"description\" content=\"Notre engagement en mati\u00e8re de responsabilit\u00e9 sociale est profond\u00e9ment ancr\u00e9 dans notre ADN. Nous reconnaissons que nos actions d\u2019aujourd\u2019hui ont un impact sur le monde que nous laisserons aux g\u00e9n\u00e9rations futures.\" \/>\n<meta name=\"robots\" content=\"index, follow, max-snippet:-1, max-image-preview:large, max-video-preview:-1\" \/>\n<link rel=\"canonical\" href=\"https:\/\/druidebio.com\/fr\/univers-druide\/responsabilite-sociale\/\" \/>\n<meta property=\"og:locale\" content=\"fr_FR\" \/>\n<meta property=\"og:type\" content=\"article\" \/>\n<meta property=\"og:title\" content=\"Responsabilit\u00e9 sociale | Laboratoires Druide\u00ae | Bio For Life\" \/>\n<meta property=\"og:description\" content=\"Notre engagement en mati\u00e8re de responsabilit\u00e9 sociale est profond\u00e9ment ancr\u00e9 dans notre ADN. Nous reconnaissons que nos actions d\u2019aujourd\u2019hui ont un impact sur le monde que nous laisserons aux g\u00e9n\u00e9rations futures.\" \/>\n<meta property=\"og:url\" content=\"https:\/\/druidebio.com\/fr\/univers-druide\/responsabilite-sociale\/\" \/>\n<meta property=\"og:site_name\" content=\"Laboratoires Druide\u00ae | Bio For Life\" \/>\n<meta property=\"article:publisher\" content=\"https:\/\/www.facebook.com\/infodruide\" \/>\n<meta property=\"article:modified_time\" content=\"2023-11-20T20:51:07+00:00\" \/>\n<meta property=\"og:image\" content=\"https:\/\/druidebio.com\/wp-content\/uploads\/2023\/08\/newsletter.jpg\" \/>\n\t<meta property=\"og:image:width\" content=\"1900\" \/>\n\t<meta property=\"og:image:height\" content=\"1065\" \/>\n\t<meta property=\"og:image:type\" content=\"image\/jpeg\" \/>\n<meta name=\"twitter:card\" content=\"summary_large_image\" \/>\n<script type=\"application\/ld+json\" class=\"yoast-schema-graph\">{\"@context\":\"https:\/\/schema.org\",\"@graph\":[{\"@type\":\"WebPage\",\"@id\":\"https:\/\/druidebio.com\/fr\/univers-druide\/responsabilite-sociale\/\",\"url\":\"https:\/\/druidebio.com\/fr\/univers-druide\/responsabilite-sociale\/\",\"name\":\"Responsabilit\u00e9 sociale | Laboratoires Druide\u00ae | Bio For Life\",\"isPartOf\":{\"@id\":\"https:\/\/druidebio.com\/fr\/#website\"},\"datePublished\":\"2023-08-08T17:59:50+00:00\",\"dateModified\":\"2023-11-20T20:51:07+00:00\",\"description\":\"Notre engagement en mati\u00e8re de responsabilit\u00e9 sociale est profond\u00e9ment ancr\u00e9 dans notre ADN. Nous reconnaissons que nos actions d\u2019aujourd\u2019hui ont un impact sur le monde que nous laisserons aux g\u00e9n\u00e9rations futures.\",\"breadcrumb\":{\"@id\":\"https:\/\/druidebio.com\/fr\/univers-druide\/responsabilite-sociale\/#breadcrumb\"},\"inLanguage\":\"fr-FR\",\"potentialAction\":[{\"@type\":\"ReadAction\",\"target\":[\"https:\/\/druidebio.com\/fr\/univers-druide\/responsabilite-sociale\/\"]}]},{\"@type\":\"BreadcrumbList\",\"@id\":\"https:\/\/druidebio.com\/fr\/univers-druide\/responsabilite-sociale\/#breadcrumb\",\"itemListElement\":[{\"@type\":\"ListItem\",\"position\":1,\"name\":\"Home\",\"item\":\"https:\/\/druidebio.com\/fr\/\"},{\"@type\":\"ListItem\",\"position\":2,\"name\":\"L\u2019Univers Druide\",\"item\":\"https:\/\/druidebio.com\/fr\/univers-druide\/\"},{\"@type\":\"ListItem\",\"position\":3,\"name\":\"Responsabilit\u00e9 sociale\"}]},{\"@type\":\"WebSite\",\"@id\":\"https:\/\/druidebio.com\/fr\/#website\",\"url\":\"https:\/\/druidebio.com\/fr\/\",\"name\":\"Laboratoires Druide\u00ae | Bio For Life\",\"description\":\"Natural and Organic Products. ECOCERT\u00ae Certified.\",\"publisher\":{\"@id\":\"https:\/\/druidebio.com\/fr\/#organization\"},\"alternateName\":\"Druide\",\"potentialAction\":[{\"@type\":\"SearchAction\",\"target\":{\"@type\":\"EntryPoint\",\"urlTemplate\":\"https:\/\/druidebio.com\/fr\/?s={search_term_string}\"},\"query-input\":{\"@type\":\"PropertyValueSpecification\",\"valueRequired\":true,\"valueName\":\"search_term_string\"}}],\"inLanguage\":\"fr-FR\"},{\"@type\":\"Organization\",\"@id\":\"https:\/\/druidebio.com\/fr\/#organization\",\"name\":\"Druide\",\"alternateName\":\"Laboratoires Druide\",\"url\":\"https:\/\/druidebio.com\/fr\/\",\"logo\":{\"@type\":\"ImageObject\",\"inLanguage\":\"fr-FR\",\"@id\":\"https:\/\/druidebio.com\/fr\/#\/schema\/logo\/image\/\",\"url\":\"https:\/\/druidebio.com\/wp-content\/uploads\/2022\/08\/logo-fav.png\",\"contentUrl\":\"https:\/\/druidebio.com\/wp-content\/uploads\/2022\/08\/logo-fav.png\",\"width\":512,\"height\":512,\"caption\":\"Druide\"},\"image\":{\"@id\":\"https:\/\/druidebio.com\/fr\/#\/schema\/logo\/image\/\"},\"sameAs\":[\"https:\/\/www.facebook.com\/infodruide\",\"https:\/\/www.instagram.com\/druidebio\/\",\"https:\/\/www.pinterest.ca\/DruideBioCanada\/\",\"https:\/\/www.youtube.com\/user\/DRUIDECANADA\"]}]}<\/script>\n<!-- \/ Yoast SEO plugin. -->","yoast_head_json":{"title":"Responsabilit\u00e9 sociale | Laboratoires Druide\u00ae | Bio For Life","description":"Notre engagement en mati\u00e8re de responsabilit\u00e9 sociale est profond\u00e9ment ancr\u00e9 dans notre ADN. Nous reconnaissons que nos actions d\u2019aujourd\u2019hui ont un impact sur le monde que nous laisserons aux g\u00e9n\u00e9rations futures.","robots":{"index":"index","follow":"follow","max-snippet":"max-snippet:-1","max-image-preview":"max-image-preview:large","max-video-preview":"max-video-preview:-1"},"canonical":"https:\/\/druidebio.com\/fr\/univers-druide\/responsabilite-sociale\/","og_locale":"fr_FR","og_type":"article","og_title":"Responsabilit\u00e9 sociale | Laboratoires Druide\u00ae | Bio For Life","og_description":"Notre engagement en mati\u00e8re de responsabilit\u00e9 sociale est profond\u00e9ment ancr\u00e9 dans notre ADN. Nous reconnaissons que nos actions d\u2019aujourd\u2019hui ont un impact sur le monde que nous laisserons aux g\u00e9n\u00e9rations futures.","og_url":"https:\/\/druidebio.com\/fr\/univers-druide\/responsabilite-sociale\/","og_site_name":"Laboratoires Druide\u00ae | Bio For Life","article_publisher":"https:\/\/www.facebook.com\/infodruide","article_modified_time":"2023-11-20T20:51:07+00:00","og_image":[{"width":1900,"height":1065,"url":"https:\/\/druidebio.com\/wp-content\/uploads\/2023\/08\/newsletter.jpg","type":"image\/jpeg"}],"twitter_card":"summary_large_image","schema":{"@context":"https:\/\/schema.org","@graph":[{"@type":"WebPage","@id":"https:\/\/druidebio.com\/fr\/univers-druide\/responsabilite-sociale\/","url":"https:\/\/druidebio.com\/fr\/univers-druide\/responsabilite-sociale\/","name":"Responsabilit\u00e9 sociale | Laboratoires Druide\u00ae | Bio For Life","isPartOf":{"@id":"https:\/\/druidebio.com\/fr\/#website"},"datePublished":"2023-08-08T17:59:50+00:00","dateModified":"2023-11-20T20:51:07+00:00","description":"Notre engagement en mati\u00e8re de responsabilit\u00e9 sociale est profond\u00e9ment ancr\u00e9 dans notre ADN. Nous reconnaissons que nos actions d\u2019aujourd\u2019hui ont un impact sur le monde que nous laisserons aux g\u00e9n\u00e9rations futures.","breadcrumb":{"@id":"https:\/\/druidebio.com\/fr\/univers-druide\/responsabilite-sociale\/#breadcrumb"},"inLanguage":"fr-FR","potentialAction":[{"@type":"ReadAction","target":["https:\/\/druidebio.com\/fr\/univers-druide\/responsabilite-sociale\/"]}]},{"@type":"BreadcrumbList","@id":"https:\/\/druidebio.com\/fr\/univers-druide\/responsabilite-sociale\/#breadcrumb","itemListElement":[{"@type":"ListItem","position":1,"name":"Home","item":"https:\/\/druidebio.com\/fr\/"},{"@type":"ListItem","position":2,"name":"L\u2019Univers Druide","item":"https:\/\/druidebio.com\/fr\/univers-druide\/"},{"@type":"ListItem","position":3,"name":"Responsabilit\u00e9 sociale"}]},{"@type":"WebSite","@id":"https:\/\/druidebio.com\/fr\/#website","url":"https:\/\/druidebio.com\/fr\/","name":"Laboratoires Druide\u00ae | Bio For Life","description":"Natural and Organic Products. ECOCERT\u00ae Certified.","publisher":{"@id":"https:\/\/druidebio.com\/fr\/#organization"},"alternateName":"Druide","potentialAction":[{"@type":"SearchAction","target":{"@type":"EntryPoint","urlTemplate":"https:\/\/druidebio.com\/fr\/?s={search_term_string}"},"query-input":{"@type":"PropertyValueSpecification","valueRequired":true,"valueName":"search_term_string"}}],"inLanguage":"fr-FR"},{"@type":"Organization","@id":"https:\/\/druidebio.com\/fr\/#organization","name":"Druide","alternateName":"Laboratoires Druide","url":"https:\/\/druidebio.com\/fr\/","logo":{"@type":"ImageObject","inLanguage":"fr-FR","@id":"https:\/\/druidebio.com\/fr\/#\/schema\/logo\/image\/","url":"https:\/\/druidebio.com\/wp-content\/uploads\/2022\/08\/logo-fav.png","contentUrl":"https:\/\/druidebio.com\/wp-content\/uploads\/2022\/08\/logo-fav.png","width":512,"height":512,"caption":"Druide"},"image":{"@id":"https:\/\/druidebio.com\/fr\/#\/schema\/logo\/image\/"},"sameAs":["https:\/\/www.facebook.com\/infodruide","https:\/\/www.instagram.com\/druidebio\/","https:\/\/www.pinterest.ca\/DruideBioCanada\/","https:\/\/www.youtube.com\/user\/DRUIDECANADA"]}]}},"_links":{"self":[{"href":"https:\/\/druidebio.com\/fr\/wp-json\/wp\/v2\/pages\/1990","targetHints":{"allow":["GET"]}}],"collection":[{"href":"https:\/\/druidebio.com\/fr\/wp-json\/wp\/v2\/pages"}],"about":[{"href":"https:\/\/druidebio.com\/fr\/wp-json\/wp\/v2\/types\/page"}],"author":[{"embeddable":true,"href":"https:\/\/druidebio.com\/fr\/wp-json\/wp\/v2\/users\/1"}],"replies":[{"embeddable":true,"href":"https:\/\/druidebio.com\/fr\/wp-json\/wp\/v2\/comments?post=1990"}],"version-history":[{"count":0,"href":"https:\/\/druidebio.com\/fr\/wp-json\/wp\/v2\/pages\/1990\/revisions"}],"up":[{"embeddable":true,"href":"https:\/\/druidebio.com\/fr\/wp-json\/wp\/v2\/pages\/1981"}],"wp:attachment":[{"href":"https:\/\/druidebio.com\/fr\/wp-json\/wp\/v2\/media?parent=1990"}],"curies":[{"name":"wp","href":"https:\/\/api.w.org\/{rel}","templated":true}]}}