{"id":1989,"date":"2022-09-08T15:41:52","date_gmt":"2022-09-08T19:41:52","guid":{"rendered":"https:\/\/druide.wpengine.com\/notre-monde\/who-we-are\/"},"modified":"2024-01-03T12:20:35","modified_gmt":"2024-01-03T17:20:35","slug":"qui-sommes-nous","status":"publish","type":"page","link":"https:\/\/druidebio.com\/fr\/univers-druide\/qui-sommes-nous\/","title":{"rendered":"Qui sommes-nous"},"content":{"rendered":"<div class=\"row row-collapse row-full-width\"  id=\"row-237020351\">\n\n\t<div id=\"col-629592091\" class=\"col small-12 large-12\"  >\n\t\t\t\t<div class=\"col-inner\"  >\n\t\t\t\n\t\t\t\n\n\t<section class=\"section\" id=\"section_48206494\">\n\t\t<div class=\"section-bg fill\" >\n\t\t\t<img loading=\"lazy\" decoding=\"async\" width=\"1920\" height=\"768\" src=\"https:\/\/druidebio.com\/wp-content\/uploads\/2023\/08\/who-we-are.jpg\" class=\"bg attachment-original size-original\" alt=\"\" \/>\t\t\t\t\t\t<div class=\"section-bg-overlay absolute fill\"><\/div>\n\t\t\t\n\n\t\t<\/div>\n\n\t\t\n\n\t\t<div class=\"section-content relative\">\n\t\t\t\n<div class=\"row row-collapse align-center\" style=\"max-width:\" id=\"row-1574197814\">\n\n\t<div id=\"col-1739477436\" class=\"col medium-12 small-12 large-12\"  >\n\t\t\t\t<div class=\"col-inner text-center dark\"  >\n\t\t\t\n\t\t\t\n\t<div id=\"text-3716797130\" class=\"text\">\n\t\t\n<h1><span style=\"font-size: 250%;\">Notre histoire <\/span><\/h1>\n<h2>Druide &#8211; Une marque pionni\u00e8re dans le monde des soins corporels naturels depuis 1979.<\/h2>\n\t\t\n<style>\n#text-3716797130 {\n  font-size: 0.75rem;\n}\n<\/style>\n\t<\/div>\n\t\n\t\t<\/div>\n\t\t\t\t\n<style>\n#col-1739477436 > .col-inner {\n  padding: 100px 20px 100px 0px;\n}\n@media (min-width:550px) {\n  #col-1739477436 > .col-inner {\n    padding: 100px 0px 200px 0px;\n  }\n}\n<\/style>\n\t<\/div>\n\n\t\n<\/div>\n\t\t<\/div>\n\n\t\t\n<style>\n#section_48206494 {\n  padding-top: 0px;\n  padding-bottom: 0px;\n  min-height: 0px;\n}\n#section_48206494 .section-bg-overlay {\n  background-color: rgba(0, 0, 0, 0.12);\n}\n#section_48206494 .section-bg img {\n  object-position: 32% 100%;\n}\n@media (min-width:550px) {\n  #section_48206494 {\n    padding-top: 0px;\n    padding-bottom: 0px;\n  }\n  #section_48206494 .section-bg-overlay {\n    background-color: rgba(0, 0, 0, 0.21);\n  }\n}\n@media (min-width:850px) {\n  #section_48206494 {\n    padding-top: 100px;\n    padding-bottom: 100px;\n  }\n  #section_48206494 .section-bg-overlay {\n    background-color: rgba(0, 0, 0, 0.3);\n  }\n}\n<\/style>\n\t<\/section>\n\t\n\t\t<\/div>\n\t\t\t\t\t<\/div>\n\n\t\n<\/div>\n<div class=\"row row-large\" style=\"max-width:1400px\" id=\"row-59989329\">\n\n\t<div id=\"col-159471972\" class=\"col small-12 large-12\"  >\n\t\t\t\t<div class=\"col-inner\" style=\"background-color:rgb(255, 255, 255);\" >\n\t\t\t\n\t\t\t\n<div class=\"row row-large align-middle align-center\" style=\"max-width:1400px\" id=\"row-1920036329\">\n\n\t<div id=\"col-1493110057\" class=\"col medium-12 small-12 large-6\"  >\n\t\t\t\t<div class=\"col-inner text-left\"  >\n\t\t\t\n\t\t\t\n<h3><span style=\"font-size: 150%;\">Une marques engag\u00e9e<\/span><\/h3>\n<p>Bienvenue chez les Laboratoires Druide, une marque pionni\u00e8re dans le monde des soins corporels naturels. Notre parcours a commenc\u00e9 au Qu\u00e9bec, o\u00f9 nous nous sommes \u00e9tablis comme le plus grand fabricant en Am\u00e9rique du Nord de produits de soins corporels certifi\u00e9s biologiques, portant fi\u00e8rement le sceau d\u2019approbation ECOCERT<sup>\u00ae\ufe0f<\/sup> Greenlife. Cette reconnaissance t\u00e9moigne de notre engagement ind\u00e9fectible \u00e0 respecter les normes de fabrication \u00e9co-responsables les plus exigeantes.<\/p>\n\t\t<\/div>\n\t\t\t\t\n<style>\n#col-1493110057 > .col-inner {\n  padding: 0px 0px 0px 0px;\n}\n@media (min-width:850px) {\n  #col-1493110057 > .col-inner {\n    padding: 0px 50px 0px 50px;\n  }\n}\n<\/style>\n\t<\/div>\n\n\t\n\n\t<div id=\"col-46169103\" class=\"col medium-12 small-12 large-6 medium-col-first\"  >\n\t\t\t\t<div class=\"col-inner\"  >\n\t\t\t\n\t\t\t\n\n  <div class=\"banner has-hover\" id=\"banner-827685840\">\n          <div class=\"banner-inner fill\">\n        <div class=\"banner-bg fill\" >\n            <img loading=\"lazy\" decoding=\"async\" width=\"1200\" height=\"1200\" src=\"https:\/\/druidebio.com\/wp-content\/uploads\/2023\/08\/23-7flat.jpg\" class=\"bg attachment-original size-original\" alt=\"\" \/>                                    \n                    <\/div>\n\t\t\n        <div class=\"banner-layers container\">\n            <div class=\"fill banner-link\"><\/div>            \n   <div id=\"text-box-1146111589\" class=\"text-box banner-layer x50 md-x50 lg-x50 y50 md-y50 lg-y50 res-text\">\n                                <div class=\"text-box-content text dark\">\n              \n              <div class=\"text-inner text-center\">\n                  \n              <\/div>\n           <\/div>\n                            \n<style>\n#text-box-1146111589 {\n  width: 60%;\n}\n#text-box-1146111589 .text-box-content {\n  font-size: 100%;\n}\n@media (min-width:550px) {\n  #text-box-1146111589 {\n    width: 60%;\n  }\n}\n<\/style>\n    <\/div>\n \n        <\/div>\n      <\/div>\n\n            \n<style>\n#banner-827685840 {\n  padding-top: 300px;\n}\n#banner-827685840 .banner-bg img {\n  object-position: 50% 50%;\n}\n@media (min-width:850px) {\n  #banner-827685840 {\n    padding-top: 70%;\n  }\n}\n<\/style>\n  <\/div>\n\n\n\t\t<\/div>\n\t\t\t\t\t<\/div>\n\n\t\n<\/div>\n<div class=\"row row-large align-middle align-center\" style=\"max-width:1400px\" id=\"row-542902941\">\n\n\t<div id=\"col-535590922\" class=\"col medium-12 small-12 large-6\"  >\n\t\t\t\t<div class=\"col-inner\"  >\n\t\t\t\n\t\t\t\n\n  <div class=\"banner has-hover\" id=\"banner-630326663\">\n          <div class=\"banner-inner fill\">\n        <div class=\"banner-bg fill\" >\n            <img loading=\"lazy\" decoding=\"async\" width=\"1300\" height=\"1080\" src=\"https:\/\/druidebio.com\/wp-content\/uploads\/2023\/08\/manon-amir.jpg\" class=\"bg attachment-original size-original\" alt=\"\" \/>                                    \n                    <\/div>\n\t\t\n        <div class=\"banner-layers container\">\n            <div class=\"fill banner-link\"><\/div>            \n   <div id=\"text-box-913136705\" class=\"text-box banner-layer x50 md-x50 lg-x50 y50 md-y50 lg-y50 res-text\">\n                                <div class=\"text-box-content text dark\">\n              \n              <div class=\"text-inner text-center\">\n                  \n              <\/div>\n           <\/div>\n                            \n<style>\n#text-box-913136705 {\n  width: 60%;\n}\n#text-box-913136705 .text-box-content {\n  font-size: 100%;\n}\n@media (min-width:550px) {\n  #text-box-913136705 {\n    width: 60%;\n  }\n}\n<\/style>\n    <\/div>\n \n        <\/div>\n      <\/div>\n\n            \n<style>\n#banner-630326663 {\n  padding-top: 300px;\n}\n#banner-630326663 .banner-bg img {\n  object-position: 53% 40%;\n}\n@media (min-width:850px) {\n  #banner-630326663 {\n    padding-top: 70%;\n  }\n}\n<\/style>\n  <\/div>\n\n\n\t\t<\/div>\n\t\t\t\t\t<\/div>\n\n\t\n\n\t<div id=\"col-1432411604\" class=\"col medium-12 small-12 large-6\"  >\n\t\t\t\t<div class=\"col-inner text-left\"  >\n\t\t\t\n\t\t\t\n<h3><span style=\"font-size: 160%;\">Une nouvelle \u00e8re&#8230;<\/span><\/h3>\n<p>Dans nos laboratoires, l\u2019innovation et le d\u00e9veloppement sont les forces motrices qui guident notre chemin. Un moment d\u00e9cisif de notre histoire s\u2019est produit en 2017 lorsque le groupe Derme&amp;Co. a acquis la marque Druide, offrant ainsi une nouvelle \u00e8re de croissance et de possibilit\u00e9s. Sous le leadership visionnaire de Manon Pilon et de Amir Hussein, tous deux dot\u00e9s d\u2019une vaste exp\u00e9rience dans le domaine de l\u2019esth\u00e9tique m\u00e9dicale et des Spas internationaux, notre ambition n\u2019a de cesse de faire grandir Druide\u00ae\ufe0f \u00e0 travers le monde.<\/p>\n\t\t<\/div>\n\t\t\t\t\n<style>\n#col-1432411604 > .col-inner {\n  padding: 0px 0px 0px 0px;\n}\n@media (min-width:850px) {\n  #col-1432411604 > .col-inner {\n    padding: 0px 50px 0px 50px;\n  }\n}\n<\/style>\n\t<\/div>\n\n\t\n<\/div>\n<div class=\"row row-large align-middle align-center\" style=\"max-width:1400px\" id=\"row-1679812394\">\n\n\t<div id=\"col-879159788\" class=\"col medium-12 small-12 large-6\"  >\n\t\t\t\t<div class=\"col-inner text-left\"  >\n\t\t\t\n\t\t\t\n<h3><span style=\"font-size: 150%;\">L\u2019exp\u00e9rience et le savoir-faire<\/span><\/h3>\n<p>Notre \u00e9quipe est constitu\u00e9e d\u2019un m\u00e9lange diversifi\u00e9 de talents : chimistes, ma\u00eetres de Recherche, dermatologues, pharmaciens, techniciens de laboratoire et esth\u00e9ticiennes. Tous des expertises alimentent collectivement notre d\u00e9veloppement et nous permettent de cr\u00e9er des produits toujours aussi singuliers et exceptionnels.<\/p>\n<p>Cette \u00e9volution permanente permet aux Laboratoires Druide de proposer des collections uniques, innovantes et efficaces qui r\u00e9pondent aux besoins de toute la famille. Parmi nos derni\u00e8res cr\u00e9ations, <strong>Druide BioLove<\/strong> t\u00e9moigne de notre volont\u00e9 d\u2019offrir une exp\u00e9rience sensorielle sans compromis sur la sant\u00e9 et l\u2019environnement.<\/p>\n\t\t<\/div>\n\t\t\t\t\n<style>\n#col-879159788 > .col-inner {\n  padding: 0px 0px 0px 0px;\n}\n@media (min-width:850px) {\n  #col-879159788 > .col-inner {\n    padding: 0px 50px 0px 50px;\n  }\n}\n<\/style>\n\t<\/div>\n\n\t\n\n\t<div id=\"col-1835821090\" class=\"col medium-12 small-12 large-6 medium-col-first\"  >\n\t\t\t\t<div class=\"col-inner\"  >\n\t\t\t\n\t\t\t\n\n  <div class=\"banner has-hover\" id=\"banner-2078561005\">\n          <div class=\"banner-inner fill\">\n        <div class=\"banner-bg fill\" >\n            <img loading=\"lazy\" decoding=\"async\" width=\"1200\" height=\"1200\" src=\"https:\/\/druidebio.com\/wp-content\/uploads\/2023\/08\/lab-assembly.jpg\" class=\"bg attachment-original size-original\" alt=\"\" \/>                                    \n                    <\/div>\n\t\t\n        <div class=\"banner-layers container\">\n            <div class=\"fill banner-link\"><\/div>            \n   <div id=\"text-box-468549035\" class=\"text-box banner-layer x50 md-x50 lg-x50 y50 md-y50 lg-y50 res-text\">\n                                <div class=\"text-box-content text dark\">\n              \n              <div class=\"text-inner text-center\">\n                  \n              <\/div>\n           <\/div>\n                            \n<style>\n#text-box-468549035 {\n  width: 60%;\n}\n#text-box-468549035 .text-box-content {\n  font-size: 100%;\n}\n@media (min-width:550px) {\n  #text-box-468549035 {\n    width: 60%;\n  }\n}\n<\/style>\n    <\/div>\n \n        <\/div>\n      <\/div>\n\n            \n<style>\n#banner-2078561005 {\n  padding-top: 300px;\n}\n#banner-2078561005 .banner-bg img {\n  object-position: 0% 100%;\n}\n@media (min-width:850px) {\n  #banner-2078561005 {\n    padding-top: 70%;\n  }\n}\n<\/style>\n  <\/div>\n\n\n\t\t<\/div>\n\t\t\t\t\t<\/div>\n\n\t\n<\/div>\n\t\t<\/div>\n\t\t\t\t\n<style>\n#col-159471972 > .col-inner {\n  padding: 50px 20px 0px 20px;\n  margin: -0 0px 0px 0px;\n}\n@media (min-width:550px) {\n  #col-159471972 > .col-inner {\n    padding: 50px 20px 30px 20px;\n    margin: 0 0px 0px 0px;\n  }\n}\n@media (min-width:850px) {\n  #col-159471972 > .col-inner {\n    padding: 66px 5% 16px 5%;\n    margin: -135px 0px 0px 0px;\n  }\n}\n<\/style>\n\t<\/div>\n\n\t\n<\/div>\n\n\t<section class=\"section dark has-parallax\" id=\"section_1855688990\">\n\t\t<div class=\"section-bg fill\" data-parallax-container=\".section\" data-parallax-background data-parallax=\"-3\">\n\t\t\t<img loading=\"lazy\" decoding=\"async\" width=\"1920\" height=\"1097\" src=\"https:\/\/druidebio.com\/wp-content\/uploads\/2023\/08\/earth-love.jpg\" class=\"bg attachment-original size-original\" alt=\"\" \/>\t\t\t\t\t\t<div class=\"section-bg-overlay absolute fill\"><\/div>\n\t\t\t\n\n\t\t<\/div>\n\n\t\t\n\n\t\t<div class=\"section-content relative\">\n\t\t\t\n<div class=\"row\"  id=\"row-1788196563\">\n\n\t<div id=\"col-1121072425\" class=\"col small-12 large-12\"  >\n\t\t\t\t<div class=\"col-inner\"  >\n\t\t\t\n\t\t\t\n\t<div id=\"gap-931598982\" class=\"gap-element clearfix\" style=\"display:block; height:auto;\">\n\t\t\n<style>\n#gap-931598982 {\n  padding-top: 30px;\n}\n<\/style>\n\t<\/div>\n\t\n\t<div id=\"stack-3252445009\" class=\"stack stack-row justify-between items-stretch\">\n\t\t\n\t<div id=\"text-2440292528\" class=\"text\">\n\t\t\n<h3><span style=\"font-size: 150%;\">\u00c9co-responsable<\/span><\/h3>\n\t\t\n<style>\n#text-2440292528 {\n  line-height: 0.75;\n}\n<\/style>\n\t<\/div>\n\t\n\t\t\n<style>\n#stack-3252445009 > * {\n  --stack-gap: 0rem;\n}\n<\/style>\n\t<\/div>\n\t\n\t\t<\/div>\n\t\t\t\t\t<\/div>\n\n\t\n<\/div>\n<div class=\"row row-large\"  id=\"row-1807896022\">\n\n\t<div id=\"col-1323558490\" class=\"col medium-6 small-12 large-6\"  >\n\t\t\t\t<div class=\"col-inner\"  >\n\t\t\t\n\t\t\t\n<p>L&rsquo;\u00e9co-responsabilit\u00e9 est au c\u0153ur de notre identit\u00e9. En s&rsquo;approvisionnant en mati\u00e8res premi\u00e8res de mani\u00e8re responsable, en adoptant des m\u00e9thodes de transport respectueuses de l&rsquo;environnement et en utilisant des mat\u00e9riaux recycl\u00e9s et recyclables dans nos emballages, les Laboratoires Druide ont fait des progr\u00e8s significatifs dans la r\u00e9duction de leur empreinte \u00e9cologique.<\/p>\n<p>Avec plus de 172 produits certifi\u00e9s par l&rsquo;organisme international r\u00e9put\u00e9 ECOCERT<sup>\u00ae\ufe0f<\/sup> , nous d\u00e9passons constamment les normes rigoureuses de l&rsquo;industrie cosm\u00e9tique. Notre engagement en faveur de la qualit\u00e9 est encore soulign\u00e9 par notre certification en mati\u00e8re de bonnes pratiques de fabrication (BPF) et par l&rsquo;approbation de Sant\u00e9 Canada.<\/p>\n\t\t<\/div>\n\t\t\t\t\t<\/div>\n\n\t\n\n\t<div id=\"col-816602384\" class=\"col medium-6 small-12 large-6\"  >\n\t\t\t\t<div class=\"col-inner\"  >\n\t\t\t\n\t\t\t\n<p>Les Laboratoires Druide ne sont pas seulement une marque ; c&rsquo;est un t\u00e9moignage de notre engagement en faveur de l&rsquo;innovation, de la qualit\u00e9 et de l&rsquo;\u00e9co-responsabilit\u00e9.<\/p>\n<p class=\"lead\"><strong>Rejoignez-nous dans notre voyage vers une approche meilleure et plus consciente des soins personnels.<\/strong><\/p>\n\t\t<\/div>\n\t\t\t\t\t<\/div>\n\n\t\n<\/div>\n\t\t<\/div>\n\n\t\t\n<style>\n#section_1855688990 {\n  padding-top: 50px;\n  padding-bottom: 50px;\n}\n#section_1855688990 .section-bg-overlay {\n  background-color: rgba(0,0,0,.5);\n}\n#section_1855688990 .section-bg img {\n  object-position: 0% 50%;\n}\n@media (min-width:850px) {\n  #section_1855688990 {\n    padding-top: 50px;\n    padding-bottom: 50px;\n  }\n}\n<\/style>\n\t<\/section>\n\t\n","protected":false},"excerpt":{"rendered":"","protected":false},"author":1,"featured_media":0,"parent":1981,"menu_order":0,"comment_status":"closed","ping_status":"closed","template":"page-blank.php","meta":{"footnotes":""},"class_list":["post-1989","page","type-page","status-publish","hentry"],"yoast_head":"<!-- This site is optimized with the Yoast SEO plugin v27.1.1 - https:\/\/yoast.com\/product\/yoast-seo-wordpress\/ -->\n<title>Qui sommes-nous | Laboratoires Druide\u00ae | Bio For Life<\/title>\n<meta name=\"description\" content=\"Depuis 1979, Druide est une force pionni\u00e8re dans le monde des cosm\u00e9tiques biologiques et naturels pour le corps, le visage et les cheveux.\" \/>\n<meta name=\"robots\" content=\"index, follow, max-snippet:-1, max-image-preview:large, max-video-preview:-1\" \/>\n<link rel=\"canonical\" href=\"https:\/\/druidebio.com\/fr\/univers-druide\/qui-sommes-nous\/\" \/>\n<meta property=\"og:locale\" content=\"fr_FR\" \/>\n<meta property=\"og:type\" content=\"article\" \/>\n<meta property=\"og:title\" content=\"Qui sommes-nous | Laboratoires Druide\u00ae | Bio For Life\" \/>\n<meta property=\"og:description\" content=\"Depuis 1979, Druide est une force pionni\u00e8re dans le monde des cosm\u00e9tiques biologiques et naturels pour le corps, le visage et les cheveux.\" \/>\n<meta property=\"og:url\" content=\"https:\/\/druidebio.com\/fr\/univers-druide\/qui-sommes-nous\/\" \/>\n<meta property=\"og:site_name\" content=\"Laboratoires Druide\u00ae | Bio For Life\" \/>\n<meta property=\"article:publisher\" content=\"https:\/\/www.facebook.com\/infodruide\" \/>\n<meta property=\"article:modified_time\" content=\"2024-01-03T17:20:35+00:00\" \/>\n<meta property=\"og:image\" content=\"https:\/\/druidebio.com\/wp-content\/uploads\/2023\/08\/newsletter.jpg\" \/>\n\t<meta property=\"og:image:width\" content=\"1900\" \/>\n\t<meta property=\"og:image:height\" content=\"1065\" \/>\n\t<meta property=\"og:image:type\" content=\"image\/jpeg\" \/>\n<meta name=\"twitter:card\" content=\"summary_large_image\" \/>\n<script type=\"application\/ld+json\" class=\"yoast-schema-graph\">{\"@context\":\"https:\/\/schema.org\",\"@graph\":[{\"@type\":\"WebPage\",\"@id\":\"https:\/\/druidebio.com\/fr\/univers-druide\/qui-sommes-nous\/\",\"url\":\"https:\/\/druidebio.com\/fr\/univers-druide\/qui-sommes-nous\/\",\"name\":\"Qui sommes-nous | Laboratoires Druide\u00ae | Bio For Life\",\"isPartOf\":{\"@id\":\"https:\/\/druidebio.com\/fr\/#website\"},\"datePublished\":\"2022-09-08T19:41:52+00:00\",\"dateModified\":\"2024-01-03T17:20:35+00:00\",\"description\":\"Depuis 1979, Druide est une force pionni\u00e8re dans le monde des cosm\u00e9tiques biologiques et naturels pour le corps, le visage et les cheveux.\",\"breadcrumb\":{\"@id\":\"https:\/\/druidebio.com\/fr\/univers-druide\/qui-sommes-nous\/#breadcrumb\"},\"inLanguage\":\"fr-FR\",\"potentialAction\":[{\"@type\":\"ReadAction\",\"target\":[\"https:\/\/druidebio.com\/fr\/univers-druide\/qui-sommes-nous\/\"]}]},{\"@type\":\"BreadcrumbList\",\"@id\":\"https:\/\/druidebio.com\/fr\/univers-druide\/qui-sommes-nous\/#breadcrumb\",\"itemListElement\":[{\"@type\":\"ListItem\",\"position\":1,\"name\":\"Home\",\"item\":\"https:\/\/druidebio.com\/fr\/\"},{\"@type\":\"ListItem\",\"position\":2,\"name\":\"L\u2019Univers Druide\",\"item\":\"https:\/\/druidebio.com\/fr\/univers-druide\/\"},{\"@type\":\"ListItem\",\"position\":3,\"name\":\"Qui sommes-nous\"}]},{\"@type\":\"WebSite\",\"@id\":\"https:\/\/druidebio.com\/fr\/#website\",\"url\":\"https:\/\/druidebio.com\/fr\/\",\"name\":\"Laboratoires Druide\u00ae | Bio For Life\",\"description\":\"Natural and Organic Products. ECOCERT\u00ae Certified.\",\"publisher\":{\"@id\":\"https:\/\/druidebio.com\/fr\/#organization\"},\"alternateName\":\"Druide\",\"potentialAction\":[{\"@type\":\"SearchAction\",\"target\":{\"@type\":\"EntryPoint\",\"urlTemplate\":\"https:\/\/druidebio.com\/fr\/?s={search_term_string}\"},\"query-input\":{\"@type\":\"PropertyValueSpecification\",\"valueRequired\":true,\"valueName\":\"search_term_string\"}}],\"inLanguage\":\"fr-FR\"},{\"@type\":\"Organization\",\"@id\":\"https:\/\/druidebio.com\/fr\/#organization\",\"name\":\"Druide\",\"alternateName\":\"Laboratoires Druide\",\"url\":\"https:\/\/druidebio.com\/fr\/\",\"logo\":{\"@type\":\"ImageObject\",\"inLanguage\":\"fr-FR\",\"@id\":\"https:\/\/druidebio.com\/fr\/#\/schema\/logo\/image\/\",\"url\":\"https:\/\/druidebio.com\/wp-content\/uploads\/2022\/08\/logo-fav.png\",\"contentUrl\":\"https:\/\/druidebio.com\/wp-content\/uploads\/2022\/08\/logo-fav.png\",\"width\":512,\"height\":512,\"caption\":\"Druide\"},\"image\":{\"@id\":\"https:\/\/druidebio.com\/fr\/#\/schema\/logo\/image\/\"},\"sameAs\":[\"https:\/\/www.facebook.com\/infodruide\",\"https:\/\/www.instagram.com\/druidebio\/\",\"https:\/\/www.pinterest.ca\/DruideBioCanada\/\",\"https:\/\/www.youtube.com\/user\/DRUIDECANADA\"]}]}<\/script>\n<!-- \/ Yoast SEO plugin. -->","yoast_head_json":{"title":"Qui sommes-nous | Laboratoires Druide\u00ae | Bio For Life","description":"Depuis 1979, Druide est une force pionni\u00e8re dans le monde des cosm\u00e9tiques biologiques et naturels pour le corps, le visage et les cheveux.","robots":{"index":"index","follow":"follow","max-snippet":"max-snippet:-1","max-image-preview":"max-image-preview:large","max-video-preview":"max-video-preview:-1"},"canonical":"https:\/\/druidebio.com\/fr\/univers-druide\/qui-sommes-nous\/","og_locale":"fr_FR","og_type":"article","og_title":"Qui sommes-nous | Laboratoires Druide\u00ae | Bio For Life","og_description":"Depuis 1979, Druide est une force pionni\u00e8re dans le monde des cosm\u00e9tiques biologiques et naturels pour le corps, le visage et les cheveux.","og_url":"https:\/\/druidebio.com\/fr\/univers-druide\/qui-sommes-nous\/","og_site_name":"Laboratoires Druide\u00ae | Bio For Life","article_publisher":"https:\/\/www.facebook.com\/infodruide","article_modified_time":"2024-01-03T17:20:35+00:00","og_image":[{"width":1900,"height":1065,"url":"https:\/\/druidebio.com\/wp-content\/uploads\/2023\/08\/newsletter.jpg","type":"image\/jpeg"}],"twitter_card":"summary_large_image","schema":{"@context":"https:\/\/schema.org","@graph":[{"@type":"WebPage","@id":"https:\/\/druidebio.com\/fr\/univers-druide\/qui-sommes-nous\/","url":"https:\/\/druidebio.com\/fr\/univers-druide\/qui-sommes-nous\/","name":"Qui sommes-nous | Laboratoires Druide\u00ae | Bio For Life","isPartOf":{"@id":"https:\/\/druidebio.com\/fr\/#website"},"datePublished":"2022-09-08T19:41:52+00:00","dateModified":"2024-01-03T17:20:35+00:00","description":"Depuis 1979, Druide est une force pionni\u00e8re dans le monde des cosm\u00e9tiques biologiques et naturels pour le corps, le visage et les cheveux.","breadcrumb":{"@id":"https:\/\/druidebio.com\/fr\/univers-druide\/qui-sommes-nous\/#breadcrumb"},"inLanguage":"fr-FR","potentialAction":[{"@type":"ReadAction","target":["https:\/\/druidebio.com\/fr\/univers-druide\/qui-sommes-nous\/"]}]},{"@type":"BreadcrumbList","@id":"https:\/\/druidebio.com\/fr\/univers-druide\/qui-sommes-nous\/#breadcrumb","itemListElement":[{"@type":"ListItem","position":1,"name":"Home","item":"https:\/\/druidebio.com\/fr\/"},{"@type":"ListItem","position":2,"name":"L\u2019Univers Druide","item":"https:\/\/druidebio.com\/fr\/univers-druide\/"},{"@type":"ListItem","position":3,"name":"Qui sommes-nous"}]},{"@type":"WebSite","@id":"https:\/\/druidebio.com\/fr\/#website","url":"https:\/\/druidebio.com\/fr\/","name":"Laboratoires Druide\u00ae | Bio For Life","description":"Natural and Organic Products. ECOCERT\u00ae Certified.","publisher":{"@id":"https:\/\/druidebio.com\/fr\/#organization"},"alternateName":"Druide","potentialAction":[{"@type":"SearchAction","target":{"@type":"EntryPoint","urlTemplate":"https:\/\/druidebio.com\/fr\/?s={search_term_string}"},"query-input":{"@type":"PropertyValueSpecification","valueRequired":true,"valueName":"search_term_string"}}],"inLanguage":"fr-FR"},{"@type":"Organization","@id":"https:\/\/druidebio.com\/fr\/#organization","name":"Druide","alternateName":"Laboratoires Druide","url":"https:\/\/druidebio.com\/fr\/","logo":{"@type":"ImageObject","inLanguage":"fr-FR","@id":"https:\/\/druidebio.com\/fr\/#\/schema\/logo\/image\/","url":"https:\/\/druidebio.com\/wp-content\/uploads\/2022\/08\/logo-fav.png","contentUrl":"https:\/\/druidebio.com\/wp-content\/uploads\/2022\/08\/logo-fav.png","width":512,"height":512,"caption":"Druide"},"image":{"@id":"https:\/\/druidebio.com\/fr\/#\/schema\/logo\/image\/"},"sameAs":["https:\/\/www.facebook.com\/infodruide","https:\/\/www.instagram.com\/druidebio\/","https:\/\/www.pinterest.ca\/DruideBioCanada\/","https:\/\/www.youtube.com\/user\/DRUIDECANADA"]}]}},"_links":{"self":[{"href":"https:\/\/druidebio.com\/fr\/wp-json\/wp\/v2\/pages\/1989","targetHints":{"allow":["GET"]}}],"collection":[{"href":"https:\/\/druidebio.com\/fr\/wp-json\/wp\/v2\/pages"}],"about":[{"href":"https:\/\/druidebio.com\/fr\/wp-json\/wp\/v2\/types\/page"}],"author":[{"embeddable":true,"href":"https:\/\/druidebio.com\/fr\/wp-json\/wp\/v2\/users\/1"}],"replies":[{"embeddable":true,"href":"https:\/\/druidebio.com\/fr\/wp-json\/wp\/v2\/comments?post=1989"}],"version-history":[{"count":0,"href":"https:\/\/druidebio.com\/fr\/wp-json\/wp\/v2\/pages\/1989\/revisions"}],"up":[{"embeddable":true,"href":"https:\/\/druidebio.com\/fr\/wp-json\/wp\/v2\/pages\/1981"}],"wp:attachment":[{"href":"https:\/\/druidebio.com\/fr\/wp-json\/wp\/v2\/media?parent=1989"}],"curies":[{"name":"wp","href":"https:\/\/api.w.org\/{rel}","templated":true}]}}